{"id":1347,"date":"2024-01-03T13:05:23","date_gmt":"2024-01-03T12:05:23","guid":{"rendered":"https:\/\/bertrand.pl\/?page_id=1347"},"modified":"2026-01-27T13:20:22","modified_gmt":"2026-01-27T12:20:22","slug":"kataloge","status":"publish","type":"page","link":"https:\/\/bertrand.pl\/de\/katalogi\/","title":{"rendered":"Kataloge"},"content":{"rendered":"<div data-elementor-type=\"wp-page\" data-elementor-id=\"1347\" class=\"elementor elementor-1347\" data-elementor-post-type=\"page\">\n\t\t\t\t<div class=\"elementor-element elementor-element-bb0cdec e-flex e-con-boxed e-con e-parent\" data-id=\"bb0cdec\" data-element_type=\"container\" data-e-type=\"container\" data-settings=\"{&quot;background_background&quot;:&quot;classic&quot;}\">\n\t\t\t\t\t<div class=\"e-con-inner\">\n\t\t\t\t<div class=\"elementor-element elementor-element-44789a3 elementor-widget elementor-widget-heading\" data-id=\"44789a3\" data-element_type=\"widget\" data-e-type=\"widget\" data-widget_type=\"heading.default\">\n\t\t\t\t<div class=\"elementor-widget-container\">\n\t\t\t\t\t<h1 class=\"elementor-heading-title elementor-size-default\"><span class=\"color\">Kataloge<\/span> \u00b7 Prospekte \u00b7 Brosch\u00fcren<\/h1>\t\t\t\t<\/div>\n\t\t\t\t<\/div>\n\t\t\t\t<div class=\"elementor-element elementor-element-63b9cd3 elementor-widget elementor-widget-text-editor\" data-id=\"63b9cd3\" data-element_type=\"widget\" data-e-type=\"widget\" data-widget_type=\"text-editor.default\">\n\t\t\t\t<div class=\"elementor-widget-container\">\n\t\t\t\t\t\t\t\t\t<p>Mit Blick auf Ihren Komfort und Ihre volle Zufriedenheit haben wir vorbereitet <strong>Kataloge<\/strong>, <strong>broszury<\/strong> Und <strong>brosch\u00fcren<\/strong>die unser umfangreiches Produktangebot detailliert und \u00fcbersichtlich pr\u00e4sentieren. Dank dieser Materialien k\u00f6nnen Sie sich nicht nur einfach mit der Vielfalt der in unserem Angebot verf\u00fcgbaren L\u00f6sungen vertraut machen, sondern auch Produkte finden, die ideal auf Ihre individuellen Bed\u00fcrfnisse i Erwartungen abgestimmt sind.<\/p><p>Um Ihnen die Auswahl zus\u00e4tzlich zu erleichtern, enthalten unsere Informationsmaterialien nicht nur detaillierte technische Beschreibungen, sondern auch praktische Tipps und Ratschl\u00e4ge.\nDadurch wird der Auswahlprozess nicht nur einfacher, sondern auch intuitiver. Die darin enthaltenen Informationen werden Ihnen sicherlich helfen, die beste Entscheidung zu treffen und somit L\u00f6sungen zu w\u00e4hlen, die perfekt auf Ihre Anforderungen zugeschnitten sind.<\/p><p>Dar\u00fcber hinaus laden wir Sie herzlich ein, sich ausf\u00fchrlich mit unserem Angebot vertraut zu machen, das sowohl online als auch in den von uns vorbereiteten Informationsmaterialien verf\u00fcgbar ist.\nWichtig ist, dass wir Ihnen f\u00fcr Ihren Komfort auch die M\u00f6glichkeit bieten, Kontakt mit unserem Team aufzunehmen, das Ihnen zweifellos gerne zus\u00e4tzliche Informationen gibt, Fragen beantwortet und dabei hilft, einen Katalog zu bestellen, der genau auf Ihre individuellen Bed\u00fcrfnisse zugeschnitten ist.\nDas Ergebnis ist ein Prozess, der nicht nur komfortabel ist, sondern auch Ihre wertvolle Zeit spart.<\/p>\t\t\t\t\t\t\t\t<\/div>\n\t\t\t\t<\/div>\n\t\t\t\t\t<\/div>\n\t\t\t\t<\/div>\n\t\t<div class=\"elementor-element elementor-element-54aec48 e-flex e-con-boxed e-con e-parent\" data-id=\"54aec48\" data-element_type=\"container\" data-e-type=\"container\" data-settings=\"{&quot;background_background&quot;:&quot;classic&quot;}\" data-no-translation=\"\">\n\t\t\t\t\t<div class=\"e-con-inner\">\n\t\t\t\t<div class=\"elementor-element elementor-element-2381d55 elementor-widget__width-inherit elementor-widget elementor-widget-jet-listing-dynamic-repeater\" data-id=\"2381d55\" data-element_type=\"widget\" data-e-type=\"widget\" data-widget_type=\"jet-listing-dynamic-repeater.default\">\n\t\t\t\t<div class=\"elementor-widget-container\">\n\t\t\t\t\t<div class=\"jet-listing jet-listing-dynamic-repeater\"><div class=\"jet-listing-dynamic-repeater__items\"><div class=\"jet-listing-dynamic-repeater__item\"><img decoding=\"async\" class=\"catalog-img\" src=\"https:\/\/bertrand.pl\/wp-content\/uploads\/2025\/09\/Zrzut-ekranu-2025-09-10-083039.png\">\n<h3 class=\"catalog-title\">Produkt-Katalog 2025<\/h3>\n<a class=\"catalog-link\" href=\"https:\/\/bertrand.pl\/wp-content\/uploads\/2025\/09\/bb_katalog_2025_09_DE.pdf\" target=\"_blank\"><i class=\"fa fa-download\"><\/i> Katalog herunterladen<\/a><\/div><div class=\"jet-listing-dynamic-repeater__item\"><img decoding=\"async\" class=\"catalog-img\" src=\"https:\/\/bertrand.pl\/wp-content\/uploads\/2025\/12\/Zrzut-ekranu-2025-12-11-102801.png\">\n<h3 class=\"catalog-title\">Holz-Innent\u00fcren<\/h3>\n<a class=\"catalog-link\" href=\"https:\/\/bertrand.pl\/wp-content\/uploads\/2025\/12\/bertrand_drzwI_2025_06_DE_v3.pdf\" target=\"_blank\"><i class=\"fa fa-download\"><\/i> Katalog herunterladen<\/a><\/div><div class=\"jet-listing-dynamic-repeater__item\"><img decoding=\"async\" class=\"catalog-img\" src=\"https:\/\/bertrand.pl\/wp-content\/uploads\/2024\/01\/synergic_2022.jpg\">\n<h3 class=\"catalog-title\">Synergic Fenster<\/h3>\n<a class=\"catalog-link\" href=\"https:\/\/bertrand.pl\/wp-content\/uploads\/2024\/02\/20210907_synergic_pl-de-en.pdf\" target=\"_blank\"><i class=\"fa fa-download\"><\/i> Katalog herunterladen<\/a><\/div><div class=\"jet-listing-dynamic-repeater__item\"><img decoding=\"async\" class=\"catalog-img\" src=\"https:\/\/bertrand.pl\/wp-content\/uploads\/2024\/05\/Zrzut-ekranu-2024-05-10-143347.png\">\n<h3 class=\"catalog-title\">Haust\u00fcren PVC &amp; ALU<\/h3>\n<a class=\"catalog-link\" href=\"https:\/\/bertrand.pl\/wp-content\/uploads\/2024\/05\/Zrzut-ekranu-2024-05-10-143347.png\" target=\"_blank\"><i class=\"fa fa-download\"><\/i> Katalog herunterladen<\/a><\/div><div class=\"jet-listing-dynamic-repeater__item\"><img decoding=\"async\" class=\"catalog-img\" src=\"https:\/\/bertrand.pl\/wp-content\/uploads\/2025\/12\/Zrzut-ekranu-2025-12-17-081948.png\">\n<h3 class=\"catalog-title\">Bertrand Insektenschutz<\/h3>\n<a class=\"catalog-link\" href=\"https:\/\/bertrand.pl\/wp-content\/uploads\/2025\/12\/Insektenschutz-BERTRAND-MOL.pdf\" target=\"_blank\"><i class=\"fa fa-download\"><\/i> Katalog herunterladen<\/a><\/div><div class=\"jet-listing-dynamic-repeater__item\"><img decoding=\"async\" class=\"catalog-img\" src=\"https:\/\/bertrand.pl\/wp-content\/uploads\/2025\/05\/Zrzut-ekranu-2025-05-14-094446.png\">\n<h3 class=\"catalog-title\">Vorgeschlagene Griffs\u00e4tze<\/h3>\n<a class=\"catalog-link\" href=\"https:\/\/bertrand.pl\/wp-content\/uploads\/2025\/05\/katalog_klamek_v5-1.pdf\" target=\"_blank\"><i class=\"fa fa-download\"><\/i> Katalog herunterladen<\/a><\/div><div class=\"jet-listing-dynamic-repeater__item\"><img decoding=\"async\" class=\"catalog-img\" src=\"https:\/\/bertrand.pl\/wp-content\/uploads\/2024\/05\/Zrzut-ekranu-2024-05-10-153059.png\">\n<h3 class=\"catalog-title\">Fenster als Raumheizung<\/h3>\n<a class=\"catalog-link\" href=\"https:\/\/bertrand.pl\/wp-content\/uploads\/2024\/05\/infratherm_de.pdf\" target=\"_blank\"><i class=\"fa fa-download\"><\/i> Katalog herunterladen<\/a><\/div><div class=\"jet-listing-dynamic-repeater__item\"><img decoding=\"async\" class=\"catalog-img\" src=\"https:\/\/bertrand.pl\/wp-content\/uploads\/2025\/07\/Zrzut-ekranu-2025-07-17-154948.png\">\n<h3 class=\"catalog-title\">Pflege und Wartung f\u00fcr Fenster und Au\u00dfent\u00fcren aus Holz<\/h3>\n<a class=\"catalog-link\" href=\"https:\/\/bertrand.pl\/wp-content\/uploads\/2025\/07\/Pflege-und-Wartung-fur-Fenster-und-Ausenturen-aus-Holz.pdf\" target=\"_blank\"><i class=\"fa fa-download\"><\/i> Katalog herunterladen<\/a><\/div><div class=\"jet-listing-dynamic-repeater__item\"><img decoding=\"async\" class=\"catalog-img\" src=\"https:\/\/bertrand.pl\/wp-content\/uploads\/2026\/02\/kontur.png\">\n<h3 class=\"catalog-title\">KONTUR<\/h3>\n<a class=\"catalog-link\" href=\"https:\/\/bertrand.pl\/wp-content\/uploads\/2026\/02\/KONTUR.pdf\" target=\"_blank\"><i class=\"fa fa-download\"><\/i> Katalog herunterladen<\/a><\/div><div class=\"jet-listing-dynamic-repeater__item\"><img decoding=\"async\" class=\"catalog-img\" src=\"https:\/\/bertrand.pl\/wp-content\/uploads\/2026\/03\/bertrand_premium_katalog.jpg\">\n<h3 class=\"catalog-title\">Bertrand - Premium hausturen. <\/h3>\n<a class=\"catalog-link\" href=\"https:\/\/bertrand.pl\/wp-content\/uploads\/2026\/03\/Bertrand_Premium-Hausturen_Katalog-2020_V2_PL_web-min1.pdf\" target=\"_blank\"><i class=\"fa fa-download\"><\/i> Katalog herunterladen<\/a><\/div><\/div><\/div>\t\t\t\t<\/div>\n\t\t\t\t<\/div>\n\t\t\t\t\t<\/div>\n\t\t\t\t<\/div>\n\t\t\t\t<\/div>","protected":false},"excerpt":{"rendered":"<p>Katalogi \u00b7 Ulotki \u00b7 Broszury Z my\u015bl\u0105 o Pa\u0144stwa wygodzie i pe\u0142nym zadowoleniu przygotowali\u015bmy katalogi, broszury oraz ulotki, kt\u00f3re w spos\u00f3b szczeg\u00f3\u0142owy i przejrzysty prezentuj\u0105 nasz\u0105 bogat\u0105 ofert\u0119 produkt\u00f3w. Dzi\u0119ki tym materia\u0142om mog\u0105 Pa\u0144stwo nie tylko \u0142atwo zapozna\u0107 si\u0119 z r\u00f3\u017cnorodnymi rozwi\u0105zaniami dost\u0119pnymi w naszej ofercie, ale tak\u017ce znale\u017a\u0107 produkty idealnie dopasowane do indywidualnych potrzeb [&hellip;]<\/p>\n","protected":false},"author":7,"featured_media":0,"parent":0,"menu_order":0,"comment_status":"closed","ping_status":"closed","template":"elementor_header_footer","meta":{"site-sidebar-layout":"no-sidebar","site-content-layout":"","ast-site-content-layout":"full-width-container","site-content-style":"default","site-sidebar-style":"default","ast-global-header-display":"","ast-banner-title-visibility":"","ast-main-header-display":"","ast-hfb-above-header-display":"","ast-hfb-below-header-display":"","ast-hfb-mobile-header-display":"","site-post-title":"disabled","ast-breadcrumbs-content":"","ast-featured-img":"disabled","footer-sml-layout":"","ast-disable-related-posts":"","theme-transparent-header-meta":"","adv-header-id-meta":"","stick-header-meta":"","header-above-stick-meta":"","header-main-stick-meta":"","header-below-stick-meta":"","astra-migrate-meta-layouts":"default","ast-page-background-enabled":"default","ast-page-background-meta":{"desktop":{"background-color":"var(--ast-global-color-4)","background-image":"","background-repeat":"repeat","background-position":"center center","background-size":"auto","background-attachment":"scroll","background-type":"","background-media":"","overlay-type":"","overlay-color":"","overlay-opacity":"","overlay-gradient":""},"tablet":{"background-color":"","background-image":"","background-repeat":"repeat","background-position":"center center","background-size":"auto","background-attachment":"scroll","background-type":"","background-media":"","overlay-type":"","overlay-color":"","overlay-opacity":"","overlay-gradient":""},"mobile":{"background-color":"","background-image":"","background-repeat":"repeat","background-position":"center center","background-size":"auto","background-attachment":"scroll","background-type":"","background-media":"","overlay-type":"","overlay-color":"","overlay-opacity":"","overlay-gradient":""}},"ast-content-background-meta":{"desktop":{"background-color":"var(--ast-global-color-5)","background-image":"","background-repeat":"repeat","background-position":"center center","background-size":"auto","background-attachment":"scroll","background-type":"","background-media":"","overlay-type":"","overlay-color":"","overlay-opacity":"","overlay-gradient":""},"tablet":{"background-color":"var(--ast-global-color-5)","background-image":"","background-repeat":"repeat","background-position":"center center","background-size":"auto","background-attachment":"scroll","background-type":"","background-media":"","overlay-type":"","overlay-color":"","overlay-opacity":"","overlay-gradient":""},"mobile":{"background-color":"var(--ast-global-color-5)","background-image":"","background-repeat":"repeat","background-position":"center center","background-size":"auto","background-attachment":"scroll","background-type":"","background-media":"","overlay-type":"","overlay-color":"","overlay-opacity":"","overlay-gradient":""}},"footnotes":""},"class_list":["post-1347","page","type-page","status-publish","hentry"],"yoast_head":"<!-- This site is optimized with the Yoast SEO Premium plugin v27.2 (Yoast SEO v27.2) - https:\/\/yoast.com\/product\/yoast-seo-premium-wordpress\/ -->\n<title>Katalogi - Bertrand. Najwy\u017cszej jako\u015bci okna i drzwi. Certyfikowany producent od 1969 roku.<\/title>\n<meta name=\"description\" content=\"W Bertrand oferujemy okna, drzwi, bramy gara\u017cowe, rolety, systemy tarasowe, \u017caluzje fasadowe i fasady. Pobierz katalogi i znajd\u017a rozwi\u0105zanie.\" \/>\n<meta name=\"robots\" content=\"index, follow, max-snippet:-1, max-image-preview:large, max-video-preview:-1\" \/>\n<link rel=\"canonical\" href=\"https:\/\/bertrand.pl\/de\/kataloge\/\" \/>\n<meta property=\"og:locale\" content=\"de_DE\" \/>\n<meta property=\"og:type\" content=\"article\" \/>\n<meta property=\"og:title\" content=\"Katalogi\" \/>\n<meta property=\"og:description\" content=\"W Bertrand oferujemy okna, drzwi, bramy gara\u017cowe, rolety, systemy tarasowe, \u017caluzje fasadowe i fasady. Pobierz katalogi i znajd\u017a rozwi\u0105zanie.\" \/>\n<meta property=\"og:url\" content=\"https:\/\/bertrand.pl\/de\/kataloge\/\" \/>\n<meta property=\"og:site_name\" content=\"Bertrand. Najwy\u017cszej jako\u015bci okna i drzwi. Certyfikowany producent od 1969 roku.\" \/>\n<meta property=\"article:publisher\" content=\"https:\/\/www.facebook.com\/bertrandpolska\/\" \/>\n<meta property=\"article:modified_time\" content=\"2026-01-27T12:20:22+00:00\" \/>\n<meta property=\"og:image\" content=\"https:\/\/bertrand.pl\/wp-content\/uploads\/2024\/11\/Zrzut-ekranu-2024-11-04-142727.png\" \/>\n<meta name=\"twitter:card\" content=\"summary_large_image\" \/>\n<meta name=\"twitter:label1\" content=\"Gesch\u00e4tzte Lesezeit\" \/>\n\t<meta name=\"twitter:data1\" content=\"9\u00a0Minuten\" \/>\n<script type=\"application\/ld+json\" class=\"yoast-schema-graph\">{\"@context\":\"https:\/\/schema.org\",\"@graph\":[{\"@type\":\"Article\",\"@id\":\"https:\/\/bertrand.pl\/katalogi\/#article\",\"isPartOf\":{\"@id\":\"https:\/\/bertrand.pl\/katalogi\/\"},\"author\":{\"name\":\"w.wachnik\",\"@id\":\"https:\/\/bertrand.pl\/#\/schema\/person\/767d70e891d700b2e3c19083f31a484c\"},\"headline\":\"Katalogi\",\"datePublished\":\"2024-01-03T12:05:23+00:00\",\"dateModified\":\"2026-01-27T12:20:22+00:00\",\"mainEntityOfPage\":{\"@id\":\"https:\/\/bertrand.pl\/katalogi\/\"},\"wordCount\":353,\"publisher\":{\"@id\":\"https:\/\/bertrand.pl\/#organization\"},\"image\":{\"@id\":\"https:\/\/bertrand.pl\/katalogi\/#primaryimage\"},\"thumbnailUrl\":\"https:\/\/bertrand.pl\/wp-content\/uploads\/2024\/11\/Zrzut-ekranu-2024-11-04-142727.png\",\"inLanguage\":\"de\"},{\"@type\":\"WebPage\",\"@id\":\"https:\/\/bertrand.pl\/katalogi\/\",\"url\":\"https:\/\/bertrand.pl\/katalogi\/\",\"name\":\"Katalogi - Bertrand. Najwy\u017cszej jako\u015bci okna i drzwi. Certyfikowany producent od 1969 roku.\",\"isPartOf\":{\"@id\":\"https:\/\/bertrand.pl\/#website\"},\"primaryImageOfPage\":{\"@id\":\"https:\/\/bertrand.pl\/katalogi\/#primaryimage\"},\"image\":{\"@id\":\"https:\/\/bertrand.pl\/katalogi\/#primaryimage\"},\"thumbnailUrl\":\"https:\/\/bertrand.pl\/wp-content\/uploads\/2024\/11\/Zrzut-ekranu-2024-11-04-142727.png\",\"datePublished\":\"2024-01-03T12:05:23+00:00\",\"dateModified\":\"2026-01-27T12:20:22+00:00\",\"description\":\"W Bertrand oferujemy okna, drzwi, bramy gara\u017cowe, rolety, systemy tarasowe, \u017caluzje fasadowe i fasady. Pobierz katalogi i znajd\u017a rozwi\u0105zanie.\",\"breadcrumb\":{\"@id\":\"https:\/\/bertrand.pl\/katalogi\/#breadcrumb\"},\"inLanguage\":\"de\",\"potentialAction\":[{\"@type\":\"ReadAction\",\"target\":[\"https:\/\/bertrand.pl\/katalogi\/\"]}]},{\"@type\":\"ImageObject\",\"inLanguage\":\"de\",\"@id\":\"https:\/\/bertrand.pl\/katalogi\/#primaryimage\",\"url\":\"https:\/\/bertrand.pl\/wp-content\/uploads\/2024\/11\/Zrzut-ekranu-2024-11-04-142727.png\",\"contentUrl\":\"https:\/\/bertrand.pl\/wp-content\/uploads\/2024\/11\/Zrzut-ekranu-2024-11-04-142727.png\"},{\"@type\":\"BreadcrumbList\",\"@id\":\"https:\/\/bertrand.pl\/katalogi\/#breadcrumb\",\"itemListElement\":[{\"@type\":\"ListItem\",\"position\":1,\"name\":\"Strona g\u0142\u00f3wna\",\"item\":\"https:\/\/bertrand.pl\/\"},{\"@type\":\"ListItem\",\"position\":2,\"name\":\"Katalogi\"}]},{\"@type\":\"WebSite\",\"@id\":\"https:\/\/bertrand.pl\/#website\",\"url\":\"https:\/\/bertrand.pl\/\",\"name\":\"Bertrand.pl\",\"description\":\"Firma Bertrand to certyfikowany i uznany producent najwy\u017cszej jako\u015bci okien z PVC, z drewna lub aluminium. Produkcja drzwi, rolet i bram gara\u017cowych.\",\"publisher\":{\"@id\":\"https:\/\/bertrand.pl\/#organization\"},\"potentialAction\":[{\"@type\":\"SearchAction\",\"target\":{\"@type\":\"EntryPoint\",\"urlTemplate\":\"https:\/\/bertrand.pl\/?s={search_term_string}\"},\"query-input\":{\"@type\":\"PropertyValueSpecification\",\"valueRequired\":true,\"valueName\":\"search_term_string\"}}],\"inLanguage\":\"de\"},{\"@type\":\"Organization\",\"@id\":\"https:\/\/bertrand.pl\/#organization\",\"name\":\"Bertrand.pl\",\"url\":\"https:\/\/bertrand.pl\/\",\"logo\":{\"@type\":\"ImageObject\",\"inLanguage\":\"de\",\"@id\":\"https:\/\/bertrand.pl\/#\/schema\/logo\/image\/\",\"url\":\"https:\/\/bertrand.pl\/wp-content\/uploads\/2024\/12\/logo_BB_TM_PL_black.png\",\"contentUrl\":\"https:\/\/bertrand.pl\/wp-content\/uploads\/2024\/12\/logo_BB_TM_PL_black.png\",\"width\":1831,\"height\":1831,\"caption\":\"Bertrand.pl\"},\"image\":{\"@id\":\"https:\/\/bertrand.pl\/#\/schema\/logo\/image\/\"},\"sameAs\":[\"https:\/\/www.facebook.com\/bertrandpolska\/\",\"https:\/\/www.instagram.com\/bertrand_okna_i_drzwi\/\",\"https:\/\/www.linkedin.com\/company\/bertrand\/\",\"https:\/\/www.tiktok.com\/@bertrand_okna_drzwi\"]},{\"@type\":\"Person\",\"@id\":\"https:\/\/bertrand.pl\/#\/schema\/person\/767d70e891d700b2e3c19083f31a484c\",\"name\":\"w.wachnik\"}]}<\/script>\n<!-- \/ Yoast SEO Premium plugin. -->","yoast_head_json":{"title":"Katalogi - Bertrand. Najwy\u017cszej jako\u015bci okna i drzwi. Certyfikowany producent od 1969 roku.","description":"Bei Bertrand bieten wir Fenster, T\u00fcren, Garagentore, Rolll\u00e4den, Terrassensysteme, Au\u00dfenjalousien und Fassaden an. Laden Sie Kataloge herunter und finden Sie eine L\u00f6sung.","robots":{"index":"index","follow":"follow","max-snippet":"max-snippet:-1","max-image-preview":"max-image-preview:large","max-video-preview":"max-video-preview:-1"},"canonical":"https:\/\/bertrand.pl\/de\/kataloge\/","og_locale":"de_DE","og_type":"article","og_title":"Katalogi","og_description":"W Bertrand oferujemy okna, drzwi, bramy gara\u017cowe, rolety, systemy tarasowe, \u017caluzje fasadowe i fasady. Pobierz katalogi i znajd\u017a rozwi\u0105zanie.","og_url":"https:\/\/bertrand.pl\/de\/kataloge\/","og_site_name":"Bertrand. Najwy\u017cszej jako\u015bci okna i drzwi. Certyfikowany producent od 1969 roku.","article_publisher":"https:\/\/www.facebook.com\/bertrandpolska\/","article_modified_time":"2026-01-27T12:20:22+00:00","og_image":[{"url":"https:\/\/bertrand.pl\/wp-content\/uploads\/2024\/11\/Zrzut-ekranu-2024-11-04-142727.png","type":"","width":"","height":""}],"twitter_card":"summary_large_image","twitter_misc":{"Gesch\u00e4tzte Lesezeit":"9\u00a0Minuten"},"schema":{"@context":"https:\/\/schema.org","@graph":[{"@type":"Article","@id":"https:\/\/bertrand.pl\/katalogi\/#article","isPartOf":{"@id":"https:\/\/bertrand.pl\/katalogi\/"},"author":{"name":"w.wachnik","@id":"https:\/\/bertrand.pl\/#\/schema\/person\/767d70e891d700b2e3c19083f31a484c"},"headline":"Katalogi","datePublished":"2024-01-03T12:05:23+00:00","dateModified":"2026-01-27T12:20:22+00:00","mainEntityOfPage":{"@id":"https:\/\/bertrand.pl\/katalogi\/"},"wordCount":353,"publisher":{"@id":"https:\/\/bertrand.pl\/#organization"},"image":{"@id":"https:\/\/bertrand.pl\/katalogi\/#primaryimage"},"thumbnailUrl":"https:\/\/bertrand.pl\/wp-content\/uploads\/2024\/11\/Zrzut-ekranu-2024-11-04-142727.png","inLanguage":"de"},{"@type":"WebPage","@id":"https:\/\/bertrand.pl\/katalogi\/","url":"https:\/\/bertrand.pl\/katalogi\/","name":"Katalogi - Bertrand. Najwy\u017cszej jako\u015bci okna i drzwi. Certyfikowany producent od 1969 roku.","isPartOf":{"@id":"https:\/\/bertrand.pl\/#website"},"primaryImageOfPage":{"@id":"https:\/\/bertrand.pl\/katalogi\/#primaryimage"},"image":{"@id":"https:\/\/bertrand.pl\/katalogi\/#primaryimage"},"thumbnailUrl":"https:\/\/bertrand.pl\/wp-content\/uploads\/2024\/11\/Zrzut-ekranu-2024-11-04-142727.png","datePublished":"2024-01-03T12:05:23+00:00","dateModified":"2026-01-27T12:20:22+00:00","description":"Bei Bertrand bieten wir Fenster, T\u00fcren, Garagentore, Rolll\u00e4den, Terrassensysteme, Au\u00dfenjalousien und Fassaden an. Laden Sie Kataloge herunter und finden Sie eine L\u00f6sung.","breadcrumb":{"@id":"https:\/\/bertrand.pl\/katalogi\/#breadcrumb"},"inLanguage":"de","potentialAction":[{"@type":"ReadAction","target":["https:\/\/bertrand.pl\/katalogi\/"]}]},{"@type":"ImageObject","inLanguage":"de","@id":"https:\/\/bertrand.pl\/katalogi\/#primaryimage","url":"https:\/\/bertrand.pl\/wp-content\/uploads\/2024\/11\/Zrzut-ekranu-2024-11-04-142727.png","contentUrl":"https:\/\/bertrand.pl\/wp-content\/uploads\/2024\/11\/Zrzut-ekranu-2024-11-04-142727.png"},{"@type":"BreadcrumbList","@id":"https:\/\/bertrand.pl\/katalogi\/#breadcrumb","itemListElement":[{"@type":"ListItem","position":1,"name":"Strona g\u0142\u00f3wna","item":"https:\/\/bertrand.pl\/"},{"@type":"ListItem","position":2,"name":"Katalogi"}]},{"@type":"WebSite","@id":"https:\/\/bertrand.pl\/#website","url":"https:\/\/bertrand.pl\/","name":"Bertrand.pl","description":"Firma Bertrand to certyfikowany i uznany producent najwy\u017cszej jako\u015bci okien z PVC, z drewna lub aluminium. Produkcja drzwi, rolet i bram gara\u017cowych.","publisher":{"@id":"https:\/\/bertrand.pl\/#organization"},"potentialAction":[{"@type":"SearchAction","target":{"@type":"EntryPoint","urlTemplate":"https:\/\/bertrand.pl\/?s={search_term_string}"},"query-input":{"@type":"PropertyValueSpecification","valueRequired":true,"valueName":"search_term_string"}}],"inLanguage":"de"},{"@type":"Organization","@id":"https:\/\/bertrand.pl\/#organization","name":"Bertrand.pl","url":"https:\/\/bertrand.pl\/","logo":{"@type":"ImageObject","inLanguage":"de","@id":"https:\/\/bertrand.pl\/#\/schema\/logo\/image\/","url":"https:\/\/bertrand.pl\/wp-content\/uploads\/2024\/12\/logo_BB_TM_PL_black.png","contentUrl":"https:\/\/bertrand.pl\/wp-content\/uploads\/2024\/12\/logo_BB_TM_PL_black.png","width":1831,"height":1831,"caption":"Bertrand.pl"},"image":{"@id":"https:\/\/bertrand.pl\/#\/schema\/logo\/image\/"},"sameAs":["https:\/\/www.facebook.com\/bertrandpolska\/","https:\/\/www.instagram.com\/bertrand_okna_i_drzwi\/","https:\/\/www.linkedin.com\/company\/bertrand\/","https:\/\/www.tiktok.com\/@bertrand_okna_drzwi"]},{"@type":"Person","@id":"https:\/\/bertrand.pl\/#\/schema\/person\/767d70e891d700b2e3c19083f31a484c","name":"w.achnik"}]}},"_links":{"self":[{"href":"https:\/\/bertrand.pl\/de\/wp-json\/wp\/v2\/pages\/1347","targetHints":{"allow":["GET"]}}],"collection":[{"href":"https:\/\/bertrand.pl\/de\/wp-json\/wp\/v2\/pages"}],"about":[{"href":"https:\/\/bertrand.pl\/de\/wp-json\/wp\/v2\/types\/page"}],"author":[{"embeddable":true,"href":"https:\/\/bertrand.pl\/de\/wp-json\/wp\/v2\/users\/7"}],"replies":[{"embeddable":true,"href":"https:\/\/bertrand.pl\/de\/wp-json\/wp\/v2\/comments?post=1347"}],"version-history":[{"count":70,"href":"https:\/\/bertrand.pl\/de\/wp-json\/wp\/v2\/pages\/1347\/revisions"}],"predecessor-version":[{"id":7934,"href":"https:\/\/bertrand.pl\/de\/wp-json\/wp\/v2\/pages\/1347\/revisions\/7934"}],"wp:attachment":[{"href":"https:\/\/bertrand.pl\/de\/wp-json\/wp\/v2\/media?parent=1347"}],"curies":[{"name":"wp","href":"https:\/\/api.w.org\/{rel}","templated":true}]}}