{"id":1483,"date":"2024-01-08T14:30:42","date_gmt":"2024-01-08T13:30:42","guid":{"rendered":"https:\/\/bertrand.pl\/?page_id=1483"},"modified":"2024-12-11T10:46:41","modified_gmt":"2024-12-11T09:46:41","slug":"kummern-sie-sich-um-ihre-fenster","status":"publish","type":"page","link":"https:\/\/bertrand.pl\/de\/zadbaj-o-swoje-okna\/","title":{"rendered":"K\u00fcmmern Sie sich um Ihre Fenster"},"content":{"rendered":"<div data-elementor-type=\"wp-page\" data-elementor-id=\"1483\" class=\"elementor elementor-1483\" data-elementor-post-type=\"page\">\n\t\t\t\t<div class=\"elementor-element elementor-element-ff80345 e-flex e-con-boxed e-con e-parent\" data-id=\"ff80345\" data-element_type=\"container\" data-e-type=\"container\" data-settings=\"{&quot;background_background&quot;:&quot;classic&quot;}\">\n\t\t\t\t\t<div class=\"e-con-inner\">\n\t\t<div class=\"elementor-element elementor-element-319b7f8 e-con-full e-flex e-con e-child\" data-id=\"319b7f8\" data-element_type=\"container\" data-e-type=\"container\">\n\t\t\t\t<div class=\"elementor-element elementor-element-3ecf69e elementor-widget elementor-widget-heading\" data-id=\"3ecf69e\" data-element_type=\"widget\" data-e-type=\"widget\" data-widget_type=\"heading.default\">\n\t\t\t\t<div class=\"elementor-widget-container\">\n\t\t\t\t\t<h1 class=\"elementor-heading-title elementor-size-default\">K\u00fcmmere dich um deine <span class=\"color\">Fenster<\/span><\/h1>\t\t\t\t<\/div>\n\t\t\t\t<\/div>\n\t\t\t\t<div class=\"elementor-element elementor-element-033b5c1 elementor-widget elementor-widget-text-editor\" data-id=\"033b5c1\" data-element_type=\"widget\" data-e-type=\"widget\" data-widget_type=\"text-editor.default\">\n\t\t\t\t<div class=\"elementor-widget-container\">\n\t\t\t\t\t\t\t\t\t<p>Die regelm\u00e4\u00dfige Pflege von Fenstern ist der Schl\u00fcssel zu ihrer Langlebigkeit und einem \u00e4sthetischen Erscheinungsbild \u00fcber Jahre hinweg.\nUnabh\u00e4ngig davon, ob Sie Holz-, PVC- oder Aluminiumfenster haben, tr\u00e4gt die richtige Pflege erheblich zu ihrer Funktionalit\u00e4t und Widerstandsf\u00e4higkeit gegen\u00fcber \u00e4u\u00dferen Einfl\u00fcssen bei.\nHier sind die wichtigsten Tipps, wie Sie Ihre Fenster richtig pflegen k\u00f6nnen.<\/p><h4>Warum lohnt es sich, Fenster zu pflegen?<\/h4><p>Sowohl Holz-, PVC- als auch Aluminiumfenster erfordern eine regelm\u00e4\u00dfige Pflege.\nRegelm\u00e4\u00dfiges Reinigen und Warten sch\u00fctzt sie vor Sch\u00e4den, erh\u00f6ht ihre Langlebigkeit und beugt kostspieligen Reparaturen vor.<\/p><p class=\"translation-block\">Detaillierte Informationen zu den f\u00fcr die Fensterpflege empfohlenen Produkten finden Sie in unserem Service: <strong>serwis@bertrand.pl<\/strong>.<\/p>\t\t\t\t\t\t\t\t<\/div>\n\t\t\t\t<\/div>\n\t\t\t\t<\/div>\n\t\t<div class=\"elementor-element elementor-element-790c488 e-con-full elementor-hidden-mobile elementor-hidden-tablet e-flex e-con e-child\" data-id=\"790c488\" data-element_type=\"container\" data-e-type=\"container\">\n\t\t\t\t<div class=\"elementor-element elementor-element-d057497 img-dots elementor-widget elementor-widget-image\" data-id=\"d057497\" data-element_type=\"widget\" data-e-type=\"widget\" data-widget_type=\"image.default\">\n\t\t\t\t<div class=\"elementor-widget-container\">\n\t\t\t\t\t\t\t\t\t\t\t\t\t\t\t<img fetchpriority=\"high\" decoding=\"async\" width=\"1320\" height=\"880\" src=\"https:\/\/bertrand.pl\/wp-content\/uploads\/2024\/01\/mother-little-son-sitting-windowsill-1360x907.webp\" class=\"attachment-large size-large wp-image-1624\" alt=\"\" srcset=\"https:\/\/bertrand.pl\/wp-content\/uploads\/2024\/01\/mother-little-son-sitting-windowsill-1360x907.webp 1360w, https:\/\/bertrand.pl\/wp-content\/uploads\/2024\/01\/mother-little-son-sitting-windowsill-420x280.webp 420w, https:\/\/bertrand.pl\/wp-content\/uploads\/2024\/01\/mother-little-son-sitting-windowsill-768x512.webp 768w, https:\/\/bertrand.pl\/wp-content\/uploads\/2024\/01\/mother-little-son-sitting-windowsill-600x400.webp 600w, https:\/\/bertrand.pl\/wp-content\/uploads\/2024\/01\/mother-little-son-sitting-windowsill.webp 1500w\" sizes=\"(max-width: 1320px) 100vw, 1320px\" \/>\t\t\t\t\t\t\t\t\t\t\t\t\t\t\t<\/div>\n\t\t\t\t<\/div>\n\t\t\t\t<\/div>\n\t\t\t\t\t<\/div>\n\t\t\t\t<\/div>\n\t\t<div class=\"elementor-element elementor-element-438e575 e-flex e-con-boxed e-con e-parent\" data-id=\"438e575\" data-element_type=\"container\" data-e-type=\"container\">\n\t\t\t\t\t<div class=\"e-con-inner\">\n\t\t\t\t<div class=\"elementor-element elementor-element-3442180 elementor-widget elementor-widget-text-editor\" data-id=\"3442180\" data-element_type=\"widget\" data-e-type=\"widget\" data-widget_type=\"text-editor.default\">\n\t\t\t\t<div class=\"elementor-widget-container\">\n\t\t\t\t\t\t\t\t\t<h4>Reinigung von Holzfenstern<\/h4><p class=\"translation-block\">Die Pflege von <a href=\"https:\/\/bertrand.pl\/de\/okna-drewniane\/\" target=\"_self\">Holzfenstern<\/a> erfordert regelm\u00e4\u00dfige Reinigung, die nicht nur ihr Aussehen verbessert, sondern sie auch vor Sch\u00e4den sch\u00fctzt.\nStaub und Schmutz k\u00f6nnen das Wachstum von Algen und Pilzen f\u00f6rdern, die die Lackbeschichtung besch\u00e4digen.\nUm dies zu verhindern, reinigen Sie die Fensterrahmen mit einem milden Reinigungsmittel und warmem Wasser, wobei Sie aggressive Chemikalien vermeiden sollten.\nDenken Sie daran, dass regelm\u00e4\u00dfige Pflege hilft, teure Renovierungen zu vermeiden und die Lebensdauer der Fenster zu verl\u00e4ngern.<\/p><h4>Pflege von PVC-Fenstern<\/h4><p class=\"translation-block\"><a href=\"https:\/\/bertrand.pl\/de\/pvc-fenster\/\" target=\"_self\">PVC-Fenster<\/a> sind pflegeleicht, erfordern jedoch regelm\u00e4\u00dfiges Entfernen von Schmutz und Staub, der sich auf ihrer Oberfl\u00e4che absetzt.\nDie Reinigung mit einem weichen Tuch und einem milden Reinigungsmittel verhindert die Entstehung von hartn\u00e4ckigen Flecken.\nVermeiden Sie aggressive chemische Mittel, die die Oberfl\u00e4che der Rahmen besch\u00e4digen k\u00f6nnen.<\/p><h4>Wartung von Aluminiumfenstern<\/h4><p class=\"translation-block\"><a href=\"https:\/\/bertrand.pl\/de\/aluminiumfenster\/\" target=\"_self\">Aluminiumrahmen<\/a> erfordern besondere Aufmerksamkeit, insbesondere wenn sie Feuchtigkeit ausgesetzt sind.\nDie Reinigung mit sanften, speziell f\u00fcr Aluminium geeigneten Mitteln verhindert Korrosion und erh\u00e4lt die \u00c4sthetik.\nRegelm\u00e4\u00dfiges Schmieren der beweglichen Beschlagteile sorgt f\u00fcr eine reibungslose Funktion und die Langlebigkeit der Mechanismen.<\/p><h4>Regelm\u00e4\u00dfige \u00dcberpr\u00fcfung des technischen Zustands<\/h4><p class=\"translation-block\">Neben der Reinigung sind regelm\u00e4\u00dfige \u00dcberpr\u00fcfungen des technischen Zustands der Fenster wichtig.\n\u00dcberpr\u00fcfen Sie die Dichtungen, Beschl\u00e4ge und die Rahmenoberfl\u00e4che auf Sch\u00e4den.\nFetten Sie bei Bedarf die Mechanismen oder ersetzen Sie abgenutzte Teile, um gr\u00f6\u00dferen Ausf\u00e4llen vorzubeugen.\nEine systematische <a href=\"https:\/\/sklep.winkhaus.pl\/pl\/blog\/post\/konserwacja-okien-jak-czesto-i-o-jakiej-porze-roku-ja-wykonywac?srsltid=AfmBOoqoN4tfiJN173NyBmy8kFhurZNpgKrWIPJVbdBPZ7vg0EiCSYmf\" target=\"_self\">Wartung<\/a> gew\u00e4hrleistet eine einwandfreie Funktion und verl\u00e4ngert die Lebensdauer Ihrer Fenster.<\/p>\t\t\t\t\t\t\t\t<\/div>\n\t\t\t\t<\/div>\n\t\t\t\t\t<\/div>\n\t\t\t\t<\/div>\n\t\t\t\t<\/div>","protected":false},"excerpt":{"rendered":"<p>Zadbaj o swoje okna Regularna piel\u0119gnacja okien to klucz do ich trwa\u0142o\u015bci i estetycznego wygl\u0105du przez lata. Niezale\u017cnie od tego, czy masz okna drewniane, PVC, czy aluminiowe, dbanie o nie w odpowiedni spos\u00f3b znacz\u0105co wp\u0142ywa na ich funkcjonalno\u015b\u0107 i odporno\u015b\u0107 na czynniki zewn\u0119trzne. Oto najwa\u017cniejsze wskaz\u00f3wki, jak zadba\u0107 o swoje okna. Dlaczego warto dba\u0107 o [&hellip;]<\/p>\n","protected":false},"author":7,"featured_media":0,"parent":0,"menu_order":0,"comment_status":"closed","ping_status":"closed","template":"","meta":{"site-sidebar-layout":"no-sidebar","site-content-layout":"","ast-site-content-layout":"full-width-container","site-content-style":"default","site-sidebar-style":"default","ast-global-header-display":"","ast-banner-title-visibility":"","ast-main-header-display":"","ast-hfb-above-header-display":"","ast-hfb-below-header-display":"","ast-hfb-mobile-header-display":"","site-post-title":"disabled","ast-breadcrumbs-content":"","ast-featured-img":"disabled","footer-sml-layout":"","ast-disable-related-posts":"","theme-transparent-header-meta":"","adv-header-id-meta":"","stick-header-meta":"","header-above-stick-meta":"","header-main-stick-meta":"","header-below-stick-meta":"","astra-migrate-meta-layouts":"default","ast-page-background-enabled":"default","ast-page-background-meta":{"desktop":{"background-color":"var(--ast-global-color-4)","background-image":"","background-repeat":"repeat","background-position":"center center","background-size":"auto","background-attachment":"scroll","background-type":"","background-media":"","overlay-type":"","overlay-color":"","overlay-opacity":"","overlay-gradient":""},"tablet":{"background-color":"","background-image":"","background-repeat":"repeat","background-position":"center center","background-size":"auto","background-attachment":"scroll","background-type":"","background-media":"","overlay-type":"","overlay-color":"","overlay-opacity":"","overlay-gradient":""},"mobile":{"background-color":"","background-image":"","background-repeat":"repeat","background-position":"center center","background-size":"auto","background-attachment":"scroll","background-type":"","background-media":"","overlay-type":"","overlay-color":"","overlay-opacity":"","overlay-gradient":""}},"ast-content-background-meta":{"desktop":{"background-color":"var(--ast-global-color-5)","background-image":"","background-repeat":"repeat","background-position":"center center","background-size":"auto","background-attachment":"scroll","background-type":"","background-media":"","overlay-type":"","overlay-color":"","overlay-opacity":"","overlay-gradient":""},"tablet":{"background-color":"var(--ast-global-color-5)","background-image":"","background-repeat":"repeat","background-position":"center center","background-size":"auto","background-attachment":"scroll","background-type":"","background-media":"","overlay-type":"","overlay-color":"","overlay-opacity":"","overlay-gradient":""},"mobile":{"background-color":"var(--ast-global-color-5)","background-image":"","background-repeat":"repeat","background-position":"center center","background-size":"auto","background-attachment":"scroll","background-type":"","background-media":"","overlay-type":"","overlay-color":"","overlay-opacity":"","overlay-gradient":""}},"footnotes":""},"class_list":["post-1483","page","type-page","status-publish","hentry"],"yoast_head":"<!-- This site is optimized with the Yoast SEO Premium plugin v27.2 (Yoast SEO v27.2) - https:\/\/yoast.com\/product\/yoast-seo-premium-wordpress\/ -->\n<title>Zadbaj o swoje okna - Bertrand. Najwy\u017cszej jako\u015bci okna i drzwi. Certyfikowany producent od 1969 roku.<\/title>\n<meta name=\"description\" content=\"Zadbaj o swoje okna drewniane, PVC i aluminiowe. Porady piel\u0119gnacyjne, kt\u00f3re przed\u0142u\u017c\u0105 trwa\u0142o\u015b\u0107 i zachowaj\u0105 estetyk\u0119 na lata!\" \/>\n<meta name=\"robots\" content=\"index, follow, max-snippet:-1, max-image-preview:large, max-video-preview:-1\" \/>\n<link rel=\"canonical\" href=\"https:\/\/bertrand.pl\/de\/kummern-sie-sich-um-ihre-fenster\/\" \/>\n<meta property=\"og:locale\" content=\"de_DE\" \/>\n<meta property=\"og:type\" content=\"article\" \/>\n<meta property=\"og:title\" content=\"Zadbaj o swoje okna\" \/>\n<meta property=\"og:description\" content=\"Zadbaj o swoje okna drewniane, PVC i aluminiowe. Porady piel\u0119gnacyjne, kt\u00f3re przed\u0142u\u017c\u0105 trwa\u0142o\u015b\u0107 i zachowaj\u0105 estetyk\u0119 na lata!\" \/>\n<meta property=\"og:url\" content=\"https:\/\/bertrand.pl\/de\/kummern-sie-sich-um-ihre-fenster\/\" \/>\n<meta property=\"og:site_name\" content=\"Bertrand. Najwy\u017cszej jako\u015bci okna i drzwi. Certyfikowany producent od 1969 roku.\" \/>\n<meta property=\"article:publisher\" content=\"https:\/\/www.facebook.com\/bertrandpolska\/\" \/>\n<meta property=\"article:modified_time\" content=\"2024-12-11T09:46:41+00:00\" \/>\n<meta property=\"og:image\" content=\"https:\/\/bertrand.pl\/wp-content\/uploads\/2024\/01\/mother-little-son-sitting-windowsill-1360x907.webp\" \/>\n<meta name=\"twitter:card\" content=\"summary_large_image\" \/>\n<meta name=\"twitter:label1\" content=\"Gesch\u00e4tzte Lesezeit\" \/>\n\t<meta name=\"twitter:data1\" content=\"2\u00a0Minuten\" \/>\n<script type=\"application\/ld+json\" class=\"yoast-schema-graph\">{\"@context\":\"https:\/\/schema.org\",\"@graph\":[{\"@type\":\"Article\",\"@id\":\"https:\/\/bertrand.pl\/zadbaj-o-swoje-okna\/#article\",\"isPartOf\":{\"@id\":\"https:\/\/bertrand.pl\/zadbaj-o-swoje-okna\/\"},\"author\":{\"name\":\"w.wachnik\",\"@id\":\"https:\/\/bertrand.pl\/#\/schema\/person\/767d70e891d700b2e3c19083f31a484c\"},\"headline\":\"Zadbaj o swoje okna\",\"datePublished\":\"2024-01-08T13:30:42+00:00\",\"dateModified\":\"2024-12-11T09:46:41+00:00\",\"mainEntityOfPage\":{\"@id\":\"https:\/\/bertrand.pl\/zadbaj-o-swoje-okna\/\"},\"wordCount\":342,\"publisher\":{\"@id\":\"https:\/\/bertrand.pl\/#organization\"},\"image\":{\"@id\":\"https:\/\/bertrand.pl\/zadbaj-o-swoje-okna\/#primaryimage\"},\"thumbnailUrl\":\"https:\/\/bertrand.pl\/wp-content\/uploads\/2024\/01\/mother-little-son-sitting-windowsill-1360x907.webp\",\"inLanguage\":\"de\"},{\"@type\":\"WebPage\",\"@id\":\"https:\/\/bertrand.pl\/zadbaj-o-swoje-okna\/\",\"url\":\"https:\/\/bertrand.pl\/zadbaj-o-swoje-okna\/\",\"name\":\"Zadbaj o swoje okna - Bertrand. Najwy\u017cszej jako\u015bci okna i drzwi. Certyfikowany producent od 1969 roku.\",\"isPartOf\":{\"@id\":\"https:\/\/bertrand.pl\/#website\"},\"primaryImageOfPage\":{\"@id\":\"https:\/\/bertrand.pl\/zadbaj-o-swoje-okna\/#primaryimage\"},\"image\":{\"@id\":\"https:\/\/bertrand.pl\/zadbaj-o-swoje-okna\/#primaryimage\"},\"thumbnailUrl\":\"https:\/\/bertrand.pl\/wp-content\/uploads\/2024\/01\/mother-little-son-sitting-windowsill-1360x907.webp\",\"datePublished\":\"2024-01-08T13:30:42+00:00\",\"dateModified\":\"2024-12-11T09:46:41+00:00\",\"description\":\"Zadbaj o swoje okna drewniane, PVC i aluminiowe. Porady piel\u0119gnacyjne, kt\u00f3re przed\u0142u\u017c\u0105 trwa\u0142o\u015b\u0107 i zachowaj\u0105 estetyk\u0119 na lata!\",\"breadcrumb\":{\"@id\":\"https:\/\/bertrand.pl\/zadbaj-o-swoje-okna\/#breadcrumb\"},\"inLanguage\":\"de\",\"potentialAction\":[{\"@type\":\"ReadAction\",\"target\":[\"https:\/\/bertrand.pl\/zadbaj-o-swoje-okna\/\"]}]},{\"@type\":\"ImageObject\",\"inLanguage\":\"de\",\"@id\":\"https:\/\/bertrand.pl\/zadbaj-o-swoje-okna\/#primaryimage\",\"url\":\"https:\/\/bertrand.pl\/wp-content\/uploads\/2024\/01\/mother-little-son-sitting-windowsill-1360x907.webp\",\"contentUrl\":\"https:\/\/bertrand.pl\/wp-content\/uploads\/2024\/01\/mother-little-son-sitting-windowsill-1360x907.webp\"},{\"@type\":\"BreadcrumbList\",\"@id\":\"https:\/\/bertrand.pl\/zadbaj-o-swoje-okna\/#breadcrumb\",\"itemListElement\":[{\"@type\":\"ListItem\",\"position\":1,\"name\":\"Strona g\u0142\u00f3wna\",\"item\":\"https:\/\/bertrand.pl\/\"},{\"@type\":\"ListItem\",\"position\":2,\"name\":\"Zadbaj o swoje okna\"}]},{\"@type\":\"WebSite\",\"@id\":\"https:\/\/bertrand.pl\/#website\",\"url\":\"https:\/\/bertrand.pl\/\",\"name\":\"Bertrand.pl\",\"description\":\"Firma Bertrand to certyfikowany i uznany producent najwy\u017cszej jako\u015bci okien z PVC, z drewna lub aluminium. Produkcja drzwi, rolet i bram gara\u017cowych.\",\"publisher\":{\"@id\":\"https:\/\/bertrand.pl\/#organization\"},\"potentialAction\":[{\"@type\":\"SearchAction\",\"target\":{\"@type\":\"EntryPoint\",\"urlTemplate\":\"https:\/\/bertrand.pl\/?s={search_term_string}\"},\"query-input\":{\"@type\":\"PropertyValueSpecification\",\"valueRequired\":true,\"valueName\":\"search_term_string\"}}],\"inLanguage\":\"de\"},{\"@type\":\"Organization\",\"@id\":\"https:\/\/bertrand.pl\/#organization\",\"name\":\"Bertrand.pl\",\"url\":\"https:\/\/bertrand.pl\/\",\"logo\":{\"@type\":\"ImageObject\",\"inLanguage\":\"de\",\"@id\":\"https:\/\/bertrand.pl\/#\/schema\/logo\/image\/\",\"url\":\"https:\/\/bertrand.pl\/wp-content\/uploads\/2024\/12\/logo_BB_TM_PL_black.png\",\"contentUrl\":\"https:\/\/bertrand.pl\/wp-content\/uploads\/2024\/12\/logo_BB_TM_PL_black.png\",\"width\":1831,\"height\":1831,\"caption\":\"Bertrand.pl\"},\"image\":{\"@id\":\"https:\/\/bertrand.pl\/#\/schema\/logo\/image\/\"},\"sameAs\":[\"https:\/\/www.facebook.com\/bertrandpolska\/\",\"https:\/\/www.instagram.com\/bertrand_okna_i_drzwi\/\",\"https:\/\/www.linkedin.com\/company\/bertrand\/\",\"https:\/\/www.tiktok.com\/@bertrand_okna_drzwi\"]},{\"@type\":\"Person\",\"@id\":\"https:\/\/bertrand.pl\/#\/schema\/person\/767d70e891d700b2e3c19083f31a484c\",\"name\":\"w.wachnik\"}]}<\/script>\n<!-- \/ Yoast SEO Premium plugin. -->","yoast_head_json":{"title":"Zadbaj o swoje okna - Bertrand. Najwy\u017cszej jako\u015bci okna i drzwi. Certyfikowany producent od 1969 roku.","description":"K\u00fcmmern Sie sich um Ihre Holz-, PVC- und Aluminiumfenster. Pflegetipps, die die Haltbarkeit verl\u00e4ngern und die \u00c4sthetik \u00fcber Jahre hinweg erhalten!","robots":{"index":"index","follow":"follow","max-snippet":"max-snippet:-1","max-image-preview":"max-image-preview:large","max-video-preview":"max-video-preview:-1"},"canonical":"https:\/\/bertrand.pl\/de\/kummern-sie-sich-um-ihre-fenster\/","og_locale":"de_DE","og_type":"article","og_title":"Zadbaj o swoje okna","og_description":"Zadbaj o swoje okna drewniane, PVC i aluminiowe. Porady piel\u0119gnacyjne, kt\u00f3re przed\u0142u\u017c\u0105 trwa\u0142o\u015b\u0107 i zachowaj\u0105 estetyk\u0119 na lata!","og_url":"https:\/\/bertrand.pl\/de\/kummern-sie-sich-um-ihre-fenster\/","og_site_name":"Bertrand. Najwy\u017cszej jako\u015bci okna i drzwi. Certyfikowany producent od 1969 roku.","article_publisher":"https:\/\/www.facebook.com\/bertrandpolska\/","article_modified_time":"2024-12-11T09:46:41+00:00","og_image":[{"url":"https:\/\/bertrand.pl\/wp-content\/uploads\/2024\/01\/mother-little-son-sitting-windowsill-1360x907.webp","type":"","width":"","height":""}],"twitter_card":"summary_large_image","twitter_misc":{"Gesch\u00e4tzte Lesezeit":"2\u00a0Minuten"},"schema":{"@context":"https:\/\/schema.org","@graph":[{"@type":"Article","@id":"https:\/\/bertrand.pl\/zadbaj-o-swoje-okna\/#article","isPartOf":{"@id":"https:\/\/bertrand.pl\/zadbaj-o-swoje-okna\/"},"author":{"name":"w.wachnik","@id":"https:\/\/bertrand.pl\/#\/schema\/person\/767d70e891d700b2e3c19083f31a484c"},"headline":"Zadbaj o swoje okna","datePublished":"2024-01-08T13:30:42+00:00","dateModified":"2024-12-11T09:46:41+00:00","mainEntityOfPage":{"@id":"https:\/\/bertrand.pl\/zadbaj-o-swoje-okna\/"},"wordCount":342,"publisher":{"@id":"https:\/\/bertrand.pl\/#organization"},"image":{"@id":"https:\/\/bertrand.pl\/zadbaj-o-swoje-okna\/#primaryimage"},"thumbnailUrl":"https:\/\/bertrand.pl\/wp-content\/uploads\/2024\/01\/mother-little-son-sitting-windowsill-1360x907.webp","inLanguage":"de"},{"@type":"WebPage","@id":"https:\/\/bertrand.pl\/zadbaj-o-swoje-okna\/","url":"https:\/\/bertrand.pl\/zadbaj-o-swoje-okna\/","name":"Zadbaj o swoje okna - Bertrand. Najwy\u017cszej jako\u015bci okna i drzwi. Certyfikowany producent od 1969 roku.","isPartOf":{"@id":"https:\/\/bertrand.pl\/#website"},"primaryImageOfPage":{"@id":"https:\/\/bertrand.pl\/zadbaj-o-swoje-okna\/#primaryimage"},"image":{"@id":"https:\/\/bertrand.pl\/zadbaj-o-swoje-okna\/#primaryimage"},"thumbnailUrl":"https:\/\/bertrand.pl\/wp-content\/uploads\/2024\/01\/mother-little-son-sitting-windowsill-1360x907.webp","datePublished":"2024-01-08T13:30:42+00:00","dateModified":"2024-12-11T09:46:41+00:00","description":"K\u00fcmmern Sie sich um Ihre Holz-, PVC- und Aluminiumfenster. Pflegetipps, die die Haltbarkeit verl\u00e4ngern und die \u00c4sthetik \u00fcber Jahre hinweg erhalten!","breadcrumb":{"@id":"https:\/\/bertrand.pl\/zadbaj-o-swoje-okna\/#breadcrumb"},"inLanguage":"de","potentialAction":[{"@type":"ReadAction","target":["https:\/\/bertrand.pl\/zadbaj-o-swoje-okna\/"]}]},{"@type":"ImageObject","inLanguage":"de","@id":"https:\/\/bertrand.pl\/zadbaj-o-swoje-okna\/#primaryimage","url":"https:\/\/bertrand.pl\/wp-content\/uploads\/2024\/01\/mother-little-son-sitting-windowsill-1360x907.webp","contentUrl":"https:\/\/bertrand.pl\/wp-content\/uploads\/2024\/01\/mother-little-son-sitting-windowsill-1360x907.webp"},{"@type":"BreadcrumbList","@id":"https:\/\/bertrand.pl\/zadbaj-o-swoje-okna\/#breadcrumb","itemListElement":[{"@type":"ListItem","position":1,"name":"Strona g\u0142\u00f3wna","item":"https:\/\/bertrand.pl\/"},{"@type":"ListItem","position":2,"name":"Zadbaj o swoje okna"}]},{"@type":"WebSite","@id":"https:\/\/bertrand.pl\/#website","url":"https:\/\/bertrand.pl\/","name":"Bertrand.pl","description":"Firma Bertrand to certyfikowany i uznany producent najwy\u017cszej jako\u015bci okien z PVC, z drewna lub aluminium. Produkcja drzwi, rolet i bram gara\u017cowych.","publisher":{"@id":"https:\/\/bertrand.pl\/#organization"},"potentialAction":[{"@type":"SearchAction","target":{"@type":"EntryPoint","urlTemplate":"https:\/\/bertrand.pl\/?s={search_term_string}"},"query-input":{"@type":"PropertyValueSpecification","valueRequired":true,"valueName":"search_term_string"}}],"inLanguage":"de"},{"@type":"Organization","@id":"https:\/\/bertrand.pl\/#organization","name":"Bertrand.pl","url":"https:\/\/bertrand.pl\/","logo":{"@type":"ImageObject","inLanguage":"de","@id":"https:\/\/bertrand.pl\/#\/schema\/logo\/image\/","url":"https:\/\/bertrand.pl\/wp-content\/uploads\/2024\/12\/logo_BB_TM_PL_black.png","contentUrl":"https:\/\/bertrand.pl\/wp-content\/uploads\/2024\/12\/logo_BB_TM_PL_black.png","width":1831,"height":1831,"caption":"Bertrand.pl"},"image":{"@id":"https:\/\/bertrand.pl\/#\/schema\/logo\/image\/"},"sameAs":["https:\/\/www.facebook.com\/bertrandpolska\/","https:\/\/www.instagram.com\/bertrand_okna_i_drzwi\/","https:\/\/www.linkedin.com\/company\/bertrand\/","https:\/\/www.tiktok.com\/@bertrand_okna_drzwi"]},{"@type":"Person","@id":"https:\/\/bertrand.pl\/#\/schema\/person\/767d70e891d700b2e3c19083f31a484c","name":"w.achnik"}]}},"_links":{"self":[{"href":"https:\/\/bertrand.pl\/de\/wp-json\/wp\/v2\/pages\/1483","targetHints":{"allow":["GET"]}}],"collection":[{"href":"https:\/\/bertrand.pl\/de\/wp-json\/wp\/v2\/pages"}],"about":[{"href":"https:\/\/bertrand.pl\/de\/wp-json\/wp\/v2\/types\/page"}],"author":[{"embeddable":true,"href":"https:\/\/bertrand.pl\/de\/wp-json\/wp\/v2\/users\/7"}],"replies":[{"embeddable":true,"href":"https:\/\/bertrand.pl\/de\/wp-json\/wp\/v2\/comments?post=1483"}],"version-history":[{"count":10,"href":"https:\/\/bertrand.pl\/de\/wp-json\/wp\/v2\/pages\/1483\/revisions"}],"predecessor-version":[{"id":5499,"href":"https:\/\/bertrand.pl\/de\/wp-json\/wp\/v2\/pages\/1483\/revisions\/5499"}],"wp:attachment":[{"href":"https:\/\/bertrand.pl\/de\/wp-json\/wp\/v2\/media?parent=1483"}],"curies":[{"name":"wp","href":"https:\/\/api.w.org\/{rel}","templated":true}]}}