{"id":1762,"date":"2024-01-09T12:40:09","date_gmt":"2024-01-09T11:40:09","guid":{"rendered":"https:\/\/bertrand.pl\/?page_id=1762"},"modified":"2024-12-16T08:04:09","modified_gmt":"2024-12-16T07:04:09","slug":"kekse","status":"publish","type":"page","link":"https:\/\/bertrand.pl\/de\/pliki-cookies\/","title":{"rendered":"Cookies und Website-Bestimmungen"},"content":{"rendered":"<div data-elementor-type=\"wp-page\" data-elementor-id=\"1762\" class=\"elementor elementor-1762\" data-elementor-post-type=\"page\">\n\t\t\t\t<div class=\"elementor-element elementor-element-fcc143f e-flex e-con-boxed e-con e-parent\" data-id=\"fcc143f\" data-element_type=\"container\" data-e-type=\"container\" data-settings=\"{&quot;background_background&quot;:&quot;classic&quot;}\">\n\t\t\t\t\t<div class=\"e-con-inner\">\n\t\t<div class=\"elementor-element elementor-element-18dcb75 e-con-full e-flex e-con e-child\" data-id=\"18dcb75\" data-element_type=\"container\" data-e-type=\"container\">\n\t\t\t\t<div class=\"elementor-element elementor-element-970106e elementor-widget elementor-widget-heading\" data-id=\"970106e\" data-element_type=\"widget\" data-e-type=\"widget\" data-widget_type=\"heading.default\">\n\t\t\t\t<div class=\"elementor-widget-container\">\n\t\t\t\t\t<h1 class=\"elementor-heading-title elementor-size-default\">Cookies und Website-Bestimmungen<\/h1>\t\t\t\t<\/div>\n\t\t\t\t<\/div>\n\t\t\t\t<div class=\"elementor-element elementor-element-6c433bc elementor-widget elementor-widget-text-editor\" data-id=\"6c433bc\" data-element_type=\"widget\" data-e-type=\"widget\" data-widget_type=\"text-editor.default\">\n\t\t\t\t<div class=\"elementor-widget-container\">\n\t\t\t\t\t\t\t\t\t<p data-pm-slice=\"1 1 []\">Unsere Website erfasst keine automatischen Informationen, mit Ausnahme der in Cookies gespeicherten Daten. Cookies, auch \u201e<a href=\"https:\/\/pl.wikipedia.org\/wiki\/HTTP_cookie\">Kekse<\/a>\u201e, sind kleine Textdateien, die auf dem Endger\u00e4t des Nutzers gespeichert werden und eine effektive Nutzung der Website erm\u00f6glichen. Jedes Cookie enth\u00e4lt den Namen der Website, von der es stammt, die Speicherdauer und eine eindeutige Nummer.<\/p>\n<h3>Wer verwaltet Cookies?<\/h3>\n<p>Cookies werden vom Websitebetreiber gesetzt und gelesen \u2013 <strong>Bertrand Brothers Sp. z o.o. z o. o<\/strong> mit Sitz in Luzin, ul. Wejherowska 12, 84-242 Luzino. Das Unternehmen ist im Unternehmerregister des Landesgerichtsregisters unter der Nummer 1076593, NIP: 5881946629, REGON: 192042297 eingetragen.<\/p>\n<h3>Zweck der Verwendung von Cookies<\/h3>\n<p>Cookies erm\u00f6glichen uns:<\/p>\n<ul data-spread=\"false\">\n<li>\n<p>Erstens: Passen Sie den Inhalt der Website an die Vorlieben der Benutzer an und optimieren Sie die Nutzung der Website. Dank ihnen erkennen wir das Ger\u00e4t und zeigen die Website in der entsprechenden Version an.<\/p>\n<\/li>\n<li>\n<p>Zweitens: Erstellen Sie Statistiken, die helfen, die Nutzung der Website zu verstehen und ihre Funktionalit\u00e4t zu verbessern.<\/p>\n<\/li>\n<li>\n<p>Drittens: Halten Sie die Benutzersitzung aufrecht, damit Sie nach dem Login nicht auf jeder Unterseite wiederholt Daten eingeben m\u00fcssen.<\/p>\n<\/li>\n<\/ul>\n<h3>Arten der verwendeten Cookies<\/h3>\n<p>Wir verwenden auf unserer Website die folgenden Arten von Cookies:<\/p>\n<ol start=\"1\" data-spread=\"false\">\n<li>\n<p><strong>Essentiell<\/strong> \u2013 Erm\u00f6glichung der Nutzung grundlegender Funktionen, z.B. Login.<\/p>\n<\/li>\n<li>\n<p><strong>Sicherheit<\/strong> \u2013 Erkennung von Missbr\u00e4uchen bei Authentifizierungsprozessen.<\/p>\n<\/li>\n<li>\n<p><strong>Leistung<\/strong> \u2013 \u00dcberwachung der Nutzung der Website.<\/p>\n<\/li>\n<li>\n<p><strong>Funktional<\/strong> \u2013 Merken von Benutzereinstellungen, z. B. Sprache oder Schriftgr\u00f6\u00dfe.<\/p>\n<\/li>\n<li>\n<p><strong>Werbung<\/strong> \u2013 Bereitstellung von Werbeinhalten, die auf die Interessen des Nutzers zugeschnitten sind.<\/p>\n<\/li>\n<\/ol>\n<h3>Cookies verwalten<\/h3>\n<p>Die Standardeinstellungen von Webbrowsern erlauben die Speicherung von Cookies. Sie k\u00f6nnen diese jedoch jederzeit \u00e4ndern. Browser erm\u00f6glichen zus\u00e4tzlich:<\/p>\n<ul data-spread=\"false\">\n<li>\n<p>Cookies blockieren.<\/p>\n<\/li>\n<li>\n<p>Benachrichtigung \u00fcber jeden Versuch, ein Cookie zu speichern.<\/p>\n<\/li>\n<li>\n<p>Gespeicherte Cookies l\u00f6schen.<\/p>\n<\/li>\n<\/ul>\n<p>Detaillierte Informationen zum \u00c4ndern der Einstellungen finden Sie im Bereich \u201eHilfe\u201c Ihres Webbrowsers.<\/p>\n<h3>Auswirkungen der Einschr\u00e4nkung der Verwendung von Cookies<\/h3>\n<p>Das Einschr\u00e4nken oder Deaktivieren von Cookies kann die Funktionalit\u00e4t der Website beeintr\u00e4chtigen. Einige seiner Komponenten funktionieren m\u00f6glicherweise nicht ordnungsgem\u00e4\u00df oder sind nicht verf\u00fcgbar.<\/p>\n<h3>Cookies von Drittanbietern<\/h3>\n<p>Cookies k\u00f6nnen auch von unseren Partnern und Werbetreibenden verwendet werden. Diese Informationen stehen im Einklang mit den gesetzlichen Bestimmungen und werden verwendet, um Werbeinhalte an die Nutzer anzupassen.<\/p>\n<h3>Mehr Informationen<\/h3>\n<p>Weitere Informationen zu Cookies finden Sie in Ihren Browsereinstellungen oder indem Sie uns unter der folgenden E-Mail-Adresse kontaktieren: <a><strong>export.de@bertrand.pl<\/strong><\/a>.<\/p>\n<div>\n<hr>\n<\/div>\n<h3>Website-Bestimmungen<\/h3>\n<h4>Allgemeine Bestimmungen<\/h4>\n<p>Diese Bestimmungen, im Folgenden \u201eBestimmungen\u201c genannt, legen die Regeln f\u00fcr die Nutzung der von der Website betriebenen Website fest <strong>Bertrand Brothers Sp. z o.o. z o. o<\/strong> (im Folgenden \u201eDienstleister\u201c genannt). Die Verordnung beschreibt auch die Grunds\u00e4tze des Schutzes personenbezogener Daten gem\u00e4\u00df den Bestimmungen der DSGVO.<\/p>\n<h4>Regeln f\u00fcr die Nutzung der Website<\/h4>\n<p>Durch die Nutzung der Website verpflichten sich die Leistungsempf\u00e4nger zur Einhaltung der Gesetze und der in den Bestimmungen dargelegten Grunds\u00e4tze. Jeder Benutzer hat das Recht, auf den Inhalt der Website gem\u00e4\u00df den in den Bestimmungen festgelegten Bedingungen zuzugreifen.<\/p>\n<h4>Kontakt<\/h4>\n<p>Wenn Sie Fragen oder Probleme bei der Nutzung der Website haben, besuchen Sie bitte <a href=\"https:\/\/bertrand.pl\/de\/kontakt\/\">Kontakt<\/a> unter der E-Mail-Adresse: <a><strong>export.de@bertrand.pl<\/strong><\/a>.<\/p>\t\t\t\t\t\t\t\t<\/div>\n\t\t\t\t<\/div>\n\t\t\t\t<\/div>\n\t\t\t\t\t<\/div>\n\t\t\t\t<\/div>\n\t\t\t\t<\/div>","protected":false},"excerpt":{"rendered":"<p>Pliki cookies i Regulamin Serwisu Nasza strona internetowa nie gromadzi automatycznie \u017cadnych informacji, z wyj\u0105tkiem danych zapisanych w plikach cookies. Pliki cookies, zwane tak\u017ce &#8222;ciasteczkami&#8222;, to niewielkie pliki tekstowe przechowywane na urz\u0105dzeniu ko\u0144cowym u\u017cytkownika, kt\u00f3re umo\u017cliwiaj\u0105 efektywne korzystanie z serwisu. Ka\u017cdy plik cookie zawiera nazw\u0119 strony, z kt\u00f3rej pochodzi, czas przechowywania oraz unikalny numer. Kto [&hellip;]<\/p>\n","protected":false},"author":7,"featured_media":0,"parent":0,"menu_order":0,"comment_status":"closed","ping_status":"closed","template":"","meta":{"site-sidebar-layout":"no-sidebar","site-content-layout":"","ast-site-content-layout":"full-width-container","site-content-style":"default","site-sidebar-style":"default","ast-global-header-display":"","ast-banner-title-visibility":"","ast-main-header-display":"","ast-hfb-above-header-display":"","ast-hfb-below-header-display":"","ast-hfb-mobile-header-display":"","site-post-title":"disabled","ast-breadcrumbs-content":"","ast-featured-img":"disabled","footer-sml-layout":"","ast-disable-related-posts":"","theme-transparent-header-meta":"","adv-header-id-meta":"","stick-header-meta":"","header-above-stick-meta":"","header-main-stick-meta":"","header-below-stick-meta":"","astra-migrate-meta-layouts":"default","ast-page-background-enabled":"default","ast-page-background-meta":{"desktop":{"background-color":"var(--ast-global-color-4)","background-image":"","background-repeat":"repeat","background-position":"center center","background-size":"auto","background-attachment":"scroll","background-type":"","background-media":"","overlay-type":"","overlay-color":"","overlay-opacity":"","overlay-gradient":""},"tablet":{"background-color":"","background-image":"","background-repeat":"repeat","background-position":"center center","background-size":"auto","background-attachment":"scroll","background-type":"","background-media":"","overlay-type":"","overlay-color":"","overlay-opacity":"","overlay-gradient":""},"mobile":{"background-color":"","background-image":"","background-repeat":"repeat","background-position":"center center","background-size":"auto","background-attachment":"scroll","background-type":"","background-media":"","overlay-type":"","overlay-color":"","overlay-opacity":"","overlay-gradient":""}},"ast-content-background-meta":{"desktop":{"background-color":"var(--ast-global-color-5)","background-image":"","background-repeat":"repeat","background-position":"center center","background-size":"auto","background-attachment":"scroll","background-type":"","background-media":"","overlay-type":"","overlay-color":"","overlay-opacity":"","overlay-gradient":""},"tablet":{"background-color":"var(--ast-global-color-5)","background-image":"","background-repeat":"repeat","background-position":"center center","background-size":"auto","background-attachment":"scroll","background-type":"","background-media":"","overlay-type":"","overlay-color":"","overlay-opacity":"","overlay-gradient":""},"mobile":{"background-color":"var(--ast-global-color-5)","background-image":"","background-repeat":"repeat","background-position":"center center","background-size":"auto","background-attachment":"scroll","background-type":"","background-media":"","overlay-type":"","overlay-color":"","overlay-opacity":"","overlay-gradient":""}},"footnotes":""},"class_list":["post-1762","page","type-page","status-publish","hentry"],"yoast_head":"<!-- This site is optimized with the Yoast SEO Premium plugin v27.2 (Yoast SEO v27.2) - https:\/\/yoast.com\/product\/yoast-seo-premium-wordpress\/ -->\n<title>Pliki cookies i regulamin serwisu - Bertrand. Najwy\u017cszej jako\u015bci okna i drzwi. Certyfikowany producent od 1969 roku.<\/title>\n<meta name=\"description\" content=\"Dowiedz si\u0119, jak zarz\u0105dzamy pliki cookies i chronimy Twoje dane. Przejrzyste zasady korzystania z serwisu Bertrand \u2013 sprawd\u017a szczeg\u00f3\u0142y.\" \/>\n<meta name=\"robots\" content=\"index, follow, max-snippet:-1, max-image-preview:large, max-video-preview:-1\" \/>\n<link rel=\"canonical\" href=\"https:\/\/bertrand.pl\/de\/kekse\/\" \/>\n<meta property=\"og:locale\" content=\"de_DE\" \/>\n<meta property=\"og:type\" content=\"article\" \/>\n<meta property=\"og:title\" content=\"Pliki cookies i regulamin serwisu\" \/>\n<meta property=\"og:description\" content=\"Dowiedz si\u0119, jak zarz\u0105dzamy pliki cookies i chronimy Twoje dane. Przejrzyste zasady korzystania z serwisu Bertrand \u2013 sprawd\u017a szczeg\u00f3\u0142y.\" \/>\n<meta property=\"og:url\" content=\"https:\/\/bertrand.pl\/de\/kekse\/\" \/>\n<meta property=\"og:site_name\" content=\"Bertrand. Najwy\u017cszej jako\u015bci okna i drzwi. Certyfikowany producent od 1969 roku.\" \/>\n<meta property=\"article:publisher\" content=\"https:\/\/www.facebook.com\/bertrandpolska\/\" \/>\n<meta property=\"article:modified_time\" content=\"2024-12-16T07:04:09+00:00\" \/>\n<meta property=\"og:image\" content=\"https:\/\/bertrand.pl\/wp-content\/uploads\/2024\/01\/bertrand-blog.jpg\" \/>\n\t<meta property=\"og:image:width\" content=\"1280\" \/>\n\t<meta property=\"og:image:height\" content=\"720\" \/>\n\t<meta property=\"og:image:type\" content=\"image\/jpeg\" \/>\n<meta name=\"twitter:card\" content=\"summary_large_image\" \/>\n<meta name=\"twitter:label1\" content=\"Gesch\u00e4tzte Lesezeit\" \/>\n\t<meta name=\"twitter:data1\" content=\"3\u00a0Minuten\" \/>\n<script type=\"application\/ld+json\" class=\"yoast-schema-graph\">{\"@context\":\"https:\/\/schema.org\",\"@graph\":[{\"@type\":\"Article\",\"@id\":\"https:\/\/bertrand.pl\/pliki-cookies\/#article\",\"isPartOf\":{\"@id\":\"https:\/\/bertrand.pl\/pliki-cookies\/\"},\"author\":{\"name\":\"w.wachnik\",\"@id\":\"https:\/\/bertrand.pl\/#\/schema\/person\/767d70e891d700b2e3c19083f31a484c\"},\"headline\":\"Pliki cookies i regulamin serwisu\",\"datePublished\":\"2024-01-09T11:40:09+00:00\",\"dateModified\":\"2024-12-16T07:04:09+00:00\",\"mainEntityOfPage\":{\"@id\":\"https:\/\/bertrand.pl\/pliki-cookies\/\"},\"wordCount\":511,\"publisher\":{\"@id\":\"https:\/\/bertrand.pl\/#organization\"},\"inLanguage\":\"de\"},{\"@type\":\"WebPage\",\"@id\":\"https:\/\/bertrand.pl\/pliki-cookies\/\",\"url\":\"https:\/\/bertrand.pl\/pliki-cookies\/\",\"name\":\"Pliki cookies i regulamin serwisu - Bertrand. Najwy\u017cszej jako\u015bci okna i drzwi. Certyfikowany producent od 1969 roku.\",\"isPartOf\":{\"@id\":\"https:\/\/bertrand.pl\/#website\"},\"datePublished\":\"2024-01-09T11:40:09+00:00\",\"dateModified\":\"2024-12-16T07:04:09+00:00\",\"description\":\"Dowiedz si\u0119, jak zarz\u0105dzamy pliki cookies i chronimy Twoje dane. Przejrzyste zasady korzystania z serwisu Bertrand \u2013 sprawd\u017a szczeg\u00f3\u0142y.\",\"breadcrumb\":{\"@id\":\"https:\/\/bertrand.pl\/pliki-cookies\/#breadcrumb\"},\"inLanguage\":\"de\",\"potentialAction\":[{\"@type\":\"ReadAction\",\"target\":[\"https:\/\/bertrand.pl\/pliki-cookies\/\"]}]},{\"@type\":\"BreadcrumbList\",\"@id\":\"https:\/\/bertrand.pl\/pliki-cookies\/#breadcrumb\",\"itemListElement\":[{\"@type\":\"ListItem\",\"position\":1,\"name\":\"Strona g\u0142\u00f3wna\",\"item\":\"https:\/\/bertrand.pl\/\"},{\"@type\":\"ListItem\",\"position\":2,\"name\":\"Pliki cookies i regulamin serwisu\"}]},{\"@type\":\"WebSite\",\"@id\":\"https:\/\/bertrand.pl\/#website\",\"url\":\"https:\/\/bertrand.pl\/\",\"name\":\"Bertrand.pl\",\"description\":\"Firma Bertrand to certyfikowany i uznany producent najwy\u017cszej jako\u015bci okien z PVC, z drewna lub aluminium. Produkcja drzwi, rolet i bram gara\u017cowych.\",\"publisher\":{\"@id\":\"https:\/\/bertrand.pl\/#organization\"},\"potentialAction\":[{\"@type\":\"SearchAction\",\"target\":{\"@type\":\"EntryPoint\",\"urlTemplate\":\"https:\/\/bertrand.pl\/?s={search_term_string}\"},\"query-input\":{\"@type\":\"PropertyValueSpecification\",\"valueRequired\":true,\"valueName\":\"search_term_string\"}}],\"inLanguage\":\"de\"},{\"@type\":\"Organization\",\"@id\":\"https:\/\/bertrand.pl\/#organization\",\"name\":\"Bertrand.pl\",\"url\":\"https:\/\/bertrand.pl\/\",\"logo\":{\"@type\":\"ImageObject\",\"inLanguage\":\"de\",\"@id\":\"https:\/\/bertrand.pl\/#\/schema\/logo\/image\/\",\"url\":\"https:\/\/bertrand.pl\/wp-content\/uploads\/2024\/12\/logo_BB_TM_PL_black.png\",\"contentUrl\":\"https:\/\/bertrand.pl\/wp-content\/uploads\/2024\/12\/logo_BB_TM_PL_black.png\",\"width\":1831,\"height\":1831,\"caption\":\"Bertrand.pl\"},\"image\":{\"@id\":\"https:\/\/bertrand.pl\/#\/schema\/logo\/image\/\"},\"sameAs\":[\"https:\/\/www.facebook.com\/bertrandpolska\/\",\"https:\/\/www.instagram.com\/bertrand_okna_i_drzwi\/\",\"https:\/\/www.linkedin.com\/company\/bertrand\/\",\"https:\/\/www.tiktok.com\/@bertrand_okna_drzwi\"]},{\"@type\":\"Person\",\"@id\":\"https:\/\/bertrand.pl\/#\/schema\/person\/767d70e891d700b2e3c19083f31a484c\",\"name\":\"w.wachnik\"}]}<\/script>\n<!-- \/ Yoast SEO Premium plugin. -->","yoast_head_json":{"title":"Pliki cookies i regulamin serwisu - Bertrand. Najwy\u017cszej jako\u015bci okna i drzwi. Certyfikowany producent od 1969 roku.","description":"Erfahren Sie, wie wir Cookies verwalten und Ihre Daten sch\u00fctzen. Transparente Regeln f\u00fcr die Nutzung der Bertrand-Website \u2013 pr\u00fcfen Sie die Details.","robots":{"index":"index","follow":"follow","max-snippet":"max-snippet:-1","max-image-preview":"max-image-preview:large","max-video-preview":"max-video-preview:-1"},"canonical":"https:\/\/bertrand.pl\/de\/kekse\/","og_locale":"de_DE","og_type":"article","og_title":"Pliki cookies i regulamin serwisu","og_description":"Dowiedz si\u0119, jak zarz\u0105dzamy pliki cookies i chronimy Twoje dane. Przejrzyste zasady korzystania z serwisu Bertrand \u2013 sprawd\u017a szczeg\u00f3\u0142y.","og_url":"https:\/\/bertrand.pl\/de\/kekse\/","og_site_name":"Bertrand. Najwy\u017cszej jako\u015bci okna i drzwi. Certyfikowany producent od 1969 roku.","article_publisher":"https:\/\/www.facebook.com\/bertrandpolska\/","article_modified_time":"2024-12-16T07:04:09+00:00","og_image":[{"width":1280,"height":720,"url":"https:\/\/bertrand.pl\/wp-content\/uploads\/2024\/01\/bertrand-blog.jpg","type":"image\/jpeg"}],"twitter_card":"summary_large_image","twitter_misc":{"Gesch\u00e4tzte Lesezeit":"3\u00a0Minuten"},"schema":{"@context":"https:\/\/schema.org","@graph":[{"@type":"Article","@id":"https:\/\/bertrand.pl\/pliki-cookies\/#article","isPartOf":{"@id":"https:\/\/bertrand.pl\/pliki-cookies\/"},"author":{"name":"w.wachnik","@id":"https:\/\/bertrand.pl\/#\/schema\/person\/767d70e891d700b2e3c19083f31a484c"},"headline":"Pliki cookies i regulamin serwisu","datePublished":"2024-01-09T11:40:09+00:00","dateModified":"2024-12-16T07:04:09+00:00","mainEntityOfPage":{"@id":"https:\/\/bertrand.pl\/pliki-cookies\/"},"wordCount":511,"publisher":{"@id":"https:\/\/bertrand.pl\/#organization"},"inLanguage":"de"},{"@type":"WebPage","@id":"https:\/\/bertrand.pl\/pliki-cookies\/","url":"https:\/\/bertrand.pl\/pliki-cookies\/","name":"Pliki cookies i regulamin serwisu - Bertrand. Najwy\u017cszej jako\u015bci okna i drzwi. Certyfikowany producent od 1969 roku.","isPartOf":{"@id":"https:\/\/bertrand.pl\/#website"},"datePublished":"2024-01-09T11:40:09+00:00","dateModified":"2024-12-16T07:04:09+00:00","description":"Erfahren Sie, wie wir Cookies verwalten und Ihre Daten sch\u00fctzen. Transparente Regeln f\u00fcr die Nutzung der Bertrand-Website \u2013 pr\u00fcfen Sie die Details.","breadcrumb":{"@id":"https:\/\/bertrand.pl\/pliki-cookies\/#breadcrumb"},"inLanguage":"de","potentialAction":[{"@type":"ReadAction","target":["https:\/\/bertrand.pl\/pliki-cookies\/"]}]},{"@type":"BreadcrumbList","@id":"https:\/\/bertrand.pl\/pliki-cookies\/#breadcrumb","itemListElement":[{"@type":"ListItem","position":1,"name":"Strona g\u0142\u00f3wna","item":"https:\/\/bertrand.pl\/"},{"@type":"ListItem","position":2,"name":"Pliki cookies i regulamin serwisu"}]},{"@type":"WebSite","@id":"https:\/\/bertrand.pl\/#website","url":"https:\/\/bertrand.pl\/","name":"Bertrand.pl","description":"Firma Bertrand to certyfikowany i uznany producent najwy\u017cszej jako\u015bci okien z PVC, z drewna lub aluminium. Produkcja drzwi, rolet i bram gara\u017cowych.","publisher":{"@id":"https:\/\/bertrand.pl\/#organization"},"potentialAction":[{"@type":"SearchAction","target":{"@type":"EntryPoint","urlTemplate":"https:\/\/bertrand.pl\/?s={search_term_string}"},"query-input":{"@type":"PropertyValueSpecification","valueRequired":true,"valueName":"search_term_string"}}],"inLanguage":"de"},{"@type":"Organization","@id":"https:\/\/bertrand.pl\/#organization","name":"Bertrand.pl","url":"https:\/\/bertrand.pl\/","logo":{"@type":"ImageObject","inLanguage":"de","@id":"https:\/\/bertrand.pl\/#\/schema\/logo\/image\/","url":"https:\/\/bertrand.pl\/wp-content\/uploads\/2024\/12\/logo_BB_TM_PL_black.png","contentUrl":"https:\/\/bertrand.pl\/wp-content\/uploads\/2024\/12\/logo_BB_TM_PL_black.png","width":1831,"height":1831,"caption":"Bertrand.pl"},"image":{"@id":"https:\/\/bertrand.pl\/#\/schema\/logo\/image\/"},"sameAs":["https:\/\/www.facebook.com\/bertrandpolska\/","https:\/\/www.instagram.com\/bertrand_okna_i_drzwi\/","https:\/\/www.linkedin.com\/company\/bertrand\/","https:\/\/www.tiktok.com\/@bertrand_okna_drzwi"]},{"@type":"Person","@id":"https:\/\/bertrand.pl\/#\/schema\/person\/767d70e891d700b2e3c19083f31a484c","name":"w.achnik"}]}},"_links":{"self":[{"href":"https:\/\/bertrand.pl\/de\/wp-json\/wp\/v2\/pages\/1762","targetHints":{"allow":["GET"]}}],"collection":[{"href":"https:\/\/bertrand.pl\/de\/wp-json\/wp\/v2\/pages"}],"about":[{"href":"https:\/\/bertrand.pl\/de\/wp-json\/wp\/v2\/types\/page"}],"author":[{"embeddable":true,"href":"https:\/\/bertrand.pl\/de\/wp-json\/wp\/v2\/users\/7"}],"replies":[{"embeddable":true,"href":"https:\/\/bertrand.pl\/de\/wp-json\/wp\/v2\/comments?post=1762"}],"version-history":[{"count":16,"href":"https:\/\/bertrand.pl\/de\/wp-json\/wp\/v2\/pages\/1762\/revisions"}],"predecessor-version":[{"id":5671,"href":"https:\/\/bertrand.pl\/de\/wp-json\/wp\/v2\/pages\/1762\/revisions\/5671"}],"wp:attachment":[{"href":"https:\/\/bertrand.pl\/de\/wp-json\/wp\/v2\/media?parent=1762"}],"curies":[{"name":"wp","href":"https:\/\/api.w.org\/{rel}","templated":true}]}}