{"id":1783,"date":"2024-01-09T12:49:44","date_gmt":"2024-01-09T11:49:44","guid":{"rendered":"https:\/\/bertrand.pl\/?page_id=1783"},"modified":"2026-01-09T08:59:15","modified_gmt":"2026-01-09T07:59:15","slug":"dsgvo","status":"publish","type":"page","link":"https:\/\/bertrand.pl\/de\/rodo\/","title":{"rendered":"Informationen zum Schutz personenbezogener Daten"},"content":{"rendered":"<div data-elementor-type=\"wp-page\" data-elementor-id=\"1783\" class=\"elementor elementor-1783\" data-elementor-post-type=\"page\">\n\t\t\t\t<div class=\"elementor-element elementor-element-ff4da73 e-flex e-con-boxed e-con e-parent\" data-id=\"ff4da73\" data-element_type=\"container\" data-e-type=\"container\" data-settings=\"{&quot;background_background&quot;:&quot;classic&quot;}\">\n\t\t\t\t\t<div class=\"e-con-inner\">\n\t\t<div class=\"elementor-element elementor-element-e16b941 e-con-full e-flex e-con e-child\" data-id=\"e16b941\" data-element_type=\"container\" data-e-type=\"container\">\n\t\t\t\t<div class=\"elementor-element elementor-element-e62673f elementor-widget elementor-widget-heading\" data-id=\"e62673f\" data-element_type=\"widget\" data-e-type=\"widget\" data-widget_type=\"heading.default\">\n\t\t\t\t<div class=\"elementor-widget-container\">\n\t\t\t\t\t<h1 class=\"elementor-heading-title elementor-size-default\">Datenschutz-Grundverordnung<\/h1>\t\t\t\t<\/div>\n\t\t\t\t<\/div>\n\t\t\t\t<div class=\"elementor-element elementor-element-083e881 elementor-widget elementor-widget-text-editor\" data-id=\"083e881\" data-element_type=\"widget\" data-e-type=\"widget\" data-widget_type=\"text-editor.default\">\n\t\t\t\t<div class=\"elementor-widget-container\">\n\t\t\t\t\t\t\t\t\t<h4>INFORMATIONEN ZUM SCHUTZ PERSONENBEZOGENER DATEN - GEM\u00c4SS DSGVO<\/h4>\n<p><\/p>\n<p><span style=\"font-style: inherit; font-weight: inherit; text-align: var(--text-align); background-color: var(--ast-global-color-5);\">Informationen zum Schutz personenbezogener Daten. Seit dem 25. Mai 2018 ist die EU-Verordnung 2016\/679 (DSGVO) in Kraft, die den Schutz personenbezogener Daten regelt. Ziel dieses Gesetzes ist es, den Schutz der Daten nat\u00fcrlicher Personen zu erh\u00f6hen und eine st\u00e4rkere Kontrolle \u00fcber deren Verarbeitung durch in der Europ\u00e4ischen Union t\u00e4tige Stellen sicherzustellen. Deshalb informieren wir Sie ausf\u00fchrlich \u00fcber den Schutz Ihrer personenbezogenen Daten.<\/span><\/p>\n<h3><strong>Unser Ansatz zum Schutz personenbezogener Daten<\/strong><\/h3><div><strong><br><\/strong><\/div>\n<p>Das Unternehmen Bracia Bertrand sp. z o. o. mit Sitz in Luzino, ul. Wejherowska 12, 84-242 Luzino, arbeitet gem\u00e4\u00df den h\u00f6chsten Datenschutzstandards. Daher unternehmen wir alle Anstrengungen, um deren Sicherheit und die Einhaltung der Bestimmungen der DSGVO zu gew\u00e4hrleisten. Das Unternehmen ist unter der KRS-Nummer 1076593, NIP: 5881946629 und REGON: 192042297 registriert.<\/p>\n<h3><strong>Zwecke und Grundlage der Datenverarbeitung<\/strong><\/h3><div><strong><br><\/strong><\/div>\n<p>Wir verarbeiten personenbezogene Daten zu folgenden Zwecken:<\/p>\n<ul>\n<li>Zur Durchf\u00fchrung mit Ihnen geschlossener Vertr\u00e4ge, zB Dienstleistungs- oder Bauvertr\u00e4ge (Art. 6 Abs. 1 lit. b DSGVO).<\/li>\n<li>Zur Erf\u00fcllung gesetzlicher Anforderungen, etwa steuerlicher oder buchhalterischer Art (Art. 6 Abs. 1 lit. c DSGVO).<\/li>\n<li>Zur Wahrung unserer berechtigten Interessen, etwa zur Verfolgung von Anspr\u00fcchen (Art. 6 Abs. 1 lit. f DSGVO).<\/li>\n<li>Sofern Sie Ihre Einwilligung erteilt haben, auch f\u00fcr die in der Einwilligung genannten Zwecke (Art. 6 Abs. 1 lit. a DSGVO).<\/li>\n<\/ul>\n<h3><strong>Wie lange speichern wir Daten?<\/strong><\/h3><div><strong><br><\/strong><\/div>\n<p>Wir speichern die Daten bis zur Erf\u00fcllung gesetzlicher Pflichten, Ablauf von Vertr\u00e4gen, Widerruf einer Einwilligung oder Verj\u00e4hrung von Anspr\u00fcchen. Die maximale Aufbewahrungsdauer betr\u00e4gt jedoch 10 Jahre ab F\u00e4lligkeit der Anspr\u00fcche.<\/p>\n<h3><strong>Empf\u00e4nger personenbezogener Daten<\/strong><\/h3><div><strong><br><\/strong><\/div>\n<p>Ihre Daten k\u00f6nnen an Einrichtungen weitergegeben werden, die unsere Aktivit\u00e4ten unterst\u00fctzen, wie etwa Banken, Zahlungsinstitute oder Subunternehmer.<\/p>\n<h3><strong>Rechte nach der DSGVO<\/strong><\/h3><div><strong><br><\/strong><\/div>\n<p>Gem\u00e4\u00df der DSGVO haben Sie das Recht:<\/p>\n<ul>\n<li>Greifen Sie auf Ihre Daten zu und erhalten Sie eine Kopie davon.<\/li>\n<li>L\u00f6schung Ihrer Daten, wenn deren Verarbeitung nicht mehr erforderlich ist (\u201eRecht auf Vergessenwerden\u201c).<\/li>\n<li>\u00dcbertragen von Daten in einem strukturierten Format.<\/li>\n<li>Einschr\u00e4nkung der Verarbeitung in bestimmten F\u00e4llen.<\/li>\n<li>Korrigieren Sie Ihre Daten, wenn diese veraltet oder falsch sind.<\/li>\n<li>Widerspruch gegen die Verarbeitung, auch zu Marketingzwecken.<\/li>\n<li>Sie k\u00f6nnen Ihre Einwilligung zur Verarbeitung jederzeit widerrufen.<\/li>\n<\/ul>\n<h3><strong>Datensicherheit<\/strong><\/h3><div><strong><br><\/strong><\/div>\n<p>Die Daten werden durch modernste technische und organisatorische Ma\u00dfnahmen gesch\u00fctzt. Informationen \u00fcber Kundenbeziehungen behandeln wir als Gesch\u00e4ftsgeheimnis.<\/p>\n<h3><strong>Kontakt zum Datenschutzbeauftragten<\/strong><\/h3><div><strong><br><\/strong><\/div>\n<p>Bei Fragen wenden Sie sich bitte an den Datenschutzbeauftragten. Er ist unter folgender E-Mail-Adresse erreichbar: <a rel=\"noopener\">iod@bertrand.pl<\/a> oder per Post an die Firmenadresse mit dem Vermerk \u201eDatenschutzinspektor\u201c.<\/p>\n<h3><strong>Daten\u00fcbermittlung au\u00dferhalb der Europ\u00e4ischen Union<\/strong><\/h3><div><strong><br><\/strong><\/div>\n<p>Wir informieren Sie, dass keine personenbezogenen Daten au\u00dferhalb der Europ\u00e4ischen Union \u00fcbermittelt werden. Dar\u00fcber hinaus erfolgt keine Profilerstellung im Rahmen der Datenverarbeitung.<\/p>\n<p>Wenn Sie Fragen zum Datenschutz haben, nehmen Sie bitte Kontakt mit uns auf.<\/p>\t\t\t\t\t\t\t\t<\/div>\n\t\t\t\t<\/div>\n\t\t\t\t<\/div>\n\t\t\t\t\t<\/div>\n\t\t\t\t<\/div>\n\t\t\t\t<\/div>","protected":false},"excerpt":{"rendered":"<p>Rozporz\u0105dzenie Og\u00f3lne o Ochronie Danych Osobowych INFORMACJA O OCHRONIE DANYCH OSOBOWYCH \u2013 ZGODNIE Z RODO Informacja o ochronie danych osobowych. Od 25 maja 2018 roku obowi\u0105zuje rozporz\u0105dzenie UE 2016\/679 (RODO), kt\u00f3re reguluje kwestie ochrony danych osobowych. Celem tego aktu jest zwi\u0119kszenie ochrony danych os\u00f3b fizycznych oraz zapewnienie wi\u0119kszej kontroli nad ich przetwarzaniem przez podmioty dzia\u0142aj\u0105ce [&hellip;]<\/p>\n","protected":false},"author":7,"featured_media":0,"parent":0,"menu_order":0,"comment_status":"closed","ping_status":"closed","template":"elementor_header_footer","meta":{"site-sidebar-layout":"no-sidebar","site-content-layout":"","ast-site-content-layout":"full-width-container","site-content-style":"default","site-sidebar-style":"default","ast-global-header-display":"","ast-banner-title-visibility":"","ast-main-header-display":"","ast-hfb-above-header-display":"","ast-hfb-below-header-display":"","ast-hfb-mobile-header-display":"","site-post-title":"disabled","ast-breadcrumbs-content":"","ast-featured-img":"disabled","footer-sml-layout":"","ast-disable-related-posts":"","theme-transparent-header-meta":"","adv-header-id-meta":"","stick-header-meta":"","header-above-stick-meta":"","header-main-stick-meta":"","header-below-stick-meta":"","astra-migrate-meta-layouts":"default","ast-page-background-enabled":"default","ast-page-background-meta":{"desktop":{"background-color":"var(--ast-global-color-4)","background-image":"","background-repeat":"repeat","background-position":"center center","background-size":"auto","background-attachment":"scroll","background-type":"","background-media":"","overlay-type":"","overlay-color":"","overlay-opacity":"","overlay-gradient":""},"tablet":{"background-color":"","background-image":"","background-repeat":"repeat","background-position":"center center","background-size":"auto","background-attachment":"scroll","background-type":"","background-media":"","overlay-type":"","overlay-color":"","overlay-opacity":"","overlay-gradient":""},"mobile":{"background-color":"","background-image":"","background-repeat":"repeat","background-position":"center center","background-size":"auto","background-attachment":"scroll","background-type":"","background-media":"","overlay-type":"","overlay-color":"","overlay-opacity":"","overlay-gradient":""}},"ast-content-background-meta":{"desktop":{"background-color":"var(--ast-global-color-5)","background-image":"","background-repeat":"repeat","background-position":"center center","background-size":"auto","background-attachment":"scroll","background-type":"","background-media":"","overlay-type":"","overlay-color":"","overlay-opacity":"","overlay-gradient":""},"tablet":{"background-color":"var(--ast-global-color-5)","background-image":"","background-repeat":"repeat","background-position":"center center","background-size":"auto","background-attachment":"scroll","background-type":"","background-media":"","overlay-type":"","overlay-color":"","overlay-opacity":"","overlay-gradient":""},"mobile":{"background-color":"var(--ast-global-color-5)","background-image":"","background-repeat":"repeat","background-position":"center center","background-size":"auto","background-attachment":"scroll","background-type":"","background-media":"","overlay-type":"","overlay-color":"","overlay-opacity":"","overlay-gradient":""}},"footnotes":""},"class_list":["post-1783","page","type-page","status-publish","hentry"],"yoast_head":"<!-- This site is optimized with the Yoast SEO Premium plugin v27.2 (Yoast SEO v27.2) - https:\/\/yoast.com\/product\/yoast-seo-premium-wordpress\/ -->\n<title>Informacja o ochronie danych osobowych - Bertrand. Najwy\u017cszej jako\u015bci okna i drzwi. Certyfikowany producent od 1969 roku.<\/title>\n<meta name=\"description\" content=\"Informacja o ochronie danych osobowych. Pe\u0142na zgodno\u015b\u0107, bezpiecze\u0144stwo i prawa do Twoich danych w firmie BERTRAND.\" \/>\n<meta name=\"robots\" content=\"index, follow, max-snippet:-1, max-image-preview:large, max-video-preview:-1\" \/>\n<link rel=\"canonical\" href=\"https:\/\/bertrand.pl\/de\/dsgvo\/\" \/>\n<meta property=\"og:locale\" content=\"de_DE\" \/>\n<meta property=\"og:type\" content=\"article\" \/>\n<meta property=\"og:title\" content=\"Informacja o ochronie danych osobowych\" \/>\n<meta property=\"og:description\" content=\"Informacja o ochronie danych osobowych. Pe\u0142na zgodno\u015b\u0107, bezpiecze\u0144stwo i prawa do Twoich danych w firmie BERTRAND.\" \/>\n<meta property=\"og:url\" content=\"https:\/\/bertrand.pl\/de\/dsgvo\/\" \/>\n<meta property=\"og:site_name\" content=\"Bertrand. Najwy\u017cszej jako\u015bci okna i drzwi. Certyfikowany producent od 1969 roku.\" \/>\n<meta property=\"article:publisher\" content=\"https:\/\/www.facebook.com\/bertrandpolska\/\" \/>\n<meta property=\"article:modified_time\" content=\"2026-01-09T07:59:15+00:00\" \/>\n<meta property=\"og:image\" content=\"https:\/\/bertrand.pl\/wp-content\/uploads\/2024\/01\/bertrand-blog.jpg\" \/>\n\t<meta property=\"og:image:width\" content=\"1280\" \/>\n\t<meta property=\"og:image:height\" content=\"720\" \/>\n\t<meta property=\"og:image:type\" content=\"image\/jpeg\" \/>\n<meta name=\"twitter:card\" content=\"summary_large_image\" \/>\n<meta name=\"twitter:label1\" content=\"Gesch\u00e4tzte Lesezeit\" \/>\n\t<meta name=\"twitter:data1\" content=\"3\u00a0Minuten\" \/>\n<script type=\"application\/ld+json\" class=\"yoast-schema-graph\">{\"@context\":\"https:\/\/schema.org\",\"@graph\":[{\"@type\":\"Article\",\"@id\":\"https:\/\/bertrand.pl\/rodo\/#article\",\"isPartOf\":{\"@id\":\"https:\/\/bertrand.pl\/rodo\/\"},\"author\":{\"name\":\"w.wachnik\",\"@id\":\"https:\/\/bertrand.pl\/#\/schema\/person\/767d70e891d700b2e3c19083f31a484c\"},\"headline\":\"Informacja o ochronie danych osobowych\",\"datePublished\":\"2024-01-09T11:49:44+00:00\",\"dateModified\":\"2026-01-09T07:59:15+00:00\",\"mainEntityOfPage\":{\"@id\":\"https:\/\/bertrand.pl\/rodo\/\"},\"wordCount\":454,\"publisher\":{\"@id\":\"https:\/\/bertrand.pl\/#organization\"},\"inLanguage\":\"de\"},{\"@type\":\"WebPage\",\"@id\":\"https:\/\/bertrand.pl\/rodo\/\",\"url\":\"https:\/\/bertrand.pl\/rodo\/\",\"name\":\"Informacja o ochronie danych osobowych - Bertrand. Najwy\u017cszej jako\u015bci okna i drzwi. Certyfikowany producent od 1969 roku.\",\"isPartOf\":{\"@id\":\"https:\/\/bertrand.pl\/#website\"},\"datePublished\":\"2024-01-09T11:49:44+00:00\",\"dateModified\":\"2026-01-09T07:59:15+00:00\",\"description\":\"Informacja o ochronie danych osobowych. Pe\u0142na zgodno\u015b\u0107, bezpiecze\u0144stwo i prawa do Twoich danych w firmie BERTRAND.\",\"breadcrumb\":{\"@id\":\"https:\/\/bertrand.pl\/rodo\/#breadcrumb\"},\"inLanguage\":\"de\",\"potentialAction\":[{\"@type\":\"ReadAction\",\"target\":[\"https:\/\/bertrand.pl\/rodo\/\"]}]},{\"@type\":\"BreadcrumbList\",\"@id\":\"https:\/\/bertrand.pl\/rodo\/#breadcrumb\",\"itemListElement\":[{\"@type\":\"ListItem\",\"position\":1,\"name\":\"Strona g\u0142\u00f3wna\",\"item\":\"https:\/\/bertrand.pl\/\"},{\"@type\":\"ListItem\",\"position\":2,\"name\":\"Informacja o ochronie danych osobowych\"}]},{\"@type\":\"WebSite\",\"@id\":\"https:\/\/bertrand.pl\/#website\",\"url\":\"https:\/\/bertrand.pl\/\",\"name\":\"Bertrand.pl\",\"description\":\"Firma Bertrand to certyfikowany i uznany producent najwy\u017cszej jako\u015bci okien z PVC, z drewna lub aluminium. Produkcja drzwi, rolet i bram gara\u017cowych.\",\"publisher\":{\"@id\":\"https:\/\/bertrand.pl\/#organization\"},\"potentialAction\":[{\"@type\":\"SearchAction\",\"target\":{\"@type\":\"EntryPoint\",\"urlTemplate\":\"https:\/\/bertrand.pl\/?s={search_term_string}\"},\"query-input\":{\"@type\":\"PropertyValueSpecification\",\"valueRequired\":true,\"valueName\":\"search_term_string\"}}],\"inLanguage\":\"de\"},{\"@type\":\"Organization\",\"@id\":\"https:\/\/bertrand.pl\/#organization\",\"name\":\"Bertrand.pl\",\"url\":\"https:\/\/bertrand.pl\/\",\"logo\":{\"@type\":\"ImageObject\",\"inLanguage\":\"de\",\"@id\":\"https:\/\/bertrand.pl\/#\/schema\/logo\/image\/\",\"url\":\"https:\/\/bertrand.pl\/wp-content\/uploads\/2024\/12\/logo_BB_TM_PL_black.png\",\"contentUrl\":\"https:\/\/bertrand.pl\/wp-content\/uploads\/2024\/12\/logo_BB_TM_PL_black.png\",\"width\":1831,\"height\":1831,\"caption\":\"Bertrand.pl\"},\"image\":{\"@id\":\"https:\/\/bertrand.pl\/#\/schema\/logo\/image\/\"},\"sameAs\":[\"https:\/\/www.facebook.com\/bertrandpolska\/\",\"https:\/\/www.instagram.com\/bertrand_okna_i_drzwi\/\",\"https:\/\/www.linkedin.com\/company\/bertrand\/\",\"https:\/\/www.tiktok.com\/@bertrand_okna_drzwi\"]},{\"@type\":\"Person\",\"@id\":\"https:\/\/bertrand.pl\/#\/schema\/person\/767d70e891d700b2e3c19083f31a484c\",\"name\":\"w.wachnik\"}]}<\/script>\n<!-- \/ Yoast SEO Premium plugin. -->","yoast_head_json":{"title":"Informacja o ochronie danych osobowych - Bertrand. Najwy\u017cszej jako\u015bci okna i drzwi. Certyfikowany producent od 1969 roku.","description":"Informationen zum Schutz personenbezogener Daten. Volle Compliance, Sicherheit und Rechte an Ihren Daten bei BERTRAND.","robots":{"index":"index","follow":"follow","max-snippet":"max-snippet:-1","max-image-preview":"max-image-preview:large","max-video-preview":"max-video-preview:-1"},"canonical":"https:\/\/bertrand.pl\/de\/dsgvo\/","og_locale":"de_DE","og_type":"article","og_title":"Informacja o ochronie danych osobowych","og_description":"Informacja o ochronie danych osobowych. Pe\u0142na zgodno\u015b\u0107, bezpiecze\u0144stwo i prawa do Twoich danych w firmie BERTRAND.","og_url":"https:\/\/bertrand.pl\/de\/dsgvo\/","og_site_name":"Bertrand. Najwy\u017cszej jako\u015bci okna i drzwi. Certyfikowany producent od 1969 roku.","article_publisher":"https:\/\/www.facebook.com\/bertrandpolska\/","article_modified_time":"2026-01-09T07:59:15+00:00","og_image":[{"width":1280,"height":720,"url":"https:\/\/bertrand.pl\/wp-content\/uploads\/2024\/01\/bertrand-blog.jpg","type":"image\/jpeg"}],"twitter_card":"summary_large_image","twitter_misc":{"Gesch\u00e4tzte Lesezeit":"3\u00a0Minuten"},"schema":{"@context":"https:\/\/schema.org","@graph":[{"@type":"Article","@id":"https:\/\/bertrand.pl\/rodo\/#article","isPartOf":{"@id":"https:\/\/bertrand.pl\/rodo\/"},"author":{"name":"w.wachnik","@id":"https:\/\/bertrand.pl\/#\/schema\/person\/767d70e891d700b2e3c19083f31a484c"},"headline":"Informacja o ochronie danych osobowych","datePublished":"2024-01-09T11:49:44+00:00","dateModified":"2026-01-09T07:59:15+00:00","mainEntityOfPage":{"@id":"https:\/\/bertrand.pl\/rodo\/"},"wordCount":454,"publisher":{"@id":"https:\/\/bertrand.pl\/#organization"},"inLanguage":"de"},{"@type":"WebPage","@id":"https:\/\/bertrand.pl\/rodo\/","url":"https:\/\/bertrand.pl\/rodo\/","name":"Informacja o ochronie danych osobowych - Bertrand. Najwy\u017cszej jako\u015bci okna i drzwi. Certyfikowany producent od 1969 roku.","isPartOf":{"@id":"https:\/\/bertrand.pl\/#website"},"datePublished":"2024-01-09T11:49:44+00:00","dateModified":"2026-01-09T07:59:15+00:00","description":"Informationen zum Schutz personenbezogener Daten. Volle Compliance, Sicherheit und Rechte an Ihren Daten bei BERTRAND.","breadcrumb":{"@id":"https:\/\/bertrand.pl\/rodo\/#breadcrumb"},"inLanguage":"de","potentialAction":[{"@type":"ReadAction","target":["https:\/\/bertrand.pl\/rodo\/"]}]},{"@type":"BreadcrumbList","@id":"https:\/\/bertrand.pl\/rodo\/#breadcrumb","itemListElement":[{"@type":"ListItem","position":1,"name":"Strona g\u0142\u00f3wna","item":"https:\/\/bertrand.pl\/"},{"@type":"ListItem","position":2,"name":"Informacja o ochronie danych osobowych"}]},{"@type":"WebSite","@id":"https:\/\/bertrand.pl\/#website","url":"https:\/\/bertrand.pl\/","name":"Bertrand.pl","description":"Firma Bertrand to certyfikowany i uznany producent najwy\u017cszej jako\u015bci okien z PVC, z drewna lub aluminium. Produkcja drzwi, rolet i bram gara\u017cowych.","publisher":{"@id":"https:\/\/bertrand.pl\/#organization"},"potentialAction":[{"@type":"SearchAction","target":{"@type":"EntryPoint","urlTemplate":"https:\/\/bertrand.pl\/?s={search_term_string}"},"query-input":{"@type":"PropertyValueSpecification","valueRequired":true,"valueName":"search_term_string"}}],"inLanguage":"de"},{"@type":"Organization","@id":"https:\/\/bertrand.pl\/#organization","name":"Bertrand.pl","url":"https:\/\/bertrand.pl\/","logo":{"@type":"ImageObject","inLanguage":"de","@id":"https:\/\/bertrand.pl\/#\/schema\/logo\/image\/","url":"https:\/\/bertrand.pl\/wp-content\/uploads\/2024\/12\/logo_BB_TM_PL_black.png","contentUrl":"https:\/\/bertrand.pl\/wp-content\/uploads\/2024\/12\/logo_BB_TM_PL_black.png","width":1831,"height":1831,"caption":"Bertrand.pl"},"image":{"@id":"https:\/\/bertrand.pl\/#\/schema\/logo\/image\/"},"sameAs":["https:\/\/www.facebook.com\/bertrandpolska\/","https:\/\/www.instagram.com\/bertrand_okna_i_drzwi\/","https:\/\/www.linkedin.com\/company\/bertrand\/","https:\/\/www.tiktok.com\/@bertrand_okna_drzwi"]},{"@type":"Person","@id":"https:\/\/bertrand.pl\/#\/schema\/person\/767d70e891d700b2e3c19083f31a484c","name":"w.achnik"}]}},"_links":{"self":[{"href":"https:\/\/bertrand.pl\/de\/wp-json\/wp\/v2\/pages\/1783","targetHints":{"allow":["GET"]}}],"collection":[{"href":"https:\/\/bertrand.pl\/de\/wp-json\/wp\/v2\/pages"}],"about":[{"href":"https:\/\/bertrand.pl\/de\/wp-json\/wp\/v2\/types\/page"}],"author":[{"embeddable":true,"href":"https:\/\/bertrand.pl\/de\/wp-json\/wp\/v2\/users\/7"}],"replies":[{"embeddable":true,"href":"https:\/\/bertrand.pl\/de\/wp-json\/wp\/v2\/comments?post=1783"}],"version-history":[{"count":25,"href":"https:\/\/bertrand.pl\/de\/wp-json\/wp\/v2\/pages\/1783\/revisions"}],"predecessor-version":[{"id":6419,"href":"https:\/\/bertrand.pl\/de\/wp-json\/wp\/v2\/pages\/1783\/revisions\/6419"}],"wp:attachment":[{"href":"https:\/\/bertrand.pl\/de\/wp-json\/wp\/v2\/media?parent=1783"}],"curies":[{"name":"wp","href":"https:\/\/api.w.org\/{rel}","templated":true}]}}