{"id":1802,"date":"2024-01-09T13:00:29","date_gmt":"2024-01-09T12:00:29","guid":{"rendered":"https:\/\/bertrand.pl\/?page_id=1802"},"modified":"2024-12-12T08:30:42","modified_gmt":"2024-12-12T07:30:42","slug":"allgemeine-verkaufs-und-lieferbedingungen","status":"publish","type":"page","link":"https:\/\/bertrand.pl\/de\/ogolne-warunki-sprzedazy-i-dostaw\/","title":{"rendered":"Allgemeine Verkaufs- und Lieferbedingungen"},"content":{"rendered":"<div data-elementor-type=\"wp-page\" data-elementor-id=\"1802\" class=\"elementor elementor-1802\" data-elementor-post-type=\"page\">\n\t\t\t\t<div class=\"elementor-element elementor-element-f0b0d6e e-flex e-con-boxed e-con e-parent\" data-id=\"f0b0d6e\" data-element_type=\"container\" data-e-type=\"container\" data-settings=\"{&quot;background_background&quot;:&quot;classic&quot;}\">\n\t\t\t\t\t<div class=\"e-con-inner\">\n\t\t<div class=\"elementor-element elementor-element-d0ee6fa e-con-full e-flex e-con e-child\" data-id=\"d0ee6fa\" data-element_type=\"container\" data-e-type=\"container\">\n\t\t\t\t<div class=\"elementor-element elementor-element-7727a4a elementor-widget elementor-widget-heading\" data-id=\"7727a4a\" data-element_type=\"widget\" data-e-type=\"widget\" data-widget_type=\"heading.default\">\n\t\t\t\t<div class=\"elementor-widget-container\">\n\t\t\t\t\t<h1 class=\"elementor-heading-title elementor-size-default\">Allgemeine Verkaufs- und Lieferbedingungen<\/h1>\t\t\t\t<\/div>\n\t\t\t\t<\/div>\n\t\t\t\t<div class=\"elementor-element elementor-element-2beb4b1 elementor-widget elementor-widget-text-editor\" data-id=\"2beb4b1\" data-element_type=\"widget\" data-e-type=\"widget\" data-widget_type=\"text-editor.default\">\n\t\t\t\t<div class=\"elementor-widget-container\">\n\t\t\t\t\t\t\t\t\t<p>In der Ihnen vorliegenden PDF-Datei \u201eAllgemeine Verkaufs- und Lieferbedingungen\u201c finden Sie ausf\u00fchrliche und f\u00fcr jede Gesch\u00e4ftsabwicklung ma\u00dfgebliche Informationen. Das Dokument ist eine wertvolle Wissensquelle zu verschiedenen Aspekten des Vertrags und sein gr\u00fcndliches Verst\u00e4ndnis kann die Einkaufs- und Logistikprozesse erheblich verbessern.<\/p><h4>Definitionen der wichtigsten Begriffe im Vertrag<\/h4><p>In dem Dokument werden die wichtigsten im Vertrag verwendeten Begriffe aufgef\u00fchrt, wodurch Missverst\u00e4ndnisse und Missverst\u00e4ndnisse vermieden werden k\u00f6nnen. Die klare Definition von Begriffen wie \u201eBestellung\u201c, \u201eLieferung\u201c und \u201eEmpfang\u201c erleichtert die effektive Kommunikation zwischen den Parteien.<\/p><h4>Bestellvorgang<\/h4><p>Eine detaillierte Schritt-f\u00fcr-Schritt-Beschreibung zur Auftragserteilung, um sicherzustellen, dass diese den Vertragsbedingungen entspricht. Dies erm\u00f6glicht eine effiziente Transaktionsausf\u00fchrung und eliminiert das Risiko von Verz\u00f6gerungen aufgrund unvollst\u00e4ndiger Daten.<\/p><h4>Lieferung und Abholung innerhalb und au\u00dferhalb der EU<\/h4><p>Hier finden Sie detaillierte Richtlinien f\u00fcr den Warentransport innerhalb und au\u00dferhalb der Europ\u00e4ischen Union. In diesem Abschnitt werden auch Zollverfahren behandelt, die bei internationaler Logistik \u00e4u\u00dferst wichtig sind.<\/p><h4>Informationen zu St\u00e4nden und Staplern<\/h4><p>Sie erfahren, mit welchen Regalen und Staplern die Waren angeliefert werden und k\u00f6nnen so die Lager- und innerbetrieblichen Transportprozesse besser planen.<\/p><h4>Lieferbedingungen Reklamationen<\/h4><p>Das Dokument definiert klar die Vorgehensweise bei der Einreichung von Beschwerden im Falle von Lieferabweichungen, was eine schnelle L\u00f6sung von Problemen und eine Minimierung von Verlusten erm\u00f6glicht.<\/p><h4>Formular \u201eSpezifische Lieferbedingungen\u201c<\/h4><p>Am Ende des Dokuments befindet sich ein Formular, mit dem Sie individuelle Lieferbedingungen festlegen k\u00f6nnen. Dank ihm k\u00f6nnen Sie die Regeln der Zusammenarbeit an Ihre spezifischen Bed\u00fcrfnisse anpassen.<\/p><p><a href=\"https:\/\/bertrand.pl\/de\/kontakt\/\"><strong>Bertrand Company<\/strong><\/a> legt gr\u00f6\u00dften Wert auf Transparenz und Klarheit in den Gesch\u00e4ftsbeziehungen, was sich auch in den ausf\u00fchrlich ausgearbeiteten Vertragsbedingungen widerspiegelt. Das angebotene Dokument ist nicht nur eine Sammlung formeller Aufzeichnungen, sondern auch ein praktischer Leitfaden f\u00fcr Partner und Kunden des Unternehmens. Die darin enthaltenen Definitionen wichtiger Begriffe helfen, Missverst\u00e4ndnisse zu vermeiden und die detaillierte Beschreibung der Bestellprozesse verbessert die Zusammenarbeit in allen Phasen.<\/p>\t\t\t\t\t\t\t\t<\/div>\n\t\t\t\t<\/div>\n\t\t\t\t<div class=\"elementor-element elementor-element-4f75002 action-button elementor-mobile-align-justify elementor-widget elementor-widget-button\" data-id=\"4f75002\" data-element_type=\"widget\" data-e-type=\"widget\" data-widget_type=\"button.default\">\n\t\t\t\t<div class=\"elementor-widget-container\">\n\t\t\t\t\t\t\t\t\t<div class=\"elementor-button-wrapper\">\n\t\t\t\t\t<a class=\"elementor-button elementor-button-link elementor-size-sm\" href=\"https:\/\/bertrand.pl\/wp-content\/uploads\/2024\/01\/Ogolne_warunki_sprzedazy_i_dostaw_01_06_2018_PL.pdf\">\n\t\t\t\t\t\t<span class=\"elementor-button-content-wrapper\">\n\t\t\t\t\t\t\t\t\t<span class=\"elementor-button-text\">Allgemeine Gesch\u00e4ftsbedingungen<\/span>\n\t\t\t\t\t<\/span>\n\t\t\t\t\t<\/a>\n\t\t\t\t<\/div>\n\t\t\t\t\t\t\t\t<\/div>\n\t\t\t\t<\/div>\n\t\t\t\t<\/div>\n\t\t\t\t\t<\/div>\n\t\t\t\t<\/div>\n\t\t\t\t<\/div>","protected":false},"excerpt":{"rendered":"<p>Og\u00f3lne Warunki Sprzeda\u017cy i Dostaw Plik PDF &#8222;Og\u00f3lne warunki sprzeda\u017cy i dostaw&#8221;, kt\u00f3ry masz do dyspozycji, zawiera szczeg\u00f3\u0142owe informacje kluczowe dla ka\u017cdej transakcji handlowej. Dokument jest nieocenionym \u017ar\u00f3d\u0142em wiedzy na temat r\u00f3\u017cnych aspekt\u00f3w umowy, a jego dok\u0142adne zrozumienie mo\u017ce znacz\u0105co usprawni\u0107 procesy zakupowe i logistyczne. Definicje kluczowych poj\u0119\u0107 w umowie Dokument precyzuje najwa\u017cniejsze terminy u\u017cywane [&hellip;]<\/p>\n","protected":false},"author":7,"featured_media":0,"parent":0,"menu_order":0,"comment_status":"closed","ping_status":"closed","template":"","meta":{"site-sidebar-layout":"no-sidebar","site-content-layout":"","ast-site-content-layout":"full-width-container","site-content-style":"default","site-sidebar-style":"default","ast-global-header-display":"","ast-banner-title-visibility":"","ast-main-header-display":"","ast-hfb-above-header-display":"","ast-hfb-below-header-display":"","ast-hfb-mobile-header-display":"","site-post-title":"disabled","ast-breadcrumbs-content":"","ast-featured-img":"disabled","footer-sml-layout":"","ast-disable-related-posts":"","theme-transparent-header-meta":"","adv-header-id-meta":"","stick-header-meta":"","header-above-stick-meta":"","header-main-stick-meta":"","header-below-stick-meta":"","astra-migrate-meta-layouts":"default","ast-page-background-enabled":"default","ast-page-background-meta":{"desktop":{"background-color":"var(--ast-global-color-4)","background-image":"","background-repeat":"repeat","background-position":"center center","background-size":"auto","background-attachment":"scroll","background-type":"","background-media":"","overlay-type":"","overlay-color":"","overlay-opacity":"","overlay-gradient":""},"tablet":{"background-color":"","background-image":"","background-repeat":"repeat","background-position":"center center","background-size":"auto","background-attachment":"scroll","background-type":"","background-media":"","overlay-type":"","overlay-color":"","overlay-opacity":"","overlay-gradient":""},"mobile":{"background-color":"","background-image":"","background-repeat":"repeat","background-position":"center center","background-size":"auto","background-attachment":"scroll","background-type":"","background-media":"","overlay-type":"","overlay-color":"","overlay-opacity":"","overlay-gradient":""}},"ast-content-background-meta":{"desktop":{"background-color":"var(--ast-global-color-5)","background-image":"","background-repeat":"repeat","background-position":"center center","background-size":"auto","background-attachment":"scroll","background-type":"","background-media":"","overlay-type":"","overlay-color":"","overlay-opacity":"","overlay-gradient":""},"tablet":{"background-color":"var(--ast-global-color-5)","background-image":"","background-repeat":"repeat","background-position":"center center","background-size":"auto","background-attachment":"scroll","background-type":"","background-media":"","overlay-type":"","overlay-color":"","overlay-opacity":"","overlay-gradient":""},"mobile":{"background-color":"var(--ast-global-color-5)","background-image":"","background-repeat":"repeat","background-position":"center center","background-size":"auto","background-attachment":"scroll","background-type":"","background-media":"","overlay-type":"","overlay-color":"","overlay-opacity":"","overlay-gradient":""}},"footnotes":""},"class_list":["post-1802","page","type-page","status-publish","hentry"],"yoast_head":"<!-- This site is optimized with the Yoast SEO Premium plugin v27.2 (Yoast SEO v27.2) - https:\/\/yoast.com\/product\/yoast-seo-premium-wordpress\/ -->\n<title>Og\u00f3lne warunki sprzeda\u017cy i dostaw - Bertrand. Najwy\u017cszej jako\u015bci okna i drzwi. Certyfikowany producent od 1969 roku.<\/title>\n<meta name=\"description\" content=\"Poznaj kluczowe informacje o definicjach, zam\u00f3wieniach, cenach, dostawach, reklamacjach i warunkach umowy. Og\u00f3lne warunki sprzeda\u017cy i dostaw.\" \/>\n<meta name=\"robots\" content=\"index, follow, max-snippet:-1, max-image-preview:large, max-video-preview:-1\" \/>\n<link rel=\"canonical\" href=\"https:\/\/bertrand.pl\/de\/allgemeine-verkaufs-und-lieferbedingungen\/\" \/>\n<meta property=\"og:locale\" content=\"de_DE\" \/>\n<meta property=\"og:type\" content=\"article\" \/>\n<meta property=\"og:title\" content=\"Og\u00f3lne warunki sprzeda\u017cy i dostaw\" \/>\n<meta property=\"og:description\" content=\"Poznaj kluczowe informacje o definicjach, zam\u00f3wieniach, cenach, dostawach, reklamacjach i warunkach umowy. Og\u00f3lne warunki sprzeda\u017cy i dostaw.\" \/>\n<meta property=\"og:url\" content=\"https:\/\/bertrand.pl\/de\/allgemeine-verkaufs-und-lieferbedingungen\/\" \/>\n<meta property=\"og:site_name\" content=\"Bertrand. Najwy\u017cszej jako\u015bci okna i drzwi. Certyfikowany producent od 1969 roku.\" \/>\n<meta property=\"article:publisher\" content=\"https:\/\/www.facebook.com\/bertrandpolska\/\" \/>\n<meta property=\"article:modified_time\" content=\"2024-12-12T07:30:42+00:00\" \/>\n<meta property=\"og:image\" content=\"https:\/\/bertrand.pl\/wp-content\/uploads\/2024\/01\/bertrand-blog.jpg\" \/>\n\t<meta property=\"og:image:width\" content=\"1280\" \/>\n\t<meta property=\"og:image:height\" content=\"720\" \/>\n\t<meta property=\"og:image:type\" content=\"image\/jpeg\" \/>\n<meta name=\"twitter:card\" content=\"summary_large_image\" \/>\n<meta name=\"twitter:label1\" content=\"Gesch\u00e4tzte Lesezeit\" \/>\n\t<meta name=\"twitter:data1\" content=\"2\u00a0Minuten\" \/>\n<script type=\"application\/ld+json\" class=\"yoast-schema-graph\">{\"@context\":\"https:\/\/schema.org\",\"@graph\":[{\"@type\":\"Article\",\"@id\":\"https:\/\/bertrand.pl\/ogolne-warunki-sprzedazy-i-dostaw\/#article\",\"isPartOf\":{\"@id\":\"https:\/\/bertrand.pl\/ogolne-warunki-sprzedazy-i-dostaw\/\"},\"author\":{\"name\":\"w.wachnik\",\"@id\":\"https:\/\/bertrand.pl\/#\/schema\/person\/767d70e891d700b2e3c19083f31a484c\"},\"headline\":\"Og\u00f3lne warunki sprzeda\u017cy i dostaw\",\"datePublished\":\"2024-01-09T12:00:29+00:00\",\"dateModified\":\"2024-12-12T07:30:42+00:00\",\"mainEntityOfPage\":{\"@id\":\"https:\/\/bertrand.pl\/ogolne-warunki-sprzedazy-i-dostaw\/\"},\"wordCount\":366,\"publisher\":{\"@id\":\"https:\/\/bertrand.pl\/#organization\"},\"inLanguage\":\"de\"},{\"@type\":\"WebPage\",\"@id\":\"https:\/\/bertrand.pl\/ogolne-warunki-sprzedazy-i-dostaw\/\",\"url\":\"https:\/\/bertrand.pl\/ogolne-warunki-sprzedazy-i-dostaw\/\",\"name\":\"Og\u00f3lne warunki sprzeda\u017cy i dostaw - Bertrand. Najwy\u017cszej jako\u015bci okna i drzwi. Certyfikowany producent od 1969 roku.\",\"isPartOf\":{\"@id\":\"https:\/\/bertrand.pl\/#website\"},\"datePublished\":\"2024-01-09T12:00:29+00:00\",\"dateModified\":\"2024-12-12T07:30:42+00:00\",\"description\":\"Poznaj kluczowe informacje o definicjach, zam\u00f3wieniach, cenach, dostawach, reklamacjach i warunkach umowy. Og\u00f3lne warunki sprzeda\u017cy i dostaw.\",\"breadcrumb\":{\"@id\":\"https:\/\/bertrand.pl\/ogolne-warunki-sprzedazy-i-dostaw\/#breadcrumb\"},\"inLanguage\":\"de\",\"potentialAction\":[{\"@type\":\"ReadAction\",\"target\":[\"https:\/\/bertrand.pl\/ogolne-warunki-sprzedazy-i-dostaw\/\"]}]},{\"@type\":\"BreadcrumbList\",\"@id\":\"https:\/\/bertrand.pl\/ogolne-warunki-sprzedazy-i-dostaw\/#breadcrumb\",\"itemListElement\":[{\"@type\":\"ListItem\",\"position\":1,\"name\":\"Strona g\u0142\u00f3wna\",\"item\":\"https:\/\/bertrand.pl\/\"},{\"@type\":\"ListItem\",\"position\":2,\"name\":\"Og\u00f3lne warunki sprzeda\u017cy i dostaw\"}]},{\"@type\":\"WebSite\",\"@id\":\"https:\/\/bertrand.pl\/#website\",\"url\":\"https:\/\/bertrand.pl\/\",\"name\":\"Bertrand.pl\",\"description\":\"Firma Bertrand to certyfikowany i uznany producent najwy\u017cszej jako\u015bci okien z PVC, z drewna lub aluminium. Produkcja drzwi, rolet i bram gara\u017cowych.\",\"publisher\":{\"@id\":\"https:\/\/bertrand.pl\/#organization\"},\"potentialAction\":[{\"@type\":\"SearchAction\",\"target\":{\"@type\":\"EntryPoint\",\"urlTemplate\":\"https:\/\/bertrand.pl\/?s={search_term_string}\"},\"query-input\":{\"@type\":\"PropertyValueSpecification\",\"valueRequired\":true,\"valueName\":\"search_term_string\"}}],\"inLanguage\":\"de\"},{\"@type\":\"Organization\",\"@id\":\"https:\/\/bertrand.pl\/#organization\",\"name\":\"Bertrand.pl\",\"url\":\"https:\/\/bertrand.pl\/\",\"logo\":{\"@type\":\"ImageObject\",\"inLanguage\":\"de\",\"@id\":\"https:\/\/bertrand.pl\/#\/schema\/logo\/image\/\",\"url\":\"https:\/\/bertrand.pl\/wp-content\/uploads\/2024\/12\/logo_BB_TM_PL_black.png\",\"contentUrl\":\"https:\/\/bertrand.pl\/wp-content\/uploads\/2024\/12\/logo_BB_TM_PL_black.png\",\"width\":1831,\"height\":1831,\"caption\":\"Bertrand.pl\"},\"image\":{\"@id\":\"https:\/\/bertrand.pl\/#\/schema\/logo\/image\/\"},\"sameAs\":[\"https:\/\/www.facebook.com\/bertrandpolska\/\",\"https:\/\/www.instagram.com\/bertrand_okna_i_drzwi\/\",\"https:\/\/www.linkedin.com\/company\/bertrand\/\",\"https:\/\/www.tiktok.com\/@bertrand_okna_drzwi\"]},{\"@type\":\"Person\",\"@id\":\"https:\/\/bertrand.pl\/#\/schema\/person\/767d70e891d700b2e3c19083f31a484c\",\"name\":\"w.wachnik\"}]}<\/script>\n<!-- \/ Yoast SEO Premium plugin. -->","yoast_head_json":{"title":"Og\u00f3lne warunki sprzeda\u017cy i dostaw - Bertrand. Najwy\u017cszej jako\u015bci okna i drzwi. Certyfikowany producent od 1969 roku.","description":"Erfahren Sie alles Wissenswerte \u00fcber Begrifflichkeiten, Bestellung, Preis, Lieferung, Reklamation und Vertragsbedingungen. Allgemeine Verkaufs- und Lieferbedingungen.","robots":{"index":"index","follow":"follow","max-snippet":"max-snippet:-1","max-image-preview":"max-image-preview:large","max-video-preview":"max-video-preview:-1"},"canonical":"https:\/\/bertrand.pl\/de\/allgemeine-verkaufs-und-lieferbedingungen\/","og_locale":"de_DE","og_type":"article","og_title":"Og\u00f3lne warunki sprzeda\u017cy i dostaw","og_description":"Poznaj kluczowe informacje o definicjach, zam\u00f3wieniach, cenach, dostawach, reklamacjach i warunkach umowy. Og\u00f3lne warunki sprzeda\u017cy i dostaw.","og_url":"https:\/\/bertrand.pl\/de\/allgemeine-verkaufs-und-lieferbedingungen\/","og_site_name":"Bertrand. Najwy\u017cszej jako\u015bci okna i drzwi. Certyfikowany producent od 1969 roku.","article_publisher":"https:\/\/www.facebook.com\/bertrandpolska\/","article_modified_time":"2024-12-12T07:30:42+00:00","og_image":[{"width":1280,"height":720,"url":"https:\/\/bertrand.pl\/wp-content\/uploads\/2024\/01\/bertrand-blog.jpg","type":"image\/jpeg"}],"twitter_card":"summary_large_image","twitter_misc":{"Gesch\u00e4tzte Lesezeit":"2\u00a0Minuten"},"schema":{"@context":"https:\/\/schema.org","@graph":[{"@type":"Article","@id":"https:\/\/bertrand.pl\/ogolne-warunki-sprzedazy-i-dostaw\/#article","isPartOf":{"@id":"https:\/\/bertrand.pl\/ogolne-warunki-sprzedazy-i-dostaw\/"},"author":{"name":"w.wachnik","@id":"https:\/\/bertrand.pl\/#\/schema\/person\/767d70e891d700b2e3c19083f31a484c"},"headline":"Og\u00f3lne warunki sprzeda\u017cy i dostaw","datePublished":"2024-01-09T12:00:29+00:00","dateModified":"2024-12-12T07:30:42+00:00","mainEntityOfPage":{"@id":"https:\/\/bertrand.pl\/ogolne-warunki-sprzedazy-i-dostaw\/"},"wordCount":366,"publisher":{"@id":"https:\/\/bertrand.pl\/#organization"},"inLanguage":"de"},{"@type":"WebPage","@id":"https:\/\/bertrand.pl\/ogolne-warunki-sprzedazy-i-dostaw\/","url":"https:\/\/bertrand.pl\/ogolne-warunki-sprzedazy-i-dostaw\/","name":"Og\u00f3lne warunki sprzeda\u017cy i dostaw - Bertrand. Najwy\u017cszej jako\u015bci okna i drzwi. Certyfikowany producent od 1969 roku.","isPartOf":{"@id":"https:\/\/bertrand.pl\/#website"},"datePublished":"2024-01-09T12:00:29+00:00","dateModified":"2024-12-12T07:30:42+00:00","description":"Erfahren Sie alles Wissenswerte \u00fcber Begrifflichkeiten, Bestellung, Preis, Lieferung, Reklamation und Vertragsbedingungen. Allgemeine Verkaufs- und Lieferbedingungen.","breadcrumb":{"@id":"https:\/\/bertrand.pl\/ogolne-warunki-sprzedazy-i-dostaw\/#breadcrumb"},"inLanguage":"de","potentialAction":[{"@type":"ReadAction","target":["https:\/\/bertrand.pl\/ogolne-warunki-sprzedazy-i-dostaw\/"]}]},{"@type":"BreadcrumbList","@id":"https:\/\/bertrand.pl\/ogolne-warunki-sprzedazy-i-dostaw\/#breadcrumb","itemListElement":[{"@type":"ListItem","position":1,"name":"Strona g\u0142\u00f3wna","item":"https:\/\/bertrand.pl\/"},{"@type":"ListItem","position":2,"name":"Og\u00f3lne warunki sprzeda\u017cy i dostaw"}]},{"@type":"WebSite","@id":"https:\/\/bertrand.pl\/#website","url":"https:\/\/bertrand.pl\/","name":"Bertrand.pl","description":"Firma Bertrand to certyfikowany i uznany producent najwy\u017cszej jako\u015bci okien z PVC, z drewna lub aluminium. Produkcja drzwi, rolet i bram gara\u017cowych.","publisher":{"@id":"https:\/\/bertrand.pl\/#organization"},"potentialAction":[{"@type":"SearchAction","target":{"@type":"EntryPoint","urlTemplate":"https:\/\/bertrand.pl\/?s={search_term_string}"},"query-input":{"@type":"PropertyValueSpecification","valueRequired":true,"valueName":"search_term_string"}}],"inLanguage":"de"},{"@type":"Organization","@id":"https:\/\/bertrand.pl\/#organization","name":"Bertrand.pl","url":"https:\/\/bertrand.pl\/","logo":{"@type":"ImageObject","inLanguage":"de","@id":"https:\/\/bertrand.pl\/#\/schema\/logo\/image\/","url":"https:\/\/bertrand.pl\/wp-content\/uploads\/2024\/12\/logo_BB_TM_PL_black.png","contentUrl":"https:\/\/bertrand.pl\/wp-content\/uploads\/2024\/12\/logo_BB_TM_PL_black.png","width":1831,"height":1831,"caption":"Bertrand.pl"},"image":{"@id":"https:\/\/bertrand.pl\/#\/schema\/logo\/image\/"},"sameAs":["https:\/\/www.facebook.com\/bertrandpolska\/","https:\/\/www.instagram.com\/bertrand_okna_i_drzwi\/","https:\/\/www.linkedin.com\/company\/bertrand\/","https:\/\/www.tiktok.com\/@bertrand_okna_drzwi"]},{"@type":"Person","@id":"https:\/\/bertrand.pl\/#\/schema\/person\/767d70e891d700b2e3c19083f31a484c","name":"w.achnik"}]}},"_links":{"self":[{"href":"https:\/\/bertrand.pl\/de\/wp-json\/wp\/v2\/pages\/1802","targetHints":{"allow":["GET"]}}],"collection":[{"href":"https:\/\/bertrand.pl\/de\/wp-json\/wp\/v2\/pages"}],"about":[{"href":"https:\/\/bertrand.pl\/de\/wp-json\/wp\/v2\/types\/page"}],"author":[{"embeddable":true,"href":"https:\/\/bertrand.pl\/de\/wp-json\/wp\/v2\/users\/7"}],"replies":[{"embeddable":true,"href":"https:\/\/bertrand.pl\/de\/wp-json\/wp\/v2\/comments?post=1802"}],"version-history":[{"count":6,"href":"https:\/\/bertrand.pl\/de\/wp-json\/wp\/v2\/pages\/1802\/revisions"}],"predecessor-version":[{"id":5574,"href":"https:\/\/bertrand.pl\/de\/wp-json\/wp\/v2\/pages\/1802\/revisions\/5574"}],"wp:attachment":[{"href":"https:\/\/bertrand.pl\/de\/wp-json\/wp\/v2\/media?parent=1802"}],"curies":[{"name":"wp","href":"https:\/\/api.w.org\/{rel}","templated":true}]}}