{"id":1028,"date":"2023-12-13T10:23:59","date_gmt":"2023-12-13T09:23:59","guid":{"rendered":"https:\/\/bertrand.pl\/?post_type=product&#038;p=1028"},"modified":"2025-01-07T12:28:32","modified_gmt":"2025-01-07T11:28:32","slug":"masterline-8-pivot","status":"publish","type":"product","link":"https:\/\/bertrand.pl\/de\/produkt\/masterline-8-pivot\/","title":{"rendered":"Masterline 8 Pivot"},"content":{"rendered":"<p class=\"translation-block\">Das T\u00fcrsystem <strong>MasterLine 8 Pivot<\/strong> ist eine innovative L\u00f6sung, die die Standards f\u00fcr Eingangst\u00fcren neu definiert. Mit der M\u00f6glichkeit, gro\u00dfe verglaste oder paneelartige Konstruktionen zu erstellen, f\u00fcgt sich dieses System perfekt in moderne architektonische Trends ein. Die T\u00fcrvarianten bieten umfangreiche Gestaltungsm\u00f6glichkeiten sowohl f\u00fcr private H\u00e4user als auch f\u00fcr gewerbliche Geb\u00e4ude.<\/p>\n<p>&nbsp;<\/p>\n<h3>Durchdachtes Design und Funktionalit\u00e4t<\/h3>\n<p class=\"translation-block\">Die MasterLine 8 Pivot-T\u00fcren bieten eine breite Palette an Personalisierungsoptionen, einschlie\u00dflich der Auswahl von F\u00fcllung, Farbe und Beschl\u00e4gen, die individuell angepasst werden k\u00f6nnen. In der Standardversion kann zwischen einer Paneel- oder Glasf\u00fcllung gew\u00e4hlt werden. Die Variante <strong style=\"font-size: 16px\">Pivot XL<\/strong> erm\u00f6glicht ausschlie\u00dflich Glasf\u00fcllungen und schafft beeindruckende, moderne Verglasungen.<\/p>\n<p class=\"translation-block\">Dank der umfangreichen RAL-Farbpalette und der vielf\u00e4ltigen Oberfl\u00e4chen (matt, satin, strukturiert, eloxiert, holz\u00e4hnlich) f\u00fcgen sich die MasterLine 8 Pivot-T\u00fcren harmonisch in jeden Architekturstil ein. Ein weiteres Element, das die \u00c4sthetik der T\u00fcren unterstreicht, sind die Griffe. Je nach Version k\u00f6nnen verschiedene Modelle gew\u00e4hlt werden, darunter <strong>Square<\/strong>, <strong>Fin<\/strong>, <strong>Hook<\/strong> sowie runde Griffe. F\u00fcr die Pivot XL stehen der Hook-Griff oder eine im Verst\u00e4rkungsprofil montierte Kassette zur Verf\u00fcgung.<\/p>\n<p>&nbsp;<\/p>\n<h3>Hohe Qualit\u00e4t und Sicherheit<\/h3>\n<p>Das MasterLine 8 Pivot-System bietet hervorragende Isoliereigenschaften und hohe Dichtigkeit, was es zu einer idealen Wahl f\u00fcr alle macht, die Langlebigkeit und Energieeffizienz suchen. Dar\u00fcber hinaus k\u00f6nnen diese T\u00fcren mit Einbruchschutz ausgestattet und in Hausautomationssysteme integriert werden. Funktionen wie das \u00d6ffnen per Code oder Fingerabdruck-Scan erh\u00f6hen den Komfort und die Sicherheit der Nutzung.<\/p>\n<p>&nbsp;<\/p>\n<h3>Abmessungen und Haltbarkeit<\/h3>\n<p>Pivot-T\u00fcren zeichnen sich durch die M\u00f6glichkeit aus, gro\u00dfe, massive Konstruktionen zu realisieren:<\/p>\n<p><strong>Min. Blatth\u00f6he:<\/strong> 2000mm<br \/>\n<strong>Max. Blatth\u00f6he:<\/strong> 4000 mm<br \/>\n<strong>Min. Fl\u00fcgelbreite:<\/strong> 1150 mm<br \/>\n<strong>Max. Fl\u00fcgelbreite:<\/strong> 2500 mm<br \/>\n<strong>Max. Blattgewicht:<\/strong> 500 kg<br \/>\n<strong>Max. Glasgewicht:<\/strong> 1200 kg<\/p>\n<p>Diese beeindruckenden Parameter erm\u00f6glichen die Gestaltung von T\u00fcren mit au\u00dfergew\u00f6hnlicher \u00c4sthetik und Funktionalit\u00e4t, die sowohl robust als auch elegant sind.<\/p>\n<p>&nbsp;<\/p>\n<p><img fetchpriority=\"high\" decoding=\"async\" class=\"alignnone wp-image-5018\" src=\"https:\/\/bertrand.pl\/wp-content\/uploads\/2023\/12\/3b6807de1eae21c576670c9837881ac5-1-scaled.webp\" alt=\"\" width=\"652\" height=\"382\" srcset=\"https:\/\/bertrand.pl\/wp-content\/uploads\/2023\/12\/3b6807de1eae21c576670c9837881ac5-1-scaled.webp 2560w, https:\/\/bertrand.pl\/wp-content\/uploads\/2023\/12\/3b6807de1eae21c576670c9837881ac5-1-420x246.webp 420w, https:\/\/bertrand.pl\/wp-content\/uploads\/2023\/12\/3b6807de1eae21c576670c9837881ac5-1-1360x797.webp 1360w, https:\/\/bertrand.pl\/wp-content\/uploads\/2023\/12\/3b6807de1eae21c576670c9837881ac5-1-768x450.webp 768w, https:\/\/bertrand.pl\/wp-content\/uploads\/2023\/12\/3b6807de1eae21c576670c9837881ac5-1-1536x901.webp 1536w, https:\/\/bertrand.pl\/wp-content\/uploads\/2023\/12\/3b6807de1eae21c576670c9837881ac5-1-2048x1201.webp 2048w, https:\/\/bertrand.pl\/wp-content\/uploads\/2023\/12\/3b6807de1eae21c576670c9837881ac5-1-18x12.webp 18w, https:\/\/bertrand.pl\/wp-content\/uploads\/2023\/12\/3b6807de1eae21c576670c9837881ac5-1-600x352.webp 600w\" sizes=\"(max-width: 652px) 100vw, 652px\" \/><\/p>\n<p>&nbsp;<\/p>\n<div class=\"specifications__right\">\n<div class=\"specifications__property\">\n<h3>Dreht\u00fcren als Alternative zu Terrassent\u00fcren<\/h3>\n<p>Das MasterLine 8 Pivot-System ist nicht nur eine L\u00f6sung f\u00fcr Eingangst\u00fcren, sondern auch eine hervorragende Alternative zu herk\u00f6mmlichen Schiebe- oder Faltt\u00fcren f\u00fcr Terrassen. Die M\u00f6glichkeit, Dreht\u00fcr-Sets zu erstellen, erlaubt au\u00dfergew\u00f6hnliche Designs, die sowohl funktional als auch optisch \u00fcberzeugen.<\/p>\n<p>&nbsp;<\/p>\n<h3>Vorteile der MasterLine 8 Pivot-T\u00fcren:<\/h3>\n<ol>\n<li class=\"translation-block\"><strong>Modernes Design:<\/strong> Die ideale L\u00f6sung f\u00fcr moderne Geb\u00e4ude und Projekte.<\/li>\n<li class=\"translation-block\"><strong>Personalisierung:<\/strong> Eine gro\u00dfe Auswahl an Farben, Oberfl\u00e4chen und Beschl\u00e4gen.<\/li>\n<li class=\"translation-block\"><strong>Funktionalit\u00e4t:<\/strong> Integration mit Hausautomation und Optionen f\u00fcr das \u00d6ffnen per Code oder Fingerabdruck-Scan.<\/li>\n<li class=\"translation-block\"><strong>Hervorragende Isolierung:<\/strong> Hohe Dichtungs- und W\u00e4rmed\u00e4mmwerte.<\/li>\n<li class=\"translation-block\"><strong>Sicherheit:<\/strong> Optionale Einbruchschutzvorrichtungen.<\/li>\n<li class=\"translation-block\"><strong>Vielseitigkeit:<\/strong> Kann als Eingangs-, Glas- oder Terrassent\u00fcren verwendet werden.<\/li>\n<\/ol>\n<h3><\/h3>\n<p>Die MasterLine 8 Pivot-T\u00fcren sind eine innovative L\u00f6sung f\u00fcr anspruchsvolle Nutzer, die Funktionalit\u00e4t, Sicherheit und modernes Design sch\u00e4tzen. Dank umfangreicher Personalisierungsoptionen und beeindruckender Abmessungen erf\u00fcllen diese T\u00fcren die Erwartungen selbst der anspruchsvollsten Kunden.<\/p>\n<p>&nbsp;<\/p>\n<\/div>\n<h4><strong><a href=\"https:\/\/bertrand.pl\/de\/farben-von-fenstern-und-turen\/\">Farben von Fenstern und T\u00fcren<\/a><\/strong><\/h4>\n<div class=\"specifications__property\">\n<p>&nbsp;<\/p>\n<\/div>\n<\/div>","protected":false},"excerpt":{"rendered":"<p><strong>EINZIGARTIGE EINGANGST\u00dcREN<\/strong><\/p>\n<p>Das Karussellt\u00fcrsystem MasterLine Bertrand ist ein einzigartiger Ansatz f\u00fcr Eingangst\u00fcren. Es erm\u00f6glicht die Erstellung sehr gro\u00dfer Strukturen, verglast oder mit Paneelf\u00fcllung. Innerhalb des Systems sind mehrere Versionen verf\u00fcgbar, darunter auch die Glast\u00fcr MasterLine Pivot XL. Das System erm\u00f6glicht auch die Erstellung von Dreht\u00fcr-Sets, die eine interessante Alternative zu Terrassen-Schiebe- oder Faltt\u00fcren darstellen k\u00f6nnen.<\/p>","protected":false},"featured_media":4731,"template":"","meta":{"site-sidebar-layout":"default","site-content-layout":"","ast-site-content-layout":"default","site-content-style":"default","site-sidebar-style":"default","ast-global-header-display":"","ast-banner-title-visibility":"","ast-main-header-display":"","ast-hfb-above-header-display":"","ast-hfb-below-header-display":"","ast-hfb-mobile-header-display":"","site-post-title":"","ast-breadcrumbs-content":"","ast-featured-img":"","footer-sml-layout":"","ast-disable-related-posts":"","theme-transparent-header-meta":"default","adv-header-id-meta":"","stick-header-meta":"","header-above-stick-meta":"","header-main-stick-meta":"","header-below-stick-meta":"","astra-migrate-meta-layouts":"set","ast-page-background-enabled":"default","ast-page-background-meta":{"desktop":{"background-color":"var(--ast-global-color-4)","background-image":"","background-repeat":"repeat","background-position":"center center","background-size":"auto","background-attachment":"scroll","background-type":"","background-media":"","overlay-type":"","overlay-color":"","overlay-opacity":"","overlay-gradient":""},"tablet":{"background-color":"","background-image":"","background-repeat":"repeat","background-position":"center center","background-size":"auto","background-attachment":"scroll","background-type":"","background-media":"","overlay-type":"","overlay-color":"","overlay-opacity":"","overlay-gradient":""},"mobile":{"background-color":"","background-image":"","background-repeat":"repeat","background-position":"center center","background-size":"auto","background-attachment":"scroll","background-type":"","background-media":"","overlay-type":"","overlay-color":"","overlay-opacity":"","overlay-gradient":""}},"ast-content-background-meta":{"desktop":{"background-color":"var(--ast-global-color-5)","background-image":"","background-repeat":"repeat","background-position":"center center","background-size":"auto","background-attachment":"scroll","background-type":"","background-media":"","overlay-type":"","overlay-color":"","overlay-opacity":"","overlay-gradient":""},"tablet":{"background-color":"var(--ast-global-color-5)","background-image":"","background-repeat":"repeat","background-position":"center center","background-size":"auto","background-attachment":"scroll","background-type":"","background-media":"","overlay-type":"","overlay-color":"","overlay-opacity":"","overlay-gradient":""},"mobile":{"background-color":"var(--ast-global-color-5)","background-image":"","background-repeat":"repeat","background-position":"center center","background-size":"auto","background-attachment":"scroll","background-type":"","background-media":"","overlay-type":"","overlay-color":"","overlay-opacity":"","overlay-gradient":""}}},"product_brand":[],"product_cat":[40],"product_tag":[425,168,360,326,367,339,377,378,414,345,343,333,346,408,407,389,398,405,361,366,392,169,416,362,406,390],"class_list":{"0":"post-1028","1":"product","2":"type-product","3":"status-publish","4":"has-post-thumbnail","6":"product_cat-drzwi-pivot","7":"product_tag-automatyka","8":"product_tag-bertrand","9":"product_tag-bezpieczenstwo","10":"product_tag-budowa-domu","11":"product_tag-budownictwo","12":"product_tag-design","13":"product_tag-dobre-drzwi","14":"product_tag-doors","15":"product_tag-doskonala-izolacja-termiczna","16":"product_tag-drzwi-balkonowe","17":"product_tag-drzwi-do-domu","18":"product_tag-drzwi-przesuwne","19":"product_tag-duze-przestrzenie","20":"product_tag-duze-przeszklenia","21":"product_tag-duzo-swiatla","22":"product_tag-izolacja-akustyczna","23":"product_tag-izolacja-cieplna","24":"product_tag-izolacja-termiczna","25":"product_tag-jakosc","26":"product_tag-komfort","27":"product_tag-otwarta-przestrzen","28":"product_tag-produkt","29":"product_tag-przestrzen","30":"product_tag-quality","31":"product_tag-swiatlo","32":"product_tag-szczelnosc","33":"desktop-align-left","34":"tablet-align-left","35":"mobile-align-left","37":"first","38":"instock","39":"shipping-taxable","40":"product-type-simple"},"yoast_head":"<!-- This site is optimized with the Yoast SEO Premium plugin v27.2 (Yoast SEO v27.2) - https:\/\/yoast.com\/product\/yoast-seo-premium-wordpress\/ -->\n<title>Masterline 8 Pivot - Bertrand. Najwy\u017cszej jako\u015bci okna i drzwi. Certyfikowany producent od 1969 roku.<\/title>\n<meta name=\"description\" content=\"MasterLine 8 Pivot \u2013 nowoczesne drzwi obrotowe. Doskona\u0142a izolacja, personalizacja i integracja z automatyk\u0105. Idealne do nowoczesnych projekt\u00f3w.\" \/>\n<meta name=\"robots\" content=\"index, follow, max-snippet:-1, max-image-preview:large, max-video-preview:-1\" \/>\n<link rel=\"canonical\" href=\"https:\/\/bertrand.pl\/de\/produkt\/masterline-8-pivot\/\" \/>\n<meta property=\"og:locale\" content=\"de_DE\" \/>\n<meta property=\"og:type\" content=\"article\" \/>\n<meta property=\"og:title\" content=\"Masterline 8 Pivot\" \/>\n<meta property=\"og:description\" content=\"MasterLine 8 Pivot \u2013 nowoczesne drzwi obrotowe. Doskona\u0142a izolacja, personalizacja i integracja z automatyk\u0105. Idealne do nowoczesnych projekt\u00f3w.\" \/>\n<meta property=\"og:url\" content=\"https:\/\/bertrand.pl\/de\/produkt\/masterline-8-pivot\/\" \/>\n<meta property=\"og:site_name\" content=\"Bertrand. Najwy\u017cszej jako\u015bci okna i drzwi. Certyfikowany producent od 1969 roku.\" \/>\n<meta property=\"article:publisher\" content=\"https:\/\/www.facebook.com\/bertrandpolska\/\" \/>\n<meta property=\"article:modified_time\" content=\"2025-01-07T11:28:32+00:00\" \/>\n<meta property=\"og:image\" content=\"https:\/\/bertrand.pl\/wp-content\/uploads\/2024\/08\/MasterLine-8-Residential-Pivot-Door-panel-full-element-scaled.jpg\" \/>\n\t<meta property=\"og:image:width\" content=\"2011\" \/>\n\t<meta property=\"og:image:height\" content=\"2560\" \/>\n\t<meta property=\"og:image:type\" content=\"image\/jpeg\" \/>\n<meta name=\"twitter:card\" content=\"summary_large_image\" \/>\n<meta name=\"twitter:label1\" content=\"Gesch\u00e4tzte Lesezeit\" \/>\n\t<meta name=\"twitter:data1\" content=\"3\u00a0Minuten\" \/>\n<script type=\"application\/ld+json\" class=\"yoast-schema-graph\">{\"@context\":\"https:\/\/schema.org\",\"@graph\":[{\"@type\":\"WebPage\",\"@id\":\"https:\/\/bertrand.pl\/produkt\/masterline-8-pivot\/\",\"url\":\"https:\/\/bertrand.pl\/produkt\/masterline-8-pivot\/\",\"name\":\"Masterline 8 Pivot - Bertrand. Najwy\u017cszej jako\u015bci okna i drzwi. Certyfikowany producent od 1969 roku.\",\"isPartOf\":{\"@id\":\"https:\/\/bertrand.pl\/#website\"},\"primaryImageOfPage\":{\"@id\":\"https:\/\/bertrand.pl\/produkt\/masterline-8-pivot\/#primaryimage\"},\"image\":{\"@id\":\"https:\/\/bertrand.pl\/produkt\/masterline-8-pivot\/#primaryimage\"},\"thumbnailUrl\":\"https:\/\/bertrand.pl\/wp-content\/uploads\/2024\/08\/MasterLine-8-Residential-Pivot-Door-panel-full-element-scaled.jpg\",\"datePublished\":\"2023-12-13T09:23:59+00:00\",\"dateModified\":\"2025-01-07T11:28:32+00:00\",\"description\":\"MasterLine 8 Pivot \u2013 nowoczesne drzwi obrotowe. Doskona\u0142a izolacja, personalizacja i integracja z automatyk\u0105. Idealne do nowoczesnych projekt\u00f3w.\",\"breadcrumb\":{\"@id\":\"https:\/\/bertrand.pl\/produkt\/masterline-8-pivot\/#breadcrumb\"},\"inLanguage\":\"de\",\"potentialAction\":[{\"@type\":\"ReadAction\",\"target\":[\"https:\/\/bertrand.pl\/produkt\/masterline-8-pivot\/\"]}]},{\"@type\":\"ImageObject\",\"inLanguage\":\"de\",\"@id\":\"https:\/\/bertrand.pl\/produkt\/masterline-8-pivot\/#primaryimage\",\"url\":\"https:\/\/bertrand.pl\/wp-content\/uploads\/2024\/08\/MasterLine-8-Residential-Pivot-Door-panel-full-element-scaled.jpg\",\"contentUrl\":\"https:\/\/bertrand.pl\/wp-content\/uploads\/2024\/08\/MasterLine-8-Residential-Pivot-Door-panel-full-element-scaled.jpg\",\"width\":2011,\"height\":2560},{\"@type\":\"BreadcrumbList\",\"@id\":\"https:\/\/bertrand.pl\/produkt\/masterline-8-pivot\/#breadcrumb\",\"itemListElement\":[{\"@type\":\"ListItem\",\"position\":1,\"name\":\"Strona g\u0142\u00f3wna\",\"item\":\"https:\/\/bertrand.pl\/\"},{\"@type\":\"ListItem\",\"position\":2,\"name\":\"Produits\",\"item\":\"https:\/\/bertrand.pl\/fr\/shop\/\"},{\"@type\":\"ListItem\",\"position\":3,\"name\":\"Masterline 8 Pivot\"}]},{\"@type\":\"WebSite\",\"@id\":\"https:\/\/bertrand.pl\/#website\",\"url\":\"https:\/\/bertrand.pl\/\",\"name\":\"Bertrand.pl\",\"description\":\"Firma Bertrand to certyfikowany i uznany producent najwy\u017cszej jako\u015bci okien z PVC, z drewna lub aluminium. Produkcja drzwi, rolet i bram gara\u017cowych.\",\"publisher\":{\"@id\":\"https:\/\/bertrand.pl\/#organization\"},\"potentialAction\":[{\"@type\":\"SearchAction\",\"target\":{\"@type\":\"EntryPoint\",\"urlTemplate\":\"https:\/\/bertrand.pl\/?s={search_term_string}\"},\"query-input\":{\"@type\":\"PropertyValueSpecification\",\"valueRequired\":true,\"valueName\":\"search_term_string\"}}],\"inLanguage\":\"de\"},{\"@type\":\"Organization\",\"@id\":\"https:\/\/bertrand.pl\/#organization\",\"name\":\"Bertrand.pl\",\"url\":\"https:\/\/bertrand.pl\/\",\"logo\":{\"@type\":\"ImageObject\",\"inLanguage\":\"de\",\"@id\":\"https:\/\/bertrand.pl\/#\/schema\/logo\/image\/\",\"url\":\"https:\/\/bertrand.pl\/wp-content\/uploads\/2024\/12\/logo_BB_TM_PL_black.png\",\"contentUrl\":\"https:\/\/bertrand.pl\/wp-content\/uploads\/2024\/12\/logo_BB_TM_PL_black.png\",\"width\":1831,\"height\":1831,\"caption\":\"Bertrand.pl\"},\"image\":{\"@id\":\"https:\/\/bertrand.pl\/#\/schema\/logo\/image\/\"},\"sameAs\":[\"https:\/\/www.facebook.com\/bertrandpolska\/\",\"https:\/\/www.instagram.com\/bertrand_okna_i_drzwi\/\",\"https:\/\/www.linkedin.com\/company\/bertrand\/\",\"https:\/\/www.tiktok.com\/@bertrand_okna_drzwi\"]}]}<\/script>\n<!-- \/ Yoast SEO Premium plugin. -->","yoast_head_json":{"title":"Masterline 8 Pivot - Bertrand. Najwy\u017cszej jako\u015bci okna i drzwi. Certyfikowany producent od 1969 roku.","description":"MasterLine 8 Pivot \u2013 moderne Karussellt\u00fcren. Perfekte Isolierung, Personalisierung und Integration mit Automatisierung. Perfekt f\u00fcr moderne Projekte.","robots":{"index":"index","follow":"follow","max-snippet":"max-snippet:-1","max-image-preview":"max-image-preview:large","max-video-preview":"max-video-preview:-1"},"canonical":"https:\/\/bertrand.pl\/de\/produkt\/masterline-8-pivot\/","og_locale":"de_DE","og_type":"article","og_title":"Masterline 8 Pivot","og_description":"MasterLine 8 Pivot \u2013 nowoczesne drzwi obrotowe. Doskona\u0142a izolacja, personalizacja i integracja z automatyk\u0105. Idealne do nowoczesnych projekt\u00f3w.","og_url":"https:\/\/bertrand.pl\/de\/produkt\/masterline-8-pivot\/","og_site_name":"Bertrand. Najwy\u017cszej jako\u015bci okna i drzwi. Certyfikowany producent od 1969 roku.","article_publisher":"https:\/\/www.facebook.com\/bertrandpolska\/","article_modified_time":"2025-01-07T11:28:32+00:00","og_image":[{"width":2011,"height":2560,"url":"https:\/\/bertrand.pl\/wp-content\/uploads\/2024\/08\/MasterLine-8-Residential-Pivot-Door-panel-full-element-scaled.jpg","type":"image\/jpeg"}],"twitter_card":"summary_large_image","twitter_misc":{"Gesch\u00e4tzte Lesezeit":"3\u00a0Minuten"},"schema":{"@context":"https:\/\/schema.org","@graph":[{"@type":"WebPage","@id":"https:\/\/bertrand.pl\/produkt\/masterline-8-pivot\/","url":"https:\/\/bertrand.pl\/produkt\/masterline-8-pivot\/","name":"Masterline 8 Pivot - Bertrand. Najwy\u017cszej jako\u015bci okna i drzwi. Certyfikowany producent od 1969 roku.","isPartOf":{"@id":"https:\/\/bertrand.pl\/#website"},"primaryImageOfPage":{"@id":"https:\/\/bertrand.pl\/produkt\/masterline-8-pivot\/#primaryimage"},"image":{"@id":"https:\/\/bertrand.pl\/produkt\/masterline-8-pivot\/#primaryimage"},"thumbnailUrl":"https:\/\/bertrand.pl\/wp-content\/uploads\/2024\/08\/MasterLine-8-Residential-Pivot-Door-panel-full-element-scaled.jpg","datePublished":"2023-12-13T09:23:59+00:00","dateModified":"2025-01-07T11:28:32+00:00","description":"MasterLine 8 Pivot \u2013 moderne Karussellt\u00fcren. Perfekte Isolierung, Personalisierung und Integration mit Automatisierung. Perfekt f\u00fcr moderne Projekte.","breadcrumb":{"@id":"https:\/\/bertrand.pl\/produkt\/masterline-8-pivot\/#breadcrumb"},"inLanguage":"de","potentialAction":[{"@type":"ReadAction","target":["https:\/\/bertrand.pl\/produkt\/masterline-8-pivot\/"]}]},{"@type":"ImageObject","inLanguage":"de","@id":"https:\/\/bertrand.pl\/produkt\/masterline-8-pivot\/#primaryimage","url":"https:\/\/bertrand.pl\/wp-content\/uploads\/2024\/08\/MasterLine-8-Residential-Pivot-Door-panel-full-element-scaled.jpg","contentUrl":"https:\/\/bertrand.pl\/wp-content\/uploads\/2024\/08\/MasterLine-8-Residential-Pivot-Door-panel-full-element-scaled.jpg","width":2011,"height":2560},{"@type":"BreadcrumbList","@id":"https:\/\/bertrand.pl\/produkt\/masterline-8-pivot\/#breadcrumb","itemListElement":[{"@type":"ListItem","position":1,"name":"Strona g\u0142\u00f3wna","item":"https:\/\/bertrand.pl\/"},{"@type":"ListItem","position":2,"name":"Produits","item":"https:\/\/bertrand.pl\/fr\/shop\/"},{"@type":"ListItem","position":3,"name":"Masterline 8 Pivot"}]},{"@type":"WebSite","@id":"https:\/\/bertrand.pl\/#website","url":"https:\/\/bertrand.pl\/","name":"Bertrand.pl","description":"Firma Bertrand to certyfikowany i uznany producent najwy\u017cszej jako\u015bci okien z PVC, z drewna lub aluminium. Produkcja drzwi, rolet i bram gara\u017cowych.","publisher":{"@id":"https:\/\/bertrand.pl\/#organization"},"potentialAction":[{"@type":"SearchAction","target":{"@type":"EntryPoint","urlTemplate":"https:\/\/bertrand.pl\/?s={search_term_string}"},"query-input":{"@type":"PropertyValueSpecification","valueRequired":true,"valueName":"search_term_string"}}],"inLanguage":"de"},{"@type":"Organization","@id":"https:\/\/bertrand.pl\/#organization","name":"Bertrand.pl","url":"https:\/\/bertrand.pl\/","logo":{"@type":"ImageObject","inLanguage":"de","@id":"https:\/\/bertrand.pl\/#\/schema\/logo\/image\/","url":"https:\/\/bertrand.pl\/wp-content\/uploads\/2024\/12\/logo_BB_TM_PL_black.png","contentUrl":"https:\/\/bertrand.pl\/wp-content\/uploads\/2024\/12\/logo_BB_TM_PL_black.png","width":1831,"height":1831,"caption":"Bertrand.pl"},"image":{"@id":"https:\/\/bertrand.pl\/#\/schema\/logo\/image\/"},"sameAs":["https:\/\/www.facebook.com\/bertrandpolska\/","https:\/\/www.instagram.com\/bertrand_okna_i_drzwi\/","https:\/\/www.linkedin.com\/company\/bertrand\/","https:\/\/www.tiktok.com\/@bertrand_okna_drzwi"]}]}},"_links":{"self":[{"href":"https:\/\/bertrand.pl\/de\/wp-json\/wp\/v2\/product\/1028","targetHints":{"allow":["GET"]}}],"collection":[{"href":"https:\/\/bertrand.pl\/de\/wp-json\/wp\/v2\/product"}],"about":[{"href":"https:\/\/bertrand.pl\/de\/wp-json\/wp\/v2\/types\/product"}],"wp:featuredmedia":[{"embeddable":true,"href":"https:\/\/bertrand.pl\/de\/wp-json\/wp\/v2\/media\/4731"}],"wp:attachment":[{"href":"https:\/\/bertrand.pl\/de\/wp-json\/wp\/v2\/media?parent=1028"}],"wp:term":[{"taxonomy":"product_brand","embeddable":true,"href":"https:\/\/bertrand.pl\/de\/wp-json\/wp\/v2\/product_brand?post=1028"},{"taxonomy":"product_cat","embeddable":true,"href":"https:\/\/bertrand.pl\/de\/wp-json\/wp\/v2\/product_cat?post=1028"},{"taxonomy":"product_tag","embeddable":true,"href":"https:\/\/bertrand.pl\/de\/wp-json\/wp\/v2\/product_tag?post=1028"}],"curies":[{"name":"wp","href":"https:\/\/api.w.org\/{rel}","templated":true}]}}