{"id":1030,"date":"2023-12-13T11:11:19","date_gmt":"2023-12-13T10:11:19","guid":{"rendered":"https:\/\/bertrand.pl\/?post_type=product&#038;p=1030"},"modified":"2024-12-13T14:16:22","modified_gmt":"2024-12-13T13:16:22","slug":"sektionaltore-fur-garagen","status":"publish","type":"product","link":"https:\/\/bertrand.pl\/de\/produkt\/bramy-garazowe-segmentowe\/","title":{"rendered":"Sektionalgaragentore"},"content":{"rendered":"<p>Sektionaltore <strong>Bertrand<\/strong> ist eine Kombination aus h\u00f6chstem Ma\u00df an Sicherheit, Bedienkomfort und \u00e4sthetischem Design. Dank kontinuierlicher Verbesserungen erf\u00fcllen unsere Produkte daher die anspruchsvollsten Benutzererwartungen und bieten einen zuverl\u00e4ssigen Betrieb und die Einhaltung moderner Standards.<\/p>\n<p>&nbsp;<\/p>\n<h3>Sicherheit im Alltag<\/h3>\n<p>Unsere Sektionaltore wurden im Hinblick auf maximale Benutzersicherheit entwickelt. Wir installieren in jedem Tor einen zus\u00e4tzlichen Schutz, der verhindert, dass das Tor im Falle eines Federbruchs herunterf\u00e4llt. Dadurch k\u00f6nnen Sie sicher sein, dass das Tor sicher und zuverl\u00e4ssig funktioniert.<\/p>\n<p>Die Torantriebe sind mit einem \u00dcberlastschalter ausgestattet, der das Tor bei Widerstand um ca. 10 cm anhebt. Sie k\u00f6nnen Ihr Tor auch damit ausstatten <strong>Fotozellen<\/strong>, die verhindern, dass sich das Tor schlie\u00dft, wenn ihm ein Hindernis im Weg steht. Zus\u00e4tzliche Abdeckungen an den Rollen sch\u00fctzen die Finger und gew\u00e4hrleisten so die Sicherheit aller Benutzer, auch der Kinder. Die T\u00fcrabschnitte sind speziell so konstruiert, dass die Gefahr eines Einklemmens ausgeschlossen ist.<\/p>\n<p>&nbsp;<\/p>\n<p>&nbsp;<\/p>\n<figure id=\"attachment_1048\" aria-describedby=\"caption-attachment-1048\" style=\"width: 600px\" class=\"wp-caption aligncenter\"><img fetchpriority=\"high\" decoding=\"async\" class=\"wp-image-1048 size-full\" src=\"https:\/\/bertrand.pl\/wp-content\/uploads\/2023\/12\/bezpieczne_panele.jpg\" alt=\"\" width=\"600\" height=\"300\" srcset=\"https:\/\/bertrand.pl\/wp-content\/uploads\/2023\/12\/bezpieczne_panele.jpg 600w, https:\/\/bertrand.pl\/wp-content\/uploads\/2023\/12\/bezpieczne_panele-420x210.jpg 420w\" sizes=\"(max-width: 600px) 100vw, 600px\" \/><figcaption id=\"caption-attachment-1048\" class=\"wp-caption-text\">Sichere Paneele<\/figcaption><\/figure>\n<figure id=\"attachment_1049\" aria-describedby=\"caption-attachment-1049\" style=\"width: 600px\" class=\"wp-caption aligncenter\"><img decoding=\"async\" class=\"wp-image-1049 size-full\" src=\"https:\/\/bertrand.pl\/wp-content\/uploads\/2023\/12\/fotokomorka.jpg\" alt=\"\" width=\"600\" height=\"300\" srcset=\"https:\/\/bertrand.pl\/wp-content\/uploads\/2023\/12\/fotokomorka.jpg 600w, https:\/\/bertrand.pl\/wp-content\/uploads\/2023\/12\/fotokomorka-420x210.jpg 420w\" sizes=\"(max-width: 600px) 100vw, 600px\" \/><figcaption id=\"caption-attachment-1049\" class=\"wp-caption-text\">Fotozelle<\/figcaption><\/figure>\n<h3><\/h3>\n<h3>Komfortable Bedienung<\/h3>\n<p>Der Komfort beim Einsatz von Bertrand-Sektionaltoren ist das Ergebnis des Einsatzes bester Automatisierung und durchdachter L\u00f6sungen. Mechanismen namhafter Hersteller garantieren einfache Bedienung und Zuverl\u00e4ssigkeit. Gateways k\u00f6nnen in Systeme integriert werden <strong>Smart Home<\/strong> oder Alarmanlagen, was deren Funktionalit\u00e4t zus\u00e4tzlich erh\u00f6ht.<\/p>\n<ul>\n<li><strong>Rollen mit Kugellager<\/strong> und die minimierte Anzahl von Anschl\u00fcssen an den F\u00fchrungen sorgen f\u00fcr einen leisen und reibungslosen Betrieb des Tores.<\/li>\n<li>Dank zweier Torsionsfedern, die f\u00fcr eine optimale Balance sorgen, l\u00e4sst sich jedes Tor ganz einfach mit einer Hand \u00f6ffnen.<\/li>\n<li>Die Automatisierung der Tore erm\u00f6glicht eine intuitive Bedienung, die den t\u00e4glichen Gebrauch noch komfortabler macht.<\/li>\n<\/ul>\n<p>&nbsp;<\/p>\n<figure id=\"attachment_1051\" aria-describedby=\"caption-attachment-1051\" style=\"width: 600px\" class=\"wp-caption aligncenter\"><img decoding=\"async\" class=\"wp-image-1051 size-full\" src=\"https:\/\/bertrand.pl\/wp-content\/uploads\/2023\/12\/rolka.png\" alt=\"\" width=\"600\" height=\"300\" srcset=\"https:\/\/bertrand.pl\/wp-content\/uploads\/2023\/12\/rolka.png 600w, https:\/\/bertrand.pl\/wp-content\/uploads\/2023\/12\/rolka-420x210.png 420w\" sizes=\"(max-width: 600px) 100vw, 600px\" \/><figcaption id=\"caption-attachment-1051\" class=\"wp-caption-text\">Kugelgelagerte Rollen mit Abdeckung<\/figcaption><\/figure>\n<p>&nbsp;<\/p>\n<figure id=\"attachment_1052\" aria-describedby=\"caption-attachment-1052\" style=\"width: 719px\" class=\"wp-caption aligncenter\"><img loading=\"lazy\" decoding=\"async\" class=\"wp-image-1052 size-full\" src=\"https:\/\/bertrand.pl\/wp-content\/uploads\/2023\/12\/naped1.png\" alt=\"\" width=\"719\" height=\"360\" srcset=\"https:\/\/bertrand.pl\/wp-content\/uploads\/2023\/12\/naped1.png 719w, https:\/\/bertrand.pl\/wp-content\/uploads\/2023\/12\/naped1-420x210.png 420w, https:\/\/bertrand.pl\/wp-content\/uploads\/2023\/12\/naped1-600x300.png 600w\" sizes=\"(max-width: 719px) 100vw, 719px\" \/><figcaption id=\"caption-attachment-1052\" class=\"wp-caption-text\">Automatisierung<\/figcaption><\/figure>\n<h3>Gro\u00dfe Auswahl an Farben<\/h3>\n<p>Bertrand-Sektionaltore sind in \u00fcber 100 St\u00fcck erh\u00e4ltlich <strong>200 RAL-Farben<\/strong> und mehrere Dutzend Furniere, die eine perfekte Anpassung an die Geb\u00e4udefassade und andere Tischlerelemente erm\u00f6glichen. Dank dieser Vielfalt k\u00f6nnen Sie die Optik des Tores an den individuellen Stil Ihres Zuhauses anpassen.<\/p>\n<p>&nbsp;<\/p>\n<h4><strong><a href=\"https:\/\/bertrand.pl\/de\/farben-von-fenstern-und-turen\/\">Farben von Fenstern und T\u00fcren<\/a><\/strong><\/h4>\n<p>&nbsp;<\/p>\n<p><img loading=\"lazy\" decoding=\"async\" class=\"aligncenter wp-image-1062 size-full\" src=\"https:\/\/bertrand.pl\/wp-content\/uploads\/2023\/12\/wzornik_oklein_i_ral.jpg\" alt=\"\" width=\"800\" height=\"300\" srcset=\"https:\/\/bertrand.pl\/wp-content\/uploads\/2023\/12\/wzornik_oklein_i_ral.jpg 800w, https:\/\/bertrand.pl\/wp-content\/uploads\/2023\/12\/wzornik_oklein_i_ral-420x158.jpg 420w, https:\/\/bertrand.pl\/wp-content\/uploads\/2023\/12\/wzornik_oklein_i_ral-768x288.jpg 768w, https:\/\/bertrand.pl\/wp-content\/uploads\/2023\/12\/wzornik_oklein_i_ral-600x225.jpg 600w\" sizes=\"(max-width: 800px) 100vw, 800px\" \/><\/p>\n<p>&nbsp;<\/p>\n<h3>Hauptvorteile der Bertrand-Sektionaltore:<\/h3>\n<ol>\n<li><strong>Sicherheit:<\/strong> Absturzsicherung, Fotozellen und Rollabdeckungen.<\/li>\n<li><strong>Komfort:<\/strong> Leiser, leichtg\u00e4ngiger Lauf und einfache Bedienung dank bester Mechanik.<\/li>\n<li><strong>Automatisierung:<\/strong> Integration mit Smart-Home-Systemen und Alarmanlagen.<\/li>\n<li><strong>Widerstandsf\u00e4higkeit:<\/strong> Der Zwei-Feder-Ausgleich sorgt f\u00fcr Langlebigkeit und einfache Bedienung.<\/li>\n<li><strong>\u00c4sthetik:<\/strong> Eine gro\u00dfe Auswahl an Farben und Furnieren f\u00fcr eine vollst\u00e4ndige Personalisierung.<\/li>\n<\/ol>\n<p>&nbsp;<\/p>\n<p>Sektionaltore <strong>Bertrand<\/strong> ist ein Garant f\u00fcr Sicherheit, Komfort und \u00c4sthetik. Dank fortschrittlicher Technologien und einer breiten Farbpalette sind sie eine ideale Wahl f\u00fcr anspruchsvolle Kunden, die langlebige und funktionale L\u00f6sungen f\u00fcr ihr Zuhause suchen.<\/p>","protected":false},"excerpt":{"rendered":"<p><strong>FUNKTIONAL, SOLIDE, SICHER<\/strong><\/p>\n<p>Ihre Funktionsweise erm\u00f6glicht es, maximalen Platz f\u00fcr das in der Garage und in der Einfahrt geparkte Auto zu schaffen. Nahezu unbegrenzte Veredelungsm\u00f6glichkeiten erm\u00f6glichen Ihnen die Schaffung innovativer und einzigartiger L\u00f6sungen. Sektionaltore k\u00f6nnen an verschiedene Garagentypen und Einfahrtsbreiten angepasst werden \u2013 auch an Doppelgaragen. Der hohe Verarbeitungsstandard garantiert Komfort, Sicherheit und Bedienkomfort sowie eine hervorragende W\u00e4rmed\u00e4mmung.<\/p>\n<p>&nbsp;<\/p>","protected":false},"featured_media":1039,"template":"","meta":{"site-sidebar-layout":"default","site-content-layout":"","ast-site-content-layout":"default","site-content-style":"default","site-sidebar-style":"default","ast-global-header-display":"","ast-banner-title-visibility":"","ast-main-header-display":"","ast-hfb-above-header-display":"","ast-hfb-below-header-display":"","ast-hfb-mobile-header-display":"","site-post-title":"","ast-breadcrumbs-content":"","ast-featured-img":"","footer-sml-layout":"","ast-disable-related-posts":"","theme-transparent-header-meta":"default","adv-header-id-meta":"","stick-header-meta":"","header-above-stick-meta":"","header-main-stick-meta":"","header-below-stick-meta":"","astra-migrate-meta-layouts":"set","ast-page-background-enabled":"default","ast-page-background-meta":{"desktop":{"background-color":"var(--ast-global-color-4)","background-image":"","background-repeat":"repeat","background-position":"center center","background-size":"auto","background-attachment":"scroll","background-type":"","background-media":"","overlay-type":"","overlay-color":"","overlay-opacity":"","overlay-gradient":""},"tablet":{"background-color":"","background-image":"","background-repeat":"repeat","background-position":"center center","background-size":"auto","background-attachment":"scroll","background-type":"","background-media":"","overlay-type":"","overlay-color":"","overlay-opacity":"","overlay-gradient":""},"mobile":{"background-color":"","background-image":"","background-repeat":"repeat","background-position":"center center","background-size":"auto","background-attachment":"scroll","background-type":"","background-media":"","overlay-type":"","overlay-color":"","overlay-opacity":"","overlay-gradient":""}},"ast-content-background-meta":{"desktop":{"background-color":"var(--ast-global-color-5)","background-image":"","background-repeat":"repeat","background-position":"center center","background-size":"auto","background-attachment":"scroll","background-type":"","background-media":"","overlay-type":"","overlay-color":"","overlay-opacity":"","overlay-gradient":""},"tablet":{"background-color":"var(--ast-global-color-5)","background-image":"","background-repeat":"repeat","background-position":"center center","background-size":"auto","background-attachment":"scroll","background-type":"","background-media":"","overlay-type":"","overlay-color":"","overlay-opacity":"","overlay-gradient":""},"mobile":{"background-color":"var(--ast-global-color-5)","background-image":"","background-repeat":"repeat","background-position":"center center","background-size":"auto","background-attachment":"scroll","background-type":"","background-media":"","overlay-type":"","overlay-color":"","overlay-opacity":"","overlay-gradient":""}}},"product_brand":[],"product_cat":[19],"product_tag":[],"class_list":{"0":"post-1030","1":"product","2":"type-product","3":"status-publish","4":"has-post-thumbnail","6":"product_cat-bramy-garazowe","7":"desktop-align-left","8":"tablet-align-left","9":"mobile-align-left","11":"first","12":"instock","13":"shipping-taxable","14":"product-type-simple"},"yoast_head":"<!-- This site is optimized with the Yoast SEO Premium plugin v27.2 (Yoast SEO v27.2) - https:\/\/yoast.com\/product\/yoast-seo-premium-wordpress\/ -->\n<title>BRAMY GARA\u017bOWE SEGMENTOWE - Bertrand. Najwy\u017cszej jako\u015bci okna i drzwi. Certyfikowany producent od 1969 roku.<\/title>\n<meta name=\"description\" content=\"Bramy segmentowe Bertrand \u2013 wygodna obs\u0142uga, cicha praca, fotokom\u00f3rki, wy\u0142\u0105cznik przeci\u0105\u017ceniowy. Ponad 200 kolor\u00f3w RAL. Idealne dla ka\u017cdego domu.\" \/>\n<meta name=\"robots\" content=\"index, follow, max-snippet:-1, max-image-preview:large, max-video-preview:-1\" \/>\n<link rel=\"canonical\" href=\"https:\/\/bertrand.pl\/de\/produkt\/sektionaltore-fur-garagen\/\" \/>\n<meta property=\"og:locale\" content=\"de_DE\" \/>\n<meta property=\"og:type\" content=\"article\" \/>\n<meta property=\"og:title\" content=\"BRAMY GARA\u017bOWE SEGMENTOWE\" \/>\n<meta property=\"og:description\" content=\"Bramy segmentowe Bertrand \u2013 wygodna obs\u0142uga, cicha praca, fotokom\u00f3rki, wy\u0142\u0105cznik przeci\u0105\u017ceniowy. Ponad 200 kolor\u00f3w RAL. Idealne dla ka\u017cdego domu.\" \/>\n<meta property=\"og:url\" content=\"https:\/\/bertrand.pl\/de\/produkt\/sektionaltore-fur-garagen\/\" \/>\n<meta property=\"og:site_name\" content=\"Bertrand. Najwy\u017cszej jako\u015bci okna i drzwi. Certyfikowany producent od 1969 roku.\" \/>\n<meta property=\"article:publisher\" content=\"https:\/\/www.facebook.com\/bertrandpolska\/\" \/>\n<meta property=\"article:modified_time\" content=\"2024-12-13T13:16:22+00:00\" \/>\n<meta property=\"og:image\" content=\"https:\/\/bertrand.pl\/wp-content\/uploads\/2023\/12\/k2_rc-680x720-1.png\" \/>\n\t<meta property=\"og:image:width\" content=\"500\" \/>\n\t<meta property=\"og:image:height\" content=\"529\" \/>\n\t<meta property=\"og:image:type\" content=\"image\/png\" \/>\n<meta name=\"twitter:card\" content=\"summary_large_image\" \/>\n<meta name=\"twitter:label1\" content=\"Gesch\u00e4tzte Lesezeit\" \/>\n\t<meta name=\"twitter:data1\" content=\"4\u00a0Minuten\" \/>\n<script type=\"application\/ld+json\" class=\"yoast-schema-graph\">{\"@context\":\"https:\/\/schema.org\",\"@graph\":[{\"@type\":\"WebPage\",\"@id\":\"https:\/\/bertrand.pl\/produkt\/bramy-garazowe-segmentowe\/\",\"url\":\"https:\/\/bertrand.pl\/produkt\/bramy-garazowe-segmentowe\/\",\"name\":\"BRAMY GARA\u017bOWE SEGMENTOWE - Bertrand. Najwy\u017cszej jako\u015bci okna i drzwi. Certyfikowany producent od 1969 roku.\",\"isPartOf\":{\"@id\":\"https:\/\/bertrand.pl\/#website\"},\"primaryImageOfPage\":{\"@id\":\"https:\/\/bertrand.pl\/produkt\/bramy-garazowe-segmentowe\/#primaryimage\"},\"image\":{\"@id\":\"https:\/\/bertrand.pl\/produkt\/bramy-garazowe-segmentowe\/#primaryimage\"},\"thumbnailUrl\":\"https:\/\/bertrand.pl\/wp-content\/uploads\/2023\/12\/k2_rc-680x720-1.png\",\"datePublished\":\"2023-12-13T10:11:19+00:00\",\"dateModified\":\"2024-12-13T13:16:22+00:00\",\"description\":\"Bramy segmentowe Bertrand \u2013 wygodna obs\u0142uga, cicha praca, fotokom\u00f3rki, wy\u0142\u0105cznik przeci\u0105\u017ceniowy. Ponad 200 kolor\u00f3w RAL. Idealne dla ka\u017cdego domu.\",\"breadcrumb\":{\"@id\":\"https:\/\/bertrand.pl\/produkt\/bramy-garazowe-segmentowe\/#breadcrumb\"},\"inLanguage\":\"de\",\"potentialAction\":[{\"@type\":\"ReadAction\",\"target\":[\"https:\/\/bertrand.pl\/produkt\/bramy-garazowe-segmentowe\/\"]}]},{\"@type\":\"ImageObject\",\"inLanguage\":\"de\",\"@id\":\"https:\/\/bertrand.pl\/produkt\/bramy-garazowe-segmentowe\/#primaryimage\",\"url\":\"https:\/\/bertrand.pl\/wp-content\/uploads\/2023\/12\/k2_rc-680x720-1.png\",\"contentUrl\":\"https:\/\/bertrand.pl\/wp-content\/uploads\/2023\/12\/k2_rc-680x720-1.png\",\"width\":500,\"height\":529},{\"@type\":\"BreadcrumbList\",\"@id\":\"https:\/\/bertrand.pl\/produkt\/bramy-garazowe-segmentowe\/#breadcrumb\",\"itemListElement\":[{\"@type\":\"ListItem\",\"position\":1,\"name\":\"Strona g\u0142\u00f3wna\",\"item\":\"https:\/\/bertrand.pl\/\"},{\"@type\":\"ListItem\",\"position\":2,\"name\":\"Produits\",\"item\":\"https:\/\/bertrand.pl\/fr\/shop\/\"},{\"@type\":\"ListItem\",\"position\":3,\"name\":\"BRAMY GARA\u017bOWE SEGMENTOWE\"}]},{\"@type\":\"WebSite\",\"@id\":\"https:\/\/bertrand.pl\/#website\",\"url\":\"https:\/\/bertrand.pl\/\",\"name\":\"Bertrand.pl\",\"description\":\"Firma Bertrand to certyfikowany i uznany producent najwy\u017cszej jako\u015bci okien z PVC, z drewna lub aluminium. Produkcja drzwi, rolet i bram gara\u017cowych.\",\"publisher\":{\"@id\":\"https:\/\/bertrand.pl\/#organization\"},\"potentialAction\":[{\"@type\":\"SearchAction\",\"target\":{\"@type\":\"EntryPoint\",\"urlTemplate\":\"https:\/\/bertrand.pl\/?s={search_term_string}\"},\"query-input\":{\"@type\":\"PropertyValueSpecification\",\"valueRequired\":true,\"valueName\":\"search_term_string\"}}],\"inLanguage\":\"de\"},{\"@type\":\"Organization\",\"@id\":\"https:\/\/bertrand.pl\/#organization\",\"name\":\"Bertrand.pl\",\"url\":\"https:\/\/bertrand.pl\/\",\"logo\":{\"@type\":\"ImageObject\",\"inLanguage\":\"de\",\"@id\":\"https:\/\/bertrand.pl\/#\/schema\/logo\/image\/\",\"url\":\"https:\/\/bertrand.pl\/wp-content\/uploads\/2024\/12\/logo_BB_TM_PL_black.png\",\"contentUrl\":\"https:\/\/bertrand.pl\/wp-content\/uploads\/2024\/12\/logo_BB_TM_PL_black.png\",\"width\":1831,\"height\":1831,\"caption\":\"Bertrand.pl\"},\"image\":{\"@id\":\"https:\/\/bertrand.pl\/#\/schema\/logo\/image\/\"},\"sameAs\":[\"https:\/\/www.facebook.com\/bertrandpolska\/\",\"https:\/\/www.instagram.com\/bertrand_okna_i_drzwi\/\",\"https:\/\/www.linkedin.com\/company\/bertrand\/\",\"https:\/\/www.tiktok.com\/@bertrand_okna_drzwi\"]}]}<\/script>\n<!-- \/ Yoast SEO Premium plugin. -->","yoast_head_json":{"title":"BRAMY GARA\u017bOWE SEGMENTOWE - Bertrand. Najwy\u017cszej jako\u015bci okna i drzwi. Certyfikowany producent od 1969 roku.","description":"Bertrand-Sektionaltore \u2013 komfortable Bedienung, leiser Betrieb, Fotozellen, \u00dcberlastschalter. \u00dcber 200 RAL-Farben. Perfekt f\u00fcr jedes Zuhause.","robots":{"index":"index","follow":"follow","max-snippet":"max-snippet:-1","max-image-preview":"max-image-preview:large","max-video-preview":"max-video-preview:-1"},"canonical":"https:\/\/bertrand.pl\/de\/produkt\/sektionaltore-fur-garagen\/","og_locale":"de_DE","og_type":"article","og_title":"BRAMY GARA\u017bOWE SEGMENTOWE","og_description":"Bramy segmentowe Bertrand \u2013 wygodna obs\u0142uga, cicha praca, fotokom\u00f3rki, wy\u0142\u0105cznik przeci\u0105\u017ceniowy. Ponad 200 kolor\u00f3w RAL. Idealne dla ka\u017cdego domu.","og_url":"https:\/\/bertrand.pl\/de\/produkt\/sektionaltore-fur-garagen\/","og_site_name":"Bertrand. Najwy\u017cszej jako\u015bci okna i drzwi. Certyfikowany producent od 1969 roku.","article_publisher":"https:\/\/www.facebook.com\/bertrandpolska\/","article_modified_time":"2024-12-13T13:16:22+00:00","og_image":[{"width":500,"height":529,"url":"https:\/\/bertrand.pl\/wp-content\/uploads\/2023\/12\/k2_rc-680x720-1.png","type":"image\/png"}],"twitter_card":"summary_large_image","twitter_misc":{"Gesch\u00e4tzte Lesezeit":"4\u00a0Minuten"},"schema":{"@context":"https:\/\/schema.org","@graph":[{"@type":"WebPage","@id":"https:\/\/bertrand.pl\/produkt\/bramy-garazowe-segmentowe\/","url":"https:\/\/bertrand.pl\/produkt\/bramy-garazowe-segmentowe\/","name":"BRAMY GARA\u017bOWE SEGMENTOWE - Bertrand. Najwy\u017cszej jako\u015bci okna i drzwi. Certyfikowany producent od 1969 roku.","isPartOf":{"@id":"https:\/\/bertrand.pl\/#website"},"primaryImageOfPage":{"@id":"https:\/\/bertrand.pl\/produkt\/bramy-garazowe-segmentowe\/#primaryimage"},"image":{"@id":"https:\/\/bertrand.pl\/produkt\/bramy-garazowe-segmentowe\/#primaryimage"},"thumbnailUrl":"https:\/\/bertrand.pl\/wp-content\/uploads\/2023\/12\/k2_rc-680x720-1.png","datePublished":"2023-12-13T10:11:19+00:00","dateModified":"2024-12-13T13:16:22+00:00","description":"Bertrand-Sektionaltore \u2013 komfortable Bedienung, leiser Betrieb, Fotozellen, \u00dcberlastschalter. \u00dcber 200 RAL-Farben. Perfekt f\u00fcr jedes Zuhause.","breadcrumb":{"@id":"https:\/\/bertrand.pl\/produkt\/bramy-garazowe-segmentowe\/#breadcrumb"},"inLanguage":"de","potentialAction":[{"@type":"ReadAction","target":["https:\/\/bertrand.pl\/produkt\/bramy-garazowe-segmentowe\/"]}]},{"@type":"ImageObject","inLanguage":"de","@id":"https:\/\/bertrand.pl\/produkt\/bramy-garazowe-segmentowe\/#primaryimage","url":"https:\/\/bertrand.pl\/wp-content\/uploads\/2023\/12\/k2_rc-680x720-1.png","contentUrl":"https:\/\/bertrand.pl\/wp-content\/uploads\/2023\/12\/k2_rc-680x720-1.png","width":500,"height":529},{"@type":"BreadcrumbList","@id":"https:\/\/bertrand.pl\/produkt\/bramy-garazowe-segmentowe\/#breadcrumb","itemListElement":[{"@type":"ListItem","position":1,"name":"Strona g\u0142\u00f3wna","item":"https:\/\/bertrand.pl\/"},{"@type":"ListItem","position":2,"name":"Produits","item":"https:\/\/bertrand.pl\/fr\/shop\/"},{"@type":"ListItem","position":3,"name":"BRAMY GARA\u017bOWE SEGMENTOWE"}]},{"@type":"WebSite","@id":"https:\/\/bertrand.pl\/#website","url":"https:\/\/bertrand.pl\/","name":"Bertrand.pl","description":"Firma Bertrand to certyfikowany i uznany producent najwy\u017cszej jako\u015bci okien z PVC, z drewna lub aluminium. Produkcja drzwi, rolet i bram gara\u017cowych.","publisher":{"@id":"https:\/\/bertrand.pl\/#organization"},"potentialAction":[{"@type":"SearchAction","target":{"@type":"EntryPoint","urlTemplate":"https:\/\/bertrand.pl\/?s={search_term_string}"},"query-input":{"@type":"PropertyValueSpecification","valueRequired":true,"valueName":"search_term_string"}}],"inLanguage":"de"},{"@type":"Organization","@id":"https:\/\/bertrand.pl\/#organization","name":"Bertrand.pl","url":"https:\/\/bertrand.pl\/","logo":{"@type":"ImageObject","inLanguage":"de","@id":"https:\/\/bertrand.pl\/#\/schema\/logo\/image\/","url":"https:\/\/bertrand.pl\/wp-content\/uploads\/2024\/12\/logo_BB_TM_PL_black.png","contentUrl":"https:\/\/bertrand.pl\/wp-content\/uploads\/2024\/12\/logo_BB_TM_PL_black.png","width":1831,"height":1831,"caption":"Bertrand.pl"},"image":{"@id":"https:\/\/bertrand.pl\/#\/schema\/logo\/image\/"},"sameAs":["https:\/\/www.facebook.com\/bertrandpolska\/","https:\/\/www.instagram.com\/bertrand_okna_i_drzwi\/","https:\/\/www.linkedin.com\/company\/bertrand\/","https:\/\/www.tiktok.com\/@bertrand_okna_drzwi"]}]}},"_links":{"self":[{"href":"https:\/\/bertrand.pl\/de\/wp-json\/wp\/v2\/product\/1030","targetHints":{"allow":["GET"]}}],"collection":[{"href":"https:\/\/bertrand.pl\/de\/wp-json\/wp\/v2\/product"}],"about":[{"href":"https:\/\/bertrand.pl\/de\/wp-json\/wp\/v2\/types\/product"}],"wp:featuredmedia":[{"embeddable":true,"href":"https:\/\/bertrand.pl\/de\/wp-json\/wp\/v2\/media\/1039"}],"wp:attachment":[{"href":"https:\/\/bertrand.pl\/de\/wp-json\/wp\/v2\/media?parent=1030"}],"wp:term":[{"taxonomy":"product_brand","embeddable":true,"href":"https:\/\/bertrand.pl\/de\/wp-json\/wp\/v2\/product_brand?post=1030"},{"taxonomy":"product_cat","embeddable":true,"href":"https:\/\/bertrand.pl\/de\/wp-json\/wp\/v2\/product_cat?post=1030"},{"taxonomy":"product_tag","embeddable":true,"href":"https:\/\/bertrand.pl\/de\/wp-json\/wp\/v2\/product_tag?post=1030"}],"curies":[{"name":"wp","href":"https:\/\/api.w.org\/{rel}","templated":true}]}}