{"id":1040,"date":"2023-12-13T10:51:07","date_gmt":"2023-12-13T09:51:07","guid":{"rendered":"https:\/\/bertrand.pl\/?post_type=product&#038;p=1040"},"modified":"2025-03-06T15:26:26","modified_gmt":"2025-03-06T14:26:26","slug":"alutrend-quadrat","status":"publish","type":"product","link":"https:\/\/bertrand.pl\/de\/produkt\/alutrend-quadrat\/","title":{"rendered":"Alutrend Quadrat"},"content":{"rendered":"<div class=\"row\">\n<div class=\"col\">\n<p>Holz-Alufenster<strong> Alutrend<\/strong> <strong>Quadrat<\/strong> ist eine ideale L\u00f6sung f\u00fcr Kunden, die die nat\u00fcrliche Sch\u00f6nheit von Holz und die Langlebigkeit moderner Materialien sch\u00e4tzen. Das Design kombiniert elegantes Holz im Inneren mit wetterbest\u00e4ndigem Aluminium an der Au\u00dfenseite und sorgt so f\u00fcr Langlebigkeit bei minimalem Wartungsaufwand. Dank der verwendeten L\u00f6sungen weisen die Fenster eine hervorragende W\u00e4rmed\u00e4mmung und akustische Parameter auf.<\/p>\n<p>&nbsp;<\/p>\n<h4>Bau- und thermische Eigenschaften<\/h4>\n<p>&nbsp;<\/p>\n<p>Alutrend Quadrat-Fenster zeichnen sich durch eine Gesamtrahmentiefe von aus <strong>bis zu 90 mm<\/strong>. Daher wirkt der zus\u00e4tzliche Luftraum zwischen den Holz- und Aluminiumrahmen als nat\u00fcrlicher Isolator, wodurch ein besserer W\u00e4rme\u00fcbergangskoeffizient (1,1-1,2 W\/m\u00b2K) erreicht werden kann. Dadurch minimieren die Fenster effektiv Energieverluste, was zu geringeren Heizkosten f\u00fchrt. Die erh\u00f6hte Schalld\u00e4mmung macht dieses System daher zu einer hervorragenden Wahl f\u00fcr Menschen, die Ruhe und Frieden in ihrem Zuhause suchen.<\/p>\n<p>&nbsp;<\/p>\n<h4>\u00c4sthetik und Personalisierung<\/h4>\n<p>&nbsp;<\/p>\n<p>System <strong>Alutrend<\/strong> bietet umfangreiche Personalisierungsm\u00f6glichkeiten sowohl hinsichtlich der \u00c4sthetik als auch der Farben:<\/p>\n<ul>\n<li><strong>Innenseite des Fensters:<\/strong> Erh\u00e4ltlich in Kiefern-, Meranti- oder Eichenholz, lackiert mit transparenten Lacken (die die Holzstruktur betonen) oder deckenden Lacken, entsprechend der RAL-Farbpalette.<\/li>\n<li><strong>Au\u00dferhalb des Fensters:<\/strong> Aluminiumauflagen k\u00f6nnen in einheitlichen Farben aus der RAL-Palette lackiert oder mit einer dekorativen Technik veredelt werden, die verschiedene Holzarten imitiert.<\/li>\n<\/ul>\n<p>&nbsp;<\/p>\n<h4>Alutrend Quadrat \u2013 Modernit\u00e4t im minimalistischen Stil<\/h4>\n<p>&nbsp;<\/p>\n<p>F\u00fcr Kunden, die einfache Formen bevorzugen, System <strong>Alutrend Quadrat<\/strong> bietet eine moderne, minimalistische Form. Nachfolgend finden Sie die in dieser Linie verf\u00fcgbaren Varianten:<\/p>\n<ol>\n<li><strong>Alutrend XL 78 Quadrat:<\/strong> Ein Fl\u00fcgel mit einer Tiefe von 78 mm sorgt f\u00fcr bessere W\u00e4rmed\u00e4mmparameter.<\/li>\n<li><strong>Alutrend Qube 68 Quadrat:<\/strong> Eckiger Abschluss des inneren Blattstreifens, der den modernen Charakter betont.<\/li>\n<li><strong>Alutrend XL Qube 78 Quadrat:<\/strong> Eine Kombination aus 78 mm Tiefe und eckiger Oberfl\u00e4che f\u00fcr die anspruchsvollsten Kunden.<\/li>\n<\/ol>\n<p>&nbsp;<\/p>\n<h4>Hauptvorteile der Alutrend Quadrat-Fenster:<\/h4>\n<p>&nbsp;<\/p>\n<ol>\n<li><strong>Haltbarkeit:<\/strong> Aluminium an der Au\u00dfenseite bietet Schutz vor Witterungseinfl\u00fcssen.<\/li>\n<li><strong>W\u00e4rmed\u00e4mmung:<\/strong> W\u00e4rmedurchgangskoeffizient von 1,1-1,2 W\/m\u00b2K.<\/li>\n<li><strong>Akustik:<\/strong> Erh\u00f6hte Schalld\u00e4mmung f\u00fcr mehr Komfort.<\/li>\n<li><strong>Personalisierung:<\/strong> Gro\u00dfe Auswahl an H\u00f6lzern, Farben und Oberfl\u00e4chen.<\/li>\n<li><strong>Modernes Design:<\/strong> Quadratische Optionen f\u00fcr Liebhaber einfacher, minimalistischer Formen.<\/li>\n<\/ol>\n<h3><\/h3>\n<p>Holz-Alufenster <strong>Alutrend<\/strong> ist vor allem eine Kombination aus \u00c4sthetik, Haltbarkeit und Funktionalit\u00e4t. Dank umfangreicher Personalisierungsm\u00f6glichkeiten und moderner technologischer L\u00f6sungen erf\u00fcllen sie daher die Erwartungen selbst der anspruchsvollsten Kunden. Zusammenfassend l\u00e4sst sich sagen, dass Alutrend unabh\u00e4ngig von der gew\u00e4hlten Variante definitiv ein Garant f\u00fcr Komfort, Energieeinsparung und modernes Design ist.<\/p>\n<p>&nbsp;<\/p>\n<\/div>\n<div class=\"col\"><img decoding=\"async\" src=\"https:\/\/bertrand.pl\/wp-content\/uploads\/2023\/12\/strongline_photo1-1.jpg\" \/><\/div>\n<\/div>\n<div>\n<p>&nbsp;<\/p>\n<p><em>Bertrand verwendet die modernsten Holzlacke. Unser standardm\u00e4\u00dfig verwendeter AQUATOP-Lack sch\u00fctzt Oberfl\u00e4chen vor Witterungseinfl\u00fcssen und verleiht ihnen einen glatten und langanhaltenden Schutz.<\/em><\/p>\n<p><em>AQUATOP zeichnet sich durch eine hervorragende Feuchtigkeitsbest\u00e4ndigkeit aus. Es sch\u00fctzt Oberfl\u00e4chen vor Wasser, Regen und Feuchtigkeit und verhindert so Probleme wie F\u00e4ulnis, Schimmel und Sch\u00e4den im Laufe der Zeit. Bietet das ganze Jahr \u00fcber und in jedem Klima zuverl\u00e4ssigen Widerstand.\u00a0<\/em><\/p>\n<p><em>Dank fortschrittlicher und innovativer Lacke und eines sorgf\u00e4ltigen Produktionsprozesses, der eine Mischung aus automatisiertem Schleifen flacher Oberfl\u00e4chen und manuellem Schleifen schwer zug\u00e4nglicher Oberfl\u00e4chen wie der Oberfl\u00e4che im Rahmen ist, weisen unsere Holzfenster eine glatte und makellose Oberfl\u00e4che auf .<\/em><\/p>\n<p><em>Dank der Verwendung von Lacken mit Kaltpigmenten sind Bertrand-Holzfenster perfekt f\u00fcr hei\u00dfe Klimazonen geeignet.<\/em><\/p>\n<h4><strong><a href=\"https:\/\/bertrand.pl\/de\/farbe\/\">Farben von Fenstern und T\u00fcren<\/a><\/strong><\/h4>\n<\/div>","protected":false},"excerpt":{"rendered":"<p><strong>Ein modernes System aus Holz und Aluminium<\/strong><\/p>\n<p><strong>Alutrend Quadrat<\/strong>\u00a0ist ein Produkt f\u00fcr Kunden, die Wert auf einfache Formen legen. Es zeichnet sich durch eine moderne Form aus.<\/p>","protected":false},"featured_media":1042,"template":"","meta":{"site-sidebar-layout":"default","site-content-layout":"","ast-site-content-layout":"default","site-content-style":"default","site-sidebar-style":"default","ast-global-header-display":"","ast-banner-title-visibility":"","ast-main-header-display":"","ast-hfb-above-header-display":"","ast-hfb-below-header-display":"","ast-hfb-mobile-header-display":"","site-post-title":"","ast-breadcrumbs-content":"","ast-featured-img":"","footer-sml-layout":"","ast-disable-related-posts":"","theme-transparent-header-meta":"default","adv-header-id-meta":"","stick-header-meta":"","header-above-stick-meta":"","header-main-stick-meta":"","header-below-stick-meta":"","astra-migrate-meta-layouts":"set","ast-page-background-enabled":"default","ast-page-background-meta":{"desktop":{"background-color":"var(--ast-global-color-4)","background-image":"","background-repeat":"repeat","background-position":"center center","background-size":"auto","background-attachment":"scroll","background-type":"","background-media":"","overlay-type":"","overlay-color":"","overlay-opacity":"","overlay-gradient":""},"tablet":{"background-color":"","background-image":"","background-repeat":"repeat","background-position":"center center","background-size":"auto","background-attachment":"scroll","background-type":"","background-media":"","overlay-type":"","overlay-color":"","overlay-opacity":"","overlay-gradient":""},"mobile":{"background-color":"","background-image":"","background-repeat":"repeat","background-position":"center center","background-size":"auto","background-attachment":"scroll","background-type":"","background-media":"","overlay-type":"","overlay-color":"","overlay-opacity":"","overlay-gradient":""}},"ast-content-background-meta":{"desktop":{"background-color":"var(--ast-global-color-5)","background-image":"","background-repeat":"repeat","background-position":"center center","background-size":"auto","background-attachment":"scroll","background-type":"","background-media":"","overlay-type":"","overlay-color":"","overlay-opacity":"","overlay-gradient":""},"tablet":{"background-color":"var(--ast-global-color-5)","background-image":"","background-repeat":"repeat","background-position":"center center","background-size":"auto","background-attachment":"scroll","background-type":"","background-media":"","overlay-type":"","overlay-color":"","overlay-opacity":"","overlay-gradient":""},"mobile":{"background-color":"var(--ast-global-color-5)","background-image":"","background-repeat":"repeat","background-position":"center center","background-size":"auto","background-attachment":"scroll","background-type":"","background-media":"","overlay-type":"","overlay-color":"","overlay-opacity":"","overlay-gradient":""}}},"product_brand":[],"product_cat":[27],"product_tag":[316,193,384,168,326,367,368,339,311,352,354,344,346,408,370,389,398,405,361,366,397,174,355,323,363,324,423,424,351,359,169,422,362],"class_list":{"0":"post-1040","1":"product","2":"type-product","3":"status-publish","4":"has-post-thumbnail","6":"product_cat-okna-drewniano-aluminiowe","7":"product_tag-aluminiowe-okno","8":"product_tag-aluminium","9":"product_tag-alutrend","10":"product_tag-bertrand","11":"product_tag-budowa-domu","12":"product_tag-budownictwo","13":"product_tag-budownictwo-pasywne","14":"product_tag-design","15":"product_tag-dobre-wlasciwosci-termiczne","16":"product_tag-dobreokna","17":"product_tag-drewno","18":"product_tag-duze-okna","19":"product_tag-duze-przestrzenie","20":"product_tag-duze-przeszklenia","21":"product_tag-idealne-okna-do-domu","22":"product_tag-izolacja-akustyczna","23":"product_tag-izolacja-cieplna","24":"product_tag-izolacja-termiczna","25":"product_tag-jakosc","26":"product_tag-komfort","27":"product_tag-light","28":"product_tag-okna","29":"product_tag-okna-drewniano-aluminiowe","30":"product_tag-okna-z-polski","31":"product_tag-oknazpolski","32":"product_tag-okno-dla-domu","33":"product_tag-okno-drewniane","34":"product_tag-okno-drewniano-aluminiowe","35":"product_tag-oknobertrand","36":"product_tag-premiumwindows","37":"product_tag-produkt","38":"product_tag-quadrat","39":"product_tag-quality","40":"desktop-align-left","41":"tablet-align-left","42":"mobile-align-left","44":"first","45":"instock","46":"shipping-taxable","47":"product-type-simple"},"yoast_head":"<!-- This site is optimized with the Yoast SEO Premium plugin v27.2 (Yoast SEO v27.2) - https:\/\/yoast.com\/product\/yoast-seo-premium-wordpress\/ -->\n<title>Alutrend Quadrat - Bertrand. Najwy\u017cszej jako\u015bci okna i drzwi. Certyfikowany producent od 1969 roku.<\/title>\n<meta name=\"description\" content=\"Okna drewniano-aluminiowe Alutrend Quadrat \u2013 trwa\u0142o\u015b\u0107, termoizolacja i nowoczesny design. Naturalne drewno wewn\u0105trz, aluminium na zewn\u0105trz.\" \/>\n<meta name=\"robots\" content=\"index, follow, max-snippet:-1, max-image-preview:large, max-video-preview:-1\" \/>\n<link rel=\"canonical\" href=\"https:\/\/bertrand.pl\/de\/produkt\/alutrend-quadrat\/\" \/>\n<meta property=\"og:locale\" content=\"de_DE\" \/>\n<meta property=\"og:type\" content=\"article\" \/>\n<meta property=\"og:title\" content=\"Alutrend Quadrat\" \/>\n<meta property=\"og:description\" content=\"Okna drewniano-aluminiowe Alutrend Quadrat \u2013 trwa\u0142o\u015b\u0107, termoizolacja i nowoczesny design. Naturalne drewno wewn\u0105trz, aluminium na zewn\u0105trz.\" \/>\n<meta property=\"og:url\" content=\"https:\/\/bertrand.pl\/de\/produkt\/alutrend-quadrat\/\" \/>\n<meta property=\"og:site_name\" content=\"Bertrand. Najwy\u017cszej jako\u015bci okna i drzwi. Certyfikowany producent od 1969 roku.\" \/>\n<meta property=\"article:publisher\" content=\"https:\/\/www.facebook.com\/bertrandpolska\/\" \/>\n<meta property=\"article:modified_time\" content=\"2025-03-06T14:26:26+00:00\" \/>\n<meta property=\"og:image\" content=\"https:\/\/bertrand.pl\/wp-content\/uploads\/2023\/12\/alutrend_quadrat_big.jpg\" \/>\n\t<meta property=\"og:image:width\" content=\"750\" \/>\n\t<meta property=\"og:image:height\" content=\"750\" \/>\n\t<meta property=\"og:image:type\" content=\"image\/jpeg\" \/>\n<meta name=\"twitter:card\" content=\"summary_large_image\" \/>\n<meta name=\"twitter:label1\" content=\"Gesch\u00e4tzte Lesezeit\" \/>\n\t<meta name=\"twitter:data1\" content=\"4\u00a0Minuten\" \/>\n<script type=\"application\/ld+json\" class=\"yoast-schema-graph\">{\"@context\":\"https:\/\/schema.org\",\"@graph\":[{\"@type\":\"WebPage\",\"@id\":\"https:\/\/bertrand.pl\/produkt\/alutrend-quadrat\/\",\"url\":\"https:\/\/bertrand.pl\/produkt\/alutrend-quadrat\/\",\"name\":\"Alutrend Quadrat - Bertrand. Najwy\u017cszej jako\u015bci okna i drzwi. Certyfikowany producent od 1969 roku.\",\"isPartOf\":{\"@id\":\"https:\/\/bertrand.pl\/#website\"},\"primaryImageOfPage\":{\"@id\":\"https:\/\/bertrand.pl\/produkt\/alutrend-quadrat\/#primaryimage\"},\"image\":{\"@id\":\"https:\/\/bertrand.pl\/produkt\/alutrend-quadrat\/#primaryimage\"},\"thumbnailUrl\":\"https:\/\/bertrand.pl\/wp-content\/uploads\/2023\/12\/alutrend_quadrat_big.jpg\",\"datePublished\":\"2023-12-13T09:51:07+00:00\",\"dateModified\":\"2025-03-06T14:26:26+00:00\",\"description\":\"Okna drewniano-aluminiowe Alutrend Quadrat \u2013 trwa\u0142o\u015b\u0107, termoizolacja i nowoczesny design. Naturalne drewno wewn\u0105trz, aluminium na zewn\u0105trz.\",\"breadcrumb\":{\"@id\":\"https:\/\/bertrand.pl\/produkt\/alutrend-quadrat\/#breadcrumb\"},\"inLanguage\":\"de\",\"potentialAction\":[{\"@type\":\"ReadAction\",\"target\":[\"https:\/\/bertrand.pl\/produkt\/alutrend-quadrat\/\"]}]},{\"@type\":\"ImageObject\",\"inLanguage\":\"de\",\"@id\":\"https:\/\/bertrand.pl\/produkt\/alutrend-quadrat\/#primaryimage\",\"url\":\"https:\/\/bertrand.pl\/wp-content\/uploads\/2023\/12\/alutrend_quadrat_big.jpg\",\"contentUrl\":\"https:\/\/bertrand.pl\/wp-content\/uploads\/2023\/12\/alutrend_quadrat_big.jpg\",\"width\":750,\"height\":750},{\"@type\":\"BreadcrumbList\",\"@id\":\"https:\/\/bertrand.pl\/produkt\/alutrend-quadrat\/#breadcrumb\",\"itemListElement\":[{\"@type\":\"ListItem\",\"position\":1,\"name\":\"Strona g\u0142\u00f3wna\",\"item\":\"https:\/\/bertrand.pl\/\"},{\"@type\":\"ListItem\",\"position\":2,\"name\":\"Produits\",\"item\":\"https:\/\/bertrand.pl\/fr\/shop\/\"},{\"@type\":\"ListItem\",\"position\":3,\"name\":\"Alutrend Quadrat\"}]},{\"@type\":\"WebSite\",\"@id\":\"https:\/\/bertrand.pl\/#website\",\"url\":\"https:\/\/bertrand.pl\/\",\"name\":\"Bertrand.pl\",\"description\":\"Firma Bertrand to certyfikowany i uznany producent najwy\u017cszej jako\u015bci okien z PVC, z drewna lub aluminium. Produkcja drzwi, rolet i bram gara\u017cowych.\",\"publisher\":{\"@id\":\"https:\/\/bertrand.pl\/#organization\"},\"potentialAction\":[{\"@type\":\"SearchAction\",\"target\":{\"@type\":\"EntryPoint\",\"urlTemplate\":\"https:\/\/bertrand.pl\/?s={search_term_string}\"},\"query-input\":{\"@type\":\"PropertyValueSpecification\",\"valueRequired\":true,\"valueName\":\"search_term_string\"}}],\"inLanguage\":\"de\"},{\"@type\":\"Organization\",\"@id\":\"https:\/\/bertrand.pl\/#organization\",\"name\":\"Bertrand.pl\",\"url\":\"https:\/\/bertrand.pl\/\",\"logo\":{\"@type\":\"ImageObject\",\"inLanguage\":\"de\",\"@id\":\"https:\/\/bertrand.pl\/#\/schema\/logo\/image\/\",\"url\":\"https:\/\/bertrand.pl\/wp-content\/uploads\/2024\/12\/logo_BB_TM_PL_black.png\",\"contentUrl\":\"https:\/\/bertrand.pl\/wp-content\/uploads\/2024\/12\/logo_BB_TM_PL_black.png\",\"width\":1831,\"height\":1831,\"caption\":\"Bertrand.pl\"},\"image\":{\"@id\":\"https:\/\/bertrand.pl\/#\/schema\/logo\/image\/\"},\"sameAs\":[\"https:\/\/www.facebook.com\/bertrandpolska\/\",\"https:\/\/www.instagram.com\/bertrand_okna_i_drzwi\/\",\"https:\/\/www.linkedin.com\/company\/bertrand\/\",\"https:\/\/www.tiktok.com\/@bertrand_okna_drzwi\"]}]}<\/script>\n<!-- \/ Yoast SEO Premium plugin. -->","yoast_head_json":{"title":"Alutrend Quadrat - Bertrand. Najwy\u017cszej jako\u015bci okna i drzwi. Certyfikowany producent od 1969 roku.","description":"Alutrend Quadrat Holz-Aluminium-Fenster \u2013 Langlebigkeit, W\u00e4rmed\u00e4mmung und modernes Design. Innen Naturholz, au\u00dfen Aluminium.","robots":{"index":"index","follow":"follow","max-snippet":"max-snippet:-1","max-image-preview":"max-image-preview:large","max-video-preview":"max-video-preview:-1"},"canonical":"https:\/\/bertrand.pl\/de\/produkt\/alutrend-quadrat\/","og_locale":"de_DE","og_type":"article","og_title":"Alutrend Quadrat","og_description":"Okna drewniano-aluminiowe Alutrend Quadrat \u2013 trwa\u0142o\u015b\u0107, termoizolacja i nowoczesny design. Naturalne drewno wewn\u0105trz, aluminium na zewn\u0105trz.","og_url":"https:\/\/bertrand.pl\/de\/produkt\/alutrend-quadrat\/","og_site_name":"Bertrand. Najwy\u017cszej jako\u015bci okna i drzwi. Certyfikowany producent od 1969 roku.","article_publisher":"https:\/\/www.facebook.com\/bertrandpolska\/","article_modified_time":"2025-03-06T14:26:26+00:00","og_image":[{"width":750,"height":750,"url":"https:\/\/bertrand.pl\/wp-content\/uploads\/2023\/12\/alutrend_quadrat_big.jpg","type":"image\/jpeg"}],"twitter_card":"summary_large_image","twitter_misc":{"Gesch\u00e4tzte Lesezeit":"4\u00a0Minuten"},"schema":{"@context":"https:\/\/schema.org","@graph":[{"@type":"WebPage","@id":"https:\/\/bertrand.pl\/produkt\/alutrend-quadrat\/","url":"https:\/\/bertrand.pl\/produkt\/alutrend-quadrat\/","name":"Alutrend Quadrat - Bertrand. Najwy\u017cszej jako\u015bci okna i drzwi. Certyfikowany producent od 1969 roku.","isPartOf":{"@id":"https:\/\/bertrand.pl\/#website"},"primaryImageOfPage":{"@id":"https:\/\/bertrand.pl\/produkt\/alutrend-quadrat\/#primaryimage"},"image":{"@id":"https:\/\/bertrand.pl\/produkt\/alutrend-quadrat\/#primaryimage"},"thumbnailUrl":"https:\/\/bertrand.pl\/wp-content\/uploads\/2023\/12\/alutrend_quadrat_big.jpg","datePublished":"2023-12-13T09:51:07+00:00","dateModified":"2025-03-06T14:26:26+00:00","description":"Alutrend Quadrat Holz-Aluminium-Fenster \u2013 Langlebigkeit, W\u00e4rmed\u00e4mmung und modernes Design. Innen Naturholz, au\u00dfen Aluminium.","breadcrumb":{"@id":"https:\/\/bertrand.pl\/produkt\/alutrend-quadrat\/#breadcrumb"},"inLanguage":"de","potentialAction":[{"@type":"ReadAction","target":["https:\/\/bertrand.pl\/produkt\/alutrend-quadrat\/"]}]},{"@type":"ImageObject","inLanguage":"de","@id":"https:\/\/bertrand.pl\/produkt\/alutrend-quadrat\/#primaryimage","url":"https:\/\/bertrand.pl\/wp-content\/uploads\/2023\/12\/alutrend_quadrat_big.jpg","contentUrl":"https:\/\/bertrand.pl\/wp-content\/uploads\/2023\/12\/alutrend_quadrat_big.jpg","width":750,"height":750},{"@type":"BreadcrumbList","@id":"https:\/\/bertrand.pl\/produkt\/alutrend-quadrat\/#breadcrumb","itemListElement":[{"@type":"ListItem","position":1,"name":"Strona g\u0142\u00f3wna","item":"https:\/\/bertrand.pl\/"},{"@type":"ListItem","position":2,"name":"Produits","item":"https:\/\/bertrand.pl\/fr\/shop\/"},{"@type":"ListItem","position":3,"name":"Alutrend Quadrat"}]},{"@type":"WebSite","@id":"https:\/\/bertrand.pl\/#website","url":"https:\/\/bertrand.pl\/","name":"Bertrand.pl","description":"Firma Bertrand to certyfikowany i uznany producent najwy\u017cszej jako\u015bci okien z PVC, z drewna lub aluminium. Produkcja drzwi, rolet i bram gara\u017cowych.","publisher":{"@id":"https:\/\/bertrand.pl\/#organization"},"potentialAction":[{"@type":"SearchAction","target":{"@type":"EntryPoint","urlTemplate":"https:\/\/bertrand.pl\/?s={search_term_string}"},"query-input":{"@type":"PropertyValueSpecification","valueRequired":true,"valueName":"search_term_string"}}],"inLanguage":"de"},{"@type":"Organization","@id":"https:\/\/bertrand.pl\/#organization","name":"Bertrand.pl","url":"https:\/\/bertrand.pl\/","logo":{"@type":"ImageObject","inLanguage":"de","@id":"https:\/\/bertrand.pl\/#\/schema\/logo\/image\/","url":"https:\/\/bertrand.pl\/wp-content\/uploads\/2024\/12\/logo_BB_TM_PL_black.png","contentUrl":"https:\/\/bertrand.pl\/wp-content\/uploads\/2024\/12\/logo_BB_TM_PL_black.png","width":1831,"height":1831,"caption":"Bertrand.pl"},"image":{"@id":"https:\/\/bertrand.pl\/#\/schema\/logo\/image\/"},"sameAs":["https:\/\/www.facebook.com\/bertrandpolska\/","https:\/\/www.instagram.com\/bertrand_okna_i_drzwi\/","https:\/\/www.linkedin.com\/company\/bertrand\/","https:\/\/www.tiktok.com\/@bertrand_okna_drzwi"]}]}},"_links":{"self":[{"href":"https:\/\/bertrand.pl\/de\/wp-json\/wp\/v2\/product\/1040","targetHints":{"allow":["GET"]}}],"collection":[{"href":"https:\/\/bertrand.pl\/de\/wp-json\/wp\/v2\/product"}],"about":[{"href":"https:\/\/bertrand.pl\/de\/wp-json\/wp\/v2\/types\/product"}],"wp:featuredmedia":[{"embeddable":true,"href":"https:\/\/bertrand.pl\/de\/wp-json\/wp\/v2\/media\/1042"}],"wp:attachment":[{"href":"https:\/\/bertrand.pl\/de\/wp-json\/wp\/v2\/media?parent=1040"}],"wp:term":[{"taxonomy":"product_brand","embeddable":true,"href":"https:\/\/bertrand.pl\/de\/wp-json\/wp\/v2\/product_brand?post=1040"},{"taxonomy":"product_cat","embeddable":true,"href":"https:\/\/bertrand.pl\/de\/wp-json\/wp\/v2\/product_cat?post=1040"},{"taxonomy":"product_tag","embeddable":true,"href":"https:\/\/bertrand.pl\/de\/wp-json\/wp\/v2\/product_tag?post=1040"}],"curies":[{"name":"wp","href":"https:\/\/api.w.org\/{rel}","templated":true}]}}