{"id":1054,"date":"2023-12-13T11:09:29","date_gmt":"2023-12-13T10:09:29","guid":{"rendered":"https:\/\/bertrand.pl\/?post_type=product&#038;p=1054"},"modified":"2025-03-06T15:26:04","modified_gmt":"2025-03-06T14:26:04","slug":"alutrend-quadrat-fb","status":"publish","type":"product","link":"https:\/\/bertrand.pl\/de\/produkt\/alutrend-quadrat-fb\/","title":{"rendered":"Alutrend Quadrat FB"},"content":{"rendered":"<div id=\"column-wrap-id-1499432946\" class=\"sppb-col-sm-6\">\n<div id=\"column-id-1499432946\" class=\"sppb-column\">\n<div class=\"sppb-column-addons\">\n<div id=\"sppb-addon-wrapper-1499432947\" class=\"sppb-addon-wrapper\">\n<div id=\"sppb-addon-1499432947\" class=\"clearfix\">\n<div class=\"sppb-addon sppb-addon-text-block sppb-text-left\">\n<div class=\"sppb-addon-content\">\n<p><strong>Alutrend Quadrat FB<\/strong> ist ein modernes Holz-Aluminium-Fenstersystem, das sich durch rechteckige Formen und elegantes Design auszeichnet. Die b\u00fcndig mit der Rahmenabdeckung abschlie\u00dfende Fl\u00fcgelabdeckung unterstreicht den minimalistischen Stil und passt perfekt zu modernen Innenr\u00e4umen und Fassaden. Dar\u00fcber hinaus ist Alutrend Quadrat FB dank fortschrittlicher technologischer L\u00f6sungen und hoher \u00c4sthetik zweifellos eine ausgezeichnete Wahl f\u00fcr Menschen, die Wert auf Haltbarkeit, Funktionalit\u00e4t und Design legen.<\/p>\n<p>&nbsp;<\/p>\n<h4>Anpassung an verschiedene Anforderungen<\/h4>\n<p>&nbsp;<\/p>\n<p>Das System Alutrend Quadrat FB ist in zwei Tiefenvarianten erh\u00e4ltlich:<\/p>\n<ul>\n<li><strong>XL (88 mm)<\/strong> \u2013 ideal f\u00fcr Standard-Isolierungsanforderungen,<\/li>\n<li><strong>MAX (102 mm)<\/strong> \u2013 Gew\u00e4hrleistung noch besserer thermischer und akustischer Parameter.<\/li>\n<\/ul>\n<p>Dadurch l\u00e4sst sich das Produkt perfekt an verschiedene architektonische Designs anpassen, sowohl in modernen als auch in klassischeren Geb\u00e4uden.<\/p>\n<p>&nbsp;<\/p>\n<h4>Gro\u00dfe Auswahl an Materialien und Verglasungen<\/h4>\n<p>&nbsp;<\/p>\n<p>Alutrend Quadrat FB bietet eine gro\u00dfe Auswahl an Holzarten wie Kiefer, Eiche oder Meranti, wodurch Sie das Erscheinungsbild der Fenster harmonisch an den Stil des Interieurs anpassen k\u00f6nnen. Das System erm\u00f6glicht die Verwendung von:<\/p>\n<ul>\n<li><strong>Dreifachverglasung<\/strong> \u2013 Gew\u00e4hrleistung einer optimalen Isolierung,<\/li>\n<li><strong>Vierscheibenverglasung<\/strong> \u2013 garantiert h\u00f6chsten thermischen und akustischen Komfort.<\/li>\n<\/ul>\n<p>Diese L\u00f6sung macht die Fenster dieses Systems energiesparend und ihre Verwendung ist in jeder Klimazone komfortabel.<\/p>\n<p>&nbsp;<\/p>\n<h4>Alutrend Quadrat FB \u2013 Haltbarkeit und Schutz<\/h4>\n<p>&nbsp;<\/p>\n<p>Das System ist ausgestattet mit <strong>drei Siegellinien<\/strong>, die vor allem wirksam vor Feuchtigkeit, aber auch Wind und anderen Wettereinfl\u00fcssen sch\u00fctzen. Dar\u00fcber hinaus bietet Ihnen die M\u00f6glichkeit, aufliegende oder verdeckte Scharniere zu verwenden, v\u00f6llige Freiheit bei der Personalisierung des Produkts. Dadurch sind diese Fenster nicht nur langlebig, sondern auch flexibel einsetzbar.<\/p>\n<p>&nbsp;<\/p>\n<h4>Hauptvorteile des Alutrend Quadrat FB-Systems:<\/h4>\n<p>&nbsp;<\/p>\n<ol>\n<li><strong>Minimalistisches Design:<\/strong> Fl\u00e4chenb\u00fcndige T\u00fcrblatt- und Zargenauflagen unterstreichen den modernen Look.<\/li>\n<li><strong>Flexibilit\u00e4t:<\/strong> Zwei Profiltiefen (88 mm und 102 mm) angepasst an verschiedene Projekte.<\/li>\n<li><strong>Energieeffizienz:<\/strong> Dreifach- und Vierfachverglasung f\u00fcr optimale W\u00e4rme- und Schalld\u00e4mmung.<\/li>\n<li><strong>Haltbarkeit:<\/strong> Drei Dichtungslinien sorgen f\u00fcr langanhaltenden Schutz vor Witterungseinfl\u00fcssen.<\/li>\n<li><strong>Personalisierung:<\/strong> Auswahl an Holzarten und Scharnieren f\u00fcr individuelle Bed\u00fcrfnisse.<\/li>\n<\/ol>\n<p>&nbsp;<\/p>\n<h4>Seit Jahren die perfekte L\u00f6sung<\/h4>\n<p>&nbsp;<\/p>\n<p>Alutrend Quadrat FB ist eine Kombination aus Modernit\u00e4t, Langlebigkeit und fortschrittlichen Technologien. Das System erf\u00fcllt die Erwartungen selbst der anspruchsvollsten Benutzer und bietet nicht nur hervorragende Funktionalit\u00e4t, sondern auch ein zeitloses Design, das den Charakter jedes Projekts unterstreicht.<\/p>\n<p>&nbsp;<\/p>\n<\/div>\n<p><em>Bertrand verwendet die modernsten Holzlacke. Unser standardm\u00e4\u00dfig verwendeter AQUATOP-Lack sch\u00fctzt Oberfl\u00e4chen vor Witterungseinfl\u00fcssen und verleiht ihnen einen glatten und langanhaltenden Schutz.<\/em><\/p>\n<p><em>AQUATOP zeichnet sich durch eine hervorragende Feuchtigkeitsbest\u00e4ndigkeit aus. Es sch\u00fctzt Oberfl\u00e4chen vor Wasser, Regen und Feuchtigkeit und verhindert so Probleme wie F\u00e4ulnis, Schimmel und Sch\u00e4den im Laufe der Zeit. Bietet das ganze Jahr \u00fcber und in jedem Klima zuverl\u00e4ssigen Widerstand.\u00a0<\/em><\/p>\n<p><em>Dank fortschrittlicher und innovativer Lacke und eines sorgf\u00e4ltigen Produktionsprozesses, der eine Mischung aus automatisiertem Schleifen flacher Oberfl\u00e4chen und manuellem Schleifen schwer zug\u00e4nglicher Oberfl\u00e4chen wie der Oberfl\u00e4che im Rahmen ist, weisen unsere Holzfenster eine glatte und makellose Oberfl\u00e4che auf .<\/em><\/p>\n<p><em>Dank der Verwendung von Lacken mit Kaltpigmenten sind Bertrand-Holzfenster perfekt f\u00fcr hei\u00dfe Klimazonen geeignet.<\/em><\/p>\n<p>&nbsp;<\/p>\n<h4><strong><a href=\"https:\/\/bertrand.pl\/de\/farbe\/\">Farben von Fenstern und T\u00fcren<\/a><\/strong><\/h4>\n<\/div>\n<\/div>\n<\/div>\n<\/div>\n<\/div>\n<\/div>","protected":false},"excerpt":{"rendered":"<p><strong>Die Sch\u00f6nheit von Naturholz<\/strong>.<\/p>\n<p>Quadrat FB ist ein modernes Holz-Aluminium-System, das sich durch rechteckige Formen und elegantes Design auszeichnet, bei dem die Fl\u00fcgelabdeckung b\u00fcndig mit der T\u00fcrrahmenabdeckung abschlie\u00dft.<\/p>","protected":false},"featured_media":1055,"template":"","meta":{"site-sidebar-layout":"default","site-content-layout":"","ast-site-content-layout":"default","site-content-style":"default","site-sidebar-style":"default","ast-global-header-display":"","ast-banner-title-visibility":"","ast-main-header-display":"","ast-hfb-above-header-display":"","ast-hfb-below-header-display":"","ast-hfb-mobile-header-display":"","site-post-title":"","ast-breadcrumbs-content":"","ast-featured-img":"","footer-sml-layout":"","ast-disable-related-posts":"","theme-transparent-header-meta":"default","adv-header-id-meta":"","stick-header-meta":"","header-above-stick-meta":"","header-main-stick-meta":"","header-below-stick-meta":"","astra-migrate-meta-layouts":"set","ast-page-background-enabled":"default","ast-page-background-meta":{"desktop":{"background-color":"var(--ast-global-color-4)","background-image":"","background-repeat":"repeat","background-position":"center center","background-size":"auto","background-attachment":"scroll","background-type":"","background-media":"","overlay-type":"","overlay-color":"","overlay-opacity":"","overlay-gradient":""},"tablet":{"background-color":"","background-image":"","background-repeat":"repeat","background-position":"center center","background-size":"auto","background-attachment":"scroll","background-type":"","background-media":"","overlay-type":"","overlay-color":"","overlay-opacity":"","overlay-gradient":""},"mobile":{"background-color":"","background-image":"","background-repeat":"repeat","background-position":"center center","background-size":"auto","background-attachment":"scroll","background-type":"","background-media":"","overlay-type":"","overlay-color":"","overlay-opacity":"","overlay-gradient":""}},"ast-content-background-meta":{"desktop":{"background-color":"var(--ast-global-color-5)","background-image":"","background-repeat":"repeat","background-position":"center center","background-size":"auto","background-attachment":"scroll","background-type":"","background-media":"","overlay-type":"","overlay-color":"","overlay-opacity":"","overlay-gradient":""},"tablet":{"background-color":"var(--ast-global-color-5)","background-image":"","background-repeat":"repeat","background-position":"center center","background-size":"auto","background-attachment":"scroll","background-type":"","background-media":"","overlay-type":"","overlay-color":"","overlay-opacity":"","overlay-gradient":""},"mobile":{"background-color":"var(--ast-global-color-5)","background-image":"","background-repeat":"repeat","background-position":"center center","background-size":"auto","background-attachment":"scroll","background-type":"","background-media":"","overlay-type":"","overlay-color":"","overlay-opacity":"","overlay-gradient":""}}},"product_brand":[],"product_cat":[27],"product_tag":[316,193,384,168,326,367,368,339,311,352,354,344,346,408,370,389,398,405,361,366,397,174,355,323,363,324,423,424,351,169,422,362,348],"class_list":{"0":"post-1054","1":"product","2":"type-product","3":"status-publish","4":"has-post-thumbnail","6":"product_cat-okna-drewniano-aluminiowe","7":"product_tag-aluminiowe-okno","8":"product_tag-aluminium","9":"product_tag-alutrend","10":"product_tag-bertrand","11":"product_tag-budowa-domu","12":"product_tag-budownictwo","13":"product_tag-budownictwo-pasywne","14":"product_tag-design","15":"product_tag-dobre-wlasciwosci-termiczne","16":"product_tag-dobreokna","17":"product_tag-drewno","18":"product_tag-duze-okna","19":"product_tag-duze-przestrzenie","20":"product_tag-duze-przeszklenia","21":"product_tag-idealne-okna-do-domu","22":"product_tag-izolacja-akustyczna","23":"product_tag-izolacja-cieplna","24":"product_tag-izolacja-termiczna","25":"product_tag-jakosc","26":"product_tag-komfort","27":"product_tag-light","28":"product_tag-okna","29":"product_tag-okna-drewniano-aluminiowe","30":"product_tag-okna-z-polski","31":"product_tag-oknazpolski","32":"product_tag-okno-dla-domu","33":"product_tag-okno-drewniane","34":"product_tag-okno-drewniano-aluminiowe","35":"product_tag-oknobertrand","36":"product_tag-produkt","37":"product_tag-quadrat","38":"product_tag-quality","39":"product_tag-windows","40":"desktop-align-left","41":"tablet-align-left","42":"mobile-align-left","44":"first","45":"instock","46":"shipping-taxable","47":"product-type-simple"},"yoast_head":"<!-- This site is optimized with the Yoast SEO Premium plugin v27.2 (Yoast SEO v27.2) - https:\/\/yoast.com\/product\/yoast-seo-premium-wordpress\/ -->\n<title>Alutrend Quadrat FB - Bertrand. Najwy\u017cszej jako\u015bci okna i drzwi. Certyfikowany producent od 1969 roku.<\/title>\n<meta name=\"description\" content=\"Alutrend Quadrat FB \u2013 nowoczesny system drewniano-aluminiowy od Bertrand. Design, trwa\u0142o\u015b\u0107 i funkcjonalno\u015b\u0107 w jednym produkcie.\" \/>\n<meta name=\"robots\" content=\"index, follow, max-snippet:-1, max-image-preview:large, max-video-preview:-1\" \/>\n<link rel=\"canonical\" href=\"https:\/\/bertrand.pl\/de\/produkt\/alutrend-quadrat-fb\/\" \/>\n<meta property=\"og:locale\" content=\"de_DE\" \/>\n<meta property=\"og:type\" content=\"article\" \/>\n<meta property=\"og:title\" content=\"Alutrend Quadrat FB\" \/>\n<meta property=\"og:description\" content=\"Alutrend Quadrat FB \u2013 nowoczesny system drewniano-aluminiowy od Bertrand. Design, trwa\u0142o\u015b\u0107 i funkcjonalno\u015b\u0107 w jednym produkcie.\" \/>\n<meta property=\"og:url\" content=\"https:\/\/bertrand.pl\/de\/produkt\/alutrend-quadrat-fb\/\" \/>\n<meta property=\"og:site_name\" content=\"Bertrand. Najwy\u017cszej jako\u015bci okna i drzwi. Certyfikowany producent od 1969 roku.\" \/>\n<meta property=\"article:publisher\" content=\"https:\/\/www.facebook.com\/bertrandpolska\/\" \/>\n<meta property=\"article:modified_time\" content=\"2025-03-06T14:26:04+00:00\" \/>\n<meta property=\"og:image\" content=\"https:\/\/bertrand.pl\/wp-content\/uploads\/2023\/12\/wood_alu_Alutrend_Quadrat_FB_big.jpg\" \/>\n\t<meta property=\"og:image:width\" content=\"600\" \/>\n\t<meta property=\"og:image:height\" content=\"600\" \/>\n\t<meta property=\"og:image:type\" content=\"image\/jpeg\" \/>\n<meta name=\"twitter:card\" content=\"summary_large_image\" \/>\n<meta name=\"twitter:label1\" content=\"Gesch\u00e4tzte Lesezeit\" \/>\n\t<meta name=\"twitter:data1\" content=\"3\u00a0Minuten\" \/>\n<script type=\"application\/ld+json\" class=\"yoast-schema-graph\">{\"@context\":\"https:\/\/schema.org\",\"@graph\":[{\"@type\":\"WebPage\",\"@id\":\"https:\/\/bertrand.pl\/produkt\/alutrend-quadrat-fb\/\",\"url\":\"https:\/\/bertrand.pl\/produkt\/alutrend-quadrat-fb\/\",\"name\":\"Alutrend Quadrat FB - Bertrand. Najwy\u017cszej jako\u015bci okna i drzwi. Certyfikowany producent od 1969 roku.\",\"isPartOf\":{\"@id\":\"https:\/\/bertrand.pl\/#website\"},\"primaryImageOfPage\":{\"@id\":\"https:\/\/bertrand.pl\/produkt\/alutrend-quadrat-fb\/#primaryimage\"},\"image\":{\"@id\":\"https:\/\/bertrand.pl\/produkt\/alutrend-quadrat-fb\/#primaryimage\"},\"thumbnailUrl\":\"https:\/\/bertrand.pl\/wp-content\/uploads\/2023\/12\/wood_alu_Alutrend_Quadrat_FB_big.jpg\",\"datePublished\":\"2023-12-13T10:09:29+00:00\",\"dateModified\":\"2025-03-06T14:26:04+00:00\",\"description\":\"Alutrend Quadrat FB \u2013 nowoczesny system drewniano-aluminiowy od Bertrand. Design, trwa\u0142o\u015b\u0107 i funkcjonalno\u015b\u0107 w jednym produkcie.\",\"breadcrumb\":{\"@id\":\"https:\/\/bertrand.pl\/produkt\/alutrend-quadrat-fb\/#breadcrumb\"},\"inLanguage\":\"de\",\"potentialAction\":[{\"@type\":\"ReadAction\",\"target\":[\"https:\/\/bertrand.pl\/produkt\/alutrend-quadrat-fb\/\"]}]},{\"@type\":\"ImageObject\",\"inLanguage\":\"de\",\"@id\":\"https:\/\/bertrand.pl\/produkt\/alutrend-quadrat-fb\/#primaryimage\",\"url\":\"https:\/\/bertrand.pl\/wp-content\/uploads\/2023\/12\/wood_alu_Alutrend_Quadrat_FB_big.jpg\",\"contentUrl\":\"https:\/\/bertrand.pl\/wp-content\/uploads\/2023\/12\/wood_alu_Alutrend_Quadrat_FB_big.jpg\",\"width\":600,\"height\":600},{\"@type\":\"BreadcrumbList\",\"@id\":\"https:\/\/bertrand.pl\/produkt\/alutrend-quadrat-fb\/#breadcrumb\",\"itemListElement\":[{\"@type\":\"ListItem\",\"position\":1,\"name\":\"Strona g\u0142\u00f3wna\",\"item\":\"https:\/\/bertrand.pl\/\"},{\"@type\":\"ListItem\",\"position\":2,\"name\":\"Produits\",\"item\":\"https:\/\/bertrand.pl\/fr\/shop\/\"},{\"@type\":\"ListItem\",\"position\":3,\"name\":\"Alutrend Quadrat FB\"}]},{\"@type\":\"WebSite\",\"@id\":\"https:\/\/bertrand.pl\/#website\",\"url\":\"https:\/\/bertrand.pl\/\",\"name\":\"Bertrand.pl\",\"description\":\"Firma Bertrand to certyfikowany i uznany producent najwy\u017cszej jako\u015bci okien z PVC, z drewna lub aluminium. Produkcja drzwi, rolet i bram gara\u017cowych.\",\"publisher\":{\"@id\":\"https:\/\/bertrand.pl\/#organization\"},\"potentialAction\":[{\"@type\":\"SearchAction\",\"target\":{\"@type\":\"EntryPoint\",\"urlTemplate\":\"https:\/\/bertrand.pl\/?s={search_term_string}\"},\"query-input\":{\"@type\":\"PropertyValueSpecification\",\"valueRequired\":true,\"valueName\":\"search_term_string\"}}],\"inLanguage\":\"de\"},{\"@type\":\"Organization\",\"@id\":\"https:\/\/bertrand.pl\/#organization\",\"name\":\"Bertrand.pl\",\"url\":\"https:\/\/bertrand.pl\/\",\"logo\":{\"@type\":\"ImageObject\",\"inLanguage\":\"de\",\"@id\":\"https:\/\/bertrand.pl\/#\/schema\/logo\/image\/\",\"url\":\"https:\/\/bertrand.pl\/wp-content\/uploads\/2024\/12\/logo_BB_TM_PL_black.png\",\"contentUrl\":\"https:\/\/bertrand.pl\/wp-content\/uploads\/2024\/12\/logo_BB_TM_PL_black.png\",\"width\":1831,\"height\":1831,\"caption\":\"Bertrand.pl\"},\"image\":{\"@id\":\"https:\/\/bertrand.pl\/#\/schema\/logo\/image\/\"},\"sameAs\":[\"https:\/\/www.facebook.com\/bertrandpolska\/\",\"https:\/\/www.instagram.com\/bertrand_okna_i_drzwi\/\",\"https:\/\/www.linkedin.com\/company\/bertrand\/\",\"https:\/\/www.tiktok.com\/@bertrand_okna_drzwi\"]}]}<\/script>\n<!-- \/ Yoast SEO Premium plugin. -->","yoast_head_json":{"title":"Alutrend Quadrat FB - Bertrand. Najwy\u017cszej jako\u015bci okna i drzwi. Certyfikowany producent od 1969 roku.","description":"Alutrend Quadrat FB \u2013 ein modernes Holz-Aluminium-System von Bertrand. Design, Langlebigkeit und Funktionalit\u00e4t in einem Produkt.","robots":{"index":"index","follow":"follow","max-snippet":"max-snippet:-1","max-image-preview":"max-image-preview:large","max-video-preview":"max-video-preview:-1"},"canonical":"https:\/\/bertrand.pl\/de\/produkt\/alutrend-quadrat-fb\/","og_locale":"de_DE","og_type":"article","og_title":"Alutrend Quadrat FB","og_description":"Alutrend Quadrat FB \u2013 nowoczesny system drewniano-aluminiowy od Bertrand. Design, trwa\u0142o\u015b\u0107 i funkcjonalno\u015b\u0107 w jednym produkcie.","og_url":"https:\/\/bertrand.pl\/de\/produkt\/alutrend-quadrat-fb\/","og_site_name":"Bertrand. Najwy\u017cszej jako\u015bci okna i drzwi. Certyfikowany producent od 1969 roku.","article_publisher":"https:\/\/www.facebook.com\/bertrandpolska\/","article_modified_time":"2025-03-06T14:26:04+00:00","og_image":[{"width":600,"height":600,"url":"https:\/\/bertrand.pl\/wp-content\/uploads\/2023\/12\/wood_alu_Alutrend_Quadrat_FB_big.jpg","type":"image\/jpeg"}],"twitter_card":"summary_large_image","twitter_misc":{"Gesch\u00e4tzte Lesezeit":"3\u00a0Minuten"},"schema":{"@context":"https:\/\/schema.org","@graph":[{"@type":"WebPage","@id":"https:\/\/bertrand.pl\/produkt\/alutrend-quadrat-fb\/","url":"https:\/\/bertrand.pl\/produkt\/alutrend-quadrat-fb\/","name":"Alutrend Quadrat FB - Bertrand. Najwy\u017cszej jako\u015bci okna i drzwi. Certyfikowany producent od 1969 roku.","isPartOf":{"@id":"https:\/\/bertrand.pl\/#website"},"primaryImageOfPage":{"@id":"https:\/\/bertrand.pl\/produkt\/alutrend-quadrat-fb\/#primaryimage"},"image":{"@id":"https:\/\/bertrand.pl\/produkt\/alutrend-quadrat-fb\/#primaryimage"},"thumbnailUrl":"https:\/\/bertrand.pl\/wp-content\/uploads\/2023\/12\/wood_alu_Alutrend_Quadrat_FB_big.jpg","datePublished":"2023-12-13T10:09:29+00:00","dateModified":"2025-03-06T14:26:04+00:00","description":"Alutrend Quadrat FB \u2013 ein modernes Holz-Aluminium-System von Bertrand. Design, Langlebigkeit und Funktionalit\u00e4t in einem Produkt.","breadcrumb":{"@id":"https:\/\/bertrand.pl\/produkt\/alutrend-quadrat-fb\/#breadcrumb"},"inLanguage":"de","potentialAction":[{"@type":"ReadAction","target":["https:\/\/bertrand.pl\/produkt\/alutrend-quadrat-fb\/"]}]},{"@type":"ImageObject","inLanguage":"de","@id":"https:\/\/bertrand.pl\/produkt\/alutrend-quadrat-fb\/#primaryimage","url":"https:\/\/bertrand.pl\/wp-content\/uploads\/2023\/12\/wood_alu_Alutrend_Quadrat_FB_big.jpg","contentUrl":"https:\/\/bertrand.pl\/wp-content\/uploads\/2023\/12\/wood_alu_Alutrend_Quadrat_FB_big.jpg","width":600,"height":600},{"@type":"BreadcrumbList","@id":"https:\/\/bertrand.pl\/produkt\/alutrend-quadrat-fb\/#breadcrumb","itemListElement":[{"@type":"ListItem","position":1,"name":"Strona g\u0142\u00f3wna","item":"https:\/\/bertrand.pl\/"},{"@type":"ListItem","position":2,"name":"Produits","item":"https:\/\/bertrand.pl\/fr\/shop\/"},{"@type":"ListItem","position":3,"name":"Alutrend Quadrat FB"}]},{"@type":"WebSite","@id":"https:\/\/bertrand.pl\/#website","url":"https:\/\/bertrand.pl\/","name":"Bertrand.pl","description":"Firma Bertrand to certyfikowany i uznany producent najwy\u017cszej jako\u015bci okien z PVC, z drewna lub aluminium. Produkcja drzwi, rolet i bram gara\u017cowych.","publisher":{"@id":"https:\/\/bertrand.pl\/#organization"},"potentialAction":[{"@type":"SearchAction","target":{"@type":"EntryPoint","urlTemplate":"https:\/\/bertrand.pl\/?s={search_term_string}"},"query-input":{"@type":"PropertyValueSpecification","valueRequired":true,"valueName":"search_term_string"}}],"inLanguage":"de"},{"@type":"Organization","@id":"https:\/\/bertrand.pl\/#organization","name":"Bertrand.pl","url":"https:\/\/bertrand.pl\/","logo":{"@type":"ImageObject","inLanguage":"de","@id":"https:\/\/bertrand.pl\/#\/schema\/logo\/image\/","url":"https:\/\/bertrand.pl\/wp-content\/uploads\/2024\/12\/logo_BB_TM_PL_black.png","contentUrl":"https:\/\/bertrand.pl\/wp-content\/uploads\/2024\/12\/logo_BB_TM_PL_black.png","width":1831,"height":1831,"caption":"Bertrand.pl"},"image":{"@id":"https:\/\/bertrand.pl\/#\/schema\/logo\/image\/"},"sameAs":["https:\/\/www.facebook.com\/bertrandpolska\/","https:\/\/www.instagram.com\/bertrand_okna_i_drzwi\/","https:\/\/www.linkedin.com\/company\/bertrand\/","https:\/\/www.tiktok.com\/@bertrand_okna_drzwi"]}]}},"_links":{"self":[{"href":"https:\/\/bertrand.pl\/de\/wp-json\/wp\/v2\/product\/1054","targetHints":{"allow":["GET"]}}],"collection":[{"href":"https:\/\/bertrand.pl\/de\/wp-json\/wp\/v2\/product"}],"about":[{"href":"https:\/\/bertrand.pl\/de\/wp-json\/wp\/v2\/types\/product"}],"wp:featuredmedia":[{"embeddable":true,"href":"https:\/\/bertrand.pl\/de\/wp-json\/wp\/v2\/media\/1055"}],"wp:attachment":[{"href":"https:\/\/bertrand.pl\/de\/wp-json\/wp\/v2\/media?parent=1054"}],"wp:term":[{"taxonomy":"product_brand","embeddable":true,"href":"https:\/\/bertrand.pl\/de\/wp-json\/wp\/v2\/product_brand?post=1054"},{"taxonomy":"product_cat","embeddable":true,"href":"https:\/\/bertrand.pl\/de\/wp-json\/wp\/v2\/product_cat?post=1054"},{"taxonomy":"product_tag","embeddable":true,"href":"https:\/\/bertrand.pl\/de\/wp-json\/wp\/v2\/product_tag?post=1054"}],"curies":[{"name":"wp","href":"https:\/\/api.w.org\/{rel}","templated":true}]}}