{"id":1113,"date":"2025-03-13T13:18:56","date_gmt":"2025-03-13T12:18:56","guid":{"rendered":"https:\/\/bertrand.pl\/?post_type=product&#038;p=1113"},"modified":"2025-07-10T14:32:07","modified_gmt":"2025-07-10T12:32:07","slug":"smoovio","status":"publish","type":"product","link":"https:\/\/bertrand.pl\/de\/produkt\/smoovio\/","title":{"rendered":"Smoovio"},"content":{"rendered":"<p class=\"translation-block\">Das Schiebesystem <strong>SMOOVIO<\/strong> ist eine moderne L\u00f6sung, die Benutzerfreundlichkeit mit h\u00f6chster Dichtigkeit kombiniert. Bei traditionellen Schiebesystemen trat h\u00e4ufig das Problem auf, dass der Bedienkomfort mit einer geringeren Dichtigkeit einherging. Dank des innovativen Verschlussmechanismus im SMOOVIO-System wurde das Problem der Undichtigkeit jedoch vollst\u00e4ndig beseitigt. Diese L\u00f6sung gew\u00e4hrleistet einen reibungslosen Betrieb der Schiebeelemente sowie einen starken und sicheren Verschluss, der hervorragenden Schutz vor Zugluft, Feuchtigkeit und L\u00e4rm bietet.<\/p>\n<p>&nbsp;<\/p>\n<h4><strong>Noch mehr Platz in Ihrem Innenraum<\/strong><\/h4>\n<p>&nbsp;<\/p>\n<p>Schiebesysteme wie SMOOVIO sind besonders praktisch, insbesondere in kleinen R\u00e4umen. Traditionelle Fenster und T\u00fcren erfordern eine freie Fl\u00e4che zum \u00d6ffnen des Fl\u00fcgels, was die Gestaltungsm\u00f6glichkeiten einschr\u00e4nkt. Ein Schiebesystem hingegen beseitigt dieses Problem und erm\u00f6glicht die vollst\u00e4ndige Nutzung des Raums direkt unter dem Fenster oder in der N\u00e4he der Schiebet\u00fcren. Auf diese Weise gewinnen Sie mehr Platz in Ihrem Innenraum, was besonders in kleinen Wohnungen von gro\u00dfer Bedeutung ist, wo jeder Quadratzentimeter z\u00e4hlt.<\/p>\n<p>&nbsp;<\/p>\n<h4><strong>Funktionalit\u00e4t und \u00c4sthetik in einem<\/strong><\/h4>\n<p>&nbsp;<\/p>\n<p>SMOOVIO ist nicht nur eine praktische L\u00f6sung, sondern auch ein System, das sich perfekt in modernes Innendesign einf\u00fcgt. Dank der Schiebemechanismen wirken Fenster und T\u00fcren \u00e4sthetisch ansprechend und sind \u00e4u\u00dferst benutzerfreundlich. Dar\u00fcber hinaus funktioniert das Schiebesystem reibungslos, was den Komfort im t\u00e4glichen Gebrauch erheblich steigert.<\/p>\n<p>&nbsp;<\/p>\n<h4><strong>Warum das SMOOVIO-System w\u00e4hlen?<\/strong><\/h4>\n<p>&nbsp;<\/p>\n<ul>\n<li class=\"translation-block\"><strong>Dichtheit:<\/strong> Der innovative Verschlussmechanismus garantiert vollst\u00e4ndigen Schutz vor Zugluft, Feuchtigkeit und L\u00e4rm.<\/li>\n<li class=\"translation-block\"><strong>Mehr Platz:<\/strong> Die M\u00f6glichkeit, den Raum direkt unter oder in der N\u00e4he des Fensters zu nutzen.<\/li>\n<li class=\"translation-block\"><strong>Modernes Design:<\/strong> Perfekt abgestimmt auf moderne Innenr\u00e4ume, vereint \u00c4sthetik und Funktionalit\u00e4t.<\/li>\n<li class=\"translation-block\"><strong>Bedienkomfort:<\/strong> Die reibungslose Funktion der Schiebeelemente garantiert eine einfache t\u00e4gliche Nutzung.<\/li>\n<li class=\"translation-block\"><strong>Vielseitigkeit:<\/strong> Eine hervorragende L\u00f6sung f\u00fcr kleine und gro\u00dfe R\u00e4ume, die eine effiziente Raumnutzung erfordern.<\/li>\n<\/ul>\n<p>&nbsp;<\/p>\n<p>Das Schiebesystem SMOOVIO ist eine revolution\u00e4re L\u00f6sung, die den Kompromiss zwischen Komfort und Dichtheit beseitigt. Dank moderner Mechanismen k\u00f6nnen Sie eine reibungslose Bedienung, mehr Platz in Ihrem Innenraum und ein hervorragendes Design genie\u00dfen. Es ist die ideale Wahl f\u00fcr alle, die Modernit\u00e4t, Funktionalit\u00e4t und h\u00f6chste Qualit\u00e4t sch\u00e4tzen.<\/p>\n<p>&nbsp;<\/p>\n<p>&nbsp;<\/p>\n<p>&nbsp;<\/p>\n<h4><strong><a href=\"https:\/\/bertrand.pl\/de\/farbe\/\">Farben von Fenstern und T\u00fcren<\/a><\/strong><\/h4>","protected":false},"excerpt":{"rendered":"<p><strong>MODERNES BERTRAND-SCHIEBESYSTEM<\/strong><\/p>\n<p>Der Platz in der Wohnung ist sehr wertvoll und sollte optimal genutzt werden. Das BERTRAND SMOOVIO-Schiebesystem sorgt f\u00fcr Bedienkomfort, ist platzsparend und \u00e4u\u00dferst dicht. Die einzigartigen Eigenschaften des neuen Schiebers sind das Ergebnis einer synergetischen Kombination von Elementen wie dem neuen Design der Beschl\u00e4ge, der innovativen Profilgeometrie und der durchdachten Form der Dichtungen.<\/p>","protected":false},"featured_media":1115,"template":"","meta":{"site-sidebar-layout":"default","site-content-layout":"","ast-site-content-layout":"default","site-content-style":"default","site-sidebar-style":"default","ast-global-header-display":"","ast-banner-title-visibility":"","ast-main-header-display":"","ast-hfb-above-header-display":"","ast-hfb-below-header-display":"","ast-hfb-mobile-header-display":"","site-post-title":"","ast-breadcrumbs-content":"","ast-featured-img":"","footer-sml-layout":"","ast-disable-related-posts":"","theme-transparent-header-meta":"default","adv-header-id-meta":"","stick-header-meta":"","header-above-stick-meta":"","header-main-stick-meta":"","header-below-stick-meta":"","astra-migrate-meta-layouts":"set","ast-page-background-enabled":"default","ast-page-background-meta":{"desktop":{"background-color":"var(--ast-global-color-4)","background-image":"","background-repeat":"repeat","background-position":"center center","background-size":"auto","background-attachment":"scroll","background-type":"","background-media":"","overlay-type":"","overlay-color":"","overlay-opacity":"","overlay-gradient":""},"tablet":{"background-color":"","background-image":"","background-repeat":"repeat","background-position":"center center","background-size":"auto","background-attachment":"scroll","background-type":"","background-media":"","overlay-type":"","overlay-color":"","overlay-opacity":"","overlay-gradient":""},"mobile":{"background-color":"","background-image":"","background-repeat":"repeat","background-position":"center center","background-size":"auto","background-attachment":"scroll","background-type":"","background-media":"","overlay-type":"","overlay-color":"","overlay-opacity":"","overlay-gradient":""}},"ast-content-background-meta":{"desktop":{"background-color":"var(--ast-global-color-5)","background-image":"","background-repeat":"repeat","background-position":"center center","background-size":"auto","background-attachment":"scroll","background-type":"","background-media":"","overlay-type":"","overlay-color":"","overlay-opacity":"","overlay-gradient":""},"tablet":{"background-color":"var(--ast-global-color-5)","background-image":"","background-repeat":"repeat","background-position":"center center","background-size":"auto","background-attachment":"scroll","background-type":"","background-media":"","overlay-type":"","overlay-color":"","overlay-opacity":"","overlay-gradient":""},"mobile":{"background-color":"var(--ast-global-color-5)","background-image":"","background-repeat":"repeat","background-position":"center center","background-size":"auto","background-attachment":"scroll","background-type":"","background-media":"","overlay-type":"","overlay-color":"","overlay-opacity":"","overlay-gradient":""}}},"product_brand":[],"product_cat":[18],"product_tag":[168,326,367,377,343,338,333,344,358,370,393,394,361,366,174,351,392,364,169,362,391,390],"class_list":{"0":"post-1113","1":"product","2":"type-product","3":"status-publish","4":"has-post-thumbnail","6":"product_cat-systemy-tarasowe","7":"product_tag-bertrand","8":"product_tag-budowa-domu","9":"product_tag-budownictwo","10":"product_tag-dobre-drzwi","11":"product_tag-drzwi-do-domu","12":"product_tag-drzwi-podnoszono-przesuwne","13":"product_tag-drzwi-przesuwne","14":"product_tag-duze-okna","15":"product_tag-gealan","16":"product_tag-idealne-okna-do-domu","17":"product_tag-innowacje","18":"product_tag-innowacyjne-drzwi","19":"product_tag-jakosc","20":"product_tag-komfort","21":"product_tag-okna","22":"product_tag-oknobertrand","23":"product_tag-otwarta-przestrzen","24":"product_tag-polskieokna","25":"product_tag-produkt","26":"product_tag-quality","27":"product_tag-smoovio","28":"product_tag-szczelnosc","29":"desktop-align-left","30":"tablet-align-left","31":"mobile-align-left","33":"first","34":"instock","35":"shipping-taxable","36":"product-type-simple"},"yoast_head":"<!-- This site is optimized with the Yoast SEO Premium plugin v27.2 (Yoast SEO v27.2) - https:\/\/yoast.com\/product\/yoast-seo-premium-wordpress\/ -->\n<title>SMOOVIO \u2013 wi\u0119cej miejsca, wi\u0119cej mo\u017cliwo\u015bci.<\/title>\n<meta name=\"description\" content=\"SMOOVIO \u2013 nowoczesny system przesuwny \u0142\u0105cz\u0105cy szczelno\u015b\u0107, p\u0142ynno\u015b\u0107 pracy i oszcz\u0119dno\u015b\u0107 miejsca. Wi\u0119ksza przestrze\u0144, wygoda i doskona\u0142y design w jednym!\" \/>\n<meta name=\"robots\" content=\"index, follow, max-snippet:-1, max-image-preview:large, max-video-preview:-1\" \/>\n<link rel=\"canonical\" href=\"https:\/\/bertrand.pl\/de\/produkt\/smoovio\/\" \/>\n<meta property=\"og:locale\" content=\"de_DE\" \/>\n<meta property=\"og:type\" content=\"article\" \/>\n<meta property=\"og:title\" content=\"Smoovio\" \/>\n<meta property=\"og:description\" content=\"SMOOVIO \u2013 nowoczesny system przesuwny \u0142\u0105cz\u0105cy szczelno\u015b\u0107, p\u0142ynno\u015b\u0107 pracy i oszcz\u0119dno\u015b\u0107 miejsca. Wi\u0119ksza przestrze\u0144, wygoda i doskona\u0142y design w jednym!\" \/>\n<meta property=\"og:url\" content=\"https:\/\/bertrand.pl\/de\/produkt\/smoovio\/\" \/>\n<meta property=\"og:site_name\" content=\"Bertrand. Najwy\u017cszej jako\u015bci okna i drzwi. Certyfikowany producent od 1969 roku.\" \/>\n<meta property=\"article:publisher\" content=\"https:\/\/www.facebook.com\/bertrandpolska\/\" \/>\n<meta property=\"article:modified_time\" content=\"2025-07-10T12:32:07+00:00\" \/>\n<meta property=\"og:image\" content=\"https:\/\/bertrand.pl\/wp-content\/uploads\/2023\/12\/Schema_2.jpg\" \/>\n\t<meta property=\"og:image:width\" content=\"900\" \/>\n\t<meta property=\"og:image:height\" content=\"600\" \/>\n\t<meta property=\"og:image:type\" content=\"image\/jpeg\" \/>\n<meta name=\"twitter:card\" content=\"summary_large_image\" \/>\n<meta name=\"twitter:label1\" content=\"Gesch\u00e4tzte Lesezeit\" \/>\n\t<meta name=\"twitter:data1\" content=\"3\u00a0Minuten\" \/>\n<script type=\"application\/ld+json\" class=\"yoast-schema-graph\">{\"@context\":\"https:\/\/schema.org\",\"@graph\":[{\"@type\":\"WebPage\",\"@id\":\"https:\/\/bertrand.pl\/produkt\/smoovio\/\",\"url\":\"https:\/\/bertrand.pl\/produkt\/smoovio\/\",\"name\":\"SMOOVIO \u2013 wi\u0119cej miejsca, wi\u0119cej mo\u017cliwo\u015bci.\",\"isPartOf\":{\"@id\":\"https:\/\/bertrand.pl\/#website\"},\"primaryImageOfPage\":{\"@id\":\"https:\/\/bertrand.pl\/produkt\/smoovio\/#primaryimage\"},\"image\":{\"@id\":\"https:\/\/bertrand.pl\/produkt\/smoovio\/#primaryimage\"},\"thumbnailUrl\":\"https:\/\/bertrand.pl\/wp-content\/uploads\/2023\/12\/Schema_2.jpg\",\"datePublished\":\"2025-03-13T12:18:56+00:00\",\"dateModified\":\"2025-07-10T12:32:07+00:00\",\"description\":\"SMOOVIO \u2013 nowoczesny system przesuwny \u0142\u0105cz\u0105cy szczelno\u015b\u0107, p\u0142ynno\u015b\u0107 pracy i oszcz\u0119dno\u015b\u0107 miejsca. Wi\u0119ksza przestrze\u0144, wygoda i doskona\u0142y design w jednym!\",\"breadcrumb\":{\"@id\":\"https:\/\/bertrand.pl\/produkt\/smoovio\/#breadcrumb\"},\"inLanguage\":\"de\",\"potentialAction\":[{\"@type\":\"ReadAction\",\"target\":[\"https:\/\/bertrand.pl\/produkt\/smoovio\/\"]}]},{\"@type\":\"ImageObject\",\"inLanguage\":\"de\",\"@id\":\"https:\/\/bertrand.pl\/produkt\/smoovio\/#primaryimage\",\"url\":\"https:\/\/bertrand.pl\/wp-content\/uploads\/2023\/12\/Schema_2.jpg\",\"contentUrl\":\"https:\/\/bertrand.pl\/wp-content\/uploads\/2023\/12\/Schema_2.jpg\",\"width\":900,\"height\":600},{\"@type\":\"BreadcrumbList\",\"@id\":\"https:\/\/bertrand.pl\/produkt\/smoovio\/#breadcrumb\",\"itemListElement\":[{\"@type\":\"ListItem\",\"position\":1,\"name\":\"Strona g\u0142\u00f3wna\",\"item\":\"https:\/\/bertrand.pl\/\"},{\"@type\":\"ListItem\",\"position\":2,\"name\":\"Produits\",\"item\":\"https:\/\/bertrand.pl\/fr\/shop\/\"},{\"@type\":\"ListItem\",\"position\":3,\"name\":\"Smoovio\"}]},{\"@type\":\"WebSite\",\"@id\":\"https:\/\/bertrand.pl\/#website\",\"url\":\"https:\/\/bertrand.pl\/\",\"name\":\"Bertrand.pl\",\"description\":\"Firma Bertrand to certyfikowany i uznany producent najwy\u017cszej jako\u015bci okien z PVC, z drewna lub aluminium. Produkcja drzwi, rolet i bram gara\u017cowych.\",\"publisher\":{\"@id\":\"https:\/\/bertrand.pl\/#organization\"},\"potentialAction\":[{\"@type\":\"SearchAction\",\"target\":{\"@type\":\"EntryPoint\",\"urlTemplate\":\"https:\/\/bertrand.pl\/?s={search_term_string}\"},\"query-input\":{\"@type\":\"PropertyValueSpecification\",\"valueRequired\":true,\"valueName\":\"search_term_string\"}}],\"inLanguage\":\"de\"},{\"@type\":\"Organization\",\"@id\":\"https:\/\/bertrand.pl\/#organization\",\"name\":\"Bertrand.pl\",\"url\":\"https:\/\/bertrand.pl\/\",\"logo\":{\"@type\":\"ImageObject\",\"inLanguage\":\"de\",\"@id\":\"https:\/\/bertrand.pl\/#\/schema\/logo\/image\/\",\"url\":\"https:\/\/bertrand.pl\/wp-content\/uploads\/2024\/12\/logo_BB_TM_PL_black.png\",\"contentUrl\":\"https:\/\/bertrand.pl\/wp-content\/uploads\/2024\/12\/logo_BB_TM_PL_black.png\",\"width\":1831,\"height\":1831,\"caption\":\"Bertrand.pl\"},\"image\":{\"@id\":\"https:\/\/bertrand.pl\/#\/schema\/logo\/image\/\"},\"sameAs\":[\"https:\/\/www.facebook.com\/bertrandpolska\/\",\"https:\/\/www.instagram.com\/bertrand_okna_i_drzwi\/\",\"https:\/\/www.linkedin.com\/company\/bertrand\/\",\"https:\/\/www.tiktok.com\/@bertrand_okna_drzwi\"]}]}<\/script>\n<!-- \/ Yoast SEO Premium plugin. -->","yoast_head_json":{"title":"SMOOVIO \u2013 wi\u0119cej miejsca, wi\u0119cej mo\u017cliwo\u015bci.","description":"SMOOVIO \u2013 ein modernes Schiebesystem, das Dichtheit, Leichtg\u00e4ngigkeit und Platzersparnis vereint. Mehr Platz, Komfort und perfektes Design in einem!","robots":{"index":"index","follow":"follow","max-snippet":"max-snippet:-1","max-image-preview":"max-image-preview:large","max-video-preview":"max-video-preview:-1"},"canonical":"https:\/\/bertrand.pl\/de\/produkt\/smoovio\/","og_locale":"de_DE","og_type":"article","og_title":"Smoovio","og_description":"SMOOVIO \u2013 nowoczesny system przesuwny \u0142\u0105cz\u0105cy szczelno\u015b\u0107, p\u0142ynno\u015b\u0107 pracy i oszcz\u0119dno\u015b\u0107 miejsca. Wi\u0119ksza przestrze\u0144, wygoda i doskona\u0142y design w jednym!","og_url":"https:\/\/bertrand.pl\/de\/produkt\/smoovio\/","og_site_name":"Bertrand. Najwy\u017cszej jako\u015bci okna i drzwi. Certyfikowany producent od 1969 roku.","article_publisher":"https:\/\/www.facebook.com\/bertrandpolska\/","article_modified_time":"2025-07-10T12:32:07+00:00","og_image":[{"width":900,"height":600,"url":"https:\/\/bertrand.pl\/wp-content\/uploads\/2023\/12\/Schema_2.jpg","type":"image\/jpeg"}],"twitter_card":"summary_large_image","twitter_misc":{"Gesch\u00e4tzte Lesezeit":"3\u00a0Minuten"},"schema":{"@context":"https:\/\/schema.org","@graph":[{"@type":"WebPage","@id":"https:\/\/bertrand.pl\/produkt\/smoovio\/","url":"https:\/\/bertrand.pl\/produkt\/smoovio\/","name":"SMOOVIO \u2013 wi\u0119cej miejsca, wi\u0119cej mo\u017cliwo\u015bci.","isPartOf":{"@id":"https:\/\/bertrand.pl\/#website"},"primaryImageOfPage":{"@id":"https:\/\/bertrand.pl\/produkt\/smoovio\/#primaryimage"},"image":{"@id":"https:\/\/bertrand.pl\/produkt\/smoovio\/#primaryimage"},"thumbnailUrl":"https:\/\/bertrand.pl\/wp-content\/uploads\/2023\/12\/Schema_2.jpg","datePublished":"2025-03-13T12:18:56+00:00","dateModified":"2025-07-10T12:32:07+00:00","description":"SMOOVIO \u2013 ein modernes Schiebesystem, das Dichtheit, Leichtg\u00e4ngigkeit und Platzersparnis vereint. Mehr Platz, Komfort und perfektes Design in einem!","breadcrumb":{"@id":"https:\/\/bertrand.pl\/produkt\/smoovio\/#breadcrumb"},"inLanguage":"de","potentialAction":[{"@type":"ReadAction","target":["https:\/\/bertrand.pl\/produkt\/smoovio\/"]}]},{"@type":"ImageObject","inLanguage":"de","@id":"https:\/\/bertrand.pl\/produkt\/smoovio\/#primaryimage","url":"https:\/\/bertrand.pl\/wp-content\/uploads\/2023\/12\/Schema_2.jpg","contentUrl":"https:\/\/bertrand.pl\/wp-content\/uploads\/2023\/12\/Schema_2.jpg","width":900,"height":600},{"@type":"BreadcrumbList","@id":"https:\/\/bertrand.pl\/produkt\/smoovio\/#breadcrumb","itemListElement":[{"@type":"ListItem","position":1,"name":"Strona g\u0142\u00f3wna","item":"https:\/\/bertrand.pl\/"},{"@type":"ListItem","position":2,"name":"Produits","item":"https:\/\/bertrand.pl\/fr\/shop\/"},{"@type":"ListItem","position":3,"name":"Smoovio"}]},{"@type":"WebSite","@id":"https:\/\/bertrand.pl\/#website","url":"https:\/\/bertrand.pl\/","name":"Bertrand.pl","description":"Firma Bertrand to certyfikowany i uznany producent najwy\u017cszej jako\u015bci okien z PVC, z drewna lub aluminium. Produkcja drzwi, rolet i bram gara\u017cowych.","publisher":{"@id":"https:\/\/bertrand.pl\/#organization"},"potentialAction":[{"@type":"SearchAction","target":{"@type":"EntryPoint","urlTemplate":"https:\/\/bertrand.pl\/?s={search_term_string}"},"query-input":{"@type":"PropertyValueSpecification","valueRequired":true,"valueName":"search_term_string"}}],"inLanguage":"de"},{"@type":"Organization","@id":"https:\/\/bertrand.pl\/#organization","name":"Bertrand.pl","url":"https:\/\/bertrand.pl\/","logo":{"@type":"ImageObject","inLanguage":"de","@id":"https:\/\/bertrand.pl\/#\/schema\/logo\/image\/","url":"https:\/\/bertrand.pl\/wp-content\/uploads\/2024\/12\/logo_BB_TM_PL_black.png","contentUrl":"https:\/\/bertrand.pl\/wp-content\/uploads\/2024\/12\/logo_BB_TM_PL_black.png","width":1831,"height":1831,"caption":"Bertrand.pl"},"image":{"@id":"https:\/\/bertrand.pl\/#\/schema\/logo\/image\/"},"sameAs":["https:\/\/www.facebook.com\/bertrandpolska\/","https:\/\/www.instagram.com\/bertrand_okna_i_drzwi\/","https:\/\/www.linkedin.com\/company\/bertrand\/","https:\/\/www.tiktok.com\/@bertrand_okna_drzwi"]}]}},"_links":{"self":[{"href":"https:\/\/bertrand.pl\/de\/wp-json\/wp\/v2\/product\/1113","targetHints":{"allow":["GET"]}}],"collection":[{"href":"https:\/\/bertrand.pl\/de\/wp-json\/wp\/v2\/product"}],"about":[{"href":"https:\/\/bertrand.pl\/de\/wp-json\/wp\/v2\/types\/product"}],"wp:featuredmedia":[{"embeddable":true,"href":"https:\/\/bertrand.pl\/de\/wp-json\/wp\/v2\/media\/1115"}],"wp:attachment":[{"href":"https:\/\/bertrand.pl\/de\/wp-json\/wp\/v2\/media?parent=1113"}],"wp:term":[{"taxonomy":"product_brand","embeddable":true,"href":"https:\/\/bertrand.pl\/de\/wp-json\/wp\/v2\/product_brand?post=1113"},{"taxonomy":"product_cat","embeddable":true,"href":"https:\/\/bertrand.pl\/de\/wp-json\/wp\/v2\/product_cat?post=1113"},{"taxonomy":"product_tag","embeddable":true,"href":"https:\/\/bertrand.pl\/de\/wp-json\/wp\/v2\/product_tag?post=1113"}],"curies":[{"name":"wp","href":"https:\/\/api.w.org\/{rel}","templated":true}]}}