{"id":1117,"date":"2023-12-15T10:29:40","date_gmt":"2023-12-15T09:29:40","guid":{"rendered":"https:\/\/bertrand.pl\/?post_type=product&#038;p=1117"},"modified":"2025-01-23T09:30:58","modified_gmt":"2025-01-23T08:30:58","slug":"bb-slide","status":"publish","type":"product","link":"https:\/\/bertrand.pl\/de\/produkt\/bb-slide\/","title":{"rendered":"BB SLIDE"},"content":{"rendered":"<p>Terrassent\u00fcrsystem <strong>BB SLIDE<\/strong> vereint perfekt modernes Design, intuitive Bedienung und gr\u00f6\u00dfere Verglasung. Dank des dezenten Rahmens bringt es mehr Licht in den Innenraum und sorgt gleichzeitig f\u00fcr \u00c4sthetik, Funktionalit\u00e4t und Langlebigkeit. Gleichzeitig ist diese L\u00f6sung perfekt f\u00fcr Menschen, die Wert auf Praktikabilit\u00e4t, Stil und Komfort im t\u00e4glichen Gebrauch legen.<\/p>\n<p>&nbsp;<\/p>\n<h3>Intuitiver BB SLIDE-Schlie\u00dfmechanismus<\/h3>\n<p>Der Schlie\u00dfmechanismus der Terrassent\u00fcr wurde im Hinblick auf Einfachheit und Komfort entwickelt. Es bietet einen reibungslosen Betrieb, was die Bedienung erheblich erleichtert. Dadurch sind die T\u00fcren im t\u00e4glichen Gebrauch \u00e4u\u00dferst komfortabel. Daher ist es ideal f\u00fcr H\u00e4user, Wohnungen und Gewerbebauten.<\/p>\n<p>&nbsp;<\/p>\n<h3>Minimalistisches Design und nat\u00fcrliches Licht<\/h3>\n<p>Der dezente Rahmen BB SLIDE erm\u00f6glicht den Einsatz gr\u00f6\u00dferer Verglasungen, was deutlich mehr nat\u00fcrliches Licht in den Innenraum bringt. Das minimalistische Erscheinungsbild der T\u00fcren f\u00fcgt sich harmonisch in moderne Innenr\u00e4ume ein und unterstreicht gleichzeitig deren eleganten Charakter. Dadurch vereint das System Funktionalit\u00e4t mit ansprechender Optik.<\/p>\n<p>&nbsp;<\/p>\n<h3>Hauptvorteile des BB SLIDE-Profils:<\/h3>\n<ol>\n<li><strong>Fl\u00fcgeleinbautiefe:<\/strong> 81 mm, was Haltbarkeit und Stabilit\u00e4t gew\u00e4hrleistet.<\/li>\n<li><strong>Rahmeneinbautiefe:<\/strong> 157,5 mm, was eine ausreichende Strukturfestigkeit gew\u00e4hrleistet.<\/li>\n<li><strong>M\u00f6glichkeit der Verglasung mit Paketen bis 52 mm:<\/strong> Anpassung von W\u00e4rmed\u00e4mmung und Akustik an individuelle Bed\u00fcrfnisse.<\/li>\n<li><strong>Hochsteife Verst\u00e4rkungen in den Fl\u00fcgeln:<\/strong> Erh\u00f6hte Stabilit\u00e4t und Belastbarkeit.<\/li>\n<li><strong>Zwei Arten von festen Pfosten:<\/strong> Wahl zwischen breiter Statik und Standard.<\/li>\n<\/ol>\n<p>&nbsp;<\/p>\n<h3>Funktionalit\u00e4t gepaart mit \u00c4sthetik<\/h3>\n<p>Das System verbindet Funktionalit\u00e4t perfekt mit einem modernen Look und bringt mehr Licht in den Innenraum. Minimalistische Rahmen und solide Verarbeitung sorgen daf\u00fcr, dass dieses System die Erwartungen selbst der anspruchsvollsten Benutzer erf\u00fcllt. Es ist sicherlich eine ideale L\u00f6sung f\u00fcr alle, die Wert auf Praktikabilit\u00e4t, Haltbarkeit und \u00c4sthetik legen.<\/p>\n<h3><\/h3>\n<p>Zusammenfassend: ein Terrassent\u00fcrsystem <strong>BB SLIDE<\/strong> ist eine Kombination aus Stil, Funktionalit\u00e4t und Komfort. Dank des intuitiven Schlie\u00dfmechanismus und der gr\u00f6\u00dferen Verglasung sorgt es f\u00fcr ein modernes Aussehen und Bedienkomfort.<\/p>\n<p>&nbsp;<\/p>\n<h4><strong><a href=\"https:\/\/bertrand.pl\/de\/farben-von-fenstern-und-turen\/\">Farben von Fenstern und T\u00fcren<\/a><\/strong><\/h4>","protected":false},"excerpt":{"rendered":"<p><strong>\u00d6FFNEN SIE SICH DER WELT<\/strong><\/p>\n<p>BB SLIDE-System. Dabei handelt es sich um eine neue, alternative L\u00f6sung im Bereich Schiebet\u00fcren und Fenster. Es ist eine hervorragende Alternative zu PSK- oder HST-Terrassent\u00fcren. Das SLIDE-System eignet sich sowohl f\u00fcr den Einfamilienhausbau als auch f\u00fcr \u00f6ffentliche Geb\u00e4ude. Sein gro\u00dfer Vorteil ist Dichtheit, Zuverl\u00e4ssigkeit und Benutzerfreundlichkeit.<\/p>","protected":false},"featured_media":1118,"template":"","meta":{"site-sidebar-layout":"default","site-content-layout":"","ast-site-content-layout":"default","site-content-style":"default","site-sidebar-style":"default","ast-global-header-display":"","ast-banner-title-visibility":"","ast-main-header-display":"","ast-hfb-above-header-display":"","ast-hfb-below-header-display":"","ast-hfb-mobile-header-display":"","site-post-title":"","ast-breadcrumbs-content":"","ast-featured-img":"","footer-sml-layout":"","ast-disable-related-posts":"","theme-transparent-header-meta":"default","adv-header-id-meta":"","stick-header-meta":"","header-above-stick-meta":"","header-main-stick-meta":"","header-below-stick-meta":"","astra-migrate-meta-layouts":"set","ast-page-background-enabled":"default","ast-page-background-meta":{"desktop":{"background-color":"var(--ast-global-color-4)","background-image":"","background-repeat":"repeat","background-position":"center center","background-size":"auto","background-attachment":"scroll","background-type":"","background-media":"","overlay-type":"","overlay-color":"","overlay-opacity":"","overlay-gradient":""},"tablet":{"background-color":"","background-image":"","background-repeat":"repeat","background-position":"center center","background-size":"auto","background-attachment":"scroll","background-type":"","background-media":"","overlay-type":"","overlay-color":"","overlay-opacity":"","overlay-gradient":""},"mobile":{"background-color":"","background-image":"","background-repeat":"repeat","background-position":"center center","background-size":"auto","background-attachment":"scroll","background-type":"","background-media":"","overlay-type":"","overlay-color":"","overlay-opacity":"","overlay-gradient":""}},"ast-content-background-meta":{"desktop":{"background-color":"var(--ast-global-color-5)","background-image":"","background-repeat":"repeat","background-position":"center center","background-size":"auto","background-attachment":"scroll","background-type":"","background-media":"","overlay-type":"","overlay-color":"","overlay-opacity":"","overlay-gradient":""},"tablet":{"background-color":"var(--ast-global-color-5)","background-image":"","background-repeat":"repeat","background-position":"center center","background-size":"auto","background-attachment":"scroll","background-type":"","background-media":"","overlay-type":"","overlay-color":"","overlay-opacity":"","overlay-gradient":""},"mobile":{"background-color":"var(--ast-global-color-5)","background-image":"","background-repeat":"repeat","background-position":"center center","background-size":"auto","background-attachment":"scroll","background-type":"","background-media":"","overlay-type":"","overlay-color":"","overlay-opacity":"","overlay-gradient":""}}},"product_brand":[],"product_cat":[18],"product_tag":[415,168,326,367,339,377,311,345,343,338,333,407,389,361,366,397,406,348],"class_list":{"0":"post-1117","1":"product","2":"type-product","3":"status-publish","4":"has-post-thumbnail","6":"product_cat-systemy-tarasowe","7":"product_tag-akustyka","8":"product_tag-bertrand","9":"product_tag-budowa-domu","10":"product_tag-budownictwo","11":"product_tag-design","12":"product_tag-dobre-drzwi","13":"product_tag-dobre-wlasciwosci-termiczne","14":"product_tag-drzwi-balkonowe","15":"product_tag-drzwi-do-domu","16":"product_tag-drzwi-podnoszono-przesuwne","17":"product_tag-drzwi-przesuwne","18":"product_tag-duzo-swiatla","19":"product_tag-izolacja-akustyczna","20":"product_tag-jakosc","21":"product_tag-komfort","22":"product_tag-light","23":"product_tag-swiatlo","24":"product_tag-windows","25":"desktop-align-left","26":"tablet-align-left","27":"mobile-align-left","29":"first","30":"instock","31":"shipping-taxable","32":"product-type-simple"},"yoast_head":"<!-- This site is optimized with the Yoast SEO Premium plugin v27.2 (Yoast SEO v27.2) - https:\/\/yoast.com\/product\/yoast-seo-premium-wordpress\/ -->\n<title>BB SLIDE - Bertrand. Najwy\u017cszej jako\u015bci okna i drzwi. Certyfikowany producent od 1969 roku.<\/title>\n<meta name=\"description\" content=\"BB SLIDE \u2013 minimalistyczny system drzwi tarasowych. Subtelna rama, wi\u0119ksze przeszklenia, intuicyjna obs\u0142uga i nowoczesny design. Wi\u0119cej \u015bwiat\u0142a.\" \/>\n<meta name=\"robots\" content=\"index, follow, max-snippet:-1, max-image-preview:large, max-video-preview:-1\" \/>\n<link rel=\"canonical\" href=\"https:\/\/bertrand.pl\/de\/produkt\/bb-slide\/\" \/>\n<meta property=\"og:locale\" content=\"de_DE\" \/>\n<meta property=\"og:type\" content=\"article\" \/>\n<meta property=\"og:title\" content=\"BB SLIDE\" \/>\n<meta property=\"og:description\" content=\"BB SLIDE \u2013 minimalistyczny system drzwi tarasowych. Subtelna rama, wi\u0119ksze przeszklenia, intuicyjna obs\u0142uga i nowoczesny design. Wi\u0119cej \u015bwiat\u0142a.\" \/>\n<meta property=\"og:url\" content=\"https:\/\/bertrand.pl\/de\/produkt\/bb-slide\/\" \/>\n<meta property=\"og:site_name\" content=\"Bertrand. Najwy\u017cszej jako\u015bci okna i drzwi. Certyfikowany producent od 1969 roku.\" \/>\n<meta property=\"article:publisher\" content=\"https:\/\/www.facebook.com\/bertrandpolska\/\" \/>\n<meta property=\"article:modified_time\" content=\"2025-01-23T08:30:58+00:00\" \/>\n<meta property=\"og:image\" content=\"https:\/\/bertrand.pl\/wp-content\/uploads\/2023\/12\/bbslide_1a.png\" \/>\n\t<meta property=\"og:image:width\" content=\"1000\" \/>\n\t<meta property=\"og:image:height\" content=\"579\" \/>\n\t<meta property=\"og:image:type\" content=\"image\/png\" \/>\n<meta name=\"twitter:card\" content=\"summary_large_image\" \/>\n<meta name=\"twitter:label1\" content=\"Gesch\u00e4tzte Lesezeit\" \/>\n\t<meta name=\"twitter:data1\" content=\"2\u00a0Minuten\" \/>\n<script type=\"application\/ld+json\" class=\"yoast-schema-graph\">{\"@context\":\"https:\/\/schema.org\",\"@graph\":[{\"@type\":\"WebPage\",\"@id\":\"https:\/\/bertrand.pl\/produkt\/bb-slide\/\",\"url\":\"https:\/\/bertrand.pl\/produkt\/bb-slide\/\",\"name\":\"BB SLIDE - Bertrand. Najwy\u017cszej jako\u015bci okna i drzwi. Certyfikowany producent od 1969 roku.\",\"isPartOf\":{\"@id\":\"https:\/\/bertrand.pl\/#website\"},\"primaryImageOfPage\":{\"@id\":\"https:\/\/bertrand.pl\/produkt\/bb-slide\/#primaryimage\"},\"image\":{\"@id\":\"https:\/\/bertrand.pl\/produkt\/bb-slide\/#primaryimage\"},\"thumbnailUrl\":\"https:\/\/bertrand.pl\/wp-content\/uploads\/2023\/12\/bbslide_1a.png\",\"datePublished\":\"2023-12-15T09:29:40+00:00\",\"dateModified\":\"2025-01-23T08:30:58+00:00\",\"description\":\"BB SLIDE \u2013 minimalistyczny system drzwi tarasowych. Subtelna rama, wi\u0119ksze przeszklenia, intuicyjna obs\u0142uga i nowoczesny design. Wi\u0119cej \u015bwiat\u0142a.\",\"breadcrumb\":{\"@id\":\"https:\/\/bertrand.pl\/produkt\/bb-slide\/#breadcrumb\"},\"inLanguage\":\"de\",\"potentialAction\":[{\"@type\":\"ReadAction\",\"target\":[\"https:\/\/bertrand.pl\/produkt\/bb-slide\/\"]}]},{\"@type\":\"ImageObject\",\"inLanguage\":\"de\",\"@id\":\"https:\/\/bertrand.pl\/produkt\/bb-slide\/#primaryimage\",\"url\":\"https:\/\/bertrand.pl\/wp-content\/uploads\/2023\/12\/bbslide_1a.png\",\"contentUrl\":\"https:\/\/bertrand.pl\/wp-content\/uploads\/2023\/12\/bbslide_1a.png\",\"width\":1000,\"height\":579},{\"@type\":\"BreadcrumbList\",\"@id\":\"https:\/\/bertrand.pl\/produkt\/bb-slide\/#breadcrumb\",\"itemListElement\":[{\"@type\":\"ListItem\",\"position\":1,\"name\":\"Strona g\u0142\u00f3wna\",\"item\":\"https:\/\/bertrand.pl\/\"},{\"@type\":\"ListItem\",\"position\":2,\"name\":\"Produits\",\"item\":\"https:\/\/bertrand.pl\/fr\/shop\/\"},{\"@type\":\"ListItem\",\"position\":3,\"name\":\"BB SLIDE\"}]},{\"@type\":\"WebSite\",\"@id\":\"https:\/\/bertrand.pl\/#website\",\"url\":\"https:\/\/bertrand.pl\/\",\"name\":\"Bertrand.pl\",\"description\":\"Firma Bertrand to certyfikowany i uznany producent najwy\u017cszej jako\u015bci okien z PVC, z drewna lub aluminium. Produkcja drzwi, rolet i bram gara\u017cowych.\",\"publisher\":{\"@id\":\"https:\/\/bertrand.pl\/#organization\"},\"potentialAction\":[{\"@type\":\"SearchAction\",\"target\":{\"@type\":\"EntryPoint\",\"urlTemplate\":\"https:\/\/bertrand.pl\/?s={search_term_string}\"},\"query-input\":{\"@type\":\"PropertyValueSpecification\",\"valueRequired\":true,\"valueName\":\"search_term_string\"}}],\"inLanguage\":\"de\"},{\"@type\":\"Organization\",\"@id\":\"https:\/\/bertrand.pl\/#organization\",\"name\":\"Bertrand.pl\",\"url\":\"https:\/\/bertrand.pl\/\",\"logo\":{\"@type\":\"ImageObject\",\"inLanguage\":\"de\",\"@id\":\"https:\/\/bertrand.pl\/#\/schema\/logo\/image\/\",\"url\":\"https:\/\/bertrand.pl\/wp-content\/uploads\/2024\/12\/logo_BB_TM_PL_black.png\",\"contentUrl\":\"https:\/\/bertrand.pl\/wp-content\/uploads\/2024\/12\/logo_BB_TM_PL_black.png\",\"width\":1831,\"height\":1831,\"caption\":\"Bertrand.pl\"},\"image\":{\"@id\":\"https:\/\/bertrand.pl\/#\/schema\/logo\/image\/\"},\"sameAs\":[\"https:\/\/www.facebook.com\/bertrandpolska\/\",\"https:\/\/www.instagram.com\/bertrand_okna_i_drzwi\/\",\"https:\/\/www.linkedin.com\/company\/bertrand\/\",\"https:\/\/www.tiktok.com\/@bertrand_okna_drzwi\"]}]}<\/script>\n<!-- \/ Yoast SEO Premium plugin. -->","yoast_head_json":{"title":"BB SLIDE - Bertrand. Najwy\u017cszej jako\u015bci okna i drzwi. Certyfikowany producent od 1969 roku.","description":"BB SLIDE \u2013 ein minimalistisches Terrassent\u00fcrsystem. Dezenter Rahmen, gr\u00f6\u00dfere Verglasung, intuitive Bedienung und modernes Design. Mehr Licht.","robots":{"index":"index","follow":"follow","max-snippet":"max-snippet:-1","max-image-preview":"max-image-preview:large","max-video-preview":"max-video-preview:-1"},"canonical":"https:\/\/bertrand.pl\/de\/produkt\/bb-slide\/","og_locale":"de_DE","og_type":"article","og_title":"BB SLIDE","og_description":"BB SLIDE \u2013 minimalistyczny system drzwi tarasowych. Subtelna rama, wi\u0119ksze przeszklenia, intuicyjna obs\u0142uga i nowoczesny design. Wi\u0119cej \u015bwiat\u0142a.","og_url":"https:\/\/bertrand.pl\/de\/produkt\/bb-slide\/","og_site_name":"Bertrand. Najwy\u017cszej jako\u015bci okna i drzwi. Certyfikowany producent od 1969 roku.","article_publisher":"https:\/\/www.facebook.com\/bertrandpolska\/","article_modified_time":"2025-01-23T08:30:58+00:00","og_image":[{"width":1000,"height":579,"url":"https:\/\/bertrand.pl\/wp-content\/uploads\/2023\/12\/bbslide_1a.png","type":"image\/png"}],"twitter_card":"summary_large_image","twitter_misc":{"Gesch\u00e4tzte Lesezeit":"2\u00a0Minuten"},"schema":{"@context":"https:\/\/schema.org","@graph":[{"@type":"WebPage","@id":"https:\/\/bertrand.pl\/produkt\/bb-slide\/","url":"https:\/\/bertrand.pl\/produkt\/bb-slide\/","name":"BB SLIDE - Bertrand. Najwy\u017cszej jako\u015bci okna i drzwi. Certyfikowany producent od 1969 roku.","isPartOf":{"@id":"https:\/\/bertrand.pl\/#website"},"primaryImageOfPage":{"@id":"https:\/\/bertrand.pl\/produkt\/bb-slide\/#primaryimage"},"image":{"@id":"https:\/\/bertrand.pl\/produkt\/bb-slide\/#primaryimage"},"thumbnailUrl":"https:\/\/bertrand.pl\/wp-content\/uploads\/2023\/12\/bbslide_1a.png","datePublished":"2023-12-15T09:29:40+00:00","dateModified":"2025-01-23T08:30:58+00:00","description":"BB SLIDE \u2013 ein minimalistisches Terrassent\u00fcrsystem. Dezenter Rahmen, gr\u00f6\u00dfere Verglasung, intuitive Bedienung und modernes Design. Mehr Licht.","breadcrumb":{"@id":"https:\/\/bertrand.pl\/produkt\/bb-slide\/#breadcrumb"},"inLanguage":"de","potentialAction":[{"@type":"ReadAction","target":["https:\/\/bertrand.pl\/produkt\/bb-slide\/"]}]},{"@type":"ImageObject","inLanguage":"de","@id":"https:\/\/bertrand.pl\/produkt\/bb-slide\/#primaryimage","url":"https:\/\/bertrand.pl\/wp-content\/uploads\/2023\/12\/bbslide_1a.png","contentUrl":"https:\/\/bertrand.pl\/wp-content\/uploads\/2023\/12\/bbslide_1a.png","width":1000,"height":579},{"@type":"BreadcrumbList","@id":"https:\/\/bertrand.pl\/produkt\/bb-slide\/#breadcrumb","itemListElement":[{"@type":"ListItem","position":1,"name":"Strona g\u0142\u00f3wna","item":"https:\/\/bertrand.pl\/"},{"@type":"ListItem","position":2,"name":"Produits","item":"https:\/\/bertrand.pl\/fr\/shop\/"},{"@type":"ListItem","position":3,"name":"BB SLIDE"}]},{"@type":"WebSite","@id":"https:\/\/bertrand.pl\/#website","url":"https:\/\/bertrand.pl\/","name":"Bertrand.pl","description":"Firma Bertrand to certyfikowany i uznany producent najwy\u017cszej jako\u015bci okien z PVC, z drewna lub aluminium. Produkcja drzwi, rolet i bram gara\u017cowych.","publisher":{"@id":"https:\/\/bertrand.pl\/#organization"},"potentialAction":[{"@type":"SearchAction","target":{"@type":"EntryPoint","urlTemplate":"https:\/\/bertrand.pl\/?s={search_term_string}"},"query-input":{"@type":"PropertyValueSpecification","valueRequired":true,"valueName":"search_term_string"}}],"inLanguage":"de"},{"@type":"Organization","@id":"https:\/\/bertrand.pl\/#organization","name":"Bertrand.pl","url":"https:\/\/bertrand.pl\/","logo":{"@type":"ImageObject","inLanguage":"de","@id":"https:\/\/bertrand.pl\/#\/schema\/logo\/image\/","url":"https:\/\/bertrand.pl\/wp-content\/uploads\/2024\/12\/logo_BB_TM_PL_black.png","contentUrl":"https:\/\/bertrand.pl\/wp-content\/uploads\/2024\/12\/logo_BB_TM_PL_black.png","width":1831,"height":1831,"caption":"Bertrand.pl"},"image":{"@id":"https:\/\/bertrand.pl\/#\/schema\/logo\/image\/"},"sameAs":["https:\/\/www.facebook.com\/bertrandpolska\/","https:\/\/www.instagram.com\/bertrand_okna_i_drzwi\/","https:\/\/www.linkedin.com\/company\/bertrand\/","https:\/\/www.tiktok.com\/@bertrand_okna_drzwi"]}]}},"_links":{"self":[{"href":"https:\/\/bertrand.pl\/de\/wp-json\/wp\/v2\/product\/1117","targetHints":{"allow":["GET"]}}],"collection":[{"href":"https:\/\/bertrand.pl\/de\/wp-json\/wp\/v2\/product"}],"about":[{"href":"https:\/\/bertrand.pl\/de\/wp-json\/wp\/v2\/types\/product"}],"wp:featuredmedia":[{"embeddable":true,"href":"https:\/\/bertrand.pl\/de\/wp-json\/wp\/v2\/media\/1118"}],"wp:attachment":[{"href":"https:\/\/bertrand.pl\/de\/wp-json\/wp\/v2\/media?parent=1117"}],"wp:term":[{"taxonomy":"product_brand","embeddable":true,"href":"https:\/\/bertrand.pl\/de\/wp-json\/wp\/v2\/product_brand?post=1117"},{"taxonomy":"product_cat","embeddable":true,"href":"https:\/\/bertrand.pl\/de\/wp-json\/wp\/v2\/product_cat?post=1117"},{"taxonomy":"product_tag","embeddable":true,"href":"https:\/\/bertrand.pl\/de\/wp-json\/wp\/v2\/product_tag?post=1117"}],"curies":[{"name":"wp","href":"https:\/\/api.w.org\/{rel}","templated":true}]}}