{"id":1129,"date":"2025-03-13T13:16:03","date_gmt":"2025-03-13T12:16:03","guid":{"rendered":"https:\/\/bertrand.pl\/?post_type=product&#038;p=1129"},"modified":"2025-07-10T14:43:07","modified_gmt":"2025-07-10T12:43:07","slug":"hst-panorama","status":"publish","type":"product","link":"https:\/\/bertrand.pl\/de\/produkt\/hst-panorama\/","title":{"rendered":"HST Panorama"},"content":{"rendered":"<p class=\"translation-block\"><strong>HST Panorama<\/strong> ist eine moderne L\u00f6sung, die Eleganz und Funktionalit\u00e4t perfekt vereint. Rahmenloses Festverglasung und schmale Fr\u00e4sungen im Holzrahmen erm\u00f6glichen eine maximale Nutzung des Tageslichts und ein minimalistisches Design, das den Anforderungen der modernen Architektur entspricht. Dank dieser Technologien werden Innenr\u00e4ume heller, ger\u00e4umiger und energieeffizienter.<\/p>\n<p>&nbsp;<\/p>\n<h4><strong>Rahmenlose Festverglasung<\/strong><\/h4>\n<p>&nbsp;<\/p>\n<p class=\"translation-block\">Rahmenlose Festverglasung ist ein Schl\u00fcsselelement des <strong>HST Panorama<\/strong>-Systems und erm\u00f6glicht die Gestaltung gro\u00dfer Glasfl\u00e4chen mit minimalen Rahmenma\u00dfen. Der Effekt nahezu unsichtbarer Rahmen lenkt den Fokus auf die Sch\u00f6nheit der Umgebung hinter dem Glas. Dar\u00fcber hinaus macht die Materialeffizienz dieser Konstruktion sie zu einer umweltfreundlicheren und wirtschaftlicheren L\u00f6sung.<\/p>\n<p class=\"translation-block\">Die Festverglasung wird von der Bodenseite aus mit einem thermisch getrennten Ausgleichsprofil befestigt, was Stabilit\u00e4t und hervorragende W\u00e4rmed\u00e4mmung gew\u00e4hrleistet. Dadurch tr\u00e4gt das <strong>HST Panorama<\/strong>-System dazu bei, den W\u00e4rmekomfort in Innenr\u00e4umen zu erhalten und gleichzeitig die Heizkosten zu senken.<\/p>\n<p>&nbsp;<\/p>\n<p><img fetchpriority=\"high\" decoding=\"async\" class=\"alignnone wp-image-1131\" src=\"https:\/\/bertrand.pl\/wp-content\/uploads\/2023\/12\/10-1009x1360.png\" alt=\"\" width=\"757\" height=\"1021\" \/><\/p>\n<h4><strong>Schmales Fr\u00e4sen im Holzrahmen<\/strong><\/h4>\n<p>&nbsp;<\/p>\n<p>Dieses System verwendet schmales Fr\u00e4sen in Holzrahmen, wodurch die Glasfl\u00e4che maximiert und mehr nat\u00fcrliches Licht in den Innenraum gelassen wird. Eine solche Konstruktion steigert nicht nur die \u00c4sthetik, sondern verbessert auch den Wohnkomfort und reduziert den Bedarf an k\u00fcnstlicher Beleuchtung.<\/p>\n<p class=\"translation-block\">Dank der besten W\u00e4rmedurchgangskoeffizienten, abh\u00e4ngig von der verwendeten Glasart, garantiert <strong>HST Panorama<\/strong> Energieeffizienz und verbessert die Energiebilanz des Geb\u00e4udes. Dadurch werden Innenr\u00e4ume umweltfreundlicher und angenehmer f\u00fcr den t\u00e4glichen Gebrauch.<\/p>\n<h4><\/h4>\n<h4><strong>HS-T\u00fcren \u2013 Stil und Funktionalit\u00e4t mit HST Panorama<\/strong><\/h4>\n<p>&nbsp;<\/p>\n<p class=\"translation-block\">Hebe-Schiebe-T\u00fcren (HS) im <strong>HST Panorama<\/strong>-System sind eine funktionale und stilvolle L\u00f6sung. Minimalistische Rahmen treten in den Hintergrund und betonen die Ger\u00e4umigkeit des Innenraums sowie den Blick durch das Glas. Die T\u00fcren sind sowohl in Standardausf\u00fchrungen als auch mit Hakenverriegelungen erh\u00e4ltlich, gefertigt aus Holz- oder Holz-Aluminium-Profilen mit einer H\u00f6he ab 76 mm.<\/p>\n<p><img decoding=\"async\" class=\"alignnone wp-image-1130 size-full\" src=\"https:\/\/bertrand.pl\/wp-content\/uploads\/2023\/12\/9.jpg\" alt=\"\" width=\"600\" height=\"428\" srcset=\"https:\/\/bertrand.pl\/wp-content\/uploads\/2023\/12\/9.jpg 600w, https:\/\/bertrand.pl\/wp-content\/uploads\/2023\/12\/9-420x300.jpg 420w\" sizes=\"(max-width: 600px) 100vw, 600px\" \/><\/p>\n<p>&nbsp;<\/p>\n<h4><strong>Hauptvorteile des Systems:<\/strong><\/h4>\n<p>&nbsp;<\/p>\n<ol>\n<li class=\"translation-block\"><strong>Mehr Tageslicht:<\/strong> Die maximale Glasfl\u00e4che l\u00e4sst mehr nat\u00fcrliches Licht herein.<\/li>\n<li class=\"translation-block\"><strong>Energieeffizienz:<\/strong> Die besten W\u00e4rmedurchgangskoeffizienten.<\/li>\n<li class=\"translation-block\"><strong>Minimalistisches Design:<\/strong> Modernes Aussehen, angepasst an zeitgem\u00e4\u00dfe Innenr\u00e4ume.<\/li>\n<li class=\"translation-block\"><strong>\u00d6kologie:<\/strong> Materialeinsparungen und verbesserte Energiebilanz des Geb\u00e4udes.<\/li>\n<li class=\"translation-block\"><strong>Stilvolle HS-T\u00fcren:<\/strong> Funktionale und langlebige Elemente f\u00fcr Innenr\u00e4ume.<\/li>\n<\/ol>\n<h3><\/h3>\n<p class=\"translation-block\"><strong>HST Panorama<\/strong> ist die ideale L\u00f6sung f\u00fcr alle, die modernes Design, hohe Funktionalit\u00e4t und Energieeffizienz sch\u00e4tzen. Rahmenlose Festverglasung und schmales Fr\u00e4sen im Holzrahmen machen dieses System zur perfekten Wahl f\u00fcr alle, die \u00c4sthetik mit Praktikabilit\u00e4t verbinden m\u00f6chten.<\/p>\n<p>&nbsp;<\/p>\n<h4><strong><a href=\"https:\/\/bertrand.pl\/de\/farbe\/\">Farben von Fenstern und T\u00fcren<\/a><\/strong><\/h4>","protected":false},"excerpt":{"rendered":"<p><strong>HEBESCHIEBET\u00dcREN AUS HOLZ ODER HOLZ UND ALUMINIUM<\/strong><\/p>\n<p>HST Panorama ist eine innovative L\u00f6sung mit rahmenloser Festverglasung. Der Rahmen im Passivfl\u00fcgel schlie\u00dft b\u00fcndig mit dem Boden ab und das Sonnenlicht erhellt das Innere des Hauses uneingeschr\u00e4nkt, so dass der Eindruck eines offenen Raumes entsteht.<\/p>","protected":false},"featured_media":1130,"template":"","meta":{"site-sidebar-layout":"default","site-content-layout":"","ast-site-content-layout":"default","site-content-style":"default","site-sidebar-style":"default","ast-global-header-display":"","ast-banner-title-visibility":"","ast-main-header-display":"","ast-hfb-above-header-display":"","ast-hfb-below-header-display":"","ast-hfb-mobile-header-display":"","site-post-title":"","ast-breadcrumbs-content":"","ast-featured-img":"","footer-sml-layout":"","ast-disable-related-posts":"","theme-transparent-header-meta":"default","adv-header-id-meta":"","stick-header-meta":"","header-above-stick-meta":"","header-main-stick-meta":"","header-below-stick-meta":"","astra-migrate-meta-layouts":"set","ast-page-background-enabled":"default","ast-page-background-meta":{"desktop":{"background-color":"var(--ast-global-color-4)","background-image":"","background-repeat":"repeat","background-position":"center center","background-size":"auto","background-attachment":"scroll","background-type":"","background-media":"","overlay-type":"","overlay-color":"","overlay-opacity":"","overlay-gradient":""},"tablet":{"background-color":"","background-image":"","background-repeat":"repeat","background-position":"center center","background-size":"auto","background-attachment":"scroll","background-type":"","background-media":"","overlay-type":"","overlay-color":"","overlay-opacity":"","overlay-gradient":""},"mobile":{"background-color":"","background-image":"","background-repeat":"repeat","background-position":"center center","background-size":"auto","background-attachment":"scroll","background-type":"","background-media":"","overlay-type":"","overlay-color":"","overlay-opacity":"","overlay-gradient":""}},"ast-content-background-meta":{"desktop":{"background-color":"var(--ast-global-color-5)","background-image":"","background-repeat":"repeat","background-position":"center center","background-size":"auto","background-attachment":"scroll","background-type":"","background-media":"","overlay-type":"","overlay-color":"","overlay-opacity":"","overlay-gradient":""},"tablet":{"background-color":"var(--ast-global-color-5)","background-image":"","background-repeat":"repeat","background-position":"center center","background-size":"auto","background-attachment":"scroll","background-type":"","background-media":"","overlay-type":"","overlay-color":"","overlay-opacity":"","overlay-gradient":""},"mobile":{"background-color":"var(--ast-global-color-5)","background-image":"","background-repeat":"repeat","background-position":"center center","background-size":"auto","background-attachment":"scroll","background-type":"","background-media":"","overlay-type":"","overlay-color":"","overlay-opacity":"","overlay-gradient":""}}},"product_brand":[],"product_cat":[18],"product_tag":[168,360,326,367,377,311,175,338,333,334,346,408,407,402,403,393,394,405,397,401,362,406,337,319,390,409,411,410,348,404],"class_list":{"0":"post-1129","1":"product","2":"type-product","3":"status-publish","4":"has-post-thumbnail","6":"product_cat-systemy-tarasowe","7":"product_tag-bertrand","8":"product_tag-bezpieczenstwo","9":"product_tag-budowa-domu","10":"product_tag-budownictwo","11":"product_tag-dobre-drzwi","12":"product_tag-dobre-wlasciwosci-termiczne","13":"product_tag-drzwi","14":"product_tag-drzwi-podnoszono-przesuwne","15":"product_tag-drzwi-przesuwne","16":"product_tag-drzwi-tarasowe","17":"product_tag-duze-przestrzenie","18":"product_tag-duze-przeszklenia","19":"product_tag-duzo-swiatla","20":"product_tag-hst","21":"product_tag-hst-panorama","22":"product_tag-innowacje","23":"product_tag-innowacyjne-drzwi","24":"product_tag-izolacja-termiczna","25":"product_tag-light","26":"product_tag-panorama","27":"product_tag-quality","28":"product_tag-swiatlo","29":"product_tag-system-drzwiowy","30":"product_tag-system-okienno-drzwiowy","31":"product_tag-szczelnosc","32":"product_tag-szklenie","33":"product_tag-szklenie-bezramowe","34":"product_tag-szklenie-stale","35":"product_tag-windows","36":"product_tag-wspolczynnik-ciepla","37":"desktop-align-left","38":"tablet-align-left","39":"mobile-align-left","41":"first","42":"instock","43":"shipping-taxable","44":"product-type-simple"},"yoast_head":"<!-- This site is optimized with the Yoast SEO Premium plugin v27.2 (Yoast SEO v27.2) - https:\/\/yoast.com\/product\/yoast-seo-premium-wordpress\/ -->\n<title>HST Panorama \u2013 maksymalne \u015bwiat\u0142o, minimalna rama<\/title>\n<meta name=\"description\" content=\"HST Panorama. Bezramowe szklenie sta\u0142e i w\u0105skie frezowanie - wi\u0119cej \u015bwiat\u0142a. Idealne rozwi\u0105zania do minimalistycznych wn\u0119trz.\" \/>\n<meta name=\"robots\" content=\"index, follow, max-snippet:-1, max-image-preview:large, max-video-preview:-1\" \/>\n<link rel=\"canonical\" href=\"https:\/\/bertrand.pl\/de\/produkt\/hst-panorama\/\" \/>\n<meta property=\"og:locale\" content=\"de_DE\" \/>\n<meta property=\"og:type\" content=\"article\" \/>\n<meta property=\"og:title\" content=\"HST Panorama\" \/>\n<meta property=\"og:description\" content=\"HST Panorama. Bezramowe szklenie sta\u0142e i w\u0105skie frezowanie - wi\u0119cej \u015bwiat\u0142a. Idealne rozwi\u0105zania do minimalistycznych wn\u0119trz.\" \/>\n<meta property=\"og:url\" content=\"https:\/\/bertrand.pl\/de\/produkt\/hst-panorama\/\" \/>\n<meta property=\"og:site_name\" content=\"Bertrand. Najwy\u017cszej jako\u015bci okna i drzwi. Certyfikowany producent od 1969 roku.\" \/>\n<meta property=\"article:publisher\" content=\"https:\/\/www.facebook.com\/bertrandpolska\/\" \/>\n<meta property=\"article:modified_time\" content=\"2025-07-10T12:43:07+00:00\" \/>\n<meta property=\"og:image\" content=\"https:\/\/bertrand.pl\/wp-content\/uploads\/2023\/12\/9.jpg\" \/>\n\t<meta property=\"og:image:width\" content=\"600\" \/>\n\t<meta property=\"og:image:height\" content=\"428\" \/>\n\t<meta property=\"og:image:type\" content=\"image\/jpeg\" \/>\n<meta name=\"twitter:card\" content=\"summary_large_image\" \/>\n<meta name=\"twitter:label1\" content=\"Gesch\u00e4tzte Lesezeit\" \/>\n\t<meta name=\"twitter:data1\" content=\"3\u00a0Minuten\" \/>\n<script type=\"application\/ld+json\" class=\"yoast-schema-graph\">{\"@context\":\"https:\/\/schema.org\",\"@graph\":[{\"@type\":\"WebPage\",\"@id\":\"https:\/\/bertrand.pl\/produkt\/hst-panorama\/\",\"url\":\"https:\/\/bertrand.pl\/produkt\/hst-panorama\/\",\"name\":\"HST Panorama \u2013 maksymalne \u015bwiat\u0142o, minimalna rama\",\"isPartOf\":{\"@id\":\"https:\/\/bertrand.pl\/#website\"},\"primaryImageOfPage\":{\"@id\":\"https:\/\/bertrand.pl\/produkt\/hst-panorama\/#primaryimage\"},\"image\":{\"@id\":\"https:\/\/bertrand.pl\/produkt\/hst-panorama\/#primaryimage\"},\"thumbnailUrl\":\"https:\/\/bertrand.pl\/wp-content\/uploads\/2023\/12\/9.jpg\",\"datePublished\":\"2025-03-13T12:16:03+00:00\",\"dateModified\":\"2025-07-10T12:43:07+00:00\",\"description\":\"HST Panorama. Bezramowe szklenie sta\u0142e i w\u0105skie frezowanie - wi\u0119cej \u015bwiat\u0142a. Idealne rozwi\u0105zania do minimalistycznych wn\u0119trz.\",\"breadcrumb\":{\"@id\":\"https:\/\/bertrand.pl\/produkt\/hst-panorama\/#breadcrumb\"},\"inLanguage\":\"de\",\"potentialAction\":[{\"@type\":\"ReadAction\",\"target\":[\"https:\/\/bertrand.pl\/produkt\/hst-panorama\/\"]}]},{\"@type\":\"ImageObject\",\"inLanguage\":\"de\",\"@id\":\"https:\/\/bertrand.pl\/produkt\/hst-panorama\/#primaryimage\",\"url\":\"https:\/\/bertrand.pl\/wp-content\/uploads\/2023\/12\/9.jpg\",\"contentUrl\":\"https:\/\/bertrand.pl\/wp-content\/uploads\/2023\/12\/9.jpg\",\"width\":600,\"height\":428},{\"@type\":\"BreadcrumbList\",\"@id\":\"https:\/\/bertrand.pl\/produkt\/hst-panorama\/#breadcrumb\",\"itemListElement\":[{\"@type\":\"ListItem\",\"position\":1,\"name\":\"Strona g\u0142\u00f3wna\",\"item\":\"https:\/\/bertrand.pl\/\"},{\"@type\":\"ListItem\",\"position\":2,\"name\":\"Produits\",\"item\":\"https:\/\/bertrand.pl\/fr\/shop\/\"},{\"@type\":\"ListItem\",\"position\":3,\"name\":\"HST Panorama\"}]},{\"@type\":\"WebSite\",\"@id\":\"https:\/\/bertrand.pl\/#website\",\"url\":\"https:\/\/bertrand.pl\/\",\"name\":\"Bertrand.pl\",\"description\":\"Firma Bertrand to certyfikowany i uznany producent najwy\u017cszej jako\u015bci okien z PVC, z drewna lub aluminium. Produkcja drzwi, rolet i bram gara\u017cowych.\",\"publisher\":{\"@id\":\"https:\/\/bertrand.pl\/#organization\"},\"potentialAction\":[{\"@type\":\"SearchAction\",\"target\":{\"@type\":\"EntryPoint\",\"urlTemplate\":\"https:\/\/bertrand.pl\/?s={search_term_string}\"},\"query-input\":{\"@type\":\"PropertyValueSpecification\",\"valueRequired\":true,\"valueName\":\"search_term_string\"}}],\"inLanguage\":\"de\"},{\"@type\":\"Organization\",\"@id\":\"https:\/\/bertrand.pl\/#organization\",\"name\":\"Bertrand.pl\",\"url\":\"https:\/\/bertrand.pl\/\",\"logo\":{\"@type\":\"ImageObject\",\"inLanguage\":\"de\",\"@id\":\"https:\/\/bertrand.pl\/#\/schema\/logo\/image\/\",\"url\":\"https:\/\/bertrand.pl\/wp-content\/uploads\/2024\/12\/logo_BB_TM_PL_black.png\",\"contentUrl\":\"https:\/\/bertrand.pl\/wp-content\/uploads\/2024\/12\/logo_BB_TM_PL_black.png\",\"width\":1831,\"height\":1831,\"caption\":\"Bertrand.pl\"},\"image\":{\"@id\":\"https:\/\/bertrand.pl\/#\/schema\/logo\/image\/\"},\"sameAs\":[\"https:\/\/www.facebook.com\/bertrandpolska\/\",\"https:\/\/www.instagram.com\/bertrand_okna_i_drzwi\/\",\"https:\/\/www.linkedin.com\/company\/bertrand\/\",\"https:\/\/www.tiktok.com\/@bertrand_okna_drzwi\"]}]}<\/script>\n<!-- \/ Yoast SEO Premium plugin. -->","yoast_head_json":{"title":"HST Panorama \u2013 maksymalne \u015bwiat\u0142o, minimalna rama","description":"HST-Panorama. Rahmenlose Festverglasung und schmale Fr\u00e4sungen \u2013 mehr Licht. Perfekte L\u00f6sungen f\u00fcr minimalistische Innenr\u00e4ume.","robots":{"index":"index","follow":"follow","max-snippet":"max-snippet:-1","max-image-preview":"max-image-preview:large","max-video-preview":"max-video-preview:-1"},"canonical":"https:\/\/bertrand.pl\/de\/produkt\/hst-panorama\/","og_locale":"de_DE","og_type":"article","og_title":"HST Panorama","og_description":"HST Panorama. Bezramowe szklenie sta\u0142e i w\u0105skie frezowanie - wi\u0119cej \u015bwiat\u0142a. Idealne rozwi\u0105zania do minimalistycznych wn\u0119trz.","og_url":"https:\/\/bertrand.pl\/de\/produkt\/hst-panorama\/","og_site_name":"Bertrand. Najwy\u017cszej jako\u015bci okna i drzwi. Certyfikowany producent od 1969 roku.","article_publisher":"https:\/\/www.facebook.com\/bertrandpolska\/","article_modified_time":"2025-07-10T12:43:07+00:00","og_image":[{"width":600,"height":428,"url":"https:\/\/bertrand.pl\/wp-content\/uploads\/2023\/12\/9.jpg","type":"image\/jpeg"}],"twitter_card":"summary_large_image","twitter_misc":{"Gesch\u00e4tzte Lesezeit":"3\u00a0Minuten"},"schema":{"@context":"https:\/\/schema.org","@graph":[{"@type":"WebPage","@id":"https:\/\/bertrand.pl\/produkt\/hst-panorama\/","url":"https:\/\/bertrand.pl\/produkt\/hst-panorama\/","name":"HST Panorama \u2013 maksymalne \u015bwiat\u0142o, minimalna rama","isPartOf":{"@id":"https:\/\/bertrand.pl\/#website"},"primaryImageOfPage":{"@id":"https:\/\/bertrand.pl\/produkt\/hst-panorama\/#primaryimage"},"image":{"@id":"https:\/\/bertrand.pl\/produkt\/hst-panorama\/#primaryimage"},"thumbnailUrl":"https:\/\/bertrand.pl\/wp-content\/uploads\/2023\/12\/9.jpg","datePublished":"2025-03-13T12:16:03+00:00","dateModified":"2025-07-10T12:43:07+00:00","description":"HST-Panorama. Rahmenlose Festverglasung und schmale Fr\u00e4sungen \u2013 mehr Licht. Perfekte L\u00f6sungen f\u00fcr minimalistische Innenr\u00e4ume.","breadcrumb":{"@id":"https:\/\/bertrand.pl\/produkt\/hst-panorama\/#breadcrumb"},"inLanguage":"de","potentialAction":[{"@type":"ReadAction","target":["https:\/\/bertrand.pl\/produkt\/hst-panorama\/"]}]},{"@type":"ImageObject","inLanguage":"de","@id":"https:\/\/bertrand.pl\/produkt\/hst-panorama\/#primaryimage","url":"https:\/\/bertrand.pl\/wp-content\/uploads\/2023\/12\/9.jpg","contentUrl":"https:\/\/bertrand.pl\/wp-content\/uploads\/2023\/12\/9.jpg","width":600,"height":428},{"@type":"BreadcrumbList","@id":"https:\/\/bertrand.pl\/produkt\/hst-panorama\/#breadcrumb","itemListElement":[{"@type":"ListItem","position":1,"name":"Strona g\u0142\u00f3wna","item":"https:\/\/bertrand.pl\/"},{"@type":"ListItem","position":2,"name":"Produits","item":"https:\/\/bertrand.pl\/fr\/shop\/"},{"@type":"ListItem","position":3,"name":"HST Panorama"}]},{"@type":"WebSite","@id":"https:\/\/bertrand.pl\/#website","url":"https:\/\/bertrand.pl\/","name":"Bertrand.pl","description":"Firma Bertrand to certyfikowany i uznany producent najwy\u017cszej jako\u015bci okien z PVC, z drewna lub aluminium. Produkcja drzwi, rolet i bram gara\u017cowych.","publisher":{"@id":"https:\/\/bertrand.pl\/#organization"},"potentialAction":[{"@type":"SearchAction","target":{"@type":"EntryPoint","urlTemplate":"https:\/\/bertrand.pl\/?s={search_term_string}"},"query-input":{"@type":"PropertyValueSpecification","valueRequired":true,"valueName":"search_term_string"}}],"inLanguage":"de"},{"@type":"Organization","@id":"https:\/\/bertrand.pl\/#organization","name":"Bertrand.pl","url":"https:\/\/bertrand.pl\/","logo":{"@type":"ImageObject","inLanguage":"de","@id":"https:\/\/bertrand.pl\/#\/schema\/logo\/image\/","url":"https:\/\/bertrand.pl\/wp-content\/uploads\/2024\/12\/logo_BB_TM_PL_black.png","contentUrl":"https:\/\/bertrand.pl\/wp-content\/uploads\/2024\/12\/logo_BB_TM_PL_black.png","width":1831,"height":1831,"caption":"Bertrand.pl"},"image":{"@id":"https:\/\/bertrand.pl\/#\/schema\/logo\/image\/"},"sameAs":["https:\/\/www.facebook.com\/bertrandpolska\/","https:\/\/www.instagram.com\/bertrand_okna_i_drzwi\/","https:\/\/www.linkedin.com\/company\/bertrand\/","https:\/\/www.tiktok.com\/@bertrand_okna_drzwi"]}]}},"_links":{"self":[{"href":"https:\/\/bertrand.pl\/de\/wp-json\/wp\/v2\/product\/1129","targetHints":{"allow":["GET"]}}],"collection":[{"href":"https:\/\/bertrand.pl\/de\/wp-json\/wp\/v2\/product"}],"about":[{"href":"https:\/\/bertrand.pl\/de\/wp-json\/wp\/v2\/types\/product"}],"wp:featuredmedia":[{"embeddable":true,"href":"https:\/\/bertrand.pl\/de\/wp-json\/wp\/v2\/media\/1130"}],"wp:attachment":[{"href":"https:\/\/bertrand.pl\/de\/wp-json\/wp\/v2\/media?parent=1129"}],"wp:term":[{"taxonomy":"product_brand","embeddable":true,"href":"https:\/\/bertrand.pl\/de\/wp-json\/wp\/v2\/product_brand?post=1129"},{"taxonomy":"product_cat","embeddable":true,"href":"https:\/\/bertrand.pl\/de\/wp-json\/wp\/v2\/product_cat?post=1129"},{"taxonomy":"product_tag","embeddable":true,"href":"https:\/\/bertrand.pl\/de\/wp-json\/wp\/v2\/product_tag?post=1129"}],"curies":[{"name":"wp","href":"https:\/\/api.w.org\/{rel}","templated":true}]}}