{"id":1143,"date":"2023-12-18T11:49:46","date_gmt":"2023-12-18T10:49:46","guid":{"rendered":"https:\/\/bertrand.pl\/?post_type=product&#038;p=1143"},"modified":"2024-12-13T14:44:52","modified_gmt":"2024-12-13T13:44:52","slug":"luxemburg-serie","status":"publish","type":"product","link":"https:\/\/bertrand.pl\/de\/produkt\/seria-luxembourg\/","title":{"rendered":"LUXEMBURG-REIHE"},"content":{"rendered":"<p><strong>LUXEMBURG-REIHE<\/strong> sind moderne Fenstergriffe aus Aluminium, die einzigartiges Design, Langlebigkeit und innovative Technologien vereinen. Ausgestattet mit Mechanismen <strong>Secustik\u00ae<\/strong> Und <strong>VarioFit\u00ae<\/strong>Der Griff erf\u00fcllt h\u00f6chste Anspr\u00fcche an \u00c4sthetik und Funktionalit\u00e4t und entspricht perfekt den Anforderungen moderner Innenr\u00e4ume.<\/p>\n<p>&nbsp;<\/p>\n<h3>Wichtige Produktmerkmale<\/h3>\n<ol>\n<li><strong>Sicherheit mit Secustik\u00ae:<\/strong> Grundlegende Sicherheitstechnik sch\u00fctzt vor Manipulation von au\u00dfen und erh\u00f6ht so den Fensterschutz.<\/li>\n<li><strong>Pr\u00e4zision mit VarioFit\u00ae:<\/strong> Die stufenlose Einstellung der Stiftl\u00e4nge (Bereich 10 mm) gew\u00e4hrleistet die Anpassung an verschiedene Tischlereiarten.<\/li>\n<li><strong>Modernes Design:<\/strong> Die Aluminiumstruktur in der Farbe F1 (Silber) passt perfekt zu modernen und klassischen Arrangements.<\/li>\n<li><strong>Funktionalit\u00e4t:<\/strong> Die Abstufung alle 45\u00b0 garantiert komfortable Bedienung und pr\u00e4zise Positionierung.<\/li>\n<li><strong>\u00c4sthetik und Haltbarkeit:<\/strong> Verdeckte Montage und hochwertige Materialien unterstreichen die Eleganz und Langlebigkeit des Produkts.<\/li>\n<\/ol>\n<p>&nbsp;<\/p>\n<h3>Technische Details <strong>LUXEMBURG-REIHE:<\/strong><\/h3>\n<ul>\n<li><strong>Material:<\/strong> Aluminium mit langlebigen Kunststoffelementen.<\/li>\n<li><strong>Farbe:<\/strong> F1 Aluminium \u2013 Silber.<\/li>\n<li><strong>Stift:<\/strong> Vollst\u00e4ndig, mit einem L\u00e4ngenverstellbereich von 32 bis 42 mm.<\/li>\n<li><strong>Stabilisierungsstifte:<\/strong> 10 mm Diagonale f\u00fcr erh\u00f6hte Stabilit\u00e4t.<\/li>\n<li><strong>Rosette:<\/strong> Drehbar, teilweise abdeckend.<\/li>\n<li><strong>Quadratische Abmessungen:<\/strong> 7mm.<\/li>\n<li><strong>Montage:<\/strong> Abgedeckte, selbstschneidende M5-Schrauben.<\/li>\n<\/ul>\n<p>&nbsp;<\/p>\n<p><img fetchpriority=\"high\" decoding=\"async\" class=\"alignnone wp-image-1145 size-medium\" title=\"LUXEMBURG-REIHE\" src=\"https:\/\/bertrand.pl\/wp-content\/uploads\/2023\/12\/luxembourg_przekroj-420x420.jpg\" alt=\"Griff SERIE LUXEMBOURG\" width=\"420\" height=\"420\" srcset=\"https:\/\/bertrand.pl\/wp-content\/uploads\/2023\/12\/luxembourg_przekroj-420x420.jpg 420w, https:\/\/bertrand.pl\/wp-content\/uploads\/2023\/12\/luxembourg_przekroj-300x300.jpg 300w, https:\/\/bertrand.pl\/wp-content\/uploads\/2023\/12\/luxembourg_przekroj-100x100.jpg 100w, https:\/\/bertrand.pl\/wp-content\/uploads\/2023\/12\/luxembourg_przekroj.jpg 600w\" sizes=\"(max-width: 420px) 100vw, 420px\" \/><\/p>\n<p>&nbsp;<\/p>\n<h4><strong><a href=\"https:\/\/www.hoppe.com\/pl-pl\/produkt\/1000870370\/luxembourg-klamki-okienne?C_TECH_ID=128&amp;C_GRT_ID=007\">Mehr lesen<\/a><\/strong><\/h4>\n<p>&nbsp;<\/p>\n<h4><strong><a href=\"https:\/\/bertrand.pl\/de\/farbe\/\">Farben von Fenstern und T\u00fcren<\/a><\/strong><\/h4>","protected":false},"excerpt":{"rendered":"<p><strong>KLASSISCHE UND FEINE FORMEN<\/strong><\/p>\n<p>Fenstergriff f\u00fcr Dreh-Kipp-Fenster.<\/p>","protected":false},"featured_media":1072,"template":"","meta":{"site-sidebar-layout":"default","site-content-layout":"","ast-site-content-layout":"default","site-content-style":"default","site-sidebar-style":"default","ast-global-header-display":"","ast-banner-title-visibility":"","ast-main-header-display":"","ast-hfb-above-header-display":"","ast-hfb-below-header-display":"","ast-hfb-mobile-header-display":"","site-post-title":"","ast-breadcrumbs-content":"","ast-featured-img":"","footer-sml-layout":"","ast-disable-related-posts":"","theme-transparent-header-meta":"default","adv-header-id-meta":"","stick-header-meta":"","header-above-stick-meta":"","header-main-stick-meta":"","header-below-stick-meta":"","astra-migrate-meta-layouts":"set","ast-page-background-enabled":"default","ast-page-background-meta":{"desktop":{"background-color":"var(--ast-global-color-4)","background-image":"","background-repeat":"repeat","background-position":"center center","background-size":"auto","background-attachment":"scroll","background-type":"","background-media":"","overlay-type":"","overlay-color":"","overlay-opacity":"","overlay-gradient":""},"tablet":{"background-color":"","background-image":"","background-repeat":"repeat","background-position":"center center","background-size":"auto","background-attachment":"scroll","background-type":"","background-media":"","overlay-type":"","overlay-color":"","overlay-opacity":"","overlay-gradient":""},"mobile":{"background-color":"","background-image":"","background-repeat":"repeat","background-position":"center center","background-size":"auto","background-attachment":"scroll","background-type":"","background-media":"","overlay-type":"","overlay-color":"","overlay-opacity":"","overlay-gradient":""}},"ast-content-background-meta":{"desktop":{"background-color":"var(--ast-global-color-5)","background-image":"","background-repeat":"repeat","background-position":"center center","background-size":"auto","background-attachment":"scroll","background-type":"","background-media":"","overlay-type":"","overlay-color":"","overlay-opacity":"","overlay-gradient":""},"tablet":{"background-color":"var(--ast-global-color-5)","background-image":"","background-repeat":"repeat","background-position":"center center","background-size":"auto","background-attachment":"scroll","background-type":"","background-media":"","overlay-type":"","overlay-color":"","overlay-opacity":"","overlay-gradient":""},"mobile":{"background-color":"var(--ast-global-color-5)","background-image":"","background-repeat":"repeat","background-position":"center center","background-size":"auto","background-attachment":"scroll","background-type":"","background-media":"","overlay-type":"","overlay-color":"","overlay-opacity":"","overlay-gradient":""}}},"product_brand":[],"product_cat":[15],"product_tag":[],"class_list":{"0":"post-1143","1":"product","2":"type-product","3":"status-publish","4":"has-post-thumbnail","6":"product_cat-okna","7":"desktop-align-left","8":"tablet-align-left","9":"mobile-align-left","11":"first","12":"instock","13":"shipping-taxable","14":"product-type-simple"},"yoast_head":"<!-- This site is optimized with the Yoast SEO Premium plugin v27.2 (Yoast SEO v27.2) - https:\/\/yoast.com\/product\/yoast-seo-premium-wordpress\/ -->\n<title>SERIA LUXEMBOURG - Bertrand. Najwy\u017cszej jako\u015bci okna i drzwi. Certyfikowany producent od 1969 roku.<\/title>\n<meta name=\"description\" content=\"Klamka okienna SERIA LUXEMBOURG \u2013 nowoczesny design, technologia Secustik\u00ae i VarioFit\u00ae. Funkcjonalno\u015b\u0107, bezpiecze\u0144stwo i elegancja w jednym produkcie.\" \/>\n<meta name=\"robots\" content=\"index, follow, max-snippet:-1, max-image-preview:large, max-video-preview:-1\" \/>\n<link rel=\"canonical\" href=\"https:\/\/bertrand.pl\/de\/produkt\/luxemburg-serie\/\" \/>\n<meta property=\"og:locale\" content=\"de_DE\" \/>\n<meta property=\"og:type\" content=\"article\" \/>\n<meta property=\"og:title\" content=\"SERIA LUXEMBOURG\" \/>\n<meta property=\"og:description\" content=\"Klamka okienna SERIA LUXEMBOURG \u2013 nowoczesny design, technologia Secustik\u00ae i VarioFit\u00ae. Funkcjonalno\u015b\u0107, bezpiecze\u0144stwo i elegancja w jednym produkcie.\" \/>\n<meta property=\"og:url\" content=\"https:\/\/bertrand.pl\/de\/produkt\/luxemburg-serie\/\" \/>\n<meta property=\"og:site_name\" content=\"Bertrand. Najwy\u017cszej jako\u015bci okna i drzwi. Certyfikowany producent od 1969 roku.\" \/>\n<meta property=\"article:publisher\" content=\"https:\/\/www.facebook.com\/bertrandpolska\/\" \/>\n<meta property=\"article:modified_time\" content=\"2024-12-13T13:44:52+00:00\" \/>\n<meta property=\"og:image\" content=\"https:\/\/bertrand.pl\/wp-content\/uploads\/2023\/12\/hoppe-luxembourg_a_f9016.png\" \/>\n\t<meta property=\"og:image:width\" content=\"600\" \/>\n\t<meta property=\"og:image:height\" content=\"600\" \/>\n\t<meta property=\"og:image:type\" content=\"image\/png\" \/>\n<meta name=\"twitter:card\" content=\"summary_large_image\" \/>\n<meta name=\"twitter:label1\" content=\"Gesch\u00e4tzte Lesezeit\" \/>\n\t<meta name=\"twitter:data1\" content=\"2\u00a0Minuten\" \/>\n<script type=\"application\/ld+json\" class=\"yoast-schema-graph\">{\"@context\":\"https:\/\/schema.org\",\"@graph\":[{\"@type\":\"WebPage\",\"@id\":\"https:\/\/bertrand.pl\/produkt\/seria-luxembourg\/\",\"url\":\"https:\/\/bertrand.pl\/produkt\/seria-luxembourg\/\",\"name\":\"SERIA LUXEMBOURG - Bertrand. Najwy\u017cszej jako\u015bci okna i drzwi. Certyfikowany producent od 1969 roku.\",\"isPartOf\":{\"@id\":\"https:\/\/bertrand.pl\/#website\"},\"primaryImageOfPage\":{\"@id\":\"https:\/\/bertrand.pl\/produkt\/seria-luxembourg\/#primaryimage\"},\"image\":{\"@id\":\"https:\/\/bertrand.pl\/produkt\/seria-luxembourg\/#primaryimage\"},\"thumbnailUrl\":\"https:\/\/bertrand.pl\/wp-content\/uploads\/2023\/12\/hoppe-luxembourg_a_f9016.png\",\"datePublished\":\"2023-12-18T10:49:46+00:00\",\"dateModified\":\"2024-12-13T13:44:52+00:00\",\"description\":\"Klamka okienna SERIA LUXEMBOURG \u2013 nowoczesny design, technologia Secustik\u00ae i VarioFit\u00ae. Funkcjonalno\u015b\u0107, bezpiecze\u0144stwo i elegancja w jednym produkcie.\",\"breadcrumb\":{\"@id\":\"https:\/\/bertrand.pl\/produkt\/seria-luxembourg\/#breadcrumb\"},\"inLanguage\":\"de\",\"potentialAction\":[{\"@type\":\"ReadAction\",\"target\":[\"https:\/\/bertrand.pl\/produkt\/seria-luxembourg\/\"]}]},{\"@type\":\"ImageObject\",\"inLanguage\":\"de\",\"@id\":\"https:\/\/bertrand.pl\/produkt\/seria-luxembourg\/#primaryimage\",\"url\":\"https:\/\/bertrand.pl\/wp-content\/uploads\/2023\/12\/hoppe-luxembourg_a_f9016.png\",\"contentUrl\":\"https:\/\/bertrand.pl\/wp-content\/uploads\/2023\/12\/hoppe-luxembourg_a_f9016.png\",\"width\":600,\"height\":600},{\"@type\":\"BreadcrumbList\",\"@id\":\"https:\/\/bertrand.pl\/produkt\/seria-luxembourg\/#breadcrumb\",\"itemListElement\":[{\"@type\":\"ListItem\",\"position\":1,\"name\":\"Strona g\u0142\u00f3wna\",\"item\":\"https:\/\/bertrand.pl\/\"},{\"@type\":\"ListItem\",\"position\":2,\"name\":\"Produits\",\"item\":\"https:\/\/bertrand.pl\/fr\/shop\/\"},{\"@type\":\"ListItem\",\"position\":3,\"name\":\"SERIA LUXEMBOURG\"}]},{\"@type\":\"WebSite\",\"@id\":\"https:\/\/bertrand.pl\/#website\",\"url\":\"https:\/\/bertrand.pl\/\",\"name\":\"Bertrand.pl\",\"description\":\"Firma Bertrand to certyfikowany i uznany producent najwy\u017cszej jako\u015bci okien z PVC, z drewna lub aluminium. Produkcja drzwi, rolet i bram gara\u017cowych.\",\"publisher\":{\"@id\":\"https:\/\/bertrand.pl\/#organization\"},\"potentialAction\":[{\"@type\":\"SearchAction\",\"target\":{\"@type\":\"EntryPoint\",\"urlTemplate\":\"https:\/\/bertrand.pl\/?s={search_term_string}\"},\"query-input\":{\"@type\":\"PropertyValueSpecification\",\"valueRequired\":true,\"valueName\":\"search_term_string\"}}],\"inLanguage\":\"de\"},{\"@type\":\"Organization\",\"@id\":\"https:\/\/bertrand.pl\/#organization\",\"name\":\"Bertrand.pl\",\"url\":\"https:\/\/bertrand.pl\/\",\"logo\":{\"@type\":\"ImageObject\",\"inLanguage\":\"de\",\"@id\":\"https:\/\/bertrand.pl\/#\/schema\/logo\/image\/\",\"url\":\"https:\/\/bertrand.pl\/wp-content\/uploads\/2024\/12\/logo_BB_TM_PL_black.png\",\"contentUrl\":\"https:\/\/bertrand.pl\/wp-content\/uploads\/2024\/12\/logo_BB_TM_PL_black.png\",\"width\":1831,\"height\":1831,\"caption\":\"Bertrand.pl\"},\"image\":{\"@id\":\"https:\/\/bertrand.pl\/#\/schema\/logo\/image\/\"},\"sameAs\":[\"https:\/\/www.facebook.com\/bertrandpolska\/\",\"https:\/\/www.instagram.com\/bertrand_okna_i_drzwi\/\",\"https:\/\/www.linkedin.com\/company\/bertrand\/\",\"https:\/\/www.tiktok.com\/@bertrand_okna_drzwi\"]}]}<\/script>\n<!-- \/ Yoast SEO Premium plugin. -->","yoast_head_json":{"title":"SERIA LUXEMBOURG - Bertrand. Najwy\u017cszej jako\u015bci okna i drzwi. Certyfikowany producent od 1969 roku.","description":"Fenstergriff SERIE LUXEMBURG \u2013 modernes Design, Secustik\u00ae- und VarioFit\u00ae-Technologie. Funktionalit\u00e4t, Sicherheit und Eleganz in einem Produkt.","robots":{"index":"index","follow":"follow","max-snippet":"max-snippet:-1","max-image-preview":"max-image-preview:large","max-video-preview":"max-video-preview:-1"},"canonical":"https:\/\/bertrand.pl\/de\/produkt\/luxemburg-serie\/","og_locale":"de_DE","og_type":"article","og_title":"SERIA LUXEMBOURG","og_description":"Klamka okienna SERIA LUXEMBOURG \u2013 nowoczesny design, technologia Secustik\u00ae i VarioFit\u00ae. Funkcjonalno\u015b\u0107, bezpiecze\u0144stwo i elegancja w jednym produkcie.","og_url":"https:\/\/bertrand.pl\/de\/produkt\/luxemburg-serie\/","og_site_name":"Bertrand. Najwy\u017cszej jako\u015bci okna i drzwi. Certyfikowany producent od 1969 roku.","article_publisher":"https:\/\/www.facebook.com\/bertrandpolska\/","article_modified_time":"2024-12-13T13:44:52+00:00","og_image":[{"width":600,"height":600,"url":"https:\/\/bertrand.pl\/wp-content\/uploads\/2023\/12\/hoppe-luxembourg_a_f9016.png","type":"image\/png"}],"twitter_card":"summary_large_image","twitter_misc":{"Gesch\u00e4tzte Lesezeit":"2\u00a0Minuten"},"schema":{"@context":"https:\/\/schema.org","@graph":[{"@type":"WebPage","@id":"https:\/\/bertrand.pl\/produkt\/seria-luxembourg\/","url":"https:\/\/bertrand.pl\/produkt\/seria-luxembourg\/","name":"SERIA LUXEMBOURG - Bertrand. Najwy\u017cszej jako\u015bci okna i drzwi. Certyfikowany producent od 1969 roku.","isPartOf":{"@id":"https:\/\/bertrand.pl\/#website"},"primaryImageOfPage":{"@id":"https:\/\/bertrand.pl\/produkt\/seria-luxembourg\/#primaryimage"},"image":{"@id":"https:\/\/bertrand.pl\/produkt\/seria-luxembourg\/#primaryimage"},"thumbnailUrl":"https:\/\/bertrand.pl\/wp-content\/uploads\/2023\/12\/hoppe-luxembourg_a_f9016.png","datePublished":"2023-12-18T10:49:46+00:00","dateModified":"2024-12-13T13:44:52+00:00","description":"Fenstergriff SERIE LUXEMBURG \u2013 modernes Design, Secustik\u00ae- und VarioFit\u00ae-Technologie. Funktionalit\u00e4t, Sicherheit und Eleganz in einem Produkt.","breadcrumb":{"@id":"https:\/\/bertrand.pl\/produkt\/seria-luxembourg\/#breadcrumb"},"inLanguage":"de","potentialAction":[{"@type":"ReadAction","target":["https:\/\/bertrand.pl\/produkt\/seria-luxembourg\/"]}]},{"@type":"ImageObject","inLanguage":"de","@id":"https:\/\/bertrand.pl\/produkt\/seria-luxembourg\/#primaryimage","url":"https:\/\/bertrand.pl\/wp-content\/uploads\/2023\/12\/hoppe-luxembourg_a_f9016.png","contentUrl":"https:\/\/bertrand.pl\/wp-content\/uploads\/2023\/12\/hoppe-luxembourg_a_f9016.png","width":600,"height":600},{"@type":"BreadcrumbList","@id":"https:\/\/bertrand.pl\/produkt\/seria-luxembourg\/#breadcrumb","itemListElement":[{"@type":"ListItem","position":1,"name":"Strona g\u0142\u00f3wna","item":"https:\/\/bertrand.pl\/"},{"@type":"ListItem","position":2,"name":"Produits","item":"https:\/\/bertrand.pl\/fr\/shop\/"},{"@type":"ListItem","position":3,"name":"SERIA LUXEMBOURG"}]},{"@type":"WebSite","@id":"https:\/\/bertrand.pl\/#website","url":"https:\/\/bertrand.pl\/","name":"Bertrand.pl","description":"Firma Bertrand to certyfikowany i uznany producent najwy\u017cszej jako\u015bci okien z PVC, z drewna lub aluminium. Produkcja drzwi, rolet i bram gara\u017cowych.","publisher":{"@id":"https:\/\/bertrand.pl\/#organization"},"potentialAction":[{"@type":"SearchAction","target":{"@type":"EntryPoint","urlTemplate":"https:\/\/bertrand.pl\/?s={search_term_string}"},"query-input":{"@type":"PropertyValueSpecification","valueRequired":true,"valueName":"search_term_string"}}],"inLanguage":"de"},{"@type":"Organization","@id":"https:\/\/bertrand.pl\/#organization","name":"Bertrand.pl","url":"https:\/\/bertrand.pl\/","logo":{"@type":"ImageObject","inLanguage":"de","@id":"https:\/\/bertrand.pl\/#\/schema\/logo\/image\/","url":"https:\/\/bertrand.pl\/wp-content\/uploads\/2024\/12\/logo_BB_TM_PL_black.png","contentUrl":"https:\/\/bertrand.pl\/wp-content\/uploads\/2024\/12\/logo_BB_TM_PL_black.png","width":1831,"height":1831,"caption":"Bertrand.pl"},"image":{"@id":"https:\/\/bertrand.pl\/#\/schema\/logo\/image\/"},"sameAs":["https:\/\/www.facebook.com\/bertrandpolska\/","https:\/\/www.instagram.com\/bertrand_okna_i_drzwi\/","https:\/\/www.linkedin.com\/company\/bertrand\/","https:\/\/www.tiktok.com\/@bertrand_okna_drzwi"]}]}},"_links":{"self":[{"href":"https:\/\/bertrand.pl\/de\/wp-json\/wp\/v2\/product\/1143","targetHints":{"allow":["GET"]}}],"collection":[{"href":"https:\/\/bertrand.pl\/de\/wp-json\/wp\/v2\/product"}],"about":[{"href":"https:\/\/bertrand.pl\/de\/wp-json\/wp\/v2\/types\/product"}],"wp:featuredmedia":[{"embeddable":true,"href":"https:\/\/bertrand.pl\/de\/wp-json\/wp\/v2\/media\/1072"}],"wp:attachment":[{"href":"https:\/\/bertrand.pl\/de\/wp-json\/wp\/v2\/media?parent=1143"}],"wp:term":[{"taxonomy":"product_brand","embeddable":true,"href":"https:\/\/bertrand.pl\/de\/wp-json\/wp\/v2\/product_brand?post=1143"},{"taxonomy":"product_cat","embeddable":true,"href":"https:\/\/bertrand.pl\/de\/wp-json\/wp\/v2\/product_cat?post=1143"},{"taxonomy":"product_tag","embeddable":true,"href":"https:\/\/bertrand.pl\/de\/wp-json\/wp\/v2\/product_tag?post=1143"}],"curies":[{"name":"wp","href":"https:\/\/api.w.org\/{rel}","templated":true}]}}