{"id":1150,"date":"2023-12-18T12:07:33","date_gmt":"2023-12-18T11:07:33","guid":{"rendered":"https:\/\/bertrand.pl\/?post_type=product&#038;p=1150"},"modified":"2024-12-13T14:53:17","modified_gmt":"2024-12-13T13:53:17","slug":"acapulco-serie","status":"publish","type":"product","link":"https:\/\/bertrand.pl\/de\/produkt\/seria-acapulco\/","title":{"rendered":"ACAPULCO-SERIE"},"content":{"rendered":"<p><strong>ACAPULCO-SERIE<\/strong> ist ein einzigartiger Fenstergriff aus Messing, der elegantes Design, Langlebigkeit und moderne Technologien vereint. Dank der Verwendung fortschrittlicher Mechanismen <strong>Secustik\u00ae<\/strong> Und <strong>VarioFit\u00ae<\/strong>Der Griff erf\u00fcllt h\u00f6chste Anspr\u00fcche an Sicherheit und Funktionalit\u00e4t und betont gleichzeitig die \u00c4sthetik der Fenster.<\/p>\n<p>&nbsp;<\/p>\n<h3>Hauptmerkmale des Produkts:<\/h3>\n<ol>\n<li><strong>Sicherheit mit Secustik\u00ae:<\/strong> Der integrierte Sicherheitsmechanismus sch\u00fctzt vor Manipulationen von au\u00dfen und erh\u00f6ht so die Benutzersicherheit.<\/li>\n<li><strong>Pr\u00e4zise Passform mit VarioFit\u00ae:<\/strong> Stufenlose Einstellung der Stiell\u00e4nge innerhalb von 10 mm dank eingebauter Innenfeder.<\/li>\n<li><strong>Materialbest\u00e4ndigkeit:<\/strong> Die Messingkonstruktion garantiert Widerstandsf\u00e4higkeit gegen Besch\u00e4digungen und Langlebigkeit des Produkts.<\/li>\n<li><strong>Pr\u00e4zise Positionierung:<\/strong> 90\u00b0-Schritte sorgen f\u00fcr eine einfache und komfortable Bedienung.<\/li>\n<li><strong>\u00c4sthetik:<\/strong> Die drehbare und teilweise verdeckte Rosettenabdeckung verleiht dem Griff einen modernen und minimalistischen Look.<\/li>\n<\/ol>\n<p>&nbsp;<\/p>\n<h3>Technische Details ACAPULCO-SERIE:<\/h3>\n<ul>\n<li><strong>Produkttyp:<\/strong> Fenstergriff f\u00fcr Dreh-Kipp-Fenster.<\/li>\n<li><strong>Material:<\/strong> Messing.<\/li>\n<li><strong>Interne Struktur:<\/strong> Kunststoff mit Messingrahmen (KU-MS-RAHM).<\/li>\n<li><strong>Quadratische Abmessungen:<\/strong> 7mm.<\/li>\n<li><strong>\u00dcberstehender Stift:<\/strong> Einstellbar im Bereich von 32-42 mm.<\/li>\n<li><strong>Diagonale der Stabilisierungsstifte:<\/strong> 10mm.<\/li>\n<li><strong>Gradation:<\/strong> 90\u00b0 f\u00fcr pr\u00e4zise Positionierung.<\/li>\n<li><strong>Nutzungskategorie:<\/strong> 2 (gem\u00e4\u00df DIN EN 13126-3: 23\/180-0140\/03\/C1 und RAL-GZ 607\/9).<\/li>\n<li><strong>Montage:<\/strong> Abgedeckt, mit selbstschneidenden M5-Schrauben.<\/li>\n<\/ul>\n<p>&nbsp;<\/p>\n<h4><strong><a href=\"https:\/\/www.hoppe.com\/pl-pl\/produkt\/1000810960\/acapulco-klamki-okienne?C_TECH_ID=128&amp;C_GRT_ID=007\">Mehr lesen<\/a><\/strong><\/h4>\n<p>&nbsp;<\/p>\n<h4><strong><a href=\"https:\/\/bertrand.pl\/de\/farbe\/\">Farben von Fenstern und T\u00fcren<\/a><\/strong><\/h4>","protected":false},"excerpt":{"rendered":"<p><strong>KLASSISCH IN MODERNER FORM<\/strong><\/p>\n<p>Fenstergriff f\u00fcr Dreh-Kipp-Fenster aus Messing.<\/p>","protected":false},"featured_media":1102,"template":"","meta":{"site-sidebar-layout":"default","site-content-layout":"","ast-site-content-layout":"default","site-content-style":"default","site-sidebar-style":"default","ast-global-header-display":"","ast-banner-title-visibility":"","ast-main-header-display":"","ast-hfb-above-header-display":"","ast-hfb-below-header-display":"","ast-hfb-mobile-header-display":"","site-post-title":"","ast-breadcrumbs-content":"","ast-featured-img":"","footer-sml-layout":"","ast-disable-related-posts":"","theme-transparent-header-meta":"default","adv-header-id-meta":"","stick-header-meta":"","header-above-stick-meta":"","header-main-stick-meta":"","header-below-stick-meta":"","astra-migrate-meta-layouts":"set","ast-page-background-enabled":"default","ast-page-background-meta":{"desktop":{"background-color":"var(--ast-global-color-4)","background-image":"","background-repeat":"repeat","background-position":"center center","background-size":"auto","background-attachment":"scroll","background-type":"","background-media":"","overlay-type":"","overlay-color":"","overlay-opacity":"","overlay-gradient":""},"tablet":{"background-color":"","background-image":"","background-repeat":"repeat","background-position":"center center","background-size":"auto","background-attachment":"scroll","background-type":"","background-media":"","overlay-type":"","overlay-color":"","overlay-opacity":"","overlay-gradient":""},"mobile":{"background-color":"","background-image":"","background-repeat":"repeat","background-position":"center center","background-size":"auto","background-attachment":"scroll","background-type":"","background-media":"","overlay-type":"","overlay-color":"","overlay-opacity":"","overlay-gradient":""}},"ast-content-background-meta":{"desktop":{"background-color":"var(--ast-global-color-5)","background-image":"","background-repeat":"repeat","background-position":"center center","background-size":"auto","background-attachment":"scroll","background-type":"","background-media":"","overlay-type":"","overlay-color":"","overlay-opacity":"","overlay-gradient":""},"tablet":{"background-color":"var(--ast-global-color-5)","background-image":"","background-repeat":"repeat","background-position":"center center","background-size":"auto","background-attachment":"scroll","background-type":"","background-media":"","overlay-type":"","overlay-color":"","overlay-opacity":"","overlay-gradient":""},"mobile":{"background-color":"var(--ast-global-color-5)","background-image":"","background-repeat":"repeat","background-position":"center center","background-size":"auto","background-attachment":"scroll","background-type":"","background-media":"","overlay-type":"","overlay-color":"","overlay-opacity":"","overlay-gradient":""}}},"product_brand":[],"product_cat":[15],"product_tag":[],"class_list":{"0":"post-1150","1":"product","2":"type-product","3":"status-publish","4":"has-post-thumbnail","6":"product_cat-okna","7":"desktop-align-left","8":"tablet-align-left","9":"mobile-align-left","11":"first","12":"instock","13":"shipping-taxable","14":"product-type-simple"},"yoast_head":"<!-- This site is optimized with the Yoast SEO Premium plugin v27.2 (Yoast SEO v27.2) - https:\/\/yoast.com\/product\/yoast-seo-premium-wordpress\/ -->\n<title>SERIA ACAPULCO - Bertrand. Najwy\u017cszej jako\u015bci okna i drzwi. Certyfikowany producent od 1969 roku.<\/title>\n<meta name=\"description\" content=\"Klamka okienna SERIA ACAPULCO \u2013 z technologi\u0105 Secustik\u00ae i VarioFit\u00ae. Elegancja, bezpiecze\u0144stwo i trwa\u0142o\u015b\u0107 w jednym produkcie.\" \/>\n<meta name=\"robots\" content=\"index, follow, max-snippet:-1, max-image-preview:large, max-video-preview:-1\" \/>\n<link rel=\"canonical\" href=\"https:\/\/bertrand.pl\/de\/produkt\/acapulco-serie\/\" \/>\n<meta property=\"og:locale\" content=\"de_DE\" \/>\n<meta property=\"og:type\" content=\"article\" \/>\n<meta property=\"og:title\" content=\"SERIA ACAPULCO\" \/>\n<meta property=\"og:description\" content=\"Klamka okienna SERIA ACAPULCO \u2013 z technologi\u0105 Secustik\u00ae i VarioFit\u00ae. Elegancja, bezpiecze\u0144stwo i trwa\u0142o\u015b\u0107 w jednym produkcie.\" \/>\n<meta property=\"og:url\" content=\"https:\/\/bertrand.pl\/de\/produkt\/acapulco-serie\/\" \/>\n<meta property=\"og:site_name\" content=\"Bertrand. Najwy\u017cszej jako\u015bci okna i drzwi. Certyfikowany producent od 1969 roku.\" \/>\n<meta property=\"article:publisher\" content=\"https:\/\/www.facebook.com\/bertrandpolska\/\" \/>\n<meta property=\"article:modified_time\" content=\"2024-12-13T13:53:17+00:00\" \/>\n<meta property=\"og:image\" content=\"https:\/\/bertrand.pl\/wp-content\/uploads\/2023\/12\/img_pro_m0558-us918-f41-r_sall_apk_v1-1-600x600-1.png\" \/>\n\t<meta property=\"og:image:width\" content=\"600\" \/>\n\t<meta property=\"og:image:height\" content=\"600\" \/>\n\t<meta property=\"og:image:type\" content=\"image\/png\" \/>\n<meta name=\"twitter:card\" content=\"summary_large_image\" \/>\n<meta name=\"twitter:label1\" content=\"Gesch\u00e4tzte Lesezeit\" \/>\n\t<meta name=\"twitter:data1\" content=\"2\u00a0Minuten\" \/>\n<script type=\"application\/ld+json\" class=\"yoast-schema-graph\">{\"@context\":\"https:\/\/schema.org\",\"@graph\":[{\"@type\":\"WebPage\",\"@id\":\"https:\/\/bertrand.pl\/produkt\/seria-acapulco\/\",\"url\":\"https:\/\/bertrand.pl\/produkt\/seria-acapulco\/\",\"name\":\"SERIA ACAPULCO - Bertrand. Najwy\u017cszej jako\u015bci okna i drzwi. Certyfikowany producent od 1969 roku.\",\"isPartOf\":{\"@id\":\"https:\/\/bertrand.pl\/#website\"},\"primaryImageOfPage\":{\"@id\":\"https:\/\/bertrand.pl\/produkt\/seria-acapulco\/#primaryimage\"},\"image\":{\"@id\":\"https:\/\/bertrand.pl\/produkt\/seria-acapulco\/#primaryimage\"},\"thumbnailUrl\":\"https:\/\/bertrand.pl\/wp-content\/uploads\/2023\/12\/img_pro_m0558-us918-f41-r_sall_apk_v1-1-600x600-1.png\",\"datePublished\":\"2023-12-18T11:07:33+00:00\",\"dateModified\":\"2024-12-13T13:53:17+00:00\",\"description\":\"Klamka okienna SERIA ACAPULCO \u2013 z technologi\u0105 Secustik\u00ae i VarioFit\u00ae. Elegancja, bezpiecze\u0144stwo i trwa\u0142o\u015b\u0107 w jednym produkcie.\",\"breadcrumb\":{\"@id\":\"https:\/\/bertrand.pl\/produkt\/seria-acapulco\/#breadcrumb\"},\"inLanguage\":\"de\",\"potentialAction\":[{\"@type\":\"ReadAction\",\"target\":[\"https:\/\/bertrand.pl\/produkt\/seria-acapulco\/\"]}]},{\"@type\":\"ImageObject\",\"inLanguage\":\"de\",\"@id\":\"https:\/\/bertrand.pl\/produkt\/seria-acapulco\/#primaryimage\",\"url\":\"https:\/\/bertrand.pl\/wp-content\/uploads\/2023\/12\/img_pro_m0558-us918-f41-r_sall_apk_v1-1-600x600-1.png\",\"contentUrl\":\"https:\/\/bertrand.pl\/wp-content\/uploads\/2023\/12\/img_pro_m0558-us918-f41-r_sall_apk_v1-1-600x600-1.png\",\"width\":600,\"height\":600,\"caption\":\"klamka SERIA ACAPULCO\"},{\"@type\":\"BreadcrumbList\",\"@id\":\"https:\/\/bertrand.pl\/produkt\/seria-acapulco\/#breadcrumb\",\"itemListElement\":[{\"@type\":\"ListItem\",\"position\":1,\"name\":\"Strona g\u0142\u00f3wna\",\"item\":\"https:\/\/bertrand.pl\/\"},{\"@type\":\"ListItem\",\"position\":2,\"name\":\"Produits\",\"item\":\"https:\/\/bertrand.pl\/fr\/shop\/\"},{\"@type\":\"ListItem\",\"position\":3,\"name\":\"SERIA ACAPULCO\"}]},{\"@type\":\"WebSite\",\"@id\":\"https:\/\/bertrand.pl\/#website\",\"url\":\"https:\/\/bertrand.pl\/\",\"name\":\"Bertrand.pl\",\"description\":\"Firma Bertrand to certyfikowany i uznany producent najwy\u017cszej jako\u015bci okien z PVC, z drewna lub aluminium. Produkcja drzwi, rolet i bram gara\u017cowych.\",\"publisher\":{\"@id\":\"https:\/\/bertrand.pl\/#organization\"},\"potentialAction\":[{\"@type\":\"SearchAction\",\"target\":{\"@type\":\"EntryPoint\",\"urlTemplate\":\"https:\/\/bertrand.pl\/?s={search_term_string}\"},\"query-input\":{\"@type\":\"PropertyValueSpecification\",\"valueRequired\":true,\"valueName\":\"search_term_string\"}}],\"inLanguage\":\"de\"},{\"@type\":\"Organization\",\"@id\":\"https:\/\/bertrand.pl\/#organization\",\"name\":\"Bertrand.pl\",\"url\":\"https:\/\/bertrand.pl\/\",\"logo\":{\"@type\":\"ImageObject\",\"inLanguage\":\"de\",\"@id\":\"https:\/\/bertrand.pl\/#\/schema\/logo\/image\/\",\"url\":\"https:\/\/bertrand.pl\/wp-content\/uploads\/2024\/12\/logo_BB_TM_PL_black.png\",\"contentUrl\":\"https:\/\/bertrand.pl\/wp-content\/uploads\/2024\/12\/logo_BB_TM_PL_black.png\",\"width\":1831,\"height\":1831,\"caption\":\"Bertrand.pl\"},\"image\":{\"@id\":\"https:\/\/bertrand.pl\/#\/schema\/logo\/image\/\"},\"sameAs\":[\"https:\/\/www.facebook.com\/bertrandpolska\/\",\"https:\/\/www.instagram.com\/bertrand_okna_i_drzwi\/\",\"https:\/\/www.linkedin.com\/company\/bertrand\/\",\"https:\/\/www.tiktok.com\/@bertrand_okna_drzwi\"]}]}<\/script>\n<!-- \/ Yoast SEO Premium plugin. -->","yoast_head_json":{"title":"SERIA ACAPULCO - Bertrand. Najwy\u017cszej jako\u015bci okna i drzwi. Certyfikowany producent od 1969 roku.","description":"Fenstergriff SERIE ACAPULCO \u2013 mit Secustik\u00ae- und VarioFit\u00ae-Technologie. Eleganz, Sicherheit und Langlebigkeit in einem Produkt.","robots":{"index":"index","follow":"follow","max-snippet":"max-snippet:-1","max-image-preview":"max-image-preview:large","max-video-preview":"max-video-preview:-1"},"canonical":"https:\/\/bertrand.pl\/de\/produkt\/acapulco-serie\/","og_locale":"de_DE","og_type":"article","og_title":"SERIA ACAPULCO","og_description":"Klamka okienna SERIA ACAPULCO \u2013 z technologi\u0105 Secustik\u00ae i VarioFit\u00ae. Elegancja, bezpiecze\u0144stwo i trwa\u0142o\u015b\u0107 w jednym produkcie.","og_url":"https:\/\/bertrand.pl\/de\/produkt\/acapulco-serie\/","og_site_name":"Bertrand. Najwy\u017cszej jako\u015bci okna i drzwi. Certyfikowany producent od 1969 roku.","article_publisher":"https:\/\/www.facebook.com\/bertrandpolska\/","article_modified_time":"2024-12-13T13:53:17+00:00","og_image":[{"width":600,"height":600,"url":"https:\/\/bertrand.pl\/wp-content\/uploads\/2023\/12\/img_pro_m0558-us918-f41-r_sall_apk_v1-1-600x600-1.png","type":"image\/png"}],"twitter_card":"summary_large_image","twitter_misc":{"Gesch\u00e4tzte Lesezeit":"2\u00a0Minuten"},"schema":{"@context":"https:\/\/schema.org","@graph":[{"@type":"WebPage","@id":"https:\/\/bertrand.pl\/produkt\/seria-acapulco\/","url":"https:\/\/bertrand.pl\/produkt\/seria-acapulco\/","name":"SERIA ACAPULCO - Bertrand. Najwy\u017cszej jako\u015bci okna i drzwi. Certyfikowany producent od 1969 roku.","isPartOf":{"@id":"https:\/\/bertrand.pl\/#website"},"primaryImageOfPage":{"@id":"https:\/\/bertrand.pl\/produkt\/seria-acapulco\/#primaryimage"},"image":{"@id":"https:\/\/bertrand.pl\/produkt\/seria-acapulco\/#primaryimage"},"thumbnailUrl":"https:\/\/bertrand.pl\/wp-content\/uploads\/2023\/12\/img_pro_m0558-us918-f41-r_sall_apk_v1-1-600x600-1.png","datePublished":"2023-12-18T11:07:33+00:00","dateModified":"2024-12-13T13:53:17+00:00","description":"Fenstergriff SERIE ACAPULCO \u2013 mit Secustik\u00ae- und VarioFit\u00ae-Technologie. Eleganz, Sicherheit und Langlebigkeit in einem Produkt.","breadcrumb":{"@id":"https:\/\/bertrand.pl\/produkt\/seria-acapulco\/#breadcrumb"},"inLanguage":"de","potentialAction":[{"@type":"ReadAction","target":["https:\/\/bertrand.pl\/produkt\/seria-acapulco\/"]}]},{"@type":"ImageObject","inLanguage":"de","@id":"https:\/\/bertrand.pl\/produkt\/seria-acapulco\/#primaryimage","url":"https:\/\/bertrand.pl\/wp-content\/uploads\/2023\/12\/img_pro_m0558-us918-f41-r_sall_apk_v1-1-600x600-1.png","contentUrl":"https:\/\/bertrand.pl\/wp-content\/uploads\/2023\/12\/img_pro_m0558-us918-f41-r_sall_apk_v1-1-600x600-1.png","width":600,"height":600,"caption":"klamka SERIA ACAPULCO"},{"@type":"BreadcrumbList","@id":"https:\/\/bertrand.pl\/produkt\/seria-acapulco\/#breadcrumb","itemListElement":[{"@type":"ListItem","position":1,"name":"Strona g\u0142\u00f3wna","item":"https:\/\/bertrand.pl\/"},{"@type":"ListItem","position":2,"name":"Produits","item":"https:\/\/bertrand.pl\/fr\/shop\/"},{"@type":"ListItem","position":3,"name":"SERIA ACAPULCO"}]},{"@type":"WebSite","@id":"https:\/\/bertrand.pl\/#website","url":"https:\/\/bertrand.pl\/","name":"Bertrand.pl","description":"Firma Bertrand to certyfikowany i uznany producent najwy\u017cszej jako\u015bci okien z PVC, z drewna lub aluminium. Produkcja drzwi, rolet i bram gara\u017cowych.","publisher":{"@id":"https:\/\/bertrand.pl\/#organization"},"potentialAction":[{"@type":"SearchAction","target":{"@type":"EntryPoint","urlTemplate":"https:\/\/bertrand.pl\/?s={search_term_string}"},"query-input":{"@type":"PropertyValueSpecification","valueRequired":true,"valueName":"search_term_string"}}],"inLanguage":"de"},{"@type":"Organization","@id":"https:\/\/bertrand.pl\/#organization","name":"Bertrand.pl","url":"https:\/\/bertrand.pl\/","logo":{"@type":"ImageObject","inLanguage":"de","@id":"https:\/\/bertrand.pl\/#\/schema\/logo\/image\/","url":"https:\/\/bertrand.pl\/wp-content\/uploads\/2024\/12\/logo_BB_TM_PL_black.png","contentUrl":"https:\/\/bertrand.pl\/wp-content\/uploads\/2024\/12\/logo_BB_TM_PL_black.png","width":1831,"height":1831,"caption":"Bertrand.pl"},"image":{"@id":"https:\/\/bertrand.pl\/#\/schema\/logo\/image\/"},"sameAs":["https:\/\/www.facebook.com\/bertrandpolska\/","https:\/\/www.instagram.com\/bertrand_okna_i_drzwi\/","https:\/\/www.linkedin.com\/company\/bertrand\/","https:\/\/www.tiktok.com\/@bertrand_okna_drzwi"]}]}},"_links":{"self":[{"href":"https:\/\/bertrand.pl\/de\/wp-json\/wp\/v2\/product\/1150","targetHints":{"allow":["GET"]}}],"collection":[{"href":"https:\/\/bertrand.pl\/de\/wp-json\/wp\/v2\/product"}],"about":[{"href":"https:\/\/bertrand.pl\/de\/wp-json\/wp\/v2\/types\/product"}],"wp:featuredmedia":[{"embeddable":true,"href":"https:\/\/bertrand.pl\/de\/wp-json\/wp\/v2\/media\/1102"}],"wp:attachment":[{"href":"https:\/\/bertrand.pl\/de\/wp-json\/wp\/v2\/media?parent=1150"}],"wp:term":[{"taxonomy":"product_brand","embeddable":true,"href":"https:\/\/bertrand.pl\/de\/wp-json\/wp\/v2\/product_brand?post=1150"},{"taxonomy":"product_cat","embeddable":true,"href":"https:\/\/bertrand.pl\/de\/wp-json\/wp\/v2\/product_cat?post=1150"},{"taxonomy":"product_tag","embeddable":true,"href":"https:\/\/bertrand.pl\/de\/wp-json\/wp\/v2\/product_tag?post=1150"}],"curies":[{"name":"wp","href":"https:\/\/api.w.org\/{rel}","templated":true}]}}