{"id":2131,"date":"2024-01-18T14:37:54","date_gmt":"2024-01-18T13:37:54","guid":{"rendered":"https:\/\/bertrand.pl\/?post_type=product&#038;p=2131"},"modified":"2025-03-06T15:25:04","modified_gmt":"2025-03-06T14:25:04","slug":"alutrend-classic","status":"publish","type":"product","link":"https:\/\/bertrand.pl\/de\/produkt\/alutrend-classic\/","title":{"rendered":"Alutrend Classic"},"content":{"rendered":"<p><strong>Alutrend Classic Holz-Aluminium-Fenster<\/strong> ist eine ideale L\u00f6sung f\u00fcr Menschen, die die Sch\u00f6nheit von Naturholz und die Haltbarkeit und Wartungsfreundlichkeit von Aluminium sch\u00e4tzen. Dank der einzigartigen Struktur, die innen Holz mit au\u00dfen Aluminium kombiniert, gew\u00e4hrleisten diese Fenster \u00c4sthetik, Funktionalit\u00e4t und hervorragende W\u00e4rmed\u00e4mmparameter.<\/p>\n<p>&nbsp;<\/p>\n<h4>Langlebigkeit und Energieeffizienz<\/h4>\n<p>&nbsp;<\/p>\n<p>Das System Alutrend Classic zeichnet sich durch eine Rahmentiefe von bis zu aus <strong>90mm<\/strong>, was die Festigkeit und Haltbarkeit der Struktur gew\u00e4hrleistet. Der Luftraum zwischen den Holz- und Aluminiumrahmen fungiert als zus\u00e4tzlicher Isolator, wodurch:<\/p>\n<ul>\n<li>Der W\u00e4rme\u00fcbergangskoeffizient betr\u00e4gt <strong>1,1-1,2 W\/m\u00b2K<\/strong>.<\/li>\n<li>Die Schalld\u00e4mmung ist im Vergleich zu Standard-Holzfenstern h\u00f6her.<\/li>\n<\/ul>\n<p>Dadurch sind Alutrend-Fenster energiesparend und helfen, Heizkosten zu senken, w\u00e4hrend sie gleichzeitig f\u00fcr Ruhe und Komfort in den R\u00e4umen sorgen.<\/p>\n<p>&nbsp;<\/p>\n<h4>Umfangreiche Personalisierungsm\u00f6glichkeiten<\/h4>\n<p>&nbsp;<\/p>\n<p>Das Alutrend-System bietet au\u00dfergew\u00f6hnliche Flexibilit\u00e4t in Bezug auf \u00c4sthetik und Farben:<\/p>\n<ul>\n<li><strong>Von innen:<\/strong> Sie k\u00f6nnen zwischen Kiefern-, Meranti- oder Eichenholz w\u00e4hlen, das mit transparenten Lacken (mit sichtbarer Holzstruktur) oder deckenden Lacken in einer beliebigen Farbe aus der RAL-Palette versehen ist.<\/li>\n<li><strong>Von au\u00dfen:<\/strong> Aluminiumauflagen k\u00f6nnen einheitlich in Farben aus der RAL-Palette lackiert oder mit einer dekorativen Technik veredelt werden, die verschiedene Holzarten imitiert.<\/li>\n<\/ul>\n<p>&nbsp;<\/p>\n<h4>Alutrend Classic \u2013 modernes Design f\u00fcr anspruchsvolle Kunden<\/h4>\n<p>&nbsp;<\/p>\n<p>Version <strong>Alutrend Classic<\/strong> zeichnet sich durch eine schlichte Form der Aluminiumauflage aus, die sich perfekt in die \u00c4sthetik moderner Innenr\u00e4ume und Fassaden einf\u00fcgt. F\u00fcr diejenigen, die mehr M\u00f6glichkeiten suchen, bietet das System verschiedene Varianten:<\/p>\n<ol>\n<li><strong>Alutrend XL 78 Classic:<\/strong> Erweiterte Version mit einem 78 mm tiefen Fl\u00fcgel, der bessere W\u00e4rmed\u00e4mmparameter gew\u00e4hrleistet.<\/li>\n<li><strong>Alutrend Qube 68 Classic:<\/strong> Version mit eckigem Abschluss des inneren Kotfl\u00fcgelstreifens f\u00fcr eine dynamischere Optik.<\/li>\n<li><strong>Alutrend XL Qube 78 Classic:<\/strong> Eine Kombination aus gr\u00f6\u00dferer Fl\u00fcgeltiefe und eckiger Oberfl\u00e4che, perfekt f\u00fcr moderne Designs.<\/li>\n<\/ol>\n<p>&nbsp;<\/p>\n<h4>Hauptvorteile der Alutrend Classic-Fenster:<\/h4>\n<p>&nbsp;<\/p>\n<ol>\n<li><strong>Nat\u00fcrlichkeit und Haltbarkeit:<\/strong> Holz innen und Aluminium au\u00dfen sorgen vor allem f\u00fcr \u00c4sthetik und Schutz vor \u00e4u\u00dferen Einfl\u00fcssen.<\/li>\n<li><strong>Energieeffizienz:<\/strong> Durch den niedrigen W\u00e4rmedurchgangskoeffizienten (1,1\u20131,2 W\/m\u00b2K) k\u00f6nnen Sie die Heizkosten senken.<\/li>\n<li><strong>Akustische Isolierung:<\/strong> Mehr Komfort durch ruhigere Innenr\u00e4ume.<\/li>\n<li><strong>\u00c4sthetik:<\/strong> Gro\u00dfe Auswahl an H\u00f6lzern, Farben und Veredelungstechniken.<\/li>\n<li><strong>Modernes Design:<\/strong> Die Versionen Classic und Qube erf\u00fcllen die Anforderungen der anspruchsvollsten Architekturprojekte.<\/li>\n<\/ol>\n<p>&nbsp;<\/p>\n<p>Holz-Alufenster <strong>Alutrend<\/strong> Es ist vor allem eine Kombination aus Sch\u00f6nheit, Funktionalit\u00e4t und Haltbarkeit. Dank umfangreicher Personalisierungsm\u00f6glichkeiten und hervorragender technischer Parameter erf\u00fcllen sie daher die Erwartungen selbst der anspruchsvollsten Kunden. W\u00e4hlen Sie ein System aus <strong>Alutrend Classic<\/strong>um Ihrem Zuhause Eleganz und modernen Stil zu verleihen.<\/p>\n<p>&nbsp;<\/p>\n<p><img fetchpriority=\"high\" decoding=\"async\" class=\"alignnone size-medium wp-image-2133\" src=\"https:\/\/bertrand.pl\/wp-content\/uploads\/2024\/01\/strongline_photo1-420x324.webp\" alt=\"\" width=\"420\" height=\"324\" srcset=\"https:\/\/bertrand.pl\/wp-content\/uploads\/2024\/01\/strongline_photo1-420x324.webp 420w, https:\/\/bertrand.pl\/wp-content\/uploads\/2024\/01\/strongline_photo1-16x12.webp 16w, https:\/\/bertrand.pl\/wp-content\/uploads\/2024\/01\/strongline_photo1-600x462.webp 600w, https:\/\/bertrand.pl\/wp-content\/uploads\/2024\/01\/strongline_photo1.webp 649w\" sizes=\"(max-width: 420px) 100vw, 420px\" \/><\/p>\n<p>&nbsp;<\/p>\n<p><em>Bertrand verwendet die modernsten Holzlacke. Unser standardm\u00e4\u00dfig verwendeter AQUATOP-Lack sch\u00fctzt Oberfl\u00e4chen vor Witterungseinfl\u00fcssen und verleiht ihnen einen glatten und langanhaltenden Schutz.<\/em><\/p>\n<p><em>AQUATOP zeichnet sich durch eine hervorragende Feuchtigkeitsbest\u00e4ndigkeit aus. Es sch\u00fctzt Oberfl\u00e4chen vor Wasser, Regen und Feuchtigkeit und verhindert so Probleme wie F\u00e4ulnis, Schimmel und Sch\u00e4den im Laufe der Zeit. Bietet das ganze Jahr \u00fcber und in jedem Klima zuverl\u00e4ssigen Widerstand.\u00a0<\/em><\/p>\n<p><em>Dank fortschrittlicher und innovativer Lacke und eines sorgf\u00e4ltigen Produktionsprozesses, der eine Mischung aus automatisiertem Schleifen flacher Oberfl\u00e4chen und manuellem Schleifen schwer zug\u00e4nglicher Oberfl\u00e4chen wie der Oberfl\u00e4che im Rahmen ist, weisen unsere Holzfenster eine glatte und makellose Oberfl\u00e4che auf .<\/em><\/p>\n<p><em>Dank der Verwendung von Lacken mit Kaltpigmenten sind Bertrand-Holzfenster perfekt f\u00fcr hei\u00dfe Klimazonen geeignet.<\/em><\/p>\n<h4><strong><a href=\"https:\/\/bertrand.pl\/de\/farbe\/\">Farben von Fenstern und T\u00fcren<\/a><\/strong><\/h4>","protected":false},"excerpt":{"rendered":"<p><strong>Ein modernes System aus Holz und Aluminium.<\/strong><\/p>\n<p>Wir bieten Kunden, die Wert auf Naturholz legen und gleichzeitig eine maximale Haltbarkeit ihrer Fenster bei minimalem Wartungsaufwand gew\u00e4hrleisten m\u00f6chten.<strong>\u00a0Alutrend Holz-Aluminium-Fenster<\/strong>.<\/p>","protected":false},"featured_media":2132,"template":"","meta":{"site-sidebar-layout":"default","site-content-layout":"","ast-site-content-layout":"default","site-content-style":"default","site-sidebar-style":"default","ast-global-header-display":"","ast-banner-title-visibility":"","ast-main-header-display":"","ast-hfb-above-header-display":"","ast-hfb-below-header-display":"","ast-hfb-mobile-header-display":"","site-post-title":"","ast-breadcrumbs-content":"","ast-featured-img":"","footer-sml-layout":"","ast-disable-related-posts":"","theme-transparent-header-meta":"default","adv-header-id-meta":"","stick-header-meta":"","header-above-stick-meta":"","header-main-stick-meta":"","header-below-stick-meta":"","astra-migrate-meta-layouts":"set","ast-page-background-enabled":"default","ast-page-background-meta":{"desktop":{"background-color":"var(--ast-global-color-4)","background-image":"","background-repeat":"repeat","background-position":"center center","background-size":"auto","background-attachment":"scroll","background-type":"","background-media":"","overlay-type":"","overlay-color":"","overlay-opacity":"","overlay-gradient":""},"tablet":{"background-color":"","background-image":"","background-repeat":"repeat","background-position":"center center","background-size":"auto","background-attachment":"scroll","background-type":"","background-media":"","overlay-type":"","overlay-color":"","overlay-opacity":"","overlay-gradient":""},"mobile":{"background-color":"","background-image":"","background-repeat":"repeat","background-position":"center center","background-size":"auto","background-attachment":"scroll","background-type":"","background-media":"","overlay-type":"","overlay-color":"","overlay-opacity":"","overlay-gradient":""}},"ast-content-background-meta":{"desktop":{"background-color":"var(--ast-global-color-5)","background-image":"","background-repeat":"repeat","background-position":"center center","background-size":"auto","background-attachment":"scroll","background-type":"","background-media":"","overlay-type":"","overlay-color":"","overlay-opacity":"","overlay-gradient":""},"tablet":{"background-color":"var(--ast-global-color-5)","background-image":"","background-repeat":"repeat","background-position":"center center","background-size":"auto","background-attachment":"scroll","background-type":"","background-media":"","overlay-type":"","overlay-color":"","overlay-opacity":"","overlay-gradient":""},"mobile":{"background-color":"var(--ast-global-color-5)","background-image":"","background-repeat":"repeat","background-position":"center center","background-size":"auto","background-attachment":"scroll","background-type":"","background-media":"","overlay-type":"","overlay-color":"","overlay-opacity":"","overlay-gradient":""}}},"product_brand":[],"product_cat":[27],"product_tag":[193,384,168,360,326,367,339,311,352,344,370,361,357,385,386,174,194,369,355,350,363,312,169,362,348],"class_list":{"0":"post-2131","1":"product","2":"type-product","3":"status-publish","4":"has-post-thumbnail","6":"product_cat-okna-drewniano-aluminiowe","7":"product_tag-aluminium","8":"product_tag-alutrend","9":"product_tag-bertrand","10":"product_tag-bezpieczenstwo","11":"product_tag-budowa-domu","12":"product_tag-budownictwo","13":"product_tag-design","14":"product_tag-dobre-wlasciwosci-termiczne","15":"product_tag-dobreokna","16":"product_tag-duze-okna","17":"product_tag-idealne-okna-do-domu","18":"product_tag-jakosc","19":"product_tag-linear","20":"product_tag-nakladki","21":"product_tag-nakladki-aluminiowe","22":"product_tag-okna","23":"product_tag-okna-aluminiowe","24":"product_tag-okna-do-domu","25":"product_tag-okna-drewniano-aluminiowe","26":"product_tag-oknabertrand","27":"product_tag-oknazpolski","28":"product_tag-okno-dla-twojego-domu","29":"product_tag-produkt","30":"product_tag-quality","31":"product_tag-windows","32":"desktop-align-left","33":"tablet-align-left","34":"mobile-align-left","36":"first","37":"instock","38":"shipping-taxable","39":"product-type-simple"},"yoast_head":"<!-- This site is optimized with the Yoast SEO Premium plugin v27.2 (Yoast SEO v27.2) - https:\/\/yoast.com\/product\/yoast-seo-premium-wordpress\/ -->\n<title>Alutrend Classic - Bertrand. Najwy\u017cszej jako\u015bci okna i drzwi. Certyfikowany producent od 1969 roku.<\/title>\n<meta name=\"description\" content=\"Okna drewniano-aluminiowe Alutrend Classic \u2013 naturalne drewno, trwa\u0142e aluminium. Energooszcz\u0119dno\u015b\u0107, izolacja akustyczna i nowoczesny design.\" \/>\n<meta name=\"robots\" content=\"index, follow, max-snippet:-1, max-image-preview:large, max-video-preview:-1\" \/>\n<link rel=\"canonical\" href=\"https:\/\/bertrand.pl\/de\/produkt\/alutrend-classic\/\" \/>\n<meta property=\"og:locale\" content=\"de_DE\" \/>\n<meta property=\"og:type\" content=\"article\" \/>\n<meta property=\"og:title\" content=\"Alutrend Classic\" \/>\n<meta property=\"og:description\" content=\"Okna drewniano-aluminiowe Alutrend Classic \u2013 naturalne drewno, trwa\u0142e aluminium. Energooszcz\u0119dno\u015b\u0107, izolacja akustyczna i nowoczesny design.\" \/>\n<meta property=\"og:url\" content=\"https:\/\/bertrand.pl\/de\/produkt\/alutrend-classic\/\" \/>\n<meta property=\"og:site_name\" content=\"Bertrand. Najwy\u017cszej jako\u015bci okna i drzwi. Certyfikowany producent od 1969 roku.\" \/>\n<meta property=\"article:publisher\" content=\"https:\/\/www.facebook.com\/bertrandpolska\/\" \/>\n<meta property=\"article:modified_time\" content=\"2025-03-06T14:25:04+00:00\" \/>\n<meta property=\"og:image\" content=\"https:\/\/bertrand.pl\/wp-content\/uploads\/2024\/01\/alutrend_classic_big.webp\" \/>\n\t<meta property=\"og:image:width\" content=\"750\" \/>\n\t<meta property=\"og:image:height\" content=\"750\" \/>\n\t<meta property=\"og:image:type\" content=\"image\/webp\" \/>\n<meta name=\"twitter:card\" content=\"summary_large_image\" \/>\n<meta name=\"twitter:label1\" content=\"Gesch\u00e4tzte Lesezeit\" \/>\n\t<meta name=\"twitter:data1\" content=\"4\u00a0Minuten\" \/>\n<script type=\"application\/ld+json\" class=\"yoast-schema-graph\">{\"@context\":\"https:\/\/schema.org\",\"@graph\":[{\"@type\":\"WebPage\",\"@id\":\"https:\/\/bertrand.pl\/produkt\/alutrend-classic\/\",\"url\":\"https:\/\/bertrand.pl\/produkt\/alutrend-classic\/\",\"name\":\"Alutrend Classic - Bertrand. Najwy\u017cszej jako\u015bci okna i drzwi. Certyfikowany producent od 1969 roku.\",\"isPartOf\":{\"@id\":\"https:\/\/bertrand.pl\/#website\"},\"primaryImageOfPage\":{\"@id\":\"https:\/\/bertrand.pl\/produkt\/alutrend-classic\/#primaryimage\"},\"image\":{\"@id\":\"https:\/\/bertrand.pl\/produkt\/alutrend-classic\/#primaryimage\"},\"thumbnailUrl\":\"https:\/\/bertrand.pl\/wp-content\/uploads\/2024\/01\/alutrend_classic_big.webp\",\"datePublished\":\"2024-01-18T13:37:54+00:00\",\"dateModified\":\"2025-03-06T14:25:04+00:00\",\"description\":\"Okna drewniano-aluminiowe Alutrend Classic \u2013 naturalne drewno, trwa\u0142e aluminium. Energooszcz\u0119dno\u015b\u0107, izolacja akustyczna i nowoczesny design.\",\"breadcrumb\":{\"@id\":\"https:\/\/bertrand.pl\/produkt\/alutrend-classic\/#breadcrumb\"},\"inLanguage\":\"de\",\"potentialAction\":[{\"@type\":\"ReadAction\",\"target\":[\"https:\/\/bertrand.pl\/produkt\/alutrend-classic\/\"]}]},{\"@type\":\"ImageObject\",\"inLanguage\":\"de\",\"@id\":\"https:\/\/bertrand.pl\/produkt\/alutrend-classic\/#primaryimage\",\"url\":\"https:\/\/bertrand.pl\/wp-content\/uploads\/2024\/01\/alutrend_classic_big.webp\",\"contentUrl\":\"https:\/\/bertrand.pl\/wp-content\/uploads\/2024\/01\/alutrend_classic_big.webp\",\"width\":750,\"height\":750},{\"@type\":\"BreadcrumbList\",\"@id\":\"https:\/\/bertrand.pl\/produkt\/alutrend-classic\/#breadcrumb\",\"itemListElement\":[{\"@type\":\"ListItem\",\"position\":1,\"name\":\"Strona g\u0142\u00f3wna\",\"item\":\"https:\/\/bertrand.pl\/\"},{\"@type\":\"ListItem\",\"position\":2,\"name\":\"Produits\",\"item\":\"https:\/\/bertrand.pl\/fr\/shop\/\"},{\"@type\":\"ListItem\",\"position\":3,\"name\":\"Alutrend Classic\"}]},{\"@type\":\"WebSite\",\"@id\":\"https:\/\/bertrand.pl\/#website\",\"url\":\"https:\/\/bertrand.pl\/\",\"name\":\"Bertrand.pl\",\"description\":\"Firma Bertrand to certyfikowany i uznany producent najwy\u017cszej jako\u015bci okien z PVC, z drewna lub aluminium. Produkcja drzwi, rolet i bram gara\u017cowych.\",\"publisher\":{\"@id\":\"https:\/\/bertrand.pl\/#organization\"},\"potentialAction\":[{\"@type\":\"SearchAction\",\"target\":{\"@type\":\"EntryPoint\",\"urlTemplate\":\"https:\/\/bertrand.pl\/?s={search_term_string}\"},\"query-input\":{\"@type\":\"PropertyValueSpecification\",\"valueRequired\":true,\"valueName\":\"search_term_string\"}}],\"inLanguage\":\"de\"},{\"@type\":\"Organization\",\"@id\":\"https:\/\/bertrand.pl\/#organization\",\"name\":\"Bertrand.pl\",\"url\":\"https:\/\/bertrand.pl\/\",\"logo\":{\"@type\":\"ImageObject\",\"inLanguage\":\"de\",\"@id\":\"https:\/\/bertrand.pl\/#\/schema\/logo\/image\/\",\"url\":\"https:\/\/bertrand.pl\/wp-content\/uploads\/2024\/12\/logo_BB_TM_PL_black.png\",\"contentUrl\":\"https:\/\/bertrand.pl\/wp-content\/uploads\/2024\/12\/logo_BB_TM_PL_black.png\",\"width\":1831,\"height\":1831,\"caption\":\"Bertrand.pl\"},\"image\":{\"@id\":\"https:\/\/bertrand.pl\/#\/schema\/logo\/image\/\"},\"sameAs\":[\"https:\/\/www.facebook.com\/bertrandpolska\/\",\"https:\/\/www.instagram.com\/bertrand_okna_i_drzwi\/\",\"https:\/\/www.linkedin.com\/company\/bertrand\/\",\"https:\/\/www.tiktok.com\/@bertrand_okna_drzwi\"]}]}<\/script>\n<!-- \/ Yoast SEO Premium plugin. -->","yoast_head_json":{"title":"Alutrend Classic - Bertrand. Najwy\u017cszej jako\u015bci okna i drzwi. Certyfikowany producent od 1969 roku.","description":"Alutrend Classic Holz-Aluminium-Fenster \u2013 Naturholz, langlebiges Aluminium. Energieeffizienz, Schalld\u00e4mmung und modernes Design.","robots":{"index":"index","follow":"follow","max-snippet":"max-snippet:-1","max-image-preview":"max-image-preview:large","max-video-preview":"max-video-preview:-1"},"canonical":"https:\/\/bertrand.pl\/de\/produkt\/alutrend-classic\/","og_locale":"de_DE","og_type":"article","og_title":"Alutrend Classic","og_description":"Okna drewniano-aluminiowe Alutrend Classic \u2013 naturalne drewno, trwa\u0142e aluminium. Energooszcz\u0119dno\u015b\u0107, izolacja akustyczna i nowoczesny design.","og_url":"https:\/\/bertrand.pl\/de\/produkt\/alutrend-classic\/","og_site_name":"Bertrand. Najwy\u017cszej jako\u015bci okna i drzwi. Certyfikowany producent od 1969 roku.","article_publisher":"https:\/\/www.facebook.com\/bertrandpolska\/","article_modified_time":"2025-03-06T14:25:04+00:00","og_image":[{"width":750,"height":750,"url":"https:\/\/bertrand.pl\/wp-content\/uploads\/2024\/01\/alutrend_classic_big.webp","type":"image\/webp"}],"twitter_card":"summary_large_image","twitter_misc":{"Gesch\u00e4tzte Lesezeit":"4\u00a0Minuten"},"schema":{"@context":"https:\/\/schema.org","@graph":[{"@type":"WebPage","@id":"https:\/\/bertrand.pl\/produkt\/alutrend-classic\/","url":"https:\/\/bertrand.pl\/produkt\/alutrend-classic\/","name":"Alutrend Classic - Bertrand. Najwy\u017cszej jako\u015bci okna i drzwi. Certyfikowany producent od 1969 roku.","isPartOf":{"@id":"https:\/\/bertrand.pl\/#website"},"primaryImageOfPage":{"@id":"https:\/\/bertrand.pl\/produkt\/alutrend-classic\/#primaryimage"},"image":{"@id":"https:\/\/bertrand.pl\/produkt\/alutrend-classic\/#primaryimage"},"thumbnailUrl":"https:\/\/bertrand.pl\/wp-content\/uploads\/2024\/01\/alutrend_classic_big.webp","datePublished":"2024-01-18T13:37:54+00:00","dateModified":"2025-03-06T14:25:04+00:00","description":"Alutrend Classic Holz-Aluminium-Fenster \u2013 Naturholz, langlebiges Aluminium. Energieeffizienz, Schalld\u00e4mmung und modernes Design.","breadcrumb":{"@id":"https:\/\/bertrand.pl\/produkt\/alutrend-classic\/#breadcrumb"},"inLanguage":"de","potentialAction":[{"@type":"ReadAction","target":["https:\/\/bertrand.pl\/produkt\/alutrend-classic\/"]}]},{"@type":"ImageObject","inLanguage":"de","@id":"https:\/\/bertrand.pl\/produkt\/alutrend-classic\/#primaryimage","url":"https:\/\/bertrand.pl\/wp-content\/uploads\/2024\/01\/alutrend_classic_big.webp","contentUrl":"https:\/\/bertrand.pl\/wp-content\/uploads\/2024\/01\/alutrend_classic_big.webp","width":750,"height":750},{"@type":"BreadcrumbList","@id":"https:\/\/bertrand.pl\/produkt\/alutrend-classic\/#breadcrumb","itemListElement":[{"@type":"ListItem","position":1,"name":"Strona g\u0142\u00f3wna","item":"https:\/\/bertrand.pl\/"},{"@type":"ListItem","position":2,"name":"Produits","item":"https:\/\/bertrand.pl\/fr\/shop\/"},{"@type":"ListItem","position":3,"name":"Alutrend Classic"}]},{"@type":"WebSite","@id":"https:\/\/bertrand.pl\/#website","url":"https:\/\/bertrand.pl\/","name":"Bertrand.pl","description":"Firma Bertrand to certyfikowany i uznany producent najwy\u017cszej jako\u015bci okien z PVC, z drewna lub aluminium. Produkcja drzwi, rolet i bram gara\u017cowych.","publisher":{"@id":"https:\/\/bertrand.pl\/#organization"},"potentialAction":[{"@type":"SearchAction","target":{"@type":"EntryPoint","urlTemplate":"https:\/\/bertrand.pl\/?s={search_term_string}"},"query-input":{"@type":"PropertyValueSpecification","valueRequired":true,"valueName":"search_term_string"}}],"inLanguage":"de"},{"@type":"Organization","@id":"https:\/\/bertrand.pl\/#organization","name":"Bertrand.pl","url":"https:\/\/bertrand.pl\/","logo":{"@type":"ImageObject","inLanguage":"de","@id":"https:\/\/bertrand.pl\/#\/schema\/logo\/image\/","url":"https:\/\/bertrand.pl\/wp-content\/uploads\/2024\/12\/logo_BB_TM_PL_black.png","contentUrl":"https:\/\/bertrand.pl\/wp-content\/uploads\/2024\/12\/logo_BB_TM_PL_black.png","width":1831,"height":1831,"caption":"Bertrand.pl"},"image":{"@id":"https:\/\/bertrand.pl\/#\/schema\/logo\/image\/"},"sameAs":["https:\/\/www.facebook.com\/bertrandpolska\/","https:\/\/www.instagram.com\/bertrand_okna_i_drzwi\/","https:\/\/www.linkedin.com\/company\/bertrand\/","https:\/\/www.tiktok.com\/@bertrand_okna_drzwi"]}]}},"_links":{"self":[{"href":"https:\/\/bertrand.pl\/de\/wp-json\/wp\/v2\/product\/2131","targetHints":{"allow":["GET"]}}],"collection":[{"href":"https:\/\/bertrand.pl\/de\/wp-json\/wp\/v2\/product"}],"about":[{"href":"https:\/\/bertrand.pl\/de\/wp-json\/wp\/v2\/types\/product"}],"wp:featuredmedia":[{"embeddable":true,"href":"https:\/\/bertrand.pl\/de\/wp-json\/wp\/v2\/media\/2132"}],"wp:attachment":[{"href":"https:\/\/bertrand.pl\/de\/wp-json\/wp\/v2\/media?parent=2131"}],"wp:term":[{"taxonomy":"product_brand","embeddable":true,"href":"https:\/\/bertrand.pl\/de\/wp-json\/wp\/v2\/product_brand?post=2131"},{"taxonomy":"product_cat","embeddable":true,"href":"https:\/\/bertrand.pl\/de\/wp-json\/wp\/v2\/product_cat?post=2131"},{"taxonomy":"product_tag","embeddable":true,"href":"https:\/\/bertrand.pl\/de\/wp-json\/wp\/v2\/product_tag?post=2131"}],"curies":[{"name":"wp","href":"https:\/\/api.w.org\/{rel}","templated":true}]}}