{"id":2144,"date":"2023-12-14T13:00:13","date_gmt":"2023-12-14T12:00:13","guid":{"rendered":"https:\/\/bertrand.pl\/?post_type=product&#038;p=2144"},"modified":"2024-12-13T11:58:54","modified_gmt":"2024-12-13T10:58:54","slug":"psk-kipp-und-schiebesystem","status":"publish","type":"product","link":"https:\/\/bertrand.pl\/de\/produkt\/system-uchylno-przesuwny-psk\/","title":{"rendered":"PSK-Kipp- und Schiebesystem"},"content":{"rendered":"<p><strong>PSK-Kipp- und Schiebesystem<\/strong> ist eine moderne L\u00f6sung f\u00fcr Menschen, die funktionale und \u00e4sthetische Terrassent\u00fcren suchen. Es eignet sich perfekt f\u00fcr moderne H\u00e4user, in denen Platz eine Schl\u00fcsselrolle spielt. Durch die M\u00f6glichkeit gro\u00dffl\u00e4chiger Verglasungen wird der Innenraum optisch gr\u00f6\u00dfer, heller und offener zur Umgebung. PSK-T\u00fcren vereinen vor allem Bedienkomfort mit ansprechender Optik, was sie zu einer hervorragenden Wahl f\u00fcr Wohnungen und H\u00e4user macht.<\/p>\n<p>&nbsp;<\/p>\n<h3>Die Verwendung gro\u00dfer Verglasungen<\/h3>\n<p>Das PSK-System erm\u00f6glicht die Einf\u00fchrung gro\u00dfer Glasfl\u00e4chen bis zu 8 m\u00b2. Diese L\u00f6sung schafft einen flie\u00dfenden \u00dcbergang zwischen Innen- und Au\u00dfenraum, wodurch die Terrasse oder der Garten zu einer nat\u00fcrlichen Erweiterung des Hauses wird. Dies ist eine ideale L\u00f6sung f\u00fcr Menschen, die Wert auf den engen Kontakt mit der Natur legen und einen Panoramablick genie\u00dfen m\u00f6chten.<\/p>\n<p>&nbsp;<\/p>\n<h3>Komfort und Funktionalit\u00e4t<\/h3>\n<p>Kipp-Schiebet\u00fcren im PSK-System sind bis zu 1,6 Meter breit und erm\u00f6glichen einen bequemen Durchgang zur Terrasse oder zum Garten. Dar\u00fcber hinaus ist der Kipp-Schiebe-Mechanismus einfach zu bedienen und erm\u00f6glicht ein einfaches \u00d6ffnen und Schlie\u00dfen auch bei gro\u00dfen T\u00fcrgr\u00f6\u00dfen. Dadurch sind PSK-T\u00fcren praktisch und komfortabel im t\u00e4glichen Gebrauch.<\/p>\n<p>&nbsp;<\/p>\n<h3>Vorteile des PSK-Systems<\/h3>\n<ul>\n<li><strong>Platzsparend:<\/strong> Die T\u00fcren nehmen beim \u00d6ffnen keinen Platz im Raum ein, was eine bessere Nutzung des Innenraums erm\u00f6glicht.<\/li>\n<li><strong>Stabilit\u00e4t:<\/strong> Der Mechanismus verhindert, dass die T\u00fcr durch Wind zuschl\u00e4gt.<\/li>\n<li><strong>\u00c4sthetik und Personalisierung:<\/strong> Dank der Verf\u00fcgbarkeit in verschiedenen Technologien (PVC, Holz, Aluminium, Holz-Aluminium) und einer breiten Farbpalette passt das Produkt zu jedem Interieur.<\/li>\n<li><strong>Erschwinglicher Preis:<\/strong> Das PSK-System ist wirtschaftlicher als die beliebten HST-Systemt\u00fcren.<\/li>\n<\/ul>\n<h3><\/h3>\n<p>Das PSK-Kipp-Schiebe-System ist eine perfekte Kombination aus \u00c4sthetik, Funktionalit\u00e4t und Platzersparnis. Dank seiner universellen Einsetzbarkeit, der M\u00f6glichkeit der Personalisierung und einem g\u00fcnstigen Preis ist es eine ideale L\u00f6sung f\u00fcr anspruchsvolle Kunden, die Wert auf Komfort und modernes Design legen.<\/p>\n<p>&nbsp;<\/p>\n<p><img fetchpriority=\"high\" decoding=\"async\" class=\"wp-image-4995 aligncenter\" src=\"https:\/\/bertrand.pl\/wp-content\/uploads\/2023\/12\/borzestowo-28-scaled.jpg\" alt=\"\" width=\"601\" height=\"902\" srcset=\"https:\/\/bertrand.pl\/wp-content\/uploads\/2023\/12\/borzestowo-28-scaled.jpg 1707w, https:\/\/bertrand.pl\/wp-content\/uploads\/2023\/12\/borzestowo-28-280x420.jpg 280w, https:\/\/bertrand.pl\/wp-content\/uploads\/2023\/12\/borzestowo-28-907x1360.jpg 907w, https:\/\/bertrand.pl\/wp-content\/uploads\/2023\/12\/borzestowo-28-768x1152.jpg 768w, https:\/\/bertrand.pl\/wp-content\/uploads\/2023\/12\/borzestowo-28-1024x1536.jpg 1024w, https:\/\/bertrand.pl\/wp-content\/uploads\/2023\/12\/borzestowo-28-1365x2048.jpg 1365w, https:\/\/bertrand.pl\/wp-content\/uploads\/2023\/12\/borzestowo-28-8x12.jpg 8w, https:\/\/bertrand.pl\/wp-content\/uploads\/2023\/12\/borzestowo-28-600x900.jpg 600w\" sizes=\"(max-width: 601px) 100vw, 601px\" \/><\/p>\n<p>&nbsp;<\/p>\n<h4><strong><a href=\"https:\/\/bertrand.pl\/de\/farben-von-fenstern-und-turen\/\">Farben von Fenstern und T\u00fcren<\/a><\/strong><\/h4>","protected":false},"excerpt":{"rendered":"<p><strong>Kipp- und Schiebe-Terrassensystem<\/strong><\/p>\n<p>PSK-Terrassent\u00fcren sind eine Kurzbezeichnung f\u00fcr Kipp-Schiebet\u00fcren. Dieses System ist mit einem Festfl\u00fcgel und einem Schiebefl\u00fcgel ausgestattet. Beim \u00d6ffnen einer T\u00fcr oder eines Fensters im PSK-System bewirkt der Beschlagmechanismus, dass sich der bewegliche Fl\u00fcgel zun\u00e4chst neigt, dann wegbewegt und sich dann entlang der F\u00fchrung im unteren Teil der Struktur bewegt.<\/p>","protected":false},"featured_media":4999,"template":"","meta":{"site-sidebar-layout":"default","site-content-layout":"","ast-site-content-layout":"default","site-content-style":"default","site-sidebar-style":"default","ast-global-header-display":"","ast-banner-title-visibility":"","ast-main-header-display":"","ast-hfb-above-header-display":"","ast-hfb-below-header-display":"","ast-hfb-mobile-header-display":"","site-post-title":"","ast-breadcrumbs-content":"","ast-featured-img":"","footer-sml-layout":"","ast-disable-related-posts":"","theme-transparent-header-meta":"default","adv-header-id-meta":"","stick-header-meta":"","header-above-stick-meta":"","header-main-stick-meta":"","header-below-stick-meta":"","astra-migrate-meta-layouts":"set","ast-page-background-enabled":"default","ast-page-background-meta":{"desktop":{"background-color":"var(--ast-global-color-4)","background-image":"","background-repeat":"repeat","background-position":"center center","background-size":"auto","background-attachment":"scroll","background-type":"","background-media":"","overlay-type":"","overlay-color":"","overlay-opacity":"","overlay-gradient":""},"tablet":{"background-color":"","background-image":"","background-repeat":"repeat","background-position":"center center","background-size":"auto","background-attachment":"scroll","background-type":"","background-media":"","overlay-type":"","overlay-color":"","overlay-opacity":"","overlay-gradient":""},"mobile":{"background-color":"","background-image":"","background-repeat":"repeat","background-position":"center center","background-size":"auto","background-attachment":"scroll","background-type":"","background-media":"","overlay-type":"","overlay-color":"","overlay-opacity":"","overlay-gradient":""}},"ast-content-background-meta":{"desktop":{"background-color":"var(--ast-global-color-5)","background-image":"","background-repeat":"repeat","background-position":"center center","background-size":"auto","background-attachment":"scroll","background-type":"","background-media":"","overlay-type":"","overlay-color":"","overlay-opacity":"","overlay-gradient":""},"tablet":{"background-color":"var(--ast-global-color-5)","background-image":"","background-repeat":"repeat","background-position":"center center","background-size":"auto","background-attachment":"scroll","background-type":"","background-media":"","overlay-type":"","overlay-color":"","overlay-opacity":"","overlay-gradient":""},"mobile":{"background-color":"var(--ast-global-color-5)","background-image":"","background-repeat":"repeat","background-position":"center center","background-size":"auto","background-attachment":"scroll","background-type":"","background-media":"","overlay-type":"","overlay-color":"","overlay-opacity":"","overlay-gradient":""}}},"product_brand":[],"product_cat":[18],"product_tag":[168,326,367,339,377,378,414,345,343,333,718,719,346,408,407,389,398,405,361,366,392,169,416,362,406],"class_list":{"0":"post-2144","1":"product","2":"type-product","3":"status-publish","4":"has-post-thumbnail","6":"product_cat-systemy-tarasowe","7":"product_tag-bertrand","8":"product_tag-budowa-domu","9":"product_tag-budownictwo","10":"product_tag-design","11":"product_tag-dobre-drzwi","12":"product_tag-doors","13":"product_tag-doskonala-izolacja-termiczna","14":"product_tag-drzwi-balkonowe","15":"product_tag-drzwi-do-domu","16":"product_tag-drzwi-przesuwne","17":"product_tag-drzwi-psk","18":"product_tag-drzwi-uchylno-przesuwne","19":"product_tag-duze-przestrzenie","20":"product_tag-duze-przeszklenia","21":"product_tag-duzo-swiatla","22":"product_tag-izolacja-akustyczna","23":"product_tag-izolacja-cieplna","24":"product_tag-izolacja-termiczna","25":"product_tag-jakosc","26":"product_tag-komfort","27":"product_tag-otwarta-przestrzen","28":"product_tag-produkt","29":"product_tag-przestrzen","30":"product_tag-quality","31":"product_tag-swiatlo","32":"desktop-align-left","33":"tablet-align-left","34":"mobile-align-left","36":"first","37":"instock","38":"shipping-taxable","39":"product-type-simple"},"yoast_head":"<!-- This site is optimized with the Yoast SEO Premium plugin v27.2 (Yoast SEO v27.2) - https:\/\/yoast.com\/product\/yoast-seo-premium-wordpress\/ -->\n<title>System uchylno-przesuwny PSK - Bertrand. Najwy\u017cszej jako\u015bci okna i drzwi. Certyfikowany producent od 1969 roku.<\/title>\n<meta name=\"description\" content=\"System uchylno-przesuwny PSK \u2013 estetyczne, funkcjonalne drzwi tarasowe. Du\u017ce przeszklenia, oszcz\u0119dno\u015b\u0107 miejsca i wygoda w nowoczesnym wydaniu.\" \/>\n<meta name=\"robots\" content=\"index, follow, max-snippet:-1, max-image-preview:large, max-video-preview:-1\" \/>\n<link rel=\"canonical\" href=\"https:\/\/bertrand.pl\/de\/produkt\/psk-kipp-und-schiebesystem\/\" \/>\n<meta property=\"og:locale\" content=\"de_DE\" \/>\n<meta property=\"og:type\" content=\"article\" \/>\n<meta property=\"og:title\" content=\"System uchylno-przesuwny PSK\" \/>\n<meta property=\"og:description\" content=\"System uchylno-przesuwny PSK \u2013 estetyczne, funkcjonalne drzwi tarasowe. Du\u017ce przeszklenia, oszcz\u0119dno\u015b\u0107 miejsca i wygoda w nowoczesnym wydaniu.\" \/>\n<meta property=\"og:url\" content=\"https:\/\/bertrand.pl\/de\/produkt\/psk-kipp-und-schiebesystem\/\" \/>\n<meta property=\"og:site_name\" content=\"Bertrand. Najwy\u017cszej jako\u015bci okna i drzwi. Certyfikowany producent od 1969 roku.\" \/>\n<meta property=\"article:publisher\" content=\"https:\/\/www.facebook.com\/bertrandpolska\/\" \/>\n<meta property=\"article:modified_time\" content=\"2024-12-13T10:58:54+00:00\" \/>\n<meta property=\"og:image\" content=\"https:\/\/bertrand.pl\/wp-content\/uploads\/2023\/12\/4130_PSK-sliding-C_aluminium-1-700x700-1.png\" \/>\n\t<meta property=\"og:image:width\" content=\"700\" \/>\n\t<meta property=\"og:image:height\" content=\"700\" \/>\n\t<meta property=\"og:image:type\" content=\"image\/png\" \/>\n<meta name=\"twitter:card\" content=\"summary_large_image\" \/>\n<meta name=\"twitter:label1\" content=\"Gesch\u00e4tzte Lesezeit\" \/>\n\t<meta name=\"twitter:data1\" content=\"2\u00a0Minuten\" \/>\n<script type=\"application\/ld+json\" class=\"yoast-schema-graph\">{\"@context\":\"https:\/\/schema.org\",\"@graph\":[{\"@type\":\"WebPage\",\"@id\":\"https:\/\/bertrand.pl\/produkt\/system-uchylno-przesuwny-psk\/\",\"url\":\"https:\/\/bertrand.pl\/produkt\/system-uchylno-przesuwny-psk\/\",\"name\":\"System uchylno-przesuwny PSK - Bertrand. Najwy\u017cszej jako\u015bci okna i drzwi. Certyfikowany producent od 1969 roku.\",\"isPartOf\":{\"@id\":\"https:\/\/bertrand.pl\/#website\"},\"primaryImageOfPage\":{\"@id\":\"https:\/\/bertrand.pl\/produkt\/system-uchylno-przesuwny-psk\/#primaryimage\"},\"image\":{\"@id\":\"https:\/\/bertrand.pl\/produkt\/system-uchylno-przesuwny-psk\/#primaryimage\"},\"thumbnailUrl\":\"https:\/\/bertrand.pl\/wp-content\/uploads\/2023\/12\/4130_PSK-sliding-C_aluminium-1-700x700-1.png\",\"datePublished\":\"2023-12-14T12:00:13+00:00\",\"dateModified\":\"2024-12-13T10:58:54+00:00\",\"description\":\"System uchylno-przesuwny PSK \u2013 estetyczne, funkcjonalne drzwi tarasowe. Du\u017ce przeszklenia, oszcz\u0119dno\u015b\u0107 miejsca i wygoda w nowoczesnym wydaniu.\",\"breadcrumb\":{\"@id\":\"https:\/\/bertrand.pl\/produkt\/system-uchylno-przesuwny-psk\/#breadcrumb\"},\"inLanguage\":\"de\",\"potentialAction\":[{\"@type\":\"ReadAction\",\"target\":[\"https:\/\/bertrand.pl\/produkt\/system-uchylno-przesuwny-psk\/\"]}]},{\"@type\":\"ImageObject\",\"inLanguage\":\"de\",\"@id\":\"https:\/\/bertrand.pl\/produkt\/system-uchylno-przesuwny-psk\/#primaryimage\",\"url\":\"https:\/\/bertrand.pl\/wp-content\/uploads\/2023\/12\/4130_PSK-sliding-C_aluminium-1-700x700-1.png\",\"contentUrl\":\"https:\/\/bertrand.pl\/wp-content\/uploads\/2023\/12\/4130_PSK-sliding-C_aluminium-1-700x700-1.png\",\"width\":700,\"height\":700},{\"@type\":\"BreadcrumbList\",\"@id\":\"https:\/\/bertrand.pl\/produkt\/system-uchylno-przesuwny-psk\/#breadcrumb\",\"itemListElement\":[{\"@type\":\"ListItem\",\"position\":1,\"name\":\"Strona g\u0142\u00f3wna\",\"item\":\"https:\/\/bertrand.pl\/\"},{\"@type\":\"ListItem\",\"position\":2,\"name\":\"Produits\",\"item\":\"https:\/\/bertrand.pl\/fr\/shop\/\"},{\"@type\":\"ListItem\",\"position\":3,\"name\":\"System uchylno-przesuwny PSK\"}]},{\"@type\":\"WebSite\",\"@id\":\"https:\/\/bertrand.pl\/#website\",\"url\":\"https:\/\/bertrand.pl\/\",\"name\":\"Bertrand.pl\",\"description\":\"Firma Bertrand to certyfikowany i uznany producent najwy\u017cszej jako\u015bci okien z PVC, z drewna lub aluminium. Produkcja drzwi, rolet i bram gara\u017cowych.\",\"publisher\":{\"@id\":\"https:\/\/bertrand.pl\/#organization\"},\"potentialAction\":[{\"@type\":\"SearchAction\",\"target\":{\"@type\":\"EntryPoint\",\"urlTemplate\":\"https:\/\/bertrand.pl\/?s={search_term_string}\"},\"query-input\":{\"@type\":\"PropertyValueSpecification\",\"valueRequired\":true,\"valueName\":\"search_term_string\"}}],\"inLanguage\":\"de\"},{\"@type\":\"Organization\",\"@id\":\"https:\/\/bertrand.pl\/#organization\",\"name\":\"Bertrand.pl\",\"url\":\"https:\/\/bertrand.pl\/\",\"logo\":{\"@type\":\"ImageObject\",\"inLanguage\":\"de\",\"@id\":\"https:\/\/bertrand.pl\/#\/schema\/logo\/image\/\",\"url\":\"https:\/\/bertrand.pl\/wp-content\/uploads\/2024\/12\/logo_BB_TM_PL_black.png\",\"contentUrl\":\"https:\/\/bertrand.pl\/wp-content\/uploads\/2024\/12\/logo_BB_TM_PL_black.png\",\"width\":1831,\"height\":1831,\"caption\":\"Bertrand.pl\"},\"image\":{\"@id\":\"https:\/\/bertrand.pl\/#\/schema\/logo\/image\/\"},\"sameAs\":[\"https:\/\/www.facebook.com\/bertrandpolska\/\",\"https:\/\/www.instagram.com\/bertrand_okna_i_drzwi\/\",\"https:\/\/www.linkedin.com\/company\/bertrand\/\",\"https:\/\/www.tiktok.com\/@bertrand_okna_drzwi\"]}]}<\/script>\n<!-- \/ Yoast SEO Premium plugin. -->","yoast_head_json":{"title":"System uchylno-przesuwny PSK - Bertrand. Najwy\u017cszej jako\u015bci okna i drzwi. Certyfikowany producent od 1969 roku.","description":"PSK-Kipp-Schiebe-System \u2013 \u00e4sthetische, funktionale Terrassent\u00fcren. Gro\u00dfe Verglasung, Platzersparnis und moderner Komfort.","robots":{"index":"index","follow":"follow","max-snippet":"max-snippet:-1","max-image-preview":"max-image-preview:large","max-video-preview":"max-video-preview:-1"},"canonical":"https:\/\/bertrand.pl\/de\/produkt\/psk-kipp-und-schiebesystem\/","og_locale":"de_DE","og_type":"article","og_title":"System uchylno-przesuwny PSK","og_description":"System uchylno-przesuwny PSK \u2013 estetyczne, funkcjonalne drzwi tarasowe. Du\u017ce przeszklenia, oszcz\u0119dno\u015b\u0107 miejsca i wygoda w nowoczesnym wydaniu.","og_url":"https:\/\/bertrand.pl\/de\/produkt\/psk-kipp-und-schiebesystem\/","og_site_name":"Bertrand. Najwy\u017cszej jako\u015bci okna i drzwi. Certyfikowany producent od 1969 roku.","article_publisher":"https:\/\/www.facebook.com\/bertrandpolska\/","article_modified_time":"2024-12-13T10:58:54+00:00","og_image":[{"width":700,"height":700,"url":"https:\/\/bertrand.pl\/wp-content\/uploads\/2023\/12\/4130_PSK-sliding-C_aluminium-1-700x700-1.png","type":"image\/png"}],"twitter_card":"summary_large_image","twitter_misc":{"Gesch\u00e4tzte Lesezeit":"2\u00a0Minuten"},"schema":{"@context":"https:\/\/schema.org","@graph":[{"@type":"WebPage","@id":"https:\/\/bertrand.pl\/produkt\/system-uchylno-przesuwny-psk\/","url":"https:\/\/bertrand.pl\/produkt\/system-uchylno-przesuwny-psk\/","name":"System uchylno-przesuwny PSK - Bertrand. Najwy\u017cszej jako\u015bci okna i drzwi. Certyfikowany producent od 1969 roku.","isPartOf":{"@id":"https:\/\/bertrand.pl\/#website"},"primaryImageOfPage":{"@id":"https:\/\/bertrand.pl\/produkt\/system-uchylno-przesuwny-psk\/#primaryimage"},"image":{"@id":"https:\/\/bertrand.pl\/produkt\/system-uchylno-przesuwny-psk\/#primaryimage"},"thumbnailUrl":"https:\/\/bertrand.pl\/wp-content\/uploads\/2023\/12\/4130_PSK-sliding-C_aluminium-1-700x700-1.png","datePublished":"2023-12-14T12:00:13+00:00","dateModified":"2024-12-13T10:58:54+00:00","description":"PSK-Kipp-Schiebe-System \u2013 \u00e4sthetische, funktionale Terrassent\u00fcren. Gro\u00dfe Verglasung, Platzersparnis und moderner Komfort.","breadcrumb":{"@id":"https:\/\/bertrand.pl\/produkt\/system-uchylno-przesuwny-psk\/#breadcrumb"},"inLanguage":"de","potentialAction":[{"@type":"ReadAction","target":["https:\/\/bertrand.pl\/produkt\/system-uchylno-przesuwny-psk\/"]}]},{"@type":"ImageObject","inLanguage":"de","@id":"https:\/\/bertrand.pl\/produkt\/system-uchylno-przesuwny-psk\/#primaryimage","url":"https:\/\/bertrand.pl\/wp-content\/uploads\/2023\/12\/4130_PSK-sliding-C_aluminium-1-700x700-1.png","contentUrl":"https:\/\/bertrand.pl\/wp-content\/uploads\/2023\/12\/4130_PSK-sliding-C_aluminium-1-700x700-1.png","width":700,"height":700},{"@type":"BreadcrumbList","@id":"https:\/\/bertrand.pl\/produkt\/system-uchylno-przesuwny-psk\/#breadcrumb","itemListElement":[{"@type":"ListItem","position":1,"name":"Strona g\u0142\u00f3wna","item":"https:\/\/bertrand.pl\/"},{"@type":"ListItem","position":2,"name":"Produits","item":"https:\/\/bertrand.pl\/fr\/shop\/"},{"@type":"ListItem","position":3,"name":"System uchylno-przesuwny PSK"}]},{"@type":"WebSite","@id":"https:\/\/bertrand.pl\/#website","url":"https:\/\/bertrand.pl\/","name":"Bertrand.pl","description":"Firma Bertrand to certyfikowany i uznany producent najwy\u017cszej jako\u015bci okien z PVC, z drewna lub aluminium. Produkcja drzwi, rolet i bram gara\u017cowych.","publisher":{"@id":"https:\/\/bertrand.pl\/#organization"},"potentialAction":[{"@type":"SearchAction","target":{"@type":"EntryPoint","urlTemplate":"https:\/\/bertrand.pl\/?s={search_term_string}"},"query-input":{"@type":"PropertyValueSpecification","valueRequired":true,"valueName":"search_term_string"}}],"inLanguage":"de"},{"@type":"Organization","@id":"https:\/\/bertrand.pl\/#organization","name":"Bertrand.pl","url":"https:\/\/bertrand.pl\/","logo":{"@type":"ImageObject","inLanguage":"de","@id":"https:\/\/bertrand.pl\/#\/schema\/logo\/image\/","url":"https:\/\/bertrand.pl\/wp-content\/uploads\/2024\/12\/logo_BB_TM_PL_black.png","contentUrl":"https:\/\/bertrand.pl\/wp-content\/uploads\/2024\/12\/logo_BB_TM_PL_black.png","width":1831,"height":1831,"caption":"Bertrand.pl"},"image":{"@id":"https:\/\/bertrand.pl\/#\/schema\/logo\/image\/"},"sameAs":["https:\/\/www.facebook.com\/bertrandpolska\/","https:\/\/www.instagram.com\/bertrand_okna_i_drzwi\/","https:\/\/www.linkedin.com\/company\/bertrand\/","https:\/\/www.tiktok.com\/@bertrand_okna_drzwi"]}]}},"_links":{"self":[{"href":"https:\/\/bertrand.pl\/de\/wp-json\/wp\/v2\/product\/2144","targetHints":{"allow":["GET"]}}],"collection":[{"href":"https:\/\/bertrand.pl\/de\/wp-json\/wp\/v2\/product"}],"about":[{"href":"https:\/\/bertrand.pl\/de\/wp-json\/wp\/v2\/types\/product"}],"wp:featuredmedia":[{"embeddable":true,"href":"https:\/\/bertrand.pl\/de\/wp-json\/wp\/v2\/media\/4999"}],"wp:attachment":[{"href":"https:\/\/bertrand.pl\/de\/wp-json\/wp\/v2\/media?parent=2144"}],"wp:term":[{"taxonomy":"product_brand","embeddable":true,"href":"https:\/\/bertrand.pl\/de\/wp-json\/wp\/v2\/product_brand?post=2144"},{"taxonomy":"product_cat","embeddable":true,"href":"https:\/\/bertrand.pl\/de\/wp-json\/wp\/v2\/product_cat?post=2144"},{"taxonomy":"product_tag","embeddable":true,"href":"https:\/\/bertrand.pl\/de\/wp-json\/wp\/v2\/product_tag?post=2144"}],"curies":[{"name":"wp","href":"https:\/\/api.w.org\/{rel}","templated":true}]}}