{"id":3281,"date":"2024-02-20T10:51:29","date_gmt":"2024-02-20T09:51:29","guid":{"rendered":"https:\/\/bertrand.pl\/?post_type=product&#038;p=3281"},"modified":"2024-12-13T14:35:16","modified_gmt":"2024-12-13T13:35:16","slug":"zip-screen","status":"publish","type":"product","link":"https:\/\/bertrand.pl\/de\/produkt\/rolety-screen\/","title":{"rendered":"Zip-Screen"},"content":{"rendered":"<p data-pm-slice=\"1 1 []\">Screen-Rolll\u00e4den sind eine innovative L\u00f6sung, die Innenr\u00e4ume effektiv vor \u00fcberm\u00e4\u00dfiger Lichteinstrahlung und Temperaturanstieg sch\u00fctzen. Wenn Sonnenstrahlen die Oberfl\u00e4che des Rollladens erreichen, wird ein Teil reflektiert, w\u00e4hrend der Rest absorbiert und abgef\u00fchrt wird. Durch die Verwendung dieses Materials kann das Eindringen von grellem Licht und UV-Strahlen minimiert werden, was die Innentemperaturen um mehrere Grad senken kann.<\/p>\n<p data-pm-slice=\"1 1 []\">Screen-Rolll\u00e4den bestehen aus strapazierf\u00e4higem Fiberglas, das mit PVC beschichtet ist, was ihre Langlebigkeit und Widerstandsf\u00e4higkeit gegen \u00e4u\u00dfere Einfl\u00fcsse gew\u00e4hrleistet. Das Rolladensystem umfasst K\u00e4sten und F\u00fchrungen, die an der Au\u00dfenseite von Geb\u00e4uden montiert werden. Wir bieten:<\/p>\n<ul data-spread=\"false\">\n<li class=\"translation-block\"><strong>Unterputzdosen<\/strong> erh\u00e4ltlich in zwei Gr\u00f6\u00dfen: 105 mm und 125 mm.<\/li>\n<li class=\"translation-block\"><strong>Anpassungsdosen (sichtbar)<\/strong> in drei Gr\u00f6\u00dfen: 95 mm, 105 mm und 125 mm.<\/li>\n<\/ul>\n<p>Kastenvarianten:<\/p>\n<ul data-spread=\"false\">\n<li class=\"translation-block\"><strong>Quadratisch<\/strong> (im 90\u00b0-Winkel).<\/li>\n<li class=\"translation-block\"><strong>Mit gebogener Front<\/strong> (im 45\u00b0-Winkel).<\/li>\n<li><strong>Oval<\/strong>.<\/li>\n<\/ul>\n<p>Die Unterputzdose erm\u00f6glicht es, mehr als die H\u00e4lfte der F\u00fchrung in der Wand zu verbergen, was sich sowohl auf die Funktionalit\u00e4t als auch auf die \u00c4sthetik positiv auswirkt. Dadurch f\u00fcgen sich Screen-Rolll\u00e4den perfekt in die Fassade des Geb\u00e4udes ein.<\/p>\n<p>&nbsp;<\/p>\n<h3>Abmessungen und Konstruktionsoptionen<\/h3>\n<p>&nbsp;<\/p>\n<p>Screen-Rolll\u00e4den k\u00f6nnen maximale Abmessungen von bis zu 6 m Breite und 5 m H\u00f6he mit einer Gesamtfl\u00e4che von bis zu 18 m\u00b2 erreichen. F\u00fcr gr\u00f6\u00dfere L\u00f6sungen ist es m\u00f6glich, den Rollladen zu teilen und spezielle Pfosten zu verwenden, was Flexibilit\u00e4t im Design erm\u00f6glicht.<\/p>\n<p>&nbsp;<\/p>\n<figure id=\"attachment_3285\" aria-describedby=\"caption-attachment-3285\" style=\"width: 420px\" class=\"wp-caption aligncenter\"><img fetchpriority=\"high\" decoding=\"async\" class=\"wp-image-3285 size-medium\" src=\"https:\/\/bertrand.pl\/wp-content\/uploads\/2024\/02\/l_4831-420x308.jpg\" alt=\"Screen-Rollos sind eine funktionale und \u00e4sthetische L\u00f6sung, die Innenr\u00e4ume nicht nur vor \u00fcberm\u00e4\u00dfigem Licht und Hitze sch\u00fctzt. \" width=\"420\" height=\"308\" srcset=\"https:\/\/bertrand.pl\/wp-content\/uploads\/2024\/02\/l_4831-420x308.jpg 420w, https:\/\/bertrand.pl\/wp-content\/uploads\/2024\/02\/l_4831-768x564.jpg 768w, https:\/\/bertrand.pl\/wp-content\/uploads\/2024\/02\/l_4831-16x12.jpg 16w, https:\/\/bertrand.pl\/wp-content\/uploads\/2024\/02\/l_4831-600x440.jpg 600w, https:\/\/bertrand.pl\/wp-content\/uploads\/2024\/02\/l_4831.jpg 800w\" sizes=\"(max-width: 420px) 100vw, 420px\" \/><figcaption id=\"caption-attachment-3285\" class=\"wp-caption-text\">Zip-Screen<\/figcaption><\/figure>\n<h3 data-pm-slice=\"1 1 []\">Erweiterte Steuerung<\/h3>\n<p>&nbsp;<\/p>\n<p>Die Steuerung der Screen-Rolll\u00e4den kann an die Bed\u00fcrfnisse des Nutzers angepasst werden. Je nach Motortyp stehen folgende Optionen zur Verf\u00fcgung:<\/p>\n<ul data-spread=\"false\">\n<li><strong>Wandmontierter Schalter.<\/strong>.<\/li>\n<li class=\"translation-block\">Drahtlose Steuerung (Bluetooth, Wi-Fi).<\/li>\n<li class=\"translation-block\">Ein Solarmodul, das den Mechanismus automatisch aufl\u00e4dt und zus\u00e4tzliche Komponenten \u00fcberfl\u00fcssig macht.<\/li>\n<\/ul>\n<p>Zus\u00e4tzlich erh\u00f6ht das Rei\u00dfverschlusssystem in den F\u00fchrungen die Dichtigkeit und Widerstandsf\u00e4higkeit des Systems gegen \u00e4u\u00dfere Einfl\u00fcsse.<\/p>\n<p>&nbsp;<\/p>\n<h3>Drei Transparenzvarianten<\/h3>\n<p>&nbsp;<\/p>\n<p>Screen-Rolll\u00e4den sind in drei Transparenzvarianten erh\u00e4ltlich:<\/p>\n<ul data-spread=\"false\">\n<li class=\"translation-block\">Basis (1%, 3%, 5%, 10%) \u2013 sorgt f\u00fcr Sichtbarkeit und reduziert gleichzeitig die Lichteinstrahlung.<\/li>\n<li class=\"translation-block\">Lunar (0%) \u2013 garantiert eine vollst\u00e4ndige Verdunkelung der R\u00e4ume.<\/li>\n<li class=\"translation-block\">Solar (3%) \u2013 sch\u00fctzt vor Licht und erm\u00f6glicht die Ableitung von Feuchtigkeit.<\/li>\n<\/ul>\n<p>Die Varianten Lunar und Solar sind ideal f\u00fcr R\u00e4ume, die eine vollst\u00e4ndige Verdunkelung erfordern.<\/p>\n<p>&nbsp;<\/p>\n<h3>Einfache Wartung und Service<\/h3>\n<p>&nbsp;<\/p>\n<p>Screen-Rolll\u00e4den zeichnen sich durch einfache Montage, Demontage und Wartung aus. Zur Reinigung gen\u00fcgt eine weiche B\u00fcrste oder ein Schwamm sowie sauberes Wasser. Bei hartn\u00e4ckigen Flecken kann Seife ohne Duftstoffe verwendet werden, die in Wasser mit einer Temperatur von 20-40\u00b0C aufgel\u00f6st wird. Es wird empfohlen, den Stoff bei gespannter und vollst\u00e4ndig abgesenkter Position zu reinigen und anschlie\u00dfend an der frischen Luft trocknen zu lassen.<\/p>\n<p>&nbsp;<\/p>\n<h3>Eine reiche Farbpalette<\/h3>\n<p>&nbsp;<\/p>\n<p>Das Rollladenmaterial, die K\u00e4sten und die F\u00fchrungen sind in einer breiten Palette von RAL-Farben erh\u00e4ltlich, was eine perfekte Anpassung an die Fassade des Geb\u00e4udes erm\u00f6glicht. Dar\u00fcber hinaus ist es m\u00f6glich, unterschiedliche Stofffarben auf beiden Seiten des Rollladens zu w\u00e4hlen.<\/p>\n<h4>Zusammenfassend sind Screen-Rolll\u00e4den eine funktionale und \u00e4sthetische L\u00f6sung, die nicht nur Innenr\u00e4ume vor \u00fcberm\u00e4\u00dfigem Licht und W\u00e4rme sch\u00fctzt, sondern auch den Nutzungskomfort von Geb\u00e4uden erh\u00f6ht. Kontaktieren Sie uns gerne, um das beste System f\u00fcr Ihr Zuhause oder B\u00fcro auszuw\u00e4hlen!<\/h4>\n<p><strong>SEHEN SIE AUCH:<\/strong><\/p>\n<p>&nbsp;<\/p>\n<p><a href=\"https:\/\/bertrand.pl\/de\/produkt\/verdeckte-rollos-systeme-sp-und-sp-e\/\">Unterputz-Rollos \u2013 Systeme SP und SP-E \u2013 Bertrand.pl<\/a><\/p>\n<p><a href=\"https:\/\/www.youtube.com\/watch?v=EgW3vu6V69U\">Modernes Haus am Teich \u2013 Bertrand entwirft \u2013 YouTube<\/a><\/p>","protected":false},"excerpt":{"rendered":"<p>Eine funktionale und \u00e4sthetische L\u00f6sung, die \u00fcberm\u00e4\u00dfige Lichteinstrahlung und Aufheizung der R\u00e4ume verhindert. Erh\u00e4ltlich in mehreren Varianten der Montage, Bedienung, Materialtransparenz und Farbe nach individuellen Vorlieben.<\/p>","protected":false},"featured_media":3284,"template":"","meta":{"site-sidebar-layout":"default","site-content-layout":"","ast-site-content-layout":"default","site-content-style":"default","site-sidebar-style":"default","ast-global-header-display":"","ast-banner-title-visibility":"","ast-main-header-display":"","ast-hfb-above-header-display":"","ast-hfb-below-header-display":"","ast-hfb-mobile-header-display":"","site-post-title":"","ast-breadcrumbs-content":"","ast-featured-img":"","footer-sml-layout":"","ast-disable-related-posts":"","theme-transparent-header-meta":"default","adv-header-id-meta":"","stick-header-meta":"","header-above-stick-meta":"","header-main-stick-meta":"","header-below-stick-meta":"","astra-migrate-meta-layouts":"set","ast-page-background-enabled":"default","ast-page-background-meta":{"desktop":{"background-color":"var(--ast-global-color-4)","background-image":"","background-repeat":"repeat","background-position":"center center","background-size":"auto","background-attachment":"scroll","background-type":"","background-media":"","overlay-type":"","overlay-color":"","overlay-opacity":"","overlay-gradient":""},"tablet":{"background-color":"","background-image":"","background-repeat":"repeat","background-position":"center center","background-size":"auto","background-attachment":"scroll","background-type":"","background-media":"","overlay-type":"","overlay-color":"","overlay-opacity":"","overlay-gradient":""},"mobile":{"background-color":"","background-image":"","background-repeat":"repeat","background-position":"center center","background-size":"auto","background-attachment":"scroll","background-type":"","background-media":"","overlay-type":"","overlay-color":"","overlay-opacity":"","overlay-gradient":""}},"ast-content-background-meta":{"desktop":{"background-color":"var(--ast-global-color-5)","background-image":"","background-repeat":"repeat","background-position":"center center","background-size":"auto","background-attachment":"scroll","background-type":"","background-media":"","overlay-type":"","overlay-color":"","overlay-opacity":"","overlay-gradient":""},"tablet":{"background-color":"var(--ast-global-color-5)","background-image":"","background-repeat":"repeat","background-position":"center center","background-size":"auto","background-attachment":"scroll","background-type":"","background-media":"","overlay-type":"","overlay-color":"","overlay-opacity":"","overlay-gradient":""},"mobile":{"background-color":"var(--ast-global-color-5)","background-image":"","background-repeat":"repeat","background-position":"center center","background-size":"auto","background-attachment":"scroll","background-type":"","background-media":"","overlay-type":"","overlay-color":"","overlay-opacity":"","overlay-gradient":""}}},"product_brand":[],"product_cat":[21],"product_tag":[168,1297,661,662,737,1290,1306,1305,1293,1283,1310,1282,1309,1301,1304,1292,742,1299,1303,1294,1287,169,1284,1285,1302,170,173,171,172,1308,1289,1288,1291,1296,1295,390,1307,1298,1286,1300],"class_list":{"0":"post-3281","1":"product","2":"type-product","3":"status-publish","4":"has-post-thumbnail","6":"product_cat-rolety-zewnetrzne","7":"product_tag-bertrand","8":"product_tag-bluetooth","9":"product_tag-estetyka","10":"product_tag-funkcjonalnosc","11":"product_tag-komfort-uzytkowania","12":"product_tag-kwadratowe-skrzynki","13":"product_tag-latwa-konserwacja","14":"product_tag-latwy-montaz","15":"product_tag-maksymalne-wymiary-rolet","16":"product_tag-obnizenie-temperatury","17":"product_tag-ochrona-przed-cieplem","18":"product_tag-ochrona-przed-naswietlaniem","19":"product_tag-ochrona-przed-swiatlem","20":"product_tag-odpornosc-na-czynniki-zewnetrzne","21":"product_tag-odprowadzanie-wilgoci","22":"product_tag-owalne-skrzynki","23":"product_tag-paleta-ral","24":"product_tag-panel-sloneczny","25":"product_tag-pelne-zaciemnienie","26":"product_tag-podzial-rolet","27":"product_tag-powloka-pvc","28":"product_tag-produkt","29":"product_tag-promienie-sloneczne","30":"product_tag-promienie-uv","31":"product_tag-przeziernosc","32":"product_tag-rolety","33":"product_tag-rolety-bertrand","34":"product_tag-rolety-screen","35":"product_tag-rolety-zewnetrzne","36":"product_tag-rozne-kolory-tkaniny","37":"product_tag-skrzynki-adaptacyjne","38":"product_tag-skrzynki-podtynkowe","39":"product_tag-skrzynki-z-gietym-czolem","40":"product_tag-sterowanie-bezprzewodowe","41":"product_tag-sterowanie-przyciskiem","42":"product_tag-szczelnosc","43":"product_tag-szeroka-gama-kolorow","44":"product_tag-wi-fi","45":"product_tag-wlokno-szklane","46":"product_tag-zamek-blyskawiczny","47":"desktop-align-left","48":"tablet-align-left","49":"mobile-align-left","51":"first","52":"instock","53":"shipping-taxable","54":"product-type-simple"},"yoast_head":"<!-- This site is optimized with the Yoast SEO Premium plugin v27.2 (Yoast SEO v27.2) - https:\/\/yoast.com\/product\/yoast-seo-premium-wordpress\/ -->\n<title>Rolety screen - Bertrand. Najwy\u017cszej jako\u015bci okna i drzwi. Certyfikowany producent od 1969 roku.<\/title>\n<meta name=\"description\" content=\"Rolety screen to funkcjonalne i estetyczne rozwi\u0105zanie, kt\u00f3re chroni wn\u0119trza przed nadmiernym \u015bwiat\u0142em i ciep\u0142em, podnosi te\u017c komfort u\u017cytkowania budynk\u00f3w.\" \/>\n<meta name=\"robots\" content=\"index, follow, max-snippet:-1, max-image-preview:large, max-video-preview:-1\" \/>\n<link rel=\"canonical\" href=\"https:\/\/bertrand.pl\/de\/produkt\/zip-screen\/\" \/>\n<meta property=\"og:locale\" content=\"de_DE\" \/>\n<meta property=\"og:type\" content=\"article\" \/>\n<meta property=\"og:title\" content=\"Rolety screen\" \/>\n<meta property=\"og:description\" content=\"Rolety screen to funkcjonalne i estetyczne rozwi\u0105zanie, kt\u00f3re chroni wn\u0119trza przed nadmiernym \u015bwiat\u0142em i ciep\u0142em, podnosi te\u017c komfort u\u017cytkowania budynk\u00f3w.\" \/>\n<meta property=\"og:url\" content=\"https:\/\/bertrand.pl\/de\/produkt\/zip-screen\/\" \/>\n<meta property=\"og:site_name\" content=\"Bertrand. Najwy\u017cszej jako\u015bci okna i drzwi. Certyfikowany producent od 1969 roku.\" \/>\n<meta property=\"article:publisher\" content=\"https:\/\/www.facebook.com\/bertrandpolska\/\" \/>\n<meta property=\"article:modified_time\" content=\"2024-12-13T13:35:16+00:00\" \/>\n<meta property=\"og:image\" content=\"https:\/\/bertrand.pl\/wp-content\/uploads\/2024\/02\/screeny.png\" \/>\n\t<meta property=\"og:image:width\" content=\"1181\" \/>\n\t<meta property=\"og:image:height\" content=\"1181\" \/>\n\t<meta property=\"og:image:type\" content=\"image\/png\" \/>\n<meta name=\"twitter:card\" content=\"summary_large_image\" \/>\n<meta name=\"twitter:label1\" content=\"Gesch\u00e4tzte Lesezeit\" \/>\n\t<meta name=\"twitter:data1\" content=\"4\u00a0Minuten\" \/>\n<script type=\"application\/ld+json\" class=\"yoast-schema-graph\">{\"@context\":\"https:\/\/schema.org\",\"@graph\":[{\"@type\":\"WebPage\",\"@id\":\"https:\/\/bertrand.pl\/produkt\/rolety-screen\/\",\"url\":\"https:\/\/bertrand.pl\/produkt\/rolety-screen\/\",\"name\":\"Rolety screen - Bertrand. Najwy\u017cszej jako\u015bci okna i drzwi. Certyfikowany producent od 1969 roku.\",\"isPartOf\":{\"@id\":\"https:\/\/bertrand.pl\/#website\"},\"primaryImageOfPage\":{\"@id\":\"https:\/\/bertrand.pl\/produkt\/rolety-screen\/#primaryimage\"},\"image\":{\"@id\":\"https:\/\/bertrand.pl\/produkt\/rolety-screen\/#primaryimage\"},\"thumbnailUrl\":\"https:\/\/bertrand.pl\/wp-content\/uploads\/2024\/02\/screeny.png\",\"datePublished\":\"2024-02-20T09:51:29+00:00\",\"dateModified\":\"2024-12-13T13:35:16+00:00\",\"description\":\"Rolety screen to funkcjonalne i estetyczne rozwi\u0105zanie, kt\u00f3re chroni wn\u0119trza przed nadmiernym \u015bwiat\u0142em i ciep\u0142em, podnosi te\u017c komfort u\u017cytkowania budynk\u00f3w.\",\"breadcrumb\":{\"@id\":\"https:\/\/bertrand.pl\/produkt\/rolety-screen\/#breadcrumb\"},\"inLanguage\":\"de\",\"potentialAction\":[{\"@type\":\"ReadAction\",\"target\":[\"https:\/\/bertrand.pl\/produkt\/rolety-screen\/\"]}]},{\"@type\":\"ImageObject\",\"inLanguage\":\"de\",\"@id\":\"https:\/\/bertrand.pl\/produkt\/rolety-screen\/#primaryimage\",\"url\":\"https:\/\/bertrand.pl\/wp-content\/uploads\/2024\/02\/screeny.png\",\"contentUrl\":\"https:\/\/bertrand.pl\/wp-content\/uploads\/2024\/02\/screeny.png\",\"width\":1181,\"height\":1181,\"caption\":\"Rolety screen\"},{\"@type\":\"BreadcrumbList\",\"@id\":\"https:\/\/bertrand.pl\/produkt\/rolety-screen\/#breadcrumb\",\"itemListElement\":[{\"@type\":\"ListItem\",\"position\":1,\"name\":\"Strona g\u0142\u00f3wna\",\"item\":\"https:\/\/bertrand.pl\/\"},{\"@type\":\"ListItem\",\"position\":2,\"name\":\"Produits\",\"item\":\"https:\/\/bertrand.pl\/fr\/shop\/\"},{\"@type\":\"ListItem\",\"position\":3,\"name\":\"Rolety screen\"}]},{\"@type\":\"WebSite\",\"@id\":\"https:\/\/bertrand.pl\/#website\",\"url\":\"https:\/\/bertrand.pl\/\",\"name\":\"Bertrand.pl\",\"description\":\"Firma Bertrand to certyfikowany i uznany producent najwy\u017cszej jako\u015bci okien z PVC, z drewna lub aluminium. Produkcja drzwi, rolet i bram gara\u017cowych.\",\"publisher\":{\"@id\":\"https:\/\/bertrand.pl\/#organization\"},\"potentialAction\":[{\"@type\":\"SearchAction\",\"target\":{\"@type\":\"EntryPoint\",\"urlTemplate\":\"https:\/\/bertrand.pl\/?s={search_term_string}\"},\"query-input\":{\"@type\":\"PropertyValueSpecification\",\"valueRequired\":true,\"valueName\":\"search_term_string\"}}],\"inLanguage\":\"de\"},{\"@type\":\"Organization\",\"@id\":\"https:\/\/bertrand.pl\/#organization\",\"name\":\"Bertrand.pl\",\"url\":\"https:\/\/bertrand.pl\/\",\"logo\":{\"@type\":\"ImageObject\",\"inLanguage\":\"de\",\"@id\":\"https:\/\/bertrand.pl\/#\/schema\/logo\/image\/\",\"url\":\"https:\/\/bertrand.pl\/wp-content\/uploads\/2024\/12\/logo_BB_TM_PL_black.png\",\"contentUrl\":\"https:\/\/bertrand.pl\/wp-content\/uploads\/2024\/12\/logo_BB_TM_PL_black.png\",\"width\":1831,\"height\":1831,\"caption\":\"Bertrand.pl\"},\"image\":{\"@id\":\"https:\/\/bertrand.pl\/#\/schema\/logo\/image\/\"},\"sameAs\":[\"https:\/\/www.facebook.com\/bertrandpolska\/\",\"https:\/\/www.instagram.com\/bertrand_okna_i_drzwi\/\",\"https:\/\/www.linkedin.com\/company\/bertrand\/\",\"https:\/\/www.tiktok.com\/@bertrand_okna_drzwi\"]}]}<\/script>\n<!-- \/ Yoast SEO Premium plugin. -->","yoast_head_json":{"title":"Rolety screen - Bertrand. Najwy\u017cszej jako\u015bci okna i drzwi. Certyfikowany producent od 1969 roku.","description":"Screen-Rollos sind eine funktionale und \u00e4sthetische L\u00f6sung, die Innenr\u00e4ume vor \u00fcberm\u00e4\u00dfigem Licht und Hitze sch\u00fctzt und den Nutzungskomfort in Geb\u00e4uden erh\u00f6ht.","robots":{"index":"index","follow":"follow","max-snippet":"max-snippet:-1","max-image-preview":"max-image-preview:large","max-video-preview":"max-video-preview:-1"},"canonical":"https:\/\/bertrand.pl\/de\/produkt\/zip-screen\/","og_locale":"de_DE","og_type":"article","og_title":"Rolety screen","og_description":"Rolety screen to funkcjonalne i estetyczne rozwi\u0105zanie, kt\u00f3re chroni wn\u0119trza przed nadmiernym \u015bwiat\u0142em i ciep\u0142em, podnosi te\u017c komfort u\u017cytkowania budynk\u00f3w.","og_url":"https:\/\/bertrand.pl\/de\/produkt\/zip-screen\/","og_site_name":"Bertrand. Najwy\u017cszej jako\u015bci okna i drzwi. Certyfikowany producent od 1969 roku.","article_publisher":"https:\/\/www.facebook.com\/bertrandpolska\/","article_modified_time":"2024-12-13T13:35:16+00:00","og_image":[{"width":1181,"height":1181,"url":"https:\/\/bertrand.pl\/wp-content\/uploads\/2024\/02\/screeny.png","type":"image\/png"}],"twitter_card":"summary_large_image","twitter_misc":{"Gesch\u00e4tzte Lesezeit":"4\u00a0Minuten"},"schema":{"@context":"https:\/\/schema.org","@graph":[{"@type":"WebPage","@id":"https:\/\/bertrand.pl\/produkt\/rolety-screen\/","url":"https:\/\/bertrand.pl\/produkt\/rolety-screen\/","name":"Rolety screen - Bertrand. Najwy\u017cszej jako\u015bci okna i drzwi. Certyfikowany producent od 1969 roku.","isPartOf":{"@id":"https:\/\/bertrand.pl\/#website"},"primaryImageOfPage":{"@id":"https:\/\/bertrand.pl\/produkt\/rolety-screen\/#primaryimage"},"image":{"@id":"https:\/\/bertrand.pl\/produkt\/rolety-screen\/#primaryimage"},"thumbnailUrl":"https:\/\/bertrand.pl\/wp-content\/uploads\/2024\/02\/screeny.png","datePublished":"2024-02-20T09:51:29+00:00","dateModified":"2024-12-13T13:35:16+00:00","description":"Screen-Rollos sind eine funktionale und \u00e4sthetische L\u00f6sung, die Innenr\u00e4ume vor \u00fcberm\u00e4\u00dfigem Licht und Hitze sch\u00fctzt und den Nutzungskomfort in Geb\u00e4uden erh\u00f6ht.","breadcrumb":{"@id":"https:\/\/bertrand.pl\/produkt\/rolety-screen\/#breadcrumb"},"inLanguage":"de","potentialAction":[{"@type":"ReadAction","target":["https:\/\/bertrand.pl\/produkt\/rolety-screen\/"]}]},{"@type":"ImageObject","inLanguage":"de","@id":"https:\/\/bertrand.pl\/produkt\/rolety-screen\/#primaryimage","url":"https:\/\/bertrand.pl\/wp-content\/uploads\/2024\/02\/screeny.png","contentUrl":"https:\/\/bertrand.pl\/wp-content\/uploads\/2024\/02\/screeny.png","width":1181,"height":1181,"caption":"Rolety screen"},{"@type":"BreadcrumbList","@id":"https:\/\/bertrand.pl\/produkt\/rolety-screen\/#breadcrumb","itemListElement":[{"@type":"ListItem","position":1,"name":"Strona g\u0142\u00f3wna","item":"https:\/\/bertrand.pl\/"},{"@type":"ListItem","position":2,"name":"Produits","item":"https:\/\/bertrand.pl\/fr\/shop\/"},{"@type":"ListItem","position":3,"name":"Rolety screen"}]},{"@type":"WebSite","@id":"https:\/\/bertrand.pl\/#website","url":"https:\/\/bertrand.pl\/","name":"Bertrand.pl","description":"Firma Bertrand to certyfikowany i uznany producent najwy\u017cszej jako\u015bci okien z PVC, z drewna lub aluminium. Produkcja drzwi, rolet i bram gara\u017cowych.","publisher":{"@id":"https:\/\/bertrand.pl\/#organization"},"potentialAction":[{"@type":"SearchAction","target":{"@type":"EntryPoint","urlTemplate":"https:\/\/bertrand.pl\/?s={search_term_string}"},"query-input":{"@type":"PropertyValueSpecification","valueRequired":true,"valueName":"search_term_string"}}],"inLanguage":"de"},{"@type":"Organization","@id":"https:\/\/bertrand.pl\/#organization","name":"Bertrand.pl","url":"https:\/\/bertrand.pl\/","logo":{"@type":"ImageObject","inLanguage":"de","@id":"https:\/\/bertrand.pl\/#\/schema\/logo\/image\/","url":"https:\/\/bertrand.pl\/wp-content\/uploads\/2024\/12\/logo_BB_TM_PL_black.png","contentUrl":"https:\/\/bertrand.pl\/wp-content\/uploads\/2024\/12\/logo_BB_TM_PL_black.png","width":1831,"height":1831,"caption":"Bertrand.pl"},"image":{"@id":"https:\/\/bertrand.pl\/#\/schema\/logo\/image\/"},"sameAs":["https:\/\/www.facebook.com\/bertrandpolska\/","https:\/\/www.instagram.com\/bertrand_okna_i_drzwi\/","https:\/\/www.linkedin.com\/company\/bertrand\/","https:\/\/www.tiktok.com\/@bertrand_okna_drzwi"]}]}},"_links":{"self":[{"href":"https:\/\/bertrand.pl\/de\/wp-json\/wp\/v2\/product\/3281","targetHints":{"allow":["GET"]}}],"collection":[{"href":"https:\/\/bertrand.pl\/de\/wp-json\/wp\/v2\/product"}],"about":[{"href":"https:\/\/bertrand.pl\/de\/wp-json\/wp\/v2\/types\/product"}],"wp:featuredmedia":[{"embeddable":true,"href":"https:\/\/bertrand.pl\/de\/wp-json\/wp\/v2\/media\/3284"}],"wp:attachment":[{"href":"https:\/\/bertrand.pl\/de\/wp-json\/wp\/v2\/media?parent=3281"}],"wp:term":[{"taxonomy":"product_brand","embeddable":true,"href":"https:\/\/bertrand.pl\/de\/wp-json\/wp\/v2\/product_brand?post=3281"},{"taxonomy":"product_cat","embeddable":true,"href":"https:\/\/bertrand.pl\/de\/wp-json\/wp\/v2\/product_cat?post=3281"},{"taxonomy":"product_tag","embeddable":true,"href":"https:\/\/bertrand.pl\/de\/wp-json\/wp\/v2\/product_tag?post=3281"}],"curies":[{"name":"wp","href":"https:\/\/api.w.org\/{rel}","templated":true}]}}