{"id":3407,"date":"2025-08-06T11:21:25","date_gmt":"2025-08-06T09:21:25","guid":{"rendered":"https:\/\/bertrand.pl\/?post_type=product&#038;p=3407"},"modified":"2025-08-06T11:57:43","modified_gmt":"2025-08-06T09:57:43","slug":"mb-79n-uns","status":"publish","type":"product","link":"https:\/\/bertrand.pl\/de\/produkt\/mb-79n-us\/","title":{"rendered":"MB 79N US (versteckter Fl\u00fcgel)"},"content":{"rendered":"<h4><strong>System MB 79N US \u2013 moderne Fenster mit verdecktem Fl\u00fcgel f\u00fcr eine stimmige Fassade<\/strong><\/h4>\n<p>&nbsp;<\/p>\n<p>Dies ist eine fortschrittliche L\u00f6sung, die Funktionalit\u00e4t, \u00c4sthetik und moderne Technologien vereint. Dank der M\u00f6glichkeit, die Fl\u00fcgel zu verstecken, bieten diese Fenster von au\u00dfen eine einheitliche Glasfl\u00e4che. Dar\u00fcber hinaus wurde die Struktur so konzipiert, dass eine optische Unterscheidung zwischen festen und zu \u00f6ffnenden Fenstern nicht m\u00f6glich ist. Dadurch erh\u00e4lt die Fassade ein stimmiges und elegantes Erscheinungsbild.<\/p>\n<p>&nbsp;<\/p>\n<p><img fetchpriority=\"high\" decoding=\"async\" class=\"wp-image-3408\" src=\"https:\/\/bertrand.pl\/wp-content\/uploads\/2024\/03\/rysunek_MB-79N_US_SI_2_kopia-291x420.jpg\" alt=\"MB 79N US ist eine L\u00f6sung, die innovative Technologien, elegantes Design und h\u00f6chste Funktionalit\u00e4t vereint.\" width=\"266\" height=\"384\" srcset=\"https:\/\/bertrand.pl\/wp-content\/uploads\/2024\/03\/rysunek_MB-79N_US_SI_2_kopia-291x420.jpg 291w, https:\/\/bertrand.pl\/wp-content\/uploads\/2024\/03\/rysunek_MB-79N_US_SI_2_kopia-8x12.jpg 8w, https:\/\/bertrand.pl\/wp-content\/uploads\/2024\/03\/rysunek_MB-79N_US_SI_2_kopia.jpg 371w\" sizes=\"(max-width: 266px) 100vw, 266px\" \/><\/p>\n<h4><strong>Najwa\u017cniejsze cechy systemu:<\/strong><\/h4>\n<p>&nbsp;<\/p>\n<h4><strong>1. Einheitliche Fassadengestaltung<\/strong><\/h4>\n<ul>\n<li>Die Glasfl\u00e4chen bei Fest- und Ausstellfenstern liegen auf einer Ebene, was f\u00fcr ein harmonisches Erscheinungsbild der Fassade sorgt.<\/li>\n<li>Dar\u00fcber hinaus kann der Benutzer zwischen zwei Rabattvarianten w\u00e4hlen:\n<ul>\n<li><strong>T\u00fcrrahmen Typ A<\/strong>, das den Fl\u00fcgel teilweise bedeckt,<\/li>\n<li>oder <strong>T\u00fcrrahmen Typ B<\/strong>, das den Fl\u00fcgel vollst\u00e4ndig verbirgt und so das Aussehen feststehender Fenster imitiert.<\/li>\n<\/ul>\n<\/li>\n<\/ul>\n<h4><strong>2. Vielseitigkeit der Anwendungen<\/strong><\/h4>\n<ul>\n<li>Das MB 79N US-System erm\u00f6glicht die Verwendung spezieller adaptiver Profile, die die Verwendung von Elementen aus dem Basissystem MB79N erm\u00f6glichen.<\/li>\n<li>So k\u00f6nnen sowohl gro\u00dfe als auch schwere Fenster realisiert werden, wodurch sich dieses System ideal f\u00fcr Wohn-, B\u00fcro- und Gewerbebauten eignet.<\/li>\n<\/ul>\n<h4><strong>3. Au\u00dfergew\u00f6hnliche technische Parameter<\/strong><\/h4>\n<ul>\n<li><strong>W\u00e4rmed\u00e4mmung<\/strong>: Das System erf\u00fcllt strenge Energieeffizienzanforderungen, was zur Reduzierung der Betriebskosten beitr\u00e4gt.<\/li>\n<li><strong>Akustische Isolierung<\/strong>: Dank geeigneter Materialien bietet es eine hervorragende Schalld\u00e4mmung, was den Benutzerkomfort deutlich verbessert.<\/li>\n<li><strong>Witterungsbest\u00e4ndigkeit<\/strong>: So garantiert beispielsweise eine hohe Wasser- und Luftdichtheit Zuverl\u00e4ssigkeit auch bei extremen Wetterbedingungen.<\/li>\n<\/ul>\n<h4><\/h4>\n<h4><strong>Warum lohnt es sich, dieses System zu w\u00e4hlen?<\/strong><\/h4>\n<p>&nbsp;<\/p>\n<ol>\n<li><strong>Harmonisches Design<\/strong> \u2013 Verdeckter Fl\u00fcgel und einheitliche Glasoberfl\u00e4che sorgen f\u00fcr ein minimalistisches, modernes Erscheinungsbild der Fassade.<\/li>\n<li><strong>Designflexibilit\u00e4t<\/strong> \u2013 Das System bietet Ihnen die M\u00f6glichkeit, zwischen zwei Falzvarianten zu w\u00e4hlen, was Ihnen mehr Gestaltungsm\u00f6glichkeiten bietet.<\/li>\n<li><strong>Energie sparen<\/strong> \u2013 Eine hohe W\u00e4rmed\u00e4mmung unterst\u00fctzt die Energieeinsparung, was f\u00fcr den Umweltschutz wichtig ist.<\/li>\n<li><strong>Akustischer Komfort<\/strong> \u2013 Das System reduziert effektiv Ger\u00e4usche, was den Innenraum beispielsweise in lauten Umgebungen komfortabler macht.<\/li>\n<li><strong>Haltbarkeit und Zuverl\u00e4ssigkeit<\/strong> \u2013 Dank hervorragender Wasser- und Luftdichtheit garantiert das System Langlebigkeit, auch unter schwierigen klimatischen Bedingungen.<\/li>\n<\/ol>\n<h3><\/h3>\n<p><b>Dieses System <\/b>ist eine L\u00f6sung f\u00fcr modernes Bauen, die innovative Technologien, elegantes Design und h\u00f6chste Funktionalit\u00e4t vereint. Dank des versteckten Fl\u00fcgels und der einheitlichen Fassaden erf\u00fcllt dieses System nicht nur \u00e4sthetische Erwartungen, sondern bietet auch hervorragende technische Parameter. Dar\u00fcber hinaus erm\u00f6glicht seine Designflexibilit\u00e4t eine Anpassung an die unterschiedlichen Bed\u00fcrfnisse der Anleger.<\/p>\n<p>&nbsp;<\/p>\n<p><strong>Entscheiden Sie sich f\u00fcr MB 79N US \u2013 ein System, das \u00c4sthetik, Langlebigkeit und Modernit\u00e4t in perfekter Harmonie vereint!<\/strong><\/p>\n<p>&nbsp;<\/p>\n<p><img decoding=\"async\" class=\"wp-image-3411\" src=\"https:\/\/bertrand.pl\/wp-content\/uploads\/2024\/03\/rysunek_MB-79N_US_E_kopia-420x406.jpg\" alt=\"Beim MB79 US-System k\u00f6nnen Sie zwischen zwei Falzvarianten w\u00e4hlen, was Ihnen gr\u00f6\u00dfere Gestaltungsm\u00f6glichkeiten er\u00f6ffnet. Es steht f\u00fcr elegantes Design und h\u00f6chste Funktionalit\u00e4t. \" width=\"288\" height=\"278\" srcset=\"https:\/\/bertrand.pl\/wp-content\/uploads\/2024\/03\/rysunek_MB-79N_US_E_kopia-420x406.jpg 420w, https:\/\/bertrand.pl\/wp-content\/uploads\/2024\/03\/rysunek_MB-79N_US_E_kopia-12x12.jpg 12w, https:\/\/bertrand.pl\/wp-content\/uploads\/2024\/03\/rysunek_MB-79N_US_E_kopia-600x580.jpg 600w, https:\/\/bertrand.pl\/wp-content\/uploads\/2024\/03\/rysunek_MB-79N_US_E_kopia.jpg 604w\" sizes=\"(max-width: 288px) 100vw, 288px\" \/><\/p>\n<p><img decoding=\"async\" class=\"wp-image-3409\" src=\"https:\/\/bertrand.pl\/wp-content\/uploads\/2024\/03\/rysunek_MB-79N_US_SI_kopia-420x406.jpg\" alt=\"Das MB 79N US-System verf\u00fcgt \u00fcber eine hohe W\u00e4rmed\u00e4mmung, was die f\u00fcr den Umweltschutz wichtige Energieeinsparung unterst\u00fctzt.\" width=\"293\" height=\"283\" srcset=\"https:\/\/bertrand.pl\/wp-content\/uploads\/2024\/03\/rysunek_MB-79N_US_SI_kopia-420x406.jpg 420w, https:\/\/bertrand.pl\/wp-content\/uploads\/2024\/03\/rysunek_MB-79N_US_SI_kopia-12x12.jpg 12w, https:\/\/bertrand.pl\/wp-content\/uploads\/2024\/03\/rysunek_MB-79N_US_SI_kopia-600x580.jpg 600w, https:\/\/bertrand.pl\/wp-content\/uploads\/2024\/03\/rysunek_MB-79N_US_SI_kopia.jpg 604w\" sizes=\"(max-width: 293px) 100vw, 293px\" \/><\/p>\n<p><img loading=\"lazy\" decoding=\"async\" class=\"wp-image-3410\" src=\"https:\/\/bertrand.pl\/wp-content\/uploads\/2024\/03\/rysunek_MB-79N_US_ST_kopia-420x406.jpg\" alt=\"Das MB 79N US-System garantiert dank seiner hervorragenden Wasser- und Luftdichtheit eine lange Lebensdauer auch unter schwierigen klimatischen Bedingungen.\" width=\"288\" height=\"279\" srcset=\"https:\/\/bertrand.pl\/wp-content\/uploads\/2024\/03\/rysunek_MB-79N_US_ST_kopia-420x406.jpg 420w, https:\/\/bertrand.pl\/wp-content\/uploads\/2024\/03\/rysunek_MB-79N_US_ST_kopia-12x12.jpg 12w, https:\/\/bertrand.pl\/wp-content\/uploads\/2024\/03\/rysunek_MB-79N_US_ST_kopia-600x580.jpg 600w, https:\/\/bertrand.pl\/wp-content\/uploads\/2024\/03\/rysunek_MB-79N_US_ST_kopia.jpg 604w\" sizes=\"(max-width: 288px) 100vw, 288px\" \/><\/p>\n<p>&nbsp;<\/p>\n<h3><strong>SEHEN SIE AUCH:<\/strong><\/h3>\n<p>&nbsp;<\/p>\n<h4><strong><a href=\"https:\/\/bertrand.pl\/de\/farbe\/\">Farben von Fenstern und T\u00fcren<\/a><\/strong><\/h4>\n<h5><a href=\"https:\/\/www.youtube.com\/watch?v=vzA4OHyNgz8&amp;t=3s\">Fenster MB79N mit Infratherm-Technologie von Bertrand \u2013 YouTube<\/a><\/h5>\n<h4><\/h4>","protected":false},"excerpt":{"rendered":"<p><strong>Modernes System mit verdecktem Fl\u00fcgel<\/strong><\/p>\n<p>System <strong>MB79N USA<\/strong> ist eine wirtschaftliche und funktionale L\u00f6sung, die dank unsichtbarer Fensterfl\u00fcgel und der M\u00f6glichkeit der Verwendung verschiedener Falzarten ein einheitliches Erscheinungsbild der Fassade erm\u00f6glicht. Bietet eine hohe thermische und akustische Isolierung und Dichtheit.<\/p>","protected":false},"featured_media":3413,"template":"","meta":{"site-sidebar-layout":"default","site-content-layout":"","ast-site-content-layout":"default","site-content-style":"default","site-sidebar-style":"default","ast-global-header-display":"","ast-banner-title-visibility":"","ast-main-header-display":"","ast-hfb-above-header-display":"","ast-hfb-below-header-display":"","ast-hfb-mobile-header-display":"","site-post-title":"","ast-breadcrumbs-content":"","ast-featured-img":"","footer-sml-layout":"","ast-disable-related-posts":"","theme-transparent-header-meta":"default","adv-header-id-meta":"","stick-header-meta":"","header-above-stick-meta":"","header-main-stick-meta":"","header-below-stick-meta":"","astra-migrate-meta-layouts":"set","ast-page-background-enabled":"default","ast-page-background-meta":{"desktop":{"background-color":"var(--ast-global-color-4)","background-image":"","background-repeat":"repeat","background-position":"center center","background-size":"auto","background-attachment":"scroll","background-type":"","background-media":"","overlay-type":"","overlay-color":"","overlay-opacity":"","overlay-gradient":""},"tablet":{"background-color":"","background-image":"","background-repeat":"repeat","background-position":"center center","background-size":"auto","background-attachment":"scroll","background-type":"","background-media":"","overlay-type":"","overlay-color":"","overlay-opacity":"","overlay-gradient":""},"mobile":{"background-color":"","background-image":"","background-repeat":"repeat","background-position":"center center","background-size":"auto","background-attachment":"scroll","background-type":"","background-media":"","overlay-type":"","overlay-color":"","overlay-opacity":"","overlay-gradient":""}},"ast-content-background-meta":{"desktop":{"background-color":"var(--ast-global-color-5)","background-image":"","background-repeat":"repeat","background-position":"center center","background-size":"auto","background-attachment":"scroll","background-type":"","background-media":"","overlay-type":"","overlay-color":"","overlay-opacity":"","overlay-gradient":""},"tablet":{"background-color":"var(--ast-global-color-5)","background-image":"","background-repeat":"repeat","background-position":"center center","background-size":"auto","background-attachment":"scroll","background-type":"","background-media":"","overlay-type":"","overlay-color":"","overlay-opacity":"","overlay-gradient":""},"mobile":{"background-color":"var(--ast-global-color-5)","background-image":"","background-repeat":"repeat","background-position":"center center","background-size":"auto","background-attachment":"scroll","background-type":"","background-media":"","overlay-type":"","overlay-color":"","overlay-opacity":"","overlay-gradient":""}}},"product_brand":[],"product_cat":[28],"product_tag":[193,168,195,1263,1255,389,1252,737,1249,1233,1256,1262,194,1261,1260,169,1253,1254,1250,1259,1258,1251,1257],"class_list":{"0":"post-3407","1":"product","2":"type-product","3":"status-publish","4":"has-post-thumbnail","6":"product_cat-okna-aluminiowe","7":"product_tag-aluminium","8":"product_tag-bertrand","9":"product_tag-drzwi-aluminiowe","10":"product_tag-duze-okna-aluminiowe","11":"product_tag-estetyczne-okna","12":"product_tag-izolacja-akustyczna","13":"product_tag-jednolita-elewacja","14":"product_tag-komfort-uzytkowania","15":"product_tag-mb79n-us","16":"product_tag-minimalistyczne-okna","17":"product_tag-nowoczesna-elewacja","18":"product_tag-nowoczesne-budownictwo","19":"product_tag-okna-aluminiowe","20":"product_tag-okna-z-systemem-mb79n","21":"product_tag-oszczedzanie-energii","22":"product_tag-produkt","23":"product_tag-przylga-typu-a","24":"product_tag-przylga-typu-b","25":"product_tag-system-okien-z-ukrytym-skrzydlem","26":"product_tag-szczelnosc-na-powietrze","27":"product_tag-szczelnosc-na-wode","28":"product_tag-ukryte-skrzydlo","29":"product_tag-wysoka-izolacja-termiczna","30":"desktop-align-left","31":"tablet-align-left","32":"mobile-align-left","34":"first","35":"instock","36":"shipping-taxable","37":"product-type-simple"},"yoast_head":"<!-- This site is optimized with the Yoast SEO Premium plugin v27.2 (Yoast SEO v27.2) - https:\/\/yoast.com\/product\/yoast-seo-premium-wordpress\/ -->\n<title>MB 79N US (Ukryte skrzyd\u0142o) - Bertrand. Najwy\u017cszej jako\u015bci okna i drzwi. Certyfikowany producent od 1969 roku.<\/title>\n<meta name=\"description\" content=\"MB 79N US to rozwi\u0105zanie, kt\u00f3re \u0142\u0105czy w sobie elegancki design oraz najwy\u017csz\u0105 funkcjonalno\u015b\u0107. Gwarantuje niezawodno\u015b\u0107 w ka\u017cdych warunkach pogodowych.\" \/>\n<meta name=\"robots\" content=\"index, follow, max-snippet:-1, max-image-preview:large, max-video-preview:-1\" \/>\n<link rel=\"canonical\" href=\"https:\/\/bertrand.pl\/de\/produkt\/mb-79n-uns\/\" \/>\n<meta property=\"og:locale\" content=\"de_DE\" \/>\n<meta property=\"og:type\" content=\"article\" \/>\n<meta property=\"og:title\" content=\"MB 79N US (Ukryte skrzyd\u0142o)\" \/>\n<meta property=\"og:description\" content=\"MB 79N US to rozwi\u0105zanie, kt\u00f3re \u0142\u0105czy w sobie elegancki design oraz najwy\u017csz\u0105 funkcjonalno\u015b\u0107. Gwarantuje niezawodno\u015b\u0107 w ka\u017cdych warunkach pogodowych.\" \/>\n<meta property=\"og:url\" content=\"https:\/\/bertrand.pl\/de\/produkt\/mb-79n-uns\/\" \/>\n<meta property=\"og:site_name\" content=\"Bertrand. Najwy\u017cszej jako\u015bci okna i drzwi. Certyfikowany producent od 1969 roku.\" \/>\n<meta property=\"article:publisher\" content=\"https:\/\/www.facebook.com\/bertrandpolska\/\" \/>\n<meta property=\"article:modified_time\" content=\"2025-08-06T09:57:43+00:00\" \/>\n<meta property=\"og:image\" content=\"https:\/\/bertrand.pl\/wp-content\/uploads\/2024\/03\/mb-79n-us-238-pl-1.png\" \/>\n\t<meta property=\"og:image:width\" content=\"626\" \/>\n\t<meta property=\"og:image:height\" content=\"626\" \/>\n\t<meta property=\"og:image:type\" content=\"image\/png\" \/>\n<meta name=\"twitter:card\" content=\"summary_large_image\" \/>\n<meta name=\"twitter:label1\" content=\"Gesch\u00e4tzte Lesezeit\" \/>\n\t<meta name=\"twitter:data1\" content=\"4\u00a0Minuten\" \/>\n<script type=\"application\/ld+json\" class=\"yoast-schema-graph\">{\"@context\":\"https:\/\/schema.org\",\"@graph\":[{\"@type\":\"WebPage\",\"@id\":\"https:\/\/bertrand.pl\/produkt\/mb-79n-us\/\",\"url\":\"https:\/\/bertrand.pl\/produkt\/mb-79n-us\/\",\"name\":\"MB 79N US (Ukryte skrzyd\u0142o) - Bertrand. Najwy\u017cszej jako\u015bci okna i drzwi. Certyfikowany producent od 1969 roku.\",\"isPartOf\":{\"@id\":\"https:\/\/bertrand.pl\/#website\"},\"primaryImageOfPage\":{\"@id\":\"https:\/\/bertrand.pl\/produkt\/mb-79n-us\/#primaryimage\"},\"image\":{\"@id\":\"https:\/\/bertrand.pl\/produkt\/mb-79n-us\/#primaryimage\"},\"thumbnailUrl\":\"https:\/\/bertrand.pl\/wp-content\/uploads\/2024\/03\/mb-79n-us-238-pl-1.png\",\"datePublished\":\"2025-08-06T09:21:25+00:00\",\"dateModified\":\"2025-08-06T09:57:43+00:00\",\"description\":\"MB 79N US to rozwi\u0105zanie, kt\u00f3re \u0142\u0105czy w sobie elegancki design oraz najwy\u017csz\u0105 funkcjonalno\u015b\u0107. Gwarantuje niezawodno\u015b\u0107 w ka\u017cdych warunkach pogodowych.\",\"breadcrumb\":{\"@id\":\"https:\/\/bertrand.pl\/produkt\/mb-79n-us\/#breadcrumb\"},\"inLanguage\":\"de\",\"potentialAction\":[{\"@type\":\"ReadAction\",\"target\":[\"https:\/\/bertrand.pl\/produkt\/mb-79n-us\/\"]}]},{\"@type\":\"ImageObject\",\"inLanguage\":\"de\",\"@id\":\"https:\/\/bertrand.pl\/produkt\/mb-79n-us\/#primaryimage\",\"url\":\"https:\/\/bertrand.pl\/wp-content\/uploads\/2024\/03\/mb-79n-us-238-pl-1.png\",\"contentUrl\":\"https:\/\/bertrand.pl\/wp-content\/uploads\/2024\/03\/mb-79n-us-238-pl-1.png\",\"width\":626,\"height\":626},{\"@type\":\"BreadcrumbList\",\"@id\":\"https:\/\/bertrand.pl\/produkt\/mb-79n-us\/#breadcrumb\",\"itemListElement\":[{\"@type\":\"ListItem\",\"position\":1,\"name\":\"Strona g\u0142\u00f3wna\",\"item\":\"https:\/\/bertrand.pl\/\"},{\"@type\":\"ListItem\",\"position\":2,\"name\":\"Produits\",\"item\":\"https:\/\/bertrand.pl\/fr\/shop\/\"},{\"@type\":\"ListItem\",\"position\":3,\"name\":\"MB 79N US (Ukryte skrzyd\u0142o)\"}]},{\"@type\":\"WebSite\",\"@id\":\"https:\/\/bertrand.pl\/#website\",\"url\":\"https:\/\/bertrand.pl\/\",\"name\":\"Bertrand.pl\",\"description\":\"Firma Bertrand to certyfikowany i uznany producent najwy\u017cszej jako\u015bci okien z PVC, z drewna lub aluminium. Produkcja drzwi, rolet i bram gara\u017cowych.\",\"publisher\":{\"@id\":\"https:\/\/bertrand.pl\/#organization\"},\"potentialAction\":[{\"@type\":\"SearchAction\",\"target\":{\"@type\":\"EntryPoint\",\"urlTemplate\":\"https:\/\/bertrand.pl\/?s={search_term_string}\"},\"query-input\":{\"@type\":\"PropertyValueSpecification\",\"valueRequired\":true,\"valueName\":\"search_term_string\"}}],\"inLanguage\":\"de\"},{\"@type\":\"Organization\",\"@id\":\"https:\/\/bertrand.pl\/#organization\",\"name\":\"Bertrand.pl\",\"url\":\"https:\/\/bertrand.pl\/\",\"logo\":{\"@type\":\"ImageObject\",\"inLanguage\":\"de\",\"@id\":\"https:\/\/bertrand.pl\/#\/schema\/logo\/image\/\",\"url\":\"https:\/\/bertrand.pl\/wp-content\/uploads\/2024\/12\/logo_BB_TM_PL_black.png\",\"contentUrl\":\"https:\/\/bertrand.pl\/wp-content\/uploads\/2024\/12\/logo_BB_TM_PL_black.png\",\"width\":1831,\"height\":1831,\"caption\":\"Bertrand.pl\"},\"image\":{\"@id\":\"https:\/\/bertrand.pl\/#\/schema\/logo\/image\/\"},\"sameAs\":[\"https:\/\/www.facebook.com\/bertrandpolska\/\",\"https:\/\/www.instagram.com\/bertrand_okna_i_drzwi\/\",\"https:\/\/www.linkedin.com\/company\/bertrand\/\",\"https:\/\/www.tiktok.com\/@bertrand_okna_drzwi\"]}]}<\/script>\n<!-- \/ Yoast SEO Premium plugin. -->","yoast_head_json":{"title":"MB 79N US (Ukryte skrzyd\u0142o) - Bertrand. Najwy\u017cszej jako\u015bci okna i drzwi. Certyfikowany producent od 1969 roku.","description":"MB 79N US ist eine L\u00f6sung, die elegantes Design und h\u00f6chste Funktionalit\u00e4t vereint. Es garantiert Zuverl\u00e4ssigkeit bei allen Wetterbedingungen.","robots":{"index":"index","follow":"follow","max-snippet":"max-snippet:-1","max-image-preview":"max-image-preview:large","max-video-preview":"max-video-preview:-1"},"canonical":"https:\/\/bertrand.pl\/de\/produkt\/mb-79n-uns\/","og_locale":"de_DE","og_type":"article","og_title":"MB 79N US (Ukryte skrzyd\u0142o)","og_description":"MB 79N US to rozwi\u0105zanie, kt\u00f3re \u0142\u0105czy w sobie elegancki design oraz najwy\u017csz\u0105 funkcjonalno\u015b\u0107. Gwarantuje niezawodno\u015b\u0107 w ka\u017cdych warunkach pogodowych.","og_url":"https:\/\/bertrand.pl\/de\/produkt\/mb-79n-uns\/","og_site_name":"Bertrand. Najwy\u017cszej jako\u015bci okna i drzwi. Certyfikowany producent od 1969 roku.","article_publisher":"https:\/\/www.facebook.com\/bertrandpolska\/","article_modified_time":"2025-08-06T09:57:43+00:00","og_image":[{"width":626,"height":626,"url":"https:\/\/bertrand.pl\/wp-content\/uploads\/2024\/03\/mb-79n-us-238-pl-1.png","type":"image\/png"}],"twitter_card":"summary_large_image","twitter_misc":{"Gesch\u00e4tzte Lesezeit":"4\u00a0Minuten"},"schema":{"@context":"https:\/\/schema.org","@graph":[{"@type":"WebPage","@id":"https:\/\/bertrand.pl\/produkt\/mb-79n-us\/","url":"https:\/\/bertrand.pl\/produkt\/mb-79n-us\/","name":"MB 79N US (Ukryte skrzyd\u0142o) - Bertrand. Najwy\u017cszej jako\u015bci okna i drzwi. Certyfikowany producent od 1969 roku.","isPartOf":{"@id":"https:\/\/bertrand.pl\/#website"},"primaryImageOfPage":{"@id":"https:\/\/bertrand.pl\/produkt\/mb-79n-us\/#primaryimage"},"image":{"@id":"https:\/\/bertrand.pl\/produkt\/mb-79n-us\/#primaryimage"},"thumbnailUrl":"https:\/\/bertrand.pl\/wp-content\/uploads\/2024\/03\/mb-79n-us-238-pl-1.png","datePublished":"2025-08-06T09:21:25+00:00","dateModified":"2025-08-06T09:57:43+00:00","description":"MB 79N US ist eine L\u00f6sung, die elegantes Design und h\u00f6chste Funktionalit\u00e4t vereint. Es garantiert Zuverl\u00e4ssigkeit bei allen Wetterbedingungen.","breadcrumb":{"@id":"https:\/\/bertrand.pl\/produkt\/mb-79n-us\/#breadcrumb"},"inLanguage":"de","potentialAction":[{"@type":"ReadAction","target":["https:\/\/bertrand.pl\/produkt\/mb-79n-us\/"]}]},{"@type":"ImageObject","inLanguage":"de","@id":"https:\/\/bertrand.pl\/produkt\/mb-79n-us\/#primaryimage","url":"https:\/\/bertrand.pl\/wp-content\/uploads\/2024\/03\/mb-79n-us-238-pl-1.png","contentUrl":"https:\/\/bertrand.pl\/wp-content\/uploads\/2024\/03\/mb-79n-us-238-pl-1.png","width":626,"height":626},{"@type":"BreadcrumbList","@id":"https:\/\/bertrand.pl\/produkt\/mb-79n-us\/#breadcrumb","itemListElement":[{"@type":"ListItem","position":1,"name":"Strona g\u0142\u00f3wna","item":"https:\/\/bertrand.pl\/"},{"@type":"ListItem","position":2,"name":"Produits","item":"https:\/\/bertrand.pl\/fr\/shop\/"},{"@type":"ListItem","position":3,"name":"MB 79N US (Ukryte skrzyd\u0142o)"}]},{"@type":"WebSite","@id":"https:\/\/bertrand.pl\/#website","url":"https:\/\/bertrand.pl\/","name":"Bertrand.pl","description":"Firma Bertrand to certyfikowany i uznany producent najwy\u017cszej jako\u015bci okien z PVC, z drewna lub aluminium. Produkcja drzwi, rolet i bram gara\u017cowych.","publisher":{"@id":"https:\/\/bertrand.pl\/#organization"},"potentialAction":[{"@type":"SearchAction","target":{"@type":"EntryPoint","urlTemplate":"https:\/\/bertrand.pl\/?s={search_term_string}"},"query-input":{"@type":"PropertyValueSpecification","valueRequired":true,"valueName":"search_term_string"}}],"inLanguage":"de"},{"@type":"Organization","@id":"https:\/\/bertrand.pl\/#organization","name":"Bertrand.pl","url":"https:\/\/bertrand.pl\/","logo":{"@type":"ImageObject","inLanguage":"de","@id":"https:\/\/bertrand.pl\/#\/schema\/logo\/image\/","url":"https:\/\/bertrand.pl\/wp-content\/uploads\/2024\/12\/logo_BB_TM_PL_black.png","contentUrl":"https:\/\/bertrand.pl\/wp-content\/uploads\/2024\/12\/logo_BB_TM_PL_black.png","width":1831,"height":1831,"caption":"Bertrand.pl"},"image":{"@id":"https:\/\/bertrand.pl\/#\/schema\/logo\/image\/"},"sameAs":["https:\/\/www.facebook.com\/bertrandpolska\/","https:\/\/www.instagram.com\/bertrand_okna_i_drzwi\/","https:\/\/www.linkedin.com\/company\/bertrand\/","https:\/\/www.tiktok.com\/@bertrand_okna_drzwi"]}]}},"_links":{"self":[{"href":"https:\/\/bertrand.pl\/de\/wp-json\/wp\/v2\/product\/3407","targetHints":{"allow":["GET"]}}],"collection":[{"href":"https:\/\/bertrand.pl\/de\/wp-json\/wp\/v2\/product"}],"about":[{"href":"https:\/\/bertrand.pl\/de\/wp-json\/wp\/v2\/types\/product"}],"wp:featuredmedia":[{"embeddable":true,"href":"https:\/\/bertrand.pl\/de\/wp-json\/wp\/v2\/media\/3413"}],"wp:attachment":[{"href":"https:\/\/bertrand.pl\/de\/wp-json\/wp\/v2\/media?parent=3407"}],"wp:term":[{"taxonomy":"product_brand","embeddable":true,"href":"https:\/\/bertrand.pl\/de\/wp-json\/wp\/v2\/product_brand?post=3407"},{"taxonomy":"product_cat","embeddable":true,"href":"https:\/\/bertrand.pl\/de\/wp-json\/wp\/v2\/product_cat?post=3407"},{"taxonomy":"product_tag","embeddable":true,"href":"https:\/\/bertrand.pl\/de\/wp-json\/wp\/v2\/product_tag?post=3407"}],"curies":[{"name":"wp","href":"https:\/\/api.w.org\/{rel}","templated":true}]}}