{"id":4118,"date":"2024-07-03T12:31:31","date_gmt":"2024-07-03T10:31:31","guid":{"rendered":"https:\/\/bertrand.pl\/?post_type=product&#038;p=4118"},"modified":"2025-01-09T15:07:31","modified_gmt":"2025-01-09T14:07:31","slug":"turschlieser","status":"publish","type":"product","link":"https:\/\/bertrand.pl\/de\/produkt\/samozamykacze\/","title":{"rendered":"T\u00fcrschlie\u00dfer"},"content":{"rendered":"<p><strong>T\u00fcrschlie\u00dfer \u2013 Zuverl\u00e4ssigkeit, Komfort und Sicherheit<\/strong><\/p>\n<p>T\u00fcrschlie\u00dfer sind fortschrittliche Mechanismen, die ein automatisches und reibungsloses Schlie\u00dfen der T\u00fcren gew\u00e4hrleisten und gleichzeitig den Komfort und die Sicherheit in verschiedenen Geb\u00e4udetypen erh\u00f6hen. Dar\u00fcber hinaus finden sie dank ihrer Vielseitigkeit sowohl bei Innen- als auch bei Au\u00dfent\u00fcren Anwendung. Unsere T\u00fcrschlie\u00dfer eignen sich perfekt f\u00fcr Wohngeb\u00e4ude, Gewerbeimmobilien und \u00f6ffentliche Einrichtungen und bieten Zuverl\u00e4ssigkeit und Langlebigkeit.<\/p>\n<p>&nbsp;<\/p>\n<hr \/>\n<h3><\/h3>\n<h3><strong>Warum T\u00fcrschlie\u00dfer w\u00e4hlen?<\/strong><\/h3>\n<h4><\/h4>\n<h4><\/h4>\n<p>T\u00fcrschlie\u00dfer beseitigen die Notwendigkeit, T\u00fcren manuell zu schlie\u00dfen, was ihre Nutzung komfortabel und intuitiv macht. Sie sorgen f\u00fcr ein sanftes Schlie\u00dfen der T\u00fcren, verhindern ein Zuschlagen und erh\u00f6hen den Komfort der Nutzer.<\/p>\n<h4><\/h4>\n<p>In Geb\u00e4uden mit hohem Verkehrsaufkommen sorgen T\u00fcrschlie\u00dfer f\u00fcr eine effektive Zugangskontrolle. Dar\u00fcber hinaus unterst\u00fctzen sie die Funktion von Brandschutzsystemen, indem sie das automatische Schlie\u00dfen von Feuerschutzt\u00fcren erleichtern, was die Sicherheit im Gefahrenfall erh\u00f6ht.<\/p>\n<h4><\/h4>\n<p>Die von uns angebotenen T\u00fcrschlie\u00dfer sind aus hochwertigen Materialien gefertigt, was ihre Langlebigkeit und Widerstandsf\u00e4higkeit gegen\u00fcber intensiver Nutzung gew\u00e4hrleistet. Dar\u00fcber hinaus k\u00f6nnen sie in verschiedenen Geb\u00e4uden eingesetzt werden, von Wohnh\u00e4usern bis hin zu \u00f6ffentlichen Einrichtungen.<\/p>\n<p>&nbsp;<\/p>\n<hr \/>\n<h3><strong>Anwendungen von T\u00fcrschlie\u00dfern<\/strong><\/h3>\n<p>&nbsp;<\/p>\n<p>Dank ihrer Vielseitigkeit sind T\u00fcrschlie\u00dfer in vielen Arten von Geb\u00e4uden unverzichtbar:<\/p>\n<h4><\/h4>\n<p class=\"translation-block\"><strong>Wohngeb\u00e4ude:<\/strong> T\u00fcrschlie\u00dfer eignen sich hervorragend f\u00fcr Einfamilienh\u00e4user, Wohnblocks und Apartments. Sie bieten den Bewohnern mehr Komfort und Sicherheit, insbesondere in Gemeinschaftsbereichen wie Treppenh\u00e4usern.<\/p>\n<p class=\"translation-block\"><strong>Gewerbeobjekte:<\/strong> In B\u00fcros, Gesch\u00e4ften, Restaurants und Hotels unterst\u00fctzen T\u00fcrschlie\u00dfer eine reibungslose Organisation des Verkehrs, was den Komfort von Kunden und Mitarbeitern verbessert. Au\u00dferdem tragen sie zur \u00c4sthetik der R\u00e4ume bei, da die T\u00fcren stets in der richtigen Position bleiben.<\/p>\n<p class=\"translation-block\"><strong>\u00d6ffentliche Einrichtungen:<\/strong> Schulen, Beh\u00f6rden, Krankenh\u00e4user und andere stark frequentierte Bereiche ben\u00f6tigen Ger\u00e4te, die einen kontrollierten Zugang gew\u00e4hrleisten. T\u00fcrschlie\u00dfer tragen dazu bei, Ordnung und Sicherheit zu gew\u00e4hrleisten, was in solchen Einrichtungen besonders wichtig ist.<\/p>\n<hr \/>\n<p><img fetchpriority=\"high\" decoding=\"async\" title=\"T\u00fcrschlie\u00dfer \" src=\"https:\/\/bertrand.pl\/wp-content\/uploads\/2024\/07\/molle_aeree-scaled.jpg\" alt=\"T\u00fcrschlie\u00dfer sind eine Investition in die Sicherheit und den Komfort Ihres Zuhauses. \" width=\"773\" height=\"515\" \/><\/p>\n<p>&nbsp;<\/p>\n<h3><strong>Vorteile der Verwendung von T\u00fcrschlie\u00dfern<\/strong><\/h3>\n<p>&nbsp;<\/p>\n<ol>\n<li class=\"translation-block\"><strong>Energieeinsparung<\/strong> \u2013 T\u00fcrschlie\u00dfer verhindern, dass T\u00fcren offen bleiben, wodurch W\u00e4rmeverluste im Winter und K\u00fchlverluste im Sommer reduziert werden.<\/li>\n<li class=\"translation-block\"><strong>Schadensvermeidung<\/strong> \u2013 Sanftes Schlie\u00dfen verhindert ein Zuschlagen der T\u00fcren und sch\u00fctzt sowohl den Mechanismus als auch die T\u00fcrstruktur.<\/li>\n<li class=\"translation-block\"><strong>Einhaltung von Vorschriften<\/strong> \u2013 T\u00fcrschlie\u00dfer sind in Geb\u00e4uden h\u00e4ufig erforderlich, um den Brandschutz- und Sicherheitsnormen zu entsprechen.<\/li>\n<li class=\"translation-block\"><strong>Langlebige Haltbarkeit<\/strong> \u2013 Unsere T\u00fcrschlie\u00dfer sind widerstandsf\u00e4hig gegen intensive Nutzung und gew\u00e4hrleisten eine zuverl\u00e4ssige Funktion \u00fcber viele Jahre.<\/li>\n<\/ol>\n<p>&nbsp;<\/p>\n<p>&nbsp;<\/p>\n<p>SEHEN SIE AUCH:<\/p>\n<p>&nbsp;<\/p>\n<p><a href=\"https:\/\/bertrand.pl\/de\/garagentore\/\">Garagentore \u2013 Bertrand.pl<\/a><\/p>\n<p><a href=\"https:\/\/www.youtube.com\/watch?v=Rcez_9PYouk\">BERTRAND-Fenster mit Glas mit variabler Transparenz.<\/a><\/p>\n<p>&nbsp;<\/p>","protected":false},"excerpt":{"rendered":"<p>T\u00fcrschlie\u00dfer sind fortschrittliche Mechanismen, die ein automatisches und sanftes Schlie\u00dfen von T\u00fcren gew\u00e4hrleisten, was in verschiedenen Geb\u00e4udetypen zu Bedienkomfort und Sicherheit f\u00fchrt.<\/p>","protected":false},"featured_media":4772,"template":"","meta":{"site-sidebar-layout":"default","site-content-layout":"","ast-site-content-layout":"default","site-content-style":"default","site-sidebar-style":"default","ast-global-header-display":"","ast-banner-title-visibility":"","ast-main-header-display":"","ast-hfb-above-header-display":"","ast-hfb-below-header-display":"","ast-hfb-mobile-header-display":"","site-post-title":"","ast-breadcrumbs-content":"","ast-featured-img":"","footer-sml-layout":"","ast-disable-related-posts":"","theme-transparent-header-meta":"default","adv-header-id-meta":"","stick-header-meta":"","header-above-stick-meta":"","header-main-stick-meta":"","header-below-stick-meta":"","astra-migrate-meta-layouts":"set","ast-page-background-enabled":"default","ast-page-background-meta":{"desktop":{"background-color":"var(--ast-global-color-4)","background-image":"","background-repeat":"repeat","background-position":"center center","background-size":"auto","background-attachment":"scroll","background-type":"","background-media":"","overlay-type":"","overlay-color":"","overlay-opacity":"","overlay-gradient":""},"tablet":{"background-color":"","background-image":"","background-repeat":"repeat","background-position":"center center","background-size":"auto","background-attachment":"scroll","background-type":"","background-media":"","overlay-type":"","overlay-color":"","overlay-opacity":"","overlay-gradient":""},"mobile":{"background-color":"","background-image":"","background-repeat":"repeat","background-position":"center center","background-size":"auto","background-attachment":"scroll","background-type":"","background-media":"","overlay-type":"","overlay-color":"","overlay-opacity":"","overlay-gradient":""}},"ast-content-background-meta":{"desktop":{"background-color":"var(--ast-global-color-5)","background-image":"","background-repeat":"repeat","background-position":"center center","background-size":"auto","background-attachment":"scroll","background-type":"","background-media":"","overlay-type":"","overlay-color":"","overlay-opacity":"","overlay-gradient":""},"tablet":{"background-color":"var(--ast-global-color-5)","background-image":"","background-repeat":"repeat","background-position":"center center","background-size":"auto","background-attachment":"scroll","background-type":"","background-media":"","overlay-type":"","overlay-color":"","overlay-opacity":"","overlay-gradient":""},"mobile":{"background-color":"var(--ast-global-color-5)","background-image":"","background-repeat":"repeat","background-position":"center center","background-size":"auto","background-attachment":"scroll","background-type":"","background-media":"","overlay-type":"","overlay-color":"","overlay-opacity":"","overlay-gradient":""}}},"product_brand":[],"product_cat":[23],"product_tag":[501,168,360,500,175,503,502,174,498,497,499],"class_list":{"0":"post-4118","1":"product","2":"type-product","3":"status-publish","4":"has-post-thumbnail","6":"product_cat-akcesoria","7":"product_tag-automatyczne-drzwi","8":"product_tag-bertrand","9":"product_tag-bezpieczenstwo","10":"product_tag-bezpieczny-dom","11":"product_tag-drzwi","12":"product_tag-mechanizm","13":"product_tag-mechanizm-zamykajacy","14":"product_tag-okna","15":"product_tag-samozamykacze","16":"product_tag-zamykacze","17":"product_tag-zamykanie-drzwi","18":"desktop-align-left","19":"tablet-align-left","20":"mobile-align-left","22":"first","23":"instock","24":"shipping-taxable","25":"product-type-simple"},"yoast_head":"<!-- This site is optimized with the Yoast SEO Premium plugin v27.2 (Yoast SEO v27.2) - https:\/\/yoast.com\/product\/yoast-seo-premium-wordpress\/ -->\n<title>Samozamykacze do drzwi - Bertrand. Najwy\u017cszej jako\u015bci okna i drzwi. Certyfikowany producent od 1969 roku.<\/title>\n<meta name=\"description\" content=\"Samozamykacze zapewniaj\u0105 automatyczne i p\u0142ynne zamykanie drzwi. Innowacyjne rozwi\u0105zanie. To komfort i bezpiecze\u0144stwo w Twoim domu.\" \/>\n<meta name=\"robots\" content=\"index, follow, max-snippet:-1, max-image-preview:large, max-video-preview:-1\" \/>\n<link rel=\"canonical\" href=\"https:\/\/bertrand.pl\/de\/produkt\/turschlieser\/\" \/>\n<meta property=\"og:locale\" content=\"de_DE\" \/>\n<meta property=\"og:type\" content=\"article\" \/>\n<meta property=\"og:title\" content=\"Samozamykacze do drzwi\" \/>\n<meta property=\"og:description\" content=\"Samozamykacze zapewniaj\u0105 automatyczne i p\u0142ynne zamykanie drzwi. Innowacyjne rozwi\u0105zanie. To komfort i bezpiecze\u0144stwo w Twoim domu.\" \/>\n<meta property=\"og:url\" content=\"https:\/\/bertrand.pl\/de\/produkt\/turschlieser\/\" \/>\n<meta property=\"og:site_name\" content=\"Bertrand. Najwy\u017cszej jako\u015bci okna i drzwi. Certyfikowany producent od 1969 roku.\" \/>\n<meta property=\"article:publisher\" content=\"https:\/\/www.facebook.com\/bertrandpolska\/\" \/>\n<meta property=\"article:modified_time\" content=\"2025-01-09T14:07:31+00:00\" \/>\n<meta property=\"og:image\" content=\"https:\/\/bertrand.pl\/wp-content\/uploads\/2024\/07\/geze_ramieniowy.webp\" \/>\n\t<meta property=\"og:image:width\" content=\"1876\" \/>\n\t<meta property=\"og:image:height\" content=\"1876\" \/>\n\t<meta property=\"og:image:type\" content=\"image\/webp\" \/>\n<meta name=\"twitter:card\" content=\"summary_large_image\" \/>\n<meta name=\"twitter:label1\" content=\"Gesch\u00e4tzte Lesezeit\" \/>\n\t<meta name=\"twitter:data1\" content=\"3\u00a0Minuten\" \/>\n<script type=\"application\/ld+json\" class=\"yoast-schema-graph\">{\"@context\":\"https:\/\/schema.org\",\"@graph\":[{\"@type\":\"WebPage\",\"@id\":\"https:\/\/bertrand.pl\/produkt\/samozamykacze\/\",\"url\":\"https:\/\/bertrand.pl\/produkt\/samozamykacze\/\",\"name\":\"Samozamykacze do drzwi - Bertrand. Najwy\u017cszej jako\u015bci okna i drzwi. Certyfikowany producent od 1969 roku.\",\"isPartOf\":{\"@id\":\"https:\/\/bertrand.pl\/#website\"},\"primaryImageOfPage\":{\"@id\":\"https:\/\/bertrand.pl\/produkt\/samozamykacze\/#primaryimage\"},\"image\":{\"@id\":\"https:\/\/bertrand.pl\/produkt\/samozamykacze\/#primaryimage\"},\"thumbnailUrl\":\"https:\/\/bertrand.pl\/wp-content\/uploads\/2024\/07\/geze_ramieniowy.webp\",\"datePublished\":\"2024-07-03T10:31:31+00:00\",\"dateModified\":\"2025-01-09T14:07:31+00:00\",\"description\":\"Samozamykacze zapewniaj\u0105 automatyczne i p\u0142ynne zamykanie drzwi. Innowacyjne rozwi\u0105zanie. To komfort i bezpiecze\u0144stwo w Twoim domu.\",\"breadcrumb\":{\"@id\":\"https:\/\/bertrand.pl\/produkt\/samozamykacze\/#breadcrumb\"},\"inLanguage\":\"de\",\"potentialAction\":[{\"@type\":\"ReadAction\",\"target\":[\"https:\/\/bertrand.pl\/produkt\/samozamykacze\/\"]}]},{\"@type\":\"ImageObject\",\"inLanguage\":\"de\",\"@id\":\"https:\/\/bertrand.pl\/produkt\/samozamykacze\/#primaryimage\",\"url\":\"https:\/\/bertrand.pl\/wp-content\/uploads\/2024\/07\/geze_ramieniowy.webp\",\"contentUrl\":\"https:\/\/bertrand.pl\/wp-content\/uploads\/2024\/07\/geze_ramieniowy.webp\",\"width\":1876,\"height\":1876,\"caption\":\"Samozamykacze. Komfort i bezpiecze\u0144stwo w Twoim domu.\"},{\"@type\":\"BreadcrumbList\",\"@id\":\"https:\/\/bertrand.pl\/produkt\/samozamykacze\/#breadcrumb\",\"itemListElement\":[{\"@type\":\"ListItem\",\"position\":1,\"name\":\"Strona g\u0142\u00f3wna\",\"item\":\"https:\/\/bertrand.pl\/\"},{\"@type\":\"ListItem\",\"position\":2,\"name\":\"Produits\",\"item\":\"https:\/\/bertrand.pl\/fr\/shop\/\"},{\"@type\":\"ListItem\",\"position\":3,\"name\":\"Samozamykacze do drzwi\"}]},{\"@type\":\"WebSite\",\"@id\":\"https:\/\/bertrand.pl\/#website\",\"url\":\"https:\/\/bertrand.pl\/\",\"name\":\"Bertrand.pl\",\"description\":\"Firma Bertrand to certyfikowany i uznany producent najwy\u017cszej jako\u015bci okien z PVC, z drewna lub aluminium. Produkcja drzwi, rolet i bram gara\u017cowych.\",\"publisher\":{\"@id\":\"https:\/\/bertrand.pl\/#organization\"},\"potentialAction\":[{\"@type\":\"SearchAction\",\"target\":{\"@type\":\"EntryPoint\",\"urlTemplate\":\"https:\/\/bertrand.pl\/?s={search_term_string}\"},\"query-input\":{\"@type\":\"PropertyValueSpecification\",\"valueRequired\":true,\"valueName\":\"search_term_string\"}}],\"inLanguage\":\"de\"},{\"@type\":\"Organization\",\"@id\":\"https:\/\/bertrand.pl\/#organization\",\"name\":\"Bertrand.pl\",\"url\":\"https:\/\/bertrand.pl\/\",\"logo\":{\"@type\":\"ImageObject\",\"inLanguage\":\"de\",\"@id\":\"https:\/\/bertrand.pl\/#\/schema\/logo\/image\/\",\"url\":\"https:\/\/bertrand.pl\/wp-content\/uploads\/2024\/12\/logo_BB_TM_PL_black.png\",\"contentUrl\":\"https:\/\/bertrand.pl\/wp-content\/uploads\/2024\/12\/logo_BB_TM_PL_black.png\",\"width\":1831,\"height\":1831,\"caption\":\"Bertrand.pl\"},\"image\":{\"@id\":\"https:\/\/bertrand.pl\/#\/schema\/logo\/image\/\"},\"sameAs\":[\"https:\/\/www.facebook.com\/bertrandpolska\/\",\"https:\/\/www.instagram.com\/bertrand_okna_i_drzwi\/\",\"https:\/\/www.linkedin.com\/company\/bertrand\/\",\"https:\/\/www.tiktok.com\/@bertrand_okna_drzwi\"]}]}<\/script>\n<!-- \/ Yoast SEO Premium plugin. -->","yoast_head_json":{"title":"Samozamykacze do drzwi - Bertrand. Najwy\u017cszej jako\u015bci okna i drzwi. Certyfikowany producent od 1969 roku.","description":"T\u00fcrschlie\u00dfer sorgen f\u00fcr ein automatisches und sanftes Schlie\u00dfen der T\u00fcren. Eine innovative L\u00f6sung. Es bedeutet Komfort und Sicherheit in Ihrem Zuhause.","robots":{"index":"index","follow":"follow","max-snippet":"max-snippet:-1","max-image-preview":"max-image-preview:large","max-video-preview":"max-video-preview:-1"},"canonical":"https:\/\/bertrand.pl\/de\/produkt\/turschlieser\/","og_locale":"de_DE","og_type":"article","og_title":"Samozamykacze do drzwi","og_description":"Samozamykacze zapewniaj\u0105 automatyczne i p\u0142ynne zamykanie drzwi. Innowacyjne rozwi\u0105zanie. To komfort i bezpiecze\u0144stwo w Twoim domu.","og_url":"https:\/\/bertrand.pl\/de\/produkt\/turschlieser\/","og_site_name":"Bertrand. Najwy\u017cszej jako\u015bci okna i drzwi. Certyfikowany producent od 1969 roku.","article_publisher":"https:\/\/www.facebook.com\/bertrandpolska\/","article_modified_time":"2025-01-09T14:07:31+00:00","og_image":[{"width":1876,"height":1876,"url":"https:\/\/bertrand.pl\/wp-content\/uploads\/2024\/07\/geze_ramieniowy.webp","type":"image\/webp"}],"twitter_card":"summary_large_image","twitter_misc":{"Gesch\u00e4tzte Lesezeit":"3\u00a0Minuten"},"schema":{"@context":"https:\/\/schema.org","@graph":[{"@type":"WebPage","@id":"https:\/\/bertrand.pl\/produkt\/samozamykacze\/","url":"https:\/\/bertrand.pl\/produkt\/samozamykacze\/","name":"Samozamykacze do drzwi - Bertrand. Najwy\u017cszej jako\u015bci okna i drzwi. Certyfikowany producent od 1969 roku.","isPartOf":{"@id":"https:\/\/bertrand.pl\/#website"},"primaryImageOfPage":{"@id":"https:\/\/bertrand.pl\/produkt\/samozamykacze\/#primaryimage"},"image":{"@id":"https:\/\/bertrand.pl\/produkt\/samozamykacze\/#primaryimage"},"thumbnailUrl":"https:\/\/bertrand.pl\/wp-content\/uploads\/2024\/07\/geze_ramieniowy.webp","datePublished":"2024-07-03T10:31:31+00:00","dateModified":"2025-01-09T14:07:31+00:00","description":"T\u00fcrschlie\u00dfer sorgen f\u00fcr ein automatisches und sanftes Schlie\u00dfen der T\u00fcren. Eine innovative L\u00f6sung. Es bedeutet Komfort und Sicherheit in Ihrem Zuhause.","breadcrumb":{"@id":"https:\/\/bertrand.pl\/produkt\/samozamykacze\/#breadcrumb"},"inLanguage":"de","potentialAction":[{"@type":"ReadAction","target":["https:\/\/bertrand.pl\/produkt\/samozamykacze\/"]}]},{"@type":"ImageObject","inLanguage":"de","@id":"https:\/\/bertrand.pl\/produkt\/samozamykacze\/#primaryimage","url":"https:\/\/bertrand.pl\/wp-content\/uploads\/2024\/07\/geze_ramieniowy.webp","contentUrl":"https:\/\/bertrand.pl\/wp-content\/uploads\/2024\/07\/geze_ramieniowy.webp","width":1876,"height":1876,"caption":"Samozamykacze. Komfort i bezpiecze\u0144stwo w Twoim domu."},{"@type":"BreadcrumbList","@id":"https:\/\/bertrand.pl\/produkt\/samozamykacze\/#breadcrumb","itemListElement":[{"@type":"ListItem","position":1,"name":"Strona g\u0142\u00f3wna","item":"https:\/\/bertrand.pl\/"},{"@type":"ListItem","position":2,"name":"Produits","item":"https:\/\/bertrand.pl\/fr\/shop\/"},{"@type":"ListItem","position":3,"name":"Samozamykacze do drzwi"}]},{"@type":"WebSite","@id":"https:\/\/bertrand.pl\/#website","url":"https:\/\/bertrand.pl\/","name":"Bertrand.pl","description":"Firma Bertrand to certyfikowany i uznany producent najwy\u017cszej jako\u015bci okien z PVC, z drewna lub aluminium. Produkcja drzwi, rolet i bram gara\u017cowych.","publisher":{"@id":"https:\/\/bertrand.pl\/#organization"},"potentialAction":[{"@type":"SearchAction","target":{"@type":"EntryPoint","urlTemplate":"https:\/\/bertrand.pl\/?s={search_term_string}"},"query-input":{"@type":"PropertyValueSpecification","valueRequired":true,"valueName":"search_term_string"}}],"inLanguage":"de"},{"@type":"Organization","@id":"https:\/\/bertrand.pl\/#organization","name":"Bertrand.pl","url":"https:\/\/bertrand.pl\/","logo":{"@type":"ImageObject","inLanguage":"de","@id":"https:\/\/bertrand.pl\/#\/schema\/logo\/image\/","url":"https:\/\/bertrand.pl\/wp-content\/uploads\/2024\/12\/logo_BB_TM_PL_black.png","contentUrl":"https:\/\/bertrand.pl\/wp-content\/uploads\/2024\/12\/logo_BB_TM_PL_black.png","width":1831,"height":1831,"caption":"Bertrand.pl"},"image":{"@id":"https:\/\/bertrand.pl\/#\/schema\/logo\/image\/"},"sameAs":["https:\/\/www.facebook.com\/bertrandpolska\/","https:\/\/www.instagram.com\/bertrand_okna_i_drzwi\/","https:\/\/www.linkedin.com\/company\/bertrand\/","https:\/\/www.tiktok.com\/@bertrand_okna_drzwi"]}]}},"_links":{"self":[{"href":"https:\/\/bertrand.pl\/de\/wp-json\/wp\/v2\/product\/4118","targetHints":{"allow":["GET"]}}],"collection":[{"href":"https:\/\/bertrand.pl\/de\/wp-json\/wp\/v2\/product"}],"about":[{"href":"https:\/\/bertrand.pl\/de\/wp-json\/wp\/v2\/types\/product"}],"wp:featuredmedia":[{"embeddable":true,"href":"https:\/\/bertrand.pl\/de\/wp-json\/wp\/v2\/media\/4772"}],"wp:attachment":[{"href":"https:\/\/bertrand.pl\/de\/wp-json\/wp\/v2\/media?parent=4118"}],"wp:term":[{"taxonomy":"product_brand","embeddable":true,"href":"https:\/\/bertrand.pl\/de\/wp-json\/wp\/v2\/product_brand?post=4118"},{"taxonomy":"product_cat","embeddable":true,"href":"https:\/\/bertrand.pl\/de\/wp-json\/wp\/v2\/product_cat?post=4118"},{"taxonomy":"product_tag","embeddable":true,"href":"https:\/\/bertrand.pl\/de\/wp-json\/wp\/v2\/product_tag?post=4118"}],"curies":[{"name":"wp","href":"https:\/\/api.w.org\/{rel}","templated":true}]}}