{"id":4121,"date":"2024-07-03T12:41:11","date_gmt":"2024-07-03T10:41:11","guid":{"rendered":"https:\/\/bertrand.pl\/?post_type=product&#038;p=4121"},"modified":"2025-01-13T10:53:54","modified_gmt":"2025-01-13T09:53:54","slug":"anti-panik-2","status":"publish","type":"product","link":"https:\/\/bertrand.pl\/de\/produkt\/antypaniczne\/","title":{"rendered":"Antipanik-Griffe"},"content":{"rendered":"<div class=\"flex-shrink-0 flex flex-col relative items-end\">\n<div>\n<div class=\"pt-0\">\n<div class=\"gizmo-bot-avatar flex h-8 w-8 items-center justify-center overflow-hidden rounded-full\">\n<h2 class=\"relative p-1 rounded-sm flex items-center justify-center bg-token-main-surface-primary text-token-text-primary h-8 w-8\"><\/h2>\n<\/div>\n<\/div>\n<\/div>\n<\/div>\n<div class=\"group\/conversation-turn relative flex w-full min-w-0 flex-col agent-turn\">\n<div class=\"flex-col gap-1 md:gap-3\">\n<div class=\"flex max-w-full flex-col flex-grow\">\n<div class=\"min-h-8 text-message flex w-full flex-col items-end gap-2 whitespace-normal break-words text-start [.text-message+&amp;]:mt-5\" dir=\"auto\" data-message-author-role=\"assistant\" data-message-id=\"541f53d7-1099-4841-b395-9a4bce397492\" data-message-model-slug=\"gpt-4o\">\n<div class=\"flex w-full flex-col gap-1 empty:hidden first:pt-[3px]\">\n<div class=\"markdown prose w-full break-words dark:prose-invert light\">\n<h2><strong>Antypaniczne klamki \u2013 bezpiecze\u0144stwo i niezawodno\u015b\u0107 w ka\u017cdej sytuacji<\/strong><\/h2>\n<p>&nbsp;<\/p>\n<p><strong>Klamki antypaniczne<\/strong> to specjalistyczne urz\u0105dzenia, kt\u00f3re zosta\u0142y zaprojektowane, aby zapewni\u0107 maksymalny poziom bezpiecze\u0144stwa oraz umo\u017cliwi\u0107 szybk\u0105 i bezproblemow\u0105 ewakuacj\u0119 w sytuacjach awaryjnych. Co wi\u0119cej, s\u0105 one niezast\u0105pione w miejscach o du\u017cym nat\u0119\u017ceniu ruchu, gdzie kluczowe znaczenie ma \u0142atwy dost\u0119p do wyj\u015b\u0107 ewakuacyjnych. Dzi\u0119ki temu, klamki antypaniczne s\u0105 powszechnie stosowane w r\u00f3\u017cnorodnych budynkach oraz obiektach, gdzie priorytetem jest ochrona zdrowia i \u017cycia ludzi.<\/p>\n<p>&nbsp;<\/p>\n<hr \/>\n<h3><\/h3>\n<h3><strong>Klamki antypaniczne &#8211; gdzie je stosujemy?<\/strong><\/h3>\n<h4><\/h4>\n<h4><\/h4>\n<p><strong>Budynki u\u017cyteczno\u015bci publicznej: <\/strong>W budynkach takich jak szko\u0142y, szpitale czy urz\u0119dy, bezpiecze\u0144stwo u\u017cytkownik\u00f3w ma kluczowe znaczenie. Ponadto, kina i teatry to miejsca, gdzie konieczne jest zapewnienie szybkiej ewakuacji du\u017cej liczby os\u00f3b w sytuacjach zagro\u017cenia. Dzi\u0119ki zastosowaniu klamek antypanicznych, takie budynki spe\u0142niaj\u0105 najwy\u017csze standardy bezpiecze\u0144stwa.<\/p>\n<p><strong>Obiekty komercyjne: <\/strong>Biura, hotele oraz centra handlowe to kolejne miejsca, w kt\u00f3rych klamki antypaniczne odgrywaj\u0105 istotn\u0105 rol\u0119. Co wi\u0119cej, w restauracjach, gdzie przepisy przeciwpo\u017carowe s\u0105 szczeg\u00f3lnie rygorystyczne, monta\u017c takich klamek nie tylko zwi\u0119ksza bezpiecze\u0144stwo, ale r\u00f3wnie\u017c zapewnia zgodno\u015b\u0107 z obowi\u0105zuj\u0105cymi normami.<\/p>\n<p><strong>Obiekty przemys\u0142owe: <\/strong>W fabrykach, magazynach oraz innych miejscach pracy klamki antypaniczne zapewniaj\u0105 szybkie i \u0142atwe wyj\u015bcie w przypadku sytuacji awaryjnej. Dzi\u0119ki temu, pracownicy mog\u0105 bezpiecznie opu\u015bci\u0107 budynek, co minimalizuje ryzyko wypadk\u00f3w i dodatkowych zagro\u017ce\u0144.<\/p>\n<p>&nbsp;<\/p>\n<p><img fetchpriority=\"high\" decoding=\"async\" class=\"alignnone\" title=\"klamka antypaniczna\" src=\"https:\/\/bertrand.pl\/wp-content\/uploads\/2024\/07\/antipanico-scaled.jpg\" alt=\"Klamki antypaniczne to niezawodne rozwi\u0105zanie, kt\u00f3re zwi\u0119ksza bezpiecze\u0144stwo i u\u0142atwia ewakuacj\u0119 w sytuacjach zagro\u017cenia\" width=\"722\" height=\"481\" \/><\/p>\n<hr \/>\n<h3><strong>Klamki antypaniczne &#8211; dlaczego warto wybra\u0107?<\/strong><\/h3>\n<p>&nbsp;<\/p>\n<p><strong>Maksymalne bezpiecze\u0144stwo<\/strong> \u2013 klamki tego rodzaju gwarantuj\u0105 \u0142atwy dost\u0119p do wyj\u015b\u0107 ewakuacyjnych, co ma kluczowe znaczenie w sytuacjach kryzysowych.<br \/>\n<strong style=\"font-size: 16px;\">Wszechstronno\u015b\u0107 zastosowa\u0144<\/strong><span style=\"font-size: 16px;\"> \u2013 znajduj\u0105 zastosowanie w r\u00f3\u017cnorodnych obiektach, takich jak budynki u\u017cyteczno\u015bci publicznej, obiekty komercyjne oraz przemys\u0142owe.<br \/>\n<\/span><strong style=\"font-size: 16px;\">Zgodno\u015b\u0107 z normami<\/strong><span style=\"font-size: 16px;\"> \u2013 klamki te spe\u0142niaj\u0105 wymagania przepis\u00f3w przeciwpo\u017carowych oraz innych regulacji zwi\u0105zanych z bezpiecze\u0144stwem budynk\u00f3w.<br \/>\n<\/span><strong style=\"font-size: 16px;\">\u0141atwo\u015b\u0107 obs\u0142ugi<\/strong><span style=\"font-size: 16px;\"> \u2013 prosty mechanizm dzia\u0142ania pozwala na szybkie otwarcie drzwi nawet w stresuj\u0105cych sytuacjach.<br \/>\n<\/span><strong style=\"font-size: 16px;\">Trwa\u0142o\u015b\u0107 i niezawodno\u015b\u0107<\/strong><span style=\"font-size: 16px;\"> \u2013 wykonane z wysokiej jako\u015bci materia\u0142\u00f3w, klamki antypaniczne s\u0105 odporne na uszkodzenia i intensywne u\u017cytkowanie.<\/span><\/p>\n<p>&nbsp;<\/p>\n<hr \/>\n<\/div>\n<\/div>\n<\/div>\n<\/div>\n<\/div>\n<\/div>\n<h3><\/h3>\n<h3><a href=\"https:\/\/bertrand.pl\/akcesoria\/\">Akcesoria &#8211; Bertrand.pl<\/a> &#8211; wi\u0119cej naszych klamek i akcesori\u00f3w.<\/h3>\n<p>&nbsp;<\/p>\n<p>&nbsp;<\/p>\n<div class=\"group\/conversation-turn relative flex w-full min-w-0 flex-col agent-turn\">\n<div class=\"flex-col gap-1 md:gap-3\">\n<div class=\"flex max-w-full flex-col flex-grow\">\n<div class=\"min-h-8 text-message flex w-full flex-col items-end gap-2 whitespace-normal break-words text-start [.text-message+&amp;]:mt-5\" dir=\"auto\" data-message-author-role=\"assistant\" data-message-id=\"541f53d7-1099-4841-b395-9a4bce397492\" data-message-model-slug=\"gpt-4o\">\n<div class=\"flex w-full flex-col gap-1 empty:hidden first:pt-[3px]\">\n<div class=\"markdown prose w-full break-words dark:prose-invert light\">\n<p>Podsumowuj\u0105c jest to niezawodne rozwi\u0105zanie, kt\u00f3re zwi\u0119ksza bezpiecze\u0144stwo i u\u0142atwia ewakuacj\u0119 w sytuacjach zagro\u017cenia. Dzi\u0119ki swojej funkcjonalno\u015bci oraz zgodno\u015bci z normami bezpiecze\u0144stwa, s\u0105 one niezb\u0119dnym elementem wyposa\u017cenia w szko\u0142ach, szpitalach, biurach, fabrykach oraz wielu innych miejscach. Co wi\u0119cej, ich zastosowanie to inwestycja w ochron\u0119 \u017cycia i zdrowia u\u017cytkownik\u00f3w budynk\u00f3w.<\/p>\n<\/div>\n<\/div>\n<\/div>\n<\/div>\n<\/div>\n<\/div>\n","protected":false},"excerpt":{"rendered":"<p>Anti-Panik-Griffe sind spezielle Vorrichtungen, die maximale Sicherheit und eine schnelle Evakuierung in Notfallsituationen gew\u00e4hrleisten sollen.<\/p>","protected":false},"featured_media":4773,"template":"","meta":{"site-sidebar-layout":"default","site-content-layout":"","ast-site-content-layout":"default","site-content-style":"default","site-sidebar-style":"default","ast-global-header-display":"","ast-banner-title-visibility":"","ast-main-header-display":"","ast-hfb-above-header-display":"","ast-hfb-below-header-display":"","ast-hfb-mobile-header-display":"","site-post-title":"","ast-breadcrumbs-content":"","ast-featured-img":"","footer-sml-layout":"","ast-disable-related-posts":"","theme-transparent-header-meta":"default","adv-header-id-meta":"","stick-header-meta":"","header-above-stick-meta":"","header-main-stick-meta":"","header-below-stick-meta":"","astra-migrate-meta-layouts":"set","ast-page-background-enabled":"default","ast-page-background-meta":{"desktop":{"background-color":"var(--ast-global-color-4)","background-image":"","background-repeat":"repeat","background-position":"center center","background-size":"auto","background-attachment":"scroll","background-type":"","background-media":"","overlay-type":"","overlay-color":"","overlay-opacity":"","overlay-gradient":""},"tablet":{"background-color":"","background-image":"","background-repeat":"repeat","background-position":"center center","background-size":"auto","background-attachment":"scroll","background-type":"","background-media":"","overlay-type":"","overlay-color":"","overlay-opacity":"","overlay-gradient":""},"mobile":{"background-color":"","background-image":"","background-repeat":"repeat","background-position":"center center","background-size":"auto","background-attachment":"scroll","background-type":"","background-media":"","overlay-type":"","overlay-color":"","overlay-opacity":"","overlay-gradient":""}},"ast-content-background-meta":{"desktop":{"background-color":"var(--ast-global-color-5)","background-image":"","background-repeat":"repeat","background-position":"center center","background-size":"auto","background-attachment":"scroll","background-type":"","background-media":"","overlay-type":"","overlay-color":"","overlay-opacity":"","overlay-gradient":""},"tablet":{"background-color":"var(--ast-global-color-5)","background-image":"","background-repeat":"repeat","background-position":"center center","background-size":"auto","background-attachment":"scroll","background-type":"","background-media":"","overlay-type":"","overlay-color":"","overlay-opacity":"","overlay-gradient":""},"mobile":{"background-color":"var(--ast-global-color-5)","background-image":"","background-repeat":"repeat","background-position":"center center","background-size":"auto","background-attachment":"scroll","background-type":"","background-media":"","overlay-type":"","overlay-color":"","overlay-opacity":"","overlay-gradient":""}}},"product_brand":[],"product_cat":[23],"product_tag":[504,168,360,1166,175,509,508,507,506,505,1165,1180,1168,1172,1181,1178,1182,1169,1170,1183,1175,1176,1179,1177,1174,1171,1184,174,1173,1167,1185],"class_list":{"0":"post-4121","1":"product","2":"type-product","3":"status-publish","4":"has-post-thumbnail","6":"product_cat-akcesoria","7":"product_tag-antypanik","8":"product_tag-bertrand","9":"product_tag-bezpieczenstwo","10":"product_tag-bezpieczenstwo-w-budynkach","11":"product_tag-drzwi","12":"product_tag-drzwi-ewakuacyjne","13":"product_tag-drzwi-wyjsciowe","14":"product_tag-ewakuacja","15":"product_tag-klamk-iantypaniczne","16":"product_tag-klamki","17":"product_tag-klamki-antypaniczne","18":"product_tag-klamki-do-biur","19":"product_tag-klamki-do-budynkow-uzytecznosci-publicznej","20":"product_tag-klamki-do-drzwi-ewakuacyjnych","21":"product_tag-klamki-do-hoteli","22":"product_tag-klamki-do-kin","23":"product_tag-klamki-do-magazynow","24":"product_tag-klamki-do-obiektow-komercyjnych","25":"product_tag-klamki-do-obiektow-przemyslowych","26":"product_tag-klamki-do-restauracji","27":"product_tag-klamki-do-szkol","28":"product_tag-klamki-do-szpitali","29":"product_tag-klamki-do-teatrow","30":"product_tag-klamki-do-urzedow","31":"product_tag-klamki-przeciwpozarowe","32":"product_tag-klamki-zgodne-z-normami","33":"product_tag-niezawodne-klamki","34":"product_tag-okna","35":"product_tag-systemy-antypaniczne","36":"product_tag-szybka-ewakuacja","37":"product_tag-trwale-klamki-ewakuacyjne","38":"desktop-align-left","39":"tablet-align-left","40":"mobile-align-left","42":"first","43":"instock","44":"shipping-taxable","45":"product-type-simple"},"yoast_head":"<!-- This site is optimized with the Yoast SEO Premium plugin v27.2 (Yoast SEO v27.2) - https:\/\/yoast.com\/product\/yoast-seo-premium-wordpress\/ -->\n<title>Antypaniczne klamki - Bertrand. Najwy\u017cszej jako\u015bci okna i drzwi. Certyfikowany producent od 1969 roku.<\/title>\n<meta name=\"description\" content=\"Klamki antypaniczne to specjalistyczne urz\u0105dzenia zaprojektowane do zapewnienia maksymalnego bezpiecze\u0144stwa i szybkiej ewakuacji w sytuacjach awaryjnych.\" \/>\n<meta name=\"robots\" content=\"index, follow, max-snippet:-1, max-image-preview:large, max-video-preview:-1\" \/>\n<link rel=\"canonical\" href=\"https:\/\/bertrand.pl\/de\/produkt\/anti-panik-2\/\" \/>\n<meta property=\"og:locale\" content=\"de_DE\" \/>\n<meta property=\"og:type\" content=\"article\" \/>\n<meta property=\"og:title\" content=\"Antypaniczne klamki\" \/>\n<meta property=\"og:description\" content=\"Klamki antypaniczne to specjalistyczne urz\u0105dzenia zaprojektowane do zapewnienia maksymalnego bezpiecze\u0144stwa i szybkiej ewakuacji w sytuacjach awaryjnych.\" \/>\n<meta property=\"og:url\" content=\"https:\/\/bertrand.pl\/de\/produkt\/anti-panik-2\/\" \/>\n<meta property=\"og:site_name\" content=\"Bertrand. Najwy\u017cszej jako\u015bci okna i drzwi. Certyfikowany producent od 1969 roku.\" \/>\n<meta property=\"article:publisher\" content=\"https:\/\/www.facebook.com\/bertrandpolska\/\" \/>\n<meta property=\"article:modified_time\" content=\"2025-01-13T09:53:54+00:00\" \/>\n<meta property=\"og:image\" content=\"https:\/\/bertrand.pl\/wp-content\/uploads\/2024\/07\/TESA_GL1E909II_Primary_Image.webp\" \/>\n\t<meta property=\"og:image:width\" content=\"1280\" \/>\n\t<meta property=\"og:image:height\" content=\"854\" \/>\n\t<meta property=\"og:image:type\" content=\"image\/webp\" \/>\n<meta name=\"twitter:card\" content=\"summary_large_image\" \/>\n<meta name=\"twitter:label1\" content=\"Gesch\u00e4tzte Lesezeit\" \/>\n\t<meta name=\"twitter:data1\" content=\"3\u00a0Minuten\" \/>\n<script type=\"application\/ld+json\" class=\"yoast-schema-graph\">{\"@context\":\"https:\/\/schema.org\",\"@graph\":[{\"@type\":\"WebPage\",\"@id\":\"https:\/\/bertrand.pl\/produkt\/antypaniczne\/\",\"url\":\"https:\/\/bertrand.pl\/produkt\/antypaniczne\/\",\"name\":\"Antypaniczne klamki - Bertrand. Najwy\u017cszej jako\u015bci okna i drzwi. Certyfikowany producent od 1969 roku.\",\"isPartOf\":{\"@id\":\"https:\/\/bertrand.pl\/#website\"},\"primaryImageOfPage\":{\"@id\":\"https:\/\/bertrand.pl\/produkt\/antypaniczne\/#primaryimage\"},\"image\":{\"@id\":\"https:\/\/bertrand.pl\/produkt\/antypaniczne\/#primaryimage\"},\"thumbnailUrl\":\"https:\/\/bertrand.pl\/wp-content\/uploads\/2024\/07\/TESA_GL1E909II_Primary_Image.webp\",\"datePublished\":\"2024-07-03T10:41:11+00:00\",\"dateModified\":\"2025-01-13T09:53:54+00:00\",\"description\":\"Klamki antypaniczne to specjalistyczne urz\u0105dzenia zaprojektowane do zapewnienia maksymalnego bezpiecze\u0144stwa i szybkiej ewakuacji w sytuacjach awaryjnych.\",\"breadcrumb\":{\"@id\":\"https:\/\/bertrand.pl\/produkt\/antypaniczne\/#breadcrumb\"},\"inLanguage\":\"de\",\"potentialAction\":[{\"@type\":\"ReadAction\",\"target\":[\"https:\/\/bertrand.pl\/produkt\/antypaniczne\/\"]}]},{\"@type\":\"ImageObject\",\"inLanguage\":\"de\",\"@id\":\"https:\/\/bertrand.pl\/produkt\/antypaniczne\/#primaryimage\",\"url\":\"https:\/\/bertrand.pl\/wp-content\/uploads\/2024\/07\/TESA_GL1E909II_Primary_Image.webp\",\"contentUrl\":\"https:\/\/bertrand.pl\/wp-content\/uploads\/2024\/07\/TESA_GL1E909II_Primary_Image.webp\",\"width\":1280,\"height\":854,\"caption\":\"Klamka antypaniczna stosowana w budownictwie.\"},{\"@type\":\"BreadcrumbList\",\"@id\":\"https:\/\/bertrand.pl\/produkt\/antypaniczne\/#breadcrumb\",\"itemListElement\":[{\"@type\":\"ListItem\",\"position\":1,\"name\":\"Strona g\u0142\u00f3wna\",\"item\":\"https:\/\/bertrand.pl\/\"},{\"@type\":\"ListItem\",\"position\":2,\"name\":\"Produits\",\"item\":\"https:\/\/bertrand.pl\/fr\/shop\/\"},{\"@type\":\"ListItem\",\"position\":3,\"name\":\"Antypaniczne klamki\"}]},{\"@type\":\"WebSite\",\"@id\":\"https:\/\/bertrand.pl\/#website\",\"url\":\"https:\/\/bertrand.pl\/\",\"name\":\"Bertrand.pl\",\"description\":\"Firma Bertrand to certyfikowany i uznany producent najwy\u017cszej jako\u015bci okien z PVC, z drewna lub aluminium. Produkcja drzwi, rolet i bram gara\u017cowych.\",\"publisher\":{\"@id\":\"https:\/\/bertrand.pl\/#organization\"},\"potentialAction\":[{\"@type\":\"SearchAction\",\"target\":{\"@type\":\"EntryPoint\",\"urlTemplate\":\"https:\/\/bertrand.pl\/?s={search_term_string}\"},\"query-input\":{\"@type\":\"PropertyValueSpecification\",\"valueRequired\":true,\"valueName\":\"search_term_string\"}}],\"inLanguage\":\"de\"},{\"@type\":\"Organization\",\"@id\":\"https:\/\/bertrand.pl\/#organization\",\"name\":\"Bertrand.pl\",\"url\":\"https:\/\/bertrand.pl\/\",\"logo\":{\"@type\":\"ImageObject\",\"inLanguage\":\"de\",\"@id\":\"https:\/\/bertrand.pl\/#\/schema\/logo\/image\/\",\"url\":\"https:\/\/bertrand.pl\/wp-content\/uploads\/2024\/12\/logo_BB_TM_PL_black.png\",\"contentUrl\":\"https:\/\/bertrand.pl\/wp-content\/uploads\/2024\/12\/logo_BB_TM_PL_black.png\",\"width\":1831,\"height\":1831,\"caption\":\"Bertrand.pl\"},\"image\":{\"@id\":\"https:\/\/bertrand.pl\/#\/schema\/logo\/image\/\"},\"sameAs\":[\"https:\/\/www.facebook.com\/bertrandpolska\/\",\"https:\/\/www.instagram.com\/bertrand_okna_i_drzwi\/\",\"https:\/\/www.linkedin.com\/company\/bertrand\/\",\"https:\/\/www.tiktok.com\/@bertrand_okna_drzwi\"]}]}<\/script>\n<!-- \/ Yoast SEO Premium plugin. -->","yoast_head_json":{"title":"Antypaniczne klamki - Bertrand. Najwy\u017cszej jako\u015bci okna i drzwi. Certyfikowany producent od 1969 roku.","description":"Anti-Panik-Griffe sind spezielle Vorrichtungen, die maximale Sicherheit und eine schnelle Evakuierung in Notfallsituationen gew\u00e4hrleisten sollen.","robots":{"index":"index","follow":"follow","max-snippet":"max-snippet:-1","max-image-preview":"max-image-preview:large","max-video-preview":"max-video-preview:-1"},"canonical":"https:\/\/bertrand.pl\/de\/produkt\/anti-panik-2\/","og_locale":"de_DE","og_type":"article","og_title":"Antypaniczne klamki","og_description":"Klamki antypaniczne to specjalistyczne urz\u0105dzenia zaprojektowane do zapewnienia maksymalnego bezpiecze\u0144stwa i szybkiej ewakuacji w sytuacjach awaryjnych.","og_url":"https:\/\/bertrand.pl\/de\/produkt\/anti-panik-2\/","og_site_name":"Bertrand. Najwy\u017cszej jako\u015bci okna i drzwi. Certyfikowany producent od 1969 roku.","article_publisher":"https:\/\/www.facebook.com\/bertrandpolska\/","article_modified_time":"2025-01-13T09:53:54+00:00","og_image":[{"width":1280,"height":854,"url":"https:\/\/bertrand.pl\/wp-content\/uploads\/2024\/07\/TESA_GL1E909II_Primary_Image.webp","type":"image\/webp"}],"twitter_card":"summary_large_image","twitter_misc":{"Gesch\u00e4tzte Lesezeit":"3\u00a0Minuten"},"schema":{"@context":"https:\/\/schema.org","@graph":[{"@type":"WebPage","@id":"https:\/\/bertrand.pl\/produkt\/antypaniczne\/","url":"https:\/\/bertrand.pl\/produkt\/antypaniczne\/","name":"Antypaniczne klamki - Bertrand. Najwy\u017cszej jako\u015bci okna i drzwi. Certyfikowany producent od 1969 roku.","isPartOf":{"@id":"https:\/\/bertrand.pl\/#website"},"primaryImageOfPage":{"@id":"https:\/\/bertrand.pl\/produkt\/antypaniczne\/#primaryimage"},"image":{"@id":"https:\/\/bertrand.pl\/produkt\/antypaniczne\/#primaryimage"},"thumbnailUrl":"https:\/\/bertrand.pl\/wp-content\/uploads\/2024\/07\/TESA_GL1E909II_Primary_Image.webp","datePublished":"2024-07-03T10:41:11+00:00","dateModified":"2025-01-13T09:53:54+00:00","description":"Anti-Panik-Griffe sind spezielle Vorrichtungen, die maximale Sicherheit und eine schnelle Evakuierung in Notfallsituationen gew\u00e4hrleisten sollen.","breadcrumb":{"@id":"https:\/\/bertrand.pl\/produkt\/antypaniczne\/#breadcrumb"},"inLanguage":"de","potentialAction":[{"@type":"ReadAction","target":["https:\/\/bertrand.pl\/produkt\/antypaniczne\/"]}]},{"@type":"ImageObject","inLanguage":"de","@id":"https:\/\/bertrand.pl\/produkt\/antypaniczne\/#primaryimage","url":"https:\/\/bertrand.pl\/wp-content\/uploads\/2024\/07\/TESA_GL1E909II_Primary_Image.webp","contentUrl":"https:\/\/bertrand.pl\/wp-content\/uploads\/2024\/07\/TESA_GL1E909II_Primary_Image.webp","width":1280,"height":854,"caption":"Klamka antypaniczna stosowana w budownictwie."},{"@type":"BreadcrumbList","@id":"https:\/\/bertrand.pl\/produkt\/antypaniczne\/#breadcrumb","itemListElement":[{"@type":"ListItem","position":1,"name":"Strona g\u0142\u00f3wna","item":"https:\/\/bertrand.pl\/"},{"@type":"ListItem","position":2,"name":"Produits","item":"https:\/\/bertrand.pl\/fr\/shop\/"},{"@type":"ListItem","position":3,"name":"Antypaniczne klamki"}]},{"@type":"WebSite","@id":"https:\/\/bertrand.pl\/#website","url":"https:\/\/bertrand.pl\/","name":"Bertrand.pl","description":"Firma Bertrand to certyfikowany i uznany producent najwy\u017cszej jako\u015bci okien z PVC, z drewna lub aluminium. Produkcja drzwi, rolet i bram gara\u017cowych.","publisher":{"@id":"https:\/\/bertrand.pl\/#organization"},"potentialAction":[{"@type":"SearchAction","target":{"@type":"EntryPoint","urlTemplate":"https:\/\/bertrand.pl\/?s={search_term_string}"},"query-input":{"@type":"PropertyValueSpecification","valueRequired":true,"valueName":"search_term_string"}}],"inLanguage":"de"},{"@type":"Organization","@id":"https:\/\/bertrand.pl\/#organization","name":"Bertrand.pl","url":"https:\/\/bertrand.pl\/","logo":{"@type":"ImageObject","inLanguage":"de","@id":"https:\/\/bertrand.pl\/#\/schema\/logo\/image\/","url":"https:\/\/bertrand.pl\/wp-content\/uploads\/2024\/12\/logo_BB_TM_PL_black.png","contentUrl":"https:\/\/bertrand.pl\/wp-content\/uploads\/2024\/12\/logo_BB_TM_PL_black.png","width":1831,"height":1831,"caption":"Bertrand.pl"},"image":{"@id":"https:\/\/bertrand.pl\/#\/schema\/logo\/image\/"},"sameAs":["https:\/\/www.facebook.com\/bertrandpolska\/","https:\/\/www.instagram.com\/bertrand_okna_i_drzwi\/","https:\/\/www.linkedin.com\/company\/bertrand\/","https:\/\/www.tiktok.com\/@bertrand_okna_drzwi"]}]}},"_links":{"self":[{"href":"https:\/\/bertrand.pl\/de\/wp-json\/wp\/v2\/product\/4121","targetHints":{"allow":["GET"]}}],"collection":[{"href":"https:\/\/bertrand.pl\/de\/wp-json\/wp\/v2\/product"}],"about":[{"href":"https:\/\/bertrand.pl\/de\/wp-json\/wp\/v2\/types\/product"}],"wp:featuredmedia":[{"embeddable":true,"href":"https:\/\/bertrand.pl\/de\/wp-json\/wp\/v2\/media\/4773"}],"wp:attachment":[{"href":"https:\/\/bertrand.pl\/de\/wp-json\/wp\/v2\/media?parent=4121"}],"wp:term":[{"taxonomy":"product_brand","embeddable":true,"href":"https:\/\/bertrand.pl\/de\/wp-json\/wp\/v2\/product_brand?post=4121"},{"taxonomy":"product_cat","embeddable":true,"href":"https:\/\/bertrand.pl\/de\/wp-json\/wp\/v2\/product_cat?post=4121"},{"taxonomy":"product_tag","embeddable":true,"href":"https:\/\/bertrand.pl\/de\/wp-json\/wp\/v2\/product_tag?post=4121"}],"curies":[{"name":"wp","href":"https:\/\/api.w.org\/{rel}","templated":true}]}}