{"id":4126,"date":"2024-07-04T08:25:50","date_gmt":"2024-07-04T06:25:50","guid":{"rendered":"https:\/\/bertrand.pl\/?post_type=product&#038;p=4126"},"modified":"2025-01-13T15:14:07","modified_gmt":"2025-01-13T14:14:07","slug":"somfy","status":"publish","type":"product","link":"https:\/\/bertrand.pl\/de\/produkt\/somfy\/","title":{"rendered":"Somfy-Zubeh\u00f6r"},"content":{"rendered":"<h4><strong>Revolutionieren Sie die Verwaltung Ihres Zuhauses mit Somfy \u2013 das intelligente Zuhause zum Greifen nah!\u00a0<\/strong><\/h4>\n<p>&nbsp;<\/p>\n<p class=\"translation-block\">Entdecken Sie fortschrittliches Zubeh\u00f6r, das Ihr Zuhause noch moderner und funktionaler macht. Mit der Technologie von <strong>Somfy<\/strong> k\u00f6nnen Sie Fenster, Rolll\u00e4den, Vorh\u00e4nge oder Markisen sowie Beleuchtungs- und Sicherheitssysteme einfach steuern. Dar\u00fcber hinaus erm\u00f6glichen diese Systeme eine vollst\u00e4ndige Automatisierung, sodass sich Ihr Zuhause perfekt an Ihren Lebensstil anpasst.<\/p>\n<p>&nbsp;<\/p>\n<p class=\"translation-block\">Die Fernbedienungen und Schalter von Somfy sind Ger\u00e4te, die die Hausverwaltung erheblich erleichtern. Mit ihnen k\u00f6nnen Sie Rolll\u00e4den, Vorh\u00e4nge und Markisen schnell und bequem steuern, die Lichtintensit\u00e4t und Privatsph\u00e4re mit nur einem Tastendruck anpassen oder Ger\u00e4te unabh\u00e4ngig von Ihrem aktuellen Standort bedienen. Dar\u00fcber hinaus sind diese Ger\u00e4te dank ihrer intuitiven Bedienung f\u00fcr jedes Haushaltsmitglied einfach zu handhaben.<\/p>\n<p>&nbsp;<\/p>\n<hr \/>\n<h4><strong>Automatische Steuerungen \u2013 intelligentes Management f\u00fcr Einsparungen und Sicherheit<\/strong><\/h4>\n<p>&nbsp;<\/p>\n<p class=\"translation-block\">Die automatischen Steuerungen von Somfy bringen Ihr Zuhause auf ein h\u00f6heres Intelligenzniveau. Mit ihnen k\u00f6nnen Sie Rolll\u00e4den so programmieren, dass sie sich an die Tageszeit oder Wetterbedingungen anpassen. Sie sch\u00fctzen auch vor \u00dcberhitzung oder \u00fcberm\u00e4\u00dfiger Sonneneinstrahlung im Innenraum. Interessanterweise k\u00f6nnen sie auch die Anwesenheit von Bewohnern w\u00e4hrend Reisen simulieren und so den Schutz vor Einbr\u00fcchen erh\u00f6hen. Dar\u00fcber hinaus f\u00fchrt die automatische Steuerung von Beschattungen und Beleuchtung zu erheblichen Energieeinsparungen, was sowohl Ihrem Geldbeutel als auch der Umwelt zugutekommt.<\/p>\n<h3><\/h3>\n<h3><strong>Somfy \u2013 umfassende L\u00f6sungen f\u00fcr das intelligente Zuhause<\/strong><\/h3>\n<p>&nbsp;<\/p>\n<p class=\"translation-block\">Die Smart-Home-Technologie erm\u00f6glicht die Integration verschiedener Ger\u00e4te in ein einheitliches System. So k\u00f6nnen Sie Beleuchtung, Rolll\u00e4den und Vorh\u00e4nge von \u00fcberall aus steuern, Garagen- und Einfahrtstore sowie Alarmsysteme kontrollieren und Ihr Zuhause \u00fcber Kameras und eine mobile App \u00fcberwachen. Besonders praktisch: Alle diese Funktionen sind \u00fcber Ihr Smartphone, Tablet, Ihre Smartwatch oder Ihren Computer zug\u00e4nglich, was Ihnen volle Kontrolle \u00fcber Ihr Zuhause unabh\u00e4ngig von Ihrem Standort erm\u00f6glicht.<\/p>\n<h3><\/h3>\n<h3><strong>Warum Somfy w\u00e4hlen?<\/strong><\/h3>\n<p>&nbsp;<\/p>\n<ol>\n<li class=\"translation-block\"><strong>Umfassende Hausautomation<\/strong> \u2013 umfasst nicht nur Fensterabdeckungen, sondern auch Alarmsysteme und \u00dcberwachung.<\/li>\n<li class=\"translation-block\"><strong>Erh\u00f6hte Sicherheit<\/strong> \u2013 Systeme, die die Anwesenheit von Bewohnern simulieren, schrecken potenzielle Einbrecher wirksam ab.<\/li>\n<li class=\"translation-block\"><strong>Intuitive Bedienung<\/strong> \u2013 einfache Steuerung \u00fcber moderne mobile Ger\u00e4te.<\/li>\n<li class=\"translation-block\"><strong>Energieeinsparung<\/strong> \u2013 die Anpassung des Ger\u00e4teeinsatzes an die Wetterbedingungen minimiert den Energieverbrauch.<\/li>\n<li class=\"translation-block\"><strong>Zuverl\u00e4ssigkeit und Qualit\u00e4t<\/strong> \u2013 Somfy-Produkte sind bekannt f\u00fcr ihre Langlebigkeit und Innovationskraft.<\/li>\n<\/ol>\n<hr \/>\n<h3><\/h3>\n<p>Ihr Zuhause wird intelligent, modern und an Ihre Bed\u00fcrfnisse angepasst. Mit fortschrittlichem Zubeh\u00f6r wie Fernbedienungen, Schaltern und automatischen Steuerungen profitieren Sie zudem von Komfort, Einsparungen und vollst\u00e4ndiger Kontrolle. Somfy ist eine L\u00f6sung, die Innovation mit einfacher Bedienung verbindet, sodass jedes Zuhause zu einem Ort der Zukunft wird.<\/p>\n<p class=\"translation-block\"><strong>Somfy \u2013 Technologie, die Ihr Zuhause verbessert! Erfahren Sie mehr \u00fcber die einzigartigen Vorteile von Somfy hier: <a href=\"https:\/\/bertrand.pl\/de\/smart-home-komfort-und-technologie-immer-zur-hand\/\" target=\"_self\">Intelligentes Zuhause \u2013 Komfort und Technologie zum Greifen nah \u2013 Bertrand.de<\/a><\/strong><\/p>\n<p>&nbsp;<\/p>\n<p><img fetchpriority=\"high\" decoding=\"async\" class=\"wp-image-4768 size-full\" title=\"Somfy\" src=\"https:\/\/bertrand.pl\/wp-content\/uploads\/2024\/07\/inteligentny-dom-Somfy.webp\" alt=\"Somfy, ein Smart Home zum Greifen nah!\" width=\"979\" height=\"693\" srcset=\"https:\/\/bertrand.pl\/wp-content\/uploads\/2024\/07\/inteligentny-dom-Somfy.webp 979w, https:\/\/bertrand.pl\/wp-content\/uploads\/2024\/07\/inteligentny-dom-Somfy-420x297.webp 420w, https:\/\/bertrand.pl\/wp-content\/uploads\/2024\/07\/inteligentny-dom-Somfy-768x544.webp 768w, https:\/\/bertrand.pl\/wp-content\/uploads\/2024\/07\/inteligentny-dom-Somfy-18x12.webp 18w, https:\/\/bertrand.pl\/wp-content\/uploads\/2024\/07\/inteligentny-dom-Somfy-600x425.webp 600w\" sizes=\"(max-width: 979px) 100vw, 979px\" \/><\/p>\n<div id=\"comp-lg3uokbt\" class=\"HcOXKn c9GqVL QxJLC3 comp-lg3uokbt wixui-rich-text\" data-testid=\"richTextElement\">\n<p class=\"font_8 wixui-rich-text__text\" style=\"text-align: center;\"><strong><span class=\"wixui-rich-text__text\">Smart Home mit dem SOMFY-System erm\u00f6glicht Ihnen die Kommunikation mit Ihrem gesamten Zuhause, egal wo Sie sich befinden.<\/span><\/strong><\/p>\n<p class=\"font_8 wixui-rich-text__text\" style=\"text-align: center;\"><strong><span class=\"wixui-rich-text__text\">Mit Somfy wird Ihr Zuhause intelligent und Sie gewinnen Komfort und Kontrolle.<\/span><\/strong><\/p>\n<\/div>\n<div id=\"comp-lg3v1ue5\" class=\"MazNVa comp-lg3v1ue5 wixui-image\">\n<div class=\"j7pOnl\" style=\"text-align: center;\" data-testid=\"linkElement\"><img decoding=\"async\" class=\"\" src=\"https:\/\/static.wixstatic.com\/media\/33e86f_0d76b904f94c46b6b3cf1825f5ad2187~mv2.png\/v1\/fill\/w_246,h_85,al_c,q_85,usm_0.66_1.00_0.01,enc_auto\/urzadzenia.png\" srcset=\"https:\/\/static.wixstatic.com\/media\/33e86f_0d76b904f94c46b6b3cf1825f5ad2187~mv2.png\/v1\/fill\/w_246,h_85,al_c,q_85,usm_0.66_1.00_0.01,enc_auto\/urzadzenia.png\" alt=\"SmartHome | OknoSlide Bielsko-Bia\u0142a\" width=\"110\" height=\"38\" \/><span style=\"font-size: 16px;\">Sie k\u00f6nnen Somfy-Smart-Home-Systeme von \u00fcberall aus verwalten \u2013 egal, wo Sie sich befinden \u2013 mit einem Smartphone, Tablet, einer Smartwatch oder einem Computer.<\/span><\/div>\n<\/div>","protected":false},"excerpt":{"rendered":"<p>Entdecken Sie unser Sortiment an fortschrittlichem Zubeh\u00f6r, das die Verwaltung Ihrer Fenster und Jalousien revolutionieren wird.<\/p>","protected":false},"featured_media":4770,"template":"","meta":{"site-sidebar-layout":"default","site-content-layout":"","ast-site-content-layout":"default","site-content-style":"default","site-sidebar-style":"default","ast-global-header-display":"","ast-banner-title-visibility":"","ast-main-header-display":"","ast-hfb-above-header-display":"","ast-hfb-below-header-display":"","ast-hfb-mobile-header-display":"","site-post-title":"","ast-breadcrumbs-content":"","ast-featured-img":"","footer-sml-layout":"","ast-disable-related-posts":"","theme-transparent-header-meta":"default","adv-header-id-meta":"","stick-header-meta":"","header-above-stick-meta":"","header-main-stick-meta":"","header-below-stick-meta":"","astra-migrate-meta-layouts":"set","ast-page-background-enabled":"default","ast-page-background-meta":{"desktop":{"background-color":"var(--ast-global-color-4)","background-image":"","background-repeat":"repeat","background-position":"center center","background-size":"auto","background-attachment":"scroll","background-type":"","background-media":"","overlay-type":"","overlay-color":"","overlay-opacity":"","overlay-gradient":""},"tablet":{"background-color":"","background-image":"","background-repeat":"repeat","background-position":"center center","background-size":"auto","background-attachment":"scroll","background-type":"","background-media":"","overlay-type":"","overlay-color":"","overlay-opacity":"","overlay-gradient":""},"mobile":{"background-color":"","background-image":"","background-repeat":"repeat","background-position":"center center","background-size":"auto","background-attachment":"scroll","background-type":"","background-media":"","overlay-type":"","overlay-color":"","overlay-opacity":"","overlay-gradient":""}},"ast-content-background-meta":{"desktop":{"background-color":"var(--ast-global-color-5)","background-image":"","background-repeat":"repeat","background-position":"center center","background-size":"auto","background-attachment":"scroll","background-type":"","background-media":"","overlay-type":"","overlay-color":"","overlay-opacity":"","overlay-gradient":""},"tablet":{"background-color":"var(--ast-global-color-5)","background-image":"","background-repeat":"repeat","background-position":"center center","background-size":"auto","background-attachment":"scroll","background-type":"","background-media":"","overlay-type":"","overlay-color":"","overlay-opacity":"","overlay-gradient":""},"mobile":{"background-color":"var(--ast-global-color-5)","background-image":"","background-repeat":"repeat","background-position":"center center","background-size":"auto","background-attachment":"scroll","background-type":"","background-media":"","overlay-type":"","overlay-color":"","overlay-opacity":"","overlay-gradient":""}}},"product_brand":[],"product_cat":[23],"product_tag":[510,518,168,360,511,175,516,512,174,170,519,517,515,514,513],"class_list":{"0":"post-4126","1":"product","2":"type-product","3":"status-publish","4":"has-post-thumbnail","6":"product_cat-akcesoria","7":"product_tag-akcesoria","8":"product_tag-automatyzacja","9":"product_tag-bertrand","10":"product_tag-bezpieczenstwo","11":"product_tag-bramy","12":"product_tag-drzwi","13":"product_tag-inteligentny-dom","14":"product_tag-moskitiery","15":"product_tag-okna","16":"product_tag-rolety","17":"product_tag-somfy","18":"product_tag-sterowanie-domem","19":"product_tag-systemy-inteligentne","20":"product_tag-systemy-okienne","21":"product_tag-zaluzje","22":"desktop-align-left","23":"tablet-align-left","24":"mobile-align-left","26":"first","27":"instock","28":"shipping-taxable","29":"product-type-simple"},"yoast_head":"<!-- This site is optimized with the Yoast SEO Premium plugin v27.2 (Yoast SEO v27.2) - https:\/\/yoast.com\/product\/yoast-seo-premium-wordpress\/ -->\n<title>Akcesoria Somfy - Bertrand. Najwy\u017cszej jako\u015bci okna i drzwi. Certyfikowany producent od 1969 roku.<\/title>\n<meta name=\"description\" content=\"Somfy, inteligentny dom dla Ciebie! Odkryj zaawansowane akcesoria, kt\u00f3re sprawi\u0105, \u017ce Tw\u00f3j dom stanie si\u0119 jeszcze bardziej nowoczesny i funkcjonalny.\" \/>\n<meta name=\"robots\" content=\"index, follow, max-snippet:-1, max-image-preview:large, max-video-preview:-1\" \/>\n<link rel=\"canonical\" href=\"https:\/\/bertrand.pl\/de\/produkt\/somfy\/\" \/>\n<meta property=\"og:locale\" content=\"de_DE\" \/>\n<meta property=\"og:type\" content=\"article\" \/>\n<meta property=\"og:title\" content=\"Akcesoria Somfy\" \/>\n<meta property=\"og:description\" content=\"Somfy, inteligentny dom dla Ciebie! Odkryj zaawansowane akcesoria, kt\u00f3re sprawi\u0105, \u017ce Tw\u00f3j dom stanie si\u0119 jeszcze bardziej nowoczesny i funkcjonalny.\" \/>\n<meta property=\"og:url\" content=\"https:\/\/bertrand.pl\/de\/produkt\/somfy\/\" \/>\n<meta property=\"og:site_name\" content=\"Bertrand. Najwy\u017cszej jako\u015bci okna i drzwi. Certyfikowany producent od 1969 roku.\" \/>\n<meta property=\"article:publisher\" content=\"https:\/\/www.facebook.com\/bertrandpolska\/\" \/>\n<meta property=\"article:modified_time\" content=\"2025-01-13T14:14:07+00:00\" \/>\n<meta property=\"og:image\" content=\"https:\/\/bertrand.pl\/wp-content\/uploads\/2024\/07\/TaHoma_switch_LP_app_screens_625x625_MY_HOME.webp\" \/>\n\t<meta property=\"og:image:width\" content=\"400\" \/>\n\t<meta property=\"og:image:height\" content=\"400\" \/>\n\t<meta property=\"og:image:type\" content=\"image\/webp\" \/>\n<meta name=\"twitter:card\" content=\"summary_large_image\" \/>\n<meta name=\"twitter:label1\" content=\"Gesch\u00e4tzte Lesezeit\" \/>\n\t<meta name=\"twitter:data1\" content=\"4\u00a0Minuten\" \/>\n<script type=\"application\/ld+json\" class=\"yoast-schema-graph\">{\"@context\":\"https:\/\/schema.org\",\"@graph\":[{\"@type\":\"WebPage\",\"@id\":\"https:\/\/bertrand.pl\/produkt\/somfy\/\",\"url\":\"https:\/\/bertrand.pl\/produkt\/somfy\/\",\"name\":\"Akcesoria Somfy - Bertrand. Najwy\u017cszej jako\u015bci okna i drzwi. Certyfikowany producent od 1969 roku.\",\"isPartOf\":{\"@id\":\"https:\/\/bertrand.pl\/#website\"},\"primaryImageOfPage\":{\"@id\":\"https:\/\/bertrand.pl\/produkt\/somfy\/#primaryimage\"},\"image\":{\"@id\":\"https:\/\/bertrand.pl\/produkt\/somfy\/#primaryimage\"},\"thumbnailUrl\":\"https:\/\/bertrand.pl\/wp-content\/uploads\/2024\/07\/TaHoma_switch_LP_app_screens_625x625_MY_HOME.webp\",\"datePublished\":\"2024-07-04T06:25:50+00:00\",\"dateModified\":\"2025-01-13T14:14:07+00:00\",\"description\":\"Somfy, inteligentny dom dla Ciebie! Odkryj zaawansowane akcesoria, kt\u00f3re sprawi\u0105, \u017ce Tw\u00f3j dom stanie si\u0119 jeszcze bardziej nowoczesny i funkcjonalny.\",\"breadcrumb\":{\"@id\":\"https:\/\/bertrand.pl\/produkt\/somfy\/#breadcrumb\"},\"inLanguage\":\"de\",\"potentialAction\":[{\"@type\":\"ReadAction\",\"target\":[\"https:\/\/bertrand.pl\/produkt\/somfy\/\"]}]},{\"@type\":\"ImageObject\",\"inLanguage\":\"de\",\"@id\":\"https:\/\/bertrand.pl\/produkt\/somfy\/#primaryimage\",\"url\":\"https:\/\/bertrand.pl\/wp-content\/uploads\/2024\/07\/TaHoma_switch_LP_app_screens_625x625_MY_HOME.webp\",\"contentUrl\":\"https:\/\/bertrand.pl\/wp-content\/uploads\/2024\/07\/TaHoma_switch_LP_app_screens_625x625_MY_HOME.webp\",\"width\":400,\"height\":400},{\"@type\":\"BreadcrumbList\",\"@id\":\"https:\/\/bertrand.pl\/produkt\/somfy\/#breadcrumb\",\"itemListElement\":[{\"@type\":\"ListItem\",\"position\":1,\"name\":\"Strona g\u0142\u00f3wna\",\"item\":\"https:\/\/bertrand.pl\/\"},{\"@type\":\"ListItem\",\"position\":2,\"name\":\"Produits\",\"item\":\"https:\/\/bertrand.pl\/fr\/shop\/\"},{\"@type\":\"ListItem\",\"position\":3,\"name\":\"Akcesoria Somfy\"}]},{\"@type\":\"WebSite\",\"@id\":\"https:\/\/bertrand.pl\/#website\",\"url\":\"https:\/\/bertrand.pl\/\",\"name\":\"Bertrand.pl\",\"description\":\"Firma Bertrand to certyfikowany i uznany producent najwy\u017cszej jako\u015bci okien z PVC, z drewna lub aluminium. Produkcja drzwi, rolet i bram gara\u017cowych.\",\"publisher\":{\"@id\":\"https:\/\/bertrand.pl\/#organization\"},\"potentialAction\":[{\"@type\":\"SearchAction\",\"target\":{\"@type\":\"EntryPoint\",\"urlTemplate\":\"https:\/\/bertrand.pl\/?s={search_term_string}\"},\"query-input\":{\"@type\":\"PropertyValueSpecification\",\"valueRequired\":true,\"valueName\":\"search_term_string\"}}],\"inLanguage\":\"de\"},{\"@type\":\"Organization\",\"@id\":\"https:\/\/bertrand.pl\/#organization\",\"name\":\"Bertrand.pl\",\"url\":\"https:\/\/bertrand.pl\/\",\"logo\":{\"@type\":\"ImageObject\",\"inLanguage\":\"de\",\"@id\":\"https:\/\/bertrand.pl\/#\/schema\/logo\/image\/\",\"url\":\"https:\/\/bertrand.pl\/wp-content\/uploads\/2024\/12\/logo_BB_TM_PL_black.png\",\"contentUrl\":\"https:\/\/bertrand.pl\/wp-content\/uploads\/2024\/12\/logo_BB_TM_PL_black.png\",\"width\":1831,\"height\":1831,\"caption\":\"Bertrand.pl\"},\"image\":{\"@id\":\"https:\/\/bertrand.pl\/#\/schema\/logo\/image\/\"},\"sameAs\":[\"https:\/\/www.facebook.com\/bertrandpolska\/\",\"https:\/\/www.instagram.com\/bertrand_okna_i_drzwi\/\",\"https:\/\/www.linkedin.com\/company\/bertrand\/\",\"https:\/\/www.tiktok.com\/@bertrand_okna_drzwi\"]}]}<\/script>\n<!-- \/ Yoast SEO Premium plugin. -->","yoast_head_json":{"title":"Akcesoria Somfy - Bertrand. Najwy\u017cszej jako\u015bci okna i drzwi. Certyfikowany producent od 1969 roku.","description":"Somfy, ein Smart Home f\u00fcr Sie! Entdecken Sie fortschrittliches Zubeh\u00f6r, das Ihr Zuhause noch moderner und funktionaler macht.","robots":{"index":"index","follow":"follow","max-snippet":"max-snippet:-1","max-image-preview":"max-image-preview:large","max-video-preview":"max-video-preview:-1"},"canonical":"https:\/\/bertrand.pl\/de\/produkt\/somfy\/","og_locale":"de_DE","og_type":"article","og_title":"Akcesoria Somfy","og_description":"Somfy, inteligentny dom dla Ciebie! Odkryj zaawansowane akcesoria, kt\u00f3re sprawi\u0105, \u017ce Tw\u00f3j dom stanie si\u0119 jeszcze bardziej nowoczesny i funkcjonalny.","og_url":"https:\/\/bertrand.pl\/de\/produkt\/somfy\/","og_site_name":"Bertrand. Najwy\u017cszej jako\u015bci okna i drzwi. Certyfikowany producent od 1969 roku.","article_publisher":"https:\/\/www.facebook.com\/bertrandpolska\/","article_modified_time":"2025-01-13T14:14:07+00:00","og_image":[{"width":400,"height":400,"url":"https:\/\/bertrand.pl\/wp-content\/uploads\/2024\/07\/TaHoma_switch_LP_app_screens_625x625_MY_HOME.webp","type":"image\/webp"}],"twitter_card":"summary_large_image","twitter_misc":{"Gesch\u00e4tzte Lesezeit":"4\u00a0Minuten"},"schema":{"@context":"https:\/\/schema.org","@graph":[{"@type":"WebPage","@id":"https:\/\/bertrand.pl\/produkt\/somfy\/","url":"https:\/\/bertrand.pl\/produkt\/somfy\/","name":"Akcesoria Somfy - Bertrand. Najwy\u017cszej jako\u015bci okna i drzwi. Certyfikowany producent od 1969 roku.","isPartOf":{"@id":"https:\/\/bertrand.pl\/#website"},"primaryImageOfPage":{"@id":"https:\/\/bertrand.pl\/produkt\/somfy\/#primaryimage"},"image":{"@id":"https:\/\/bertrand.pl\/produkt\/somfy\/#primaryimage"},"thumbnailUrl":"https:\/\/bertrand.pl\/wp-content\/uploads\/2024\/07\/TaHoma_switch_LP_app_screens_625x625_MY_HOME.webp","datePublished":"2024-07-04T06:25:50+00:00","dateModified":"2025-01-13T14:14:07+00:00","description":"Somfy, ein Smart Home f\u00fcr Sie! Entdecken Sie fortschrittliches Zubeh\u00f6r, das Ihr Zuhause noch moderner und funktionaler macht.","breadcrumb":{"@id":"https:\/\/bertrand.pl\/produkt\/somfy\/#breadcrumb"},"inLanguage":"de","potentialAction":[{"@type":"ReadAction","target":["https:\/\/bertrand.pl\/produkt\/somfy\/"]}]},{"@type":"ImageObject","inLanguage":"de","@id":"https:\/\/bertrand.pl\/produkt\/somfy\/#primaryimage","url":"https:\/\/bertrand.pl\/wp-content\/uploads\/2024\/07\/TaHoma_switch_LP_app_screens_625x625_MY_HOME.webp","contentUrl":"https:\/\/bertrand.pl\/wp-content\/uploads\/2024\/07\/TaHoma_switch_LP_app_screens_625x625_MY_HOME.webp","width":400,"height":400},{"@type":"BreadcrumbList","@id":"https:\/\/bertrand.pl\/produkt\/somfy\/#breadcrumb","itemListElement":[{"@type":"ListItem","position":1,"name":"Strona g\u0142\u00f3wna","item":"https:\/\/bertrand.pl\/"},{"@type":"ListItem","position":2,"name":"Produits","item":"https:\/\/bertrand.pl\/fr\/shop\/"},{"@type":"ListItem","position":3,"name":"Akcesoria Somfy"}]},{"@type":"WebSite","@id":"https:\/\/bertrand.pl\/#website","url":"https:\/\/bertrand.pl\/","name":"Bertrand.pl","description":"Firma Bertrand to certyfikowany i uznany producent najwy\u017cszej jako\u015bci okien z PVC, z drewna lub aluminium. Produkcja drzwi, rolet i bram gara\u017cowych.","publisher":{"@id":"https:\/\/bertrand.pl\/#organization"},"potentialAction":[{"@type":"SearchAction","target":{"@type":"EntryPoint","urlTemplate":"https:\/\/bertrand.pl\/?s={search_term_string}"},"query-input":{"@type":"PropertyValueSpecification","valueRequired":true,"valueName":"search_term_string"}}],"inLanguage":"de"},{"@type":"Organization","@id":"https:\/\/bertrand.pl\/#organization","name":"Bertrand.pl","url":"https:\/\/bertrand.pl\/","logo":{"@type":"ImageObject","inLanguage":"de","@id":"https:\/\/bertrand.pl\/#\/schema\/logo\/image\/","url":"https:\/\/bertrand.pl\/wp-content\/uploads\/2024\/12\/logo_BB_TM_PL_black.png","contentUrl":"https:\/\/bertrand.pl\/wp-content\/uploads\/2024\/12\/logo_BB_TM_PL_black.png","width":1831,"height":1831,"caption":"Bertrand.pl"},"image":{"@id":"https:\/\/bertrand.pl\/#\/schema\/logo\/image\/"},"sameAs":["https:\/\/www.facebook.com\/bertrandpolska\/","https:\/\/www.instagram.com\/bertrand_okna_i_drzwi\/","https:\/\/www.linkedin.com\/company\/bertrand\/","https:\/\/www.tiktok.com\/@bertrand_okna_drzwi"]}]}},"_links":{"self":[{"href":"https:\/\/bertrand.pl\/de\/wp-json\/wp\/v2\/product\/4126","targetHints":{"allow":["GET"]}}],"collection":[{"href":"https:\/\/bertrand.pl\/de\/wp-json\/wp\/v2\/product"}],"about":[{"href":"https:\/\/bertrand.pl\/de\/wp-json\/wp\/v2\/types\/product"}],"wp:featuredmedia":[{"embeddable":true,"href":"https:\/\/bertrand.pl\/de\/wp-json\/wp\/v2\/media\/4770"}],"wp:attachment":[{"href":"https:\/\/bertrand.pl\/de\/wp-json\/wp\/v2\/media?parent=4126"}],"wp:term":[{"taxonomy":"product_brand","embeddable":true,"href":"https:\/\/bertrand.pl\/de\/wp-json\/wp\/v2\/product_brand?post=4126"},{"taxonomy":"product_cat","embeddable":true,"href":"https:\/\/bertrand.pl\/de\/wp-json\/wp\/v2\/product_cat?post=4126"},{"taxonomy":"product_tag","embeddable":true,"href":"https:\/\/bertrand.pl\/de\/wp-json\/wp\/v2\/product_tag?post=4126"}],"curies":[{"name":"wp","href":"https:\/\/api.w.org\/{rel}","templated":true}]}}