{"id":4132,"date":"2024-07-04T14:10:46","date_gmt":"2024-07-04T12:10:46","guid":{"rendered":"https:\/\/bertrand.pl\/?post_type=product&#038;p=4132"},"modified":"2025-03-07T12:02:30","modified_gmt":"2025-03-07T11:02:30","slug":"szf-p-fassadenrollo-in-der-unterputzversion","status":"publish","type":"product","link":"https:\/\/bertrand.pl\/de\/produkt\/zaluzja-fasadowa-szf-p-w-wersji-podtynkowej\/","title":{"rendered":"Fassadenjalousien SZF\/P in fl\u00e4chenb\u00fcndiger Ausf\u00fchrung"},"content":{"rendered":"<h3>Fassadenjalousien SZF\/P \u2013 eine fl\u00e4chenb\u00fcndige L\u00f6sung f\u00fcr moderne Geb\u00e4ude<\/h3>\n<p>&nbsp;<\/p>\n<p><strong>Fassadenjalousien SZF\/P in fl\u00e4chenb\u00fcndiger Ausf\u00fchrung<\/strong> ist eine innovative L\u00f6sung, die f\u00fcr Neubauten und die Modernisierung bestehender Anlagen konzipiert wurde. Dank der Verwendung einer stranggepressten Aluminiumstruktur und eines speziellen Putztr\u00e4gers erm\u00f6glicht die Abdeckkassette eine \u00e4sthetische Veredelung der Fassade mit jeder Putzart. Diese Kombination garantiert nicht nur Langlebigkeit, sondern auch ein harmonisches Erscheinungsbild der Fassade.<\/p>\n<p>&nbsp;<\/p>\n<h3>Merkmale des SZF\/P-Systems<\/h3>\n<p>&nbsp;<\/p>\n<ul>\n<li><strong>Kassette abdecken<\/strong>: Hergestellt aus Aluminium, ausgestattet mit einem Putztr\u00e4ger, der eine vollst\u00e4ndige Integration in die Fassade erm\u00f6glicht. Dadurch wird die Kassette unsichtbar, was die \u00c4sthetik des Geb\u00e4udes unterstreicht.<\/li>\n<li><strong>Spezielle F\u00fchrer<\/strong>: Das System ist mit Rund- und Vierkantf\u00fchrungen kompatibel, die auch in selbsttragender und adaptiver Ausf\u00fchrung zum Einsatz kommen. Dadurch bietet das System umfangreiche Konfigurationsm\u00f6glichkeiten.<\/li>\n<li><strong>Aluminiumlamellen<\/strong>:\n<ul>\n<li><strong>C<\/strong>: Beidseitig gebogen, zeichnen sie sich durch hohe Steifigkeit und Windbest\u00e4ndigkeit aus. Sie k\u00f6nnen von 0 bis 180\u00b0 gedreht werden.<\/li>\n<li><strong>MIT<\/strong>: Sie sorgen durch Schallschutzdichtungen f\u00fcr eine st\u00e4rkere Verdunkelung und zus\u00e4tzliche Schalld\u00e4mmung. Sie drehen sich von 0 bis 90\u00b0.<\/li>\n<\/ul>\n<\/li>\n<li><strong>Pin-Optionen<\/strong>: Anwender k\u00f6nnen zwischen Stahlstiften, die eine h\u00f6here Haltbarkeit garantieren, oder PVC-Stiften, die Windger\u00e4usche effektiv reduzieren, w\u00e4hlen.<\/li>\n<\/ul>\n<h3>Maximale Abmessungen und Flexibilit\u00e4t<\/h3>\n<p>&nbsp;<\/p>\n<p>Die Jalousie SZF\/P in der Einbauversion erm\u00f6glicht die Umsetzung gro\u00dfer Projekte. Das System unterst\u00fctzt maximale Abmessungen von 4.500 mm Breite und 4.000 mm H\u00f6he, was eine Fl\u00e4che von bis zu 18 m\u00b2 ergibt. Damit eignet es sich perfekt f\u00fcr Geb\u00e4ude mit gro\u00dfen Verglasungen, wie zum Beispiel B\u00fcrogeb\u00e4ude, Hotels oder moderne Einfamilienh\u00e4user.<\/p>\n<p>&nbsp;<\/p>\n<h3>\u00c4sthetik und Funktionalit\u00e4t in einem<\/h3>\n<p>&nbsp;<\/p>\n<p>Das SZF\/P-System vereint modernes Design mit praktischen L\u00f6sungen. Die Kassette, die integraler Bestandteil der Fassade ist, sorgt f\u00fcr ein stimmiges und elegantes Erscheinungsbild des Geb\u00e4udes. Die Lamellen sch\u00fctzen nicht nur effektiv vor der Sonne, sondern verbessern auch den thermischen und akustischen Komfort in den R\u00e4umen. Dank der vielf\u00e4ltigen Konfigurationsm\u00f6glichkeiten k\u00f6nnen die Jalousien an individuelle Bed\u00fcrfnisse angepasst werden.<\/p>\n<p>&nbsp;<\/p>\n<h3>Perfekt f\u00fcr moderne Geb\u00e4ude<\/h3>\n<p>&nbsp;<\/p>\n<p>Die Fassadenjalousie SZF\/P in der Einbauversion ist eine L\u00f6sung, die perfekt zu den Anforderungen des modernen Bauens passt. Dank seiner Langlebigkeit, Montageflexibilit\u00e4t und hohen \u00c4sthetik erf\u00fcllt dieses System die Erwartungen sowohl von Investoren als auch von Architekten. Es ist eine ausgezeichnete Wahl f\u00fcr Geb\u00e4ude, bei denen Eleganz der Fassade, Nutzungskomfort und modernes Erscheinungsbild wichtig sind.<\/p>\n<p>&nbsp;<\/p>\n<figure id=\"attachment_4133\" aria-describedby=\"caption-attachment-4133\" style=\"width: 326px\" class=\"wp-caption alignnone\"><img fetchpriority=\"high\" decoding=\"async\" class=\"wp-image-4133 size-full\" src=\"https:\/\/bertrand.pl\/wp-content\/uploads\/2024\/07\/zaluzje_podtynkowe.jpg\" alt=\"Die Fassadenjalousie SZF\/P in der Einbauversion ist eine L\u00f6sung, die perfekt zu den Anforderungen des modernen Bauens passt.\" width=\"326\" height=\"377\" srcset=\"https:\/\/bertrand.pl\/wp-content\/uploads\/2024\/07\/zaluzje_podtynkowe.jpg 326w, https:\/\/bertrand.pl\/wp-content\/uploads\/2024\/07\/zaluzje_podtynkowe-10x12.jpg 10w\" sizes=\"(max-width: 326px) 100vw, 326px\" \/><figcaption id=\"caption-attachment-4133\" class=\"wp-caption-text\">Fassadenjalousien in fl\u00e4chenb\u00fcndiger Ausf\u00fchrung.<\/figcaption><\/figure>\n<p><img decoding=\"async\" class=\"alignnone wp-image-4185\" src=\"https:\/\/bertrand.pl\/wp-content\/uploads\/2024\/07\/logo.svg\" alt=\"\" width=\"198\" height=\"51\" \/><\/p>\n<p>&nbsp;<\/p>\n<h4><strong>SEHEN SIE AUCH:<\/strong><\/h4>\n<p>&nbsp;<\/p>\n<p><a href=\"https:\/\/bertrand.pl\/de\/franzosische-wanderer\/\">Franz\u00f6sische Balkone \u2013 Bertrand.pl<\/a><\/p>\n<p><a href=\"https:\/\/www.youtube.com\/watch?v=EnwOhsqrUBA&amp;t=368s\">Bertrand in Las Vegas \u2013 IBS 2024<\/a><\/p>","protected":false},"excerpt":{"rendered":"<p>Die Fassadenjalousie SZF\/P in der Einbauversion ist f\u00fcr den Einbau in neu errichtete Geb\u00e4ude oder bestehende Anlagen nach Vornahme der notwendigen \u00c4nderungen am Sturz vorgesehen.<\/p>","protected":false},"featured_media":4134,"template":"","meta":{"site-sidebar-layout":"default","site-content-layout":"","ast-site-content-layout":"default","site-content-style":"default","site-sidebar-style":"default","ast-global-header-display":"","ast-banner-title-visibility":"","ast-main-header-display":"","ast-hfb-above-header-display":"","ast-hfb-below-header-display":"","ast-hfb-mobile-header-display":"","site-post-title":"","ast-breadcrumbs-content":"","ast-featured-img":"","footer-sml-layout":"","ast-disable-related-posts":"","theme-transparent-header-meta":"default","adv-header-id-meta":"","stick-header-meta":"","header-above-stick-meta":"","header-main-stick-meta":"","header-below-stick-meta":"","astra-migrate-meta-layouts":"set","ast-page-background-enabled":"default","ast-page-background-meta":{"desktop":{"background-color":"var(--ast-global-color-4)","background-image":"","background-repeat":"repeat","background-position":"center center","background-size":"auto","background-attachment":"scroll","background-type":"","background-media":"","overlay-type":"","overlay-color":"","overlay-opacity":"","overlay-gradient":""},"tablet":{"background-color":"","background-image":"","background-repeat":"repeat","background-position":"center center","background-size":"auto","background-attachment":"scroll","background-type":"","background-media":"","overlay-type":"","overlay-color":"","overlay-opacity":"","overlay-gradient":""},"mobile":{"background-color":"","background-image":"","background-repeat":"repeat","background-position":"center center","background-size":"auto","background-attachment":"scroll","background-type":"","background-media":"","overlay-type":"","overlay-color":"","overlay-opacity":"","overlay-gradient":""}},"ast-content-background-meta":{"desktop":{"background-color":"var(--ast-global-color-5)","background-image":"","background-repeat":"repeat","background-position":"center center","background-size":"auto","background-attachment":"scroll","background-type":"","background-media":"","overlay-type":"","overlay-color":"","overlay-opacity":"","overlay-gradient":""},"tablet":{"background-color":"var(--ast-global-color-5)","background-image":"","background-repeat":"repeat","background-position":"center center","background-size":"auto","background-attachment":"scroll","background-type":"","background-media":"","overlay-type":"","overlay-color":"","overlay-opacity":"","overlay-gradient":""},"mobile":{"background-color":"var(--ast-global-color-5)","background-image":"","background-repeat":"repeat","background-position":"center center","background-size":"auto","background-attachment":"scroll","background-type":"","background-media":"","overlay-type":"","overlay-color":"","overlay-opacity":"","overlay-gradient":""}}},"product_brand":[],"product_cat":[22],"product_tag":[168,571,1061,1117,1086,1071,1072,1073,1102,1111,732,1079,1105,1113,1115,1114,1089,1091,1074,1110,1093,1075,513,1116,520,1109,522,521,1112],"class_list":{"0":"post-4132","1":"product","2":"type-product","3":"status-publish","4":"has-post-thumbnail","6":"product_cat-zaluzje-fasadowe","7":"product_tag-bertrand","8":"product_tag-ekstrudowane-aluminium","9":"product_tag-estetyka-elewacji","10":"product_tag-funkcjonalnosc-oslon","11":"product_tag-kaseta-oslonowa","12":"product_tag-lamele-aluminiowe","13":"product_tag-lamele-c","14":"product_tag-lamele-z","15":"product_tag-nosnik-tynku","16":"product_tag-nowe-budynki","17":"product_tag-odpornosc-na-wiatr","18":"product_tag-piny-pvc","19":"product_tag-powierzchnia-zaluzji","20":"product_tag-prowadnice-do-zabudowy","21":"product_tag-prowadnice-kwadratowe","22":"product_tag-prowadnice-okragle","23":"product_tag-stalowe-piny","24":"product_tag-trwalosc-zaluzji","25":"product_tag-uszczelki-wygluszajace","26":"product_tag-wersja-podtynkowa","27":"product_tag-wymiary-zaluzji","28":"product_tag-zaciemnienie","29":"product_tag-zaluzje","30":"product_tag-zaluzje-do-nowych-obiektow","31":"product_tag-zaluzje-fasadowe","32":"product_tag-zaluzje-fasadowe-szf-p","33":"product_tag-zaluzje-okienne","34":"product_tag-zaluzje-podtynkowe","35":"product_tag-zmiany-w-nadprozu","36":"desktop-align-left","37":"tablet-align-left","38":"mobile-align-left","40":"first","41":"instock","42":"shipping-taxable","43":"product-type-simple"},"yoast_head":"<!-- This site is optimized with the Yoast SEO Premium plugin v27.2 (Yoast SEO v27.2) - https:\/\/yoast.com\/product\/yoast-seo-premium-wordpress\/ -->\n<title>\u017baluzja fasadowa SZF\/P w wersji podtynkowej - Bertrand. Najwy\u017cszej jako\u015bci okna i drzwi. Certyfikowany producent od 1969 roku.<\/title>\n<meta name=\"description\" content=\"\u017baluzja fasadowa SZF\/P w wersji podtynkowej sprawdzi si\u0119 w budynkach, gdzie liczy si\u0119 trwa\u0142o\u015b\u0107, komfort termiczny i elegancja elewacji.\" \/>\n<meta name=\"robots\" content=\"index, follow, max-snippet:-1, max-image-preview:large, max-video-preview:-1\" \/>\n<link rel=\"canonical\" href=\"https:\/\/bertrand.pl\/de\/produkt\/szf-p-fassadenrollo-in-der-unterputzversion\/\" \/>\n<meta property=\"og:locale\" content=\"de_DE\" \/>\n<meta property=\"og:type\" content=\"article\" \/>\n<meta property=\"og:title\" content=\"\u017baluzja fasadowa SZF\/P w wersji podtynkowej\" \/>\n<meta property=\"og:description\" content=\"\u017baluzja fasadowa SZF\/P w wersji podtynkowej sprawdzi si\u0119 w budynkach, gdzie liczy si\u0119 trwa\u0142o\u015b\u0107, komfort termiczny i elegancja elewacji.\" \/>\n<meta property=\"og:url\" content=\"https:\/\/bertrand.pl\/de\/produkt\/szf-p-fassadenrollo-in-der-unterputzversion\/\" \/>\n<meta property=\"og:site_name\" content=\"Bertrand. Najwy\u017cszej jako\u015bci okna i drzwi. Certyfikowany producent od 1969 roku.\" \/>\n<meta property=\"article:publisher\" content=\"https:\/\/www.facebook.com\/bertrandpolska\/\" \/>\n<meta property=\"article:modified_time\" content=\"2025-03-07T11:02:30+00:00\" \/>\n<meta property=\"og:image\" content=\"https:\/\/bertrand.pl\/wp-content\/uploads\/2024\/07\/skyflow_szf_p_4_0_0.jpg\" \/>\n\t<meta property=\"og:image:width\" content=\"450\" \/>\n\t<meta property=\"og:image:height\" content=\"450\" \/>\n\t<meta property=\"og:image:type\" content=\"image\/jpeg\" \/>\n<meta name=\"twitter:card\" content=\"summary_large_image\" \/>\n<meta name=\"twitter:label1\" content=\"Gesch\u00e4tzte Lesezeit\" \/>\n\t<meta name=\"twitter:data1\" content=\"3\u00a0Minuten\" \/>\n<script type=\"application\/ld+json\" class=\"yoast-schema-graph\">{\"@context\":\"https:\/\/schema.org\",\"@graph\":[{\"@type\":\"WebPage\",\"@id\":\"https:\/\/bertrand.pl\/produkt\/zaluzja-fasadowa-szf-p-w-wersji-podtynkowej\/\",\"url\":\"https:\/\/bertrand.pl\/produkt\/zaluzja-fasadowa-szf-p-w-wersji-podtynkowej\/\",\"name\":\"\u017baluzja fasadowa SZF\/P w wersji podtynkowej - Bertrand. Najwy\u017cszej jako\u015bci okna i drzwi. Certyfikowany producent od 1969 roku.\",\"isPartOf\":{\"@id\":\"https:\/\/bertrand.pl\/#website\"},\"primaryImageOfPage\":{\"@id\":\"https:\/\/bertrand.pl\/produkt\/zaluzja-fasadowa-szf-p-w-wersji-podtynkowej\/#primaryimage\"},\"image\":{\"@id\":\"https:\/\/bertrand.pl\/produkt\/zaluzja-fasadowa-szf-p-w-wersji-podtynkowej\/#primaryimage\"},\"thumbnailUrl\":\"https:\/\/bertrand.pl\/wp-content\/uploads\/2024\/07\/skyflow_szf_p_4_0_0.jpg\",\"datePublished\":\"2024-07-04T12:10:46+00:00\",\"dateModified\":\"2025-03-07T11:02:30+00:00\",\"description\":\"\u017baluzja fasadowa SZF\/P w wersji podtynkowej sprawdzi si\u0119 w budynkach, gdzie liczy si\u0119 trwa\u0142o\u015b\u0107, komfort termiczny i elegancja elewacji.\",\"breadcrumb\":{\"@id\":\"https:\/\/bertrand.pl\/produkt\/zaluzja-fasadowa-szf-p-w-wersji-podtynkowej\/#breadcrumb\"},\"inLanguage\":\"de\",\"potentialAction\":[{\"@type\":\"ReadAction\",\"target\":[\"https:\/\/bertrand.pl\/produkt\/zaluzja-fasadowa-szf-p-w-wersji-podtynkowej\/\"]}]},{\"@type\":\"ImageObject\",\"inLanguage\":\"de\",\"@id\":\"https:\/\/bertrand.pl\/produkt\/zaluzja-fasadowa-szf-p-w-wersji-podtynkowej\/#primaryimage\",\"url\":\"https:\/\/bertrand.pl\/wp-content\/uploads\/2024\/07\/skyflow_szf_p_4_0_0.jpg\",\"contentUrl\":\"https:\/\/bertrand.pl\/wp-content\/uploads\/2024\/07\/skyflow_szf_p_4_0_0.jpg\",\"width\":450,\"height\":450},{\"@type\":\"BreadcrumbList\",\"@id\":\"https:\/\/bertrand.pl\/produkt\/zaluzja-fasadowa-szf-p-w-wersji-podtynkowej\/#breadcrumb\",\"itemListElement\":[{\"@type\":\"ListItem\",\"position\":1,\"name\":\"Strona g\u0142\u00f3wna\",\"item\":\"https:\/\/bertrand.pl\/\"},{\"@type\":\"ListItem\",\"position\":2,\"name\":\"Produits\",\"item\":\"https:\/\/bertrand.pl\/fr\/shop\/\"},{\"@type\":\"ListItem\",\"position\":3,\"name\":\"\u017baluzja fasadowa SZF\/P w wersji podtynkowej\"}]},{\"@type\":\"WebSite\",\"@id\":\"https:\/\/bertrand.pl\/#website\",\"url\":\"https:\/\/bertrand.pl\/\",\"name\":\"Bertrand.pl\",\"description\":\"Firma Bertrand to certyfikowany i uznany producent najwy\u017cszej jako\u015bci okien z PVC, z drewna lub aluminium. Produkcja drzwi, rolet i bram gara\u017cowych.\",\"publisher\":{\"@id\":\"https:\/\/bertrand.pl\/#organization\"},\"potentialAction\":[{\"@type\":\"SearchAction\",\"target\":{\"@type\":\"EntryPoint\",\"urlTemplate\":\"https:\/\/bertrand.pl\/?s={search_term_string}\"},\"query-input\":{\"@type\":\"PropertyValueSpecification\",\"valueRequired\":true,\"valueName\":\"search_term_string\"}}],\"inLanguage\":\"de\"},{\"@type\":\"Organization\",\"@id\":\"https:\/\/bertrand.pl\/#organization\",\"name\":\"Bertrand.pl\",\"url\":\"https:\/\/bertrand.pl\/\",\"logo\":{\"@type\":\"ImageObject\",\"inLanguage\":\"de\",\"@id\":\"https:\/\/bertrand.pl\/#\/schema\/logo\/image\/\",\"url\":\"https:\/\/bertrand.pl\/wp-content\/uploads\/2024\/12\/logo_BB_TM_PL_black.png\",\"contentUrl\":\"https:\/\/bertrand.pl\/wp-content\/uploads\/2024\/12\/logo_BB_TM_PL_black.png\",\"width\":1831,\"height\":1831,\"caption\":\"Bertrand.pl\"},\"image\":{\"@id\":\"https:\/\/bertrand.pl\/#\/schema\/logo\/image\/\"},\"sameAs\":[\"https:\/\/www.facebook.com\/bertrandpolska\/\",\"https:\/\/www.instagram.com\/bertrand_okna_i_drzwi\/\",\"https:\/\/www.linkedin.com\/company\/bertrand\/\",\"https:\/\/www.tiktok.com\/@bertrand_okna_drzwi\"]}]}<\/script>\n<!-- \/ Yoast SEO Premium plugin. -->","yoast_head_json":{"title":"\u017baluzja fasadowa SZF\/P w wersji podtynkowej - Bertrand. Najwy\u017cszej jako\u015bci okna i drzwi. Certyfikowany producent od 1969 roku.","description":"Die Fassadenjalousie SZF\/P in der Einbauversion eignet sich gut f\u00fcr Geb\u00e4ude, in denen Haltbarkeit, thermischer Komfort und Eleganz der Fassade wichtig sind.","robots":{"index":"index","follow":"follow","max-snippet":"max-snippet:-1","max-image-preview":"max-image-preview:large","max-video-preview":"max-video-preview:-1"},"canonical":"https:\/\/bertrand.pl\/de\/produkt\/szf-p-fassadenrollo-in-der-unterputzversion\/","og_locale":"de_DE","og_type":"article","og_title":"\u017baluzja fasadowa SZF\/P w wersji podtynkowej","og_description":"\u017baluzja fasadowa SZF\/P w wersji podtynkowej sprawdzi si\u0119 w budynkach, gdzie liczy si\u0119 trwa\u0142o\u015b\u0107, komfort termiczny i elegancja elewacji.","og_url":"https:\/\/bertrand.pl\/de\/produkt\/szf-p-fassadenrollo-in-der-unterputzversion\/","og_site_name":"Bertrand. Najwy\u017cszej jako\u015bci okna i drzwi. Certyfikowany producent od 1969 roku.","article_publisher":"https:\/\/www.facebook.com\/bertrandpolska\/","article_modified_time":"2025-03-07T11:02:30+00:00","og_image":[{"width":450,"height":450,"url":"https:\/\/bertrand.pl\/wp-content\/uploads\/2024\/07\/skyflow_szf_p_4_0_0.jpg","type":"image\/jpeg"}],"twitter_card":"summary_large_image","twitter_misc":{"Gesch\u00e4tzte Lesezeit":"3\u00a0Minuten"},"schema":{"@context":"https:\/\/schema.org","@graph":[{"@type":"WebPage","@id":"https:\/\/bertrand.pl\/produkt\/zaluzja-fasadowa-szf-p-w-wersji-podtynkowej\/","url":"https:\/\/bertrand.pl\/produkt\/zaluzja-fasadowa-szf-p-w-wersji-podtynkowej\/","name":"\u017baluzja fasadowa SZF\/P w wersji podtynkowej - Bertrand. Najwy\u017cszej jako\u015bci okna i drzwi. Certyfikowany producent od 1969 roku.","isPartOf":{"@id":"https:\/\/bertrand.pl\/#website"},"primaryImageOfPage":{"@id":"https:\/\/bertrand.pl\/produkt\/zaluzja-fasadowa-szf-p-w-wersji-podtynkowej\/#primaryimage"},"image":{"@id":"https:\/\/bertrand.pl\/produkt\/zaluzja-fasadowa-szf-p-w-wersji-podtynkowej\/#primaryimage"},"thumbnailUrl":"https:\/\/bertrand.pl\/wp-content\/uploads\/2024\/07\/skyflow_szf_p_4_0_0.jpg","datePublished":"2024-07-04T12:10:46+00:00","dateModified":"2025-03-07T11:02:30+00:00","description":"Die Fassadenjalousie SZF\/P in der Einbauversion eignet sich gut f\u00fcr Geb\u00e4ude, in denen Haltbarkeit, thermischer Komfort und Eleganz der Fassade wichtig sind.","breadcrumb":{"@id":"https:\/\/bertrand.pl\/produkt\/zaluzja-fasadowa-szf-p-w-wersji-podtynkowej\/#breadcrumb"},"inLanguage":"de","potentialAction":[{"@type":"ReadAction","target":["https:\/\/bertrand.pl\/produkt\/zaluzja-fasadowa-szf-p-w-wersji-podtynkowej\/"]}]},{"@type":"ImageObject","inLanguage":"de","@id":"https:\/\/bertrand.pl\/produkt\/zaluzja-fasadowa-szf-p-w-wersji-podtynkowej\/#primaryimage","url":"https:\/\/bertrand.pl\/wp-content\/uploads\/2024\/07\/skyflow_szf_p_4_0_0.jpg","contentUrl":"https:\/\/bertrand.pl\/wp-content\/uploads\/2024\/07\/skyflow_szf_p_4_0_0.jpg","width":450,"height":450},{"@type":"BreadcrumbList","@id":"https:\/\/bertrand.pl\/produkt\/zaluzja-fasadowa-szf-p-w-wersji-podtynkowej\/#breadcrumb","itemListElement":[{"@type":"ListItem","position":1,"name":"Strona g\u0142\u00f3wna","item":"https:\/\/bertrand.pl\/"},{"@type":"ListItem","position":2,"name":"Produits","item":"https:\/\/bertrand.pl\/fr\/shop\/"},{"@type":"ListItem","position":3,"name":"\u017baluzja fasadowa SZF\/P w wersji podtynkowej"}]},{"@type":"WebSite","@id":"https:\/\/bertrand.pl\/#website","url":"https:\/\/bertrand.pl\/","name":"Bertrand.pl","description":"Firma Bertrand to certyfikowany i uznany producent najwy\u017cszej jako\u015bci okien z PVC, z drewna lub aluminium. Produkcja drzwi, rolet i bram gara\u017cowych.","publisher":{"@id":"https:\/\/bertrand.pl\/#organization"},"potentialAction":[{"@type":"SearchAction","target":{"@type":"EntryPoint","urlTemplate":"https:\/\/bertrand.pl\/?s={search_term_string}"},"query-input":{"@type":"PropertyValueSpecification","valueRequired":true,"valueName":"search_term_string"}}],"inLanguage":"de"},{"@type":"Organization","@id":"https:\/\/bertrand.pl\/#organization","name":"Bertrand.pl","url":"https:\/\/bertrand.pl\/","logo":{"@type":"ImageObject","inLanguage":"de","@id":"https:\/\/bertrand.pl\/#\/schema\/logo\/image\/","url":"https:\/\/bertrand.pl\/wp-content\/uploads\/2024\/12\/logo_BB_TM_PL_black.png","contentUrl":"https:\/\/bertrand.pl\/wp-content\/uploads\/2024\/12\/logo_BB_TM_PL_black.png","width":1831,"height":1831,"caption":"Bertrand.pl"},"image":{"@id":"https:\/\/bertrand.pl\/#\/schema\/logo\/image\/"},"sameAs":["https:\/\/www.facebook.com\/bertrandpolska\/","https:\/\/www.instagram.com\/bertrand_okna_i_drzwi\/","https:\/\/www.linkedin.com\/company\/bertrand\/","https:\/\/www.tiktok.com\/@bertrand_okna_drzwi"]}]}},"_links":{"self":[{"href":"https:\/\/bertrand.pl\/de\/wp-json\/wp\/v2\/product\/4132","targetHints":{"allow":["GET"]}}],"collection":[{"href":"https:\/\/bertrand.pl\/de\/wp-json\/wp\/v2\/product"}],"about":[{"href":"https:\/\/bertrand.pl\/de\/wp-json\/wp\/v2\/types\/product"}],"wp:featuredmedia":[{"embeddable":true,"href":"https:\/\/bertrand.pl\/de\/wp-json\/wp\/v2\/media\/4134"}],"wp:attachment":[{"href":"https:\/\/bertrand.pl\/de\/wp-json\/wp\/v2\/media?parent=4132"}],"wp:term":[{"taxonomy":"product_brand","embeddable":true,"href":"https:\/\/bertrand.pl\/de\/wp-json\/wp\/v2\/product_brand?post=4132"},{"taxonomy":"product_cat","embeddable":true,"href":"https:\/\/bertrand.pl\/de\/wp-json\/wp\/v2\/product_cat?post=4132"},{"taxonomy":"product_tag","embeddable":true,"href":"https:\/\/bertrand.pl\/de\/wp-json\/wp\/v2\/product_tag?post=4132"}],"curies":[{"name":"wp","href":"https:\/\/api.w.org\/{rel}","templated":true}]}}