{"id":4136,"date":"2024-07-04T14:21:32","date_gmt":"2024-07-04T12:21:32","guid":{"rendered":"https:\/\/bertrand.pl\/?post_type=product&#038;p=4136"},"modified":"2025-03-07T12:01:48","modified_gmt":"2025-03-07T11:01:48","slug":"fassadenrollo-in-der-einbauversion-2","status":"publish","type":"product","link":"https:\/\/bertrand.pl\/de\/produkt\/zaluzja-fasadowa-w-wersji-podtynkowej-2\/","title":{"rendered":"Unterputz-Fassadenjalousie"},"content":{"rendered":"<h3>Fassadenjalousien SZF\/BX in der Einbauversion \u2013 schnelle Montage und modernes Design<\/h3>\n<p>&nbsp;<\/p>\n<p>Die Fassadenjalousie SZF\/BX in der Einbauversion ist f\u00fcr eine schnelle und einfache Montage konzipiert <strong>moderne Geb\u00e4ude<\/strong>. Dank der Struktur des Abdeckkastens aus gebogenem Aluminiumblech l\u00e4sst sich das System in die Fassade integrieren und verleiht ihm ein \u00e4sthetisches Erscheinungsbild. Durch den beidseitigen Gipstr\u00e4ger kann die Box mit jedem Gipsmaterial veredelt werden.<\/p>\n<h4><strong>Merkmale des SZF\/BX-Systems<\/strong>:<\/h4>\n<p>&nbsp;<\/p>\n<ul>\n<li><strong>Universelle F\u00fchrer<\/strong> \u2013 erh\u00e4ltlich in zwei Gr\u00f6\u00dfen, speziell f\u00fcr die Aufputzmontage, mit der M\u00f6glichkeit, Aluminium- und Kabelf\u00fchrungen in einem Set zu verwenden, auch f\u00fcr Ecken.<\/li>\n<li><strong>Aluminiumlamellen<\/strong> \u2013\n<ul>\n<li><strong>C<\/strong> \u2013 beidseitig gefaltet, windfest, drehbar von 0 bis 180\u00b0.<\/li>\n<li><strong>MIT<\/strong> \u2013 Design f\u00fcr bessere Verdunkelung, schalld\u00e4mmende Dichtungen, Drehung von 0\u201390\u00b0.<\/li>\n<\/ul>\n<\/li>\n<li><strong>Haltbarkeit und Funktionalit\u00e4t<\/strong> \u2013 Verf\u00fcgbare Stahlstifte f\u00fcr l\u00e4ngere Haltbarkeit und PVC zur Ger\u00e4uschreduzierung.<\/li>\n<\/ul>\n<h4><strong>Maximale Abmessungen<\/strong>:<\/h4>\n<p>&nbsp;<\/p>\n<ul>\n<li>Maximale Breite 4500 mm und H\u00f6he 4000 mm, wodurch Sie eine Blindfl\u00e4che von bis zu 18 m\u00b2 schaffen k\u00f6nnen.<\/li>\n<\/ul>\n<h4><\/h4>\n<p>Die Fassadenjalousie SZF\/BX ist <strong>innovative L\u00f6sung<\/strong>, das Haltbarkeit, \u00c4sthetik und einfache Installation vereint. Perfekt f\u00fcr moderne Bauprojekte, bietet es thermischen und akustischen Komfort sowie Schutz vor der Sonne.<\/p>\n<figure id=\"attachment_4138\" aria-describedby=\"caption-attachment-4138\" style=\"width: 332px\" class=\"wp-caption alignnone\"><img fetchpriority=\"high\" decoding=\"async\" class=\"wp-image-4138 size-full\" src=\"https:\/\/bertrand.pl\/wp-content\/uploads\/2024\/07\/zaluzja-podtynkowa-b.jpg\" alt=\"Fassadenjalousien SZF\/BX in fl\u00e4chenb\u00fcndiger Ausf\u00fchrung. \" width=\"332\" height=\"377\" srcset=\"https:\/\/bertrand.pl\/wp-content\/uploads\/2024\/07\/zaluzja-podtynkowa-b.jpg 332w, https:\/\/bertrand.pl\/wp-content\/uploads\/2024\/07\/zaluzja-podtynkowa-b-11x12.jpg 11w\" sizes=\"(max-width: 332px) 100vw, 332px\" \/><figcaption id=\"caption-attachment-4138\" class=\"wp-caption-text\">Jalousien in der Unterputzversion<\/figcaption><\/figure>\n<p><img decoding=\"async\" class=\"alignnone wp-image-4185\" src=\"https:\/\/bertrand.pl\/wp-content\/uploads\/2024\/07\/logo.svg\" alt=\"\" width=\"198\" height=\"51\" \/><\/p>\n<h4><strong>SEHEN SIE AUCH:<\/strong><\/h4>\n<p>&nbsp;<\/p>\n<p><a href=\"https:\/\/www.youtube.com\/watch?v=GKAc0wQgJYQ\">Simuliertes doppelt aufgeh\u00e4ngtes Fenster \u2013 klassischer Stil und moderne Effizienz \u2013 YouTube<\/a><\/p>\n<p><a href=\"https:\/\/bertrand.pl\/de\/franzosische-wanderer\/\">Franz\u00f6sische Balkone \u2013 Bertrand.pl<\/a><\/p>","protected":false},"excerpt":{"rendered":"<p>Die Fassadenjalousie SZF\/BX wurde haupts\u00e4chlich f\u00fcr die einfache und schnelle Installation in neu errichteten Geb\u00e4uden entwickelt.<\/p>","protected":false},"featured_media":4137,"template":"","meta":{"site-sidebar-layout":"default","site-content-layout":"","ast-site-content-layout":"default","site-content-style":"default","site-sidebar-style":"default","ast-global-header-display":"","ast-banner-title-visibility":"","ast-main-header-display":"","ast-hfb-above-header-display":"","ast-hfb-below-header-display":"","ast-hfb-mobile-header-display":"","site-post-title":"","ast-breadcrumbs-content":"","ast-featured-img":"","footer-sml-layout":"","ast-disable-related-posts":"","theme-transparent-header-meta":"default","adv-header-id-meta":"","stick-header-meta":"","header-above-stick-meta":"","header-main-stick-meta":"","header-below-stick-meta":"","astra-migrate-meta-layouts":"set","ast-page-background-enabled":"default","ast-page-background-meta":{"desktop":{"background-color":"var(--ast-global-color-4)","background-image":"","background-repeat":"repeat","background-position":"center center","background-size":"auto","background-attachment":"scroll","background-type":"","background-media":"","overlay-type":"","overlay-color":"","overlay-opacity":"","overlay-gradient":""},"tablet":{"background-color":"","background-image":"","background-repeat":"repeat","background-position":"center center","background-size":"auto","background-attachment":"scroll","background-type":"","background-media":"","overlay-type":"","overlay-color":"","overlay-opacity":"","overlay-gradient":""},"mobile":{"background-color":"","background-image":"","background-repeat":"repeat","background-position":"center center","background-size":"auto","background-attachment":"scroll","background-type":"","background-media":"","overlay-type":"","overlay-color":"","overlay-opacity":"","overlay-gradient":""}},"ast-content-background-meta":{"desktop":{"background-color":"var(--ast-global-color-5)","background-image":"","background-repeat":"repeat","background-position":"center center","background-size":"auto","background-attachment":"scroll","background-type":"","background-media":"","overlay-type":"","overlay-color":"","overlay-opacity":"","overlay-gradient":""},"tablet":{"background-color":"var(--ast-global-color-5)","background-image":"","background-repeat":"repeat","background-position":"center center","background-size":"auto","background-attachment":"scroll","background-type":"","background-media":"","overlay-type":"","overlay-color":"","overlay-opacity":"","overlay-gradient":""},"mobile":{"background-color":"var(--ast-global-color-5)","background-image":"","background-repeat":"repeat","background-position":"center center","background-size":"auto","background-attachment":"scroll","background-type":"","background-media":"","overlay-type":"","overlay-color":"","overlay-opacity":"","overlay-gradient":""}}},"product_brand":[],"product_cat":[22],"product_tag":[168,1108,1100,1071,1072,1073,1103,1102,1099,740,1106,732,1079,1105,1104,1088,1101,1089,1098,1091,1074,1093,1075,513,1107,520,1097,522,521],"class_list":{"0":"post-4136","1":"product","2":"type-product","3":"status-publish","4":"has-post-thumbnail","6":"product_cat-zaluzje-fasadowe","7":"product_tag-bertrand","8":"product_tag-funkcjonalnosc-elewacji","9":"product_tag-gieta-blacha-aluminiowa","10":"product_tag-lamele-aluminiowe","11":"product_tag-lamele-c","12":"product_tag-lamele-z","13":"product_tag-montaz-natynkowy","14":"product_tag-nosnik-tynku","15":"product_tag-nowoczesne-budynki","16":"product_tag-nowoczesny-design","17":"product_tag-ochrona-przed-sloncem","18":"product_tag-odpornosc-na-wiatr","19":"product_tag-piny-pvc","20":"product_tag-powierzchnia-zaluzji","21":"product_tag-prowadnice-aluminiowe","22":"product_tag-prowadnice-linkowe","23":"product_tag-skrzynka-oslonowa","24":"product_tag-stalowe-piny","25":"product_tag-szybki-montaz","26":"product_tag-trwalosc-zaluzji","27":"product_tag-uszczelki-wygluszajace","28":"product_tag-wymiary-zaluzji","29":"product_tag-zaciemnienie","30":"product_tag-zaluzje","31":"product_tag-zaluzje-do-nowych-budynkow","32":"product_tag-zaluzje-fasadowe","33":"product_tag-zaluzje-fasadowe-szf-bx","34":"product_tag-zaluzje-okienne","35":"product_tag-zaluzje-podtynkowe","36":"desktop-align-left","37":"tablet-align-left","38":"mobile-align-left","40":"first","41":"instock","42":"shipping-taxable","43":"product-type-simple"},"yoast_head":"<!-- This site is optimized with the Yoast SEO Premium plugin v27.2 (Yoast SEO v27.2) - https:\/\/yoast.com\/product\/yoast-seo-premium-wordpress\/ -->\n<title>\u017baluzja fasadowa w wersji podtynkowej - Bertrand. Najwy\u017cszej jako\u015bci okna i drzwi. Certyfikowany producent od 1969 roku.<\/title>\n<meta name=\"description\" content=\"\u017baluzja fasadowa w wersji podtynkowej \u0142\u0105czy trwa\u0142o\u015b\u0107, estetyk\u0119 i \u0142atwo\u015b\u0107 monta\u017cu. Zapewnia komfort termiczny i akustyczny oraz ochron\u0119 przed s\u0142o\u0144cem.\" \/>\n<meta name=\"robots\" content=\"index, follow, max-snippet:-1, max-image-preview:large, max-video-preview:-1\" \/>\n<link rel=\"canonical\" href=\"https:\/\/bertrand.pl\/de\/produkt\/fassadenrollo-in-der-einbauversion-2\/\" \/>\n<meta property=\"og:locale\" content=\"de_DE\" \/>\n<meta property=\"og:type\" content=\"article\" \/>\n<meta property=\"og:title\" content=\"\u017baluzja fasadowa w wersji podtynkowej\" \/>\n<meta property=\"og:description\" content=\"\u017baluzja fasadowa w wersji podtynkowej \u0142\u0105czy trwa\u0142o\u015b\u0107, estetyk\u0119 i \u0142atwo\u015b\u0107 monta\u017cu. Zapewnia komfort termiczny i akustyczny oraz ochron\u0119 przed s\u0142o\u0144cem.\" \/>\n<meta property=\"og:url\" content=\"https:\/\/bertrand.pl\/de\/produkt\/fassadenrollo-in-der-einbauversion-2\/\" \/>\n<meta property=\"og:site_name\" content=\"Bertrand. Najwy\u017cszej jako\u015bci okna i drzwi. Certyfikowany producent od 1969 roku.\" \/>\n<meta property=\"article:publisher\" content=\"https:\/\/www.facebook.com\/bertrandpolska\/\" \/>\n<meta property=\"article:modified_time\" content=\"2025-03-07T11:01:48+00:00\" \/>\n<meta property=\"og:image\" content=\"https:\/\/bertrand.pl\/wp-content\/uploads\/2024\/07\/skyflow_szf_bx_0.jpg\" \/>\n\t<meta property=\"og:image:width\" content=\"450\" \/>\n\t<meta property=\"og:image:height\" content=\"450\" \/>\n\t<meta property=\"og:image:type\" content=\"image\/jpeg\" \/>\n<meta name=\"twitter:card\" content=\"summary_large_image\" \/>\n<meta name=\"twitter:label1\" content=\"Gesch\u00e4tzte Lesezeit\" \/>\n\t<meta name=\"twitter:data1\" content=\"2\u00a0Minuten\" \/>\n<script type=\"application\/ld+json\" class=\"yoast-schema-graph\">{\"@context\":\"https:\/\/schema.org\",\"@graph\":[{\"@type\":\"WebPage\",\"@id\":\"https:\/\/bertrand.pl\/produkt\/zaluzja-fasadowa-w-wersji-podtynkowej-2\/\",\"url\":\"https:\/\/bertrand.pl\/produkt\/zaluzja-fasadowa-w-wersji-podtynkowej-2\/\",\"name\":\"\u017baluzja fasadowa w wersji podtynkowej - Bertrand. Najwy\u017cszej jako\u015bci okna i drzwi. Certyfikowany producent od 1969 roku.\",\"isPartOf\":{\"@id\":\"https:\/\/bertrand.pl\/#website\"},\"primaryImageOfPage\":{\"@id\":\"https:\/\/bertrand.pl\/produkt\/zaluzja-fasadowa-w-wersji-podtynkowej-2\/#primaryimage\"},\"image\":{\"@id\":\"https:\/\/bertrand.pl\/produkt\/zaluzja-fasadowa-w-wersji-podtynkowej-2\/#primaryimage\"},\"thumbnailUrl\":\"https:\/\/bertrand.pl\/wp-content\/uploads\/2024\/07\/skyflow_szf_bx_0.jpg\",\"datePublished\":\"2024-07-04T12:21:32+00:00\",\"dateModified\":\"2025-03-07T11:01:48+00:00\",\"description\":\"\u017baluzja fasadowa w wersji podtynkowej \u0142\u0105czy trwa\u0142o\u015b\u0107, estetyk\u0119 i \u0142atwo\u015b\u0107 monta\u017cu. Zapewnia komfort termiczny i akustyczny oraz ochron\u0119 przed s\u0142o\u0144cem.\",\"breadcrumb\":{\"@id\":\"https:\/\/bertrand.pl\/produkt\/zaluzja-fasadowa-w-wersji-podtynkowej-2\/#breadcrumb\"},\"inLanguage\":\"de\",\"potentialAction\":[{\"@type\":\"ReadAction\",\"target\":[\"https:\/\/bertrand.pl\/produkt\/zaluzja-fasadowa-w-wersji-podtynkowej-2\/\"]}]},{\"@type\":\"ImageObject\",\"inLanguage\":\"de\",\"@id\":\"https:\/\/bertrand.pl\/produkt\/zaluzja-fasadowa-w-wersji-podtynkowej-2\/#primaryimage\",\"url\":\"https:\/\/bertrand.pl\/wp-content\/uploads\/2024\/07\/skyflow_szf_bx_0.jpg\",\"contentUrl\":\"https:\/\/bertrand.pl\/wp-content\/uploads\/2024\/07\/skyflow_szf_bx_0.jpg\",\"width\":450,\"height\":450},{\"@type\":\"BreadcrumbList\",\"@id\":\"https:\/\/bertrand.pl\/produkt\/zaluzja-fasadowa-w-wersji-podtynkowej-2\/#breadcrumb\",\"itemListElement\":[{\"@type\":\"ListItem\",\"position\":1,\"name\":\"Strona g\u0142\u00f3wna\",\"item\":\"https:\/\/bertrand.pl\/\"},{\"@type\":\"ListItem\",\"position\":2,\"name\":\"Produits\",\"item\":\"https:\/\/bertrand.pl\/fr\/shop\/\"},{\"@type\":\"ListItem\",\"position\":3,\"name\":\"\u017baluzja fasadowa w wersji podtynkowej\"}]},{\"@type\":\"WebSite\",\"@id\":\"https:\/\/bertrand.pl\/#website\",\"url\":\"https:\/\/bertrand.pl\/\",\"name\":\"Bertrand.pl\",\"description\":\"Firma Bertrand to certyfikowany i uznany producent najwy\u017cszej jako\u015bci okien z PVC, z drewna lub aluminium. Produkcja drzwi, rolet i bram gara\u017cowych.\",\"publisher\":{\"@id\":\"https:\/\/bertrand.pl\/#organization\"},\"potentialAction\":[{\"@type\":\"SearchAction\",\"target\":{\"@type\":\"EntryPoint\",\"urlTemplate\":\"https:\/\/bertrand.pl\/?s={search_term_string}\"},\"query-input\":{\"@type\":\"PropertyValueSpecification\",\"valueRequired\":true,\"valueName\":\"search_term_string\"}}],\"inLanguage\":\"de\"},{\"@type\":\"Organization\",\"@id\":\"https:\/\/bertrand.pl\/#organization\",\"name\":\"Bertrand.pl\",\"url\":\"https:\/\/bertrand.pl\/\",\"logo\":{\"@type\":\"ImageObject\",\"inLanguage\":\"de\",\"@id\":\"https:\/\/bertrand.pl\/#\/schema\/logo\/image\/\",\"url\":\"https:\/\/bertrand.pl\/wp-content\/uploads\/2024\/12\/logo_BB_TM_PL_black.png\",\"contentUrl\":\"https:\/\/bertrand.pl\/wp-content\/uploads\/2024\/12\/logo_BB_TM_PL_black.png\",\"width\":1831,\"height\":1831,\"caption\":\"Bertrand.pl\"},\"image\":{\"@id\":\"https:\/\/bertrand.pl\/#\/schema\/logo\/image\/\"},\"sameAs\":[\"https:\/\/www.facebook.com\/bertrandpolska\/\",\"https:\/\/www.instagram.com\/bertrand_okna_i_drzwi\/\",\"https:\/\/www.linkedin.com\/company\/bertrand\/\",\"https:\/\/www.tiktok.com\/@bertrand_okna_drzwi\"]}]}<\/script>\n<!-- \/ Yoast SEO Premium plugin. -->","yoast_head_json":{"title":"\u017baluzja fasadowa w wersji podtynkowej - Bertrand. Najwy\u017cszej jako\u015bci okna i drzwi. Certyfikowany producent od 1969 roku.","description":"Die eingelassene Fassadenjalousie vereint Langlebigkeit, \u00c4sthetik und einfache Montage. Bietet thermischen und akustischen Komfort sowie Schutz vor der Sonne.","robots":{"index":"index","follow":"follow","max-snippet":"max-snippet:-1","max-image-preview":"max-image-preview:large","max-video-preview":"max-video-preview:-1"},"canonical":"https:\/\/bertrand.pl\/de\/produkt\/fassadenrollo-in-der-einbauversion-2\/","og_locale":"de_DE","og_type":"article","og_title":"\u017baluzja fasadowa w wersji podtynkowej","og_description":"\u017baluzja fasadowa w wersji podtynkowej \u0142\u0105czy trwa\u0142o\u015b\u0107, estetyk\u0119 i \u0142atwo\u015b\u0107 monta\u017cu. Zapewnia komfort termiczny i akustyczny oraz ochron\u0119 przed s\u0142o\u0144cem.","og_url":"https:\/\/bertrand.pl\/de\/produkt\/fassadenrollo-in-der-einbauversion-2\/","og_site_name":"Bertrand. Najwy\u017cszej jako\u015bci okna i drzwi. Certyfikowany producent od 1969 roku.","article_publisher":"https:\/\/www.facebook.com\/bertrandpolska\/","article_modified_time":"2025-03-07T11:01:48+00:00","og_image":[{"width":450,"height":450,"url":"https:\/\/bertrand.pl\/wp-content\/uploads\/2024\/07\/skyflow_szf_bx_0.jpg","type":"image\/jpeg"}],"twitter_card":"summary_large_image","twitter_misc":{"Gesch\u00e4tzte Lesezeit":"2\u00a0Minuten"},"schema":{"@context":"https:\/\/schema.org","@graph":[{"@type":"WebPage","@id":"https:\/\/bertrand.pl\/produkt\/zaluzja-fasadowa-w-wersji-podtynkowej-2\/","url":"https:\/\/bertrand.pl\/produkt\/zaluzja-fasadowa-w-wersji-podtynkowej-2\/","name":"\u017baluzja fasadowa w wersji podtynkowej - Bertrand. Najwy\u017cszej jako\u015bci okna i drzwi. Certyfikowany producent od 1969 roku.","isPartOf":{"@id":"https:\/\/bertrand.pl\/#website"},"primaryImageOfPage":{"@id":"https:\/\/bertrand.pl\/produkt\/zaluzja-fasadowa-w-wersji-podtynkowej-2\/#primaryimage"},"image":{"@id":"https:\/\/bertrand.pl\/produkt\/zaluzja-fasadowa-w-wersji-podtynkowej-2\/#primaryimage"},"thumbnailUrl":"https:\/\/bertrand.pl\/wp-content\/uploads\/2024\/07\/skyflow_szf_bx_0.jpg","datePublished":"2024-07-04T12:21:32+00:00","dateModified":"2025-03-07T11:01:48+00:00","description":"Die eingelassene Fassadenjalousie vereint Langlebigkeit, \u00c4sthetik und einfache Montage. Bietet thermischen und akustischen Komfort sowie Schutz vor der Sonne.","breadcrumb":{"@id":"https:\/\/bertrand.pl\/produkt\/zaluzja-fasadowa-w-wersji-podtynkowej-2\/#breadcrumb"},"inLanguage":"de","potentialAction":[{"@type":"ReadAction","target":["https:\/\/bertrand.pl\/produkt\/zaluzja-fasadowa-w-wersji-podtynkowej-2\/"]}]},{"@type":"ImageObject","inLanguage":"de","@id":"https:\/\/bertrand.pl\/produkt\/zaluzja-fasadowa-w-wersji-podtynkowej-2\/#primaryimage","url":"https:\/\/bertrand.pl\/wp-content\/uploads\/2024\/07\/skyflow_szf_bx_0.jpg","contentUrl":"https:\/\/bertrand.pl\/wp-content\/uploads\/2024\/07\/skyflow_szf_bx_0.jpg","width":450,"height":450},{"@type":"BreadcrumbList","@id":"https:\/\/bertrand.pl\/produkt\/zaluzja-fasadowa-w-wersji-podtynkowej-2\/#breadcrumb","itemListElement":[{"@type":"ListItem","position":1,"name":"Strona g\u0142\u00f3wna","item":"https:\/\/bertrand.pl\/"},{"@type":"ListItem","position":2,"name":"Produits","item":"https:\/\/bertrand.pl\/fr\/shop\/"},{"@type":"ListItem","position":3,"name":"\u017baluzja fasadowa w wersji podtynkowej"}]},{"@type":"WebSite","@id":"https:\/\/bertrand.pl\/#website","url":"https:\/\/bertrand.pl\/","name":"Bertrand.pl","description":"Firma Bertrand to certyfikowany i uznany producent najwy\u017cszej jako\u015bci okien z PVC, z drewna lub aluminium. Produkcja drzwi, rolet i bram gara\u017cowych.","publisher":{"@id":"https:\/\/bertrand.pl\/#organization"},"potentialAction":[{"@type":"SearchAction","target":{"@type":"EntryPoint","urlTemplate":"https:\/\/bertrand.pl\/?s={search_term_string}"},"query-input":{"@type":"PropertyValueSpecification","valueRequired":true,"valueName":"search_term_string"}}],"inLanguage":"de"},{"@type":"Organization","@id":"https:\/\/bertrand.pl\/#organization","name":"Bertrand.pl","url":"https:\/\/bertrand.pl\/","logo":{"@type":"ImageObject","inLanguage":"de","@id":"https:\/\/bertrand.pl\/#\/schema\/logo\/image\/","url":"https:\/\/bertrand.pl\/wp-content\/uploads\/2024\/12\/logo_BB_TM_PL_black.png","contentUrl":"https:\/\/bertrand.pl\/wp-content\/uploads\/2024\/12\/logo_BB_TM_PL_black.png","width":1831,"height":1831,"caption":"Bertrand.pl"},"image":{"@id":"https:\/\/bertrand.pl\/#\/schema\/logo\/image\/"},"sameAs":["https:\/\/www.facebook.com\/bertrandpolska\/","https:\/\/www.instagram.com\/bertrand_okna_i_drzwi\/","https:\/\/www.linkedin.com\/company\/bertrand\/","https:\/\/www.tiktok.com\/@bertrand_okna_drzwi"]}]}},"_links":{"self":[{"href":"https:\/\/bertrand.pl\/de\/wp-json\/wp\/v2\/product\/4136","targetHints":{"allow":["GET"]}}],"collection":[{"href":"https:\/\/bertrand.pl\/de\/wp-json\/wp\/v2\/product"}],"about":[{"href":"https:\/\/bertrand.pl\/de\/wp-json\/wp\/v2\/types\/product"}],"wp:featuredmedia":[{"embeddable":true,"href":"https:\/\/bertrand.pl\/de\/wp-json\/wp\/v2\/media\/4137"}],"wp:attachment":[{"href":"https:\/\/bertrand.pl\/de\/wp-json\/wp\/v2\/media?parent=4136"}],"wp:term":[{"taxonomy":"product_brand","embeddable":true,"href":"https:\/\/bertrand.pl\/de\/wp-json\/wp\/v2\/product_brand?post=4136"},{"taxonomy":"product_cat","embeddable":true,"href":"https:\/\/bertrand.pl\/de\/wp-json\/wp\/v2\/product_cat?post=4136"},{"taxonomy":"product_tag","embeddable":true,"href":"https:\/\/bertrand.pl\/de\/wp-json\/wp\/v2\/product_tag?post=4136"}],"curies":[{"name":"wp","href":"https:\/\/api.w.org\/{rel}","templated":true}]}}