{"id":4140,"date":"2024-07-04T14:28:53","date_gmt":"2024-07-04T12:28:53","guid":{"rendered":"https:\/\/bertrand.pl\/?post_type=product&#038;p=4140"},"modified":"2024-12-13T12:43:12","modified_gmt":"2024-12-13T11:43:12","slug":"fassadenjalousien-in-adaptiver-ausfuhrung-2","status":"publish","type":"product","link":"https:\/\/bertrand.pl\/de\/produkt\/zaluzje-fasadowe-w-wersji-adaptacyjnej\/","title":{"rendered":"Adaptivfassadenjalousien"},"content":{"rendered":"<h3>Fassadenjalousien in adaptiver Ausf\u00fchrung \u2013 Funktionalit\u00e4t, Langlebigkeit und Vielseitigkeit<\/h3>\n<p>&nbsp;<\/p>\n<p><strong>Adaptivfassadenjalousien<\/strong>\u00a0ist eine vielseitige L\u00f6sung, die perfekt in bestehende Geb\u00e4ude passt. Dank der M\u00f6glichkeit der Montage an der Fassade oder in einer Fensternische ist dieses System \u00e4u\u00dferst flexibel und einfach in der Anwendung. Es zeichnet sich durch gro\u00dfe Konfigurationsm\u00f6glichkeiten aus, wodurch es sowohl \u00e4sthetischen als auch funktionalen Anforderungen gerecht wird.<\/p>\n<p>&nbsp;<\/p>\n<h3>Merkmale von Fassadenjalousien in der adaptiven Ausf\u00fchrung<\/h3>\n<p>&nbsp;<\/p>\n<ul>\n<li><strong>Kassette abdecken<\/strong>: Hergestellt aus 1,2 mm oder 2,0 mm dickem Aluminium, das Haltbarkeit und Witterungsbest\u00e4ndigkeit gew\u00e4hrleistet. Dar\u00fcber hinaus ist es in vier Konstruktionsvarianten erh\u00e4ltlich, wodurch es an verschiedene Fassadenstile angepasst werden kann.<\/li>\n<li><strong>F\u00fchrer<\/strong>: Aluminiumf\u00fchrungen sind mit Teleskop-Einstellgriffen ausgestattet, was ihre Installation erleichtert. Das System bietet au\u00dferdem Kabelf\u00fchrungen, die mit Aluminiumf\u00fchrungen in einem Set kombiniert werden k\u00f6nnen. Dies macht die Jalousien funktional und universell.<\/li>\n<li><strong>Schalld\u00e4mmende Dichtungen<\/strong>: In Aluminiumf\u00fchrungen untergebracht, reduzieren sie effektiv den L\u00e4rm beim Lamellenaufprall und erh\u00f6hen so den Bedienkomfort.<\/li>\n<li><strong>Aufteilung und Konfiguration<\/strong>: Doppelte F\u00fchrungen erm\u00f6glichen die Unterteilung der Jalousien in Segmente und erleichtern so die Anpassung an individuelle Bed\u00fcrfnisse.<\/li>\n<li><strong>Aluminiumlamellen<\/strong>:\n<ul>\n<li><strong>C<\/strong>: Beidseitig gebogen, zeichnen sie sich durch hohe Steifigkeit und Windbest\u00e4ndigkeit aus. Die Lamellen sind im Bereich von 0\u2013180\u00b0 drehbar.<\/li>\n<li><strong>MIT<\/strong>: Sie sorgen f\u00fcr eine bessere Verdunkelung und eine zus\u00e4tzliche Schalld\u00e4mmung. Ihre Drehung betr\u00e4gt 0 bis 90\u00b0.<\/li>\n<\/ul>\n<\/li>\n<li><strong>Stifte<\/strong>: Das System bietet Stahlstifte f\u00fcr Haltbarkeit oder PVC-Stifte zur Reduzierung von Windger\u00e4uschen.<\/li>\n<\/ul>\n<h3>Maximale Abmessungen adaptiver Jalousien<\/h3>\n<p>&nbsp;<\/p>\n<ul>\n<li><strong>Aluminiumf\u00fchrungen<\/strong>: Jalousien mit dieser Art von F\u00fchrungen k\u00f6nnen Abmessungen bis zu 4500 \u00d7 4000 mm erreichen, was einer Fl\u00e4che von 18 m\u00b2 entspricht.<\/li>\n<li><strong>Kabelf\u00fchrungen<\/strong>: In diesem Fall betragen die maximalen Abmessungen 3000 \u00d7 4000 mm oder 4000 \u00d7 2500 mm, was eine Fl\u00e4che von bis zu 12 m\u00b2 ergibt.<\/li>\n<li><\/li>\n<\/ul>\n<h3>Haltbarkeit und \u00c4sthetik von Fassadenjalousien in der adaptiven Ausf\u00fchrung<\/h3>\n<p>&nbsp;<\/p>\n<p>Adaptive Jalousien verbinden sich <strong>Funktionalit\u00e4t, Haltbarkeit und \u00c4sthetik<\/strong> in einer L\u00f6sung. Dank der Verwendung hochwertiger Materialien wie Aluminium und PVC ist dieses System best\u00e4ndig gegen Witterungseinfl\u00fcsse und intensive Nutzung. Dar\u00fcber hinaus k\u00f6nnen Sie die Jalousien dank der Vielzahl an Optionen problemlos an die Bed\u00fcrfnisse selbst der anspruchsvollsten Benutzer anpassen.<\/p>\n<h3><\/h3>\n<h3>Perfekt f\u00fcr die Modernisierung<\/h3>\n<p>&nbsp;<\/p>\n<p>Adaptive Fassadenjalousien sind eine hervorragende L\u00f6sung f\u00fcr die Modernisierung von Geb\u00e4uden, da sie keinen Eingriff in die bestehende Struktur erfordern. Dank vielf\u00e4ltiger Personalisierungsm\u00f6glichkeiten und einfacher Montage erf\u00fcllen diese Jalousien sowohl optisch als auch praktisch die Erwartungen.<\/p>\n<p>&nbsp;<\/p>\n<figure id=\"attachment_4142\" aria-describedby=\"caption-attachment-4142\" style=\"width: 339px\" class=\"wp-caption alignnone\"><img fetchpriority=\"high\" decoding=\"async\" class=\"wp-image-4142 size-full\" src=\"https:\/\/bertrand.pl\/wp-content\/uploads\/2024\/07\/zaluzja-adaptacyjna.jpg\" alt=\"Adaptive Fassadenjalousien sind eine perfekte L\u00f6sung f\u00fcr die Modernisierung von Geb\u00e4uden\" width=\"339\" height=\"377\" srcset=\"https:\/\/bertrand.pl\/wp-content\/uploads\/2024\/07\/zaluzja-adaptacyjna.jpg 339w, https:\/\/bertrand.pl\/wp-content\/uploads\/2024\/07\/zaluzja-adaptacyjna-11x12.jpg 11w\" sizes=\"(max-width: 339px) 100vw, 339px\" \/><figcaption id=\"caption-attachment-4142\" class=\"wp-caption-text\">Jalousien in einer adaptiven Version.<\/figcaption><\/figure>\n<p><img decoding=\"async\" class=\"alignnone wp-image-4185\" src=\"https:\/\/bertrand.pl\/wp-content\/uploads\/2024\/07\/logo.svg\" alt=\"\" width=\"198\" height=\"51\" \/><\/p>","protected":false},"excerpt":{"rendered":"<p>Die adaptive Version der Jalousie ist f\u00fcr die Montage an der Fassade oder in einer Fensternische in bestehenden Geb\u00e4uden vorgesehen.<\/p>","protected":false},"featured_media":4141,"template":"","meta":{"site-sidebar-layout":"default","site-content-layout":"","ast-site-content-layout":"default","site-content-style":"default","site-sidebar-style":"default","ast-global-header-display":"","ast-banner-title-visibility":"","ast-main-header-display":"","ast-hfb-above-header-display":"","ast-hfb-below-header-display":"","ast-hfb-mobile-header-display":"","site-post-title":"","ast-breadcrumbs-content":"","ast-featured-img":"","footer-sml-layout":"","ast-disable-related-posts":"","theme-transparent-header-meta":"default","adv-header-id-meta":"","stick-header-meta":"","header-above-stick-meta":"","header-main-stick-meta":"","header-below-stick-meta":"","astra-migrate-meta-layouts":"set","ast-page-background-enabled":"default","ast-page-background-meta":{"desktop":{"background-color":"var(--ast-global-color-4)","background-image":"","background-repeat":"repeat","background-position":"center center","background-size":"auto","background-attachment":"scroll","background-type":"","background-media":"","overlay-type":"","overlay-color":"","overlay-opacity":"","overlay-gradient":""},"tablet":{"background-color":"","background-image":"","background-repeat":"repeat","background-position":"center center","background-size":"auto","background-attachment":"scroll","background-type":"","background-media":"","overlay-type":"","overlay-color":"","overlay-opacity":"","overlay-gradient":""},"mobile":{"background-color":"","background-image":"","background-repeat":"repeat","background-position":"center center","background-size":"auto","background-attachment":"scroll","background-type":"","background-media":"","overlay-type":"","overlay-color":"","overlay-opacity":"","overlay-gradient":""}},"ast-content-background-meta":{"desktop":{"background-color":"var(--ast-global-color-5)","background-image":"","background-repeat":"repeat","background-position":"center center","background-size":"auto","background-attachment":"scroll","background-type":"","background-media":"","overlay-type":"","overlay-color":"","overlay-opacity":"","overlay-gradient":""},"tablet":{"background-color":"var(--ast-global-color-5)","background-image":"","background-repeat":"repeat","background-position":"center center","background-size":"auto","background-attachment":"scroll","background-type":"","background-media":"","overlay-type":"","overlay-color":"","overlay-opacity":"","overlay-gradient":""},"mobile":{"background-color":"var(--ast-global-color-5)","background-image":"","background-repeat":"repeat","background-position":"center center","background-size":"auto","background-attachment":"scroll","background-type":"","background-media":"","overlay-type":"","overlay-color":"","overlay-opacity":"","overlay-gradient":""}}},"product_brand":[],"product_cat":[22],"product_tag":[1087,193,168,1086,1071,1072,1073,1084,1085,1081,732,1079,1090,1088,1089,1094,1091,1074,1093,1075,523,524,1092,1095,520,1096,522],"class_list":{"0":"post-4140","1":"product","2":"type-product","3":"status-publish","4":"has-post-thumbnail","6":"product_cat-zaluzje-fasadowe","7":"product_tag-aluminiowe-prowadnice","8":"product_tag-aluminium","9":"product_tag-bertrand","10":"product_tag-kaseta-oslonowa","11":"product_tag-lamele-aluminiowe","12":"product_tag-lamele-c","13":"product_tag-lamele-z","14":"product_tag-montaz-na-elewacji","15":"product_tag-montaz-we-wnece-okiennej","16":"product_tag-nowoczesne-zaluzje","17":"product_tag-odpornosc-na-wiatr","18":"product_tag-piny-pvc","19":"product_tag-podzial-zaluzji","20":"product_tag-prowadnice-linkowe","21":"product_tag-stalowe-piny","22":"product_tag-teleskopowe-uchwyty","23":"product_tag-trwalosc-zaluzji","24":"product_tag-uszczelki-wygluszajace","25":"product_tag-wymiary-zaluzji","26":"product_tag-zaciemnienie","27":"product_tag-zaluzje-adaptacyjne","28":"product_tag-zaluzje-aluminiowe","29":"product_tag-zaluzje-do-istniejacych-budynkow","30":"product_tag-zaluzje-estetyczne","31":"product_tag-zaluzje-fasadowe","32":"product_tag-zaluzje-funkcjonalne","33":"product_tag-zaluzje-okienne","34":"desktop-align-left","35":"tablet-align-left","36":"mobile-align-left","38":"first","39":"instock","40":"shipping-taxable","41":"product-type-simple"},"yoast_head":"<!-- This site is optimized with the Yoast SEO Premium plugin v27.2 (Yoast SEO v27.2) - https:\/\/yoast.com\/product\/yoast-seo-premium-wordpress\/ -->\n<title>\u017baluzje fasadowe w wersji adaptacyjnej - Bertrand. Najwy\u017cszej jako\u015bci okna i drzwi. Certyfikowany producent od 1969 roku.<\/title>\n<meta name=\"description\" content=\"\u017baluzje fasadowe w wersji adaptacyjnej \u0142\u0105czy trwa\u0142o\u015b\u0107, funkcjonalno\u015b\u0107 i estetyk\u0119. To produkt idealny dla wymagaj\u0105cych u\u017cytkownik\u00f3w.\" \/>\n<meta name=\"robots\" content=\"index, follow, max-snippet:-1, max-image-preview:large, max-video-preview:-1\" \/>\n<link rel=\"canonical\" href=\"https:\/\/bertrand.pl\/de\/produkt\/fassadenjalousien-in-adaptiver-ausfuhrung-2\/\" \/>\n<meta property=\"og:locale\" content=\"de_DE\" \/>\n<meta property=\"og:type\" content=\"article\" \/>\n<meta property=\"og:title\" content=\"\u017baluzje fasadowe w wersji adaptacyjnej\" \/>\n<meta property=\"og:description\" content=\"\u017baluzje fasadowe w wersji adaptacyjnej \u0142\u0105czy trwa\u0142o\u015b\u0107, funkcjonalno\u015b\u0107 i estetyk\u0119. To produkt idealny dla wymagaj\u0105cych u\u017cytkownik\u00f3w.\" \/>\n<meta property=\"og:url\" content=\"https:\/\/bertrand.pl\/de\/produkt\/fassadenjalousien-in-adaptiver-ausfuhrung-2\/\" \/>\n<meta property=\"og:site_name\" content=\"Bertrand. Najwy\u017cszej jako\u015bci okna i drzwi. Certyfikowany producent od 1969 roku.\" \/>\n<meta property=\"article:publisher\" content=\"https:\/\/www.facebook.com\/bertrandpolska\/\" \/>\n<meta property=\"article:modified_time\" content=\"2024-12-13T11:43:12+00:00\" \/>\n<meta property=\"og:image\" content=\"https:\/\/bertrand.pl\/wp-content\/uploads\/2024\/07\/skyflow_szf_a_0.jpg\" \/>\n\t<meta property=\"og:image:width\" content=\"450\" \/>\n\t<meta property=\"og:image:height\" content=\"450\" \/>\n\t<meta property=\"og:image:type\" content=\"image\/jpeg\" \/>\n<meta name=\"twitter:card\" content=\"summary_large_image\" \/>\n<meta name=\"twitter:label1\" content=\"Gesch\u00e4tzte Lesezeit\" \/>\n\t<meta name=\"twitter:data1\" content=\"3\u00a0Minuten\" \/>\n<script type=\"application\/ld+json\" class=\"yoast-schema-graph\">{\"@context\":\"https:\/\/schema.org\",\"@graph\":[{\"@type\":\"WebPage\",\"@id\":\"https:\/\/bertrand.pl\/produkt\/zaluzje-fasadowe-w-wersji-adaptacyjnej\/\",\"url\":\"https:\/\/bertrand.pl\/produkt\/zaluzje-fasadowe-w-wersji-adaptacyjnej\/\",\"name\":\"\u017baluzje fasadowe w wersji adaptacyjnej - Bertrand. Najwy\u017cszej jako\u015bci okna i drzwi. Certyfikowany producent od 1969 roku.\",\"isPartOf\":{\"@id\":\"https:\/\/bertrand.pl\/#website\"},\"primaryImageOfPage\":{\"@id\":\"https:\/\/bertrand.pl\/produkt\/zaluzje-fasadowe-w-wersji-adaptacyjnej\/#primaryimage\"},\"image\":{\"@id\":\"https:\/\/bertrand.pl\/produkt\/zaluzje-fasadowe-w-wersji-adaptacyjnej\/#primaryimage\"},\"thumbnailUrl\":\"https:\/\/bertrand.pl\/wp-content\/uploads\/2024\/07\/skyflow_szf_a_0.jpg\",\"datePublished\":\"2024-07-04T12:28:53+00:00\",\"dateModified\":\"2024-12-13T11:43:12+00:00\",\"description\":\"\u017baluzje fasadowe w wersji adaptacyjnej \u0142\u0105czy trwa\u0142o\u015b\u0107, funkcjonalno\u015b\u0107 i estetyk\u0119. To produkt idealny dla wymagaj\u0105cych u\u017cytkownik\u00f3w.\",\"breadcrumb\":{\"@id\":\"https:\/\/bertrand.pl\/produkt\/zaluzje-fasadowe-w-wersji-adaptacyjnej\/#breadcrumb\"},\"inLanguage\":\"de\",\"potentialAction\":[{\"@type\":\"ReadAction\",\"target\":[\"https:\/\/bertrand.pl\/produkt\/zaluzje-fasadowe-w-wersji-adaptacyjnej\/\"]}]},{\"@type\":\"ImageObject\",\"inLanguage\":\"de\",\"@id\":\"https:\/\/bertrand.pl\/produkt\/zaluzje-fasadowe-w-wersji-adaptacyjnej\/#primaryimage\",\"url\":\"https:\/\/bertrand.pl\/wp-content\/uploads\/2024\/07\/skyflow_szf_a_0.jpg\",\"contentUrl\":\"https:\/\/bertrand.pl\/wp-content\/uploads\/2024\/07\/skyflow_szf_a_0.jpg\",\"width\":450,\"height\":450},{\"@type\":\"BreadcrumbList\",\"@id\":\"https:\/\/bertrand.pl\/produkt\/zaluzje-fasadowe-w-wersji-adaptacyjnej\/#breadcrumb\",\"itemListElement\":[{\"@type\":\"ListItem\",\"position\":1,\"name\":\"Strona g\u0142\u00f3wna\",\"item\":\"https:\/\/bertrand.pl\/\"},{\"@type\":\"ListItem\",\"position\":2,\"name\":\"Produits\",\"item\":\"https:\/\/bertrand.pl\/fr\/shop\/\"},{\"@type\":\"ListItem\",\"position\":3,\"name\":\"\u017baluzje fasadowe w wersji adaptacyjnej\"}]},{\"@type\":\"WebSite\",\"@id\":\"https:\/\/bertrand.pl\/#website\",\"url\":\"https:\/\/bertrand.pl\/\",\"name\":\"Bertrand.pl\",\"description\":\"Firma Bertrand to certyfikowany i uznany producent najwy\u017cszej jako\u015bci okien z PVC, z drewna lub aluminium. Produkcja drzwi, rolet i bram gara\u017cowych.\",\"publisher\":{\"@id\":\"https:\/\/bertrand.pl\/#organization\"},\"potentialAction\":[{\"@type\":\"SearchAction\",\"target\":{\"@type\":\"EntryPoint\",\"urlTemplate\":\"https:\/\/bertrand.pl\/?s={search_term_string}\"},\"query-input\":{\"@type\":\"PropertyValueSpecification\",\"valueRequired\":true,\"valueName\":\"search_term_string\"}}],\"inLanguage\":\"de\"},{\"@type\":\"Organization\",\"@id\":\"https:\/\/bertrand.pl\/#organization\",\"name\":\"Bertrand.pl\",\"url\":\"https:\/\/bertrand.pl\/\",\"logo\":{\"@type\":\"ImageObject\",\"inLanguage\":\"de\",\"@id\":\"https:\/\/bertrand.pl\/#\/schema\/logo\/image\/\",\"url\":\"https:\/\/bertrand.pl\/wp-content\/uploads\/2024\/12\/logo_BB_TM_PL_black.png\",\"contentUrl\":\"https:\/\/bertrand.pl\/wp-content\/uploads\/2024\/12\/logo_BB_TM_PL_black.png\",\"width\":1831,\"height\":1831,\"caption\":\"Bertrand.pl\"},\"image\":{\"@id\":\"https:\/\/bertrand.pl\/#\/schema\/logo\/image\/\"},\"sameAs\":[\"https:\/\/www.facebook.com\/bertrandpolska\/\",\"https:\/\/www.instagram.com\/bertrand_okna_i_drzwi\/\",\"https:\/\/www.linkedin.com\/company\/bertrand\/\",\"https:\/\/www.tiktok.com\/@bertrand_okna_drzwi\"]}]}<\/script>\n<!-- \/ Yoast SEO Premium plugin. -->","yoast_head_json":{"title":"\u017baluzje fasadowe w wersji adaptacyjnej - Bertrand. Najwy\u017cszej jako\u015bci okna i drzwi. Certyfikowany producent od 1969 roku.","description":"Fassadenjalousien in der adaptiven Variante vereinen Langlebigkeit, Funktionalit\u00e4t und \u00c4sthetik. Dies ist ein ideales Produkt f\u00fcr anspruchsvolle Benutzer.","robots":{"index":"index","follow":"follow","max-snippet":"max-snippet:-1","max-image-preview":"max-image-preview:large","max-video-preview":"max-video-preview:-1"},"canonical":"https:\/\/bertrand.pl\/de\/produkt\/fassadenjalousien-in-adaptiver-ausfuhrung-2\/","og_locale":"de_DE","og_type":"article","og_title":"\u017baluzje fasadowe w wersji adaptacyjnej","og_description":"\u017baluzje fasadowe w wersji adaptacyjnej \u0142\u0105czy trwa\u0142o\u015b\u0107, funkcjonalno\u015b\u0107 i estetyk\u0119. To produkt idealny dla wymagaj\u0105cych u\u017cytkownik\u00f3w.","og_url":"https:\/\/bertrand.pl\/de\/produkt\/fassadenjalousien-in-adaptiver-ausfuhrung-2\/","og_site_name":"Bertrand. Najwy\u017cszej jako\u015bci okna i drzwi. Certyfikowany producent od 1969 roku.","article_publisher":"https:\/\/www.facebook.com\/bertrandpolska\/","article_modified_time":"2024-12-13T11:43:12+00:00","og_image":[{"width":450,"height":450,"url":"https:\/\/bertrand.pl\/wp-content\/uploads\/2024\/07\/skyflow_szf_a_0.jpg","type":"image\/jpeg"}],"twitter_card":"summary_large_image","twitter_misc":{"Gesch\u00e4tzte Lesezeit":"3\u00a0Minuten"},"schema":{"@context":"https:\/\/schema.org","@graph":[{"@type":"WebPage","@id":"https:\/\/bertrand.pl\/produkt\/zaluzje-fasadowe-w-wersji-adaptacyjnej\/","url":"https:\/\/bertrand.pl\/produkt\/zaluzje-fasadowe-w-wersji-adaptacyjnej\/","name":"\u017baluzje fasadowe w wersji adaptacyjnej - Bertrand. Najwy\u017cszej jako\u015bci okna i drzwi. Certyfikowany producent od 1969 roku.","isPartOf":{"@id":"https:\/\/bertrand.pl\/#website"},"primaryImageOfPage":{"@id":"https:\/\/bertrand.pl\/produkt\/zaluzje-fasadowe-w-wersji-adaptacyjnej\/#primaryimage"},"image":{"@id":"https:\/\/bertrand.pl\/produkt\/zaluzje-fasadowe-w-wersji-adaptacyjnej\/#primaryimage"},"thumbnailUrl":"https:\/\/bertrand.pl\/wp-content\/uploads\/2024\/07\/skyflow_szf_a_0.jpg","datePublished":"2024-07-04T12:28:53+00:00","dateModified":"2024-12-13T11:43:12+00:00","description":"Fassadenjalousien in der adaptiven Variante vereinen Langlebigkeit, Funktionalit\u00e4t und \u00c4sthetik. Dies ist ein ideales Produkt f\u00fcr anspruchsvolle Benutzer.","breadcrumb":{"@id":"https:\/\/bertrand.pl\/produkt\/zaluzje-fasadowe-w-wersji-adaptacyjnej\/#breadcrumb"},"inLanguage":"de","potentialAction":[{"@type":"ReadAction","target":["https:\/\/bertrand.pl\/produkt\/zaluzje-fasadowe-w-wersji-adaptacyjnej\/"]}]},{"@type":"ImageObject","inLanguage":"de","@id":"https:\/\/bertrand.pl\/produkt\/zaluzje-fasadowe-w-wersji-adaptacyjnej\/#primaryimage","url":"https:\/\/bertrand.pl\/wp-content\/uploads\/2024\/07\/skyflow_szf_a_0.jpg","contentUrl":"https:\/\/bertrand.pl\/wp-content\/uploads\/2024\/07\/skyflow_szf_a_0.jpg","width":450,"height":450},{"@type":"BreadcrumbList","@id":"https:\/\/bertrand.pl\/produkt\/zaluzje-fasadowe-w-wersji-adaptacyjnej\/#breadcrumb","itemListElement":[{"@type":"ListItem","position":1,"name":"Strona g\u0142\u00f3wna","item":"https:\/\/bertrand.pl\/"},{"@type":"ListItem","position":2,"name":"Produits","item":"https:\/\/bertrand.pl\/fr\/shop\/"},{"@type":"ListItem","position":3,"name":"\u017baluzje fasadowe w wersji adaptacyjnej"}]},{"@type":"WebSite","@id":"https:\/\/bertrand.pl\/#website","url":"https:\/\/bertrand.pl\/","name":"Bertrand.pl","description":"Firma Bertrand to certyfikowany i uznany producent najwy\u017cszej jako\u015bci okien z PVC, z drewna lub aluminium. Produkcja drzwi, rolet i bram gara\u017cowych.","publisher":{"@id":"https:\/\/bertrand.pl\/#organization"},"potentialAction":[{"@type":"SearchAction","target":{"@type":"EntryPoint","urlTemplate":"https:\/\/bertrand.pl\/?s={search_term_string}"},"query-input":{"@type":"PropertyValueSpecification","valueRequired":true,"valueName":"search_term_string"}}],"inLanguage":"de"},{"@type":"Organization","@id":"https:\/\/bertrand.pl\/#organization","name":"Bertrand.pl","url":"https:\/\/bertrand.pl\/","logo":{"@type":"ImageObject","inLanguage":"de","@id":"https:\/\/bertrand.pl\/#\/schema\/logo\/image\/","url":"https:\/\/bertrand.pl\/wp-content\/uploads\/2024\/12\/logo_BB_TM_PL_black.png","contentUrl":"https:\/\/bertrand.pl\/wp-content\/uploads\/2024\/12\/logo_BB_TM_PL_black.png","width":1831,"height":1831,"caption":"Bertrand.pl"},"image":{"@id":"https:\/\/bertrand.pl\/#\/schema\/logo\/image\/"},"sameAs":["https:\/\/www.facebook.com\/bertrandpolska\/","https:\/\/www.instagram.com\/bertrand_okna_i_drzwi\/","https:\/\/www.linkedin.com\/company\/bertrand\/","https:\/\/www.tiktok.com\/@bertrand_okna_drzwi"]}]}},"_links":{"self":[{"href":"https:\/\/bertrand.pl\/de\/wp-json\/wp\/v2\/product\/4140","targetHints":{"allow":["GET"]}}],"collection":[{"href":"https:\/\/bertrand.pl\/de\/wp-json\/wp\/v2\/product"}],"about":[{"href":"https:\/\/bertrand.pl\/de\/wp-json\/wp\/v2\/types\/product"}],"wp:featuredmedia":[{"embeddable":true,"href":"https:\/\/bertrand.pl\/de\/wp-json\/wp\/v2\/media\/4141"}],"wp:attachment":[{"href":"https:\/\/bertrand.pl\/de\/wp-json\/wp\/v2\/media?parent=4140"}],"wp:term":[{"taxonomy":"product_brand","embeddable":true,"href":"https:\/\/bertrand.pl\/de\/wp-json\/wp\/v2\/product_brand?post=4140"},{"taxonomy":"product_cat","embeddable":true,"href":"https:\/\/bertrand.pl\/de\/wp-json\/wp\/v2\/product_cat?post=4140"},{"taxonomy":"product_tag","embeddable":true,"href":"https:\/\/bertrand.pl\/de\/wp-json\/wp\/v2\/product_tag?post=4140"}],"curies":[{"name":"wp","href":"https:\/\/api.w.org\/{rel}","templated":true}]}}