{"id":4245,"date":"2024-07-26T11:20:58","date_gmt":"2024-07-26T09:20:58","guid":{"rendered":"https:\/\/bertrand.pl\/?post_type=product&#038;p=4245"},"modified":"2026-03-20T14:00:23","modified_gmt":"2026-03-20T13:00:23","slug":"holzturen","status":"publish","type":"product","link":"https:\/\/bertrand.pl\/de\/produkt\/drzwi-drewniane\/","title":{"rendered":"Holzt\u00fcren"},"content":{"rendered":"<p>&nbsp;<\/p>\n<p><strong>Bertrand-Au\u00dfent\u00fcren aus Holz \u2013 die perfekte Kombination aus Stil und Sicherheit<\/strong><\/p>\n<p>&nbsp;<\/p>\n<p>Au\u00dfent\u00fcren aus Holz sind nicht nur ein wichtiges Funktionselement des Hauses, sondern auch sein Schaufenster. Deshalb bietet Bertrand an <strong>moderne Au\u00dfent\u00fcren<\/strong>die Langlebigkeit, Eleganz und h\u00f6chste Sicherheitsstandards vereinen. Dar\u00fcber hinaus sind unsere T\u00fcren aus hochwertigem Holz gefertigt, was ihre Widerstandsf\u00e4higkeit gegen\u00fcber wechselnden Witterungsbedingungen und ihr \u00e4sthetisches Aussehen \u00fcber viele Jahre hinweg gew\u00e4hrleistet.<\/p>\n<hr \/>\n<h3>Warum w\u00e4hlen <strong>Holz-Au\u00dfent\u00fcren Bertrand<\/strong>?<\/h3>\n<p>&nbsp;<\/p>\n<h4><strong>Langlebige und elegante Materialien<\/strong><\/h4>\n<p>&nbsp;<\/p>\n<p>Erstens sind unsere T\u00fcren aus hochwertigem Holz gefertigt, was ihre Haltbarkeit sowie Feuchtigkeits- und Temperaturbest\u00e4ndigkeit garantiert. Dar\u00fcber hinaus k\u00f6nnen Sie zwischen lackierten oder ge\u00f6lten Oberfl\u00e4chen w\u00e4hlen, die den einzigartigen Charakter der T\u00fcr zus\u00e4tzlich unterstreichen.<\/p>\n<h4><\/h4>\n<h4><strong>Moderne Produktionstechnologien<\/strong><\/h4>\n<p>&nbsp;<\/p>\n<p>Dank des Einsatzes innovativer Technologien <strong>moderne Au\u00dfent\u00fcren<\/strong> Bertrand zeichnet sich aus durch:<\/p>\n<ul>\n<li><strong>Pr\u00e4zise Verarbeitung<\/strong>, was sich auf ihre Haltbarkeit und Zuverl\u00e4ssigkeit auswirkt,<\/li>\n<li><strong>Stilistische Vielfalt<\/strong>, sodass Sie sie problemlos an die Fassade Ihres Hauses anpassen k\u00f6nnen,<\/li>\n<li><strong>Liebe zum Detail<\/strong>, was sie sowohl \u00e4sthetisch als auch funktionell einzigartig macht.<\/li>\n<\/ul>\n<h4><strong>Funktionalit\u00e4t und \u00c4sthetik in einem<\/strong><\/h4>\n<p>&nbsp;<\/p>\n<p>Die Holzt\u00fcren von Bertrand wurden so gestaltet, dass sie sich harmonisch in die Fassade des Geb\u00e4udes und seine Umgebung einf\u00fcgen. Dar\u00fcber hinaus bieten wir eine gro\u00dfe Auswahl an Mustern und Farben, die sowohl zu modernen als auch zu traditionellen architektonischen Designs passen.<\/p>\n<hr \/>\n<h3>Sicherheit auf h\u00f6chstem Niveau<\/h3>\n<p>&nbsp;<\/p>\n<p>Es ist erw\u00e4hnenswert, dass unsere <strong>Au\u00dfent\u00fcren aus Holz<\/strong> garantieren vollen Hausschutz. Einbruchhemmende Modelle sind ausgestattet mit:<\/p>\n<ul>\n<li><strong>Strukturelle Verst\u00e4rkungen<\/strong>die die Widerstandsf\u00e4higkeit der T\u00fcr gegen Besch\u00e4digungen erh\u00f6hen,<\/li>\n<li><strong>Moderne Schl\u00f6sser<\/strong>, sorgt f\u00fcr zus\u00e4tzliche Sicherheit,<\/li>\n<li><strong>Einbruchhemmende Bewehrungsst\u00e4be<\/strong>, sch\u00fctzt wirksam vor Einbruchsversuchen.<\/li>\n<\/ul>\n<hr \/>\n<h3>F\u00fcr wen sind Bertrand-T\u00fcren geeignet?<\/h3>\n<p>&nbsp;<\/p>\n<p>Unser <strong>Au\u00dfent\u00fcren aus Holz<\/strong> sind eine ideale L\u00f6sung sowohl f\u00fcr Privatkunden als auch f\u00fcr Investoren. Dar\u00fcber hinaus erf\u00fcllen wir Auftr\u00e4ge f\u00fcr:<\/p>\n<ul>\n<li><strong>Einfamilienh\u00e4user<\/strong>, Gew\u00e4hrleistung einer individuellen Herangehensweise,<\/li>\n<li><strong>Wohnsiedlungen<\/strong>, bietet ma\u00dfgeschneiderte L\u00f6sungen f\u00fcr gr\u00f6\u00dfere Projekte,<\/li>\n<li><strong>Entwicklungsinvestitionen<\/strong>, was solide und \u00e4sthetische T\u00fcren im gro\u00dfen Ma\u00dfstab garantiert.<\/li>\n<\/ul>\n<hr \/>\n<h3><\/h3>\n<p>Zusammenfassend l\u00e4sst sich sagen, dass Holzau\u00dfent\u00fcren von Bertrand eine Investition in Langlebigkeit, Stil und Sicherheit sind. Wenn Sie suchen <strong>moderne Au\u00dfent\u00fcren<\/strong>das sowohl funktional als auch \u00e4sthetisch ist, Bertrand ist eine Wahl, die alle Ihre Erwartungen erf\u00fcllt.<\/p>\n<p>&nbsp;<\/p>\n<p><strong>Bertrand \u2013 T\u00fcren, die Qualit\u00e4t, Design und Sicherheit in perfekter Harmonie vereinen!<\/strong><\/p>\n<p>&nbsp;<\/p>\n<h4><strong>SEHEN SIE AUCH:<\/strong><\/h4>\n<p>&nbsp;<\/p>\n<p><a href=\"https:\/\/www.youtube.com\/watch?v=a6Y8ZM8Apgw\">BERTRAND Fenster und T\u00fcren \u2013 Automatische Lackierstra\u00dfe.<\/a><\/p>\n<p><a href=\"https:\/\/pivot.bertrand.pl\/en\/\">BERTRAND Pivot-Serie<\/a><\/p>\n<hr \/>\n<p>&nbsp;<\/p>\n<p><img fetchpriority=\"high\" decoding=\"async\" class=\"wp-image-4249 aligncenter\" src=\"https:\/\/bertrand.pl\/wp-content\/uploads\/2024\/07\/drzwi-zewnetrzne-scaled.jpg\" alt=\"\" width=\"500\" height=\"554\" srcset=\"https:\/\/bertrand.pl\/wp-content\/uploads\/2024\/07\/drzwi-zewnetrzne-scaled.jpg 2310w, https:\/\/bertrand.pl\/wp-content\/uploads\/2024\/07\/drzwi-zewnetrzne-379x420.jpg 379w, https:\/\/bertrand.pl\/wp-content\/uploads\/2024\/07\/drzwi-zewnetrzne-1227x1360.jpg 1227w, https:\/\/bertrand.pl\/wp-content\/uploads\/2024\/07\/drzwi-zewnetrzne-768x851.jpg 768w, https:\/\/bertrand.pl\/wp-content\/uploads\/2024\/07\/drzwi-zewnetrzne-1386x1536.jpg 1386w, https:\/\/bertrand.pl\/wp-content\/uploads\/2024\/07\/drzwi-zewnetrzne-1848x2048.jpg 1848w, https:\/\/bertrand.pl\/wp-content\/uploads\/2024\/07\/drzwi-zewnetrzne-11x12.jpg 11w, https:\/\/bertrand.pl\/wp-content\/uploads\/2024\/07\/drzwi-zewnetrzne-600x665.jpg 600w\" sizes=\"(max-width: 500px) 100vw, 500px\" \/><\/p>\n<p>&nbsp;<\/p>\n<p><img decoding=\"async\" class=\"wp-image-4251 aligncenter\" title=\"Au\u00dfent\u00fcren aus Holz\" src=\"https:\/\/bertrand.pl\/wp-content\/uploads\/2024\/07\/drzwi-zewnetrzne2-scaled.jpg\" alt=\"Au\u00dfent\u00fcren \" width=\"500\" height=\"548\" srcset=\"https:\/\/bertrand.pl\/wp-content\/uploads\/2024\/07\/drzwi-zewnetrzne2-scaled.jpg 2337w, https:\/\/bertrand.pl\/wp-content\/uploads\/2024\/07\/drzwi-zewnetrzne2-383x420.jpg 383w, https:\/\/bertrand.pl\/wp-content\/uploads\/2024\/07\/drzwi-zewnetrzne2-1242x1360.jpg 1242w, https:\/\/bertrand.pl\/wp-content\/uploads\/2024\/07\/drzwi-zewnetrzne2-768x841.jpg 768w, https:\/\/bertrand.pl\/wp-content\/uploads\/2024\/07\/drzwi-zewnetrzne2-1402x1536.jpg 1402w, https:\/\/bertrand.pl\/wp-content\/uploads\/2024\/07\/drzwi-zewnetrzne2-1870x2048.jpg 1870w, https:\/\/bertrand.pl\/wp-content\/uploads\/2024\/07\/drzwi-zewnetrzne2-11x12.jpg 11w, https:\/\/bertrand.pl\/wp-content\/uploads\/2024\/07\/drzwi-zewnetrzne2-600x657.jpg 600w\" sizes=\"(max-width: 500px) 100vw, 500px\" \/> Au\u00dfent\u00fcren aus Holz<\/p>\n<p>&nbsp;<\/p>\n<p><img decoding=\"async\" class=\"wp-image-7993 aligncenter\" src=\"https:\/\/bertrand.pl\/wp-content\/uploads\/2024\/07\/DSC_9839_B_FullHD-e1773923455731-314x420.jpg\" alt=\"\" width=\"472\" height=\"631\" srcset=\"https:\/\/bertrand.pl\/wp-content\/uploads\/2024\/07\/DSC_9839_B_FullHD-e1773923455731-314x420.jpg 314w, https:\/\/bertrand.pl\/wp-content\/uploads\/2024\/07\/DSC_9839_B_FullHD-e1773923455731-1018x1360.jpg 1018w, https:\/\/bertrand.pl\/wp-content\/uploads\/2024\/07\/DSC_9839_B_FullHD-e1773923455731-768x1026.jpg 768w, https:\/\/bertrand.pl\/wp-content\/uploads\/2024\/07\/DSC_9839_B_FullHD-e1773923455731-9x12.jpg 9w, https:\/\/bertrand.pl\/wp-content\/uploads\/2024\/07\/DSC_9839_B_FullHD-e1773923455731-600x802.jpg 600w, https:\/\/bertrand.pl\/wp-content\/uploads\/2024\/07\/DSC_9839_B_FullHD-e1773923455731.jpg 1030w\" sizes=\"(max-width: 472px) 100vw, 472px\" \/> Czerwone drzwi drewniane zewn\u0119trzne w jode\u0142k\u0119 z do\u015bwietlem bocznym.<\/p>","protected":false},"excerpt":{"rendered":"<p>Holzt\u00fcren kombinieren die Eleganz von Naturholz mit au\u00dfergew\u00f6hnlicher Haltbarkeit und Isolierung und verleihen jedem Innenraum ein warmes und gem\u00fctliches Aussehen. Diese aus Holz h\u00f6chster Qualit\u00e4t gefertigten T\u00fcren bieten nicht nur \u00c4sthetik, sondern auch hervorragende akustische und thermische Eigenschaften, perfekt f\u00fcr Ihr Zuhause.<\/p>","protected":false},"featured_media":4249,"template":"","meta":{"site-sidebar-layout":"default","site-content-layout":"","ast-site-content-layout":"default","site-content-style":"default","site-sidebar-style":"default","ast-global-header-display":"","ast-banner-title-visibility":"","ast-main-header-display":"","ast-hfb-above-header-display":"","ast-hfb-below-header-display":"","ast-hfb-mobile-header-display":"","site-post-title":"","ast-breadcrumbs-content":"","ast-featured-img":"","footer-sml-layout":"","ast-disable-related-posts":"","theme-transparent-header-meta":"default","adv-header-id-meta":"","stick-header-meta":"","header-above-stick-meta":"","header-main-stick-meta":"","header-below-stick-meta":"","astra-migrate-meta-layouts":"set","ast-page-background-enabled":"default","ast-page-background-meta":{"desktop":{"background-color":"var(--ast-global-color-4)","background-image":"","background-repeat":"repeat","background-position":"center center","background-size":"auto","background-attachment":"scroll","background-type":"","background-media":"","overlay-type":"","overlay-color":"","overlay-opacity":"","overlay-gradient":""},"tablet":{"background-color":"","background-image":"","background-repeat":"repeat","background-position":"center center","background-size":"auto","background-attachment":"scroll","background-type":"","background-media":"","overlay-type":"","overlay-color":"","overlay-opacity":"","overlay-gradient":""},"mobile":{"background-color":"","background-image":"","background-repeat":"repeat","background-position":"center center","background-size":"auto","background-attachment":"scroll","background-type":"","background-media":"","overlay-type":"","overlay-color":"","overlay-opacity":"","overlay-gradient":""}},"ast-content-background-meta":{"desktop":{"background-color":"var(--ast-global-color-5)","background-image":"","background-repeat":"repeat","background-position":"center center","background-size":"auto","background-attachment":"scroll","background-type":"","background-media":"","overlay-type":"","overlay-color":"","overlay-opacity":"","overlay-gradient":""},"tablet":{"background-color":"var(--ast-global-color-5)","background-image":"","background-repeat":"repeat","background-position":"center center","background-size":"auto","background-attachment":"scroll","background-type":"","background-media":"","overlay-type":"","overlay-color":"","overlay-opacity":"","overlay-gradient":""},"mobile":{"background-color":"var(--ast-global-color-5)","background-image":"","background-repeat":"repeat","background-position":"center center","background-size":"auto","background-attachment":"scroll","background-type":"","background-media":"","overlay-type":"","overlay-color":"","overlay-opacity":"","overlay-gradient":""}}},"product_brand":[],"product_cat":[17,38],"product_tag":[168,1012,326,1020,1029,1014,579,175,460,1022,1031,343,383,1018,1030,1027,1019,342,585,458,1028,1015,1025,1016,581,1021,580,1013,583,758,1023,812,174,584,1026,1024,1011,582,1010,1017],"class_list":{"0":"post-4245","1":"product","2":"type-product","3":"status-publish","4":"has-post-thumbnail","6":"product_cat-drzwi","7":"product_cat-drzwi-zewnetrzne","8":"product_tag-bertrand","9":"product_tag-bezpieczenstwo-drzwi","10":"product_tag-budowa-domu","11":"product_tag-dbalosc-o-detale","12":"product_tag-design-drzwi","13":"product_tag-drewniane-drzwi-wejsciowe","14":"product_tag-drewniane-drzwi-zewnetrzne","15":"product_tag-drzwi","16":"product_tag-drzwi-bertrand","17":"product_tag-drzwi-dla-deweloperow","18":"product_tag-drzwi-dla-domow-jednorodzinnych","19":"product_tag-drzwi-do-domu","20":"product_tag-drzwi-drewniane","21":"product_tag-drzwi-lakierowane","22":"product_tag-drzwi-na-osiedla","23":"product_tag-drzwi-na-zamowienie","24":"product_tag-drzwi-olejowane","25":"product_tag-drzwi-wejsciowe","26":"product_tag-drzwi-z-polski","27":"product_tag-drzwi-zewnetrzne","28":"product_tag-elewacja-budynku","29":"product_tag-estetyka-drzwi","30":"product_tag-felc-antywywazeniowy","31":"product_tag-funkcjonalnosc-drzwi","32":"product_tag-idealne-drzwi-do-domu","33":"product_tag-inwestycja-na-lata","34":"product_tag-jakie-wybrac-drzwi-do-domu","35":"product_tag-modele-antywlamaniowe","36":"product_tag-nowe-drzwi","37":"product_tag-nowoczesne-technologie","38":"product_tag-nowoczesne-zamki","39":"product_tag-odpornosc-na-warunki-atmosferyczne","40":"product_tag-okna","41":"product_tag-producent-drzwi","42":"product_tag-solidna-konstrukcja","43":"product_tag-systemy-ochrony","44":"product_tag-trwalosc-drzwi","45":"product_tag-wybor-drzwi-wejsciowych","46":"product_tag-wysoka-jakosc-wykonania","47":"product_tag-wysokogatunkowe-drewno","48":"desktop-align-left","49":"tablet-align-left","50":"mobile-align-left","52":"first","53":"instock","54":"shipping-taxable","55":"product-type-simple"},"yoast_head":"<!-- This site is optimized with the Yoast SEO Premium plugin v27.2 (Yoast SEO v27.2) - https:\/\/yoast.com\/product\/yoast-seo-premium-wordpress\/ -->\n<title>Drzwi drewniane - Bertrand. Najwy\u017cszej jako\u015bci okna i drzwi. Certyfikowany producent od 1969 roku.<\/title>\n<meta name=\"description\" content=\"Drzwi drewniane to trwa\u0142o\u015b\u0107, styl i bezpiecze\u0144stwo. Odkryj nowoczesne drzwi zewn\u0119trzne, kt\u00f3re s\u0105 zar\u00f3wno funkcjonalne, jak i eleganckie. Wybierz Bertrand!\" \/>\n<meta name=\"robots\" content=\"index, follow, max-snippet:-1, max-image-preview:large, max-video-preview:-1\" \/>\n<link rel=\"canonical\" href=\"https:\/\/bertrand.pl\/de\/produkt\/holzturen\/\" \/>\n<meta property=\"og:locale\" content=\"de_DE\" \/>\n<meta property=\"og:type\" content=\"article\" \/>\n<meta property=\"og:title\" content=\"Drzwi drewniane\" \/>\n<meta property=\"og:description\" content=\"Drzwi drewniane to trwa\u0142o\u015b\u0107, styl i bezpiecze\u0144stwo. Odkryj nowoczesne drzwi zewn\u0119trzne, kt\u00f3re s\u0105 zar\u00f3wno funkcjonalne, jak i eleganckie. Wybierz Bertrand!\" \/>\n<meta property=\"og:url\" content=\"https:\/\/bertrand.pl\/de\/produkt\/holzturen\/\" \/>\n<meta property=\"og:site_name\" content=\"Bertrand. Najwy\u017cszej jako\u015bci okna i drzwi. Certyfikowany producent od 1969 roku.\" \/>\n<meta property=\"article:publisher\" content=\"https:\/\/www.facebook.com\/bertrandpolska\/\" \/>\n<meta property=\"article:modified_time\" content=\"2026-03-20T13:00:23+00:00\" \/>\n<meta property=\"og:image\" content=\"https:\/\/bertrand.pl\/wp-content\/uploads\/2024\/07\/drzwi-zewnetrzne-scaled.jpg\" \/>\n\t<meta property=\"og:image:width\" content=\"2310\" \/>\n\t<meta property=\"og:image:height\" content=\"2560\" \/>\n\t<meta property=\"og:image:type\" content=\"image\/jpeg\" \/>\n<meta name=\"twitter:card\" content=\"summary_large_image\" \/>\n<meta name=\"twitter:label1\" content=\"Gesch\u00e4tzte Lesezeit\" \/>\n\t<meta name=\"twitter:data1\" content=\"3\u00a0Minuten\" \/>\n<script type=\"application\/ld+json\" class=\"yoast-schema-graph\">{\"@context\":\"https:\/\/schema.org\",\"@graph\":[{\"@type\":\"WebPage\",\"@id\":\"https:\/\/bertrand.pl\/produkt\/drzwi-drewniane\/\",\"url\":\"https:\/\/bertrand.pl\/produkt\/drzwi-drewniane\/\",\"name\":\"Drzwi drewniane - Bertrand. Najwy\u017cszej jako\u015bci okna i drzwi. Certyfikowany producent od 1969 roku.\",\"isPartOf\":{\"@id\":\"https:\/\/bertrand.pl\/#website\"},\"primaryImageOfPage\":{\"@id\":\"https:\/\/bertrand.pl\/produkt\/drzwi-drewniane\/#primaryimage\"},\"image\":{\"@id\":\"https:\/\/bertrand.pl\/produkt\/drzwi-drewniane\/#primaryimage\"},\"thumbnailUrl\":\"https:\/\/bertrand.pl\/wp-content\/uploads\/2024\/07\/drzwi-zewnetrzne-scaled.jpg\",\"datePublished\":\"2024-07-26T09:20:58+00:00\",\"dateModified\":\"2026-03-20T13:00:23+00:00\",\"description\":\"Drzwi drewniane to trwa\u0142o\u015b\u0107, styl i bezpiecze\u0144stwo. Odkryj nowoczesne drzwi zewn\u0119trzne, kt\u00f3re s\u0105 zar\u00f3wno funkcjonalne, jak i eleganckie. Wybierz Bertrand!\",\"breadcrumb\":{\"@id\":\"https:\/\/bertrand.pl\/produkt\/drzwi-drewniane\/#breadcrumb\"},\"inLanguage\":\"de\",\"potentialAction\":[{\"@type\":\"ReadAction\",\"target\":[\"https:\/\/bertrand.pl\/produkt\/drzwi-drewniane\/\"]}]},{\"@type\":\"ImageObject\",\"inLanguage\":\"de\",\"@id\":\"https:\/\/bertrand.pl\/produkt\/drzwi-drewniane\/#primaryimage\",\"url\":\"https:\/\/bertrand.pl\/wp-content\/uploads\/2024\/07\/drzwi-zewnetrzne-scaled.jpg\",\"contentUrl\":\"https:\/\/bertrand.pl\/wp-content\/uploads\/2024\/07\/drzwi-zewnetrzne-scaled.jpg\",\"width\":2310,\"height\":2560},{\"@type\":\"BreadcrumbList\",\"@id\":\"https:\/\/bertrand.pl\/produkt\/drzwi-drewniane\/#breadcrumb\",\"itemListElement\":[{\"@type\":\"ListItem\",\"position\":1,\"name\":\"Strona g\u0142\u00f3wna\",\"item\":\"https:\/\/bertrand.pl\/\"},{\"@type\":\"ListItem\",\"position\":2,\"name\":\"Produits\",\"item\":\"https:\/\/bertrand.pl\/fr\/shop\/\"},{\"@type\":\"ListItem\",\"position\":3,\"name\":\"Drzwi drewniane\"}]},{\"@type\":\"WebSite\",\"@id\":\"https:\/\/bertrand.pl\/#website\",\"url\":\"https:\/\/bertrand.pl\/\",\"name\":\"Bertrand.pl\",\"description\":\"Firma Bertrand to certyfikowany i uznany producent najwy\u017cszej jako\u015bci okien z PVC, z drewna lub aluminium. Produkcja drzwi, rolet i bram gara\u017cowych.\",\"publisher\":{\"@id\":\"https:\/\/bertrand.pl\/#organization\"},\"potentialAction\":[{\"@type\":\"SearchAction\",\"target\":{\"@type\":\"EntryPoint\",\"urlTemplate\":\"https:\/\/bertrand.pl\/?s={search_term_string}\"},\"query-input\":{\"@type\":\"PropertyValueSpecification\",\"valueRequired\":true,\"valueName\":\"search_term_string\"}}],\"inLanguage\":\"de\"},{\"@type\":\"Organization\",\"@id\":\"https:\/\/bertrand.pl\/#organization\",\"name\":\"Bertrand.pl\",\"url\":\"https:\/\/bertrand.pl\/\",\"logo\":{\"@type\":\"ImageObject\",\"inLanguage\":\"de\",\"@id\":\"https:\/\/bertrand.pl\/#\/schema\/logo\/image\/\",\"url\":\"https:\/\/bertrand.pl\/wp-content\/uploads\/2024\/12\/logo_BB_TM_PL_black.png\",\"contentUrl\":\"https:\/\/bertrand.pl\/wp-content\/uploads\/2024\/12\/logo_BB_TM_PL_black.png\",\"width\":1831,\"height\":1831,\"caption\":\"Bertrand.pl\"},\"image\":{\"@id\":\"https:\/\/bertrand.pl\/#\/schema\/logo\/image\/\"},\"sameAs\":[\"https:\/\/www.facebook.com\/bertrandpolska\/\",\"https:\/\/www.instagram.com\/bertrand_okna_i_drzwi\/\",\"https:\/\/www.linkedin.com\/company\/bertrand\/\",\"https:\/\/www.tiktok.com\/@bertrand_okna_drzwi\"]}]}<\/script>\n<!-- \/ Yoast SEO Premium plugin. -->","yoast_head_json":{"title":"Drzwi drewniane - Bertrand. Najwy\u017cszej jako\u015bci okna i drzwi. Certyfikowany producent od 1969 roku.","description":"Holzt\u00fcren stehen f\u00fcr Langlebigkeit, Stil und Sicherheit. Entdecken Sie moderne Au\u00dfent\u00fcren, die sowohl funktional als auch elegant sind. W\u00e4hlen Sie Bertrand!","robots":{"index":"index","follow":"follow","max-snippet":"max-snippet:-1","max-image-preview":"max-image-preview:large","max-video-preview":"max-video-preview:-1"},"canonical":"https:\/\/bertrand.pl\/de\/produkt\/holzturen\/","og_locale":"de_DE","og_type":"article","og_title":"Drzwi drewniane","og_description":"Drzwi drewniane to trwa\u0142o\u015b\u0107, styl i bezpiecze\u0144stwo. Odkryj nowoczesne drzwi zewn\u0119trzne, kt\u00f3re s\u0105 zar\u00f3wno funkcjonalne, jak i eleganckie. Wybierz Bertrand!","og_url":"https:\/\/bertrand.pl\/de\/produkt\/holzturen\/","og_site_name":"Bertrand. Najwy\u017cszej jako\u015bci okna i drzwi. Certyfikowany producent od 1969 roku.","article_publisher":"https:\/\/www.facebook.com\/bertrandpolska\/","article_modified_time":"2026-03-20T13:00:23+00:00","og_image":[{"width":2310,"height":2560,"url":"https:\/\/bertrand.pl\/wp-content\/uploads\/2024\/07\/drzwi-zewnetrzne-scaled.jpg","type":"image\/jpeg"}],"twitter_card":"summary_large_image","twitter_misc":{"Gesch\u00e4tzte Lesezeit":"3\u00a0Minuten"},"schema":{"@context":"https:\/\/schema.org","@graph":[{"@type":"WebPage","@id":"https:\/\/bertrand.pl\/produkt\/drzwi-drewniane\/","url":"https:\/\/bertrand.pl\/produkt\/drzwi-drewniane\/","name":"Drzwi drewniane - Bertrand. Najwy\u017cszej jako\u015bci okna i drzwi. Certyfikowany producent od 1969 roku.","isPartOf":{"@id":"https:\/\/bertrand.pl\/#website"},"primaryImageOfPage":{"@id":"https:\/\/bertrand.pl\/produkt\/drzwi-drewniane\/#primaryimage"},"image":{"@id":"https:\/\/bertrand.pl\/produkt\/drzwi-drewniane\/#primaryimage"},"thumbnailUrl":"https:\/\/bertrand.pl\/wp-content\/uploads\/2024\/07\/drzwi-zewnetrzne-scaled.jpg","datePublished":"2024-07-26T09:20:58+00:00","dateModified":"2026-03-20T13:00:23+00:00","description":"Holzt\u00fcren stehen f\u00fcr Langlebigkeit, Stil und Sicherheit. Entdecken Sie moderne Au\u00dfent\u00fcren, die sowohl funktional als auch elegant sind. W\u00e4hlen Sie Bertrand!","breadcrumb":{"@id":"https:\/\/bertrand.pl\/produkt\/drzwi-drewniane\/#breadcrumb"},"inLanguage":"de","potentialAction":[{"@type":"ReadAction","target":["https:\/\/bertrand.pl\/produkt\/drzwi-drewniane\/"]}]},{"@type":"ImageObject","inLanguage":"de","@id":"https:\/\/bertrand.pl\/produkt\/drzwi-drewniane\/#primaryimage","url":"https:\/\/bertrand.pl\/wp-content\/uploads\/2024\/07\/drzwi-zewnetrzne-scaled.jpg","contentUrl":"https:\/\/bertrand.pl\/wp-content\/uploads\/2024\/07\/drzwi-zewnetrzne-scaled.jpg","width":2310,"height":2560},{"@type":"BreadcrumbList","@id":"https:\/\/bertrand.pl\/produkt\/drzwi-drewniane\/#breadcrumb","itemListElement":[{"@type":"ListItem","position":1,"name":"Strona g\u0142\u00f3wna","item":"https:\/\/bertrand.pl\/"},{"@type":"ListItem","position":2,"name":"Produits","item":"https:\/\/bertrand.pl\/fr\/shop\/"},{"@type":"ListItem","position":3,"name":"Drzwi drewniane"}]},{"@type":"WebSite","@id":"https:\/\/bertrand.pl\/#website","url":"https:\/\/bertrand.pl\/","name":"Bertrand.pl","description":"Firma Bertrand to certyfikowany i uznany producent najwy\u017cszej jako\u015bci okien z PVC, z drewna lub aluminium. Produkcja drzwi, rolet i bram gara\u017cowych.","publisher":{"@id":"https:\/\/bertrand.pl\/#organization"},"potentialAction":[{"@type":"SearchAction","target":{"@type":"EntryPoint","urlTemplate":"https:\/\/bertrand.pl\/?s={search_term_string}"},"query-input":{"@type":"PropertyValueSpecification","valueRequired":true,"valueName":"search_term_string"}}],"inLanguage":"de"},{"@type":"Organization","@id":"https:\/\/bertrand.pl\/#organization","name":"Bertrand.pl","url":"https:\/\/bertrand.pl\/","logo":{"@type":"ImageObject","inLanguage":"de","@id":"https:\/\/bertrand.pl\/#\/schema\/logo\/image\/","url":"https:\/\/bertrand.pl\/wp-content\/uploads\/2024\/12\/logo_BB_TM_PL_black.png","contentUrl":"https:\/\/bertrand.pl\/wp-content\/uploads\/2024\/12\/logo_BB_TM_PL_black.png","width":1831,"height":1831,"caption":"Bertrand.pl"},"image":{"@id":"https:\/\/bertrand.pl\/#\/schema\/logo\/image\/"},"sameAs":["https:\/\/www.facebook.com\/bertrandpolska\/","https:\/\/www.instagram.com\/bertrand_okna_i_drzwi\/","https:\/\/www.linkedin.com\/company\/bertrand\/","https:\/\/www.tiktok.com\/@bertrand_okna_drzwi"]}]}},"_links":{"self":[{"href":"https:\/\/bertrand.pl\/de\/wp-json\/wp\/v2\/product\/4245","targetHints":{"allow":["GET"]}}],"collection":[{"href":"https:\/\/bertrand.pl\/de\/wp-json\/wp\/v2\/product"}],"about":[{"href":"https:\/\/bertrand.pl\/de\/wp-json\/wp\/v2\/types\/product"}],"wp:featuredmedia":[{"embeddable":true,"href":"https:\/\/bertrand.pl\/de\/wp-json\/wp\/v2\/media\/4249"}],"wp:attachment":[{"href":"https:\/\/bertrand.pl\/de\/wp-json\/wp\/v2\/media?parent=4245"}],"wp:term":[{"taxonomy":"product_brand","embeddable":true,"href":"https:\/\/bertrand.pl\/de\/wp-json\/wp\/v2\/product_brand?post=4245"},{"taxonomy":"product_cat","embeddable":true,"href":"https:\/\/bertrand.pl\/de\/wp-json\/wp\/v2\/product_cat?post=4245"},{"taxonomy":"product_tag","embeddable":true,"href":"https:\/\/bertrand.pl\/de\/wp-json\/wp\/v2\/product_tag?post=4245"}],"curies":[{"name":"wp","href":"https:\/\/api.w.org\/{rel}","templated":true}]}}