{"id":4352,"date":"2024-08-05T11:11:05","date_gmt":"2024-08-05T09:11:05","guid":{"rendered":"https:\/\/bertrand.pl\/?post_type=product&#038;p=4352"},"modified":"2024-12-13T11:42:49","modified_gmt":"2024-12-13T10:42:49","slug":"slimwall-35","status":"publish","type":"product","link":"https:\/\/bertrand.pl\/de\/produkt\/slimwall-35\/","title":{"rendered":"SlimWall 35"},"content":{"rendered":"<h3>SlimWall 35 \u2013 Schlankes Fassadensystem f\u00fcr moderne Geb\u00e4ude<\/h3>\n<p>&nbsp;<\/p>\n<p><strong>SlimWall 35<\/strong> ist ein modernes Fassadensystem, das Eleganz mit Zweckm\u00e4\u00dfigkeit verbindet. Es entspricht den Standards des Passivbaus und erm\u00f6glicht gleichzeitig die Umsetzung von Projekten auf zwei Etagen. Das System eignet sich ideal f\u00fcr Geb\u00e4ude, die gro\u00dfe Verglasungen und eine langj\u00e4hrige Haltbarkeit erfordern.<\/p>\n<p>&nbsp;<\/p>\n<h3>\u00c4sthetik und Funktionalit\u00e4t<\/h3>\n<p>&nbsp;<\/p>\n<p>Es zeichnet sich durch solide, minimalistische Profile aus. Sie erm\u00f6glichen die Nutzung gro\u00dfer Glasfl\u00e4chen, ohne dass die Stabilit\u00e4t der Konstruktion verloren geht. Das System funktioniert hervorragend in ger\u00e4umigen H\u00e4usern und \u00f6ffentlichen Einrichtungen wie Restaurants oder Gesch\u00e4ften. Dadurch werden die Innenr\u00e4ume voller Licht und die Fassaden erhalten ein modernes Aussehen. Dar\u00fcber hinaus schlie\u00dft die Fassade nahtlos an die \u00d6ffnungselemente an, was viele Gestaltungsm\u00f6glichkeiten bietet.<\/p>\n<p>&nbsp;<\/p>\n<figure id=\"attachment_4353\" aria-describedby=\"caption-attachment-4353\" style=\"width: 801px\" class=\"wp-caption alignnone\"><img fetchpriority=\"high\" decoding=\"async\" class=\"wp-image-4353\" src=\"https:\/\/bertrand.pl\/wp-content\/uploads\/2024\/08\/reynaers-ATW-60ab6078.jpeg\" alt=\"SlimWall 35 ist die perfekte Wahl f\u00fcr moderne Projekte. Es bietet elegantes Design, Langlebigkeit und Energieeffizienz.\" width=\"801\" height=\"534\" srcset=\"https:\/\/bertrand.pl\/wp-content\/uploads\/2024\/08\/reynaers-ATW-60ab6078.jpeg 1000w, https:\/\/bertrand.pl\/wp-content\/uploads\/2024\/08\/reynaers-ATW-60ab6078-420x280.jpeg 420w, https:\/\/bertrand.pl\/wp-content\/uploads\/2024\/08\/reynaers-ATW-60ab6078-768x512.jpeg 768w, https:\/\/bertrand.pl\/wp-content\/uploads\/2024\/08\/reynaers-ATW-60ab6078-18x12.jpeg 18w, https:\/\/bertrand.pl\/wp-content\/uploads\/2024\/08\/reynaers-ATW-60ab6078-600x400.jpeg 600w\" sizes=\"(max-width: 801px) 100vw, 801px\" \/><figcaption id=\"caption-attachment-4353\" class=\"wp-caption-text\">SlimWall 35<\/figcaption><\/figure>\n<p>&nbsp;<\/p>\n<h3>Ger\u00e4umig und komfortabel<\/h3>\n<p>&nbsp;<\/p>\n<p>Die im SlimWall 35-System geschaffenen gro\u00dfen Verglasungen erm\u00f6glichen eine maximale freie Sicht. Dadurch sind die Innenr\u00e4ume hell und ger\u00e4umig. Das System eignet sich sowohl f\u00fcr Privath\u00e4user als auch f\u00fcr Gewerbegeb\u00e4ude. Es gew\u00e4hrleistet die Haltbarkeit der Struktur und den Nutzungskomfort \u00fcber viele Jahre.<\/p>\n<p>&nbsp;<\/p>\n<h3>Hervorragende Parameter f\u00fcr Passivbauweise<\/h3>\n<p>&nbsp;<\/p>\n<p>Das System erf\u00fcllt die Anforderungen des Passivbaus und ist somit eine energiesparende und \u00f6kologische L\u00f6sung. Das Design bietet eine hervorragende W\u00e4rmed\u00e4mmung, was den Energieverbrauch reduziert. Dadurch sinken die Betriebskosten des Geb\u00e4udes und die Natur wird besser gesch\u00fctzt.<\/p>\n<p>&nbsp;<\/p>\n<h3>Die St\u00e4rke und Flexibilit\u00e4t von SlimWall 35<\/h3>\n<p>&nbsp;<\/p>\n<p>Dieses System ist sowohl \u00e4sthetisch als auch langlebig. Minimalistische Profile sorgen f\u00fcr eine dezente Optik und erm\u00f6glichen gleichzeitig die Beibehaltung gro\u00dfer Glasfl\u00e4chen. Dar\u00fcber hinaus erm\u00f6glicht das System eine reibungslose Kombination mit anderen Elementen, was die Gestaltungsm\u00f6glichkeiten erweitert.<\/p>\n<h3><\/h3>\n<p><strong>SlimWall 35<\/strong> ist die perfekte Wahl f\u00fcr moderne Designs. Es bietet elegantes Design, Langlebigkeit und Energieeffizienz. Dank der gro\u00dfen Verglasung und der hohen W\u00e4rmed\u00e4mmung eignet sich das System sowohl f\u00fcr Privath\u00e4user als auch f\u00fcr \u00f6ffentliche Geb\u00e4ude.<\/p>\n<p>&nbsp;<\/p>\n<h3>Charakteristische Merkmale des Systems:<\/h3>\n<p>&nbsp;<\/p>\n<ul>\n<li><strong>Minimalistische Profile<\/strong>: Solide, aber dezente Konstruktion, die den Einsatz gro\u00dfer Verglasungen erm\u00f6glicht.<\/li>\n<li><strong>Passiver Baustandard<\/strong>: Hervorragende W\u00e4rmed\u00e4mmung und Energieeffizienz.<\/li>\n<li><strong>Nutzungsm\u00f6glichkeit auf zwei Etagen<\/strong>: Geeignet f\u00fcr moderne, gr\u00f6\u00dfere Projekte.<\/li>\n<li><strong>Weite Aussichten<\/strong>: Schaffung gro\u00dfer, offener R\u00e4ume mit maximalem nat\u00fcrlichem Licht.<\/li>\n<li><strong>Designflexibilit\u00e4t<\/strong>: M\u00f6glichkeit der Kombination der Fassade mit anderen \u00d6ffnungselementen.<\/li>\n<li><strong>Anwendung in verschiedenen Geb\u00e4uden<\/strong>: Perfekt f\u00fcr Einfamilienh\u00e4user, Restaurants, Gesch\u00e4fte und B\u00fcrogeb\u00e4ude.<\/li>\n<li><strong>Moderne \u00c4sthetik<\/strong>: Eine elegante Fassade, die sich harmonisch in verschiedene Architekturstile einf\u00fcgt.<\/li>\n<li><strong>Haltbarkeit der Struktur<\/strong>: Best\u00e4ndigkeit gegen Langzeitgebrauch dank hochwertiger Materialien.<\/li>\n<li><strong>Komfort bei der Nutzung<\/strong>: Ger\u00e4umige und helle Innenr\u00e4ume dank gro\u00dfer Verglasung.<\/li>\n<li><strong>Umweltfreundlichkeit<\/strong>: Reduzierung der Betriebskosten und der Umweltbelastung.<\/li>\n<\/ul>\n<p>&nbsp;<\/p>\n<h4>SEHEN SIE AUCH:<\/h4>\n<p>&nbsp;<\/p>\n<p><a href=\"https:\/\/bertrand.pl\/de\/holzfenster-haltbarer-denn-je-kaltpigmente\/\">Kalte Pigmente \u2013 Holzfenster langlebiger als je zuvor \u2013 Bertrand.pl<\/a><\/p>\n<p><a href=\"https:\/\/www.youtube.com\/watch?v=3daFXkuWIo4\">Wie unterscheiden sich europ\u00e4ische Fenster von amerikanischen Fenstern?<\/a><\/p>\n<p>&nbsp;<\/p>","protected":false},"excerpt":{"rendered":"<p><strong>SCHLANKES FASSADENSYSTEM<\/strong><\/p>\n<p>SlimWall 35 ist ein schlankes Fassadensystem, das auch auf zwei Etagen ein elegantes Erscheinungsbild und Parameter bietet, die den Standards des Passivbaus entsprechen. Es erm\u00f6glicht Ihnen, weite, offene Ansichten zu schaffen, die viele Jahre lang Bestand haben.<\/p>","protected":false},"featured_media":4354,"template":"","meta":{"site-sidebar-layout":"default","site-content-layout":"","ast-site-content-layout":"default","site-content-style":"default","site-sidebar-style":"default","ast-global-header-display":"","ast-banner-title-visibility":"","ast-main-header-display":"","ast-hfb-above-header-display":"","ast-hfb-below-header-display":"","ast-hfb-mobile-header-display":"","site-post-title":"","ast-breadcrumbs-content":"","ast-featured-img":"","footer-sml-layout":"","ast-disable-related-posts":"","theme-transparent-header-meta":"default","adv-header-id-meta":"","stick-header-meta":"","header-above-stick-meta":"","header-main-stick-meta":"","header-below-stick-meta":"","astra-migrate-meta-layouts":"set","ast-page-background-enabled":"default","ast-page-background-meta":{"desktop":{"background-color":"var(--ast-global-color-4)","background-image":"","background-repeat":"repeat","background-position":"center center","background-size":"auto","background-attachment":"scroll","background-type":"","background-media":"","overlay-type":"","overlay-color":"","overlay-opacity":"","overlay-gradient":""},"tablet":{"background-color":"","background-image":"","background-repeat":"repeat","background-position":"center center","background-size":"auto","background-attachment":"scroll","background-type":"","background-media":"","overlay-type":"","overlay-color":"","overlay-opacity":"","overlay-gradient":""},"mobile":{"background-color":"","background-image":"","background-repeat":"repeat","background-position":"center center","background-size":"auto","background-attachment":"scroll","background-type":"","background-media":"","overlay-type":"","overlay-color":"","overlay-opacity":"","overlay-gradient":""}},"ast-content-background-meta":{"desktop":{"background-color":"var(--ast-global-color-5)","background-image":"","background-repeat":"repeat","background-position":"center center","background-size":"auto","background-attachment":"scroll","background-type":"","background-media":"","overlay-type":"","overlay-color":"","overlay-opacity":"","overlay-gradient":""},"tablet":{"background-color":"var(--ast-global-color-5)","background-image":"","background-repeat":"repeat","background-position":"center center","background-size":"auto","background-attachment":"scroll","background-type":"","background-media":"","overlay-type":"","overlay-color":"","overlay-opacity":"","overlay-gradient":""},"mobile":{"background-color":"var(--ast-global-color-5)","background-image":"","background-repeat":"repeat","background-position":"center center","background-size":"auto","background-attachment":"scroll","background-type":"","background-media":"","overlay-type":"","overlay-color":"","overlay-opacity":"","overlay-gradient":""}}},"product_brand":[],"product_cat":[20],"product_tag":[168,368,1438,408,1435,603,453,419,595,1433,699,1262,602,317,1335,1436,601,1437,600,817,597,1434,659],"class_list":{"0":"post-4352","1":"product","2":"type-product","3":"status-publish","4":"has-post-thumbnail","6":"product_cat-fasady","7":"product_tag-bertrand","8":"product_tag-budownictwo-pasywne","9":"product_tag-budynki-komercyjne","10":"product_tag-duze-przeszklenia","11":"product_tag-elegancka-fasada","12":"product_tag-elegancki-design","13":"product_tag-energooszczednosc","14":"product_tag-fasada","15":"product_tag-fasada-aluminiowa","16":"product_tag-minimalistyczne-profile","17":"product_tag-naturalne-swiatlo","18":"product_tag-nowoczesne-budownictwo","19":"product_tag-ogromne-przeszklenia","20":"product_tag-profil-aluminiowy","21":"product_tag-przestronnosc","22":"product_tag-restauracje","23":"product_tag-reynaers","24":"product_tag-sklepy","25":"product_tag-slimwall-35","26":"product_tag-system-fasadowy","27":"product_tag-system-szklenia","28":"product_tag-szerokie-widoki","29":"product_tag-trwalosc","30":"desktop-align-left","31":"tablet-align-left","32":"mobile-align-left","34":"first","35":"instock","36":"shipping-taxable","37":"product-type-simple"},"yoast_head":"<!-- This site is optimized with the Yoast SEO Premium plugin v27.2 (Yoast SEO v27.2) - https:\/\/yoast.com\/product\/yoast-seo-premium-wordpress\/ -->\n<title>SlimWall 35 - Bertrand. Najwy\u017cszej jako\u015bci okna i drzwi. Certyfikowany producent od 1969 roku.<\/title>\n<meta name=\"description\" content=\"SlimWall 35 to smuk\u0142y system fasadowy. Elegancki wygl\u0105d i parametry spe\u0142niaj\u0105ce standardy budownictwa pasywnego. \u015awietny wyb\u00f3r na lata. Idealny do dom\u00f3w.\" \/>\n<meta name=\"robots\" content=\"index, follow, max-snippet:-1, max-image-preview:large, max-video-preview:-1\" \/>\n<link rel=\"canonical\" href=\"https:\/\/bertrand.pl\/de\/produkt\/slimwall-35\/\" \/>\n<meta property=\"og:locale\" content=\"de_DE\" \/>\n<meta property=\"og:type\" content=\"article\" \/>\n<meta property=\"og:title\" content=\"SlimWall 35\" \/>\n<meta property=\"og:description\" content=\"SlimWall 35 to smuk\u0142y system fasadowy. Elegancki wygl\u0105d i parametry spe\u0142niaj\u0105ce standardy budownictwa pasywnego. \u015awietny wyb\u00f3r na lata. Idealny do dom\u00f3w.\" \/>\n<meta property=\"og:url\" content=\"https:\/\/bertrand.pl\/de\/produkt\/slimwall-35\/\" \/>\n<meta property=\"og:site_name\" content=\"Bertrand. Najwy\u017cszej jako\u015bci okna i drzwi. Certyfikowany producent od 1969 roku.\" \/>\n<meta property=\"article:publisher\" content=\"https:\/\/www.facebook.com\/bertrandpolska\/\" \/>\n<meta property=\"article:modified_time\" content=\"2024-12-13T10:42:49+00:00\" \/>\n<meta property=\"og:image\" content=\"https:\/\/bertrand.pl\/wp-content\/uploads\/2024\/08\/pobrane-e1722849764942.png\" \/>\n\t<meta property=\"og:image:width\" content=\"690\" \/>\n\t<meta property=\"og:image:height\" content=\"690\" \/>\n\t<meta property=\"og:image:type\" content=\"image\/png\" \/>\n<meta name=\"twitter:card\" content=\"summary_large_image\" \/>\n<meta name=\"twitter:label1\" content=\"Gesch\u00e4tzte Lesezeit\" \/>\n\t<meta name=\"twitter:data1\" content=\"3\u00a0Minuten\" \/>\n<script type=\"application\/ld+json\" class=\"yoast-schema-graph\">{\"@context\":\"https:\/\/schema.org\",\"@graph\":[{\"@type\":\"WebPage\",\"@id\":\"https:\/\/bertrand.pl\/produkt\/slimwall-35\/\",\"url\":\"https:\/\/bertrand.pl\/produkt\/slimwall-35\/\",\"name\":\"SlimWall 35 - Bertrand. Najwy\u017cszej jako\u015bci okna i drzwi. Certyfikowany producent od 1969 roku.\",\"isPartOf\":{\"@id\":\"https:\/\/bertrand.pl\/#website\"},\"primaryImageOfPage\":{\"@id\":\"https:\/\/bertrand.pl\/produkt\/slimwall-35\/#primaryimage\"},\"image\":{\"@id\":\"https:\/\/bertrand.pl\/produkt\/slimwall-35\/#primaryimage\"},\"thumbnailUrl\":\"https:\/\/bertrand.pl\/wp-content\/uploads\/2024\/08\/pobrane-e1722849764942.png\",\"datePublished\":\"2024-08-05T09:11:05+00:00\",\"dateModified\":\"2024-12-13T10:42:49+00:00\",\"description\":\"SlimWall 35 to smuk\u0142y system fasadowy. Elegancki wygl\u0105d i parametry spe\u0142niaj\u0105ce standardy budownictwa pasywnego. \u015awietny wyb\u00f3r na lata. Idealny do dom\u00f3w.\",\"breadcrumb\":{\"@id\":\"https:\/\/bertrand.pl\/produkt\/slimwall-35\/#breadcrumb\"},\"inLanguage\":\"de\",\"potentialAction\":[{\"@type\":\"ReadAction\",\"target\":[\"https:\/\/bertrand.pl\/produkt\/slimwall-35\/\"]}]},{\"@type\":\"ImageObject\",\"inLanguage\":\"de\",\"@id\":\"https:\/\/bertrand.pl\/produkt\/slimwall-35\/#primaryimage\",\"url\":\"https:\/\/bertrand.pl\/wp-content\/uploads\/2024\/08\/pobrane-e1722849764942.png\",\"contentUrl\":\"https:\/\/bertrand.pl\/wp-content\/uploads\/2024\/08\/pobrane-e1722849764942.png\",\"width\":690,\"height\":690},{\"@type\":\"BreadcrumbList\",\"@id\":\"https:\/\/bertrand.pl\/produkt\/slimwall-35\/#breadcrumb\",\"itemListElement\":[{\"@type\":\"ListItem\",\"position\":1,\"name\":\"Strona g\u0142\u00f3wna\",\"item\":\"https:\/\/bertrand.pl\/\"},{\"@type\":\"ListItem\",\"position\":2,\"name\":\"Produits\",\"item\":\"https:\/\/bertrand.pl\/fr\/shop\/\"},{\"@type\":\"ListItem\",\"position\":3,\"name\":\"SlimWall 35\"}]},{\"@type\":\"WebSite\",\"@id\":\"https:\/\/bertrand.pl\/#website\",\"url\":\"https:\/\/bertrand.pl\/\",\"name\":\"Bertrand.pl\",\"description\":\"Firma Bertrand to certyfikowany i uznany producent najwy\u017cszej jako\u015bci okien z PVC, z drewna lub aluminium. Produkcja drzwi, rolet i bram gara\u017cowych.\",\"publisher\":{\"@id\":\"https:\/\/bertrand.pl\/#organization\"},\"potentialAction\":[{\"@type\":\"SearchAction\",\"target\":{\"@type\":\"EntryPoint\",\"urlTemplate\":\"https:\/\/bertrand.pl\/?s={search_term_string}\"},\"query-input\":{\"@type\":\"PropertyValueSpecification\",\"valueRequired\":true,\"valueName\":\"search_term_string\"}}],\"inLanguage\":\"de\"},{\"@type\":\"Organization\",\"@id\":\"https:\/\/bertrand.pl\/#organization\",\"name\":\"Bertrand.pl\",\"url\":\"https:\/\/bertrand.pl\/\",\"logo\":{\"@type\":\"ImageObject\",\"inLanguage\":\"de\",\"@id\":\"https:\/\/bertrand.pl\/#\/schema\/logo\/image\/\",\"url\":\"https:\/\/bertrand.pl\/wp-content\/uploads\/2024\/12\/logo_BB_TM_PL_black.png\",\"contentUrl\":\"https:\/\/bertrand.pl\/wp-content\/uploads\/2024\/12\/logo_BB_TM_PL_black.png\",\"width\":1831,\"height\":1831,\"caption\":\"Bertrand.pl\"},\"image\":{\"@id\":\"https:\/\/bertrand.pl\/#\/schema\/logo\/image\/\"},\"sameAs\":[\"https:\/\/www.facebook.com\/bertrandpolska\/\",\"https:\/\/www.instagram.com\/bertrand_okna_i_drzwi\/\",\"https:\/\/www.linkedin.com\/company\/bertrand\/\",\"https:\/\/www.tiktok.com\/@bertrand_okna_drzwi\"]}]}<\/script>\n<!-- \/ Yoast SEO Premium plugin. -->","yoast_head_json":{"title":"SlimWall 35 - Bertrand. Najwy\u017cszej jako\u015bci okna i drzwi. Certyfikowany producent od 1969 roku.","description":"SlimWall 35 ist ein schlankes Fassadensystem. Elegantes Aussehen und Parameter, die den Standards der Passivbauweise entsprechen. Seit Jahren eine tolle Wahl. Perfekt f\u00fcr H\u00e4user.","robots":{"index":"index","follow":"follow","max-snippet":"max-snippet:-1","max-image-preview":"max-image-preview:large","max-video-preview":"max-video-preview:-1"},"canonical":"https:\/\/bertrand.pl\/de\/produkt\/slimwall-35\/","og_locale":"de_DE","og_type":"article","og_title":"SlimWall 35","og_description":"SlimWall 35 to smuk\u0142y system fasadowy. Elegancki wygl\u0105d i parametry spe\u0142niaj\u0105ce standardy budownictwa pasywnego. \u015awietny wyb\u00f3r na lata. Idealny do dom\u00f3w.","og_url":"https:\/\/bertrand.pl\/de\/produkt\/slimwall-35\/","og_site_name":"Bertrand. Najwy\u017cszej jako\u015bci okna i drzwi. Certyfikowany producent od 1969 roku.","article_publisher":"https:\/\/www.facebook.com\/bertrandpolska\/","article_modified_time":"2024-12-13T10:42:49+00:00","og_image":[{"width":690,"height":690,"url":"https:\/\/bertrand.pl\/wp-content\/uploads\/2024\/08\/pobrane-e1722849764942.png","type":"image\/png"}],"twitter_card":"summary_large_image","twitter_misc":{"Gesch\u00e4tzte Lesezeit":"3\u00a0Minuten"},"schema":{"@context":"https:\/\/schema.org","@graph":[{"@type":"WebPage","@id":"https:\/\/bertrand.pl\/produkt\/slimwall-35\/","url":"https:\/\/bertrand.pl\/produkt\/slimwall-35\/","name":"SlimWall 35 - Bertrand. Najwy\u017cszej jako\u015bci okna i drzwi. Certyfikowany producent od 1969 roku.","isPartOf":{"@id":"https:\/\/bertrand.pl\/#website"},"primaryImageOfPage":{"@id":"https:\/\/bertrand.pl\/produkt\/slimwall-35\/#primaryimage"},"image":{"@id":"https:\/\/bertrand.pl\/produkt\/slimwall-35\/#primaryimage"},"thumbnailUrl":"https:\/\/bertrand.pl\/wp-content\/uploads\/2024\/08\/pobrane-e1722849764942.png","datePublished":"2024-08-05T09:11:05+00:00","dateModified":"2024-12-13T10:42:49+00:00","description":"SlimWall 35 ist ein schlankes Fassadensystem. Elegantes Aussehen und Parameter, die den Standards der Passivbauweise entsprechen. Seit Jahren eine tolle Wahl. Perfekt f\u00fcr H\u00e4user.","breadcrumb":{"@id":"https:\/\/bertrand.pl\/produkt\/slimwall-35\/#breadcrumb"},"inLanguage":"de","potentialAction":[{"@type":"ReadAction","target":["https:\/\/bertrand.pl\/produkt\/slimwall-35\/"]}]},{"@type":"ImageObject","inLanguage":"de","@id":"https:\/\/bertrand.pl\/produkt\/slimwall-35\/#primaryimage","url":"https:\/\/bertrand.pl\/wp-content\/uploads\/2024\/08\/pobrane-e1722849764942.png","contentUrl":"https:\/\/bertrand.pl\/wp-content\/uploads\/2024\/08\/pobrane-e1722849764942.png","width":690,"height":690},{"@type":"BreadcrumbList","@id":"https:\/\/bertrand.pl\/produkt\/slimwall-35\/#breadcrumb","itemListElement":[{"@type":"ListItem","position":1,"name":"Strona g\u0142\u00f3wna","item":"https:\/\/bertrand.pl\/"},{"@type":"ListItem","position":2,"name":"Produits","item":"https:\/\/bertrand.pl\/fr\/shop\/"},{"@type":"ListItem","position":3,"name":"SlimWall 35"}]},{"@type":"WebSite","@id":"https:\/\/bertrand.pl\/#website","url":"https:\/\/bertrand.pl\/","name":"Bertrand.pl","description":"Firma Bertrand to certyfikowany i uznany producent najwy\u017cszej jako\u015bci okien z PVC, z drewna lub aluminium. Produkcja drzwi, rolet i bram gara\u017cowych.","publisher":{"@id":"https:\/\/bertrand.pl\/#organization"},"potentialAction":[{"@type":"SearchAction","target":{"@type":"EntryPoint","urlTemplate":"https:\/\/bertrand.pl\/?s={search_term_string}"},"query-input":{"@type":"PropertyValueSpecification","valueRequired":true,"valueName":"search_term_string"}}],"inLanguage":"de"},{"@type":"Organization","@id":"https:\/\/bertrand.pl\/#organization","name":"Bertrand.pl","url":"https:\/\/bertrand.pl\/","logo":{"@type":"ImageObject","inLanguage":"de","@id":"https:\/\/bertrand.pl\/#\/schema\/logo\/image\/","url":"https:\/\/bertrand.pl\/wp-content\/uploads\/2024\/12\/logo_BB_TM_PL_black.png","contentUrl":"https:\/\/bertrand.pl\/wp-content\/uploads\/2024\/12\/logo_BB_TM_PL_black.png","width":1831,"height":1831,"caption":"Bertrand.pl"},"image":{"@id":"https:\/\/bertrand.pl\/#\/schema\/logo\/image\/"},"sameAs":["https:\/\/www.facebook.com\/bertrandpolska\/","https:\/\/www.instagram.com\/bertrand_okna_i_drzwi\/","https:\/\/www.linkedin.com\/company\/bertrand\/","https:\/\/www.tiktok.com\/@bertrand_okna_drzwi"]}]}},"_links":{"self":[{"href":"https:\/\/bertrand.pl\/de\/wp-json\/wp\/v2\/product\/4352","targetHints":{"allow":["GET"]}}],"collection":[{"href":"https:\/\/bertrand.pl\/de\/wp-json\/wp\/v2\/product"}],"about":[{"href":"https:\/\/bertrand.pl\/de\/wp-json\/wp\/v2\/types\/product"}],"wp:featuredmedia":[{"embeddable":true,"href":"https:\/\/bertrand.pl\/de\/wp-json\/wp\/v2\/media\/4354"}],"wp:attachment":[{"href":"https:\/\/bertrand.pl\/de\/wp-json\/wp\/v2\/media?parent=4352"}],"wp:term":[{"taxonomy":"product_brand","embeddable":true,"href":"https:\/\/bertrand.pl\/de\/wp-json\/wp\/v2\/product_brand?post=4352"},{"taxonomy":"product_cat","embeddable":true,"href":"https:\/\/bertrand.pl\/de\/wp-json\/wp\/v2\/product_cat?post=4352"},{"taxonomy":"product_tag","embeddable":true,"href":"https:\/\/bertrand.pl\/de\/wp-json\/wp\/v2\/product_tag?post=4352"}],"curies":[{"name":"wp","href":"https:\/\/api.w.org\/{rel}","templated":true}]}}