{"id":4713,"date":"2024-08-23T08:24:37","date_gmt":"2024-08-23T06:24:37","guid":{"rendered":"https:\/\/bertrand.pl\/?post_type=product&#038;p=4713"},"modified":"2025-03-06T15:04:03","modified_gmt":"2025-03-06T14:04:03","slug":"alutrend-retro","status":"publish","type":"product","link":"https:\/\/bertrand.pl\/de\/produkt\/alutrend-retro\/","title":{"rendered":"Alutrend Retro"},"content":{"rendered":"<h4>Alutrend Retro \u2013 Stilisiertes Holz-Aluminium-System<\/h4>\n<p>&nbsp;<\/p>\n<p><strong>Alutrend Retro<\/strong> ist ein modernes Holz-Aluminium-Fenstersystem, das klassische \u00c4sthetik mit modernen technologischen L\u00f6sungen verbindet. Erh\u00e4ltlich in drei Tiefenvarianten \u2013 <strong>Standard, XL (93,5 mm)<\/strong> Und <strong>MAX (107,5 mm)<\/strong> \u2013 Dieses System bietet vielf\u00e4ltige M\u00f6glichkeiten zur Anpassung an verschiedene Architekturstile. Dank der stilisierten Formen der Aluminiumauflagen erhalten die Fenster ein elegantes Aussehen und gleichzeitig eine h\u00f6here Haltbarkeit, wodurch sie best\u00e4ndig gegen wechselnde und schwierige Wetterbedingungen sind.<\/p>\n<p>&nbsp;<\/p>\n<h4>Gro\u00dfe Auswahl an Holz- und Verglasungsoptionen<\/h4>\n<p>&nbsp;<\/p>\n<p>Einer der Hauptvorteile des Alutrend Retro-Systems ist die M\u00f6glichkeit, aus einer breiten Palette von Holzarten zu w\u00e4hlen. Dadurch k\u00f6nnen die Fenster perfekt an den Charakter des Innenraums angepasst werden, unabh\u00e4ngig davon, ob dieser von modernen oder traditionellen Elementen dominiert wird. Dar\u00fcber hinaus bietet das System eine Option <strong>Doppel- oder Dreifachverglasung<\/strong>, was nicht nur f\u00fcr eine hervorragende W\u00e4rmed\u00e4mmung sorgt, sondern auch den akustischen Komfort deutlich erh\u00f6ht. Dies ist besonders an lauten Orten wichtig, beispielsweise in Innenst\u00e4dten oder in der N\u00e4he stark befahrener Stra\u00dfen.<\/p>\n<p>&nbsp;<\/p>\n<h4>Dichtheit und Widerstand<\/h4>\n<p>&nbsp;<\/p>\n<p>Alutrend Retro ist mit drei Dichtungslinien ausgestattet, die maximale Dichtheit und wirksamen Schutz vor Feuchtigkeit und Wind garantieren. Dadurch funktioniert das System unabh\u00e4ngig von der Jahreszeit unter verschiedenen klimatischen Bedingungen einwandfrei. Dar\u00fcber hinaus k\u00f6nnen Sie zwischen w\u00e4hlen <strong>Oberfl\u00e4chenscharniere<\/strong> Und <strong>versteckt<\/strong> erm\u00f6glicht eine flexible Anpassung der Fenster an individuelle Gestaltungsw\u00fcnsche. Dies wiederum erh\u00f6ht ihre Funktionalit\u00e4t und \u00c4sthetik.<\/p>\n<p>&nbsp;<\/p>\n<p><img fetchpriority=\"high\" decoding=\"async\" class=\"wp-image-4714\" src=\"https:\/\/bertrand.pl\/wp-content\/uploads\/2024\/08\/Zrzut-ekranu-2024-08-23-082836.png\" alt=\"Alutrend Retro \u2013 Dichtheit und Widerstandsf\u00e4higkeit.\" width=\"350\" height=\"407\" srcset=\"https:\/\/bertrand.pl\/wp-content\/uploads\/2024\/08\/Zrzut-ekranu-2024-08-23-082836.png 469w, https:\/\/bertrand.pl\/wp-content\/uploads\/2024\/08\/Zrzut-ekranu-2024-08-23-082836-361x420.png 361w, https:\/\/bertrand.pl\/wp-content\/uploads\/2024\/08\/Zrzut-ekranu-2024-08-23-082836-10x12.png 10w\" sizes=\"(max-width: 350px) 100vw, 350px\" \/><\/p>\n<h3><\/h3>\n<h4>Haltbarkeit und Schutz von Alutrend Retro<\/h4>\n<p>&nbsp;<\/p>\n<p><strong>Bertrand<\/strong>, der Hersteller des Alutrend Retro-Systems, verwendet standardm\u00e4\u00dfig fortschrittliche Holzlacke, wie z <strong>AQUATOP<\/strong>die einen langfristigen Oberfl\u00e4chenschutz bieten. Dieser Lack sch\u00fctzt das Holz effektiv vor Feuchtigkeit, Regen und Sonnenlicht und beugt F\u00e4ulnis, Schimmel und anderen Sch\u00e4den vor. <strong>AQUATOP<\/strong> garantiert Zuverl\u00e4ssigkeit das ganze Jahr \u00fcber. Unabh\u00e4ngig vom Klima. Dies macht Bertrand-Fenster sowohl in feuchten als auch in hei\u00dfen Regionen zu einer hervorragenden Wahl.<\/p>\n<h3><\/h3>\n<h4>Perfektion und Innovation<\/h4>\n<p>&nbsp;<\/p>\n<p>Die Fensterproduktion von Bertrand bringt zusammen <strong>automatisierter Prozess zum Schleifen flacher Oberfl\u00e4chen<\/strong> Mit <strong>manuelles Schleifen schwer zug\u00e4nglicher Stellen<\/strong>, wie zum Beispiel die Oberfl\u00e4che innerhalb des Rahmens. Dadurch erh\u00e4lt jedes Fenster ein perfektes, glattes Finish, das sowohl durch seine \u00c4sthetik als auch durch seine Verarbeitungsqualit\u00e4t \u00fcberzeugt. Dar\u00fcber hinaus sind diese Fenster durch die Verwendung von Lacken mit Kaltpigmenten temperaturbest\u00e4ndig. Und was noch wichtiger ist: Sie verlieren weder an Haltbarkeit noch an Aussehen.<\/p>\n<p>&nbsp;<\/p>\n<h4>Eine Kombination aus Tradition und Moderne<\/h4>\n<p>&nbsp;<\/p>\n<p>Um zusammenzufassen, <strong>Alutrend Retro<\/strong> ist ein System, das die traditionelle Sch\u00f6nheit von Holz mit modernen technologischen L\u00f6sungen verbindet. Dank einer breiten Palette an Optionen, wie der Auswahl der Holzarten, verschiedenen Verglasungsoptionen und der Flexibilit\u00e4t bei der Installation, erf\u00fcllt dieses System die Erwartungen selbst der anspruchsvollsten Kunden. <strong>AQUATOP-Lack<\/strong> Erh\u00f6ht zus\u00e4tzlich die Haltbarkeit von Fenstern und bietet ihnen \u00fcber viele Jahre hinweg Schutz.<\/p>\n<h4><\/h4>\n<h4><strong>SEHEN SIE AUCH:<\/strong><\/h4>\n<p>&nbsp;<\/p>\n<h4><strong><a href=\"https:\/\/www.youtube.com\/watch?v=6SyJjsGOovg\">Alutrend \u2013 Modernes System aus Holz und Aluminium \u2013 YouTube<\/a><\/strong><\/h4>\n<h4><strong><a href=\"https:\/\/bertrand.pl\/de\/farbe\/\">Farben von Fenstern und T\u00fcren<\/a><\/strong><\/h4>","protected":false},"excerpt":{"rendered":"<p><strong>Ein Holz-Aluminium-System mit stilisierter Form<\/strong><\/p>\n<p>Alutrend Retro ist ein fortschrittliches Holz-Aluminium-System mit einer stilisierten Form aus Aluminiumauflagen, die nicht nur Eleganz verleihen, sondern auch die Struktur verst\u00e4rken und so Widerstandsf\u00e4higkeit gegen schwierige Wetterbedingungen gew\u00e4hrleisten.<\/p>","protected":false},"featured_media":4718,"template":"","meta":{"site-sidebar-layout":"default","site-content-layout":"","ast-site-content-layout":"default","site-content-style":"default","site-sidebar-style":"default","ast-global-header-display":"","ast-banner-title-visibility":"","ast-main-header-display":"","ast-hfb-above-header-display":"","ast-hfb-below-header-display":"","ast-hfb-mobile-header-display":"","site-post-title":"","ast-breadcrumbs-content":"","ast-featured-img":"","footer-sml-layout":"","ast-disable-related-posts":"","theme-transparent-header-meta":"default","adv-header-id-meta":"","stick-header-meta":"","header-above-stick-meta":"","header-main-stick-meta":"","header-below-stick-meta":"","astra-migrate-meta-layouts":"set","ast-page-background-enabled":"default","ast-page-background-meta":{"desktop":{"background-color":"var(--ast-global-color-4)","background-image":"","background-repeat":"repeat","background-position":"center center","background-size":"auto","background-attachment":"scroll","background-type":"","background-media":"","overlay-type":"","overlay-color":"","overlay-opacity":"","overlay-gradient":""},"tablet":{"background-color":"","background-image":"","background-repeat":"repeat","background-position":"center center","background-size":"auto","background-attachment":"scroll","background-type":"","background-media":"","overlay-type":"","overlay-color":"","overlay-opacity":"","overlay-gradient":""},"mobile":{"background-color":"","background-image":"","background-repeat":"repeat","background-position":"center center","background-size":"auto","background-attachment":"scroll","background-type":"","background-media":"","overlay-type":"","overlay-color":"","overlay-opacity":"","overlay-gradient":""}},"ast-content-background-meta":{"desktop":{"background-color":"var(--ast-global-color-5)","background-image":"","background-repeat":"repeat","background-position":"center center","background-size":"auto","background-attachment":"scroll","background-type":"","background-media":"","overlay-type":"","overlay-color":"","overlay-opacity":"","overlay-gradient":""},"tablet":{"background-color":"var(--ast-global-color-5)","background-image":"","background-repeat":"repeat","background-position":"center center","background-size":"auto","background-attachment":"scroll","background-type":"","background-media":"","overlay-type":"","overlay-color":"","overlay-opacity":"","overlay-gradient":""},"mobile":{"background-color":"var(--ast-global-color-5)","background-image":"","background-repeat":"repeat","background-position":"center center","background-size":"auto","background-attachment":"scroll","background-type":"","background-media":"","overlay-type":"","overlay-color":"","overlay-opacity":"","overlay-gradient":""}}},"product_brand":[],"product_cat":[27],"product_tag":[193,384,1428,168,360,326,367,368,339,311,352,354,344,647,389,1420,357,388,385,386,1432,1431,369,387,355,363,324,312,351,1430,362,1429,390,653,659,309,348,1426,1427,1422],"class_list":{"0":"post-4713","1":"product","2":"type-product","3":"status-publish","4":"has-post-thumbnail","6":"product_cat-okna-drewniano-aluminiowe","7":"product_tag-aluminium","8":"product_tag-alutrend","9":"product_tag-alutrend-retro","10":"product_tag-bertrand","11":"product_tag-bezpieczenstwo","12":"product_tag-budowa-domu","13":"product_tag-budownictwo","14":"product_tag-budownictwo-pasywne","15":"product_tag-design","16":"product_tag-dobre-wlasciwosci-termiczne","17":"product_tag-dobreokna","18":"product_tag-drewno","19":"product_tag-duze-okna","20":"product_tag-elegancja","21":"product_tag-izolacja-akustyczna","22":"product_tag-lakier-aquatop","23":"product_tag-linear","24":"product_tag-meranti","25":"product_tag-nakladki","26":"product_tag-nakladki-aluminiowe","27":"product_tag-ochrona-drewna","28":"product_tag-odpornosc-na-wilgoc","29":"product_tag-okna-do-domu","30":"product_tag-okna-drewniane","31":"product_tag-okna-drewniano-aluminiowe","32":"product_tag-oknazpolski","33":"product_tag-okno-dla-domu","34":"product_tag-okno-dla-twojego-domu","35":"product_tag-oknobertrand","36":"product_tag-proces-szlifowania","37":"product_tag-quality","38":"product_tag-stylizowane-ksztalty","39":"product_tag-szczelnosc","40":"product_tag-termoizolacja","41":"product_tag-trwalosc","42":"product_tag-upvc","43":"product_tag-windows","44":"product_tag-zawiasy-nawierzchniowe","45":"product_tag-zawiasy-ukryte","46":"product_tag-zimne-pigmenty","47":"desktop-align-left","48":"tablet-align-left","49":"mobile-align-left","51":"first","52":"instock","53":"shipping-taxable","54":"product-type-simple"},"yoast_head":"<!-- This site is optimized with the Yoast SEO Premium plugin v27.2 (Yoast SEO v27.2) - https:\/\/yoast.com\/product\/yoast-seo-premium-wordpress\/ -->\n<title>Alutrend Retro - Bertrand. Najwy\u017cszej jako\u015bci okna i drzwi. Certyfikowany producent od 1969 roku.<\/title>\n<meta name=\"description\" content=\"Alutrend Retro to zawansowany system drewniano-aluminiowy. Dost\u0119pny w trzech wariantach g\u0142\u0119boko\u015bci. Odporny na warunki atmosferyczne.\" \/>\n<meta name=\"robots\" content=\"index, follow, max-snippet:-1, max-image-preview:large, max-video-preview:-1\" \/>\n<link rel=\"canonical\" href=\"https:\/\/bertrand.pl\/de\/produkt\/alutrend-retro\/\" \/>\n<meta property=\"og:locale\" content=\"de_DE\" \/>\n<meta property=\"og:type\" content=\"article\" \/>\n<meta property=\"og:title\" content=\"Alutrend Retro\" \/>\n<meta property=\"og:description\" content=\"Alutrend Retro to zawansowany system drewniano-aluminiowy. Dost\u0119pny w trzech wariantach g\u0142\u0119boko\u015bci. Odporny na warunki atmosferyczne.\" \/>\n<meta property=\"og:url\" content=\"https:\/\/bertrand.pl\/de\/produkt\/alutrend-retro\/\" \/>\n<meta property=\"og:site_name\" content=\"Bertrand. Najwy\u017cszej jako\u015bci okna i drzwi. Certyfikowany producent od 1969 roku.\" \/>\n<meta property=\"article:publisher\" content=\"https:\/\/www.facebook.com\/bertrandpolska\/\" \/>\n<meta property=\"article:modified_time\" content=\"2025-03-06T14:04:03+00:00\" \/>\n<meta property=\"og:image\" content=\"https:\/\/bertrand.pl\/wp-content\/uploads\/2024\/08\/alutrend-retro1-kopia.png\" \/>\n\t<meta property=\"og:image:width\" content=\"564\" \/>\n\t<meta property=\"og:image:height\" content=\"557\" \/>\n\t<meta property=\"og:image:type\" content=\"image\/png\" \/>\n<meta name=\"twitter:card\" content=\"summary_large_image\" \/>\n<meta name=\"twitter:label1\" content=\"Gesch\u00e4tzte Lesezeit\" \/>\n\t<meta name=\"twitter:data1\" content=\"3\u00a0Minuten\" \/>\n<script type=\"application\/ld+json\" class=\"yoast-schema-graph\">{\"@context\":\"https:\/\/schema.org\",\"@graph\":[{\"@type\":\"WebPage\",\"@id\":\"https:\/\/bertrand.pl\/produkt\/alutrend-retro\/\",\"url\":\"https:\/\/bertrand.pl\/produkt\/alutrend-retro\/\",\"name\":\"Alutrend Retro - Bertrand. Najwy\u017cszej jako\u015bci okna i drzwi. Certyfikowany producent od 1969 roku.\",\"isPartOf\":{\"@id\":\"https:\/\/bertrand.pl\/#website\"},\"primaryImageOfPage\":{\"@id\":\"https:\/\/bertrand.pl\/produkt\/alutrend-retro\/#primaryimage\"},\"image\":{\"@id\":\"https:\/\/bertrand.pl\/produkt\/alutrend-retro\/#primaryimage\"},\"thumbnailUrl\":\"https:\/\/bertrand.pl\/wp-content\/uploads\/2024\/08\/alutrend-retro1-kopia.png\",\"datePublished\":\"2024-08-23T06:24:37+00:00\",\"dateModified\":\"2025-03-06T14:04:03+00:00\",\"description\":\"Alutrend Retro to zawansowany system drewniano-aluminiowy. Dost\u0119pny w trzech wariantach g\u0142\u0119boko\u015bci. Odporny na warunki atmosferyczne.\",\"breadcrumb\":{\"@id\":\"https:\/\/bertrand.pl\/produkt\/alutrend-retro\/#breadcrumb\"},\"inLanguage\":\"de\",\"potentialAction\":[{\"@type\":\"ReadAction\",\"target\":[\"https:\/\/bertrand.pl\/produkt\/alutrend-retro\/\"]}]},{\"@type\":\"ImageObject\",\"inLanguage\":\"de\",\"@id\":\"https:\/\/bertrand.pl\/produkt\/alutrend-retro\/#primaryimage\",\"url\":\"https:\/\/bertrand.pl\/wp-content\/uploads\/2024\/08\/alutrend-retro1-kopia.png\",\"contentUrl\":\"https:\/\/bertrand.pl\/wp-content\/uploads\/2024\/08\/alutrend-retro1-kopia.png\",\"width\":564,\"height\":557,\"caption\":\"Alutrend Retro \u0142\u0105czy tradycyjne pi\u0119kno drewna z nowoczesnymi rozwi\u0105zaniami technologicznymi.\"},{\"@type\":\"BreadcrumbList\",\"@id\":\"https:\/\/bertrand.pl\/produkt\/alutrend-retro\/#breadcrumb\",\"itemListElement\":[{\"@type\":\"ListItem\",\"position\":1,\"name\":\"Strona g\u0142\u00f3wna\",\"item\":\"https:\/\/bertrand.pl\/\"},{\"@type\":\"ListItem\",\"position\":2,\"name\":\"Produits\",\"item\":\"https:\/\/bertrand.pl\/fr\/shop\/\"},{\"@type\":\"ListItem\",\"position\":3,\"name\":\"Alutrend Retro\"}]},{\"@type\":\"WebSite\",\"@id\":\"https:\/\/bertrand.pl\/#website\",\"url\":\"https:\/\/bertrand.pl\/\",\"name\":\"Bertrand.pl\",\"description\":\"Firma Bertrand to certyfikowany i uznany producent najwy\u017cszej jako\u015bci okien z PVC, z drewna lub aluminium. Produkcja drzwi, rolet i bram gara\u017cowych.\",\"publisher\":{\"@id\":\"https:\/\/bertrand.pl\/#organization\"},\"potentialAction\":[{\"@type\":\"SearchAction\",\"target\":{\"@type\":\"EntryPoint\",\"urlTemplate\":\"https:\/\/bertrand.pl\/?s={search_term_string}\"},\"query-input\":{\"@type\":\"PropertyValueSpecification\",\"valueRequired\":true,\"valueName\":\"search_term_string\"}}],\"inLanguage\":\"de\"},{\"@type\":\"Organization\",\"@id\":\"https:\/\/bertrand.pl\/#organization\",\"name\":\"Bertrand.pl\",\"url\":\"https:\/\/bertrand.pl\/\",\"logo\":{\"@type\":\"ImageObject\",\"inLanguage\":\"de\",\"@id\":\"https:\/\/bertrand.pl\/#\/schema\/logo\/image\/\",\"url\":\"https:\/\/bertrand.pl\/wp-content\/uploads\/2024\/12\/logo_BB_TM_PL_black.png\",\"contentUrl\":\"https:\/\/bertrand.pl\/wp-content\/uploads\/2024\/12\/logo_BB_TM_PL_black.png\",\"width\":1831,\"height\":1831,\"caption\":\"Bertrand.pl\"},\"image\":{\"@id\":\"https:\/\/bertrand.pl\/#\/schema\/logo\/image\/\"},\"sameAs\":[\"https:\/\/www.facebook.com\/bertrandpolska\/\",\"https:\/\/www.instagram.com\/bertrand_okna_i_drzwi\/\",\"https:\/\/www.linkedin.com\/company\/bertrand\/\",\"https:\/\/www.tiktok.com\/@bertrand_okna_drzwi\"]}]}<\/script>\n<!-- \/ Yoast SEO Premium plugin. -->","yoast_head_json":{"title":"Alutrend Retro - Bertrand. Najwy\u017cszej jako\u015bci okna i drzwi. Certyfikowany producent od 1969 roku.","description":"Alutrend Retro ist ein fortschrittliches Holz-Aluminium-System. Erh\u00e4ltlich in drei Tiefenvarianten. Best\u00e4ndig gegen Witterungseinfl\u00fcsse.","robots":{"index":"index","follow":"follow","max-snippet":"max-snippet:-1","max-image-preview":"max-image-preview:large","max-video-preview":"max-video-preview:-1"},"canonical":"https:\/\/bertrand.pl\/de\/produkt\/alutrend-retro\/","og_locale":"de_DE","og_type":"article","og_title":"Alutrend Retro","og_description":"Alutrend Retro to zawansowany system drewniano-aluminiowy. Dost\u0119pny w trzech wariantach g\u0142\u0119boko\u015bci. Odporny na warunki atmosferyczne.","og_url":"https:\/\/bertrand.pl\/de\/produkt\/alutrend-retro\/","og_site_name":"Bertrand. Najwy\u017cszej jako\u015bci okna i drzwi. Certyfikowany producent od 1969 roku.","article_publisher":"https:\/\/www.facebook.com\/bertrandpolska\/","article_modified_time":"2025-03-06T14:04:03+00:00","og_image":[{"width":564,"height":557,"url":"https:\/\/bertrand.pl\/wp-content\/uploads\/2024\/08\/alutrend-retro1-kopia.png","type":"image\/png"}],"twitter_card":"summary_large_image","twitter_misc":{"Gesch\u00e4tzte Lesezeit":"3\u00a0Minuten"},"schema":{"@context":"https:\/\/schema.org","@graph":[{"@type":"WebPage","@id":"https:\/\/bertrand.pl\/produkt\/alutrend-retro\/","url":"https:\/\/bertrand.pl\/produkt\/alutrend-retro\/","name":"Alutrend Retro - Bertrand. Najwy\u017cszej jako\u015bci okna i drzwi. Certyfikowany producent od 1969 roku.","isPartOf":{"@id":"https:\/\/bertrand.pl\/#website"},"primaryImageOfPage":{"@id":"https:\/\/bertrand.pl\/produkt\/alutrend-retro\/#primaryimage"},"image":{"@id":"https:\/\/bertrand.pl\/produkt\/alutrend-retro\/#primaryimage"},"thumbnailUrl":"https:\/\/bertrand.pl\/wp-content\/uploads\/2024\/08\/alutrend-retro1-kopia.png","datePublished":"2024-08-23T06:24:37+00:00","dateModified":"2025-03-06T14:04:03+00:00","description":"Alutrend Retro ist ein fortschrittliches Holz-Aluminium-System. Erh\u00e4ltlich in drei Tiefenvarianten. Best\u00e4ndig gegen Witterungseinfl\u00fcsse.","breadcrumb":{"@id":"https:\/\/bertrand.pl\/produkt\/alutrend-retro\/#breadcrumb"},"inLanguage":"de","potentialAction":[{"@type":"ReadAction","target":["https:\/\/bertrand.pl\/produkt\/alutrend-retro\/"]}]},{"@type":"ImageObject","inLanguage":"de","@id":"https:\/\/bertrand.pl\/produkt\/alutrend-retro\/#primaryimage","url":"https:\/\/bertrand.pl\/wp-content\/uploads\/2024\/08\/alutrend-retro1-kopia.png","contentUrl":"https:\/\/bertrand.pl\/wp-content\/uploads\/2024\/08\/alutrend-retro1-kopia.png","width":564,"height":557,"caption":"Alutrend Retro \u0142\u0105czy tradycyjne pi\u0119kno drewna z nowoczesnymi rozwi\u0105zaniami technologicznymi."},{"@type":"BreadcrumbList","@id":"https:\/\/bertrand.pl\/produkt\/alutrend-retro\/#breadcrumb","itemListElement":[{"@type":"ListItem","position":1,"name":"Strona g\u0142\u00f3wna","item":"https:\/\/bertrand.pl\/"},{"@type":"ListItem","position":2,"name":"Produits","item":"https:\/\/bertrand.pl\/fr\/shop\/"},{"@type":"ListItem","position":3,"name":"Alutrend Retro"}]},{"@type":"WebSite","@id":"https:\/\/bertrand.pl\/#website","url":"https:\/\/bertrand.pl\/","name":"Bertrand.pl","description":"Firma Bertrand to certyfikowany i uznany producent najwy\u017cszej jako\u015bci okien z PVC, z drewna lub aluminium. Produkcja drzwi, rolet i bram gara\u017cowych.","publisher":{"@id":"https:\/\/bertrand.pl\/#organization"},"potentialAction":[{"@type":"SearchAction","target":{"@type":"EntryPoint","urlTemplate":"https:\/\/bertrand.pl\/?s={search_term_string}"},"query-input":{"@type":"PropertyValueSpecification","valueRequired":true,"valueName":"search_term_string"}}],"inLanguage":"de"},{"@type":"Organization","@id":"https:\/\/bertrand.pl\/#organization","name":"Bertrand.pl","url":"https:\/\/bertrand.pl\/","logo":{"@type":"ImageObject","inLanguage":"de","@id":"https:\/\/bertrand.pl\/#\/schema\/logo\/image\/","url":"https:\/\/bertrand.pl\/wp-content\/uploads\/2024\/12\/logo_BB_TM_PL_black.png","contentUrl":"https:\/\/bertrand.pl\/wp-content\/uploads\/2024\/12\/logo_BB_TM_PL_black.png","width":1831,"height":1831,"caption":"Bertrand.pl"},"image":{"@id":"https:\/\/bertrand.pl\/#\/schema\/logo\/image\/"},"sameAs":["https:\/\/www.facebook.com\/bertrandpolska\/","https:\/\/www.instagram.com\/bertrand_okna_i_drzwi\/","https:\/\/www.linkedin.com\/company\/bertrand\/","https:\/\/www.tiktok.com\/@bertrand_okna_drzwi"]}]}},"_links":{"self":[{"href":"https:\/\/bertrand.pl\/de\/wp-json\/wp\/v2\/product\/4713","targetHints":{"allow":["GET"]}}],"collection":[{"href":"https:\/\/bertrand.pl\/de\/wp-json\/wp\/v2\/product"}],"about":[{"href":"https:\/\/bertrand.pl\/de\/wp-json\/wp\/v2\/types\/product"}],"wp:featuredmedia":[{"embeddable":true,"href":"https:\/\/bertrand.pl\/de\/wp-json\/wp\/v2\/media\/4718"}],"wp:attachment":[{"href":"https:\/\/bertrand.pl\/de\/wp-json\/wp\/v2\/media?parent=4713"}],"wp:term":[{"taxonomy":"product_brand","embeddable":true,"href":"https:\/\/bertrand.pl\/de\/wp-json\/wp\/v2\/product_brand?post=4713"},{"taxonomy":"product_cat","embeddable":true,"href":"https:\/\/bertrand.pl\/de\/wp-json\/wp\/v2\/product_cat?post=4713"},{"taxonomy":"product_tag","embeddable":true,"href":"https:\/\/bertrand.pl\/de\/wp-json\/wp\/v2\/product_tag?post=4713"}],"curies":[{"name":"wp","href":"https:\/\/api.w.org\/{rel}","templated":true}]}}