{"id":4724,"date":"2024-08-23T09:08:07","date_gmt":"2024-08-23T07:08:07","guid":{"rendered":"https:\/\/bertrand.pl\/?post_type=product&#038;p=4724"},"modified":"2025-03-06T15:03:28","modified_gmt":"2025-03-06T14:03:28","slug":"alutrend-softline","status":"publish","type":"product","link":"https:\/\/bertrand.pl\/de\/produkt\/alutrend-softline\/","title":{"rendered":"Alutrend Softline"},"content":{"rendered":"<h4>Alutrend Softline \u2013 Eleganz und Funktionalit\u00e4t<\/h4>\n<p>&nbsp;<\/p>\n<p><strong>Alutrend Softline<\/strong>, ein fortschrittliches Holz-Aluminium-Fenstersystem, zeichnet sich durch die elegante, abgerundete Form der Aluminiumauflagen aus. Dank dieses einzigartigen Designs vereint das Produkt modernes Design mit au\u00dfergew\u00f6hnlicher Funktionalit\u00e4t und ist somit eine hervorragende Wahl sowohl f\u00fcr klassische als auch zeitgen\u00f6ssische Architekturprojekte. Dieses System ist in drei Tiefenvarianten erh\u00e4ltlich \u2013 <strong>Standard, XL (97 mm)<\/strong> Und <strong>MAX (111 mm)<\/strong> \u2013 was eine flexible Anpassung an verschiedene Designanforderungen erm\u00f6glicht.<\/p>\n<p>&nbsp;<\/p>\n<h4>Vielseitigkeit und Stil<\/h4>\n<p>&nbsp;<\/p>\n<p>Alutrend Softline bietet eine gro\u00dfe Auswahl an Holzarten, wodurch sich die Fenster perfekt an den Charakter des Innenraums und die individuellen Vorlieben des Nutzers anpassen lassen. <strong>Gro\u00dfe Auswahl an Farben<\/strong> erm\u00f6glicht eine harmonische Gestaltung sowohl im Einfamilienhaus als auch bei gr\u00f6\u00dferen Bauinvestitionen. Dar\u00fcber hinaus sind Holzoberfl\u00e4chen dank der Verwendung von Schutzlacken langlebig, \u00e4sthetisch und widerstandsf\u00e4hig gegen den t\u00e4glichen Gebrauch.<\/p>\n<p>&nbsp;<\/p>\n<figure id=\"attachment_4726\" aria-describedby=\"caption-attachment-4726\" style=\"width: 387px\" class=\"wp-caption alignnone\"><img fetchpriority=\"high\" decoding=\"async\" class=\"wp-image-4726\" src=\"https:\/\/bertrand.pl\/wp-content\/uploads\/2024\/08\/Zrzut-ekranu-2024-08-23-090937.png\" alt=\"Alutrend Softline zeichnet sich durch ein einzigartiges Design und beispiellose Haltbarkeit aus. \" width=\"387\" height=\"416\" srcset=\"https:\/\/bertrand.pl\/wp-content\/uploads\/2024\/08\/Zrzut-ekranu-2024-08-23-090937.png 669w, https:\/\/bertrand.pl\/wp-content\/uploads\/2024\/08\/Zrzut-ekranu-2024-08-23-090937-391x420.png 391w, https:\/\/bertrand.pl\/wp-content\/uploads\/2024\/08\/Zrzut-ekranu-2024-08-23-090937-11x12.png 11w, https:\/\/bertrand.pl\/wp-content\/uploads\/2024\/08\/Zrzut-ekranu-2024-08-23-090937-600x645.png 600w\" sizes=\"(max-width: 387px) 100vw, 387px\" \/><figcaption id=\"caption-attachment-4726\" class=\"wp-caption-text\">Alutrend Softline &#8211; przekr\u00f3j<\/figcaption><\/figure>\n<p>&nbsp;<\/p>\n<h4>H\u00f6chste W\u00e4rmed\u00e4mmung und Dichtheit<\/h4>\n<p>&nbsp;<\/p>\n<p>Das Alutrend Softline-System bietet einzigartige W\u00e4rmed\u00e4mmeigenschaften, die den hohen Anforderungen des modernen energiesparenden Bauens gerecht werden. <strong>Wahlweise Doppel- oder Dreifachverglasung<\/strong>, kombiniert mit drei Dichtungslinien, garantiert maximalen Schutz vor Wind, Feuchtigkeit und W\u00e4rmeverlust. Dadurch k\u00f6nnen Benutzer das ganze Jahr \u00fcber thermischen Komfort genie\u00dfen, unabh\u00e4ngig von den Wetterbedingungen.<\/p>\n<h4><\/h4>\n<h4>Vielseitige technische L\u00f6sungen<\/h4>\n<p>&nbsp;<\/p>\n<p>Softline erm\u00f6glicht die Verwendung von beidem <strong>Oberfl\u00e4chenscharniere<\/strong>, Was <strong>versteckt<\/strong>, was Ihnen v\u00f6llige Freiheit gibt, die Fenster an Ihre individuellen Bed\u00fcrfnisse anzupassen. Auf diese Weise verbindet das System Langlebigkeit mit \u00c4sthetik und erf\u00fcllt die Erwartungen der anspruchsvollsten Kunden. Unabh\u00e4ngig von der gew\u00e4hlten Variante f\u00fcgt sich Softline harmonisch in jedes architektonische Design ein und bietet Zuverl\u00e4ssigkeit und Sch\u00f6nheit.<\/p>\n<p>&nbsp;<\/p>\n<h4>AQUATOP-Lacke \u2013 hervorragender Holzschutz<\/h4>\n<p>&nbsp;<\/p>\n<p><strong>Bertrand<\/strong> verwendet standardm\u00e4\u00dfig die modernsten Holzlacke, einer davon ist <strong>AQUATOP<\/strong>, das Oberfl\u00e4chen effektiv vor Witterungseinfl\u00fcssen sch\u00fctzt. Dieser fortschrittliche Lack sorgt f\u00fcr einen glatten und langanhaltenden Schutz und macht das Holz resistent gegen Feuchtigkeit, Schimmel und F\u00e4ulnis. Zus\u00e4tzlich Anwendung <strong>Kalte Pigmente<\/strong> sorgt daf\u00fcr, dass Holzfenster auch in hei\u00dfen Klimazonen einwandfrei funktionieren.<\/p>\n<p>&nbsp;<\/p>\n<h4>Perfekter Abschluss<\/h4>\n<p>&nbsp;<\/p>\n<p>Der Bertrand-Fensterproduktionsprozess vereint <strong>Automatisiertes Schleifen von ebenen Fl\u00e4chen<\/strong> mit manueller Nachbearbeitung schwer zug\u00e4nglicher Bereiche, wie z. B. der Oberfl\u00e4che innerhalb des Rahmens. Dadurch erh\u00e4lt jedes Fenster ein makelloses Aussehen und eine lange Haltbarkeit, was eine perfekte Kombination aus \u00c4sthetik und Qualit\u00e4t darstellt.<\/p>\n<p>&nbsp;<\/p>\n<h4>Langlebigkeit und moderne Technologien<\/h4>\n<p>&nbsp;<\/p>\n<p>Um zusammenzufassen, <strong>Alutrend Softline<\/strong> ist ein fortschrittliches Holz-Aluminium-Fenstersystem, das sich durch Langlebigkeit, elegantes Design und moderne Technologien auszeichnet. Dank einer breiten Holzauswahl, hervorragenden D\u00e4mmeigenschaften und technischer Vielseitigkeit ist dieses System eine ideale L\u00f6sung f\u00fcr alle, die Wert auf Qualit\u00e4t und \u00c4sthetik legen. <strong>AQUATOP-Lacke<\/strong> Dar\u00fcber hinaus garantieren sie Langlebigkeit und Widerstandsf\u00e4higkeit, was Bertrand-Produkte unter allen Bedingungen zuverl\u00e4ssig macht.<\/p>\n<p>&nbsp;<\/p>\n<h4><strong>SEHEN SIE AUCH:\u00a0<\/strong><\/h4>\n<p>&nbsp;<\/p>\n<h5><a href=\"https:\/\/www.youtube.com\/watch?v=6SyJjsGOovg\">Alutrend \u2013 Modernes System aus Holz und Aluminium<\/a><\/h5>\n<h5><strong><a href=\"https:\/\/bertrand.pl\/de\/farbe\/\">Farben von Fenstern und T\u00fcren<\/a><\/strong><\/h5>\n<p>&nbsp;<\/p>","protected":false},"excerpt":{"rendered":"<p><strong>Holz-Aluminium-System mit abgerundeter Form<\/strong><\/p>\n<p>Alutrend Softline ist ein fortschrittliches Holz-Aluminium-Fenstersystem, das sich durch die elegante, abgerundete Form der Aluminiumauflagen auszeichnet. Dadurch vereint das Produkt modernes Design mit au\u00dfergew\u00f6hnlicher Funktionalit\u00e4t.<\/p>","protected":false},"featured_media":6320,"template":"","meta":{"site-sidebar-layout":"default","site-content-layout":"","ast-site-content-layout":"default","site-content-style":"default","site-sidebar-style":"default","ast-global-header-display":"","ast-banner-title-visibility":"","ast-main-header-display":"","ast-hfb-above-header-display":"","ast-hfb-below-header-display":"","ast-hfb-mobile-header-display":"","site-post-title":"","ast-breadcrumbs-content":"","ast-featured-img":"","footer-sml-layout":"","ast-disable-related-posts":"","theme-transparent-header-meta":"default","adv-header-id-meta":"","stick-header-meta":"","header-above-stick-meta":"","header-main-stick-meta":"","header-below-stick-meta":"","astra-migrate-meta-layouts":"set","ast-page-background-enabled":"default","ast-page-background-meta":{"desktop":{"background-color":"var(--ast-global-color-4)","background-image":"","background-repeat":"repeat","background-position":"center center","background-size":"auto","background-attachment":"scroll","background-type":"","background-media":"","overlay-type":"","overlay-color":"","overlay-opacity":"","overlay-gradient":""},"tablet":{"background-color":"","background-image":"","background-repeat":"repeat","background-position":"center center","background-size":"auto","background-attachment":"scroll","background-type":"","background-media":"","overlay-type":"","overlay-color":"","overlay-opacity":"","overlay-gradient":""},"mobile":{"background-color":"","background-image":"","background-repeat":"repeat","background-position":"center center","background-size":"auto","background-attachment":"scroll","background-type":"","background-media":"","overlay-type":"","overlay-color":"","overlay-opacity":"","overlay-gradient":""}},"ast-content-background-meta":{"desktop":{"background-color":"var(--ast-global-color-5)","background-image":"","background-repeat":"repeat","background-position":"center center","background-size":"auto","background-attachment":"scroll","background-type":"","background-media":"","overlay-type":"","overlay-color":"","overlay-opacity":"","overlay-gradient":""},"tablet":{"background-color":"var(--ast-global-color-5)","background-image":"","background-repeat":"repeat","background-position":"center center","background-size":"auto","background-attachment":"scroll","background-type":"","background-media":"","overlay-type":"","overlay-color":"","overlay-opacity":"","overlay-gradient":""},"mobile":{"background-color":"var(--ast-global-color-5)","background-image":"","background-repeat":"repeat","background-position":"center center","background-size":"auto","background-attachment":"scroll","background-type":"","background-media":"","overlay-type":"","overlay-color":"","overlay-opacity":"","overlay-gradient":""}}},"product_brand":[],"product_cat":[27],"product_tag":[193,384,1424,168,360,326,367,368,339,311,352,354,344,661,662,389,1425,357,388,385,386,758,369,387,355,363,324,312,351,362,390,653,659,309,348,1426,1427,1422],"class_list":{"0":"post-4724","1":"product","2":"type-product","3":"status-publish","4":"has-post-thumbnail","6":"product_cat-okna-drewniano-aluminiowe","7":"product_tag-aluminium","8":"product_tag-alutrend","9":"product_tag-alutrend-softline","10":"product_tag-bertrand","11":"product_tag-bezpieczenstwo","12":"product_tag-budowa-domu","13":"product_tag-budownictwo","14":"product_tag-budownictwo-pasywne","15":"product_tag-design","16":"product_tag-dobre-wlasciwosci-termiczne","17":"product_tag-dobreokna","18":"product_tag-drewno","19":"product_tag-duze-okna","20":"product_tag-estetyka","21":"product_tag-funkcjonalnosc","22":"product_tag-izolacja-akustyczna","23":"product_tag-lakiery-aquatop","24":"product_tag-linear","25":"product_tag-meranti","26":"product_tag-nakladki","27":"product_tag-nakladki-aluminiowe","28":"product_tag-nowoczesne-technologie","29":"product_tag-okna-do-domu","30":"product_tag-okna-drewniane","31":"product_tag-okna-drewniano-aluminiowe","32":"product_tag-oknazpolski","33":"product_tag-okno-dla-domu","34":"product_tag-okno-dla-twojego-domu","35":"product_tag-oknobertrand","36":"product_tag-quality","37":"product_tag-szczelnosc","38":"product_tag-termoizolacja","39":"product_tag-trwalosc","40":"product_tag-upvc","41":"product_tag-windows","42":"product_tag-zawiasy-nawierzchniowe","43":"product_tag-zawiasy-ukryte","44":"product_tag-zimne-pigmenty","45":"desktop-align-left","46":"tablet-align-left","47":"mobile-align-left","49":"first","50":"instock","51":"shipping-taxable","52":"product-type-simple"},"yoast_head":"<!-- This site is optimized with the Yoast SEO Premium plugin v27.2 (Yoast SEO v27.2) - https:\/\/yoast.com\/product\/yoast-seo-premium-wordpress\/ -->\n<title>Alutrend Softline - Bertrand. Najwy\u017cszej jako\u015bci okna i drzwi. Certyfikowany producent od 1969 roku.<\/title>\n<meta name=\"description\" content=\"Alutrend Softline to zawansowany system okien drewniano-aluminiowych. Elegancki, zaokr\u0105glony kszta\u0142t nak\u0142adek aluminiowych.\" \/>\n<meta name=\"robots\" content=\"index, follow, max-snippet:-1, max-image-preview:large, max-video-preview:-1\" \/>\n<link rel=\"canonical\" href=\"https:\/\/bertrand.pl\/de\/produkt\/alutrend-softline\/\" \/>\n<meta property=\"og:locale\" content=\"de_DE\" \/>\n<meta property=\"og:type\" content=\"article\" \/>\n<meta property=\"og:title\" content=\"Alutrend Softline\" \/>\n<meta property=\"og:description\" content=\"Alutrend Softline to zawansowany system okien drewniano-aluminiowych. Elegancki, zaokr\u0105glony kszta\u0142t nak\u0142adek aluminiowych.\" \/>\n<meta property=\"og:url\" content=\"https:\/\/bertrand.pl\/de\/produkt\/alutrend-softline\/\" \/>\n<meta property=\"og:site_name\" content=\"Bertrand. Najwy\u017cszej jako\u015bci okna i drzwi. Certyfikowany producent od 1969 roku.\" \/>\n<meta property=\"article:publisher\" content=\"https:\/\/www.facebook.com\/bertrandpolska\/\" \/>\n<meta property=\"article:modified_time\" content=\"2025-03-06T14:03:28+00:00\" \/>\n<meta property=\"og:image\" content=\"https:\/\/bertrand.pl\/wp-content\/uploads\/2024\/08\/20130709_BB_0242_DREWNO-ALU_Alutrend_Softline-1360x1360.png\" \/>\n\t<meta property=\"og:image:width\" content=\"1360\" \/>\n\t<meta property=\"og:image:height\" content=\"1360\" \/>\n\t<meta property=\"og:image:type\" content=\"image\/png\" \/>\n<meta name=\"twitter:card\" content=\"summary_large_image\" \/>\n<meta name=\"twitter:label1\" content=\"Gesch\u00e4tzte Lesezeit\" \/>\n\t<meta name=\"twitter:data1\" content=\"3\u00a0Minuten\" \/>\n<script type=\"application\/ld+json\" class=\"yoast-schema-graph\">{\"@context\":\"https:\/\/schema.org\",\"@graph\":[{\"@type\":\"WebPage\",\"@id\":\"https:\/\/bertrand.pl\/produkt\/alutrend-softline\/\",\"url\":\"https:\/\/bertrand.pl\/produkt\/alutrend-softline\/\",\"name\":\"Alutrend Softline - Bertrand. Najwy\u017cszej jako\u015bci okna i drzwi. Certyfikowany producent od 1969 roku.\",\"isPartOf\":{\"@id\":\"https:\/\/bertrand.pl\/#website\"},\"primaryImageOfPage\":{\"@id\":\"https:\/\/bertrand.pl\/produkt\/alutrend-softline\/#primaryimage\"},\"image\":{\"@id\":\"https:\/\/bertrand.pl\/produkt\/alutrend-softline\/#primaryimage\"},\"thumbnailUrl\":\"https:\/\/bertrand.pl\/wp-content\/uploads\/2024\/08\/20130709_BB_0242_DREWNO-ALU_Alutrend_Softline.png\",\"datePublished\":\"2024-08-23T07:08:07+00:00\",\"dateModified\":\"2025-03-06T14:03:28+00:00\",\"description\":\"Alutrend Softline to zawansowany system okien drewniano-aluminiowych. Elegancki, zaokr\u0105glony kszta\u0142t nak\u0142adek aluminiowych.\",\"breadcrumb\":{\"@id\":\"https:\/\/bertrand.pl\/produkt\/alutrend-softline\/#breadcrumb\"},\"inLanguage\":\"de\",\"potentialAction\":[{\"@type\":\"ReadAction\",\"target\":[\"https:\/\/bertrand.pl\/produkt\/alutrend-softline\/\"]}]},{\"@type\":\"ImageObject\",\"inLanguage\":\"de\",\"@id\":\"https:\/\/bertrand.pl\/produkt\/alutrend-softline\/#primaryimage\",\"url\":\"https:\/\/bertrand.pl\/wp-content\/uploads\/2024\/08\/20130709_BB_0242_DREWNO-ALU_Alutrend_Softline.png\",\"contentUrl\":\"https:\/\/bertrand.pl\/wp-content\/uploads\/2024\/08\/20130709_BB_0242_DREWNO-ALU_Alutrend_Softline.png\",\"width\":2525,\"height\":2525},{\"@type\":\"BreadcrumbList\",\"@id\":\"https:\/\/bertrand.pl\/produkt\/alutrend-softline\/#breadcrumb\",\"itemListElement\":[{\"@type\":\"ListItem\",\"position\":1,\"name\":\"Strona g\u0142\u00f3wna\",\"item\":\"https:\/\/bertrand.pl\/\"},{\"@type\":\"ListItem\",\"position\":2,\"name\":\"Produits\",\"item\":\"https:\/\/bertrand.pl\/fr\/shop\/\"},{\"@type\":\"ListItem\",\"position\":3,\"name\":\"Alutrend Softline\"}]},{\"@type\":\"WebSite\",\"@id\":\"https:\/\/bertrand.pl\/#website\",\"url\":\"https:\/\/bertrand.pl\/\",\"name\":\"Bertrand.pl\",\"description\":\"Firma Bertrand to certyfikowany i uznany producent najwy\u017cszej jako\u015bci okien z PVC, z drewna lub aluminium. Produkcja drzwi, rolet i bram gara\u017cowych.\",\"publisher\":{\"@id\":\"https:\/\/bertrand.pl\/#organization\"},\"potentialAction\":[{\"@type\":\"SearchAction\",\"target\":{\"@type\":\"EntryPoint\",\"urlTemplate\":\"https:\/\/bertrand.pl\/?s={search_term_string}\"},\"query-input\":{\"@type\":\"PropertyValueSpecification\",\"valueRequired\":true,\"valueName\":\"search_term_string\"}}],\"inLanguage\":\"de\"},{\"@type\":\"Organization\",\"@id\":\"https:\/\/bertrand.pl\/#organization\",\"name\":\"Bertrand.pl\",\"url\":\"https:\/\/bertrand.pl\/\",\"logo\":{\"@type\":\"ImageObject\",\"inLanguage\":\"de\",\"@id\":\"https:\/\/bertrand.pl\/#\/schema\/logo\/image\/\",\"url\":\"https:\/\/bertrand.pl\/wp-content\/uploads\/2024\/12\/logo_BB_TM_PL_black.png\",\"contentUrl\":\"https:\/\/bertrand.pl\/wp-content\/uploads\/2024\/12\/logo_BB_TM_PL_black.png\",\"width\":1831,\"height\":1831,\"caption\":\"Bertrand.pl\"},\"image\":{\"@id\":\"https:\/\/bertrand.pl\/#\/schema\/logo\/image\/\"},\"sameAs\":[\"https:\/\/www.facebook.com\/bertrandpolska\/\",\"https:\/\/www.instagram.com\/bertrand_okna_i_drzwi\/\",\"https:\/\/www.linkedin.com\/company\/bertrand\/\",\"https:\/\/www.tiktok.com\/@bertrand_okna_drzwi\"]}]}<\/script>\n<!-- \/ Yoast SEO Premium plugin. -->","yoast_head_json":{"title":"Alutrend Softline - Bertrand. Najwy\u017cszej jako\u015bci okna i drzwi. Certyfikowany producent od 1969 roku.","description":"Alutrend Softline ist ein fortschrittliches Holz-Aluminium-Fenstersystem. Elegante, abgerundete Form der Aluminiumabdeckungen.","robots":{"index":"index","follow":"follow","max-snippet":"max-snippet:-1","max-image-preview":"max-image-preview:large","max-video-preview":"max-video-preview:-1"},"canonical":"https:\/\/bertrand.pl\/de\/produkt\/alutrend-softline\/","og_locale":"de_DE","og_type":"article","og_title":"Alutrend Softline","og_description":"Alutrend Softline to zawansowany system okien drewniano-aluminiowych. Elegancki, zaokr\u0105glony kszta\u0142t nak\u0142adek aluminiowych.","og_url":"https:\/\/bertrand.pl\/de\/produkt\/alutrend-softline\/","og_site_name":"Bertrand. Najwy\u017cszej jako\u015bci okna i drzwi. Certyfikowany producent od 1969 roku.","article_publisher":"https:\/\/www.facebook.com\/bertrandpolska\/","article_modified_time":"2025-03-06T14:03:28+00:00","og_image":[{"width":1360,"height":1360,"url":"https:\/\/bertrand.pl\/wp-content\/uploads\/2024\/08\/20130709_BB_0242_DREWNO-ALU_Alutrend_Softline-1360x1360.png","type":"image\/png"}],"twitter_card":"summary_large_image","twitter_misc":{"Gesch\u00e4tzte Lesezeit":"3\u00a0Minuten"},"schema":{"@context":"https:\/\/schema.org","@graph":[{"@type":"WebPage","@id":"https:\/\/bertrand.pl\/produkt\/alutrend-softline\/","url":"https:\/\/bertrand.pl\/produkt\/alutrend-softline\/","name":"Alutrend Softline - Bertrand. Najwy\u017cszej jako\u015bci okna i drzwi. Certyfikowany producent od 1969 roku.","isPartOf":{"@id":"https:\/\/bertrand.pl\/#website"},"primaryImageOfPage":{"@id":"https:\/\/bertrand.pl\/produkt\/alutrend-softline\/#primaryimage"},"image":{"@id":"https:\/\/bertrand.pl\/produkt\/alutrend-softline\/#primaryimage"},"thumbnailUrl":"https:\/\/bertrand.pl\/wp-content\/uploads\/2024\/08\/20130709_BB_0242_DREWNO-ALU_Alutrend_Softline.png","datePublished":"2024-08-23T07:08:07+00:00","dateModified":"2025-03-06T14:03:28+00:00","description":"Alutrend Softline ist ein fortschrittliches Holz-Aluminium-Fenstersystem. Elegante, abgerundete Form der Aluminiumabdeckungen.","breadcrumb":{"@id":"https:\/\/bertrand.pl\/produkt\/alutrend-softline\/#breadcrumb"},"inLanguage":"de","potentialAction":[{"@type":"ReadAction","target":["https:\/\/bertrand.pl\/produkt\/alutrend-softline\/"]}]},{"@type":"ImageObject","inLanguage":"de","@id":"https:\/\/bertrand.pl\/produkt\/alutrend-softline\/#primaryimage","url":"https:\/\/bertrand.pl\/wp-content\/uploads\/2024\/08\/20130709_BB_0242_DREWNO-ALU_Alutrend_Softline.png","contentUrl":"https:\/\/bertrand.pl\/wp-content\/uploads\/2024\/08\/20130709_BB_0242_DREWNO-ALU_Alutrend_Softline.png","width":2525,"height":2525},{"@type":"BreadcrumbList","@id":"https:\/\/bertrand.pl\/produkt\/alutrend-softline\/#breadcrumb","itemListElement":[{"@type":"ListItem","position":1,"name":"Strona g\u0142\u00f3wna","item":"https:\/\/bertrand.pl\/"},{"@type":"ListItem","position":2,"name":"Produits","item":"https:\/\/bertrand.pl\/fr\/shop\/"},{"@type":"ListItem","position":3,"name":"Alutrend Softline"}]},{"@type":"WebSite","@id":"https:\/\/bertrand.pl\/#website","url":"https:\/\/bertrand.pl\/","name":"Bertrand.pl","description":"Firma Bertrand to certyfikowany i uznany producent najwy\u017cszej jako\u015bci okien z PVC, z drewna lub aluminium. Produkcja drzwi, rolet i bram gara\u017cowych.","publisher":{"@id":"https:\/\/bertrand.pl\/#organization"},"potentialAction":[{"@type":"SearchAction","target":{"@type":"EntryPoint","urlTemplate":"https:\/\/bertrand.pl\/?s={search_term_string}"},"query-input":{"@type":"PropertyValueSpecification","valueRequired":true,"valueName":"search_term_string"}}],"inLanguage":"de"},{"@type":"Organization","@id":"https:\/\/bertrand.pl\/#organization","name":"Bertrand.pl","url":"https:\/\/bertrand.pl\/","logo":{"@type":"ImageObject","inLanguage":"de","@id":"https:\/\/bertrand.pl\/#\/schema\/logo\/image\/","url":"https:\/\/bertrand.pl\/wp-content\/uploads\/2024\/12\/logo_BB_TM_PL_black.png","contentUrl":"https:\/\/bertrand.pl\/wp-content\/uploads\/2024\/12\/logo_BB_TM_PL_black.png","width":1831,"height":1831,"caption":"Bertrand.pl"},"image":{"@id":"https:\/\/bertrand.pl\/#\/schema\/logo\/image\/"},"sameAs":["https:\/\/www.facebook.com\/bertrandpolska\/","https:\/\/www.instagram.com\/bertrand_okna_i_drzwi\/","https:\/\/www.linkedin.com\/company\/bertrand\/","https:\/\/www.tiktok.com\/@bertrand_okna_drzwi"]}]}},"_links":{"self":[{"href":"https:\/\/bertrand.pl\/de\/wp-json\/wp\/v2\/product\/4724","targetHints":{"allow":["GET"]}}],"collection":[{"href":"https:\/\/bertrand.pl\/de\/wp-json\/wp\/v2\/product"}],"about":[{"href":"https:\/\/bertrand.pl\/de\/wp-json\/wp\/v2\/types\/product"}],"wp:featuredmedia":[{"embeddable":true,"href":"https:\/\/bertrand.pl\/de\/wp-json\/wp\/v2\/media\/6320"}],"wp:attachment":[{"href":"https:\/\/bertrand.pl\/de\/wp-json\/wp\/v2\/media?parent=4724"}],"wp:term":[{"taxonomy":"product_brand","embeddable":true,"href":"https:\/\/bertrand.pl\/de\/wp-json\/wp\/v2\/product_brand?post=4724"},{"taxonomy":"product_cat","embeddable":true,"href":"https:\/\/bertrand.pl\/de\/wp-json\/wp\/v2\/product_cat?post=4724"},{"taxonomy":"product_tag","embeddable":true,"href":"https:\/\/bertrand.pl\/de\/wp-json\/wp\/v2\/product_tag?post=4724"}],"curies":[{"name":"wp","href":"https:\/\/api.w.org\/{rel}","templated":true}]}}