{"id":4775,"date":"2024-08-26T09:32:27","date_gmt":"2024-08-26T07:32:27","guid":{"rendered":"https:\/\/bertrand.pl\/?post_type=product&#038;p=4775"},"modified":"2025-09-10T09:23:43","modified_gmt":"2025-09-10T07:23:43","slug":"fks-fenstergriffe","status":"publish","type":"product","link":"https:\/\/bertrand.pl\/de\/produkt\/klamki-okienne-fks\/","title":{"rendered":"FKS-Fenstergriffe"},"content":{"rendered":"<h3>FKS Fenstergriffe \u2013 eine Kombination aus Funktionalit\u00e4t und \u00c4sthetik<\/h3>\n<p>&nbsp;<\/p>\n<p>Ein Fenstergriff ist ein wesentlicher Bestandteil jedes Fensters, der das \u00d6ffnen, Schlie\u00dfen und Kippen erm\u00f6glicht. Dank seines pr\u00e4zisen Innenmechanismus erm\u00f6glicht der Griff eine komfortable Handhabung des Fensterfl\u00fcgels, was den Nutzungskomfort verbessert. Egal, ob es sich um Holz-, PVC- oder Aluminiumfenster handelt, Fenstergriffe spielen sowohl funktional als auch \u00e4sthetisch eine wichtige Rolle. Entdecken Sie FKS Fenstergriffe!<\/p>\n<p>&nbsp;<\/p>\n<h3>Vielseitigkeit und Vielfalt an Stilen<\/h3>\n<p>&nbsp;<\/p>\n<p>FKS Fenstergriffe sind in verschiedenen Stilen, Formen und Farben erh\u00e4ltlich, sodass sie sich leicht an jeden Einrichtungsstil anpassen lassen. Je nach Vorlieben des Nutzers k\u00f6nnen Griffe mit klassischem Design oder moderne Modelle gew\u00e4hlt werden, die sich ideal in minimalistische Arrangements einf\u00fcgen. Die breite Farbpalette umfasst:<\/p>\n<ul>\n<li><strong>Wei\u00df 9016<\/strong> ein klassischer Farbton, der perfekt zu den meisten Fensterrahmen passt.<\/li>\n<li><strong>Silber F1<\/strong> eine elegante Farbe, die zu modernen Innenr\u00e4umen passt.<\/li>\n<li><strong>Stahl F9 (Titan)<\/strong> ein neutraler Farbton mit industriellem Charakter.<\/li>\n<li><strong>Altgold F4<\/strong> ein luxuri\u00f6ser Akzent, ideal f\u00fcr klassische Innenr\u00e4ume.<\/li>\n<li><strong>Braun 8019<\/strong> ein warmer Farbton, der den nat\u00fcrlichen Look von Holzrahmen unterstreicht.<\/li>\n<li><strong>Schwarz 8022<\/strong> eine moderne Option, die sich hervorragend f\u00fcr minimalistische und industrielle Designs eignet.<\/li>\n<\/ul>\n<p>Dank einer so umfangreichen Farbpalette k\u00f6nnen die Griffe perfekt an die Fenster und den Charakter des gesamten Raumes angepasst werden.<\/p>\n<p>&nbsp;<\/p>\n<h3>Funktionalit\u00e4t und zus\u00e4tzliche Optionen<\/h3>\n<p>&nbsp;<\/p>\n<p class=\"translation-block\">FKS Fenstergriffe erh\u00f6hen nicht nur den Nutzungskomfort von Fenstern, sondern k\u00f6nnen auch die Sicherheit steigern. Viele Modelle bieten eine <strong>Schl\u00fcsselverriegelung<\/strong>, die vor unbefugtem \u00d6ffnen sch\u00fctzt, was besonders in Haushalten mit Kindern oder an Orten mit h\u00f6herem Sicherheitsbedarf von Bedeutung ist. Zudem sorgt die ergonomische Form der Griffe f\u00fcr Komfort im t\u00e4glichen Gebrauch.<\/p>\n<p>&nbsp;<\/p>\n<p>Die Griffe bestehen aus robusten Materialien und modernen Mechanismen, wodurch sie langlebig und zuverl\u00e4ssig \u00fcber Jahre hinweg sind. Sie sind einfach zu montieren und zu warten, was ihre Attraktivit\u00e4t zus\u00e4tzlich steigert.<\/p>\n<h3><\/h3>\n<p>Ein Fenstergriff ist nicht nur ein funktionales Element der Fensterrahmen, sondern auch ein wichtiger Akzent, der die \u00c4sthetik des gesamten Innenraums beeinflusst. Dank einer gro\u00dfen Auswahl an Farben, Stilen und zus\u00e4tzlichen Funktionen k\u00f6nnen die Griffe perfekt an die individuellen Bed\u00fcrfnisse und Vorlieben der Nutzer angepasst werden.<\/p>\n<p>&nbsp;<\/p>\n<h4><strong>SEHEN SIE AUCH:<\/strong><\/h4>\n<p>&nbsp;<\/p>\n<p><a href=\"https:\/\/bertrand.pl\/de\/produkt\/inteligentny-dom\/\">Somfy-Zubeh\u00f6r \u2013 Bertrand.pl<\/a><\/p>\n<p><a href=\"https:\/\/www.youtube.com\/@bertrandpolska\/videos\">BERTRAND Fenster und T\u00fcren \u2013 YouTube<\/a><\/p>\n<p>&nbsp;<\/p>\n<p>Folgende T\u00fcrgriffe sind in folgenden Farben erh\u00e4ltlich:<\/p>\n<ul>\n<li>Wei\u00df 9016<\/li>\n<li>Silber F1<\/li>\n<li>Stahl F9 (Titan)<\/li>\n<li>Altgold F4<\/li>\n<li>Braun 8019<\/li>\n<li>Schwarz 8022<\/li>\n<\/ul>\n<div id='gallery-1' class='gallery galleryid-4775 gallery-columns-6 gallery-size-full'><figure class='gallery-item'>\n\t\t\t<div class='gallery-icon landscape'>\n\t\t\t\t<a href='https:\/\/bertrand.pl\/wp-content\/uploads\/2024\/08\/Zrzut-ekranu-2024-08-26-092423.png'><img decoding=\"async\" width=\"150\" height=\"96\" src=\"https:\/\/bertrand.pl\/wp-content\/uploads\/2024\/08\/Zrzut-ekranu-2024-08-26-092423.png\" class=\"attachment-full size-full\" alt=\"HOPPE-Fenstergriffe\" srcset=\"https:\/\/bertrand.pl\/wp-content\/uploads\/2024\/08\/Zrzut-ekranu-2024-08-26-092423.png 150w, https:\/\/bertrand.pl\/wp-content\/uploads\/2024\/08\/Zrzut-ekranu-2024-08-26-092423-18x12.png 18w\" sizes=\"(max-width: 150px) 100vw, 150px\" \/><\/a>\n\t\t\t<\/div><\/figure><figure class='gallery-item'>\n\t\t\t<div class='gallery-icon landscape'>\n\t\t\t\t<a href='https:\/\/bertrand.pl\/wp-content\/uploads\/2024\/08\/Zrzut-ekranu-2024-08-26-092412.png'><img decoding=\"async\" width=\"147\" height=\"95\" src=\"https:\/\/bertrand.pl\/wp-content\/uploads\/2024\/08\/Zrzut-ekranu-2024-08-26-092412.png\" class=\"attachment-full size-full\" alt=\"HOPPE-Fenstergriffe\" srcset=\"https:\/\/bertrand.pl\/wp-content\/uploads\/2024\/08\/Zrzut-ekranu-2024-08-26-092412.png 147w, https:\/\/bertrand.pl\/wp-content\/uploads\/2024\/08\/Zrzut-ekranu-2024-08-26-092412-18x12.png 18w\" sizes=\"(max-width: 147px) 100vw, 147px\" \/><\/a>\n\t\t\t<\/div><\/figure><figure class='gallery-item'>\n\t\t\t<div class='gallery-icon landscape'>\n\t\t\t\t<a href='https:\/\/bertrand.pl\/wp-content\/uploads\/2024\/08\/Zrzut-ekranu-2024-08-26-092418.png'><img decoding=\"async\" width=\"155\" height=\"100\" src=\"https:\/\/bertrand.pl\/wp-content\/uploads\/2024\/08\/Zrzut-ekranu-2024-08-26-092418.png\" class=\"attachment-full size-full\" alt=\"HOPPE-Fenstergriffe\" srcset=\"https:\/\/bertrand.pl\/wp-content\/uploads\/2024\/08\/Zrzut-ekranu-2024-08-26-092418.png 155w, https:\/\/bertrand.pl\/wp-content\/uploads\/2024\/08\/Zrzut-ekranu-2024-08-26-092418-18x12.png 18w\" sizes=\"(max-width: 155px) 100vw, 155px\" \/><\/a>\n\t\t\t<\/div><\/figure><figure class='gallery-item'>\n\t\t\t<div class='gallery-icon landscape'>\n\t\t\t\t<a href='https:\/\/bertrand.pl\/wp-content\/uploads\/2024\/08\/Zrzut-ekranu-2024-08-26-092437.png'><img loading=\"lazy\" decoding=\"async\" width=\"144\" height=\"98\" src=\"https:\/\/bertrand.pl\/wp-content\/uploads\/2024\/08\/Zrzut-ekranu-2024-08-26-092437.png\" class=\"attachment-full size-full\" alt=\"HOPPE-Fenstergriffe\" srcset=\"https:\/\/bertrand.pl\/wp-content\/uploads\/2024\/08\/Zrzut-ekranu-2024-08-26-092437.png 144w, https:\/\/bertrand.pl\/wp-content\/uploads\/2024\/08\/Zrzut-ekranu-2024-08-26-092437-18x12.png 18w\" sizes=\"(max-width: 144px) 100vw, 144px\" \/><\/a>\n\t\t\t<\/div><\/figure><figure class='gallery-item'>\n\t\t\t<div class='gallery-icon landscape'>\n\t\t\t\t<a href='https:\/\/bertrand.pl\/wp-content\/uploads\/2024\/08\/Zrzut-ekranu-2024-08-26-092427.png'><img loading=\"lazy\" decoding=\"async\" width=\"154\" height=\"101\" src=\"https:\/\/bertrand.pl\/wp-content\/uploads\/2024\/08\/Zrzut-ekranu-2024-08-26-092427.png\" class=\"attachment-full size-full\" alt=\"HOPPE-Fenstergriffe\" srcset=\"https:\/\/bertrand.pl\/wp-content\/uploads\/2024\/08\/Zrzut-ekranu-2024-08-26-092427.png 154w, https:\/\/bertrand.pl\/wp-content\/uploads\/2024\/08\/Zrzut-ekranu-2024-08-26-092427-18x12.png 18w\" sizes=\"(max-width: 154px) 100vw, 154px\" \/><\/a>\n\t\t\t<\/div><\/figure><figure class='gallery-item'>\n\t\t\t<div class='gallery-icon landscape'>\n\t\t\t\t<a href='https:\/\/bertrand.pl\/wp-content\/uploads\/2024\/08\/Zrzut-ekranu-2024-08-26-092448.png'><img loading=\"lazy\" decoding=\"async\" width=\"142\" height=\"99\" src=\"https:\/\/bertrand.pl\/wp-content\/uploads\/2024\/08\/Zrzut-ekranu-2024-08-26-092448.png\" class=\"attachment-full size-full\" alt=\"HOPPE-Fenstergriffe\" srcset=\"https:\/\/bertrand.pl\/wp-content\/uploads\/2024\/08\/Zrzut-ekranu-2024-08-26-092448.png 142w, https:\/\/bertrand.pl\/wp-content\/uploads\/2024\/08\/Zrzut-ekranu-2024-08-26-092448-18x12.png 18w\" sizes=\"(max-width: 142px) 100vw, 142px\" \/><\/a>\n\t\t\t<\/div><\/figure>\n\t\t<\/div>","protected":false},"excerpt":{"rendered":"<p>Fenstergriffe sind in verschiedenen Stilen, Formen und Farben erh\u00e4ltlich, angepasst an verschiedene Fenstertypen, wie Holz-, PVC- oder Aluminiumfenster. M\u00f6glicherweise verf\u00fcgen sie auch \u00fcber zus\u00e4tzliche Funktionen wie eine Tastensperre f\u00fcr zus\u00e4tzliche Sicherheit.<\/p>","protected":false},"featured_media":4783,"template":"","meta":{"site-sidebar-layout":"default","site-content-layout":"","ast-site-content-layout":"default","site-content-style":"default","site-sidebar-style":"default","ast-global-header-display":"","ast-banner-title-visibility":"","ast-main-header-display":"","ast-hfb-above-header-display":"","ast-hfb-below-header-display":"","ast-hfb-mobile-header-display":"","site-post-title":"","ast-breadcrumbs-content":"","ast-featured-img":"","footer-sml-layout":"","ast-disable-related-posts":"","theme-transparent-header-meta":"default","adv-header-id-meta":"","stick-header-meta":"","header-above-stick-meta":"","header-main-stick-meta":"","header-below-stick-meta":"","astra-migrate-meta-layouts":"set","ast-page-background-enabled":"default","ast-page-background-meta":{"desktop":{"background-color":"var(--ast-global-color-4)","background-image":"","background-repeat":"repeat","background-position":"center center","background-size":"auto","background-attachment":"scroll","background-type":"","background-media":"","overlay-type":"","overlay-color":"","overlay-opacity":"","overlay-gradient":""},"tablet":{"background-color":"","background-image":"","background-repeat":"repeat","background-position":"center center","background-size":"auto","background-attachment":"scroll","background-type":"","background-media":"","overlay-type":"","overlay-color":"","overlay-opacity":"","overlay-gradient":""},"mobile":{"background-color":"","background-image":"","background-repeat":"repeat","background-position":"center center","background-size":"auto","background-attachment":"scroll","background-type":"","background-media":"","overlay-type":"","overlay-color":"","overlay-opacity":"","overlay-gradient":""}},"ast-content-background-meta":{"desktop":{"background-color":"var(--ast-global-color-5)","background-image":"","background-repeat":"repeat","background-position":"center center","background-size":"auto","background-attachment":"scroll","background-type":"","background-media":"","overlay-type":"","overlay-color":"","overlay-opacity":"","overlay-gradient":""},"tablet":{"background-color":"var(--ast-global-color-5)","background-image":"","background-repeat":"repeat","background-position":"center center","background-size":"auto","background-attachment":"scroll","background-type":"","background-media":"","overlay-type":"","overlay-color":"","overlay-opacity":"","overlay-gradient":""},"mobile":{"background-color":"var(--ast-global-color-5)","background-image":"","background-repeat":"repeat","background-position":"center center","background-size":"auto","background-attachment":"scroll","background-type":"","background-media":"","overlay-type":"","overlay-color":"","overlay-opacity":"","overlay-gradient":""}}},"product_brand":[],"product_cat":[23],"product_tag":[1404,673,168,1395,1403,1399,1400,175,1405,1402,669,1401,666,668,667,1390,1393,665,1392,664,1391,671,670,674,174,563,675,1396,1397,1398,672],"class_list":{"0":"post-4775","1":"product","2":"type-product","3":"status-publish","4":"has-post-thumbnail","6":"product_cat-akcesoria","7":"product_tag-akcesoria-okienne","8":"product_tag-aluminiowe-klamki","9":"product_tag-bertrand","10":"product_tag-bialy-9016","11":"product_tag-blokada-na-klucz","12":"product_tag-brazowy-8019","13":"product_tag-czarny-8022","14":"product_tag-drzwi","15":"product_tag-ergonomiczne-klamki","16":"product_tag-estetyczne-klamki","17":"product_tag-fks","18":"product_tag-funkcjonalne-klamki","19":"product_tag-jakie-klamki-wybrac","20":"product_tag-klaki-fks","21":"product_tag-klamka","22":"product_tag-klamka-okienna","23":"product_tag-klamki-aluminiowe","24":"product_tag-klamki-do-okien","25":"product_tag-klamki-drewniane","26":"product_tag-klamki-okienne","27":"product_tag-klamki-pcv","28":"product_tag-klamki-z-kluczykiem","29":"product_tag-klamki-z-przyciskiem","30":"product_tag-kolory-klamek","31":"product_tag-okna","32":"product_tag-okna-i-drzwi","33":"product_tag-polski-produkt","34":"product_tag-srebrny-f1","35":"product_tag-stalowy-f9","36":"product_tag-stare-zloto-f4","37":"product_tag-zwykla-klamka","38":"desktop-align-left","39":"tablet-align-left","40":"mobile-align-left","42":"first","43":"instock","44":"shipping-taxable","45":"product-type-simple"},"yoast_head":"<!-- This site is optimized with the Yoast SEO Premium plugin v27.2 (Yoast SEO v27.2) - https:\/\/yoast.com\/product\/yoast-seo-premium-wordpress\/ -->\n<title>Klamki FKS \u2013 wygoda i bezpiecze\u0144stwo.<\/title>\n<meta name=\"description\" content=\"Klamki okienne FKS dost\u0119pne w r\u00f3\u017cnych stylach, kszta\u0142tach i kolorach. Mog\u0105 mie\u0107 r\u00f3wnie\u017c dodatkowe funkcje, takie jak blokada na klucz.\" \/>\n<meta name=\"robots\" content=\"index, follow, max-snippet:-1, max-image-preview:large, max-video-preview:-1\" \/>\n<link rel=\"canonical\" href=\"https:\/\/bertrand.pl\/de\/produkt\/fks-fenstergriffe\/\" \/>\n<meta property=\"og:locale\" content=\"de_DE\" \/>\n<meta property=\"og:type\" content=\"article\" \/>\n<meta property=\"og:title\" content=\"Klamki okienne FKS\" \/>\n<meta property=\"og:description\" content=\"Klamki okienne FKS dost\u0119pne w r\u00f3\u017cnych stylach, kszta\u0142tach i kolorach. Mog\u0105 mie\u0107 r\u00f3wnie\u017c dodatkowe funkcje, takie jak blokada na klucz.\" \/>\n<meta property=\"og:url\" content=\"https:\/\/bertrand.pl\/de\/produkt\/fks-fenstergriffe\/\" \/>\n<meta property=\"og:site_name\" content=\"Bertrand. Najwy\u017cszej jako\u015bci okna i drzwi. Certyfikowany producent od 1969 roku.\" \/>\n<meta property=\"article:publisher\" content=\"https:\/\/www.facebook.com\/bertrandpolska\/\" \/>\n<meta property=\"article:modified_time\" content=\"2025-09-10T07:23:43+00:00\" \/>\n<meta property=\"og:image\" content=\"https:\/\/bertrand.pl\/wp-content\/uploads\/2024\/08\/1006.png\" \/>\n\t<meta property=\"og:image:width\" content=\"485\" \/>\n\t<meta property=\"og:image:height\" content=\"648\" \/>\n\t<meta property=\"og:image:type\" content=\"image\/png\" \/>\n<meta name=\"twitter:card\" content=\"summary_large_image\" \/>\n<meta name=\"twitter:label1\" content=\"Gesch\u00e4tzte Lesezeit\" \/>\n\t<meta name=\"twitter:data1\" content=\"3\u00a0Minuten\" \/>\n<script type=\"application\/ld+json\" class=\"yoast-schema-graph\">{\"@context\":\"https:\/\/schema.org\",\"@graph\":[{\"@type\":\"WebPage\",\"@id\":\"https:\/\/bertrand.pl\/produkt\/klamki-okienne-fks\/\",\"url\":\"https:\/\/bertrand.pl\/produkt\/klamki-okienne-fks\/\",\"name\":\"Klamki FKS \u2013 wygoda i bezpiecze\u0144stwo.\",\"isPartOf\":{\"@id\":\"https:\/\/bertrand.pl\/#website\"},\"primaryImageOfPage\":{\"@id\":\"https:\/\/bertrand.pl\/produkt\/klamki-okienne-fks\/#primaryimage\"},\"image\":{\"@id\":\"https:\/\/bertrand.pl\/produkt\/klamki-okienne-fks\/#primaryimage\"},\"thumbnailUrl\":\"https:\/\/bertrand.pl\/wp-content\/uploads\/2024\/08\/1006.png\",\"datePublished\":\"2024-08-26T07:32:27+00:00\",\"dateModified\":\"2025-09-10T07:23:43+00:00\",\"description\":\"Klamki okienne FKS dost\u0119pne w r\u00f3\u017cnych stylach, kszta\u0142tach i kolorach. Mog\u0105 mie\u0107 r\u00f3wnie\u017c dodatkowe funkcje, takie jak blokada na klucz.\",\"breadcrumb\":{\"@id\":\"https:\/\/bertrand.pl\/produkt\/klamki-okienne-fks\/#breadcrumb\"},\"inLanguage\":\"de\",\"potentialAction\":[{\"@type\":\"ReadAction\",\"target\":[\"https:\/\/bertrand.pl\/produkt\/klamki-okienne-fks\/\"]}]},{\"@type\":\"ImageObject\",\"inLanguage\":\"de\",\"@id\":\"https:\/\/bertrand.pl\/produkt\/klamki-okienne-fks\/#primaryimage\",\"url\":\"https:\/\/bertrand.pl\/wp-content\/uploads\/2024\/08\/1006.png\",\"contentUrl\":\"https:\/\/bertrand.pl\/wp-content\/uploads\/2024\/08\/1006.png\",\"width\":485,\"height\":648,\"caption\":\"Klamki okienne FKS s\u0105 bardzo funkcjonalne i praktyczne.\"},{\"@type\":\"BreadcrumbList\",\"@id\":\"https:\/\/bertrand.pl\/produkt\/klamki-okienne-fks\/#breadcrumb\",\"itemListElement\":[{\"@type\":\"ListItem\",\"position\":1,\"name\":\"Strona g\u0142\u00f3wna\",\"item\":\"https:\/\/bertrand.pl\/\"},{\"@type\":\"ListItem\",\"position\":2,\"name\":\"Produits\",\"item\":\"https:\/\/bertrand.pl\/fr\/shop\/\"},{\"@type\":\"ListItem\",\"position\":3,\"name\":\"Klamki okienne FKS\"}]},{\"@type\":\"WebSite\",\"@id\":\"https:\/\/bertrand.pl\/#website\",\"url\":\"https:\/\/bertrand.pl\/\",\"name\":\"Bertrand.pl\",\"description\":\"Firma Bertrand to certyfikowany i uznany producent najwy\u017cszej jako\u015bci okien z PVC, z drewna lub aluminium. Produkcja drzwi, rolet i bram gara\u017cowych.\",\"publisher\":{\"@id\":\"https:\/\/bertrand.pl\/#organization\"},\"potentialAction\":[{\"@type\":\"SearchAction\",\"target\":{\"@type\":\"EntryPoint\",\"urlTemplate\":\"https:\/\/bertrand.pl\/?s={search_term_string}\"},\"query-input\":{\"@type\":\"PropertyValueSpecification\",\"valueRequired\":true,\"valueName\":\"search_term_string\"}}],\"inLanguage\":\"de\"},{\"@type\":\"Organization\",\"@id\":\"https:\/\/bertrand.pl\/#organization\",\"name\":\"Bertrand.pl\",\"url\":\"https:\/\/bertrand.pl\/\",\"logo\":{\"@type\":\"ImageObject\",\"inLanguage\":\"de\",\"@id\":\"https:\/\/bertrand.pl\/#\/schema\/logo\/image\/\",\"url\":\"https:\/\/bertrand.pl\/wp-content\/uploads\/2024\/12\/logo_BB_TM_PL_black.png\",\"contentUrl\":\"https:\/\/bertrand.pl\/wp-content\/uploads\/2024\/12\/logo_BB_TM_PL_black.png\",\"width\":1831,\"height\":1831,\"caption\":\"Bertrand.pl\"},\"image\":{\"@id\":\"https:\/\/bertrand.pl\/#\/schema\/logo\/image\/\"},\"sameAs\":[\"https:\/\/www.facebook.com\/bertrandpolska\/\",\"https:\/\/www.instagram.com\/bertrand_okna_i_drzwi\/\",\"https:\/\/www.linkedin.com\/company\/bertrand\/\",\"https:\/\/www.tiktok.com\/@bertrand_okna_drzwi\"]}]}<\/script>\n<!-- \/ Yoast SEO Premium plugin. -->","yoast_head_json":{"title":"Klamki FKS \u2013 wygoda i bezpiecze\u0144stwo.","description":"FKS-Fenstergriffe sind in verschiedenen Stilen, Formen und Farben erh\u00e4ltlich. M\u00f6glicherweise verf\u00fcgen sie auch \u00fcber zus\u00e4tzliche Funktionen, beispielsweise eine Tastensperre.","robots":{"index":"index","follow":"follow","max-snippet":"max-snippet:-1","max-image-preview":"max-image-preview:large","max-video-preview":"max-video-preview:-1"},"canonical":"https:\/\/bertrand.pl\/de\/produkt\/fks-fenstergriffe\/","og_locale":"de_DE","og_type":"article","og_title":"Klamki okienne FKS","og_description":"Klamki okienne FKS dost\u0119pne w r\u00f3\u017cnych stylach, kszta\u0142tach i kolorach. Mog\u0105 mie\u0107 r\u00f3wnie\u017c dodatkowe funkcje, takie jak blokada na klucz.","og_url":"https:\/\/bertrand.pl\/de\/produkt\/fks-fenstergriffe\/","og_site_name":"Bertrand. Najwy\u017cszej jako\u015bci okna i drzwi. Certyfikowany producent od 1969 roku.","article_publisher":"https:\/\/www.facebook.com\/bertrandpolska\/","article_modified_time":"2025-09-10T07:23:43+00:00","og_image":[{"width":485,"height":648,"url":"https:\/\/bertrand.pl\/wp-content\/uploads\/2024\/08\/1006.png","type":"image\/png"}],"twitter_card":"summary_large_image","twitter_misc":{"Gesch\u00e4tzte Lesezeit":"3\u00a0Minuten"},"schema":{"@context":"https:\/\/schema.org","@graph":[{"@type":"WebPage","@id":"https:\/\/bertrand.pl\/produkt\/klamki-okienne-fks\/","url":"https:\/\/bertrand.pl\/produkt\/klamki-okienne-fks\/","name":"Klamki FKS \u2013 wygoda i bezpiecze\u0144stwo.","isPartOf":{"@id":"https:\/\/bertrand.pl\/#website"},"primaryImageOfPage":{"@id":"https:\/\/bertrand.pl\/produkt\/klamki-okienne-fks\/#primaryimage"},"image":{"@id":"https:\/\/bertrand.pl\/produkt\/klamki-okienne-fks\/#primaryimage"},"thumbnailUrl":"https:\/\/bertrand.pl\/wp-content\/uploads\/2024\/08\/1006.png","datePublished":"2024-08-26T07:32:27+00:00","dateModified":"2025-09-10T07:23:43+00:00","description":"FKS-Fenstergriffe sind in verschiedenen Stilen, Formen und Farben erh\u00e4ltlich. M\u00f6glicherweise verf\u00fcgen sie auch \u00fcber zus\u00e4tzliche Funktionen, beispielsweise eine Tastensperre.","breadcrumb":{"@id":"https:\/\/bertrand.pl\/produkt\/klamki-okienne-fks\/#breadcrumb"},"inLanguage":"de","potentialAction":[{"@type":"ReadAction","target":["https:\/\/bertrand.pl\/produkt\/klamki-okienne-fks\/"]}]},{"@type":"ImageObject","inLanguage":"de","@id":"https:\/\/bertrand.pl\/produkt\/klamki-okienne-fks\/#primaryimage","url":"https:\/\/bertrand.pl\/wp-content\/uploads\/2024\/08\/1006.png","contentUrl":"https:\/\/bertrand.pl\/wp-content\/uploads\/2024\/08\/1006.png","width":485,"height":648,"caption":"Klamki okienne FKS s\u0105 bardzo funkcjonalne i praktyczne."},{"@type":"BreadcrumbList","@id":"https:\/\/bertrand.pl\/produkt\/klamki-okienne-fks\/#breadcrumb","itemListElement":[{"@type":"ListItem","position":1,"name":"Strona g\u0142\u00f3wna","item":"https:\/\/bertrand.pl\/"},{"@type":"ListItem","position":2,"name":"Produits","item":"https:\/\/bertrand.pl\/fr\/shop\/"},{"@type":"ListItem","position":3,"name":"Klamki okienne FKS"}]},{"@type":"WebSite","@id":"https:\/\/bertrand.pl\/#website","url":"https:\/\/bertrand.pl\/","name":"Bertrand.pl","description":"Firma Bertrand to certyfikowany i uznany producent najwy\u017cszej jako\u015bci okien z PVC, z drewna lub aluminium. Produkcja drzwi, rolet i bram gara\u017cowych.","publisher":{"@id":"https:\/\/bertrand.pl\/#organization"},"potentialAction":[{"@type":"SearchAction","target":{"@type":"EntryPoint","urlTemplate":"https:\/\/bertrand.pl\/?s={search_term_string}"},"query-input":{"@type":"PropertyValueSpecification","valueRequired":true,"valueName":"search_term_string"}}],"inLanguage":"de"},{"@type":"Organization","@id":"https:\/\/bertrand.pl\/#organization","name":"Bertrand.pl","url":"https:\/\/bertrand.pl\/","logo":{"@type":"ImageObject","inLanguage":"de","@id":"https:\/\/bertrand.pl\/#\/schema\/logo\/image\/","url":"https:\/\/bertrand.pl\/wp-content\/uploads\/2024\/12\/logo_BB_TM_PL_black.png","contentUrl":"https:\/\/bertrand.pl\/wp-content\/uploads\/2024\/12\/logo_BB_TM_PL_black.png","width":1831,"height":1831,"caption":"Bertrand.pl"},"image":{"@id":"https:\/\/bertrand.pl\/#\/schema\/logo\/image\/"},"sameAs":["https:\/\/www.facebook.com\/bertrandpolska\/","https:\/\/www.instagram.com\/bertrand_okna_i_drzwi\/","https:\/\/www.linkedin.com\/company\/bertrand\/","https:\/\/www.tiktok.com\/@bertrand_okna_drzwi"]}]}},"_links":{"self":[{"href":"https:\/\/bertrand.pl\/de\/wp-json\/wp\/v2\/product\/4775","targetHints":{"allow":["GET"]}}],"collection":[{"href":"https:\/\/bertrand.pl\/de\/wp-json\/wp\/v2\/product"}],"about":[{"href":"https:\/\/bertrand.pl\/de\/wp-json\/wp\/v2\/types\/product"}],"wp:featuredmedia":[{"embeddable":true,"href":"https:\/\/bertrand.pl\/de\/wp-json\/wp\/v2\/media\/4783"}],"wp:attachment":[{"href":"https:\/\/bertrand.pl\/de\/wp-json\/wp\/v2\/media?parent=4775"}],"wp:term":[{"taxonomy":"product_brand","embeddable":true,"href":"https:\/\/bertrand.pl\/de\/wp-json\/wp\/v2\/product_brand?post=4775"},{"taxonomy":"product_cat","embeddable":true,"href":"https:\/\/bertrand.pl\/de\/wp-json\/wp\/v2\/product_cat?post=4775"},{"taxonomy":"product_tag","embeddable":true,"href":"https:\/\/bertrand.pl\/de\/wp-json\/wp\/v2\/product_tag?post=4775"}],"curies":[{"name":"wp","href":"https:\/\/api.w.org\/{rel}","templated":true}]}}