{"id":4989,"date":"2025-03-13T13:17:47","date_gmt":"2025-03-13T12:17:47","guid":{"rendered":"https:\/\/bertrand.pl\/?post_type=product&#038;p=4989"},"modified":"2025-07-10T14:35:06","modified_gmt":"2025-07-10T12:35:06","slug":"hst-kombisystem","status":"publish","type":"product","link":"https:\/\/bertrand.pl\/de\/produkt\/hst-kombisystem\/","title":{"rendered":"HST Kombisystem"},"content":{"rendered":"<div class=\"StyledCard-sc-1myzh1n jKZHfM\">\n<h4><strong>HST-Kombisystem \u2013 Komfort und Eleganz in den eigenen vier W\u00e4nden<\/strong><\/h4>\n<p>&nbsp;<\/p>\n<p class=\"translation-block\">Die Hebe-Schiebe-T\u00fcren <strong>HST-Kombisystem<\/strong> wurden mit maximalem Komfort und au\u00dfergew\u00f6hnlicher \u00c4sthetik entwickelt. Dank innovativer technischer L\u00f6sungen bieten sie eine einfache Bedienung, sodass selbst gro\u00dfe Elemente mit minimalem Aufwand bewegt werden k\u00f6nnen. Eine ideale L\u00f6sung f\u00fcr alle, die Komfort und Funktionalit\u00e4t im Alltag sch\u00e4tzen.<\/p>\n<p>Dar\u00fcber hinaus sorgen die gro\u00dfen Verglasungen des HST-Kombisystems f\u00fcr eine maximale Belichtung der Innenr\u00e4ume, was den Wohnkomfort erheblich steigert. Dadurch wirken die R\u00e4ume hell und ger\u00e4umig, unabh\u00e4ngig davon, ob die T\u00fcren ge\u00f6ffnet oder geschlossen sind. Der nahezu unsichtbare Schwellenbereich eliminiert die Grenze zwischen Innen- und Au\u00dfenbereich und schafft einen nahtlosen \u00dcbergang zur Terrasse oder zum Garten. Diese L\u00f6sung erh\u00f6ht nicht nur den Nutzungskomfort, sondern unterstreicht auch das moderne Design des Geb\u00e4udes.<\/p>\n<p>&nbsp;<\/p>\n<h4><strong>Mehr Licht und modernes Design<\/strong><\/h4>\n<p>&nbsp;<\/p>\n<p class=\"translation-block\">Die Version <strong>HST-Kombisystem Design<\/strong> wurde f\u00fcr Liebhaber von nat\u00fcrlichem Licht und modernen L\u00f6sungen entwickelt. Anstelle eines traditionellen Fl\u00fcgels im festen Segment wurde ein innovatives Verglasungsprofil verwendet, das die Ansichtsbreite um \u00fcber 50 % reduziert. Dadurch gelangt noch mehr Licht ins Innere, was die R\u00e4ume optisch gr\u00f6\u00dfer und ger\u00e4umiger wirken l\u00e4sst.<\/p>\n<p>Es darf nicht unerw\u00e4hnt bleiben, dass dieses moderne System perfekt zu den aktuellen architektonischen Trends passt. Die subtile Profilkonstruktion und das minimalistische Design machen die HST-Kombisystem-T\u00fcren zu einem eleganten Element jeder Gestaltung, unabh\u00e4ngig vom Stil des Innenraums oder der Fassade.<\/p>\n<p>&nbsp;<\/p>\n<h4><strong>Innovation und Funktionalit\u00e4t des HST-Kombisystems<\/strong><\/h4>\n<p>&nbsp;<\/p>\n<p>Diese T\u00fcren sehen nicht nur gro\u00dfartig aus, sondern bieten auch einen hohen Bedienkomfort. Die reibungslose Funktion der Mechanismen macht die Bedienung der T\u00fcren intuitiv und unkompliziert. Zudem verbessert die niedrige Schwelle die Barrierefreiheit, was besonders f\u00fcr \u00e4ltere Menschen, Kinder und Rollstuhlfahrer von Bedeutung ist.<\/p>\n<p>Dieses System eignet sich hervorragend f\u00fcr Einfamilienh\u00e4user, Wohnungen und moderne Gewerbeprojekte. Die Kombination aus \u00c4sthetik, Funktionalit\u00e4t und Langlebigkeit macht es zu einer der vielseitigsten L\u00f6sungen auf dem Markt.<\/p>\n<h3><\/h3>\n<p class=\"translation-block\">Die T\u00fcren des <strong>HST-Kombisystems<\/strong> sind eine perfekte Kombination aus Komfort, Eleganz und Modernit\u00e4t. Mit gro\u00dfen Verglasungen, innovativen L\u00f6sungen und praktischem Design erf\u00fcllt dieses System die Erwartungen selbst der anspruchsvollsten Nutzer.<\/p>\n<p>&nbsp;<\/p>\n<h4><strong>Hauptvorteile:<\/strong><\/h4>\n<p>&nbsp;<\/p>\n<ul>\n<li>M\u00fcheloses Verschieben gro\u00dfer Elemente.<\/li>\n<li>Maximale Belichtung des Innenraums durch gro\u00dfz\u00fcgige Verglasungen.<\/li>\n<li>Unsichtbare Schwelle f\u00fcr einen nahtlosen \u00dcbergang zwischen Innen- und Au\u00dfenbereichen.<\/li>\n<li>Innovatives Verglasungsprofil in der Design-Version, das die Ansichtsbreite um \u00fcber 50 % reduziert.<\/li>\n<\/ul>\n<\/div>\n<p>&nbsp;<\/p>\n<h5><strong>SEHEN SIE AUCH:<\/strong><\/h5>\n<p>&nbsp;<\/p>\n<p><strong><a href=\"https:\/\/bertrand.pl\/de\/hst-panorama\/\">HST Panorama \u2013 Panorama-Terrassent\u00fcren f\u00fcr Ihr Zuhause \u2013 Bertrand.pl<\/a><\/strong><\/p>\n<p><strong><a href=\"https:\/\/www.youtube.com\/watch?v=CF4ubhWJ5B4&amp;t=3s\">Kombisystem MD &amp; Acrylcolor\u00ae Technologie<\/a><\/strong><\/p>\n<p>&nbsp;<\/p>","protected":false},"excerpt":{"rendered":"<p><strong>KOMFORT UND LICHT DANK DES HST KOMBISYSTEMS<\/strong><\/p>\n<p>HST-Hebeschiebet\u00fcren bieten eine einfache Bewegung gro\u00dfer Elemente und eine hervorragende Innenbeleuchtung dank gro\u00dfer Verglasung. In der Designversion ist das Glasprofil 50% schmaler, wodurch noch mehr nat\u00fcrliches Licht einfallen kann.<\/p>","protected":false},"featured_media":5003,"template":"","meta":{"site-sidebar-layout":"default","site-content-layout":"","ast-site-content-layout":"default","site-content-style":"default","site-sidebar-style":"default","ast-global-header-display":"","ast-banner-title-visibility":"","ast-main-header-display":"","ast-hfb-above-header-display":"","ast-hfb-below-header-display":"","ast-hfb-mobile-header-display":"","site-post-title":"","ast-breadcrumbs-content":"","ast-featured-img":"","footer-sml-layout":"","ast-disable-related-posts":"","theme-transparent-header-meta":"default","adv-header-id-meta":"","stick-header-meta":"","header-above-stick-meta":"","header-main-stick-meta":"","header-below-stick-meta":"","astra-migrate-meta-layouts":"set","ast-page-background-enabled":"default","ast-page-background-meta":{"desktop":{"background-color":"var(--ast-global-color-4)","background-image":"","background-repeat":"repeat","background-position":"center center","background-size":"auto","background-attachment":"scroll","background-type":"","background-media":"","overlay-type":"","overlay-color":"","overlay-opacity":"","overlay-gradient":""},"tablet":{"background-color":"","background-image":"","background-repeat":"repeat","background-position":"center center","background-size":"auto","background-attachment":"scroll","background-type":"","background-media":"","overlay-type":"","overlay-color":"","overlay-opacity":"","overlay-gradient":""},"mobile":{"background-color":"","background-image":"","background-repeat":"repeat","background-position":"center center","background-size":"auto","background-attachment":"scroll","background-type":"","background-media":"","overlay-type":"","overlay-color":"","overlay-opacity":"","overlay-gradient":""}},"ast-content-background-meta":{"desktop":{"background-color":"var(--ast-global-color-5)","background-image":"","background-repeat":"repeat","background-position":"center center","background-size":"auto","background-attachment":"scroll","background-type":"","background-media":"","overlay-type":"","overlay-color":"","overlay-opacity":"","overlay-gradient":""},"tablet":{"background-color":"var(--ast-global-color-5)","background-image":"","background-repeat":"repeat","background-position":"center center","background-size":"auto","background-attachment":"scroll","background-type":"","background-media":"","overlay-type":"","overlay-color":"","overlay-opacity":"","overlay-gradient":""},"mobile":{"background-color":"var(--ast-global-color-5)","background-image":"","background-repeat":"repeat","background-position":"center center","background-size":"auto","background-attachment":"scroll","background-type":"","background-media":"","overlay-type":"","overlay-color":"","overlay-opacity":"","overlay-gradient":""}}},"product_brand":[],"product_cat":[18],"product_tag":[168,717,339,711,702,345,709,697,334,344,408,704,453,714,662,402,366,710,715,646,699,700,459,716,705,701,707,706,698,713,708,712,703],"class_list":{"0":"post-4989","1":"product","2":"type-product","3":"status-publish","4":"has-post-thumbnail","6":"product_cat-systemy-tarasowe","7":"product_tag-bertrand","8":"product_tag-bertrand-okna-i-drzwi","9":"product_tag-design","10":"product_tag-domowe-przeszklenia","11":"product_tag-doswietlenie-wnetrza","12":"product_tag-drzwi-balkonowe","13":"product_tag-drzwi-do-salonu","14":"product_tag-drzwi-podnosno-przesuwne","15":"product_tag-drzwi-tarasowe","16":"product_tag-duze-okna","17":"product_tag-duze-przeszklenia","18":"product_tag-eleganckie-drzwi","19":"product_tag-energooszczednosc","20":"product_tag-ergonomia","21":"product_tag-funkcjonalnosc","22":"product_tag-hst","23":"product_tag-komfort","24":"product_tag-latwe-przesuwanie","25":"product_tag-lekkosc-przesuwania","26":"product_tag-minimalistyczny-design","27":"product_tag-naturalne-swiatlo","28":"product_tag-niski-prog","29":"product_tag-nowoczesne-drzwi","30":"product_tag-nowoczesne-wnetrza","31":"product_tag-oszczednosc-miejsca","32":"product_tag-plynne-przejscie","33":"product_tag-przestrzen-wewnetrzna","34":"product_tag-przestrzen-zewnetrzna","35":"product_tag-przesuwne-drzwi","36":"product_tag-rozwiazania-premium","37":"product_tag-stylowe-przeszklenia","38":"product_tag-wspolczesna-architektura","39":"product_tag-wygoda","40":"desktop-align-left","41":"tablet-align-left","42":"mobile-align-left","44":"first","45":"instock","46":"shipping-taxable","47":"product-type-simple"},"yoast_head":"<!-- This site is optimized with the Yoast SEO Premium plugin v27.2 (Yoast SEO v27.2) - https:\/\/yoast.com\/product\/yoast-seo-premium-wordpress\/ -->\n<title>HST Kombisystem \u2013 komfort bez granic.<\/title>\n<meta name=\"description\" content=\"HST Kombisystem to idealne rozwi\u0105zanie dla mi\u0142o\u015bnik\u00f3w naturalnego \u015bwiat\u0142a. Innowacyjny profil pozwala na zredukowanie szeroko\u015bci lica o ponad 50%.\" \/>\n<meta name=\"robots\" content=\"index, follow, max-snippet:-1, max-image-preview:large, max-video-preview:-1\" \/>\n<link rel=\"canonical\" href=\"https:\/\/bertrand.pl\/de\/produkt\/hst-kombisystem\/\" \/>\n<meta property=\"og:locale\" content=\"de_DE\" \/>\n<meta property=\"og:type\" content=\"article\" \/>\n<meta property=\"og:title\" content=\"HST Kombisystem\" \/>\n<meta property=\"og:description\" content=\"HST Kombisystem to idealne rozwi\u0105zanie dla mi\u0142o\u015bnik\u00f3w naturalnego \u015bwiat\u0142a. Innowacyjny profil pozwala na zredukowanie szeroko\u015bci lica o ponad 50%.\" \/>\n<meta property=\"og:url\" content=\"https:\/\/bertrand.pl\/de\/produkt\/hst-kombisystem\/\" \/>\n<meta property=\"og:site_name\" content=\"Bertrand. Najwy\u017cszej jako\u015bci okna i drzwi. Certyfikowany producent od 1969 roku.\" \/>\n<meta property=\"article:publisher\" content=\"https:\/\/www.facebook.com\/bertrandpolska\/\" \/>\n<meta property=\"article:modified_time\" content=\"2025-07-10T12:35:06+00:00\" \/>\n<meta property=\"og:image\" content=\"https:\/\/bertrand.pl\/wp-content\/uploads\/2024\/09\/hst_kombisystem.png\" \/>\n\t<meta property=\"og:image:width\" content=\"821\" \/>\n\t<meta property=\"og:image:height\" content=\"821\" \/>\n\t<meta property=\"og:image:type\" content=\"image\/png\" \/>\n<meta name=\"twitter:card\" content=\"summary_large_image\" \/>\n<meta name=\"twitter:label1\" content=\"Gesch\u00e4tzte Lesezeit\" \/>\n\t<meta name=\"twitter:data1\" content=\"3\u00a0Minuten\" \/>\n<script type=\"application\/ld+json\" class=\"yoast-schema-graph\">{\"@context\":\"https:\/\/schema.org\",\"@graph\":[{\"@type\":\"WebPage\",\"@id\":\"https:\/\/bertrand.pl\/produkt\/hst-kombisystem\/\",\"url\":\"https:\/\/bertrand.pl\/produkt\/hst-kombisystem\/\",\"name\":\"HST Kombisystem \u2013 komfort bez granic.\",\"isPartOf\":{\"@id\":\"https:\/\/bertrand.pl\/#website\"},\"primaryImageOfPage\":{\"@id\":\"https:\/\/bertrand.pl\/produkt\/hst-kombisystem\/#primaryimage\"},\"image\":{\"@id\":\"https:\/\/bertrand.pl\/produkt\/hst-kombisystem\/#primaryimage\"},\"thumbnailUrl\":\"https:\/\/bertrand.pl\/wp-content\/uploads\/2024\/09\/hst_kombisystem.png\",\"datePublished\":\"2025-03-13T12:17:47+00:00\",\"dateModified\":\"2025-07-10T12:35:06+00:00\",\"description\":\"HST Kombisystem to idealne rozwi\u0105zanie dla mi\u0142o\u015bnik\u00f3w naturalnego \u015bwiat\u0142a. Innowacyjny profil pozwala na zredukowanie szeroko\u015bci lica o ponad 50%.\",\"breadcrumb\":{\"@id\":\"https:\/\/bertrand.pl\/produkt\/hst-kombisystem\/#breadcrumb\"},\"inLanguage\":\"de\",\"potentialAction\":[{\"@type\":\"ReadAction\",\"target\":[\"https:\/\/bertrand.pl\/produkt\/hst-kombisystem\/\"]}]},{\"@type\":\"ImageObject\",\"inLanguage\":\"de\",\"@id\":\"https:\/\/bertrand.pl\/produkt\/hst-kombisystem\/#primaryimage\",\"url\":\"https:\/\/bertrand.pl\/wp-content\/uploads\/2024\/09\/hst_kombisystem.png\",\"contentUrl\":\"https:\/\/bertrand.pl\/wp-content\/uploads\/2024\/09\/hst_kombisystem.png\",\"width\":821,\"height\":821,\"caption\":\"HST Kombisystem to doskona\u0142e po\u0142\u0105czenie komfortu, elegancji i nowoczesno\u015bci.\"},{\"@type\":\"BreadcrumbList\",\"@id\":\"https:\/\/bertrand.pl\/produkt\/hst-kombisystem\/#breadcrumb\",\"itemListElement\":[{\"@type\":\"ListItem\",\"position\":1,\"name\":\"Strona g\u0142\u00f3wna\",\"item\":\"https:\/\/bertrand.pl\/\"},{\"@type\":\"ListItem\",\"position\":2,\"name\":\"Produits\",\"item\":\"https:\/\/bertrand.pl\/fr\/shop\/\"},{\"@type\":\"ListItem\",\"position\":3,\"name\":\"HST Kombisystem\"}]},{\"@type\":\"WebSite\",\"@id\":\"https:\/\/bertrand.pl\/#website\",\"url\":\"https:\/\/bertrand.pl\/\",\"name\":\"Bertrand.pl\",\"description\":\"Firma Bertrand to certyfikowany i uznany producent najwy\u017cszej jako\u015bci okien z PVC, z drewna lub aluminium. Produkcja drzwi, rolet i bram gara\u017cowych.\",\"publisher\":{\"@id\":\"https:\/\/bertrand.pl\/#organization\"},\"potentialAction\":[{\"@type\":\"SearchAction\",\"target\":{\"@type\":\"EntryPoint\",\"urlTemplate\":\"https:\/\/bertrand.pl\/?s={search_term_string}\"},\"query-input\":{\"@type\":\"PropertyValueSpecification\",\"valueRequired\":true,\"valueName\":\"search_term_string\"}}],\"inLanguage\":\"de\"},{\"@type\":\"Organization\",\"@id\":\"https:\/\/bertrand.pl\/#organization\",\"name\":\"Bertrand.pl\",\"url\":\"https:\/\/bertrand.pl\/\",\"logo\":{\"@type\":\"ImageObject\",\"inLanguage\":\"de\",\"@id\":\"https:\/\/bertrand.pl\/#\/schema\/logo\/image\/\",\"url\":\"https:\/\/bertrand.pl\/wp-content\/uploads\/2024\/12\/logo_BB_TM_PL_black.png\",\"contentUrl\":\"https:\/\/bertrand.pl\/wp-content\/uploads\/2024\/12\/logo_BB_TM_PL_black.png\",\"width\":1831,\"height\":1831,\"caption\":\"Bertrand.pl\"},\"image\":{\"@id\":\"https:\/\/bertrand.pl\/#\/schema\/logo\/image\/\"},\"sameAs\":[\"https:\/\/www.facebook.com\/bertrandpolska\/\",\"https:\/\/www.instagram.com\/bertrand_okna_i_drzwi\/\",\"https:\/\/www.linkedin.com\/company\/bertrand\/\",\"https:\/\/www.tiktok.com\/@bertrand_okna_drzwi\"]}]}<\/script>\n<!-- \/ Yoast SEO Premium plugin. -->","yoast_head_json":{"title":"HST Kombisystem \u2013 komfort bez granic.","description":"Das HST Kombisystem ist die perfekte L\u00f6sung f\u00fcr Liebhaber des nat\u00fcrlichen Lichts. Das innovative Profil erm\u00f6glicht eine Reduzierung der Schlagfl\u00e4chenbreite um \u00fcber 50%.","robots":{"index":"index","follow":"follow","max-snippet":"max-snippet:-1","max-image-preview":"max-image-preview:large","max-video-preview":"max-video-preview:-1"},"canonical":"https:\/\/bertrand.pl\/de\/produkt\/hst-kombisystem\/","og_locale":"de_DE","og_type":"article","og_title":"HST Kombisystem","og_description":"HST Kombisystem to idealne rozwi\u0105zanie dla mi\u0142o\u015bnik\u00f3w naturalnego \u015bwiat\u0142a. Innowacyjny profil pozwala na zredukowanie szeroko\u015bci lica o ponad 50%.","og_url":"https:\/\/bertrand.pl\/de\/produkt\/hst-kombisystem\/","og_site_name":"Bertrand. Najwy\u017cszej jako\u015bci okna i drzwi. Certyfikowany producent od 1969 roku.","article_publisher":"https:\/\/www.facebook.com\/bertrandpolska\/","article_modified_time":"2025-07-10T12:35:06+00:00","og_image":[{"width":821,"height":821,"url":"https:\/\/bertrand.pl\/wp-content\/uploads\/2024\/09\/hst_kombisystem.png","type":"image\/png"}],"twitter_card":"summary_large_image","twitter_misc":{"Gesch\u00e4tzte Lesezeit":"3\u00a0Minuten"},"schema":{"@context":"https:\/\/schema.org","@graph":[{"@type":"WebPage","@id":"https:\/\/bertrand.pl\/produkt\/hst-kombisystem\/","url":"https:\/\/bertrand.pl\/produkt\/hst-kombisystem\/","name":"HST Kombisystem \u2013 komfort bez granic.","isPartOf":{"@id":"https:\/\/bertrand.pl\/#website"},"primaryImageOfPage":{"@id":"https:\/\/bertrand.pl\/produkt\/hst-kombisystem\/#primaryimage"},"image":{"@id":"https:\/\/bertrand.pl\/produkt\/hst-kombisystem\/#primaryimage"},"thumbnailUrl":"https:\/\/bertrand.pl\/wp-content\/uploads\/2024\/09\/hst_kombisystem.png","datePublished":"2025-03-13T12:17:47+00:00","dateModified":"2025-07-10T12:35:06+00:00","description":"Das HST Kombisystem ist die perfekte L\u00f6sung f\u00fcr Liebhaber des nat\u00fcrlichen Lichts. Das innovative Profil erm\u00f6glicht eine Reduzierung der Schlagfl\u00e4chenbreite um \u00fcber 50%.","breadcrumb":{"@id":"https:\/\/bertrand.pl\/produkt\/hst-kombisystem\/#breadcrumb"},"inLanguage":"de","potentialAction":[{"@type":"ReadAction","target":["https:\/\/bertrand.pl\/produkt\/hst-kombisystem\/"]}]},{"@type":"ImageObject","inLanguage":"de","@id":"https:\/\/bertrand.pl\/produkt\/hst-kombisystem\/#primaryimage","url":"https:\/\/bertrand.pl\/wp-content\/uploads\/2024\/09\/hst_kombisystem.png","contentUrl":"https:\/\/bertrand.pl\/wp-content\/uploads\/2024\/09\/hst_kombisystem.png","width":821,"height":821,"caption":"HST Kombisystem to doskona\u0142e po\u0142\u0105czenie komfortu, elegancji i nowoczesno\u015bci."},{"@type":"BreadcrumbList","@id":"https:\/\/bertrand.pl\/produkt\/hst-kombisystem\/#breadcrumb","itemListElement":[{"@type":"ListItem","position":1,"name":"Strona g\u0142\u00f3wna","item":"https:\/\/bertrand.pl\/"},{"@type":"ListItem","position":2,"name":"Produits","item":"https:\/\/bertrand.pl\/fr\/shop\/"},{"@type":"ListItem","position":3,"name":"HST Kombisystem"}]},{"@type":"WebSite","@id":"https:\/\/bertrand.pl\/#website","url":"https:\/\/bertrand.pl\/","name":"Bertrand.pl","description":"Firma Bertrand to certyfikowany i uznany producent najwy\u017cszej jako\u015bci okien z PVC, z drewna lub aluminium. Produkcja drzwi, rolet i bram gara\u017cowych.","publisher":{"@id":"https:\/\/bertrand.pl\/#organization"},"potentialAction":[{"@type":"SearchAction","target":{"@type":"EntryPoint","urlTemplate":"https:\/\/bertrand.pl\/?s={search_term_string}"},"query-input":{"@type":"PropertyValueSpecification","valueRequired":true,"valueName":"search_term_string"}}],"inLanguage":"de"},{"@type":"Organization","@id":"https:\/\/bertrand.pl\/#organization","name":"Bertrand.pl","url":"https:\/\/bertrand.pl\/","logo":{"@type":"ImageObject","inLanguage":"de","@id":"https:\/\/bertrand.pl\/#\/schema\/logo\/image\/","url":"https:\/\/bertrand.pl\/wp-content\/uploads\/2024\/12\/logo_BB_TM_PL_black.png","contentUrl":"https:\/\/bertrand.pl\/wp-content\/uploads\/2024\/12\/logo_BB_TM_PL_black.png","width":1831,"height":1831,"caption":"Bertrand.pl"},"image":{"@id":"https:\/\/bertrand.pl\/#\/schema\/logo\/image\/"},"sameAs":["https:\/\/www.facebook.com\/bertrandpolska\/","https:\/\/www.instagram.com\/bertrand_okna_i_drzwi\/","https:\/\/www.linkedin.com\/company\/bertrand\/","https:\/\/www.tiktok.com\/@bertrand_okna_drzwi"]}]}},"_links":{"self":[{"href":"https:\/\/bertrand.pl\/de\/wp-json\/wp\/v2\/product\/4989","targetHints":{"allow":["GET"]}}],"collection":[{"href":"https:\/\/bertrand.pl\/de\/wp-json\/wp\/v2\/product"}],"about":[{"href":"https:\/\/bertrand.pl\/de\/wp-json\/wp\/v2\/types\/product"}],"wp:featuredmedia":[{"embeddable":true,"href":"https:\/\/bertrand.pl\/de\/wp-json\/wp\/v2\/media\/5003"}],"wp:attachment":[{"href":"https:\/\/bertrand.pl\/de\/wp-json\/wp\/v2\/media?parent=4989"}],"wp:term":[{"taxonomy":"product_brand","embeddable":true,"href":"https:\/\/bertrand.pl\/de\/wp-json\/wp\/v2\/product_brand?post=4989"},{"taxonomy":"product_cat","embeddable":true,"href":"https:\/\/bertrand.pl\/de\/wp-json\/wp\/v2\/product_cat?post=4989"},{"taxonomy":"product_tag","embeddable":true,"href":"https:\/\/bertrand.pl\/de\/wp-json\/wp\/v2\/product_tag?post=4989"}],"curies":[{"name":"wp","href":"https:\/\/api.w.org\/{rel}","templated":true}]}}