{"id":5004,"date":"2024-09-17T11:58:22","date_gmt":"2024-09-17T09:58:22","guid":{"rendered":"https:\/\/bertrand.pl\/?post_type=product&#038;p=5004"},"modified":"2025-07-21T15:27:47","modified_gmt":"2025-07-21T13:27:47","slug":"mb-82hs","status":"publish","type":"product","link":"https:\/\/bertrand.pl\/de\/produkt\/mb-82hs\/","title":{"rendered":"MB-82HS"},"content":{"rendered":"<h3><strong>Hebe-Schiebet\u00fcren \u2013 ein eleganter Akzent f\u00fcr jedes Zuhause<\/strong><\/h3>\n<p>&nbsp;<\/p>\n<p>System <strong>MB-82HS<\/strong> ist eine moderne L\u00f6sung, die die Einfachheit der Form perfekt mit der M\u00f6glichkeit der Verwendung gro\u00dfer Verglasungen verbindet. Die maximalen Abmessungen des Fl\u00fcgels betragen bis zu <strong>3,24 x 3,3 m<\/strong>, bei maximalem Gewicht <strong>bis 600 kg<\/strong>. Dadurch ist es m\u00f6glich, beeindruckende und gro\u00dfz\u00fcgige Ausg\u00e4nge zu schaffen. Dar\u00fcber hinaus sorgt die optionale Verwendung eines schmalen Pfostens f\u00fcr eine freie Sicht nach drau\u00dfen. Eine gro\u00dfe Auswahl an Beschl\u00e4gen und die M\u00f6glichkeit der Automatisierung machen diese T\u00fcren ideal f\u00fcr verschiedene Projekte, einschlie\u00dflich Smart-Home-Systeme. MB-82HS passt zu aktuellen Architekturtrends und eignet sich perfekt f\u00fcr Terrasse, Balkon oder direkte Ausg\u00e4nge in den Garten.<\/p>\n<p>&nbsp;<\/p>\n<h3><strong>T\u00fcren MB-82HS \u2013 Komfort und Energieeffizienz<\/strong><\/h3>\n<p>&nbsp;<\/p>\n<p>Das Hebe-Schiebet\u00fcrsystem MB-82HS vereint bew\u00e4hrte Technologien mit hoher Funktionalit\u00e4t. Eine der wichtigen L\u00f6sungen ist der Einsatz einer barrierefreien Schwelle, die in den Boden integriert ist. Dadurch verschwimmt nicht nur die Grenze zwischen Innen und Au\u00dfen, sondern auch der Bedienkomfort wird deutlich erh\u00f6ht. Die integrierte Schwelle wird von \u00e4lteren Menschen, Kindern und Menschen mit Behinderungen gesch\u00e4tzt, da sie einen sicheren und einfachen Durchgang gew\u00e4hrleistet.<\/p>\n<p>MB-82HS-Terrassent\u00fcren garantieren au\u00dferdem eine hervorragende W\u00e4rmed\u00e4mmung, was sich in Energieeinsparungen niederschl\u00e4gt. Es stehen drei thermische Varianten zur Verf\u00fcgung <strong>(ST, SI und SI+)<\/strong>und ihr W\u00e4rmedurchgangskoeffizient <strong>Uw ab 0,60 W\/(m\u00b2K)<\/strong> Damit erf\u00fcllt dieses System perfekt die Anforderungen energieeffizienter Geb\u00e4ude. MB-82HS ist eine ideale L\u00f6sung f\u00fcr diejenigen, die Wert auf thermischen Komfort und niedrige Heizkosten legen.<\/p>\n<p>&nbsp;<\/p>\n<figure id=\"attachment_5005\" aria-describedby=\"caption-attachment-5005\" style=\"width: 755px\" class=\"wp-caption alignnone\"><img fetchpriority=\"high\" decoding=\"async\" class=\"wp-image-5005\" src=\"https:\/\/bertrand.pl\/wp-content\/uploads\/2024\/09\/mb-82hs-scena01b-view03-p.jpg\" alt=\"MB-82HS-Terrassent\u00fcren garantieren au\u00dferdem eine hervorragende W\u00e4rmed\u00e4mmung, was sich in Energieeinsparungen niederschl\u00e4gt.\" width=\"755\" height=\"440\" srcset=\"https:\/\/bertrand.pl\/wp-content\/uploads\/2024\/09\/mb-82hs-scena01b-view03-p.jpg 1920w, https:\/\/bertrand.pl\/wp-content\/uploads\/2024\/09\/mb-82hs-scena01b-view03-p-420x245.jpg 420w, https:\/\/bertrand.pl\/wp-content\/uploads\/2024\/09\/mb-82hs-scena01b-view03-p-1360x793.jpg 1360w, https:\/\/bertrand.pl\/wp-content\/uploads\/2024\/09\/mb-82hs-scena01b-view03-p-768x448.jpg 768w, https:\/\/bertrand.pl\/wp-content\/uploads\/2024\/09\/mb-82hs-scena01b-view03-p-1536x896.jpg 1536w, https:\/\/bertrand.pl\/wp-content\/uploads\/2024\/09\/mb-82hs-scena01b-view03-p-600x350.jpg 600w\" sizes=\"(max-width: 755px) 100vw, 755px\" \/><figcaption id=\"caption-attachment-5005\" class=\"wp-caption-text\">Terrassent\u00fcren MB-82HS<\/figcaption><\/figure>\n<p>&nbsp;<\/p>\n<p><strong>Konstruktionsmerkmale und Vorteile:<\/strong><\/p>\n<ul>\n<li>Tiefe der Abschnitte: Fl\u00fcgel 82 mm, Rahmen 186 mm<\/li>\n<li>drei thermische Varianten der Struktur: ST, SI und SI+<\/li>\n<li>Verglasungsbereich f\u00fcr T\u00fcrbl\u00e4tter: 18\u201366 mm, f\u00fcr Dauerfl\u00fcgel 36\u201365 mm<\/li>\n<li>die maximale Blattgr\u00f6\u00dfe betr\u00e4gt 3,24 m x 3,3 m;<\/li>\n<li>maximales Fl\u00fcgelgewicht bis 600 kg<\/li>\n<li>gro\u00dfe Auswahl an m\u00f6glichen Ausstattungen<\/li>\n<li>Verschiedene Pfostenl\u00f6sungen: SI+ Pfosten mit verbesserten thermischen Parametern oder ein schmaler Pfosten mit sehr guten \u00e4sthetischen Werten<\/li>\n<li>Verglasung dauerhafter R\u00e4ume von au\u00dfen, was den Einbau gro\u00dfer und schwerer Glasscheiben erleichtert<\/li>\n<li>Verf\u00fcgbares Ausgleichsprofil, das den Einfluss der Deckendurchbiegung auf die Funktion der T\u00fcr verhindert<\/li>\n<li>Einfache Verbindung mit Fenstern aus anderen Aluminiumsystemen (z. B. MB-79N, MB-86N und MB-104 Passive) dank speziell entwickelter Profile<\/li>\n<\/ul>\n<h4><\/h4>\n<p><strong>SEHEN SIE AUCH:<\/strong><\/p>\n<p><a href=\"https:\/\/bertrand.pl\/de\/systeme-in-der-praxis-bertrand-projekte\/\">BB Line 70 &amp; BB Line 84 \u2013 Qualit\u00e4t zu einem guten Preis \u2013 Bertrand.pl<\/a><\/p>\n<p><a href=\"https:\/\/www.youtube.com\/watch?v=C3fIT2fa-p0\">Bertrand-Produktsieger w\u00e4hrend der IBS 2024!<\/a><\/p>","protected":false},"excerpt":{"rendered":"<p><strong>ELEGANTE HEBE-SCHIEBET\u00dcREN<\/strong><\/p>\n<p>Das MB-82HS-System ist eine moderne L\u00f6sung, die die Einfachheit der Form perfekt mit der M\u00f6glichkeit der Verwendung gro\u00dfer Verglasungen verbindet. Die maximalen Abmessungen des Fl\u00fcgels betragen bis zu 3,24 x 3,3 m, bei einem maximalen Gewicht von bis zu 600 kg. Dadurch ist es m\u00f6glich, beeindruckende und gro\u00dfz\u00fcgige Ausg\u00e4nge zu schaffen.<\/p>","protected":false},"featured_media":5008,"template":"","meta":{"site-sidebar-layout":"default","site-content-layout":"","ast-site-content-layout":"default","site-content-style":"default","site-sidebar-style":"default","ast-global-header-display":"","ast-banner-title-visibility":"","ast-main-header-display":"","ast-hfb-above-header-display":"","ast-hfb-below-header-display":"","ast-hfb-mobile-header-display":"","site-post-title":"","ast-breadcrumbs-content":"","ast-featured-img":"","footer-sml-layout":"","ast-disable-related-posts":"","theme-transparent-header-meta":"default","adv-header-id-meta":"","stick-header-meta":"","header-above-stick-meta":"","header-main-stick-meta":"","header-below-stick-meta":"","astra-migrate-meta-layouts":"set","ast-page-background-enabled":"default","ast-page-background-meta":{"desktop":{"background-color":"var(--ast-global-color-4)","background-image":"","background-repeat":"repeat","background-position":"center center","background-size":"auto","background-attachment":"scroll","background-type":"","background-media":"","overlay-type":"","overlay-color":"","overlay-opacity":"","overlay-gradient":""},"tablet":{"background-color":"","background-image":"","background-repeat":"repeat","background-position":"center center","background-size":"auto","background-attachment":"scroll","background-type":"","background-media":"","overlay-type":"","overlay-color":"","overlay-opacity":"","overlay-gradient":""},"mobile":{"background-color":"","background-image":"","background-repeat":"repeat","background-position":"center center","background-size":"auto","background-attachment":"scroll","background-type":"","background-media":"","overlay-type":"","overlay-color":"","overlay-opacity":"","overlay-gradient":""}},"ast-content-background-meta":{"desktop":{"background-color":"var(--ast-global-color-5)","background-image":"","background-repeat":"repeat","background-position":"center center","background-size":"auto","background-attachment":"scroll","background-type":"","background-media":"","overlay-type":"","overlay-color":"","overlay-opacity":"","overlay-gradient":""},"tablet":{"background-color":"var(--ast-global-color-5)","background-image":"","background-repeat":"repeat","background-position":"center center","background-size":"auto","background-attachment":"scroll","background-type":"","background-media":"","overlay-type":"","overlay-color":"","overlay-opacity":"","overlay-gradient":""},"mobile":{"background-color":"var(--ast-global-color-5)","background-image":"","background-repeat":"repeat","background-position":"center center","background-size":"auto","background-attachment":"scroll","background-type":"","background-media":"","overlay-type":"","overlay-color":"","overlay-opacity":"","overlay-gradient":""}}},"product_brand":[],"product_cat":[18],"product_tag":[349,726,168,717,721,338,728,408,453,516,405,722,720,646,649,730,727,653,729,725,724,723],"class_list":{"0":"post-5004","1":"product","2":"type-product","3":"status-publish","4":"has-post-thumbnail","6":"product_cat-systemy-tarasowe","7":"product_tag-aluprof","8":"product_tag-automatyka-drzwi","9":"product_tag-bertrand","10":"product_tag-bertrand-okna-i-drzwi","11":"product_tag-bezbarierowy-prog","12":"product_tag-drzwi-podnoszono-przesuwne","13":"product_tag-duze-drzwi-tarasowe","14":"product_tag-duze-przeszklenia","15":"product_tag-energooszczednosc","16":"product_tag-inteligentny-dom","17":"product_tag-izolacja-termiczna","18":"product_tag-komfort-cieplny","19":"product_tag-mb-82hs","20":"product_tag-minimalistyczny-design","21":"product_tag-nowoczesna-architektura","22":"product_tag-oszczednosc-energii","23":"product_tag-systemy-przesuwne","24":"product_tag-termoizolacja","25":"product_tag-waski-slupek","26":"product_tag-wyjscie-do-ogrodu","27":"product_tag-wyjscie-na-balkon","28":"product_tag-wyjscie-na-taras","29":"desktop-align-left","30":"tablet-align-left","31":"mobile-align-left","33":"first","34":"instock","35":"shipping-taxable","36":"product-type-simple"},"yoast_head":"<!-- This site is optimized with the Yoast SEO Premium plugin v27.2 (Yoast SEO v27.2) - https:\/\/yoast.com\/product\/yoast-seo-premium-wordpress\/ -->\n<title>MB-82HS \u2013 prosta forma, szerokie mo\u017cliwo\u015bci<\/title>\n<meta name=\"description\" content=\"MB-82HS to rozwi\u0105zanie, kt\u00f3re \u0142\u0105czy prostot\u0119 formy z mo\u017cliwo\u015bci\u0105 zastosowania du\u017cych przeszkle\u0144. Idealne na wyj\u015bcia tarasowe, balkonowe czy do ogrodu.\" \/>\n<meta name=\"robots\" content=\"index, follow, max-snippet:-1, max-image-preview:large, max-video-preview:-1\" \/>\n<link rel=\"canonical\" href=\"https:\/\/bertrand.pl\/de\/produkt\/mb-82hs\/\" \/>\n<meta property=\"og:locale\" content=\"de_DE\" \/>\n<meta property=\"og:type\" content=\"article\" \/>\n<meta property=\"og:title\" content=\"MB-82HS\" \/>\n<meta property=\"og:description\" content=\"MB-82HS to rozwi\u0105zanie, kt\u00f3re \u0142\u0105czy prostot\u0119 formy z mo\u017cliwo\u015bci\u0105 zastosowania du\u017cych przeszkle\u0144. Idealne na wyj\u015bcia tarasowe, balkonowe czy do ogrodu.\" \/>\n<meta property=\"og:url\" content=\"https:\/\/bertrand.pl\/de\/produkt\/mb-82hs\/\" \/>\n<meta property=\"og:site_name\" content=\"Bertrand. Najwy\u017cszej jako\u015bci okna i drzwi. Certyfikowany producent od 1969 roku.\" \/>\n<meta property=\"article:publisher\" content=\"https:\/\/www.facebook.com\/bertrandpolska\/\" \/>\n<meta property=\"article:modified_time\" content=\"2025-07-21T13:27:47+00:00\" \/>\n<meta property=\"og:image\" content=\"https:\/\/bertrand.pl\/wp-content\/uploads\/2024\/09\/KF-00135_Wizualizacja_MB-82HS_waski_slupek_01_logo.webp\" \/>\n\t<meta property=\"og:image:width\" content=\"1800\" \/>\n\t<meta property=\"og:image:height\" content=\"1200\" \/>\n\t<meta property=\"og:image:type\" content=\"image\/webp\" \/>\n<meta name=\"twitter:card\" content=\"summary_large_image\" \/>\n<meta name=\"twitter:label1\" content=\"Gesch\u00e4tzte Lesezeit\" \/>\n\t<meta name=\"twitter:data1\" content=\"3\u00a0Minuten\" \/>\n<script type=\"application\/ld+json\" class=\"yoast-schema-graph\">{\"@context\":\"https:\/\/schema.org\",\"@graph\":[{\"@type\":\"WebPage\",\"@id\":\"https:\/\/bertrand.pl\/produkt\/mb-82hs\/\",\"url\":\"https:\/\/bertrand.pl\/produkt\/mb-82hs\/\",\"name\":\"MB-82HS \u2013 prosta forma, szerokie mo\u017cliwo\u015bci\",\"isPartOf\":{\"@id\":\"https:\/\/bertrand.pl\/#website\"},\"primaryImageOfPage\":{\"@id\":\"https:\/\/bertrand.pl\/produkt\/mb-82hs\/#primaryimage\"},\"image\":{\"@id\":\"https:\/\/bertrand.pl\/produkt\/mb-82hs\/#primaryimage\"},\"thumbnailUrl\":\"https:\/\/bertrand.pl\/wp-content\/uploads\/2024\/09\/KF-00135_Wizualizacja_MB-82HS_waski_slupek_01_logo.webp\",\"datePublished\":\"2024-09-17T09:58:22+00:00\",\"dateModified\":\"2025-07-21T13:27:47+00:00\",\"description\":\"MB-82HS to rozwi\u0105zanie, kt\u00f3re \u0142\u0105czy prostot\u0119 formy z mo\u017cliwo\u015bci\u0105 zastosowania du\u017cych przeszkle\u0144. Idealne na wyj\u015bcia tarasowe, balkonowe czy do ogrodu.\",\"breadcrumb\":{\"@id\":\"https:\/\/bertrand.pl\/produkt\/mb-82hs\/#breadcrumb\"},\"inLanguage\":\"de\",\"potentialAction\":[{\"@type\":\"ReadAction\",\"target\":[\"https:\/\/bertrand.pl\/produkt\/mb-82hs\/\"]}]},{\"@type\":\"ImageObject\",\"inLanguage\":\"de\",\"@id\":\"https:\/\/bertrand.pl\/produkt\/mb-82hs\/#primaryimage\",\"url\":\"https:\/\/bertrand.pl\/wp-content\/uploads\/2024\/09\/KF-00135_Wizualizacja_MB-82HS_waski_slupek_01_logo.webp\",\"contentUrl\":\"https:\/\/bertrand.pl\/wp-content\/uploads\/2024\/09\/KF-00135_Wizualizacja_MB-82HS_waski_slupek_01_logo.webp\",\"width\":1800,\"height\":1200},{\"@type\":\"BreadcrumbList\",\"@id\":\"https:\/\/bertrand.pl\/produkt\/mb-82hs\/#breadcrumb\",\"itemListElement\":[{\"@type\":\"ListItem\",\"position\":1,\"name\":\"Strona g\u0142\u00f3wna\",\"item\":\"https:\/\/bertrand.pl\/\"},{\"@type\":\"ListItem\",\"position\":2,\"name\":\"Produits\",\"item\":\"https:\/\/bertrand.pl\/fr\/shop\/\"},{\"@type\":\"ListItem\",\"position\":3,\"name\":\"MB-82HS\"}]},{\"@type\":\"WebSite\",\"@id\":\"https:\/\/bertrand.pl\/#website\",\"url\":\"https:\/\/bertrand.pl\/\",\"name\":\"Bertrand.pl\",\"description\":\"Firma Bertrand to certyfikowany i uznany producent najwy\u017cszej jako\u015bci okien z PVC, z drewna lub aluminium. Produkcja drzwi, rolet i bram gara\u017cowych.\",\"publisher\":{\"@id\":\"https:\/\/bertrand.pl\/#organization\"},\"potentialAction\":[{\"@type\":\"SearchAction\",\"target\":{\"@type\":\"EntryPoint\",\"urlTemplate\":\"https:\/\/bertrand.pl\/?s={search_term_string}\"},\"query-input\":{\"@type\":\"PropertyValueSpecification\",\"valueRequired\":true,\"valueName\":\"search_term_string\"}}],\"inLanguage\":\"de\"},{\"@type\":\"Organization\",\"@id\":\"https:\/\/bertrand.pl\/#organization\",\"name\":\"Bertrand.pl\",\"url\":\"https:\/\/bertrand.pl\/\",\"logo\":{\"@type\":\"ImageObject\",\"inLanguage\":\"de\",\"@id\":\"https:\/\/bertrand.pl\/#\/schema\/logo\/image\/\",\"url\":\"https:\/\/bertrand.pl\/wp-content\/uploads\/2024\/12\/logo_BB_TM_PL_black.png\",\"contentUrl\":\"https:\/\/bertrand.pl\/wp-content\/uploads\/2024\/12\/logo_BB_TM_PL_black.png\",\"width\":1831,\"height\":1831,\"caption\":\"Bertrand.pl\"},\"image\":{\"@id\":\"https:\/\/bertrand.pl\/#\/schema\/logo\/image\/\"},\"sameAs\":[\"https:\/\/www.facebook.com\/bertrandpolska\/\",\"https:\/\/www.instagram.com\/bertrand_okna_i_drzwi\/\",\"https:\/\/www.linkedin.com\/company\/bertrand\/\",\"https:\/\/www.tiktok.com\/@bertrand_okna_drzwi\"]}]}<\/script>\n<!-- \/ Yoast SEO Premium plugin. -->","yoast_head_json":{"title":"MB-82HS \u2013 prosta forma, szerokie mo\u017cliwo\u015bci","description":"MB-82HS ist eine L\u00f6sung, die die Einfachheit der Form mit der M\u00f6glichkeit der Verwendung gro\u00dfer Verglasungen kombiniert. Perfekt f\u00fcr Terrassen, Balkone oder G\u00e4rten.","robots":{"index":"index","follow":"follow","max-snippet":"max-snippet:-1","max-image-preview":"max-image-preview:large","max-video-preview":"max-video-preview:-1"},"canonical":"https:\/\/bertrand.pl\/de\/produkt\/mb-82hs\/","og_locale":"de_DE","og_type":"article","og_title":"MB-82HS","og_description":"MB-82HS to rozwi\u0105zanie, kt\u00f3re \u0142\u0105czy prostot\u0119 formy z mo\u017cliwo\u015bci\u0105 zastosowania du\u017cych przeszkle\u0144. Idealne na wyj\u015bcia tarasowe, balkonowe czy do ogrodu.","og_url":"https:\/\/bertrand.pl\/de\/produkt\/mb-82hs\/","og_site_name":"Bertrand. Najwy\u017cszej jako\u015bci okna i drzwi. Certyfikowany producent od 1969 roku.","article_publisher":"https:\/\/www.facebook.com\/bertrandpolska\/","article_modified_time":"2025-07-21T13:27:47+00:00","og_image":[{"width":1800,"height":1200,"url":"https:\/\/bertrand.pl\/wp-content\/uploads\/2024\/09\/KF-00135_Wizualizacja_MB-82HS_waski_slupek_01_logo.webp","type":"image\/webp"}],"twitter_card":"summary_large_image","twitter_misc":{"Gesch\u00e4tzte Lesezeit":"3\u00a0Minuten"},"schema":{"@context":"https:\/\/schema.org","@graph":[{"@type":"WebPage","@id":"https:\/\/bertrand.pl\/produkt\/mb-82hs\/","url":"https:\/\/bertrand.pl\/produkt\/mb-82hs\/","name":"MB-82HS \u2013 prosta forma, szerokie mo\u017cliwo\u015bci","isPartOf":{"@id":"https:\/\/bertrand.pl\/#website"},"primaryImageOfPage":{"@id":"https:\/\/bertrand.pl\/produkt\/mb-82hs\/#primaryimage"},"image":{"@id":"https:\/\/bertrand.pl\/produkt\/mb-82hs\/#primaryimage"},"thumbnailUrl":"https:\/\/bertrand.pl\/wp-content\/uploads\/2024\/09\/KF-00135_Wizualizacja_MB-82HS_waski_slupek_01_logo.webp","datePublished":"2024-09-17T09:58:22+00:00","dateModified":"2025-07-21T13:27:47+00:00","description":"MB-82HS ist eine L\u00f6sung, die die Einfachheit der Form mit der M\u00f6glichkeit der Verwendung gro\u00dfer Verglasungen kombiniert. Perfekt f\u00fcr Terrassen, Balkone oder G\u00e4rten.","breadcrumb":{"@id":"https:\/\/bertrand.pl\/produkt\/mb-82hs\/#breadcrumb"},"inLanguage":"de","potentialAction":[{"@type":"ReadAction","target":["https:\/\/bertrand.pl\/produkt\/mb-82hs\/"]}]},{"@type":"ImageObject","inLanguage":"de","@id":"https:\/\/bertrand.pl\/produkt\/mb-82hs\/#primaryimage","url":"https:\/\/bertrand.pl\/wp-content\/uploads\/2024\/09\/KF-00135_Wizualizacja_MB-82HS_waski_slupek_01_logo.webp","contentUrl":"https:\/\/bertrand.pl\/wp-content\/uploads\/2024\/09\/KF-00135_Wizualizacja_MB-82HS_waski_slupek_01_logo.webp","width":1800,"height":1200},{"@type":"BreadcrumbList","@id":"https:\/\/bertrand.pl\/produkt\/mb-82hs\/#breadcrumb","itemListElement":[{"@type":"ListItem","position":1,"name":"Strona g\u0142\u00f3wna","item":"https:\/\/bertrand.pl\/"},{"@type":"ListItem","position":2,"name":"Produits","item":"https:\/\/bertrand.pl\/fr\/shop\/"},{"@type":"ListItem","position":3,"name":"MB-82HS"}]},{"@type":"WebSite","@id":"https:\/\/bertrand.pl\/#website","url":"https:\/\/bertrand.pl\/","name":"Bertrand.pl","description":"Firma Bertrand to certyfikowany i uznany producent najwy\u017cszej jako\u015bci okien z PVC, z drewna lub aluminium. Produkcja drzwi, rolet i bram gara\u017cowych.","publisher":{"@id":"https:\/\/bertrand.pl\/#organization"},"potentialAction":[{"@type":"SearchAction","target":{"@type":"EntryPoint","urlTemplate":"https:\/\/bertrand.pl\/?s={search_term_string}"},"query-input":{"@type":"PropertyValueSpecification","valueRequired":true,"valueName":"search_term_string"}}],"inLanguage":"de"},{"@type":"Organization","@id":"https:\/\/bertrand.pl\/#organization","name":"Bertrand.pl","url":"https:\/\/bertrand.pl\/","logo":{"@type":"ImageObject","inLanguage":"de","@id":"https:\/\/bertrand.pl\/#\/schema\/logo\/image\/","url":"https:\/\/bertrand.pl\/wp-content\/uploads\/2024\/12\/logo_BB_TM_PL_black.png","contentUrl":"https:\/\/bertrand.pl\/wp-content\/uploads\/2024\/12\/logo_BB_TM_PL_black.png","width":1831,"height":1831,"caption":"Bertrand.pl"},"image":{"@id":"https:\/\/bertrand.pl\/#\/schema\/logo\/image\/"},"sameAs":["https:\/\/www.facebook.com\/bertrandpolska\/","https:\/\/www.instagram.com\/bertrand_okna_i_drzwi\/","https:\/\/www.linkedin.com\/company\/bertrand\/","https:\/\/www.tiktok.com\/@bertrand_okna_drzwi"]}]}},"_links":{"self":[{"href":"https:\/\/bertrand.pl\/de\/wp-json\/wp\/v2\/product\/5004","targetHints":{"allow":["GET"]}}],"collection":[{"href":"https:\/\/bertrand.pl\/de\/wp-json\/wp\/v2\/product"}],"about":[{"href":"https:\/\/bertrand.pl\/de\/wp-json\/wp\/v2\/types\/product"}],"wp:featuredmedia":[{"embeddable":true,"href":"https:\/\/bertrand.pl\/de\/wp-json\/wp\/v2\/media\/5008"}],"wp:attachment":[{"href":"https:\/\/bertrand.pl\/de\/wp-json\/wp\/v2\/media?parent=5004"}],"wp:term":[{"taxonomy":"product_brand","embeddable":true,"href":"https:\/\/bertrand.pl\/de\/wp-json\/wp\/v2\/product_brand?post=5004"},{"taxonomy":"product_cat","embeddable":true,"href":"https:\/\/bertrand.pl\/de\/wp-json\/wp\/v2\/product_cat?post=5004"},{"taxonomy":"product_tag","embeddable":true,"href":"https:\/\/bertrand.pl\/de\/wp-json\/wp\/v2\/product_tag?post=5004"}],"curies":[{"name":"wp","href":"https:\/\/api.w.org\/{rel}","templated":true}]}}