{"id":5020,"date":"2024-09-17T12:35:47","date_gmt":"2024-09-17T10:35:47","guid":{"rendered":"https:\/\/bertrand.pl\/?post_type=product&#038;p=5020"},"modified":"2025-07-14T15:43:38","modified_gmt":"2025-07-14T13:43:38","slug":"mb-86n-pivot","status":"publish","type":"product","link":"https:\/\/bertrand.pl\/de\/produkt\/mb-86n-pivot\/","title":{"rendered":"MB-86N Pivot"},"content":{"rendered":"<div class=\"site-container\">\n<div class=\"flex-shrink-0 flex flex-col relative items-end\">\n<div>\n<div class=\"pt-0\">\n<div class=\"gizmo-bot-avatar flex h-8 w-8 items-center justify-center overflow-hidden rounded-full\">\n<div class=\"relative p-1 rounded-sm flex items-center justify-center bg-token-main-surface-primary text-token-text-primary h-8 w-8\"><\/div>\n<\/div>\n<\/div>\n<\/div>\n<\/div>\n<div class=\"group\/conversation-turn relative flex w-full min-w-0 flex-col agent-turn\">\n<div class=\"flex-col gap-1 md:gap-3\">\n<div class=\"flex max-w-full flex-col flex-grow\">\n<div class=\"min-h-8 text-message flex w-full flex-col items-end gap-2 whitespace-normal break-words text-start [.text-message+&amp;]:mt-5\" dir=\"auto\" data-message-author-role=\"assistant\" data-message-id=\"6f363272-e015-4ff9-97b5-9b51d1002af7\" data-message-model-slug=\"gpt-4o\">\n<div class=\"flex w-full flex-col gap-1 empty:hidden first:pt-[3px]\">\n<div class=\"markdown prose w-full break-words dark:prose-invert light\">\n<p><strong>Drzwi zewn\u0119trzne MB-86N Pivot \u2013 nowoczesno\u015b\u0107 i funkcjonalno\u015b\u0107 w jednym<\/strong><\/p>\n<p>&nbsp;<\/p>\n<p>Drzwi Pivot to innowacyjne rozwi\u0105zanie, kt\u00f3re doskonale \u0142\u0105czy nowoczesny design z wysok\u0105 funkcjonalno\u015bci\u0105. Co wi\u0119cej, dzi\u0119ki mechanizmowi pivotowemu z przesuni\u0119t\u0105 osi\u0105 obrotu drzwi zapewniaj\u0105 ciche i p\u0142ynne dzia\u0142anie. Dodatkowo, ich wyj\u0105tkowe parametry techniczne, w tym izolacja termiczna na poziomie UD od 0,73 W\/m\u00b2K oraz doskona\u0142a izolacja akustyczna, sprawiaj\u0105, \u017ce idealnie pasuj\u0105 do wsp\u00f3\u0142czesnych projekt\u00f3w architektonicznych.<\/p>\n<p>&nbsp;<\/p>\n<h3>Kluczowe cechy drzwi MB-86N Pivot<\/h3>\n<p>&nbsp;<\/p>\n<ul>\n<li><strong>Wytrzyma\u0142e profile aluminiowe<\/strong> \u2013 wielokomorowa konstrukcja zapewnia trwa\u0142o\u015b\u0107 i odporno\u015b\u0107 na zmienne warunki atmosferyczne.<\/li>\n<li><strong>Doskona\u0142a izolacja termiczna i akustyczna<\/strong> \u2013 zastosowanie szk\u0142a zespolonego o grubo\u015bci do 60 mm zwi\u0119ksza komfort cieplny i redukuje ha\u0142as.<\/li>\n<li><strong>Trzy warianty termiczne<\/strong> \u2013 ST, SI i SI+ pozwalaj\u0105 na dopasowanie do indywidualnych wymaga\u0144 u\u017cytkownika.<\/li>\n<li><strong>Szczelno\u015b\u0107 i odporno\u015b\u0107 na wod\u0119<\/strong> \u2013 potwierdzona klas\u0105 3B, co gwarantuje niezawodno\u015b\u0107 w trudnych warunkach pogodowych.<\/li>\n<li><strong>Personalizacja kolorystyczna<\/strong> \u2013 szeroki wyb\u00f3r odcieni z palety RAL, w tym eleganckie wyko\u0144czenia drewnopodobne, umo\u017cliwia idealne dopasowanie do ka\u017cdego projektu.<\/li>\n<\/ul>\n<p>Dzi\u0119ki swojej innowacyjnej konstrukcji drzwi Pivot zapewniaj\u0105 zar\u00f3wno bezpiecze\u0144stwo, jak i wyj\u0105tkowy wygl\u0105d. Co wa\u017cne, wpisuj\u0105 si\u0119 one w aktualne trendy architektoniczne, \u0142\u0105cz\u0105c estetyk\u0119 z funkcjonalno\u015bci\u0105.<\/p>\n<\/div>\n<\/div>\n<\/div>\n<\/div>\n<\/div>\n<\/div>\n<div class=\"aluprof-product\">\n<div class=\"aluprof-product__tabs\">\n<div class=\"wrap\">\n<div class=\"tabs\">\n<div class=\"wrap\">\n<div class=\"hide-individual\">\n<p>&nbsp;<\/p>\n<\/div>\n<\/div>\n<\/div>\n<p><img fetchpriority=\"high\" decoding=\"async\" class=\"wp-image-5024 size-full\" src=\"https:\/\/bertrand.pl\/wp-content\/uploads\/2024\/09\/mb-86n_pivot_door.webp\" alt=\"MB-86N Pivot Door to \u015bwietny wyb\u00f3r do Twojego domu!\" width=\"530\" height=\"358\" srcset=\"https:\/\/bertrand.pl\/wp-content\/uploads\/2024\/09\/mb-86n_pivot_door.webp 530w, https:\/\/bertrand.pl\/wp-content\/uploads\/2024\/09\/mb-86n_pivot_door-420x284.webp 420w, https:\/\/bertrand.pl\/wp-content\/uploads\/2024\/09\/mb-86n_pivot_door-18x12.webp 18w\" sizes=\"(max-width: 530px) 100vw, 530px\" \/><\/p>\n<p>&nbsp;<\/p>\n<hr \/>\n<p>&nbsp;<\/p>\n<p>Zar\u00f3wno MB-86N, jak i MB-77HS to rozwi\u0105zania, kt\u00f3re wyr\u00f3\u017cniaj\u0105 si\u0119 nowoczesno\u015bci\u0105, trwa\u0142o\u015bci\u0105 i funkcjonalno\u015bci\u0105. Dzi\u0119ki zastosowaniu zaawansowanych technologii, wysokiej jako\u015bci materia\u0142\u00f3w oraz opcji personalizacji s\u0105 one doskona\u0142ym wyborem zar\u00f3wno dla architekt\u00f3w, jak i inwestor\u00f3w, kt\u00f3rzy poszukuj\u0105 drzwi spe\u0142niaj\u0105cych najwy\u017csze standardy estetyczne i techniczne.<\/p>\n<p>&nbsp;<\/p>\n<p><strong>ZOBACZ TAK\u017bE:<\/strong><\/p>\n<p><a href=\"https:\/\/bertrand.pl\/nietypowe-projekty-i-realizacje\/\">Nietypowe projekty i realizacje &#8211; Bertrand.pl<\/a><\/p>\n<p><a href=\"https:\/\/www.youtube.com\/watch?v=GeHHUW_9goA\">MB86 Fold Line &#8211; Folding Door System for Large Structures<\/a><\/p>\n<div class=\"tabs\">\n<div class=\"wrap\">\n<div class=\"hide-individual\">\n<p>&nbsp;<\/p>\n<\/div>\n<\/div>\n<\/div>\n<\/div>\n<\/div>\n<\/div>\n<p>&nbsp;<\/p>\n<\/div>\n","protected":false},"excerpt":{"rendered":"<p class=\"h2 ai-optimize-26\"><strong>Au\u00dfent\u00fcren mit verschobener Drehachse<\/strong><\/p>\n<p class=\"ai-optimize-27\">Die Au\u00dfent\u00fcr MB-86N Pivot Door ist eine hervorragende Barriere zum Schutz vor \u00e4u\u00dferen Einfl\u00fcssen. Aus hochwertigen Materialien gefertigt, bieten sie eine hervorragende W\u00e4rmed\u00e4mmung (UD ab 0,73 W\/m\u00b2K) und Schalld\u00e4mmung. Dank solider Mehrkammer-Aluminiumprofile, fortschrittlicher Dichtungen und bis zu 60 mm dickem Isolierglas verhindern diese T\u00fcren effektiv W\u00e4rmeverluste an kalten Tagen und begrenzen die Aufheizung des Innenraums im Sommer.<\/p>","protected":false},"featured_media":5022,"template":"","meta":{"site-sidebar-layout":"default","site-content-layout":"","ast-site-content-layout":"default","site-content-style":"default","site-sidebar-style":"default","ast-global-header-display":"","ast-banner-title-visibility":"","ast-main-header-display":"","ast-hfb-above-header-display":"","ast-hfb-below-header-display":"","ast-hfb-mobile-header-display":"","site-post-title":"","ast-breadcrumbs-content":"","ast-featured-img":"","footer-sml-layout":"","ast-disable-related-posts":"","theme-transparent-header-meta":"default","adv-header-id-meta":"","stick-header-meta":"","header-above-stick-meta":"","header-main-stick-meta":"","header-below-stick-meta":"","astra-migrate-meta-layouts":"set","ast-page-background-enabled":"default","ast-page-background-meta":{"desktop":{"background-color":"var(--ast-global-color-4)","background-image":"","background-repeat":"repeat","background-position":"center center","background-size":"auto","background-attachment":"scroll","background-type":"","background-media":"","overlay-type":"","overlay-color":"","overlay-opacity":"","overlay-gradient":""},"tablet":{"background-color":"","background-image":"","background-repeat":"repeat","background-position":"center center","background-size":"auto","background-attachment":"scroll","background-type":"","background-media":"","overlay-type":"","overlay-color":"","overlay-opacity":"","overlay-gradient":""},"mobile":{"background-color":"","background-image":"","background-repeat":"repeat","background-position":"center center","background-size":"auto","background-attachment":"scroll","background-type":"","background-media":"","overlay-type":"","overlay-color":"","overlay-opacity":"","overlay-gradient":""}},"ast-content-background-meta":{"desktop":{"background-color":"var(--ast-global-color-5)","background-image":"","background-repeat":"repeat","background-position":"center center","background-size":"auto","background-attachment":"scroll","background-type":"","background-media":"","overlay-type":"","overlay-color":"","overlay-opacity":"","overlay-gradient":""},"tablet":{"background-color":"var(--ast-global-color-5)","background-image":"","background-repeat":"repeat","background-position":"center center","background-size":"auto","background-attachment":"scroll","background-type":"","background-media":"","overlay-type":"","overlay-color":"","overlay-opacity":"","overlay-gradient":""},"mobile":{"background-color":"var(--ast-global-color-5)","background-image":"","background-repeat":"repeat","background-position":"center center","background-size":"auto","background-attachment":"scroll","background-type":"","background-media":"","overlay-type":"","overlay-color":"","overlay-opacity":"","overlay-gradient":""}}},"product_brand":[],"product_cat":[40],"product_tag":[193,1000,168,717,360,998,989,739,990,334,458,453,389,405,366,1003,731,738,741,1002,997,740,742,744,999,1001,729,743],"class_list":{"0":"post-5020","1":"product","2":"type-product","3":"status-publish","4":"has-post-thumbnail","6":"product_cat-drzwi-pivot","7":"product_tag-aluminium","8":"product_tag-antywlamaniowe-drzwi","9":"product_tag-bertrand","10":"product_tag-bertrand-okna-i-drzwi","11":"product_tag-bezpieczenstwo","12":"product_tag-drzwi-narozne","13":"product_tag-drzwi-o-duzych-wymiarach","14":"product_tag-drzwi-obrotowe","15":"product_tag-drzwi-przesuwne-aluminiowe","16":"product_tag-drzwi-tarasowe","17":"product_tag-drzwi-zewnetrzne","18":"product_tag-energooszczednosc","19":"product_tag-izolacja-akustyczna","20":"product_tag-izolacja-termiczna","21":"product_tag-komfort","22":"product_tag-kompatybilnosc-z-mb-86","23":"product_tag-mb-77hs","24":"product_tag-mb-86n-pivot-door","25":"product_tag-mechanizm-pivotowy","26":"product_tag-naped-hs-e-power","27":"product_tag-niskie-progi","28":"product_tag-nowoczesny-design","29":"product_tag-paleta-ral","30":"product_tag-szczelnosc-powietrzna","31":"product_tag-szklenie-dwukomorowe","32":"product_tag-uszczelki-przyszybowe","33":"product_tag-waski-slupek","34":"product_tag-wodoszczelnosc","35":"desktop-align-left","36":"tablet-align-left","37":"mobile-align-left","39":"first","40":"instock","41":"shipping-taxable","42":"product-type-simple"},"yoast_head":"<!-- This site is optimized with the Yoast SEO Premium plugin v27.2 (Yoast SEO v27.2) - https:\/\/yoast.com\/product\/yoast-seo-premium-wordpress\/ -->\n<title>MB-86N Pivot \u2013 drzwi, kt\u00f3re robi\u0105 wra\u017cenie<\/title>\n<meta name=\"description\" content=\"Drzwi MB-86N Pivot s\u0105 wykonane z wysokiej jako\u015bci materia\u0142\u00f3w, zapewniaj\u0105c znakomit\u0105 izolacj\u0119 termiczn\u0105. To \u015bwietny wyb\u00f3r do Twojego domu!\" \/>\n<meta name=\"robots\" content=\"index, follow, max-snippet:-1, max-image-preview:large, max-video-preview:-1\" \/>\n<link rel=\"canonical\" href=\"https:\/\/bertrand.pl\/de\/produkt\/mb-86n-pivot\/\" \/>\n<meta property=\"og:locale\" content=\"de_DE\" \/>\n<meta property=\"og:type\" content=\"article\" \/>\n<meta property=\"og:title\" content=\"MB-86N Pivot\" \/>\n<meta property=\"og:description\" content=\"Drzwi MB-86N Pivot s\u0105 wykonane z wysokiej jako\u015bci materia\u0142\u00f3w, zapewniaj\u0105c znakomit\u0105 izolacj\u0119 termiczn\u0105. To \u015bwietny wyb\u00f3r do Twojego domu!\" \/>\n<meta property=\"og:url\" content=\"https:\/\/bertrand.pl\/de\/produkt\/mb-86n-pivot\/\" \/>\n<meta property=\"og:site_name\" content=\"Bertrand. Najwy\u017cszej jako\u015bci okna i drzwi. Certyfikowany producent od 1969 roku.\" \/>\n<meta property=\"article:publisher\" content=\"https:\/\/www.facebook.com\/bertrandpolska\/\" \/>\n<meta property=\"article:modified_time\" content=\"2025-07-14T13:43:38+00:00\" \/>\n<meta property=\"og:image\" content=\"https:\/\/bertrand.pl\/wp-content\/uploads\/2024\/09\/KF-00138_Wizualizacja_MB-86_PIVOT_002-1.webp\" \/>\n\t<meta property=\"og:image:width\" content=\"1679\" \/>\n\t<meta property=\"og:image:height\" content=\"1200\" \/>\n\t<meta property=\"og:image:type\" content=\"image\/webp\" \/>\n<meta name=\"twitter:card\" content=\"summary_large_image\" \/>\n<meta name=\"twitter:label1\" content=\"Gesch\u00e4tzte Lesezeit\" \/>\n\t<meta name=\"twitter:data1\" content=\"2\u00a0Minuten\" \/>\n<script type=\"application\/ld+json\" class=\"yoast-schema-graph\">{\"@context\":\"https:\/\/schema.org\",\"@graph\":[{\"@type\":\"WebPage\",\"@id\":\"https:\/\/bertrand.pl\/produkt\/mb-86n-pivot\/\",\"url\":\"https:\/\/bertrand.pl\/produkt\/mb-86n-pivot\/\",\"name\":\"MB-86N Pivot \u2013 drzwi, kt\u00f3re robi\u0105 wra\u017cenie\",\"isPartOf\":{\"@id\":\"https:\/\/bertrand.pl\/#website\"},\"primaryImageOfPage\":{\"@id\":\"https:\/\/bertrand.pl\/produkt\/mb-86n-pivot\/#primaryimage\"},\"image\":{\"@id\":\"https:\/\/bertrand.pl\/produkt\/mb-86n-pivot\/#primaryimage\"},\"thumbnailUrl\":\"https:\/\/bertrand.pl\/wp-content\/uploads\/2024\/09\/KF-00138_Wizualizacja_MB-86_PIVOT_002-1.webp\",\"datePublished\":\"2024-09-17T10:35:47+00:00\",\"dateModified\":\"2025-07-14T13:43:38+00:00\",\"description\":\"Drzwi MB-86N Pivot s\u0105 wykonane z wysokiej jako\u015bci materia\u0142\u00f3w, zapewniaj\u0105c znakomit\u0105 izolacj\u0119 termiczn\u0105. To \u015bwietny wyb\u00f3r do Twojego domu!\",\"breadcrumb\":{\"@id\":\"https:\/\/bertrand.pl\/produkt\/mb-86n-pivot\/#breadcrumb\"},\"inLanguage\":\"de\",\"potentialAction\":[{\"@type\":\"ReadAction\",\"target\":[\"https:\/\/bertrand.pl\/produkt\/mb-86n-pivot\/\"]}]},{\"@type\":\"ImageObject\",\"inLanguage\":\"de\",\"@id\":\"https:\/\/bertrand.pl\/produkt\/mb-86n-pivot\/#primaryimage\",\"url\":\"https:\/\/bertrand.pl\/wp-content\/uploads\/2024\/09\/KF-00138_Wizualizacja_MB-86_PIVOT_002-1.webp\",\"contentUrl\":\"https:\/\/bertrand.pl\/wp-content\/uploads\/2024\/09\/KF-00138_Wizualizacja_MB-86_PIVOT_002-1.webp\",\"width\":1679,\"height\":1200},{\"@type\":\"BreadcrumbList\",\"@id\":\"https:\/\/bertrand.pl\/produkt\/mb-86n-pivot\/#breadcrumb\",\"itemListElement\":[{\"@type\":\"ListItem\",\"position\":1,\"name\":\"Strona g\u0142\u00f3wna\",\"item\":\"https:\/\/bertrand.pl\/\"},{\"@type\":\"ListItem\",\"position\":2,\"name\":\"Produits\",\"item\":\"https:\/\/bertrand.pl\/fr\/shop\/\"},{\"@type\":\"ListItem\",\"position\":3,\"name\":\"MB-86N Pivot\"}]},{\"@type\":\"WebSite\",\"@id\":\"https:\/\/bertrand.pl\/#website\",\"url\":\"https:\/\/bertrand.pl\/\",\"name\":\"Bertrand.pl\",\"description\":\"Firma Bertrand to certyfikowany i uznany producent najwy\u017cszej jako\u015bci okien z PVC, z drewna lub aluminium. Produkcja drzwi, rolet i bram gara\u017cowych.\",\"publisher\":{\"@id\":\"https:\/\/bertrand.pl\/#organization\"},\"potentialAction\":[{\"@type\":\"SearchAction\",\"target\":{\"@type\":\"EntryPoint\",\"urlTemplate\":\"https:\/\/bertrand.pl\/?s={search_term_string}\"},\"query-input\":{\"@type\":\"PropertyValueSpecification\",\"valueRequired\":true,\"valueName\":\"search_term_string\"}}],\"inLanguage\":\"de\"},{\"@type\":\"Organization\",\"@id\":\"https:\/\/bertrand.pl\/#organization\",\"name\":\"Bertrand.pl\",\"url\":\"https:\/\/bertrand.pl\/\",\"logo\":{\"@type\":\"ImageObject\",\"inLanguage\":\"de\",\"@id\":\"https:\/\/bertrand.pl\/#\/schema\/logo\/image\/\",\"url\":\"https:\/\/bertrand.pl\/wp-content\/uploads\/2024\/12\/logo_BB_TM_PL_black.png\",\"contentUrl\":\"https:\/\/bertrand.pl\/wp-content\/uploads\/2024\/12\/logo_BB_TM_PL_black.png\",\"width\":1831,\"height\":1831,\"caption\":\"Bertrand.pl\"},\"image\":{\"@id\":\"https:\/\/bertrand.pl\/#\/schema\/logo\/image\/\"},\"sameAs\":[\"https:\/\/www.facebook.com\/bertrandpolska\/\",\"https:\/\/www.instagram.com\/bertrand_okna_i_drzwi\/\",\"https:\/\/www.linkedin.com\/company\/bertrand\/\",\"https:\/\/www.tiktok.com\/@bertrand_okna_drzwi\"]}]}<\/script>\n<!-- \/ Yoast SEO Premium plugin. -->","yoast_head_json":{"title":"MB-86N Pivot \u2013 drzwi, kt\u00f3re robi\u0105 wra\u017cenie","description":"Die MB-86N Pivot-T\u00fcren bestehen aus hochwertigen Materialien und gew\u00e4hrleisten eine hervorragende W\u00e4rmed\u00e4mmung. Dies ist eine gro\u00dfartige Wahl f\u00fcr Ihr Zuhause!","robots":{"index":"index","follow":"follow","max-snippet":"max-snippet:-1","max-image-preview":"max-image-preview:large","max-video-preview":"max-video-preview:-1"},"canonical":"https:\/\/bertrand.pl\/de\/produkt\/mb-86n-pivot\/","og_locale":"de_DE","og_type":"article","og_title":"MB-86N Pivot","og_description":"Drzwi MB-86N Pivot s\u0105 wykonane z wysokiej jako\u015bci materia\u0142\u00f3w, zapewniaj\u0105c znakomit\u0105 izolacj\u0119 termiczn\u0105. To \u015bwietny wyb\u00f3r do Twojego domu!","og_url":"https:\/\/bertrand.pl\/de\/produkt\/mb-86n-pivot\/","og_site_name":"Bertrand. Najwy\u017cszej jako\u015bci okna i drzwi. Certyfikowany producent od 1969 roku.","article_publisher":"https:\/\/www.facebook.com\/bertrandpolska\/","article_modified_time":"2025-07-14T13:43:38+00:00","og_image":[{"width":1679,"height":1200,"url":"https:\/\/bertrand.pl\/wp-content\/uploads\/2024\/09\/KF-00138_Wizualizacja_MB-86_PIVOT_002-1.webp","type":"image\/webp"}],"twitter_card":"summary_large_image","twitter_misc":{"Gesch\u00e4tzte Lesezeit":"2\u00a0Minuten"},"schema":{"@context":"https:\/\/schema.org","@graph":[{"@type":"WebPage","@id":"https:\/\/bertrand.pl\/produkt\/mb-86n-pivot\/","url":"https:\/\/bertrand.pl\/produkt\/mb-86n-pivot\/","name":"MB-86N Pivot \u2013 drzwi, kt\u00f3re robi\u0105 wra\u017cenie","isPartOf":{"@id":"https:\/\/bertrand.pl\/#website"},"primaryImageOfPage":{"@id":"https:\/\/bertrand.pl\/produkt\/mb-86n-pivot\/#primaryimage"},"image":{"@id":"https:\/\/bertrand.pl\/produkt\/mb-86n-pivot\/#primaryimage"},"thumbnailUrl":"https:\/\/bertrand.pl\/wp-content\/uploads\/2024\/09\/KF-00138_Wizualizacja_MB-86_PIVOT_002-1.webp","datePublished":"2024-09-17T10:35:47+00:00","dateModified":"2025-07-14T13:43:38+00:00","description":"Die MB-86N Pivot-T\u00fcren bestehen aus hochwertigen Materialien und gew\u00e4hrleisten eine hervorragende W\u00e4rmed\u00e4mmung. Dies ist eine gro\u00dfartige Wahl f\u00fcr Ihr Zuhause!","breadcrumb":{"@id":"https:\/\/bertrand.pl\/produkt\/mb-86n-pivot\/#breadcrumb"},"inLanguage":"de","potentialAction":[{"@type":"ReadAction","target":["https:\/\/bertrand.pl\/produkt\/mb-86n-pivot\/"]}]},{"@type":"ImageObject","inLanguage":"de","@id":"https:\/\/bertrand.pl\/produkt\/mb-86n-pivot\/#primaryimage","url":"https:\/\/bertrand.pl\/wp-content\/uploads\/2024\/09\/KF-00138_Wizualizacja_MB-86_PIVOT_002-1.webp","contentUrl":"https:\/\/bertrand.pl\/wp-content\/uploads\/2024\/09\/KF-00138_Wizualizacja_MB-86_PIVOT_002-1.webp","width":1679,"height":1200},{"@type":"BreadcrumbList","@id":"https:\/\/bertrand.pl\/produkt\/mb-86n-pivot\/#breadcrumb","itemListElement":[{"@type":"ListItem","position":1,"name":"Strona g\u0142\u00f3wna","item":"https:\/\/bertrand.pl\/"},{"@type":"ListItem","position":2,"name":"Produits","item":"https:\/\/bertrand.pl\/fr\/shop\/"},{"@type":"ListItem","position":3,"name":"MB-86N Pivot"}]},{"@type":"WebSite","@id":"https:\/\/bertrand.pl\/#website","url":"https:\/\/bertrand.pl\/","name":"Bertrand.pl","description":"Firma Bertrand to certyfikowany i uznany producent najwy\u017cszej jako\u015bci okien z PVC, z drewna lub aluminium. Produkcja drzwi, rolet i bram gara\u017cowych.","publisher":{"@id":"https:\/\/bertrand.pl\/#organization"},"potentialAction":[{"@type":"SearchAction","target":{"@type":"EntryPoint","urlTemplate":"https:\/\/bertrand.pl\/?s={search_term_string}"},"query-input":{"@type":"PropertyValueSpecification","valueRequired":true,"valueName":"search_term_string"}}],"inLanguage":"de"},{"@type":"Organization","@id":"https:\/\/bertrand.pl\/#organization","name":"Bertrand.pl","url":"https:\/\/bertrand.pl\/","logo":{"@type":"ImageObject","inLanguage":"de","@id":"https:\/\/bertrand.pl\/#\/schema\/logo\/image\/","url":"https:\/\/bertrand.pl\/wp-content\/uploads\/2024\/12\/logo_BB_TM_PL_black.png","contentUrl":"https:\/\/bertrand.pl\/wp-content\/uploads\/2024\/12\/logo_BB_TM_PL_black.png","width":1831,"height":1831,"caption":"Bertrand.pl"},"image":{"@id":"https:\/\/bertrand.pl\/#\/schema\/logo\/image\/"},"sameAs":["https:\/\/www.facebook.com\/bertrandpolska\/","https:\/\/www.instagram.com\/bertrand_okna_i_drzwi\/","https:\/\/www.linkedin.com\/company\/bertrand\/","https:\/\/www.tiktok.com\/@bertrand_okna_drzwi"]}]}},"_links":{"self":[{"href":"https:\/\/bertrand.pl\/de\/wp-json\/wp\/v2\/product\/5020","targetHints":{"allow":["GET"]}}],"collection":[{"href":"https:\/\/bertrand.pl\/de\/wp-json\/wp\/v2\/product"}],"about":[{"href":"https:\/\/bertrand.pl\/de\/wp-json\/wp\/v2\/types\/product"}],"wp:featuredmedia":[{"embeddable":true,"href":"https:\/\/bertrand.pl\/de\/wp-json\/wp\/v2\/media\/5022"}],"wp:attachment":[{"href":"https:\/\/bertrand.pl\/de\/wp-json\/wp\/v2\/media?parent=5020"}],"wp:term":[{"taxonomy":"product_brand","embeddable":true,"href":"https:\/\/bertrand.pl\/de\/wp-json\/wp\/v2\/product_brand?post=5020"},{"taxonomy":"product_cat","embeddable":true,"href":"https:\/\/bertrand.pl\/de\/wp-json\/wp\/v2\/product_cat?post=5020"},{"taxonomy":"product_tag","embeddable":true,"href":"https:\/\/bertrand.pl\/de\/wp-json\/wp\/v2\/product_tag?post=5020"}],"curies":[{"name":"wp","href":"https:\/\/api.w.org\/{rel}","templated":true}]}}