{"id":5081,"date":"2024-09-17T13:25:51","date_gmt":"2024-09-17T11:25:51","guid":{"rendered":"https:\/\/bertrand.pl\/?post_type=product&#038;p=5081"},"modified":"2025-07-14T15:18:42","modified_gmt":"2025-07-14T13:18:42","slug":"mb-59hs","status":"publish","type":"product","link":"https:\/\/bertrand.pl\/de\/produkt\/mb-59hs\/","title":{"rendered":"MB-59HS"},"content":{"rendered":"<h3>Schiebet\u00fcren MB-59HS \u2013 eine moderne L\u00f6sung f\u00fcr Ihr Zuhause<\/h3>\n<p>&nbsp;<\/p>\n<p>Schiebet\u00fcren <strong>MB-59HS<\/strong> ist ein fortschrittliches Hebe-Schiebet\u00fcrsystem aus Aluminium, das sich perfekt f\u00fcr Einfamilienh\u00e4user eignet. Durch den Einsatz innovativer Technologien und hochwertiger Materialien vereint dieses System Eleganz mit Funktionalit\u00e4t. Dar\u00fcber hinaus zeichnet sich MB-59HS durch eine au\u00dfergew\u00f6hnliche W\u00e4rmed\u00e4mmung aus, was es zu einer hervorragenden Wahl f\u00fcr energieeffiziente Geb\u00e4ude macht.<\/p>\n<p>&nbsp;<\/p>\n<h3>Hauptmerkmale des MB-59HS-Systems<\/h3>\n<p>&nbsp;<\/p>\n<p>T\u00fcren <strong>MB-59HS<\/strong> Sie bieten beeindruckende Fl\u00fcgelabmessungen, die eine H\u00f6he von bis zu 2,8 m und eine Breite von bis zu 3,3 m erreichen k\u00f6nnen. Das maximale Fl\u00fcgelgewicht betr\u00e4gt bis zu 300 kg, was den Einsatz gro\u00dfer Verglasungen erm\u00f6glicht und so mehr Licht in den Innenraum l\u00e4sst . Dadurch werden die Innenr\u00e4ume hell und ger\u00e4umig, was sich positiv auf den Nutzungskomfort auswirkt.<\/p>\n<p>Das System basiert auf Dreikammer-Aluminiumprofilen, die schlank, langlebig und zus\u00e4tzlich mit Isolierkammern und breiten thermischen Trennungen ausgestattet sind. T\u00fcrzargen in zwei- und dreischieneniger Ausf\u00fchrung erm\u00f6glichen die Gestaltung \u00e4sthetischer und funktionaler Verglasungen mit gro\u00dfer Durchgangsfl\u00e4che.<\/p>\n<p>&nbsp;<\/p>\n<h3>Au\u00dfergew\u00f6hnliche Isolierung und Dichtheit<\/h3>\n<p>&nbsp;<\/p>\n<p>Schiebet\u00fcren <strong>MB-59HS<\/strong> bieten dank der Verwendung von thermischen Trennungen und Polyethyleneins\u00e4tzen eine hervorragende W\u00e4rmed\u00e4mmung. Dar\u00fcber hinaus gew\u00e4hrleisten spezielle Dichtungen und moderne Armaturen die Wasser- und Luftdichtheit, was bei wechselnden Wetterbedingungen \u00e4u\u00dferst wichtig ist.<\/p>\n<p>Das System erm\u00f6glicht die Verwendung von Verglasungen mit einer Dicke von bis zu 42 mm, was eine flexible Glasauswahl mit verschiedenen Parametern erm\u00f6glicht. Insbesondere bei kostenoptimierten Projekten sind Festquartiere im T\u00fcrrahmen eine wirtschaftliche und \u00e4sthetische L\u00f6sung.<\/p>\n<p>&nbsp;<\/p>\n<h3>Bedienkomfort und Vielseitigkeit<\/h3>\n<p>&nbsp;<\/p>\n<p>Dar\u00fcber hinaus zeichnen sich die MB-59HS-T\u00fcren durch einen au\u00dfergew\u00f6hnlich hohen Bedienkomfort aus. Die niedrige Schwelle erleichtert den Durchgang erheblich, was besonders f\u00fcr \u00e4ltere und behinderte Menschen wichtig ist. Dar\u00fcber hinaus ist das System durch die Universalit\u00e4t der Beschl\u00e4ge mit den meisten verf\u00fcgbaren Hebe-Schiebe-Beschl\u00e4gen kompatibel.<\/p>\n<p>System <strong>MB-59HS<\/strong> kann sowohl in Einzelbebauungen als auch in Bauwerken wie Pfosten-Riegel-Fassaden oder Winterg\u00e4rten eingesetzt werden. Dank einfacher Fertigungstechnologie reduziert das System Produktionszeit und -kosten, was seine Attraktivit\u00e4t weiter erh\u00f6ht.<\/p>\n<h3><\/h3>\n<p>Schiebet\u00fcren <strong>MB-59HS<\/strong> ist eine L\u00f6sung, die modernes Design, hervorragende W\u00e4rmed\u00e4mmung und Funktionalit\u00e4t vereint. Dank seiner Vielseitigkeit und hohen technischen Parameter eignet sich dieses System sowohl f\u00fcr Einfamilienh\u00e4user als auch f\u00fcr anspruchsvollere Architekturprojekte.<\/p>\n<p>&nbsp;<\/p>\n<figure id=\"attachment_5082\" aria-describedby=\"caption-attachment-5082\" style=\"width: 603px\" class=\"wp-caption alignnone\"><img fetchpriority=\"high\" decoding=\"async\" class=\"wp-image-5082\" src=\"https:\/\/bertrand.pl\/wp-content\/uploads\/2024\/09\/MB_59HS.webp\" alt=\"MB-59HS ist eine L\u00f6sung, die modernes Design, hervorragende W\u00e4rmed\u00e4mmung und Funktionalit\u00e4t vereint.\" width=\"603\" height=\"339\" srcset=\"https:\/\/bertrand.pl\/wp-content\/uploads\/2024\/09\/MB_59HS.webp 850w, https:\/\/bertrand.pl\/wp-content\/uploads\/2024\/09\/MB_59HS-420x236.webp 420w, https:\/\/bertrand.pl\/wp-content\/uploads\/2024\/09\/MB_59HS-768x432.webp 768w, https:\/\/bertrand.pl\/wp-content\/uploads\/2024\/09\/MB_59HS-18x10.webp 18w, https:\/\/bertrand.pl\/wp-content\/uploads\/2024\/09\/MB_59HS-600x337.webp 600w\" sizes=\"(max-width: 603px) 100vw, 603px\" \/><figcaption id=\"caption-attachment-5082\" class=\"wp-caption-text\">MB-59HS<\/figcaption><\/figure>\n<p>&nbsp;<\/p>\n<p><strong>Systemvorteile:<\/strong><\/p>\n<ul>\n<li><strong>Beeindruckende Dimensionen der Fl\u00fcgel<\/strong> \u2013 H\u00f6he bis 2,8 m, Breite bis 3,3 m, maximales Fl\u00fcgelgewicht 300 kg.<\/li>\n<li><strong>Dreikammer-Aluminiumprofile<\/strong> \u2013 schlank, langlebig, mit Isolierkammer und breiten thermischen Trennungen.<\/li>\n<li><strong>2- und 3-l\u00e4ufige T\u00fcrzargen<\/strong> \u2013 eine breite Durchgangs\u00f6ffnung vorsehen.<\/li>\n<li><strong>Verglasung bis 42 mm<\/strong> \u2013 flexible Glasauswahl mit verschiedenen Parametern.<\/li>\n<li><strong>Permanente F\u00e4cher im T\u00fcrrahmen<\/strong> \u2013 wirtschaftliche und \u00e4sthetische L\u00f6sung.<\/li>\n<li><strong>W\u00e4rmed\u00e4mmung<\/strong> \u2013 Niedriger Uf-Koeffizient dank thermischer Trennung und Polyethyleneins\u00e4tzen.<\/li>\n<li><strong>Wasser- und Luftdichtheit<\/strong> \u2013 gew\u00e4hrleistet durch spezielle Dichtungen und Armaturen.<\/li>\n<li><strong>Universelle Armaturen<\/strong> \u2013 Kompatibilit\u00e4t mit den meisten Hebe-Schiebe-Beschl\u00e4gen.<\/li>\n<li><strong>Niedrige Schwelle<\/strong> \u2013 Bequemlichkeit f\u00fcr \u00e4ltere und behinderte Menschen.<\/li>\n<li><strong>Vielseitige Montage<\/strong> \u2013 f\u00fcr individuelle Bebauung, Pfosten-Riegel-Fassaden, Winterg\u00e4rten.<\/li>\n<li style=\"text-align: left;\"><strong>Einfache Fertigungstechnologie<\/strong> \u2013 Reduzierung der Produktionszeit und -kosten.<br \/>\n<h4><\/h4>\n<h4><strong>SEHEN SIE AUCH:\u00a0<\/strong><\/h4>\n<\/li>\n<\/ul>\n<p><a href=\"https:\/\/www.youtube.com\/watch?v=trEB1Duys_M\">Ferroline \u2013 Zeitlose \u00c4sthetik, moderne Leistung<\/a><\/p>\n<p><a href=\"https:\/\/bertrand.pl\/de\/fenster-fur-ihr-zuhause\/\">So w\u00e4hlen Sie die richtigen Fenster f\u00fcr Ihr Zuhause aus \u2013 Bertrand.pl<\/a><\/p>","protected":false},"excerpt":{"rendered":"<p class=\"h2\"><strong>HEBE- UND SCHIEBET\u00dcRSYSTEM<\/strong><\/p>\n<p>Die Aluminium-Hebe-Schiebet\u00fcren MB-59HS sind eine hervorragende Wahl f\u00fcr Einfamilienh\u00e4user. Dieses System gew\u00e4hrleistet dank breiter thermischer Trennungen, Polyethyleneinlagen und gekammerten Kunststoffprofilen in W\u00e4rmed\u00e4mmstreifen einen niedrigen W\u00e4rme\u00fcbergangskoeffizienten. Moderne Beschl\u00e4ge und speziell entwickelte Dichtungen sorgen daf\u00fcr, dass der Fl\u00fcgel in der letzten Schlie\u00dfphase sanft auf den Rahmen f\u00e4llt, was eine hervorragende Wasser- und Luftdichtheit garantiert.<\/p>","protected":false},"featured_media":5083,"template":"","meta":{"site-sidebar-layout":"default","site-content-layout":"","ast-site-content-layout":"default","site-content-style":"default","site-sidebar-style":"default","ast-global-header-display":"","ast-banner-title-visibility":"","ast-main-header-display":"","ast-hfb-above-header-display":"","ast-hfb-below-header-display":"","ast-hfb-mobile-header-display":"","site-post-title":"","ast-breadcrumbs-content":"","ast-featured-img":"","footer-sml-layout":"","ast-disable-related-posts":"","theme-transparent-header-meta":"default","adv-header-id-meta":"","stick-header-meta":"","header-above-stick-meta":"","header-main-stick-meta":"","header-below-stick-meta":"","astra-migrate-meta-layouts":"set","ast-page-background-enabled":"default","ast-page-background-meta":{"desktop":{"background-color":"var(--ast-global-color-4)","background-image":"","background-repeat":"repeat","background-position":"center center","background-size":"auto","background-attachment":"scroll","background-type":"","background-media":"","overlay-type":"","overlay-color":"","overlay-opacity":"","overlay-gradient":""},"tablet":{"background-color":"","background-image":"","background-repeat":"repeat","background-position":"center center","background-size":"auto","background-attachment":"scroll","background-type":"","background-media":"","overlay-type":"","overlay-color":"","overlay-opacity":"","overlay-gradient":""},"mobile":{"background-color":"","background-image":"","background-repeat":"repeat","background-position":"center center","background-size":"auto","background-attachment":"scroll","background-type":"","background-media":"","overlay-type":"","overlay-color":"","overlay-opacity":"","overlay-gradient":""}},"ast-content-background-meta":{"desktop":{"background-color":"var(--ast-global-color-5)","background-image":"","background-repeat":"repeat","background-position":"center center","background-size":"auto","background-attachment":"scroll","background-type":"","background-media":"","overlay-type":"","overlay-color":"","overlay-opacity":"","overlay-gradient":""},"tablet":{"background-color":"var(--ast-global-color-5)","background-image":"","background-repeat":"repeat","background-position":"center center","background-size":"auto","background-attachment":"scroll","background-type":"","background-media":"","overlay-type":"","overlay-color":"","overlay-opacity":"","overlay-gradient":""},"mobile":{"background-color":"var(--ast-global-color-5)","background-image":"","background-repeat":"repeat","background-position":"center center","background-size":"auto","background-attachment":"scroll","background-type":"","background-media":"","overlay-type":"","overlay-color":"","overlay-opacity":"","overlay-gradient":""}}},"product_brand":[],"product_cat":[18],"product_tag":[349,168,717,360,995,984,333,990,749,661,405,366,751,745,996,700,750,994,748,746,992,744,747,993,991],"class_list":{"0":"post-5081","1":"product","2":"type-product","3":"status-publish","4":"has-post-thumbnail","6":"product_cat-systemy-tarasowe","7":"product_tag-aluprof","8":"product_tag-bertrand","9":"product_tag-bertrand-okna-i-drzwi","10":"product_tag-bezpieczenstwo","11":"product_tag-drzwi-do-ogrodow-zimowych","12":"product_tag-drzwi-panoramiczne","13":"product_tag-drzwi-przesuwne","14":"product_tag-drzwi-przesuwne-aluminiowe","15":"product_tag-duze-skrzydla-drzwi","16":"product_tag-estetyka","17":"product_tag-izolacja-termiczna","18":"product_tag-komfort","19":"product_tag-kompatybilnosc","20":"product_tag-mb-59hs","21":"product_tag-montaz-w-fasadach","22":"product_tag-niski-prog","23":"product_tag-nowoczesne-okucia","24":"product_tag-okucia-podnoszono-przesuwne","25":"product_tag-oscieznice-dwu-i-trzyszynowe","26":"product_tag-podnoszono-przesuwne","27":"product_tag-szczelnosc-na-wode-i-powietrze","28":"product_tag-szczelnosc-powietrzna","29":"product_tag-szczelnosc-wodna","30":"product_tag-szklenie-42-mm","31":"product_tag-trzykomorowe-profile","32":"desktop-align-left","33":"tablet-align-left","34":"mobile-align-left","36":"first","37":"instock","38":"shipping-taxable","39":"product-type-simple"},"yoast_head":"<!-- This site is optimized with the Yoast SEO Premium plugin v27.2 (Yoast SEO v27.2) - https:\/\/yoast.com\/product\/yoast-seo-premium-wordpress\/ -->\n<title>MB-59HS \u2013 energooszcz\u0119dne drzwi z klas\u0105<\/title>\n<meta name=\"description\" content=\"MB-59HS to doskona\u0142y wyb\u00f3r dla dom\u00f3w jednorodzinnych. Nowoczesne okucia oraz specjalnie zaprojektowane uszczelki gwarantuj\u0105 \u015bwietn\u0105 szczelno\u015b\u0107!\" \/>\n<meta name=\"robots\" content=\"index, follow, max-snippet:-1, max-image-preview:large, max-video-preview:-1\" \/>\n<link rel=\"canonical\" href=\"https:\/\/bertrand.pl\/de\/produkt\/mb-59hs\/\" \/>\n<meta property=\"og:locale\" content=\"de_DE\" \/>\n<meta property=\"og:type\" content=\"article\" \/>\n<meta property=\"og:title\" content=\"MB-59HS\" \/>\n<meta property=\"og:description\" content=\"MB-59HS to doskona\u0142y wyb\u00f3r dla dom\u00f3w jednorodzinnych. Nowoczesne okucia oraz specjalnie zaprojektowane uszczelki gwarantuj\u0105 \u015bwietn\u0105 szczelno\u015b\u0107!\" \/>\n<meta property=\"og:url\" content=\"https:\/\/bertrand.pl\/de\/produkt\/mb-59hs\/\" \/>\n<meta property=\"og:site_name\" content=\"Bertrand. Najwy\u017cszej jako\u015bci okna i drzwi. Certyfikowany producent od 1969 roku.\" \/>\n<meta property=\"article:publisher\" content=\"https:\/\/www.facebook.com\/bertrandpolska\/\" \/>\n<meta property=\"article:modified_time\" content=\"2025-07-14T13:18:42+00:00\" \/>\n<meta property=\"og:image\" content=\"https:\/\/bertrand.pl\/wp-content\/uploads\/2024\/09\/218_mb-59hs_waski_slupek_72dpi_logo.webp\" \/>\n\t<meta property=\"og:image:width\" content=\"1105\" \/>\n\t<meta property=\"og:image:height\" content=\"1000\" \/>\n\t<meta property=\"og:image:type\" content=\"image\/webp\" \/>\n<meta name=\"twitter:card\" content=\"summary_large_image\" \/>\n<meta name=\"twitter:label1\" content=\"Gesch\u00e4tzte Lesezeit\" \/>\n\t<meta name=\"twitter:data1\" content=\"4\u00a0Minuten\" \/>\n<script type=\"application\/ld+json\" class=\"yoast-schema-graph\">{\"@context\":\"https:\/\/schema.org\",\"@graph\":[{\"@type\":\"WebPage\",\"@id\":\"https:\/\/bertrand.pl\/produkt\/mb-59hs\/\",\"url\":\"https:\/\/bertrand.pl\/produkt\/mb-59hs\/\",\"name\":\"MB-59HS \u2013 energooszcz\u0119dne drzwi z klas\u0105\",\"isPartOf\":{\"@id\":\"https:\/\/bertrand.pl\/#website\"},\"primaryImageOfPage\":{\"@id\":\"https:\/\/bertrand.pl\/produkt\/mb-59hs\/#primaryimage\"},\"image\":{\"@id\":\"https:\/\/bertrand.pl\/produkt\/mb-59hs\/#primaryimage\"},\"thumbnailUrl\":\"https:\/\/bertrand.pl\/wp-content\/uploads\/2024\/09\/218_mb-59hs_waski_slupek_72dpi_logo.webp\",\"datePublished\":\"2024-09-17T11:25:51+00:00\",\"dateModified\":\"2025-07-14T13:18:42+00:00\",\"description\":\"MB-59HS to doskona\u0142y wyb\u00f3r dla dom\u00f3w jednorodzinnych. Nowoczesne okucia oraz specjalnie zaprojektowane uszczelki gwarantuj\u0105 \u015bwietn\u0105 szczelno\u015b\u0107!\",\"breadcrumb\":{\"@id\":\"https:\/\/bertrand.pl\/produkt\/mb-59hs\/#breadcrumb\"},\"inLanguage\":\"de\",\"potentialAction\":[{\"@type\":\"ReadAction\",\"target\":[\"https:\/\/bertrand.pl\/produkt\/mb-59hs\/\"]}]},{\"@type\":\"ImageObject\",\"inLanguage\":\"de\",\"@id\":\"https:\/\/bertrand.pl\/produkt\/mb-59hs\/#primaryimage\",\"url\":\"https:\/\/bertrand.pl\/wp-content\/uploads\/2024\/09\/218_mb-59hs_waski_slupek_72dpi_logo.webp\",\"contentUrl\":\"https:\/\/bertrand.pl\/wp-content\/uploads\/2024\/09\/218_mb-59hs_waski_slupek_72dpi_logo.webp\",\"width\":1105,\"height\":1000},{\"@type\":\"BreadcrumbList\",\"@id\":\"https:\/\/bertrand.pl\/produkt\/mb-59hs\/#breadcrumb\",\"itemListElement\":[{\"@type\":\"ListItem\",\"position\":1,\"name\":\"Strona g\u0142\u00f3wna\",\"item\":\"https:\/\/bertrand.pl\/\"},{\"@type\":\"ListItem\",\"position\":2,\"name\":\"Produits\",\"item\":\"https:\/\/bertrand.pl\/fr\/shop\/\"},{\"@type\":\"ListItem\",\"position\":3,\"name\":\"MB-59HS\"}]},{\"@type\":\"WebSite\",\"@id\":\"https:\/\/bertrand.pl\/#website\",\"url\":\"https:\/\/bertrand.pl\/\",\"name\":\"Bertrand.pl\",\"description\":\"Firma Bertrand to certyfikowany i uznany producent najwy\u017cszej jako\u015bci okien z PVC, z drewna lub aluminium. Produkcja drzwi, rolet i bram gara\u017cowych.\",\"publisher\":{\"@id\":\"https:\/\/bertrand.pl\/#organization\"},\"potentialAction\":[{\"@type\":\"SearchAction\",\"target\":{\"@type\":\"EntryPoint\",\"urlTemplate\":\"https:\/\/bertrand.pl\/?s={search_term_string}\"},\"query-input\":{\"@type\":\"PropertyValueSpecification\",\"valueRequired\":true,\"valueName\":\"search_term_string\"}}],\"inLanguage\":\"de\"},{\"@type\":\"Organization\",\"@id\":\"https:\/\/bertrand.pl\/#organization\",\"name\":\"Bertrand.pl\",\"url\":\"https:\/\/bertrand.pl\/\",\"logo\":{\"@type\":\"ImageObject\",\"inLanguage\":\"de\",\"@id\":\"https:\/\/bertrand.pl\/#\/schema\/logo\/image\/\",\"url\":\"https:\/\/bertrand.pl\/wp-content\/uploads\/2024\/12\/logo_BB_TM_PL_black.png\",\"contentUrl\":\"https:\/\/bertrand.pl\/wp-content\/uploads\/2024\/12\/logo_BB_TM_PL_black.png\",\"width\":1831,\"height\":1831,\"caption\":\"Bertrand.pl\"},\"image\":{\"@id\":\"https:\/\/bertrand.pl\/#\/schema\/logo\/image\/\"},\"sameAs\":[\"https:\/\/www.facebook.com\/bertrandpolska\/\",\"https:\/\/www.instagram.com\/bertrand_okna_i_drzwi\/\",\"https:\/\/www.linkedin.com\/company\/bertrand\/\",\"https:\/\/www.tiktok.com\/@bertrand_okna_drzwi\"]}]}<\/script>\n<!-- \/ Yoast SEO Premium plugin. -->","yoast_head_json":{"title":"MB-59HS \u2013 energooszcz\u0119dne drzwi z klas\u0105","description":"MB-59HS ist eine ausgezeichnete Wahl f\u00fcr Einfamilienh\u00e4user. Moderne Armaturen und speziell entwickelte Dichtungen garantieren eine hervorragende Dichtheit!","robots":{"index":"index","follow":"follow","max-snippet":"max-snippet:-1","max-image-preview":"max-image-preview:large","max-video-preview":"max-video-preview:-1"},"canonical":"https:\/\/bertrand.pl\/de\/produkt\/mb-59hs\/","og_locale":"de_DE","og_type":"article","og_title":"MB-59HS","og_description":"MB-59HS to doskona\u0142y wyb\u00f3r dla dom\u00f3w jednorodzinnych. Nowoczesne okucia oraz specjalnie zaprojektowane uszczelki gwarantuj\u0105 \u015bwietn\u0105 szczelno\u015b\u0107!","og_url":"https:\/\/bertrand.pl\/de\/produkt\/mb-59hs\/","og_site_name":"Bertrand. Najwy\u017cszej jako\u015bci okna i drzwi. Certyfikowany producent od 1969 roku.","article_publisher":"https:\/\/www.facebook.com\/bertrandpolska\/","article_modified_time":"2025-07-14T13:18:42+00:00","og_image":[{"width":1105,"height":1000,"url":"https:\/\/bertrand.pl\/wp-content\/uploads\/2024\/09\/218_mb-59hs_waski_slupek_72dpi_logo.webp","type":"image\/webp"}],"twitter_card":"summary_large_image","twitter_misc":{"Gesch\u00e4tzte Lesezeit":"4\u00a0Minuten"},"schema":{"@context":"https:\/\/schema.org","@graph":[{"@type":"WebPage","@id":"https:\/\/bertrand.pl\/produkt\/mb-59hs\/","url":"https:\/\/bertrand.pl\/produkt\/mb-59hs\/","name":"MB-59HS \u2013 energooszcz\u0119dne drzwi z klas\u0105","isPartOf":{"@id":"https:\/\/bertrand.pl\/#website"},"primaryImageOfPage":{"@id":"https:\/\/bertrand.pl\/produkt\/mb-59hs\/#primaryimage"},"image":{"@id":"https:\/\/bertrand.pl\/produkt\/mb-59hs\/#primaryimage"},"thumbnailUrl":"https:\/\/bertrand.pl\/wp-content\/uploads\/2024\/09\/218_mb-59hs_waski_slupek_72dpi_logo.webp","datePublished":"2024-09-17T11:25:51+00:00","dateModified":"2025-07-14T13:18:42+00:00","description":"MB-59HS ist eine ausgezeichnete Wahl f\u00fcr Einfamilienh\u00e4user. Moderne Armaturen und speziell entwickelte Dichtungen garantieren eine hervorragende Dichtheit!","breadcrumb":{"@id":"https:\/\/bertrand.pl\/produkt\/mb-59hs\/#breadcrumb"},"inLanguage":"de","potentialAction":[{"@type":"ReadAction","target":["https:\/\/bertrand.pl\/produkt\/mb-59hs\/"]}]},{"@type":"ImageObject","inLanguage":"de","@id":"https:\/\/bertrand.pl\/produkt\/mb-59hs\/#primaryimage","url":"https:\/\/bertrand.pl\/wp-content\/uploads\/2024\/09\/218_mb-59hs_waski_slupek_72dpi_logo.webp","contentUrl":"https:\/\/bertrand.pl\/wp-content\/uploads\/2024\/09\/218_mb-59hs_waski_slupek_72dpi_logo.webp","width":1105,"height":1000},{"@type":"BreadcrumbList","@id":"https:\/\/bertrand.pl\/produkt\/mb-59hs\/#breadcrumb","itemListElement":[{"@type":"ListItem","position":1,"name":"Strona g\u0142\u00f3wna","item":"https:\/\/bertrand.pl\/"},{"@type":"ListItem","position":2,"name":"Produits","item":"https:\/\/bertrand.pl\/fr\/shop\/"},{"@type":"ListItem","position":3,"name":"MB-59HS"}]},{"@type":"WebSite","@id":"https:\/\/bertrand.pl\/#website","url":"https:\/\/bertrand.pl\/","name":"Bertrand.pl","description":"Firma Bertrand to certyfikowany i uznany producent najwy\u017cszej jako\u015bci okien z PVC, z drewna lub aluminium. Produkcja drzwi, rolet i bram gara\u017cowych.","publisher":{"@id":"https:\/\/bertrand.pl\/#organization"},"potentialAction":[{"@type":"SearchAction","target":{"@type":"EntryPoint","urlTemplate":"https:\/\/bertrand.pl\/?s={search_term_string}"},"query-input":{"@type":"PropertyValueSpecification","valueRequired":true,"valueName":"search_term_string"}}],"inLanguage":"de"},{"@type":"Organization","@id":"https:\/\/bertrand.pl\/#organization","name":"Bertrand.pl","url":"https:\/\/bertrand.pl\/","logo":{"@type":"ImageObject","inLanguage":"de","@id":"https:\/\/bertrand.pl\/#\/schema\/logo\/image\/","url":"https:\/\/bertrand.pl\/wp-content\/uploads\/2024\/12\/logo_BB_TM_PL_black.png","contentUrl":"https:\/\/bertrand.pl\/wp-content\/uploads\/2024\/12\/logo_BB_TM_PL_black.png","width":1831,"height":1831,"caption":"Bertrand.pl"},"image":{"@id":"https:\/\/bertrand.pl\/#\/schema\/logo\/image\/"},"sameAs":["https:\/\/www.facebook.com\/bertrandpolska\/","https:\/\/www.instagram.com\/bertrand_okna_i_drzwi\/","https:\/\/www.linkedin.com\/company\/bertrand\/","https:\/\/www.tiktok.com\/@bertrand_okna_drzwi"]}]}},"_links":{"self":[{"href":"https:\/\/bertrand.pl\/de\/wp-json\/wp\/v2\/product\/5081","targetHints":{"allow":["GET"]}}],"collection":[{"href":"https:\/\/bertrand.pl\/de\/wp-json\/wp\/v2\/product"}],"about":[{"href":"https:\/\/bertrand.pl\/de\/wp-json\/wp\/v2\/types\/product"}],"wp:featuredmedia":[{"embeddable":true,"href":"https:\/\/bertrand.pl\/de\/wp-json\/wp\/v2\/media\/5083"}],"wp:attachment":[{"href":"https:\/\/bertrand.pl\/de\/wp-json\/wp\/v2\/media?parent=5081"}],"wp:term":[{"taxonomy":"product_brand","embeddable":true,"href":"https:\/\/bertrand.pl\/de\/wp-json\/wp\/v2\/product_brand?post=5081"},{"taxonomy":"product_cat","embeddable":true,"href":"https:\/\/bertrand.pl\/de\/wp-json\/wp\/v2\/product_cat?post=5081"},{"taxonomy":"product_tag","embeddable":true,"href":"https:\/\/bertrand.pl\/de\/wp-json\/wp\/v2\/product_tag?post=5081"}],"curies":[{"name":"wp","href":"https:\/\/api.w.org\/{rel}","templated":true}]}}