{"id":5098,"date":"2024-09-18T11:27:11","date_gmt":"2024-09-18T09:27:11","guid":{"rendered":"https:\/\/bertrand.pl\/?post_type=product&#038;p=5098"},"modified":"2025-07-14T13:07:38","modified_gmt":"2025-07-14T11:07:38","slug":"mb-sr50n-hallo","status":"publish","type":"product","link":"https:\/\/bertrand.pl\/de\/produkt\/mb-sr50n-hi\/","title":{"rendered":"MB-SR50N HI+"},"content":{"rendered":"<p><strong>Innovatives Pfosten-Riegel-Wandsystem MB-SR50N HI+ \u2013 eine ideale Wahl f\u00fcr Passivgeb\u00e4ude<\/strong><\/p>\n<p>Das MB-SR50N HI+ System ist eine L\u00f6sung, die im modernen Passivbau perfekt funktioniert. Dar\u00fcber hinaus best\u00e4tigt das A+-Zertifikat des PHI Darmst\u00e4dter Instituts h\u00f6chste Qualit\u00e4t. Dank einer W\u00e4rmed\u00e4mmung von 0,59 W\/m\u00b2K garantiert dieses System sowohl Energieeffizienz als auch einen \u00f6kologischen Betrieb.<\/p>\n<p>&nbsp;<\/p>\n<figure id=\"attachment_5099\" aria-describedby=\"caption-attachment-5099\" style=\"width: 551px\" class=\"wp-caption alignnone\"><img fetchpriority=\"high\" decoding=\"async\" class=\"wp-image-5099\" src=\"https:\/\/bertrand.pl\/wp-content\/uploads\/2024\/09\/mMB_SR50N_HI.webp\" alt=\"Das MB-SR50N HI+ System zeichnet sich durch modernes Design und strukturelle Stabilit\u00e4t aus. \" width=\"551\" height=\"680\" srcset=\"https:\/\/bertrand.pl\/wp-content\/uploads\/2024\/09\/mMB_SR50N_HI.webp 800w, https:\/\/bertrand.pl\/wp-content\/uploads\/2024\/09\/mMB_SR50N_HI-340x420.webp 340w, https:\/\/bertrand.pl\/wp-content\/uploads\/2024\/09\/mMB_SR50N_HI-768x948.webp 768w, https:\/\/bertrand.pl\/wp-content\/uploads\/2024\/09\/mMB_SR50N_HI-10x12.webp 10w, https:\/\/bertrand.pl\/wp-content\/uploads\/2024\/09\/mMB_SR50N_HI-600x741.webp 600w\" sizes=\"(max-width: 551px) 100vw, 551px\" \/><figcaption id=\"caption-attachment-5099\" class=\"wp-caption-text\">Fassade im System MB-SR50N HI+.<\/figcaption><\/figure>\n<p>&nbsp;<\/p>\n<h3>Hauptmerkmale:<\/h3>\n<p>&nbsp;<\/p>\n<p>Das System hat mehrere wesentliche Vorteile, die es so beliebt machen:<\/p>\n<ul>\n<li><strong>Modernes Design<\/strong> \u2013 Pfosten und Riegel mit scharfen Kanten erm\u00f6glichen die Erstellung einheitlicher Fassaden mit Gitterstruktur.<\/li>\n<li><strong>Designflexibilit\u00e4t<\/strong> \u2013 Dank der Winkelverbindungen in der Aluminiumkonstruktion k\u00f6nnen Sie die Fassaden frei gestalten.<\/li>\n<li><strong>Eine F\u00fclle \u00e4sthetischer Varianten<\/strong> \u2013 Verschiedene Auflageprofile bieten viele M\u00f6glichkeiten, die Fassade an individuelle Bed\u00fcrfnisse anzupassen.<\/li>\n<li><strong>Funktionalit\u00e4t der \u00d6ffnungselemente<\/strong> \u2013 Dachfenster, kippbar oder parallel \u00f6ffnend, sowie integrierte T\u00fcren garantieren praktische L\u00f6sungen.<\/li>\n<li><strong>Hervorragende Isoliereigenschaften<\/strong> \u2013 Der Einsatz von Zwei- und Dreikammerverglasungen f\u00fchrt zu einer h\u00f6heren Energieeffizienz.<\/li>\n<li><strong>Zubeh\u00f6r und W\u00e4rmeisolatoren<\/strong> \u2013 Sie erh\u00f6hen die W\u00e4rmed\u00e4mmung, was dieses System ideal f\u00fcr Passivgeb\u00e4ude macht.<\/li>\n<li><strong>Strukturelle Stabilit\u00e4t<\/strong> \u2013 Fassadenkonsolen, die schwere F\u00fcllungen tragen, sorgen f\u00fcr Langlebigkeit und Zuverl\u00e4ssigkeit.<\/li>\n<\/ul>\n<h3>Au\u00dfergew\u00f6hnliche Eigenschaften<\/h3>\n<p>&nbsp;<\/p>\n<p>Es ist erw\u00e4hnenswert, dass das System MB-SR50N HI+ nicht nur \u00e4sthetisch, sondern auch feuerbest\u00e4ndig in den Klassen EI 30 und EI 60 ist. Dies macht es sowohl modern als auch sicher.<\/p>\n<h3>Anwendung<\/h3>\n<p>Dieses vielseitige System wird in vielen Bereichen eingesetzt, wie zum Beispiel:<\/p>\n<ul>\n<li><strong>Fassaden von Passivh\u00e4usern<\/strong>, weil es h\u00f6chste Isolationsstandards erf\u00fcllt.<\/li>\n<li><strong>Gro\u00dffl\u00e4chige Verglasung<\/strong>, die Geb\u00e4uden ein elegantes Aussehen verleihen.<\/li>\n<li><strong>Integrierte Fenster- und T\u00fcrsysteme<\/strong>, die \u00c4sthetik mit Funktionalit\u00e4t verbindet.<\/li>\n<li><strong>Feuerfeste Strukturen<\/strong>, ideal f\u00fcr \u00f6ffentliche und gewerbliche R\u00e4ume.<\/li>\n<\/ul>\n<h3>A+-Zertifikat \u2013 Qualit\u00e4tsgarantie<\/h3>\n<p>&nbsp;<\/p>\n<p>Wichtig ist, dass das vom Institut PHI Darmstadt verliehene A+-Zertifikat best\u00e4tigt, dass dieses System alle Anforderungen des Passivbaus erf\u00fcllt. Dies macht es zu einer hervorragenden Wahl f\u00fcr Anleger, die Wert auf Qualit\u00e4t und \u00d6kologie legen.<\/p>\n<h3><\/h3>\n<p>Zusammenfassend l\u00e4sst sich sagen, dass es sich um eine Kombination aus modernen Technologien, Langlebigkeit und Energieeffizienz handelt. Dar\u00fcber hinaus bietet es Funktionalit\u00e4t und vielf\u00e4ltige Gestaltungsm\u00f6glichkeiten. Wenn Sie nach einer L\u00f6sung suchen, die \u00c4sthetik mit h\u00f6chster Qualit\u00e4t verbindet, ist das MB-SR50N HI+ System die perfekte Wahl!<\/p>\n<p>&nbsp;<\/p>\n<p><strong>SEHEN SIE AUCH:<\/strong><\/p>\n<p><a href=\"https:\/\/www.youtube.com\/watch?v=-4CVLi5ZRQk\">Bunte Fensterprofile, d.h. Acrylcolor\u00ae-Technologie<\/a><\/p>\n<p><a href=\"https:\/\/bertrand.pl\/de\/hst-panorama\/\">HST Panorama \u2013 Panorama-Terrassent\u00fcren f\u00fcr Ihr Zuhause \u2013 Bertrand.pl<\/a><\/p>","protected":false},"excerpt":{"rendered":"<p class=\"h2\"><strong>MILLIONEN- UND TRANSOMWAND MIT HOHER W\u00c4RMED\u00c4MMUNG<\/strong><\/p>\n<p>Das Pfosten-Riegel-Fassadensystem MB-SR50N HI+ ist f\u00fcr den Bau von leichten Vorhangfassaden in abgeh\u00e4ngter und f\u00fcllender Ausf\u00fchrung sowie von D\u00e4chern, Oberlichtern und anderen Raumkonstruktionen vorgesehen.<\/p>","protected":false},"featured_media":5103,"template":"","meta":{"site-sidebar-layout":"default","site-content-layout":"","ast-site-content-layout":"default","site-content-style":"default","site-sidebar-style":"default","ast-global-header-display":"","ast-banner-title-visibility":"","ast-main-header-display":"","ast-hfb-above-header-display":"","ast-hfb-below-header-display":"","ast-hfb-mobile-header-display":"","site-post-title":"","ast-breadcrumbs-content":"","ast-featured-img":"","footer-sml-layout":"","ast-disable-related-posts":"","theme-transparent-header-meta":"default","adv-header-id-meta":"","stick-header-meta":"","header-above-stick-meta":"","header-main-stick-meta":"","header-below-stick-meta":"","astra-migrate-meta-layouts":"set","ast-page-background-enabled":"default","ast-page-background-meta":{"desktop":{"background-color":"var(--ast-global-color-4)","background-image":"","background-repeat":"repeat","background-position":"center center","background-size":"auto","background-attachment":"scroll","background-type":"","background-media":"","overlay-type":"","overlay-color":"","overlay-opacity":"","overlay-gradient":""},"tablet":{"background-color":"","background-image":"","background-repeat":"repeat","background-position":"center center","background-size":"auto","background-attachment":"scroll","background-type":"","background-media":"","overlay-type":"","overlay-color":"","overlay-opacity":"","overlay-gradient":""},"mobile":{"background-color":"","background-image":"","background-repeat":"repeat","background-position":"center center","background-size":"auto","background-attachment":"scroll","background-type":"","background-media":"","overlay-type":"","overlay-color":"","overlay-opacity":"","overlay-gradient":""}},"ast-content-background-meta":{"desktop":{"background-color":"var(--ast-global-color-5)","background-image":"","background-repeat":"repeat","background-position":"center center","background-size":"auto","background-attachment":"scroll","background-type":"","background-media":"","overlay-type":"","overlay-color":"","overlay-opacity":"","overlay-gradient":""},"tablet":{"background-color":"var(--ast-global-color-5)","background-image":"","background-repeat":"repeat","background-position":"center center","background-size":"auto","background-attachment":"scroll","background-type":"","background-media":"","overlay-type":"","overlay-color":"","overlay-opacity":"","overlay-gradient":""},"mobile":{"background-color":"var(--ast-global-color-5)","background-image":"","background-repeat":"repeat","background-position":"center center","background-size":"auto","background-attachment":"scroll","background-type":"","background-media":"","overlay-type":"","overlay-color":"","overlay-opacity":"","overlay-gradient":""}}},"product_brand":[],"product_cat":[20],"product_tag":[510,349,168,717,360,784,787,1124,1128,1129,791,1121,1122,978,453,661,781,969,662,389,405,971,1126,1120,979,810,974,782,792,973,740,790,785,977,789,1123,972,788,1119,730,976,975,793,783,970,1118,1127,1125,786],"class_list":{"0":"post-5098","1":"product","2":"type-product","3":"status-publish","4":"has-post-thumbnail","6":"product_cat-fasady","7":"product_tag-akcesoria","8":"product_tag-aluprof","9":"product_tag-bertrand","10":"product_tag-bertrand-okna-i-drzwi","11":"product_tag-bezpieczenstwo","12":"product_tag-budynki-pasywne","13":"product_tag-certyfikat-phi-darmstadt","14":"product_tag-drzwi-zintegrowane","15":"product_tag-ei-30","16":"product_tag-ei-60","17":"product_tag-ekologiczne-budownictwo","18":"product_tag-elastycznosc-projektowa","19":"product_tag-elementy-otwierane","20":"product_tag-energooszczedne-elewacje","21":"product_tag-energooszczednosc","22":"product_tag-estetyka","23":"product_tag-fasada-energooszczedna","24":"product_tag-fasady-aluminiowe","25":"product_tag-funkcjonalnosc","26":"product_tag-izolacja-akustyczna","27":"product_tag-izolacja-termiczna","28":"product_tag-izolacyjnosc-cieplna","29":"product_tag-izolatory-termiczne","30":"product_tag-jednolite-fasady","31":"product_tag-konsole-fasadowe","32":"product_tag-konstrukcja-aluminiowa","33":"product_tag-konstrukcje-pasywne","34":"product_tag-mb-sr50n-hi","35":"product_tag-nowoczesna-fasada","36":"product_tag-nowoczesne-fasady","37":"product_tag-nowoczesny-design","38":"product_tag-ochrona-przeciwpozarowa","39":"product_tag-odpornosc-ogniowa","40":"product_tag-okna-odchylne","41":"product_tag-okna-polaciowe","42":"product_tag-okna-rownolegle-otwierane","43":"product_tag-okna-zintegrowane-z-fasada","44":"product_tag-okucia","45":"product_tag-ostre-krawedzie","46":"product_tag-oszczednosc-energii","47":"product_tag-polaczenia-katowe","48":"product_tag-profile-nakladkowe","49":"product_tag-projektowanie-elewacji","50":"product_tag-sciana-slupowo-ryglowa","51":"product_tag-sciany-slupowo-ryglowe","52":"product_tag-slupy-i-rygle","53":"product_tag-stabilnosc-konstrukcji-wyjatkowe-wlasciwosci","54":"product_tag-szklenie-dwu-i-trzykomorowe","55":"product_tag-szklenie-trzykomorowe","56":"desktop-align-left","57":"tablet-align-left","58":"mobile-align-left","60":"first","61":"instock","62":"shipping-taxable","63":"product-type-simple"},"yoast_head":"<!-- This site is optimized with the Yoast SEO Premium plugin v27.2 (Yoast SEO v27.2) - https:\/\/yoast.com\/product\/yoast-seo-premium-wordpress\/ -->\n<title>MB-SR50N HI+ \u2013 energooszcz\u0119dna fasada z klas\u0105<\/title>\n<meta name=\"description\" content=\"Fasada MB-SR50N HI+ jest elegancka i energooszcz\u0119dna. Umo\u017cliwia dostosowanie elewacji do indywidualnych potrzeb i preferencji.\" \/>\n<meta name=\"robots\" content=\"index, follow, max-snippet:-1, max-image-preview:large, max-video-preview:-1\" \/>\n<link rel=\"canonical\" href=\"https:\/\/bertrand.pl\/de\/produkt\/mb-sr50n-hallo\/\" \/>\n<meta property=\"og:locale\" content=\"de_DE\" \/>\n<meta property=\"og:type\" content=\"article\" \/>\n<meta property=\"og:title\" content=\"MB-SR50N HI+\" \/>\n<meta property=\"og:description\" content=\"Fasada MB-SR50N HI+ jest elegancka i energooszcz\u0119dna. Umo\u017cliwia dostosowanie elewacji do indywidualnych potrzeb i preferencji.\" \/>\n<meta property=\"og:url\" content=\"https:\/\/bertrand.pl\/de\/produkt\/mb-sr50n-hallo\/\" \/>\n<meta property=\"og:site_name\" content=\"Bertrand. Najwy\u017cszej jako\u015bci okna i drzwi. Certyfikowany producent od 1969 roku.\" \/>\n<meta property=\"article:publisher\" content=\"https:\/\/www.facebook.com\/bertrandpolska\/\" \/>\n<meta property=\"article:modified_time\" content=\"2025-07-14T11:07:38+00:00\" \/>\n<meta property=\"og:image\" content=\"https:\/\/bertrand.pl\/wp-content\/uploads\/2024\/09\/mb-sr50n-hi-5-pl.webp\" \/>\n\t<meta property=\"og:image:width\" content=\"546\" \/>\n\t<meta property=\"og:image:height\" content=\"614\" \/>\n\t<meta property=\"og:image:type\" content=\"image\/webp\" \/>\n<meta name=\"twitter:card\" content=\"summary_large_image\" \/>\n<meta name=\"twitter:label1\" content=\"Gesch\u00e4tzte Lesezeit\" \/>\n\t<meta name=\"twitter:data1\" content=\"3\u00a0Minuten\" \/>\n<script type=\"application\/ld+json\" class=\"yoast-schema-graph\">{\"@context\":\"https:\/\/schema.org\",\"@graph\":[{\"@type\":\"WebPage\",\"@id\":\"https:\/\/bertrand.pl\/produkt\/mb-sr50n-hi\/\",\"url\":\"https:\/\/bertrand.pl\/produkt\/mb-sr50n-hi\/\",\"name\":\"MB-SR50N HI+ \u2013 energooszcz\u0119dna fasada z klas\u0105\",\"isPartOf\":{\"@id\":\"https:\/\/bertrand.pl\/#website\"},\"primaryImageOfPage\":{\"@id\":\"https:\/\/bertrand.pl\/produkt\/mb-sr50n-hi\/#primaryimage\"},\"image\":{\"@id\":\"https:\/\/bertrand.pl\/produkt\/mb-sr50n-hi\/#primaryimage\"},\"thumbnailUrl\":\"https:\/\/bertrand.pl\/wp-content\/uploads\/2024\/09\/mb-sr50n-hi-5-pl.webp\",\"datePublished\":\"2024-09-18T09:27:11+00:00\",\"dateModified\":\"2025-07-14T11:07:38+00:00\",\"description\":\"Fasada MB-SR50N HI+ jest elegancka i energooszcz\u0119dna. Umo\u017cliwia dostosowanie elewacji do indywidualnych potrzeb i preferencji.\",\"breadcrumb\":{\"@id\":\"https:\/\/bertrand.pl\/produkt\/mb-sr50n-hi\/#breadcrumb\"},\"inLanguage\":\"de\",\"potentialAction\":[{\"@type\":\"ReadAction\",\"target\":[\"https:\/\/bertrand.pl\/produkt\/mb-sr50n-hi\/\"]}]},{\"@type\":\"ImageObject\",\"inLanguage\":\"de\",\"@id\":\"https:\/\/bertrand.pl\/produkt\/mb-sr50n-hi\/#primaryimage\",\"url\":\"https:\/\/bertrand.pl\/wp-content\/uploads\/2024\/09\/mb-sr50n-hi-5-pl.webp\",\"contentUrl\":\"https:\/\/bertrand.pl\/wp-content\/uploads\/2024\/09\/mb-sr50n-hi-5-pl.webp\",\"width\":546,\"height\":614},{\"@type\":\"BreadcrumbList\",\"@id\":\"https:\/\/bertrand.pl\/produkt\/mb-sr50n-hi\/#breadcrumb\",\"itemListElement\":[{\"@type\":\"ListItem\",\"position\":1,\"name\":\"Strona g\u0142\u00f3wna\",\"item\":\"https:\/\/bertrand.pl\/\"},{\"@type\":\"ListItem\",\"position\":2,\"name\":\"Produits\",\"item\":\"https:\/\/bertrand.pl\/fr\/shop\/\"},{\"@type\":\"ListItem\",\"position\":3,\"name\":\"MB-SR50N HI+\"}]},{\"@type\":\"WebSite\",\"@id\":\"https:\/\/bertrand.pl\/#website\",\"url\":\"https:\/\/bertrand.pl\/\",\"name\":\"Bertrand.pl\",\"description\":\"Firma Bertrand to certyfikowany i uznany producent najwy\u017cszej jako\u015bci okien z PVC, z drewna lub aluminium. Produkcja drzwi, rolet i bram gara\u017cowych.\",\"publisher\":{\"@id\":\"https:\/\/bertrand.pl\/#organization\"},\"potentialAction\":[{\"@type\":\"SearchAction\",\"target\":{\"@type\":\"EntryPoint\",\"urlTemplate\":\"https:\/\/bertrand.pl\/?s={search_term_string}\"},\"query-input\":{\"@type\":\"PropertyValueSpecification\",\"valueRequired\":true,\"valueName\":\"search_term_string\"}}],\"inLanguage\":\"de\"},{\"@type\":\"Organization\",\"@id\":\"https:\/\/bertrand.pl\/#organization\",\"name\":\"Bertrand.pl\",\"url\":\"https:\/\/bertrand.pl\/\",\"logo\":{\"@type\":\"ImageObject\",\"inLanguage\":\"de\",\"@id\":\"https:\/\/bertrand.pl\/#\/schema\/logo\/image\/\",\"url\":\"https:\/\/bertrand.pl\/wp-content\/uploads\/2024\/12\/logo_BB_TM_PL_black.png\",\"contentUrl\":\"https:\/\/bertrand.pl\/wp-content\/uploads\/2024\/12\/logo_BB_TM_PL_black.png\",\"width\":1831,\"height\":1831,\"caption\":\"Bertrand.pl\"},\"image\":{\"@id\":\"https:\/\/bertrand.pl\/#\/schema\/logo\/image\/\"},\"sameAs\":[\"https:\/\/www.facebook.com\/bertrandpolska\/\",\"https:\/\/www.instagram.com\/bertrand_okna_i_drzwi\/\",\"https:\/\/www.linkedin.com\/company\/bertrand\/\",\"https:\/\/www.tiktok.com\/@bertrand_okna_drzwi\"]}]}<\/script>\n<!-- \/ Yoast SEO Premium plugin. -->","yoast_head_json":{"title":"MB-SR50N HI+ \u2013 energooszcz\u0119dna fasada z klas\u0105","description":"Die Fassade MB-SR50N HI+ ist elegant und energiesparend. Es erm\u00f6glicht Ihnen, die Fassade an individuelle Bed\u00fcrfnisse und Vorlieben anzupassen.","robots":{"index":"index","follow":"follow","max-snippet":"max-snippet:-1","max-image-preview":"max-image-preview:large","max-video-preview":"max-video-preview:-1"},"canonical":"https:\/\/bertrand.pl\/de\/produkt\/mb-sr50n-hallo\/","og_locale":"de_DE","og_type":"article","og_title":"MB-SR50N HI+","og_description":"Fasada MB-SR50N HI+ jest elegancka i energooszcz\u0119dna. Umo\u017cliwia dostosowanie elewacji do indywidualnych potrzeb i preferencji.","og_url":"https:\/\/bertrand.pl\/de\/produkt\/mb-sr50n-hallo\/","og_site_name":"Bertrand. Najwy\u017cszej jako\u015bci okna i drzwi. Certyfikowany producent od 1969 roku.","article_publisher":"https:\/\/www.facebook.com\/bertrandpolska\/","article_modified_time":"2025-07-14T11:07:38+00:00","og_image":[{"width":546,"height":614,"url":"https:\/\/bertrand.pl\/wp-content\/uploads\/2024\/09\/mb-sr50n-hi-5-pl.webp","type":"image\/webp"}],"twitter_card":"summary_large_image","twitter_misc":{"Gesch\u00e4tzte Lesezeit":"3\u00a0Minuten"},"schema":{"@context":"https:\/\/schema.org","@graph":[{"@type":"WebPage","@id":"https:\/\/bertrand.pl\/produkt\/mb-sr50n-hi\/","url":"https:\/\/bertrand.pl\/produkt\/mb-sr50n-hi\/","name":"MB-SR50N HI+ \u2013 energooszcz\u0119dna fasada z klas\u0105","isPartOf":{"@id":"https:\/\/bertrand.pl\/#website"},"primaryImageOfPage":{"@id":"https:\/\/bertrand.pl\/produkt\/mb-sr50n-hi\/#primaryimage"},"image":{"@id":"https:\/\/bertrand.pl\/produkt\/mb-sr50n-hi\/#primaryimage"},"thumbnailUrl":"https:\/\/bertrand.pl\/wp-content\/uploads\/2024\/09\/mb-sr50n-hi-5-pl.webp","datePublished":"2024-09-18T09:27:11+00:00","dateModified":"2025-07-14T11:07:38+00:00","description":"Die Fassade MB-SR50N HI+ ist elegant und energiesparend. Es erm\u00f6glicht Ihnen, die Fassade an individuelle Bed\u00fcrfnisse und Vorlieben anzupassen.","breadcrumb":{"@id":"https:\/\/bertrand.pl\/produkt\/mb-sr50n-hi\/#breadcrumb"},"inLanguage":"de","potentialAction":[{"@type":"ReadAction","target":["https:\/\/bertrand.pl\/produkt\/mb-sr50n-hi\/"]}]},{"@type":"ImageObject","inLanguage":"de","@id":"https:\/\/bertrand.pl\/produkt\/mb-sr50n-hi\/#primaryimage","url":"https:\/\/bertrand.pl\/wp-content\/uploads\/2024\/09\/mb-sr50n-hi-5-pl.webp","contentUrl":"https:\/\/bertrand.pl\/wp-content\/uploads\/2024\/09\/mb-sr50n-hi-5-pl.webp","width":546,"height":614},{"@type":"BreadcrumbList","@id":"https:\/\/bertrand.pl\/produkt\/mb-sr50n-hi\/#breadcrumb","itemListElement":[{"@type":"ListItem","position":1,"name":"Strona g\u0142\u00f3wna","item":"https:\/\/bertrand.pl\/"},{"@type":"ListItem","position":2,"name":"Produits","item":"https:\/\/bertrand.pl\/fr\/shop\/"},{"@type":"ListItem","position":3,"name":"MB-SR50N HI+"}]},{"@type":"WebSite","@id":"https:\/\/bertrand.pl\/#website","url":"https:\/\/bertrand.pl\/","name":"Bertrand.pl","description":"Firma Bertrand to certyfikowany i uznany producent najwy\u017cszej jako\u015bci okien z PVC, z drewna lub aluminium. Produkcja drzwi, rolet i bram gara\u017cowych.","publisher":{"@id":"https:\/\/bertrand.pl\/#organization"},"potentialAction":[{"@type":"SearchAction","target":{"@type":"EntryPoint","urlTemplate":"https:\/\/bertrand.pl\/?s={search_term_string}"},"query-input":{"@type":"PropertyValueSpecification","valueRequired":true,"valueName":"search_term_string"}}],"inLanguage":"de"},{"@type":"Organization","@id":"https:\/\/bertrand.pl\/#organization","name":"Bertrand.pl","url":"https:\/\/bertrand.pl\/","logo":{"@type":"ImageObject","inLanguage":"de","@id":"https:\/\/bertrand.pl\/#\/schema\/logo\/image\/","url":"https:\/\/bertrand.pl\/wp-content\/uploads\/2024\/12\/logo_BB_TM_PL_black.png","contentUrl":"https:\/\/bertrand.pl\/wp-content\/uploads\/2024\/12\/logo_BB_TM_PL_black.png","width":1831,"height":1831,"caption":"Bertrand.pl"},"image":{"@id":"https:\/\/bertrand.pl\/#\/schema\/logo\/image\/"},"sameAs":["https:\/\/www.facebook.com\/bertrandpolska\/","https:\/\/www.instagram.com\/bertrand_okna_i_drzwi\/","https:\/\/www.linkedin.com\/company\/bertrand\/","https:\/\/www.tiktok.com\/@bertrand_okna_drzwi"]}]}},"_links":{"self":[{"href":"https:\/\/bertrand.pl\/de\/wp-json\/wp\/v2\/product\/5098","targetHints":{"allow":["GET"]}}],"collection":[{"href":"https:\/\/bertrand.pl\/de\/wp-json\/wp\/v2\/product"}],"about":[{"href":"https:\/\/bertrand.pl\/de\/wp-json\/wp\/v2\/types\/product"}],"wp:featuredmedia":[{"embeddable":true,"href":"https:\/\/bertrand.pl\/de\/wp-json\/wp\/v2\/media\/5103"}],"wp:attachment":[{"href":"https:\/\/bertrand.pl\/de\/wp-json\/wp\/v2\/media?parent=5098"}],"wp:term":[{"taxonomy":"product_brand","embeddable":true,"href":"https:\/\/bertrand.pl\/de\/wp-json\/wp\/v2\/product_brand?post=5098"},{"taxonomy":"product_cat","embeddable":true,"href":"https:\/\/bertrand.pl\/de\/wp-json\/wp\/v2\/product_cat?post=5098"},{"taxonomy":"product_tag","embeddable":true,"href":"https:\/\/bertrand.pl\/de\/wp-json\/wp\/v2\/product_tag?post=5098"}],"curies":[{"name":"wp","href":"https:\/\/api.w.org\/{rel}","templated":true}]}}