{"id":5104,"date":"2024-09-18T12:14:36","date_gmt":"2024-09-18T10:14:36","guid":{"rendered":"https:\/\/bertrand.pl\/?post_type=product&#038;p=5104"},"modified":"2025-07-14T12:51:44","modified_gmt":"2025-07-14T10:51:44","slug":"mb-sr50n-a","status":"publish","type":"product","link":"https:\/\/bertrand.pl\/de\/produkt\/mb-sr50n-a\/","title":{"rendered":"MB-SR50N A"},"content":{"rendered":"<h3>MB-SR50N A: Modernes Pfosten-Riegel-Wandsystem<\/h3>\n<p>&nbsp;<\/p>\n<p>MB-SR50N A ist ein fortschrittliches Pfosten- und Balkenwandsystem, das \u00c4sthetik, Funktionalit\u00e4t und Haltbarkeit vereint. Dank innovativer technologischer L\u00f6sungen eignet sich dieses System ideal f\u00fcr Architekturprojekte mit unterschiedlichen Anforderungen. Fassaden im System MB-S50N erfreuen sich bei unseren Kunden gro\u00dfer Beliebtheit.<\/p>\n<p>&nbsp;<\/p>\n<h3>Kombination aus nat\u00fcrlichen und industriellen Elementen<\/h3>\n<p>Das System MB-SR50N A erm\u00f6glicht die Kombination von Holz und Stahl und erm\u00f6glicht so die Anpassung an verschiedene Einrichtungsstile. Innenprofile aus Holz sorgen f\u00fcr eine warme Atmosph\u00e4re, w\u00e4hrend Stahlelemente perfekt zum Industriestil passen. Dar\u00fcber hinaus sch\u00fctzen Au\u00dfenteile aus Aluminium die Struktur wirksam vor Witterungseinfl\u00fcssen.<\/p>\n<p>&nbsp;<\/p>\n<h3>Stabilit\u00e4t und effektive Isolierung<\/h3>\n<p>Das zusammengesetzte Pfosten-Riegel-Profil im System MB-SR50N A sorgt f\u00fcr au\u00dfergew\u00f6hnliche Stabilit\u00e4t. Dar\u00fcber hinaus bietet es hervorragende D\u00e4mmparameter, die den Anforderungen der W\u00e4rme- und Schalld\u00e4mmung gerecht werden. Der W\u00e4rmeisolator mit einem Uf-Koeffizienten von 0,72 W\/(m\u00b2K) reduziert den W\u00e4rmeverlust deutlich, was dieses System zu einer idealen Wahl f\u00fcr energieeffiziente Geb\u00e4ude macht.<\/p>\n<p>&nbsp;<\/p>\n<h3>Vielf\u00e4ltige Verglasungsm\u00f6glichkeiten<\/h3>\n<p>Das System MB-SR50N A erm\u00f6glicht Verglasungen mit einer Dicke von 24 bis 64 mm. Dadurch k\u00f6nnen Anwender von einer gro\u00dfen Auswahl an Gl\u00e4sern profitieren, die unterschiedliche Eigenschaften wie Energieeffizienz und Schalld\u00e4mmung bieten. Dar\u00fcber hinaus tr\u00e4gt das System Lasten bis zu 600 kg, was den Bau gro\u00dfer Verglasungen in modernen Anlagen erm\u00f6glicht.<\/p>\n<p>&nbsp;<\/p>\n<h3>Entw\u00e4sserung und Bel\u00fcftung<\/h3>\n<p>50 mm breite Pfosten und Riegel sind mit EPDM-Dichtungen ausgestattet, die f\u00fcr eine effektive Entw\u00e4sserung und ausreichende Bel\u00fcftung sorgen. Diese L\u00f6sung verhindert die Ansammlung von Feuchtigkeit und verl\u00e4ngert die Lebensdauer der gesamten Struktur.<\/p>\n<p>&nbsp;<\/p>\n<h3>Wichtige technische Parameter<\/h3>\n<p>&nbsp;<\/p>\n<ul>\n<li><strong>Polbreite<\/strong>: 50mm<\/li>\n<li><strong>Breite der Riegel<\/strong>: 50mm<\/li>\n<li><strong>Verglasungsst\u00e4rke<\/strong>: 24-64 mm<\/li>\n<li><strong>Maximales F\u00fcllgewicht<\/strong>: bis 600 kg<\/li>\n<li><strong>W\u00e4rmed\u00e4mmung<\/strong>: Uf ab 0,72 W\/(m\u00b2K)<\/li>\n<li><\/li>\n<\/ul>\n<h3>Warum sollten Sie sich f\u00fcr MB-SR50N A entscheiden?<\/h3>\n<p>&nbsp;<\/p>\n<p>Denn es handelt sich um ein System, das den hohen Anspr\u00fcchen moderner Architektur voll und ganz gerecht wird. Es vereint \u00c4sthetik, Langlebigkeit und Energieeffizienz und ist somit eine ausgezeichnete Wahl f\u00fcr Gewerbe- und Wohnprojekte. Dank hochwertiger Materialien und moderner technologischer L\u00f6sungen bietet es den Benutzern \u00fcber Jahre hinweg Komfort und Zuverl\u00e4ssigkeit.<\/p>\n<p><strong>SEHEN SIE AUCH:\u00a0<\/strong><\/p>\n<h4><a href=\"https:\/\/www.youtube.com\/watch?v=NT-bgmQXsjU\">So ein niedriges Fensterprofil haben Sie noch nie gesehen!<\/a><\/h4>\n<h4><a href=\"https:\/\/bertrand.pl\/de\/systeme-in-der-praxis-bertrand-projekte\/\">Bertrand-Projekte \u2013 Qualit\u00e4t in der Praxis \u2013 Bertrand.pl<\/a><\/h4>","protected":false},"excerpt":{"rendered":"<p><strong>OVERLAY-SYSTEM F\u00dcR HOLZ UND STAHL<\/strong><\/p>\n<p>Basierend auf dem Pfosten-Riegel-Wandsystem MB-SR50N wurde ein modernes Auflagesystem entwickelt, das die Kombination verschiedener Baumaterialien erm\u00f6glicht und so den Einsatz unterschiedlicher Materialeigenschaften innerhalb und au\u00dferhalb des Geb\u00e4udes erm\u00f6glicht.<\/p>","protected":false},"featured_media":5106,"template":"","meta":{"site-sidebar-layout":"default","site-content-layout":"","ast-site-content-layout":"default","site-content-style":"default","site-sidebar-style":"default","ast-global-header-display":"","ast-banner-title-visibility":"","ast-main-header-display":"","ast-hfb-above-header-display":"","ast-hfb-below-header-display":"","ast-hfb-mobile-header-display":"","site-post-title":"","ast-breadcrumbs-content":"","ast-featured-img":"","footer-sml-layout":"","ast-disable-related-posts":"","theme-transparent-header-meta":"default","adv-header-id-meta":"","stick-header-meta":"","header-above-stick-meta":"","header-main-stick-meta":"","header-below-stick-meta":"","astra-migrate-meta-layouts":"set","ast-page-background-enabled":"default","ast-page-background-meta":{"desktop":{"background-color":"var(--ast-global-color-4)","background-image":"","background-repeat":"repeat","background-position":"center center","background-size":"auto","background-attachment":"scroll","background-type":"","background-media":"","overlay-type":"","overlay-color":"","overlay-opacity":"","overlay-gradient":""},"tablet":{"background-color":"","background-image":"","background-repeat":"repeat","background-position":"center center","background-size":"auto","background-attachment":"scroll","background-type":"","background-media":"","overlay-type":"","overlay-color":"","overlay-opacity":"","overlay-gradient":""},"mobile":{"background-color":"","background-image":"","background-repeat":"repeat","background-position":"center center","background-size":"auto","background-attachment":"scroll","background-type":"","background-media":"","overlay-type":"","overlay-color":"","overlay-opacity":"","overlay-gradient":""}},"ast-content-background-meta":{"desktop":{"background-color":"var(--ast-global-color-5)","background-image":"","background-repeat":"repeat","background-position":"center center","background-size":"auto","background-attachment":"scroll","background-type":"","background-media":"","overlay-type":"","overlay-color":"","overlay-opacity":"","overlay-gradient":""},"tablet":{"background-color":"var(--ast-global-color-5)","background-image":"","background-repeat":"repeat","background-position":"center center","background-size":"auto","background-attachment":"scroll","background-type":"","background-media":"","overlay-type":"","overlay-color":"","overlay-opacity":"","overlay-gradient":""},"mobile":{"background-color":"var(--ast-global-color-5)","background-image":"","background-repeat":"repeat","background-position":"center center","background-size":"auto","background-attachment":"scroll","background-type":"","background-media":"","overlay-type":"","overlay-color":"","overlay-opacity":"","overlay-gradient":""}}},"product_brand":[],"product_cat":[20],"product_tag":[193,349,806,168,717,803,354,805,389,405,800,810,802,804,794,801,797,968,450,965,966,783,796,964,795,390,409,967,799,798],"class_list":{"0":"post-5104","1":"product","2":"type-product","3":"status-publish","4":"has-post-thumbnail","6":"product_cat-fasady","7":"product_tag-aluminium","8":"product_tag-aluprof","9":"product_tag-architektura","10":"product_tag-bertrand","11":"product_tag-bertrand-okna-i-drzwi","12":"product_tag-dachy-szklane","13":"product_tag-drewno","14":"product_tag-industrialny-styl","15":"product_tag-izolacja-akustyczna","16":"product_tag-izolacja-termiczna","17":"product_tag-kompozytowy-profil","18":"product_tag-konstrukcja-aluminiowa","19":"product_tag-konstrukcja-oslonowa","20":"product_tag-konstrukcje-pionowe","21":"product_tag-mb-sr50n-a","22":"product_tag-ochrona-przed-wiatrem","23":"product_tag-odwodnienie","24":"product_tag-odwodnienie-fasady","25":"product_tag-ogrody-zimowe","26":"product_tag-profile-drewniane","27":"product_tag-profile-stalowe","28":"product_tag-sciana-slupowo-ryglowa","29":"product_tag-stal","30":"product_tag-system-mb-sr50n","31":"product_tag-system-nakladkowy","32":"product_tag-szczelnosc","33":"product_tag-szklenie","34":"product_tag-szklenie-fasad","35":"product_tag-uszczelki-epdm","36":"product_tag-wentylacja","37":"desktop-align-left","38":"tablet-align-left","39":"mobile-align-left","41":"first","42":"instock","43":"shipping-taxable","44":"product-type-simple"},"yoast_head":"<!-- This site is optimized with the Yoast SEO Premium plugin v27.2 (Yoast SEO v27.2) - https:\/\/yoast.com\/product\/yoast-seo-premium-wordpress\/ -->\n<title>MB-SR50N A \u2013 fasada dopasowana do ka\u017cdego projektu<\/title>\n<meta name=\"description\" content=\"MB-SR50N A to owoczesny system, kt\u00f3ry umo\u017cliwia \u0142\u0105czenie r\u00f3\u017cnych materia\u0142\u00f3w konstrukcyjnych, pozwalaj\u0105c na zastosowanie odmiennych w\u0142a\u015bciwo\u015bci w budynku.\" \/>\n<meta name=\"robots\" content=\"index, follow, max-snippet:-1, max-image-preview:large, max-video-preview:-1\" \/>\n<link rel=\"canonical\" href=\"https:\/\/bertrand.pl\/de\/produkt\/mb-sr50n-a\/\" \/>\n<meta property=\"og:locale\" content=\"de_DE\" \/>\n<meta property=\"og:type\" content=\"article\" \/>\n<meta property=\"og:title\" content=\"MB-SR50N A\" \/>\n<meta property=\"og:description\" content=\"MB-SR50N A to owoczesny system, kt\u00f3ry umo\u017cliwia \u0142\u0105czenie r\u00f3\u017cnych materia\u0142\u00f3w konstrukcyjnych, pozwalaj\u0105c na zastosowanie odmiennych w\u0142a\u015bciwo\u015bci w budynku.\" \/>\n<meta property=\"og:url\" content=\"https:\/\/bertrand.pl\/de\/produkt\/mb-sr50n-a\/\" \/>\n<meta property=\"og:site_name\" content=\"Bertrand. Najwy\u017cszej jako\u015bci okna i drzwi. Certyfikowany producent od 1969 roku.\" \/>\n<meta property=\"article:publisher\" content=\"https:\/\/www.facebook.com\/bertrandpolska\/\" \/>\n<meta property=\"article:modified_time\" content=\"2025-07-14T10:51:44+00:00\" \/>\n<meta property=\"og:image\" content=\"https:\/\/bertrand.pl\/wp-content\/uploads\/2024\/09\/mb-sr50n-a-76-pl.webp\" \/>\n\t<meta property=\"og:image:width\" content=\"564\" \/>\n\t<meta property=\"og:image:height\" content=\"614\" \/>\n\t<meta property=\"og:image:type\" content=\"image\/webp\" \/>\n<meta name=\"twitter:card\" content=\"summary_large_image\" \/>\n<meta name=\"twitter:label1\" content=\"Gesch\u00e4tzte Lesezeit\" \/>\n\t<meta name=\"twitter:data1\" content=\"3\u00a0Minuten\" \/>\n<script type=\"application\/ld+json\" class=\"yoast-schema-graph\">{\"@context\":\"https:\/\/schema.org\",\"@graph\":[{\"@type\":\"WebPage\",\"@id\":\"https:\/\/bertrand.pl\/produkt\/mb-sr50n-a\/\",\"url\":\"https:\/\/bertrand.pl\/produkt\/mb-sr50n-a\/\",\"name\":\"MB-SR50N A \u2013 fasada dopasowana do ka\u017cdego projektu\",\"isPartOf\":{\"@id\":\"https:\/\/bertrand.pl\/#website\"},\"primaryImageOfPage\":{\"@id\":\"https:\/\/bertrand.pl\/produkt\/mb-sr50n-a\/#primaryimage\"},\"image\":{\"@id\":\"https:\/\/bertrand.pl\/produkt\/mb-sr50n-a\/#primaryimage\"},\"thumbnailUrl\":\"https:\/\/bertrand.pl\/wp-content\/uploads\/2024\/09\/mb-sr50n-a-76-pl.webp\",\"datePublished\":\"2024-09-18T10:14:36+00:00\",\"dateModified\":\"2025-07-14T10:51:44+00:00\",\"description\":\"MB-SR50N A to owoczesny system, kt\u00f3ry umo\u017cliwia \u0142\u0105czenie r\u00f3\u017cnych materia\u0142\u00f3w konstrukcyjnych, pozwalaj\u0105c na zastosowanie odmiennych w\u0142a\u015bciwo\u015bci w budynku.\",\"breadcrumb\":{\"@id\":\"https:\/\/bertrand.pl\/produkt\/mb-sr50n-a\/#breadcrumb\"},\"inLanguage\":\"de\",\"potentialAction\":[{\"@type\":\"ReadAction\",\"target\":[\"https:\/\/bertrand.pl\/produkt\/mb-sr50n-a\/\"]}]},{\"@type\":\"ImageObject\",\"inLanguage\":\"de\",\"@id\":\"https:\/\/bertrand.pl\/produkt\/mb-sr50n-a\/#primaryimage\",\"url\":\"https:\/\/bertrand.pl\/wp-content\/uploads\/2024\/09\/mb-sr50n-a-76-pl.webp\",\"contentUrl\":\"https:\/\/bertrand.pl\/wp-content\/uploads\/2024\/09\/mb-sr50n-a-76-pl.webp\",\"width\":564,\"height\":614,\"caption\":\"Fasada MB-SR50N A spe\u0142nia wysokie standardy wsp\u00f3\u0142czesnej architektury.\"},{\"@type\":\"BreadcrumbList\",\"@id\":\"https:\/\/bertrand.pl\/produkt\/mb-sr50n-a\/#breadcrumb\",\"itemListElement\":[{\"@type\":\"ListItem\",\"position\":1,\"name\":\"Strona g\u0142\u00f3wna\",\"item\":\"https:\/\/bertrand.pl\/\"},{\"@type\":\"ListItem\",\"position\":2,\"name\":\"Produits\",\"item\":\"https:\/\/bertrand.pl\/fr\/shop\/\"},{\"@type\":\"ListItem\",\"position\":3,\"name\":\"MB-SR50N A\"}]},{\"@type\":\"WebSite\",\"@id\":\"https:\/\/bertrand.pl\/#website\",\"url\":\"https:\/\/bertrand.pl\/\",\"name\":\"Bertrand.pl\",\"description\":\"Firma Bertrand to certyfikowany i uznany producent najwy\u017cszej jako\u015bci okien z PVC, z drewna lub aluminium. Produkcja drzwi, rolet i bram gara\u017cowych.\",\"publisher\":{\"@id\":\"https:\/\/bertrand.pl\/#organization\"},\"potentialAction\":[{\"@type\":\"SearchAction\",\"target\":{\"@type\":\"EntryPoint\",\"urlTemplate\":\"https:\/\/bertrand.pl\/?s={search_term_string}\"},\"query-input\":{\"@type\":\"PropertyValueSpecification\",\"valueRequired\":true,\"valueName\":\"search_term_string\"}}],\"inLanguage\":\"de\"},{\"@type\":\"Organization\",\"@id\":\"https:\/\/bertrand.pl\/#organization\",\"name\":\"Bertrand.pl\",\"url\":\"https:\/\/bertrand.pl\/\",\"logo\":{\"@type\":\"ImageObject\",\"inLanguage\":\"de\",\"@id\":\"https:\/\/bertrand.pl\/#\/schema\/logo\/image\/\",\"url\":\"https:\/\/bertrand.pl\/wp-content\/uploads\/2024\/12\/logo_BB_TM_PL_black.png\",\"contentUrl\":\"https:\/\/bertrand.pl\/wp-content\/uploads\/2024\/12\/logo_BB_TM_PL_black.png\",\"width\":1831,\"height\":1831,\"caption\":\"Bertrand.pl\"},\"image\":{\"@id\":\"https:\/\/bertrand.pl\/#\/schema\/logo\/image\/\"},\"sameAs\":[\"https:\/\/www.facebook.com\/bertrandpolska\/\",\"https:\/\/www.instagram.com\/bertrand_okna_i_drzwi\/\",\"https:\/\/www.linkedin.com\/company\/bertrand\/\",\"https:\/\/www.tiktok.com\/@bertrand_okna_drzwi\"]}]}<\/script>\n<!-- \/ Yoast SEO Premium plugin. -->","yoast_head_json":{"title":"MB-SR50N A \u2013 fasada dopasowana do ka\u017cdego projektu","description":"MB-SR50N A ist ein modernes System, das die Kombination verschiedener Baumaterialien erm\u00f6glicht und so die Nutzung unterschiedlicher Eigenschaften im Geb\u00e4ude erm\u00f6glicht.","robots":{"index":"index","follow":"follow","max-snippet":"max-snippet:-1","max-image-preview":"max-image-preview:large","max-video-preview":"max-video-preview:-1"},"canonical":"https:\/\/bertrand.pl\/de\/produkt\/mb-sr50n-a\/","og_locale":"de_DE","og_type":"article","og_title":"MB-SR50N A","og_description":"MB-SR50N A to owoczesny system, kt\u00f3ry umo\u017cliwia \u0142\u0105czenie r\u00f3\u017cnych materia\u0142\u00f3w konstrukcyjnych, pozwalaj\u0105c na zastosowanie odmiennych w\u0142a\u015bciwo\u015bci w budynku.","og_url":"https:\/\/bertrand.pl\/de\/produkt\/mb-sr50n-a\/","og_site_name":"Bertrand. Najwy\u017cszej jako\u015bci okna i drzwi. Certyfikowany producent od 1969 roku.","article_publisher":"https:\/\/www.facebook.com\/bertrandpolska\/","article_modified_time":"2025-07-14T10:51:44+00:00","og_image":[{"width":564,"height":614,"url":"https:\/\/bertrand.pl\/wp-content\/uploads\/2024\/09\/mb-sr50n-a-76-pl.webp","type":"image\/webp"}],"twitter_card":"summary_large_image","twitter_misc":{"Gesch\u00e4tzte Lesezeit":"3\u00a0Minuten"},"schema":{"@context":"https:\/\/schema.org","@graph":[{"@type":"WebPage","@id":"https:\/\/bertrand.pl\/produkt\/mb-sr50n-a\/","url":"https:\/\/bertrand.pl\/produkt\/mb-sr50n-a\/","name":"MB-SR50N A \u2013 fasada dopasowana do ka\u017cdego projektu","isPartOf":{"@id":"https:\/\/bertrand.pl\/#website"},"primaryImageOfPage":{"@id":"https:\/\/bertrand.pl\/produkt\/mb-sr50n-a\/#primaryimage"},"image":{"@id":"https:\/\/bertrand.pl\/produkt\/mb-sr50n-a\/#primaryimage"},"thumbnailUrl":"https:\/\/bertrand.pl\/wp-content\/uploads\/2024\/09\/mb-sr50n-a-76-pl.webp","datePublished":"2024-09-18T10:14:36+00:00","dateModified":"2025-07-14T10:51:44+00:00","description":"MB-SR50N A ist ein modernes System, das die Kombination verschiedener Baumaterialien erm\u00f6glicht und so die Nutzung unterschiedlicher Eigenschaften im Geb\u00e4ude erm\u00f6glicht.","breadcrumb":{"@id":"https:\/\/bertrand.pl\/produkt\/mb-sr50n-a\/#breadcrumb"},"inLanguage":"de","potentialAction":[{"@type":"ReadAction","target":["https:\/\/bertrand.pl\/produkt\/mb-sr50n-a\/"]}]},{"@type":"ImageObject","inLanguage":"de","@id":"https:\/\/bertrand.pl\/produkt\/mb-sr50n-a\/#primaryimage","url":"https:\/\/bertrand.pl\/wp-content\/uploads\/2024\/09\/mb-sr50n-a-76-pl.webp","contentUrl":"https:\/\/bertrand.pl\/wp-content\/uploads\/2024\/09\/mb-sr50n-a-76-pl.webp","width":564,"height":614,"caption":"Fasada MB-SR50N A spe\u0142nia wysokie standardy wsp\u00f3\u0142czesnej architektury."},{"@type":"BreadcrumbList","@id":"https:\/\/bertrand.pl\/produkt\/mb-sr50n-a\/#breadcrumb","itemListElement":[{"@type":"ListItem","position":1,"name":"Strona g\u0142\u00f3wna","item":"https:\/\/bertrand.pl\/"},{"@type":"ListItem","position":2,"name":"Produits","item":"https:\/\/bertrand.pl\/fr\/shop\/"},{"@type":"ListItem","position":3,"name":"MB-SR50N A"}]},{"@type":"WebSite","@id":"https:\/\/bertrand.pl\/#website","url":"https:\/\/bertrand.pl\/","name":"Bertrand.pl","description":"Firma Bertrand to certyfikowany i uznany producent najwy\u017cszej jako\u015bci okien z PVC, z drewna lub aluminium. Produkcja drzwi, rolet i bram gara\u017cowych.","publisher":{"@id":"https:\/\/bertrand.pl\/#organization"},"potentialAction":[{"@type":"SearchAction","target":{"@type":"EntryPoint","urlTemplate":"https:\/\/bertrand.pl\/?s={search_term_string}"},"query-input":{"@type":"PropertyValueSpecification","valueRequired":true,"valueName":"search_term_string"}}],"inLanguage":"de"},{"@type":"Organization","@id":"https:\/\/bertrand.pl\/#organization","name":"Bertrand.pl","url":"https:\/\/bertrand.pl\/","logo":{"@type":"ImageObject","inLanguage":"de","@id":"https:\/\/bertrand.pl\/#\/schema\/logo\/image\/","url":"https:\/\/bertrand.pl\/wp-content\/uploads\/2024\/12\/logo_BB_TM_PL_black.png","contentUrl":"https:\/\/bertrand.pl\/wp-content\/uploads\/2024\/12\/logo_BB_TM_PL_black.png","width":1831,"height":1831,"caption":"Bertrand.pl"},"image":{"@id":"https:\/\/bertrand.pl\/#\/schema\/logo\/image\/"},"sameAs":["https:\/\/www.facebook.com\/bertrandpolska\/","https:\/\/www.instagram.com\/bertrand_okna_i_drzwi\/","https:\/\/www.linkedin.com\/company\/bertrand\/","https:\/\/www.tiktok.com\/@bertrand_okna_drzwi"]}]}},"_links":{"self":[{"href":"https:\/\/bertrand.pl\/de\/wp-json\/wp\/v2\/product\/5104","targetHints":{"allow":["GET"]}}],"collection":[{"href":"https:\/\/bertrand.pl\/de\/wp-json\/wp\/v2\/product"}],"about":[{"href":"https:\/\/bertrand.pl\/de\/wp-json\/wp\/v2\/types\/product"}],"wp:featuredmedia":[{"embeddable":true,"href":"https:\/\/bertrand.pl\/de\/wp-json\/wp\/v2\/media\/5106"}],"wp:attachment":[{"href":"https:\/\/bertrand.pl\/de\/wp-json\/wp\/v2\/media?parent=5104"}],"wp:term":[{"taxonomy":"product_brand","embeddable":true,"href":"https:\/\/bertrand.pl\/de\/wp-json\/wp\/v2\/product_brand?post=5104"},{"taxonomy":"product_cat","embeddable":true,"href":"https:\/\/bertrand.pl\/de\/wp-json\/wp\/v2\/product_cat?post=5104"},{"taxonomy":"product_tag","embeddable":true,"href":"https:\/\/bertrand.pl\/de\/wp-json\/wp\/v2\/product_tag?post=5104"}],"curies":[{"name":"wp","href":"https:\/\/api.w.org\/{rel}","templated":true}]}}