{"id":5113,"date":"2024-09-18T13:55:49","date_gmt":"2024-09-18T11:55:49","guid":{"rendered":"https:\/\/bertrand.pl\/?post_type=product&#038;p=5113"},"modified":"2025-07-14T12:40:22","modified_gmt":"2025-07-14T10:40:22","slug":"mb-sr50n-2","status":"publish","type":"product","link":"https:\/\/bertrand.pl\/de\/produkt\/mb-sr50n-2\/","title":{"rendered":"MB-SR50N-EFFEKT"},"content":{"rendered":"<p><strong>MB-SR50N EFEKT-Fassade \u2013 Modernit\u00e4t und Funktionalit\u00e4t im Bauwesen<\/strong><\/p>\n<p>&nbsp;<\/p>\n<p><strong>MB-SR50N EFFECT Fassade<\/strong> ist ein fortschrittliches Konstruktionssystem f\u00fcr den Bau von leichten Vorhangfassaden, D\u00e4chern und Oberlichtern. Dank dieser L\u00f6sung k\u00f6nnen Sie Strukturen schaffen, die Haltbarkeit, \u00c4sthetik und hohe Funktionalit\u00e4t vereinen. Dar\u00fcber hinaus erm\u00f6glicht das auf der Pfosten-Riegel-Technologie MB-SR50N basierende System, dass Pfosten und Riegel von innen b\u00fcndig abschlie\u00dfen, wodurch es sich perfekt in moderne Innenr\u00e4ume einf\u00fcgt.<\/p>\n<hr \/>\n<h3><strong>Besonderheiten der MB-SR50N EFEKT-Fassade<\/strong><\/h3>\n<p>&nbsp;<\/p>\n<h4><strong>Elegante Glasfassade<\/strong><\/h4>\n<p>&nbsp;<\/p>\n<p>Die Fassade bietet eine glatte, gleichm\u00e4\u00dfige Oberfl\u00e4che mit schmalen Linien von 2 cm Breite. Dar\u00fcber hinaus erh\u00f6ht die Silikonf\u00fcllung der Fugen die Dichtigkeit und W\u00e4rmed\u00e4mmung, was zu einem h\u00f6heren Komfort f\u00fcr die Geb\u00e4udenutzer f\u00fchrt.<\/p>\n<h4><strong>Vielf\u00e4ltige Verglasungsm\u00f6glichkeiten<\/strong><\/h4>\n<p>&nbsp;<\/p>\n<p>Unterst\u00fctzt eine Vielzahl von Glastypen wie:<\/p>\n<ul>\n<li>Ein- und Zweikammerglas,<\/li>\n<li>Verbundglas,<\/li>\n<li>undurchsichtige Platten.<\/li>\n<\/ul>\n<p>Dadurch passt sich die Fassade vielen Projekten und Investorenanforderungen an.<\/p>\n<h4><strong>Hohe Belastbarkeit und Langlebigkeit<\/strong><\/h4>\n<p>&nbsp;<\/p>\n<p>Die Anlage tr\u00e4gt Glaslasten mit einem Gewicht von bis zu 450 kg. Dar\u00fcber hinaus bietet es die Wahl zwischen Rahmen- und Punktmontage, was die Flexibilit\u00e4t in der Anwendung erh\u00f6ht.<\/p>\n<hr \/>\n<h3><strong>Technische Parameter der MB-SR50N EFEKT-Fassade<\/strong><\/h3>\n<p>&nbsp;<\/p>\n<p>Die Fassade f\u00e4llt auf:<\/p>\n<ul>\n<li><strong>Hohe W\u00e4rmed\u00e4mmung<\/strong>, das den Standards des energiesparenden Bauens entspricht,<\/li>\n<li>M\u00f6glichkeit der Anpassung an verschiedene technische Gegebenheiten,<\/li>\n<li><strong>Widerstandsf\u00e4higkeit gegen schwierige Wetterbedingungen<\/strong>, was es zu einer zuverl\u00e4ssigen L\u00f6sung f\u00fcr viele Jahre macht.<\/li>\n<\/ul>\n<hr \/>\n<h3><strong>Warum lohnt es sich, die Fassade MB-SR50N EFEKT zu w\u00e4hlen?<\/strong><\/h3>\n<p>&nbsp;<\/p>\n<h4><strong>Modernes Design<\/strong><\/h4>\n<p>Die glatte Oberfl\u00e4che und die schmalen Linien entsprechen den Trends der zeitgen\u00f6ssischen Architektur. Dadurch verleiht die Fassade jedem Geb\u00e4ude Eleganz.<\/p>\n<h4><strong>Funktionalit\u00e4t und Vielseitigkeit<\/strong><\/h4>\n<p>Durch verschiedene Verglasungsoptionen eignet sich die Fassade sowohl f\u00fcr den Einsatz in Wohn-, Gewerbe- als auch institutionellen Geb\u00e4uden.<\/p>\n<h4><strong>Energieeffizienz<\/strong><\/h4>\n<p>Dank der hervorragenden W\u00e4rmed\u00e4mmung reduziert die Fassade den W\u00e4rmeverlust, was zu geringeren Betriebskosten des Geb\u00e4udes f\u00fchrt.<\/p>\n<h4><strong>Haltbarkeit und Zuverl\u00e4ssigkeit<\/strong><\/h4>\n<p>Die Fassade wurde im Hinblick auf intensive Nutzung und Langlebigkeit konzipiert, was sie zu einer hervorragenden Wahl f\u00fcr anspruchsvolle Investitionen macht.<\/p>\n<hr \/>\n<h3><strong>Anwendungen der MB-SR50N EFEKT-Fassade<\/strong><\/h3>\n<p>&nbsp;<\/p>\n<p>Die MB-SR50N EFEKT-Fassade ist eine vielseitige L\u00f6sung, die sich perfekt eignet f\u00fcr:<\/p>\n<ol>\n<li><strong>Moderne B\u00fcrogeb\u00e4ude<\/strong> \u2013 betont die Eleganz und das Prestige von Firmengeb\u00e4uden.<\/li>\n<li><strong>Wohngeb\u00e4ude<\/strong> \u2013 sorgt f\u00fcr \u00c4sthetik und W\u00e4rmed\u00e4mmung f\u00fcr den Komfort der Bewohner.<\/li>\n<li><strong>Gewerbe- und Dienstleistungseinrichtungen<\/strong> \u2013 erregt Aufmerksamkeit und erh\u00f6ht die Funktionalit\u00e4t von Gewerbefl\u00e4chen.<\/li>\n<li><strong>\u00d6ffentliche Einrichtungen<\/strong> \u2013 Oberlichter und Glasd\u00e4cher verleihen der Architektur einen modernen Charakter.<\/li>\n<\/ol>\n<figure style=\"width: 1014px\" class=\"wp-caption aligncenter\"><img fetchpriority=\"high\" decoding=\"async\" title=\"Fassade \" src=\"https:\/\/scontent-waw2-2.xx.fbcdn.net\/v\/t39.30808-6\/462375731_1057877833006694_8470772110020886313_n.jpg?_nc_cat=107&amp;ccb=1-7&amp;_nc_sid=127cfc&amp;_nc_ohc=EvqhjHAhy6cQ7kNvgFbsiDu&amp;_nc_zt=23&amp;_nc_ht=scontent-waw2-2.xx&amp;_nc_gid=Avi2ZayWx_BlXiSfSDXofoM&amp;oh=00_AYBn2DVlMCQFJZoKvA9ISHAsPUQeUXaYUQALaEKtGhNkMg&amp;oe=675DFC51\" alt=\"MB-SR50N EFEKT-Fassade in einem von Bertrands Projekten. Modernit\u00e4t und Eleganz im Bauwesen. \" width=\"1014\" height=\"676\" \/><figcaption class=\"wp-caption-text\">Bertrand-Fassade<\/figcaption><\/figure>\n<hr \/>\n<h3><\/h3>\n<p>Zusammenfassend l\u00e4sst sich sagen, dass es sich um eine ideale L\u00f6sung f\u00fcr Geb\u00e4ude handelt, die \u00c4sthetik, Langlebigkeit und Energieeffizienz vereinen. Dar\u00fcber hinaus erf\u00fcllen fortschrittliche Verglasungsoptionen und moderne Technologien diese Fassade den h\u00f6chsten Standards des modernen Bauens.<\/p>\n<p><strong>Schauen Sie sich auch andere Fassaden von Bertrand an: <a href=\"https:\/\/bertrand.pl\/de\/fassaden\/\" target=\"_new\" rel=\"noopener\">Fassaden \u2013 Bertrand.pl<\/a><\/strong><\/p>\n<p>Sehen Sie die moderne Fassade bei unserem Kunden: <a href=\"https:\/\/www.facebook.com\/photo\/?fbid=1061200346007776&amp;set=pcb.1061200432674434\">Facebook<\/a><\/p>","protected":false},"excerpt":{"rendered":"<p><strong>HALBSTRUKTURIERTE FASSADE<\/strong><\/p>\n<p>Das System MB-SR50N EFEKT wurde f\u00fcr den Bau von leichten Vorhangfassaden des h\u00e4ngenden und ausf\u00fcllenden Typs entwickelt. Es wird auch f\u00fcr die Erstellung von D\u00e4chern, Oberlichtern und anderen r\u00e4umlichen Konstruktionen verwendet. Die Konstruktion basiert auf dem bew\u00e4hrten Pfosten-Riegel-System MB-SR50N. Es bietet eine breite Auswahl an Profilen und erm\u00f6glicht eine \u00e4sthetische fl\u00e4chenb\u00fcndige Ausrichtung von Pfosten und Riegeln auf der Innenseite der Fassade. Dies erleichtert die harmonische Verbindung mit dem Innenraum des Geb\u00e4udes.<\/p>","protected":false},"featured_media":5117,"template":"","meta":{"site-sidebar-layout":"default","site-content-layout":"","ast-site-content-layout":"default","site-content-style":"default","site-sidebar-style":"default","ast-global-header-display":"","ast-banner-title-visibility":"","ast-main-header-display":"","ast-hfb-above-header-display":"","ast-hfb-below-header-display":"","ast-hfb-mobile-header-display":"","site-post-title":"","ast-breadcrumbs-content":"","ast-featured-img":"","footer-sml-layout":"","ast-disable-related-posts":"","theme-transparent-header-meta":"default","adv-header-id-meta":"","stick-header-meta":"","header-above-stick-meta":"","header-main-stick-meta":"","header-below-stick-meta":"","astra-migrate-meta-layouts":"set","ast-page-background-enabled":"default","ast-page-background-meta":{"desktop":{"background-color":"var(--ast-global-color-4)","background-image":"","background-repeat":"repeat","background-position":"center center","background-size":"auto","background-attachment":"scroll","background-type":"","background-media":"","overlay-type":"","overlay-color":"","overlay-opacity":"","overlay-gradient":""},"tablet":{"background-color":"","background-image":"","background-repeat":"repeat","background-position":"center center","background-size":"auto","background-attachment":"scroll","background-type":"","background-media":"","overlay-type":"","overlay-color":"","overlay-opacity":"","overlay-gradient":""},"mobile":{"background-color":"","background-image":"","background-repeat":"repeat","background-position":"center center","background-size":"auto","background-attachment":"scroll","background-type":"","background-media":"","overlay-type":"","overlay-color":"","overlay-opacity":"","overlay-gradient":""}},"ast-content-background-meta":{"desktop":{"background-color":"var(--ast-global-color-5)","background-image":"","background-repeat":"repeat","background-position":"center center","background-size":"auto","background-attachment":"scroll","background-type":"","background-media":"","overlay-type":"","overlay-color":"","overlay-opacity":"","overlay-gradient":""},"tablet":{"background-color":"var(--ast-global-color-5)","background-image":"","background-repeat":"repeat","background-position":"center center","background-size":"auto","background-attachment":"scroll","background-type":"","background-media":"","overlay-type":"","overlay-color":"","overlay-opacity":"","overlay-gradient":""},"mobile":{"background-color":"var(--ast-global-color-5)","background-image":"","background-repeat":"repeat","background-position":"center center","background-size":"auto","background-attachment":"scroll","background-type":"","background-media":"","overlay-type":"","overlay-color":"","overlay-opacity":"","overlay-gradient":""}}},"product_brand":[],"product_cat":[20],"product_tag":[349,168,717,803,816,453,820,808,405,810,815,807,819,812,811,809,818,817,390,409,814,813],"class_list":{"0":"post-5113","1":"product","2":"type-product","3":"status-publish","4":"has-post-thumbnail","6":"product_cat-fasady","7":"product_tag-aluprof","8":"product_tag-bertrand","9":"product_tag-bertrand-okna-i-drzwi","10":"product_tag-dachy-szklane","11":"product_tag-elewacje","12":"product_tag-energooszczednosc","13":"product_tag-estetyka-fasady","14":"product_tag-fasada-szklana","15":"product_tag-izolacja-termiczna","16":"product_tag-konstrukcja-aluminiowa","17":"product_tag-konstrukcje-przestrzenne","18":"product_tag-mb-sr50n-efekt","19":"product_tag-mocowanie-szyb","20":"product_tag-odpornosc-na-warunki-atmosferyczne","21":"product_tag-silikon-konstrukcyjny","22":"product_tag-slupowo-ryglowy","23":"product_tag-swietliki","24":"product_tag-system-fasadowy","25":"product_tag-szczelnosc","26":"product_tag-szklenie","27":"product_tag-szklo-jedno-i-dwukomorowe","28":"product_tag-szklo-laminowane","29":"desktop-align-left","30":"tablet-align-left","31":"mobile-align-left","33":"first","34":"instock","35":"shipping-taxable","36":"product-type-simple"},"yoast_head":"<!-- This site is optimized with the Yoast SEO Premium plugin v27.2 (Yoast SEO v27.2) - https:\/\/yoast.com\/product\/yoast-seo-premium-wordpress\/ -->\n<title>MB-SR50N EFEKT \u2013 architektura \u015bwiat\u0142a i precyzji<\/title>\n<meta name=\"description\" content=\"MB-SR50N to elegancka fasada szklana i doskona\u0142a funkcjonalno\u015b\u0107! Idealne rozwi\u0105zanie dla nowoczesnych i eleganckich budynk\u00f3w\" \/>\n<meta name=\"robots\" content=\"index, follow, max-snippet:-1, max-image-preview:large, max-video-preview:-1\" \/>\n<link rel=\"canonical\" href=\"https:\/\/bertrand.pl\/de\/produkt\/mb-sr50n-2\/\" \/>\n<meta property=\"og:locale\" content=\"de_DE\" \/>\n<meta property=\"og:type\" content=\"article\" \/>\n<meta property=\"og:title\" content=\"MB-SR50N EFEKT\" \/>\n<meta property=\"og:description\" content=\"MB-SR50N to elegancka fasada szklana i doskona\u0142a funkcjonalno\u015b\u0107! Idealne rozwi\u0105zanie dla nowoczesnych i eleganckich budynk\u00f3w\" \/>\n<meta property=\"og:url\" content=\"https:\/\/bertrand.pl\/de\/produkt\/mb-sr50n-2\/\" \/>\n<meta property=\"og:site_name\" content=\"Bertrand. Najwy\u017cszej jako\u015bci okna i drzwi. Certyfikowany producent od 1969 roku.\" \/>\n<meta property=\"article:publisher\" content=\"https:\/\/www.facebook.com\/bertrandpolska\/\" \/>\n<meta property=\"article:modified_time\" content=\"2025-07-14T10:40:22+00:00\" \/>\n<meta property=\"og:image\" content=\"https:\/\/bertrand.pl\/wp-content\/uploads\/2024\/09\/mb-sr50n-efekt-64-pl.webp\" \/>\n\t<meta property=\"og:image:width\" content=\"542\" \/>\n\t<meta property=\"og:image:height\" content=\"614\" \/>\n\t<meta property=\"og:image:type\" content=\"image\/webp\" \/>\n<meta name=\"twitter:card\" content=\"summary_large_image\" \/>\n<meta name=\"twitter:label1\" content=\"Gesch\u00e4tzte Lesezeit\" \/>\n\t<meta name=\"twitter:data1\" content=\"3\u00a0Minuten\" \/>\n<script type=\"application\/ld+json\" class=\"yoast-schema-graph\">{\"@context\":\"https:\/\/schema.org\",\"@graph\":[{\"@type\":\"WebPage\",\"@id\":\"https:\/\/bertrand.pl\/produkt\/mb-sr50n-2\/\",\"url\":\"https:\/\/bertrand.pl\/produkt\/mb-sr50n-2\/\",\"name\":\"MB-SR50N EFEKT \u2013 architektura \u015bwiat\u0142a i precyzji\",\"isPartOf\":{\"@id\":\"https:\/\/bertrand.pl\/#website\"},\"primaryImageOfPage\":{\"@id\":\"https:\/\/bertrand.pl\/produkt\/mb-sr50n-2\/#primaryimage\"},\"image\":{\"@id\":\"https:\/\/bertrand.pl\/produkt\/mb-sr50n-2\/#primaryimage\"},\"thumbnailUrl\":\"https:\/\/bertrand.pl\/wp-content\/uploads\/2024\/09\/mb-sr50n-efekt-64-pl.webp\",\"datePublished\":\"2024-09-18T11:55:49+00:00\",\"dateModified\":\"2025-07-14T10:40:22+00:00\",\"description\":\"MB-SR50N to elegancka fasada szklana i doskona\u0142a funkcjonalno\u015b\u0107! Idealne rozwi\u0105zanie dla nowoczesnych i eleganckich budynk\u00f3w\",\"breadcrumb\":{\"@id\":\"https:\/\/bertrand.pl\/produkt\/mb-sr50n-2\/#breadcrumb\"},\"inLanguage\":\"de\",\"potentialAction\":[{\"@type\":\"ReadAction\",\"target\":[\"https:\/\/bertrand.pl\/produkt\/mb-sr50n-2\/\"]}]},{\"@type\":\"ImageObject\",\"inLanguage\":\"de\",\"@id\":\"https:\/\/bertrand.pl\/produkt\/mb-sr50n-2\/#primaryimage\",\"url\":\"https:\/\/bertrand.pl\/wp-content\/uploads\/2024\/09\/mb-sr50n-efekt-64-pl.webp\",\"contentUrl\":\"https:\/\/bertrand.pl\/wp-content\/uploads\/2024\/09\/mb-sr50n-efekt-64-pl.webp\",\"width\":542,\"height\":614,\"caption\":\"Fasada MB SR 50N\"},{\"@type\":\"BreadcrumbList\",\"@id\":\"https:\/\/bertrand.pl\/produkt\/mb-sr50n-2\/#breadcrumb\",\"itemListElement\":[{\"@type\":\"ListItem\",\"position\":1,\"name\":\"Strona g\u0142\u00f3wna\",\"item\":\"https:\/\/bertrand.pl\/\"},{\"@type\":\"ListItem\",\"position\":2,\"name\":\"Produits\",\"item\":\"https:\/\/bertrand.pl\/fr\/shop\/\"},{\"@type\":\"ListItem\",\"position\":3,\"name\":\"MB-SR50N EFEKT\"}]},{\"@type\":\"WebSite\",\"@id\":\"https:\/\/bertrand.pl\/#website\",\"url\":\"https:\/\/bertrand.pl\/\",\"name\":\"Bertrand.pl\",\"description\":\"Firma Bertrand to certyfikowany i uznany producent najwy\u017cszej jako\u015bci okien z PVC, z drewna lub aluminium. Produkcja drzwi, rolet i bram gara\u017cowych.\",\"publisher\":{\"@id\":\"https:\/\/bertrand.pl\/#organization\"},\"potentialAction\":[{\"@type\":\"SearchAction\",\"target\":{\"@type\":\"EntryPoint\",\"urlTemplate\":\"https:\/\/bertrand.pl\/?s={search_term_string}\"},\"query-input\":{\"@type\":\"PropertyValueSpecification\",\"valueRequired\":true,\"valueName\":\"search_term_string\"}}],\"inLanguage\":\"de\"},{\"@type\":\"Organization\",\"@id\":\"https:\/\/bertrand.pl\/#organization\",\"name\":\"Bertrand.pl\",\"url\":\"https:\/\/bertrand.pl\/\",\"logo\":{\"@type\":\"ImageObject\",\"inLanguage\":\"de\",\"@id\":\"https:\/\/bertrand.pl\/#\/schema\/logo\/image\/\",\"url\":\"https:\/\/bertrand.pl\/wp-content\/uploads\/2024\/12\/logo_BB_TM_PL_black.png\",\"contentUrl\":\"https:\/\/bertrand.pl\/wp-content\/uploads\/2024\/12\/logo_BB_TM_PL_black.png\",\"width\":1831,\"height\":1831,\"caption\":\"Bertrand.pl\"},\"image\":{\"@id\":\"https:\/\/bertrand.pl\/#\/schema\/logo\/image\/\"},\"sameAs\":[\"https:\/\/www.facebook.com\/bertrandpolska\/\",\"https:\/\/www.instagram.com\/bertrand_okna_i_drzwi\/\",\"https:\/\/www.linkedin.com\/company\/bertrand\/\",\"https:\/\/www.tiktok.com\/@bertrand_okna_drzwi\"]}]}<\/script>\n<!-- \/ Yoast SEO Premium plugin. -->","yoast_head_json":{"title":"MB-SR50N EFEKT \u2013 architektura \u015bwiat\u0142a i precyzji","description":"MB-SR50N ist eine elegante Glasfassade und hervorragende Funktionalit\u00e4t! Die perfekte L\u00f6sung f\u00fcr moderne und elegante Geb\u00e4ude","robots":{"index":"index","follow":"follow","max-snippet":"max-snippet:-1","max-image-preview":"max-image-preview:large","max-video-preview":"max-video-preview:-1"},"canonical":"https:\/\/bertrand.pl\/de\/produkt\/mb-sr50n-2\/","og_locale":"de_DE","og_type":"article","og_title":"MB-SR50N EFEKT","og_description":"MB-SR50N to elegancka fasada szklana i doskona\u0142a funkcjonalno\u015b\u0107! Idealne rozwi\u0105zanie dla nowoczesnych i eleganckich budynk\u00f3w","og_url":"https:\/\/bertrand.pl\/de\/produkt\/mb-sr50n-2\/","og_site_name":"Bertrand. Najwy\u017cszej jako\u015bci okna i drzwi. Certyfikowany producent od 1969 roku.","article_publisher":"https:\/\/www.facebook.com\/bertrandpolska\/","article_modified_time":"2025-07-14T10:40:22+00:00","og_image":[{"width":542,"height":614,"url":"https:\/\/bertrand.pl\/wp-content\/uploads\/2024\/09\/mb-sr50n-efekt-64-pl.webp","type":"image\/webp"}],"twitter_card":"summary_large_image","twitter_misc":{"Gesch\u00e4tzte Lesezeit":"3\u00a0Minuten"},"schema":{"@context":"https:\/\/schema.org","@graph":[{"@type":"WebPage","@id":"https:\/\/bertrand.pl\/produkt\/mb-sr50n-2\/","url":"https:\/\/bertrand.pl\/produkt\/mb-sr50n-2\/","name":"MB-SR50N EFEKT \u2013 architektura \u015bwiat\u0142a i precyzji","isPartOf":{"@id":"https:\/\/bertrand.pl\/#website"},"primaryImageOfPage":{"@id":"https:\/\/bertrand.pl\/produkt\/mb-sr50n-2\/#primaryimage"},"image":{"@id":"https:\/\/bertrand.pl\/produkt\/mb-sr50n-2\/#primaryimage"},"thumbnailUrl":"https:\/\/bertrand.pl\/wp-content\/uploads\/2024\/09\/mb-sr50n-efekt-64-pl.webp","datePublished":"2024-09-18T11:55:49+00:00","dateModified":"2025-07-14T10:40:22+00:00","description":"MB-SR50N ist eine elegante Glasfassade und hervorragende Funktionalit\u00e4t! Die perfekte L\u00f6sung f\u00fcr moderne und elegante Geb\u00e4ude","breadcrumb":{"@id":"https:\/\/bertrand.pl\/produkt\/mb-sr50n-2\/#breadcrumb"},"inLanguage":"de","potentialAction":[{"@type":"ReadAction","target":["https:\/\/bertrand.pl\/produkt\/mb-sr50n-2\/"]}]},{"@type":"ImageObject","inLanguage":"de","@id":"https:\/\/bertrand.pl\/produkt\/mb-sr50n-2\/#primaryimage","url":"https:\/\/bertrand.pl\/wp-content\/uploads\/2024\/09\/mb-sr50n-efekt-64-pl.webp","contentUrl":"https:\/\/bertrand.pl\/wp-content\/uploads\/2024\/09\/mb-sr50n-efekt-64-pl.webp","width":542,"height":614,"caption":"Fasada MB SR 50N"},{"@type":"BreadcrumbList","@id":"https:\/\/bertrand.pl\/produkt\/mb-sr50n-2\/#breadcrumb","itemListElement":[{"@type":"ListItem","position":1,"name":"Strona g\u0142\u00f3wna","item":"https:\/\/bertrand.pl\/"},{"@type":"ListItem","position":2,"name":"Produits","item":"https:\/\/bertrand.pl\/fr\/shop\/"},{"@type":"ListItem","position":3,"name":"MB-SR50N EFEKT"}]},{"@type":"WebSite","@id":"https:\/\/bertrand.pl\/#website","url":"https:\/\/bertrand.pl\/","name":"Bertrand.pl","description":"Firma Bertrand to certyfikowany i uznany producent najwy\u017cszej jako\u015bci okien z PVC, z drewna lub aluminium. Produkcja drzwi, rolet i bram gara\u017cowych.","publisher":{"@id":"https:\/\/bertrand.pl\/#organization"},"potentialAction":[{"@type":"SearchAction","target":{"@type":"EntryPoint","urlTemplate":"https:\/\/bertrand.pl\/?s={search_term_string}"},"query-input":{"@type":"PropertyValueSpecification","valueRequired":true,"valueName":"search_term_string"}}],"inLanguage":"de"},{"@type":"Organization","@id":"https:\/\/bertrand.pl\/#organization","name":"Bertrand.pl","url":"https:\/\/bertrand.pl\/","logo":{"@type":"ImageObject","inLanguage":"de","@id":"https:\/\/bertrand.pl\/#\/schema\/logo\/image\/","url":"https:\/\/bertrand.pl\/wp-content\/uploads\/2024\/12\/logo_BB_TM_PL_black.png","contentUrl":"https:\/\/bertrand.pl\/wp-content\/uploads\/2024\/12\/logo_BB_TM_PL_black.png","width":1831,"height":1831,"caption":"Bertrand.pl"},"image":{"@id":"https:\/\/bertrand.pl\/#\/schema\/logo\/image\/"},"sameAs":["https:\/\/www.facebook.com\/bertrandpolska\/","https:\/\/www.instagram.com\/bertrand_okna_i_drzwi\/","https:\/\/www.linkedin.com\/company\/bertrand\/","https:\/\/www.tiktok.com\/@bertrand_okna_drzwi"]}]}},"_links":{"self":[{"href":"https:\/\/bertrand.pl\/de\/wp-json\/wp\/v2\/product\/5113","targetHints":{"allow":["GET"]}}],"collection":[{"href":"https:\/\/bertrand.pl\/de\/wp-json\/wp\/v2\/product"}],"about":[{"href":"https:\/\/bertrand.pl\/de\/wp-json\/wp\/v2\/types\/product"}],"wp:featuredmedia":[{"embeddable":true,"href":"https:\/\/bertrand.pl\/de\/wp-json\/wp\/v2\/media\/5117"}],"wp:attachment":[{"href":"https:\/\/bertrand.pl\/de\/wp-json\/wp\/v2\/media?parent=5113"}],"wp:term":[{"taxonomy":"product_brand","embeddable":true,"href":"https:\/\/bertrand.pl\/de\/wp-json\/wp\/v2\/product_brand?post=5113"},{"taxonomy":"product_cat","embeddable":true,"href":"https:\/\/bertrand.pl\/de\/wp-json\/wp\/v2\/product_cat?post=5113"},{"taxonomy":"product_tag","embeddable":true,"href":"https:\/\/bertrand.pl\/de\/wp-json\/wp\/v2\/product_tag?post=5113"}],"curies":[{"name":"wp","href":"https:\/\/api.w.org\/{rel}","templated":true}]}}