{"id":5119,"date":"2024-09-18T08:34:11","date_gmt":"2024-09-18T06:34:11","guid":{"rendered":"https:\/\/bertrand.pl\/?post_type=product&#038;p=5119"},"modified":"2025-07-14T14:57:01","modified_gmt":"2025-07-14T12:57:01","slug":"mb-sr50n-iw","status":"publish","type":"product","link":"https:\/\/bertrand.pl\/de\/produkt\/mb-sr50n-iw\/","title":{"rendered":"MB-SR50N IW"},"content":{"rendered":"<h3>Vorhangfassadensystem MB-SR50N IW \u2013 moderne L\u00f6sungen f\u00fcr Pfosten-Riegel-Fassaden<\/h3>\n<p>&nbsp;<\/p>\n<p>Das Vorhangfassadensystem MB-SR50N IW ist eine innovative L\u00f6sung, die den Einsatz verschiedener Fenster in Pfosten-Riegel-Fassaden erm\u00f6glicht und sowohl \u00c4sthetik als auch Funktionalit\u00e4t bietet. Dank dieses Systems k\u00f6nnen Architekten und Investoren moderne, energiesparende und optisch ansprechende Geb\u00e4udefassaden schaffen.<\/p>\n<h4>Verschiedene Fenster im MB-SR50N IW-System<\/h4>\n<p>&nbsp;<\/p>\n<p>Das MB-SR50N IW-System erm\u00f6glicht den Einbau verschiedener Fenstertypen, die den Anforderungen moderner Architekturentw\u00fcrfe perfekt entsprechen. Zu den wichtigsten L\u00f6sungen geh\u00f6ren:<\/p>\n<ol>\n<li><strong>Fenster mit sichtbarem Rahmen<\/strong>:\n<ul>\n<li>Sie k\u00f6nnen nach innen oder au\u00dfen ge\u00f6ffnet werden.<\/li>\n<li>Sie gew\u00e4hrleisten Langlebigkeit und Dichtheit, was sie zur idealen Wahl f\u00fcr Gewerbe- und B\u00fcrogeb\u00e4ude macht.<\/li>\n<\/ul>\n<\/li>\n<li><strong>Rahmenlose Au\u00dfenfenster<\/strong>:\n<ul>\n<li>Nach au\u00dfen kippbar durch Struktur-Systemprofile.<\/li>\n<li>Das minimalistische Design sorgt f\u00fcr ein elegantes Erscheinungsbild der Fassade, was f\u00fcr Geb\u00e4ude im modernen Stil von entscheidender Bedeutung ist.<\/li>\n<\/ul>\n<\/li>\n<\/ol>\n<h4>Moderne, nach innen \u00f6ffnende Fenster<\/h4>\n<p>&nbsp;<\/p>\n<p>Sie sind eine Sonderl\u00f6sung <strong>nach innen \u00f6ffnende Fenster<\/strong>, die sich durch ihre einzigartige \u00c4sthetik auszeichnen. Denn von au\u00dfen wirken sie wie eine station\u00e4re Verglasung, was zur optischen Einheitlichkeit der Fassade beitr\u00e4gt. Im Inneren bilden sie mit S\u00e4ulen- und Riegelprofilen eine einheitliche Oberfl\u00e4che. Dank dieser L\u00f6sung erreichen wir sowohl visuelle Konsistenz als auch Funktionalit\u00e4t.<\/p>\n<h4>Strukturverglasung und W\u00e4rmed\u00e4mmung<\/h4>\n<p>&nbsp;<\/p>\n<p>Das MB-SR50 IW-System verwendet <strong>Strukturverglasung<\/strong> mit geklebtem Glas ohne \u201eStufe\u201c. Dieser moderne Ansatz gew\u00e4hrleistet:<\/p>\n<ul>\n<li>Einzigartige \u00c4sthetik \u2013 der Verzicht auf sichtbare Glaskanten erh\u00f6ht den optischen Wert.<\/li>\n<li>Hervorragende W\u00e4rmed\u00e4mmung \u2013 W\u00e4rmedurchgangskoeffizient Uf=1,82 W\/m\u00b2K in der Standardausf\u00fchrung. Dadurch tr\u00e4gt das System dazu bei, die Betriebskosten von Geb\u00e4uden zu senken.<\/li>\n<\/ul>\n<h4>Im MB-SR50N IW-System verf\u00fcgbare Varianten<\/h4>\n<p>&nbsp;<\/p>\n<p>Das System bietet verschiedene Varianten, wodurch Sie es an individuelle Gestaltungsw\u00fcnsche anpassen k\u00f6nnen:<\/p>\n<ul>\n<li><strong>Standard<\/strong> \u2013 klassische Optik und Funktionalit\u00e4t.<\/li>\n<li><strong>Mit flachem Streifen<\/strong> \u2013 Gew\u00e4hrleistung eines minimalistischen Designs.<\/li>\n<li><strong>WIRKUNG<\/strong> \u2013 eine L\u00f6sung f\u00fcr Projekte, die h\u00f6chste \u00c4sthetik erfordern.<\/li>\n<\/ul>\n<p>Dieses System ist eine ideale Wahl f\u00fcr Investoren und Architekten, die nach modernen L\u00f6sungen f\u00fcr Pfosten-Riegel-Fassaden suchen. Seine Vielseitigkeit, \u00c4sthetik und hervorragenden technischen Parameter machen es zu einer der am h\u00e4ufigsten gew\u00e4hlten L\u00f6sungen im modernen Bauwesen. Der Einsatz dieses Systems garantiert eine optisch ansprechende Fassade, die auch h\u00f6chste W\u00e4rmed\u00e4mmstandards erf\u00fcllt.<\/p>","protected":false},"excerpt":{"rendered":"<p><strong>FASSADE MIT INTEGRIERTEM FENSTER<\/strong><\/p>\n<p>Ein Vorhangfassadensystem mit einem nach innen \u00f6ffnenden Fenster und einem unsichtbaren Rahmen an der Au\u00dfenseite.<\/p>","protected":false},"featured_media":5121,"template":"","meta":{"site-sidebar-layout":"default","site-content-layout":"","ast-site-content-layout":"default","site-content-style":"default","site-sidebar-style":"default","ast-global-header-display":"","ast-banner-title-visibility":"","ast-main-header-display":"","ast-hfb-above-header-display":"","ast-hfb-below-header-display":"","ast-hfb-mobile-header-display":"","site-post-title":"","ast-breadcrumbs-content":"","ast-featured-img":"","footer-sml-layout":"","ast-disable-related-posts":"","theme-transparent-header-meta":"default","adv-header-id-meta":"","stick-header-meta":"","header-above-stick-meta":"","header-main-stick-meta":"","header-below-stick-meta":"","astra-migrate-meta-layouts":"set","ast-page-background-enabled":"default","ast-page-background-meta":{"desktop":{"background-color":"var(--ast-global-color-4)","background-image":"","background-repeat":"repeat","background-position":"center center","background-size":"auto","background-attachment":"scroll","background-type":"","background-media":"","overlay-type":"","overlay-color":"","overlay-opacity":"","overlay-gradient":""},"tablet":{"background-color":"","background-image":"","background-repeat":"repeat","background-position":"center center","background-size":"auto","background-attachment":"scroll","background-type":"","background-media":"","overlay-type":"","overlay-color":"","overlay-opacity":"","overlay-gradient":""},"mobile":{"background-color":"","background-image":"","background-repeat":"repeat","background-position":"center center","background-size":"auto","background-attachment":"scroll","background-type":"","background-media":"","overlay-type":"","overlay-color":"","overlay-opacity":"","overlay-gradient":""}},"ast-content-background-meta":{"desktop":{"background-color":"var(--ast-global-color-5)","background-image":"","background-repeat":"repeat","background-position":"center center","background-size":"auto","background-attachment":"scroll","background-type":"","background-media":"","overlay-type":"","overlay-color":"","overlay-opacity":"","overlay-gradient":""},"tablet":{"background-color":"var(--ast-global-color-5)","background-image":"","background-repeat":"repeat","background-position":"center center","background-size":"auto","background-attachment":"scroll","background-type":"","background-media":"","overlay-type":"","overlay-color":"","overlay-opacity":"","overlay-gradient":""},"mobile":{"background-color":"var(--ast-global-color-5)","background-image":"","background-repeat":"repeat","background-position":"center center","background-size":"auto","background-attachment":"scroll","background-type":"","background-media":"","overlay-type":"","overlay-color":"","overlay-opacity":"","overlay-gradient":""}}},"product_brand":[],"product_cat":[20],"product_tag":[349,168,717,816,661,824,417,825,821,831,827,823,822,809,826,828,829,830],"class_list":{"0":"post-5119","1":"product","2":"type-product","3":"status-publish","4":"has-post-thumbnail","6":"product_cat-fasady","7":"product_tag-aluprof","8":"product_tag-bertrand","9":"product_tag-bertrand-okna-i-drzwi","10":"product_tag-elewacje","11":"product_tag-estetyka","12":"product_tag-fasada-bezramowa","13":"product_tag-fasady","14":"product_tag-izolacyjnosc-termiczna","15":"product_tag-mb-sr50-iw","16":"product_tag-nowoczesne-okna","17":"product_tag-okno-bezramowe","18":"product_tag-okno-otwierane-do-wewnatrz","19":"product_tag-sciana-oslonowa","20":"product_tag-slupowo-ryglowy","21":"product_tag-strukturalne-przeszklenie","22":"product_tag-system-efekt","23":"product_tag-szklenie-strukturalne","24":"product_tag-wspolczynnik-uf","25":"desktop-align-left","26":"tablet-align-left","27":"mobile-align-left","29":"first","30":"instock","31":"shipping-taxable","32":"product-type-simple"},"yoast_head":"<!-- This site is optimized with the Yoast SEO Premium plugin v27.2 (Yoast SEO v27.2) - https:\/\/yoast.com\/product\/yoast-seo-premium-wordpress\/ -->\n<title>MB-SR50N IW \u2013 funkcjonalno\u015b\u0107 ukryta w fasadzie<\/title>\n<meta name=\"description\" content=\"MB-SR50N IW. System \u015bciany os\u0142onowej z oknem otwieranym do wewn\u0105trz, z niewidoczn\u0105 ram\u0105 od strony zewn\u0119trznej. Dost\u0119pna w trzech wariantach.\" \/>\n<meta name=\"robots\" content=\"index, follow, max-snippet:-1, max-image-preview:large, max-video-preview:-1\" \/>\n<link rel=\"canonical\" href=\"https:\/\/bertrand.pl\/de\/produkt\/mb-sr50n-iw\/\" \/>\n<meta property=\"og:locale\" content=\"de_DE\" \/>\n<meta property=\"og:type\" content=\"article\" \/>\n<meta property=\"og:title\" content=\"MB-SR50N IW\" \/>\n<meta property=\"og:description\" content=\"MB-SR50N IW. System \u015bciany os\u0142onowej z oknem otwieranym do wewn\u0105trz, z niewidoczn\u0105 ram\u0105 od strony zewn\u0119trznej. Dost\u0119pna w trzech wariantach.\" \/>\n<meta property=\"og:url\" content=\"https:\/\/bertrand.pl\/de\/produkt\/mb-sr50n-iw\/\" \/>\n<meta property=\"og:site_name\" content=\"Bertrand. Najwy\u017cszej jako\u015bci okna i drzwi. Certyfikowany producent od 1969 roku.\" \/>\n<meta property=\"article:publisher\" content=\"https:\/\/www.facebook.com\/bertrandpolska\/\" \/>\n<meta property=\"article:modified_time\" content=\"2025-07-14T12:57:01+00:00\" \/>\n<meta property=\"og:image\" content=\"https:\/\/bertrand.pl\/wp-content\/uploads\/2024\/09\/mb-sr50n-iw-75-pl.webp\" \/>\n\t<meta property=\"og:image:width\" content=\"613\" \/>\n\t<meta property=\"og:image:height\" content=\"614\" \/>\n\t<meta property=\"og:image:type\" content=\"image\/webp\" \/>\n<meta name=\"twitter:card\" content=\"summary_large_image\" \/>\n<meta name=\"twitter:label1\" content=\"Gesch\u00e4tzte Lesezeit\" \/>\n\t<meta name=\"twitter:data1\" content=\"3\u00a0Minuten\" \/>\n<script type=\"application\/ld+json\" class=\"yoast-schema-graph\">{\"@context\":\"https:\/\/schema.org\",\"@graph\":[{\"@type\":\"WebPage\",\"@id\":\"https:\/\/bertrand.pl\/produkt\/mb-sr50n-iw\/\",\"url\":\"https:\/\/bertrand.pl\/produkt\/mb-sr50n-iw\/\",\"name\":\"MB-SR50N IW \u2013 funkcjonalno\u015b\u0107 ukryta w fasadzie\",\"isPartOf\":{\"@id\":\"https:\/\/bertrand.pl\/#website\"},\"primaryImageOfPage\":{\"@id\":\"https:\/\/bertrand.pl\/produkt\/mb-sr50n-iw\/#primaryimage\"},\"image\":{\"@id\":\"https:\/\/bertrand.pl\/produkt\/mb-sr50n-iw\/#primaryimage\"},\"thumbnailUrl\":\"https:\/\/bertrand.pl\/wp-content\/uploads\/2024\/09\/mb-sr50n-iw-75-pl.webp\",\"datePublished\":\"2024-09-18T06:34:11+00:00\",\"dateModified\":\"2025-07-14T12:57:01+00:00\",\"description\":\"MB-SR50N IW. System \u015bciany os\u0142onowej z oknem otwieranym do wewn\u0105trz, z niewidoczn\u0105 ram\u0105 od strony zewn\u0119trznej. Dost\u0119pna w trzech wariantach.\",\"breadcrumb\":{\"@id\":\"https:\/\/bertrand.pl\/produkt\/mb-sr50n-iw\/#breadcrumb\"},\"inLanguage\":\"de\",\"potentialAction\":[{\"@type\":\"ReadAction\",\"target\":[\"https:\/\/bertrand.pl\/produkt\/mb-sr50n-iw\/\"]}]},{\"@type\":\"ImageObject\",\"inLanguage\":\"de\",\"@id\":\"https:\/\/bertrand.pl\/produkt\/mb-sr50n-iw\/#primaryimage\",\"url\":\"https:\/\/bertrand.pl\/wp-content\/uploads\/2024\/09\/mb-sr50n-iw-75-pl.webp\",\"contentUrl\":\"https:\/\/bertrand.pl\/wp-content\/uploads\/2024\/09\/mb-sr50n-iw-75-pl.webp\",\"width\":613,\"height\":614},{\"@type\":\"BreadcrumbList\",\"@id\":\"https:\/\/bertrand.pl\/produkt\/mb-sr50n-iw\/#breadcrumb\",\"itemListElement\":[{\"@type\":\"ListItem\",\"position\":1,\"name\":\"Strona g\u0142\u00f3wna\",\"item\":\"https:\/\/bertrand.pl\/\"},{\"@type\":\"ListItem\",\"position\":2,\"name\":\"Produits\",\"item\":\"https:\/\/bertrand.pl\/fr\/shop\/\"},{\"@type\":\"ListItem\",\"position\":3,\"name\":\"MB-SR50N IW\"}]},{\"@type\":\"WebSite\",\"@id\":\"https:\/\/bertrand.pl\/#website\",\"url\":\"https:\/\/bertrand.pl\/\",\"name\":\"Bertrand.pl\",\"description\":\"Firma Bertrand to certyfikowany i uznany producent najwy\u017cszej jako\u015bci okien z PVC, z drewna lub aluminium. Produkcja drzwi, rolet i bram gara\u017cowych.\",\"publisher\":{\"@id\":\"https:\/\/bertrand.pl\/#organization\"},\"potentialAction\":[{\"@type\":\"SearchAction\",\"target\":{\"@type\":\"EntryPoint\",\"urlTemplate\":\"https:\/\/bertrand.pl\/?s={search_term_string}\"},\"query-input\":{\"@type\":\"PropertyValueSpecification\",\"valueRequired\":true,\"valueName\":\"search_term_string\"}}],\"inLanguage\":\"de\"},{\"@type\":\"Organization\",\"@id\":\"https:\/\/bertrand.pl\/#organization\",\"name\":\"Bertrand.pl\",\"url\":\"https:\/\/bertrand.pl\/\",\"logo\":{\"@type\":\"ImageObject\",\"inLanguage\":\"de\",\"@id\":\"https:\/\/bertrand.pl\/#\/schema\/logo\/image\/\",\"url\":\"https:\/\/bertrand.pl\/wp-content\/uploads\/2024\/12\/logo_BB_TM_PL_black.png\",\"contentUrl\":\"https:\/\/bertrand.pl\/wp-content\/uploads\/2024\/12\/logo_BB_TM_PL_black.png\",\"width\":1831,\"height\":1831,\"caption\":\"Bertrand.pl\"},\"image\":{\"@id\":\"https:\/\/bertrand.pl\/#\/schema\/logo\/image\/\"},\"sameAs\":[\"https:\/\/www.facebook.com\/bertrandpolska\/\",\"https:\/\/www.instagram.com\/bertrand_okna_i_drzwi\/\",\"https:\/\/www.linkedin.com\/company\/bertrand\/\",\"https:\/\/www.tiktok.com\/@bertrand_okna_drzwi\"]}]}<\/script>\n<!-- \/ Yoast SEO Premium plugin. -->","yoast_head_json":{"title":"MB-SR50N IW \u2013 funkcjonalno\u015b\u0107 ukryta w fasadzie","description":"MB-SR50N IW. Ein Vorhangfassadensystem mit einem nach innen \u00f6ffnenden Fenster und einem unsichtbaren Rahmen an der Au\u00dfenseite. Erh\u00e4ltlich in drei Varianten.","robots":{"index":"index","follow":"follow","max-snippet":"max-snippet:-1","max-image-preview":"max-image-preview:large","max-video-preview":"max-video-preview:-1"},"canonical":"https:\/\/bertrand.pl\/de\/produkt\/mb-sr50n-iw\/","og_locale":"de_DE","og_type":"article","og_title":"MB-SR50N IW","og_description":"MB-SR50N IW. System \u015bciany os\u0142onowej z oknem otwieranym do wewn\u0105trz, z niewidoczn\u0105 ram\u0105 od strony zewn\u0119trznej. Dost\u0119pna w trzech wariantach.","og_url":"https:\/\/bertrand.pl\/de\/produkt\/mb-sr50n-iw\/","og_site_name":"Bertrand. Najwy\u017cszej jako\u015bci okna i drzwi. Certyfikowany producent od 1969 roku.","article_publisher":"https:\/\/www.facebook.com\/bertrandpolska\/","article_modified_time":"2025-07-14T12:57:01+00:00","og_image":[{"width":613,"height":614,"url":"https:\/\/bertrand.pl\/wp-content\/uploads\/2024\/09\/mb-sr50n-iw-75-pl.webp","type":"image\/webp"}],"twitter_card":"summary_large_image","twitter_misc":{"Gesch\u00e4tzte Lesezeit":"3\u00a0Minuten"},"schema":{"@context":"https:\/\/schema.org","@graph":[{"@type":"WebPage","@id":"https:\/\/bertrand.pl\/produkt\/mb-sr50n-iw\/","url":"https:\/\/bertrand.pl\/produkt\/mb-sr50n-iw\/","name":"MB-SR50N IW \u2013 funkcjonalno\u015b\u0107 ukryta w fasadzie","isPartOf":{"@id":"https:\/\/bertrand.pl\/#website"},"primaryImageOfPage":{"@id":"https:\/\/bertrand.pl\/produkt\/mb-sr50n-iw\/#primaryimage"},"image":{"@id":"https:\/\/bertrand.pl\/produkt\/mb-sr50n-iw\/#primaryimage"},"thumbnailUrl":"https:\/\/bertrand.pl\/wp-content\/uploads\/2024\/09\/mb-sr50n-iw-75-pl.webp","datePublished":"2024-09-18T06:34:11+00:00","dateModified":"2025-07-14T12:57:01+00:00","description":"MB-SR50N IW. Ein Vorhangfassadensystem mit einem nach innen \u00f6ffnenden Fenster und einem unsichtbaren Rahmen an der Au\u00dfenseite. Erh\u00e4ltlich in drei Varianten.","breadcrumb":{"@id":"https:\/\/bertrand.pl\/produkt\/mb-sr50n-iw\/#breadcrumb"},"inLanguage":"de","potentialAction":[{"@type":"ReadAction","target":["https:\/\/bertrand.pl\/produkt\/mb-sr50n-iw\/"]}]},{"@type":"ImageObject","inLanguage":"de","@id":"https:\/\/bertrand.pl\/produkt\/mb-sr50n-iw\/#primaryimage","url":"https:\/\/bertrand.pl\/wp-content\/uploads\/2024\/09\/mb-sr50n-iw-75-pl.webp","contentUrl":"https:\/\/bertrand.pl\/wp-content\/uploads\/2024\/09\/mb-sr50n-iw-75-pl.webp","width":613,"height":614},{"@type":"BreadcrumbList","@id":"https:\/\/bertrand.pl\/produkt\/mb-sr50n-iw\/#breadcrumb","itemListElement":[{"@type":"ListItem","position":1,"name":"Strona g\u0142\u00f3wna","item":"https:\/\/bertrand.pl\/"},{"@type":"ListItem","position":2,"name":"Produits","item":"https:\/\/bertrand.pl\/fr\/shop\/"},{"@type":"ListItem","position":3,"name":"MB-SR50N IW"}]},{"@type":"WebSite","@id":"https:\/\/bertrand.pl\/#website","url":"https:\/\/bertrand.pl\/","name":"Bertrand.pl","description":"Firma Bertrand to certyfikowany i uznany producent najwy\u017cszej jako\u015bci okien z PVC, z drewna lub aluminium. Produkcja drzwi, rolet i bram gara\u017cowych.","publisher":{"@id":"https:\/\/bertrand.pl\/#organization"},"potentialAction":[{"@type":"SearchAction","target":{"@type":"EntryPoint","urlTemplate":"https:\/\/bertrand.pl\/?s={search_term_string}"},"query-input":{"@type":"PropertyValueSpecification","valueRequired":true,"valueName":"search_term_string"}}],"inLanguage":"de"},{"@type":"Organization","@id":"https:\/\/bertrand.pl\/#organization","name":"Bertrand.pl","url":"https:\/\/bertrand.pl\/","logo":{"@type":"ImageObject","inLanguage":"de","@id":"https:\/\/bertrand.pl\/#\/schema\/logo\/image\/","url":"https:\/\/bertrand.pl\/wp-content\/uploads\/2024\/12\/logo_BB_TM_PL_black.png","contentUrl":"https:\/\/bertrand.pl\/wp-content\/uploads\/2024\/12\/logo_BB_TM_PL_black.png","width":1831,"height":1831,"caption":"Bertrand.pl"},"image":{"@id":"https:\/\/bertrand.pl\/#\/schema\/logo\/image\/"},"sameAs":["https:\/\/www.facebook.com\/bertrandpolska\/","https:\/\/www.instagram.com\/bertrand_okna_i_drzwi\/","https:\/\/www.linkedin.com\/company\/bertrand\/","https:\/\/www.tiktok.com\/@bertrand_okna_drzwi"]}]}},"_links":{"self":[{"href":"https:\/\/bertrand.pl\/de\/wp-json\/wp\/v2\/product\/5119","targetHints":{"allow":["GET"]}}],"collection":[{"href":"https:\/\/bertrand.pl\/de\/wp-json\/wp\/v2\/product"}],"about":[{"href":"https:\/\/bertrand.pl\/de\/wp-json\/wp\/v2\/types\/product"}],"wp:featuredmedia":[{"embeddable":true,"href":"https:\/\/bertrand.pl\/de\/wp-json\/wp\/v2\/media\/5121"}],"wp:attachment":[{"href":"https:\/\/bertrand.pl\/de\/wp-json\/wp\/v2\/media?parent=5119"}],"wp:term":[{"taxonomy":"product_brand","embeddable":true,"href":"https:\/\/bertrand.pl\/de\/wp-json\/wp\/v2\/product_brand?post=5119"},{"taxonomy":"product_cat","embeddable":true,"href":"https:\/\/bertrand.pl\/de\/wp-json\/wp\/v2\/product_cat?post=5119"},{"taxonomy":"product_tag","embeddable":true,"href":"https:\/\/bertrand.pl\/de\/wp-json\/wp\/v2\/product_tag?post=5119"}],"curies":[{"name":"wp","href":"https:\/\/api.w.org\/{rel}","templated":true}]}}