{"id":5129,"date":"2024-09-25T09:49:43","date_gmt":"2024-09-25T07:49:43","guid":{"rendered":"https:\/\/bertrand.pl\/?post_type=product&#038;p=5129"},"modified":"2025-07-14T12:27:28","modified_gmt":"2025-07-14T10:27:28","slug":"fenstertransparenz","status":"publish","type":"product","link":"https:\/\/bertrand.pl\/de\/produkt\/okno-przeziernosc\/","title":{"rendered":"Fenster mit variabler Transparenz"},"content":{"rendered":"<p><strong>Fenster mit variabler Transparenz \u2013 innovatives elektrisch betriebenes Glas<\/strong><\/p>\n<p>Elektronisch gesteuertes Glas mit variabler Transparenz ist eine moderne L\u00f6sung, die \u00c4sthetik mit Funktionalit\u00e4t verbindet. Dank der fortschrittlichen Technologie der Fl\u00fcssigkristallfolie reicht ein Klick aus, damit das Glas sein Aussehen ver\u00e4ndert \u2013 von undurchsichtig zu transparent. <strong>Fenster mit variabler Transparenz<\/strong> Bietet eine hohe Lichtdurchl\u00e4ssigkeit, unabh\u00e4ngig von \u00c4nderungen der Transparenz, was es zur idealen Wahl sowohl f\u00fcr Wohn- als auch f\u00fcr Gewerber\u00e4ume macht.<\/p>\n<h3><strong>Wie funktioniert Glas mit variabler Transparenz?<\/strong><\/h3>\n<p>&nbsp;<\/p>\n<p>Die Funktionsweise des Glases basiert auf der Technologie von Verbundglas mit Fl\u00fcssigkristallfolie. Wenn der Strom aktiviert wird, ordnen sich die Fl\u00fcssigkristalle geordnet an und machen das Glas transparent. Wird der Strom abgeschaltet, kehren die Kristalle in ihre urspr\u00fcngliche, chaotische Anordnung zur\u00fcck und verleihen dem Glas ein nat\u00fcrliches, mattes Aussehen. Dadurch ist diese L\u00f6sung nicht nur praktisch, sondern auch energiesparend und \u00e4sthetisch.<\/p>\n<p>&nbsp;<\/p>\n<figure id=\"attachment_5130\" aria-describedby=\"caption-attachment-5130\" style=\"width: 658px\" class=\"wp-caption alignnone\"><img fetchpriority=\"high\" decoding=\"async\" class=\"wp-image-5130\" src=\"https:\/\/bertrand.pl\/wp-content\/uploads\/2024\/09\/priva-lite-dzialanie1.jpg\" alt=\"Sehen Sie, wie ein Fenster mit variabler Transparenz funktioniert. \" width=\"658\" height=\"186\" srcset=\"https:\/\/bertrand.pl\/wp-content\/uploads\/2024\/09\/priva-lite-dzialanie1.jpg 1660w, https:\/\/bertrand.pl\/wp-content\/uploads\/2024\/09\/priva-lite-dzialanie1-420x119.jpg 420w, https:\/\/bertrand.pl\/wp-content\/uploads\/2024\/09\/priva-lite-dzialanie1-1360x384.jpg 1360w, https:\/\/bertrand.pl\/wp-content\/uploads\/2024\/09\/priva-lite-dzialanie1-768x217.jpg 768w, https:\/\/bertrand.pl\/wp-content\/uploads\/2024\/09\/priva-lite-dzialanie1-1536x434.jpg 1536w, https:\/\/bertrand.pl\/wp-content\/uploads\/2024\/09\/priva-lite-dzialanie1-18x5.jpg 18w, https:\/\/bertrand.pl\/wp-content\/uploads\/2024\/09\/priva-lite-dzialanie1-600x170.jpg 600w, https:\/\/bertrand.pl\/wp-content\/uploads\/2024\/09\/priva-lite-dzialanie1-350x100.jpg 350w\" sizes=\"(max-width: 658px) 100vw, 658px\" \/><figcaption id=\"caption-attachment-5130\" class=\"wp-caption-text\">Bedienung eines Fensters mit variabler Transparenz.<\/figcaption><\/figure>\n<p>&nbsp;<\/p>\n<h3><strong>Technische Spezifikationen eines Fensters mit variabler Transparenz<\/strong><\/h3>\n<p><strong>Fenster mit elektrisch bet\u00e4tigtem Glas<\/strong> bietet eine Vielzahl an Personalisierungsm\u00f6glichkeiten:<\/p>\n<ul>\n<li><strong>Geh\u00e4rtetes Glas<\/strong> \u2013 Gew\u00e4hrleistung gr\u00f6\u00dferer Haltbarkeit und Sicherheit,<\/li>\n<li><strong>Farbiges oder bedrucktes Glas<\/strong> \u2013 perfekt f\u00fcr Projekte, die ein einzigartiges Design erfordern,<\/li>\n<li><strong>Gebogenes Glas<\/strong> \u2013 perfekt f\u00fcr moderne, einzigartige Projekte,<\/li>\n<li><strong>Standardkonstruktion<\/strong> \u2013 Verbundglas 55,4 (12 mm) mit der M\u00f6glichkeit der Bestellung in Form einer Glaseinheit.<\/li>\n<\/ul>\n<hr \/>\n<h3><strong>Anwendungen von Glas mit variabler Transparenz<\/strong><\/h3>\n<p>Ein Fenster mit variabler Transparenz wird h\u00e4ufig in verschiedenen Projekten verwendet. Dank ihrer Vielseitigkeit k\u00f6nnen sie verwendet werden als:<\/p>\n<ul>\n<li><strong>Interne Trennw\u00e4nde<\/strong>, was eine schnelle Ver\u00e4nderung des Charakters von R\u00e4umen erm\u00f6glicht,<\/li>\n<li><strong>Interaktive Werbebildschirme<\/strong>, perfekt f\u00fcr moderne Marketingkampagnen,<\/li>\n<li><strong>Schiebet\u00fcren<\/strong>, \u00c4sthetik mit Funktionalit\u00e4t verbindend,<\/li>\n<li><strong>Verglasung von Fassaden und Schaufenstern<\/strong>, insbesondere in Gewerbefl\u00e4chen,<\/li>\n<li><strong>Ein- und Zweikammer-Glaseinheiten<\/strong>die den Isolationsanforderungen gen\u00fcgen,<\/li>\n<li><strong>Glasb\u00f6den<\/strong>, dem Innenraum einen modernen Akzent verleihen,<\/li>\n<li><strong>R\u00fcckprojektionsw\u00e4nde<\/strong>, perfekt f\u00fcr Pr\u00e4sentationen und Multimedia-Events.<\/li>\n<\/ul>\n<hr \/>\n<h3><strong>Warum lohnt es sich, ein Fenster mit variabler Transparenz zu w\u00e4hlen?<\/strong><\/h3>\n<ol>\n<li><strong>Modernes Design<\/strong> \u2013 elektrisch betriebenes Glas unterstreicht den modernen Charakter des Innenraums,<\/li>\n<li><strong>Vielseitig einsetzbar<\/strong> \u2013 kann in Wohnungen, B\u00fcros, Restaurants und Gesch\u00e4ften verwendet werden,<\/li>\n<li><strong>Funktionalit\u00e4t<\/strong> \u2013 Durch den schnellen Wechsel der Transparenz k\u00f6nnen Sie den Raum an die aktuellen Bed\u00fcrfnisse anpassen.<\/li>\n<li><strong>W\u00e4rme- und Schalld\u00e4mmung<\/strong> \u2013 Verbundglas reduziert effektiv den L\u00e4rm und begrenzt den W\u00e4rmeverlust,<\/li>\n<li><strong>Energie sparen<\/strong> \u2013 Die Fl\u00fcssigkristalltechnologie minimiert den Energieverbrauch und erh\u00f6ht den Bedienkomfort.<\/li>\n<\/ol>\n<hr \/>\n<h3><\/h3>\n<p>Ein Fenster mit elektrisch bet\u00e4tigtem Glas ist eine innovative L\u00f6sung, die die Art und Weise, wie Sie den Raum nutzen, revolutioniert. Dank der fortschrittlichen Fl\u00fcssigkristallfolientechnologie kombiniert es ein modernes Aussehen mit Funktionalit\u00e4t und gew\u00e4hrleistet so sowohl \u00c4sthetik als auch Praktikabilit\u00e4t. Wenn Sie auf der Suche nach einem Produkt sind, das sich Ihren Bed\u00fcrfnissen anpasst, <strong>Glas mit variabler Transparenz<\/strong> Es ist die perfekte Wahl.<\/p>\n<p>&nbsp;<\/p>\n<p>Sehen Sie, wie es funktioniert \u2013 <a href=\"https:\/\/www.youtube.com\/watch?v=Rcez_9PYouk\">BERTRAND-Fenster mit Glas mit variabler Transparenz. \u2013 YouTube<\/a><\/p>\n<p>Welche Jalousien sollten Sie f\u00fcr Ihre Fenster w\u00e4hlen? \u00dcberpr\u00fcfen: <a href=\"https:\/\/bertrand.pl\/de\/produkt\/zip-screen\/\">Bildschirmjalousien \u2013 Bertrand.pl<\/a><\/p>\n<figure id=\"attachment_5131\" aria-describedby=\"caption-attachment-5131\" style=\"width: 800px\" class=\"wp-caption alignnone\"><img decoding=\"async\" class=\"wp-image-5131\" src=\"https:\/\/bertrand.pl\/wp-content\/uploads\/2024\/09\/priva-lite.jpg\" alt=\"Fenster mit variabler Transparenz. Mit nur einem Klick wird das undurchsichtige Glas transparent.\" width=\"800\" height=\"531\" srcset=\"https:\/\/bertrand.pl\/wp-content\/uploads\/2024\/09\/priva-lite.jpg 2144w, https:\/\/bertrand.pl\/wp-content\/uploads\/2024\/09\/priva-lite-420x279.jpg 420w, https:\/\/bertrand.pl\/wp-content\/uploads\/2024\/09\/priva-lite-1360x903.jpg 1360w, https:\/\/bertrand.pl\/wp-content\/uploads\/2024\/09\/priva-lite-768x510.jpg 768w, https:\/\/bertrand.pl\/wp-content\/uploads\/2024\/09\/priva-lite-1536x1020.jpg 1536w, https:\/\/bertrand.pl\/wp-content\/uploads\/2024\/09\/priva-lite-2048x1360.jpg 2048w, https:\/\/bertrand.pl\/wp-content\/uploads\/2024\/09\/priva-lite-18x12.jpg 18w, https:\/\/bertrand.pl\/wp-content\/uploads\/2024\/09\/priva-lite-600x399.jpg 600w\" sizes=\"(max-width: 800px) 100vw, 800px\" \/><figcaption id=\"caption-attachment-5131\" class=\"wp-caption-text\">Glas mit variabler Transparenz<\/figcaption><\/figure>\n<p>&nbsp;<\/p>\n<h3>Warum lohnt es sich, ein Fenster mit variabler Transparenz zu w\u00e4hlen?<\/h3>\n<p>&nbsp;<\/p>\n<p>Zusammenfassend l\u00e4sst sich sagen, dass elektronisch gesteuertes Glas mit variabler Transparenz ein Produkt ist, das Modernit\u00e4t, Funktionalit\u00e4t und \u00c4sthetik vereint. Dank der Verwendung fortschrittlicher Fl\u00fcssigkristallfolientechnologie ist es eine ideale L\u00f6sung sowohl f\u00fcr Wohn- als auch f\u00fcr Gewerber\u00e4ume. Wenn Sie auf der Suche nach einem Produkt sind, das durch moderne Optik und vielseitige Einsatzm\u00f6glichkeiten \u00fcberzeugt, wird dieses Glas ganz sicher Ihre Erwartungen erf\u00fcllen!<\/p>\n<p>&nbsp;<\/p>","protected":false},"excerpt":{"rendered":"<p><strong>ELEKTRONISCH GESTEUERTES GLAS MIT VARIABLER TRANSPARENZ<\/strong><\/p>\n<p>Bei diesem Glas handelt es sich um Verbundsicherheitsglas auf Basis der Fl\u00fcssigkristallfolientechnologie. Im undurchsichtigen Zustand hat es ein nat\u00fcrliches, mattes Aussehen. Wenn die Stromversorgung wiederhergestellt ist, ordnen sich die Kristalle neu an und das Glas wird sofort transparent.<\/p>","protected":false},"featured_media":5128,"template":"","meta":{"site-sidebar-layout":"default","site-content-layout":"","ast-site-content-layout":"default","site-content-style":"default","site-sidebar-style":"default","ast-global-header-display":"","ast-banner-title-visibility":"","ast-main-header-display":"","ast-hfb-above-header-display":"","ast-hfb-below-header-display":"","ast-hfb-mobile-header-display":"","site-post-title":"","ast-breadcrumbs-content":"","ast-featured-img":"","footer-sml-layout":"","ast-disable-related-posts":"","theme-transparent-header-meta":"default","adv-header-id-meta":"","stick-header-meta":"","header-above-stick-meta":"","header-main-stick-meta":"","header-below-stick-meta":"","astra-migrate-meta-layouts":"set","ast-page-background-enabled":"default","ast-page-background-meta":{"desktop":{"background-color":"var(--ast-global-color-4)","background-image":"","background-repeat":"repeat","background-position":"center center","background-size":"auto","background-attachment":"scroll","background-type":"","background-media":"","overlay-type":"","overlay-color":"","overlay-opacity":"","overlay-gradient":""},"tablet":{"background-color":"","background-image":"","background-repeat":"repeat","background-position":"center center","background-size":"auto","background-attachment":"scroll","background-type":"","background-media":"","overlay-type":"","overlay-color":"","overlay-opacity":"","overlay-gradient":""},"mobile":{"background-color":"","background-image":"","background-repeat":"repeat","background-position":"center center","background-size":"auto","background-attachment":"scroll","background-type":"","background-media":"","overlay-type":"","overlay-color":"","overlay-opacity":"","overlay-gradient":""}},"ast-content-background-meta":{"desktop":{"background-color":"var(--ast-global-color-5)","background-image":"","background-repeat":"repeat","background-position":"center center","background-size":"auto","background-attachment":"scroll","background-type":"","background-media":"","overlay-type":"","overlay-color":"","overlay-opacity":"","overlay-gradient":""},"tablet":{"background-color":"var(--ast-global-color-5)","background-image":"","background-repeat":"repeat","background-position":"center center","background-size":"auto","background-attachment":"scroll","background-type":"","background-media":"","overlay-type":"","overlay-color":"","overlay-opacity":"","overlay-gradient":""},"mobile":{"background-color":"var(--ast-global-color-5)","background-image":"","background-repeat":"repeat","background-position":"center center","background-size":"auto","background-attachment":"scroll","background-type":"","background-media":"","overlay-type":"","overlay-color":"","overlay-opacity":"","overlay-gradient":""}}},"product_brand":[],"product_cat":[832],"product_tag":[168,175,849,833,834,843,836,174,846,848,837,845,842,844,840,839,841,813,838,850,847,835],"class_list":{"0":"post-5129","1":"product","2":"type-product","3":"status-publish","4":"has-post-thumbnail","6":"product_cat-okno-ze-zmienna-przeziernoscia","7":"product_tag-bertrand","8":"product_tag-drzwi","9":"product_tag-ekrany-do-projekcji-tylnej","10":"product_tag-elektronicznie-sterowane-szklo","11":"product_tag-folia-cieklokrystaliczna","12":"product_tag-interaktywne-ekrany-reklamowe","13":"product_tag-matowy-wyglad","14":"product_tag-okna","15":"product_tag-okna-wystawowe","16":"product_tag-podlogi-szklane","17":"product_tag-przepuszczalnosc-swiatla","18":"product_tag-przeszklenia-fasad","19":"product_tag-scianki-dzialowe","20":"product_tag-system-drzwi-przesuwnych","21":"product_tag-szklo-giete","22":"product_tag-szklo-hartowane","23":"product_tag-szklo-kolorowe","24":"product_tag-szklo-laminowane","25":"product_tag-szklo-pol-przezierne","26":"product_tag-technologia-szkla","27":"product_tag-zespolenia-szklane","28":"product_tag-zmienna-przeziernosc","29":"desktop-align-left","30":"tablet-align-left","31":"mobile-align-left","33":"first","34":"instock","35":"shipping-taxable","36":"product-type-simple"},"yoast_head":"<!-- This site is optimized with the Yoast SEO Premium plugin v27.2 (Yoast SEO v27.2) - https:\/\/yoast.com\/product\/yoast-seo-premium-wordpress\/ -->\n<title>Przezierno\u015b\u0107 na klikni\u0119cie<\/title>\n<meta name=\"description\" content=\"Okno ze zmienn\u0105 przezierno\u015bci\u0105. Nowoczesno\u015b\u0107 na wyci\u0105gni\u0119cie r\u0119ki! Jedno klikni\u0119cie i elektrycznie nieprzezierna szklana szyba staje si\u0119 przezierna.\" \/>\n<meta name=\"robots\" content=\"index, follow, max-snippet:-1, max-image-preview:large, max-video-preview:-1\" \/>\n<link rel=\"canonical\" href=\"https:\/\/bertrand.pl\/de\/produkt\/fenstertransparenz\/\" \/>\n<meta property=\"og:locale\" content=\"de_DE\" \/>\n<meta property=\"og:type\" content=\"article\" \/>\n<meta property=\"og:title\" content=\"Okno ze zmienn\u0105 przezierno\u015bci\u0105\" \/>\n<meta property=\"og:description\" content=\"Okno ze zmienn\u0105 przezierno\u015bci\u0105. Nowoczesno\u015b\u0107 na wyci\u0105gni\u0119cie r\u0119ki! Jedno klikni\u0119cie i elektrycznie nieprzezierna szklana szyba staje si\u0119 przezierna.\" \/>\n<meta property=\"og:url\" content=\"https:\/\/bertrand.pl\/de\/produkt\/fenstertransparenz\/\" \/>\n<meta property=\"og:site_name\" content=\"Bertrand. Najwy\u017cszej jako\u015bci okna i drzwi. Certyfikowany producent od 1969 roku.\" \/>\n<meta property=\"article:publisher\" content=\"https:\/\/www.facebook.com\/bertrandpolska\/\" \/>\n<meta property=\"article:modified_time\" content=\"2025-07-14T10:27:28+00:00\" \/>\n<meta property=\"og:image\" content=\"https:\/\/bertrand.pl\/wp-content\/uploads\/2024\/09\/PRIVA-LITE-kopia.png\" \/>\n\t<meta property=\"og:image:width\" content=\"440\" \/>\n\t<meta property=\"og:image:height\" content=\"440\" \/>\n\t<meta property=\"og:image:type\" content=\"image\/png\" \/>\n<meta name=\"twitter:card\" content=\"summary_large_image\" \/>\n<meta name=\"twitter:label1\" content=\"Gesch\u00e4tzte Lesezeit\" \/>\n\t<meta name=\"twitter:data1\" content=\"4\u00a0Minuten\" \/>\n<script type=\"application\/ld+json\" class=\"yoast-schema-graph\">{\"@context\":\"https:\/\/schema.org\",\"@graph\":[{\"@type\":\"WebPage\",\"@id\":\"https:\/\/bertrand.pl\/produkt\/okno-przeziernosc\/\",\"url\":\"https:\/\/bertrand.pl\/produkt\/okno-przeziernosc\/\",\"name\":\"Przezierno\u015b\u0107 na klikni\u0119cie\",\"isPartOf\":{\"@id\":\"https:\/\/bertrand.pl\/#website\"},\"primaryImageOfPage\":{\"@id\":\"https:\/\/bertrand.pl\/produkt\/okno-przeziernosc\/#primaryimage\"},\"image\":{\"@id\":\"https:\/\/bertrand.pl\/produkt\/okno-przeziernosc\/#primaryimage\"},\"thumbnailUrl\":\"https:\/\/bertrand.pl\/wp-content\/uploads\/2024\/09\/PRIVA-LITE-kopia.png\",\"datePublished\":\"2024-09-25T07:49:43+00:00\",\"dateModified\":\"2025-07-14T10:27:28+00:00\",\"description\":\"Okno ze zmienn\u0105 przezierno\u015bci\u0105. Nowoczesno\u015b\u0107 na wyci\u0105gni\u0119cie r\u0119ki! Jedno klikni\u0119cie i elektrycznie nieprzezierna szklana szyba staje si\u0119 przezierna.\",\"breadcrumb\":{\"@id\":\"https:\/\/bertrand.pl\/produkt\/okno-przeziernosc\/#breadcrumb\"},\"inLanguage\":\"de\",\"potentialAction\":[{\"@type\":\"ReadAction\",\"target\":[\"https:\/\/bertrand.pl\/produkt\/okno-przeziernosc\/\"]}]},{\"@type\":\"ImageObject\",\"inLanguage\":\"de\",\"@id\":\"https:\/\/bertrand.pl\/produkt\/okno-przeziernosc\/#primaryimage\",\"url\":\"https:\/\/bertrand.pl\/wp-content\/uploads\/2024\/09\/PRIVA-LITE-kopia.png\",\"contentUrl\":\"https:\/\/bertrand.pl\/wp-content\/uploads\/2024\/09\/PRIVA-LITE-kopia.png\",\"width\":440,\"height\":440},{\"@type\":\"BreadcrumbList\",\"@id\":\"https:\/\/bertrand.pl\/produkt\/okno-przeziernosc\/#breadcrumb\",\"itemListElement\":[{\"@type\":\"ListItem\",\"position\":1,\"name\":\"Strona g\u0142\u00f3wna\",\"item\":\"https:\/\/bertrand.pl\/\"},{\"@type\":\"ListItem\",\"position\":2,\"name\":\"Produits\",\"item\":\"https:\/\/bertrand.pl\/fr\/shop\/\"},{\"@type\":\"ListItem\",\"position\":3,\"name\":\"Okno ze zmienn\u0105 przezierno\u015bci\u0105\"}]},{\"@type\":\"WebSite\",\"@id\":\"https:\/\/bertrand.pl\/#website\",\"url\":\"https:\/\/bertrand.pl\/\",\"name\":\"Bertrand.pl\",\"description\":\"Firma Bertrand to certyfikowany i uznany producent najwy\u017cszej jako\u015bci okien z PVC, z drewna lub aluminium. Produkcja drzwi, rolet i bram gara\u017cowych.\",\"publisher\":{\"@id\":\"https:\/\/bertrand.pl\/#organization\"},\"potentialAction\":[{\"@type\":\"SearchAction\",\"target\":{\"@type\":\"EntryPoint\",\"urlTemplate\":\"https:\/\/bertrand.pl\/?s={search_term_string}\"},\"query-input\":{\"@type\":\"PropertyValueSpecification\",\"valueRequired\":true,\"valueName\":\"search_term_string\"}}],\"inLanguage\":\"de\"},{\"@type\":\"Organization\",\"@id\":\"https:\/\/bertrand.pl\/#organization\",\"name\":\"Bertrand.pl\",\"url\":\"https:\/\/bertrand.pl\/\",\"logo\":{\"@type\":\"ImageObject\",\"inLanguage\":\"de\",\"@id\":\"https:\/\/bertrand.pl\/#\/schema\/logo\/image\/\",\"url\":\"https:\/\/bertrand.pl\/wp-content\/uploads\/2024\/12\/logo_BB_TM_PL_black.png\",\"contentUrl\":\"https:\/\/bertrand.pl\/wp-content\/uploads\/2024\/12\/logo_BB_TM_PL_black.png\",\"width\":1831,\"height\":1831,\"caption\":\"Bertrand.pl\"},\"image\":{\"@id\":\"https:\/\/bertrand.pl\/#\/schema\/logo\/image\/\"},\"sameAs\":[\"https:\/\/www.facebook.com\/bertrandpolska\/\",\"https:\/\/www.instagram.com\/bertrand_okna_i_drzwi\/\",\"https:\/\/www.linkedin.com\/company\/bertrand\/\",\"https:\/\/www.tiktok.com\/@bertrand_okna_drzwi\"]}]}<\/script>\n<!-- \/ Yoast SEO Premium plugin. -->","yoast_head_json":{"title":"Przezierno\u015b\u0107 na klikni\u0119cie","description":"Fenster mit variabler Transparenz. Modernit\u00e4t zum Greifen nah! Ein Klick und das elektrisch undurchsichtige Glasfenster wird transparent.","robots":{"index":"index","follow":"follow","max-snippet":"max-snippet:-1","max-image-preview":"max-image-preview:large","max-video-preview":"max-video-preview:-1"},"canonical":"https:\/\/bertrand.pl\/de\/produkt\/fenstertransparenz\/","og_locale":"de_DE","og_type":"article","og_title":"Okno ze zmienn\u0105 przezierno\u015bci\u0105","og_description":"Okno ze zmienn\u0105 przezierno\u015bci\u0105. Nowoczesno\u015b\u0107 na wyci\u0105gni\u0119cie r\u0119ki! Jedno klikni\u0119cie i elektrycznie nieprzezierna szklana szyba staje si\u0119 przezierna.","og_url":"https:\/\/bertrand.pl\/de\/produkt\/fenstertransparenz\/","og_site_name":"Bertrand. Najwy\u017cszej jako\u015bci okna i drzwi. Certyfikowany producent od 1969 roku.","article_publisher":"https:\/\/www.facebook.com\/bertrandpolska\/","article_modified_time":"2025-07-14T10:27:28+00:00","og_image":[{"width":440,"height":440,"url":"https:\/\/bertrand.pl\/wp-content\/uploads\/2024\/09\/PRIVA-LITE-kopia.png","type":"image\/png"}],"twitter_card":"summary_large_image","twitter_misc":{"Gesch\u00e4tzte Lesezeit":"4\u00a0Minuten"},"schema":{"@context":"https:\/\/schema.org","@graph":[{"@type":"WebPage","@id":"https:\/\/bertrand.pl\/produkt\/okno-przeziernosc\/","url":"https:\/\/bertrand.pl\/produkt\/okno-przeziernosc\/","name":"Przezierno\u015b\u0107 na klikni\u0119cie","isPartOf":{"@id":"https:\/\/bertrand.pl\/#website"},"primaryImageOfPage":{"@id":"https:\/\/bertrand.pl\/produkt\/okno-przeziernosc\/#primaryimage"},"image":{"@id":"https:\/\/bertrand.pl\/produkt\/okno-przeziernosc\/#primaryimage"},"thumbnailUrl":"https:\/\/bertrand.pl\/wp-content\/uploads\/2024\/09\/PRIVA-LITE-kopia.png","datePublished":"2024-09-25T07:49:43+00:00","dateModified":"2025-07-14T10:27:28+00:00","description":"Fenster mit variabler Transparenz. Modernit\u00e4t zum Greifen nah! Ein Klick und das elektrisch undurchsichtige Glasfenster wird transparent.","breadcrumb":{"@id":"https:\/\/bertrand.pl\/produkt\/okno-przeziernosc\/#breadcrumb"},"inLanguage":"de","potentialAction":[{"@type":"ReadAction","target":["https:\/\/bertrand.pl\/produkt\/okno-przeziernosc\/"]}]},{"@type":"ImageObject","inLanguage":"de","@id":"https:\/\/bertrand.pl\/produkt\/okno-przeziernosc\/#primaryimage","url":"https:\/\/bertrand.pl\/wp-content\/uploads\/2024\/09\/PRIVA-LITE-kopia.png","contentUrl":"https:\/\/bertrand.pl\/wp-content\/uploads\/2024\/09\/PRIVA-LITE-kopia.png","width":440,"height":440},{"@type":"BreadcrumbList","@id":"https:\/\/bertrand.pl\/produkt\/okno-przeziernosc\/#breadcrumb","itemListElement":[{"@type":"ListItem","position":1,"name":"Strona g\u0142\u00f3wna","item":"https:\/\/bertrand.pl\/"},{"@type":"ListItem","position":2,"name":"Produits","item":"https:\/\/bertrand.pl\/fr\/shop\/"},{"@type":"ListItem","position":3,"name":"Okno ze zmienn\u0105 przezierno\u015bci\u0105"}]},{"@type":"WebSite","@id":"https:\/\/bertrand.pl\/#website","url":"https:\/\/bertrand.pl\/","name":"Bertrand.pl","description":"Firma Bertrand to certyfikowany i uznany producent najwy\u017cszej jako\u015bci okien z PVC, z drewna lub aluminium. Produkcja drzwi, rolet i bram gara\u017cowych.","publisher":{"@id":"https:\/\/bertrand.pl\/#organization"},"potentialAction":[{"@type":"SearchAction","target":{"@type":"EntryPoint","urlTemplate":"https:\/\/bertrand.pl\/?s={search_term_string}"},"query-input":{"@type":"PropertyValueSpecification","valueRequired":true,"valueName":"search_term_string"}}],"inLanguage":"de"},{"@type":"Organization","@id":"https:\/\/bertrand.pl\/#organization","name":"Bertrand.pl","url":"https:\/\/bertrand.pl\/","logo":{"@type":"ImageObject","inLanguage":"de","@id":"https:\/\/bertrand.pl\/#\/schema\/logo\/image\/","url":"https:\/\/bertrand.pl\/wp-content\/uploads\/2024\/12\/logo_BB_TM_PL_black.png","contentUrl":"https:\/\/bertrand.pl\/wp-content\/uploads\/2024\/12\/logo_BB_TM_PL_black.png","width":1831,"height":1831,"caption":"Bertrand.pl"},"image":{"@id":"https:\/\/bertrand.pl\/#\/schema\/logo\/image\/"},"sameAs":["https:\/\/www.facebook.com\/bertrandpolska\/","https:\/\/www.instagram.com\/bertrand_okna_i_drzwi\/","https:\/\/www.linkedin.com\/company\/bertrand\/","https:\/\/www.tiktok.com\/@bertrand_okna_drzwi"]}]}},"_links":{"self":[{"href":"https:\/\/bertrand.pl\/de\/wp-json\/wp\/v2\/product\/5129","targetHints":{"allow":["GET"]}}],"collection":[{"href":"https:\/\/bertrand.pl\/de\/wp-json\/wp\/v2\/product"}],"about":[{"href":"https:\/\/bertrand.pl\/de\/wp-json\/wp\/v2\/types\/product"}],"wp:featuredmedia":[{"embeddable":true,"href":"https:\/\/bertrand.pl\/de\/wp-json\/wp\/v2\/media\/5128"}],"wp:attachment":[{"href":"https:\/\/bertrand.pl\/de\/wp-json\/wp\/v2\/media?parent=5129"}],"wp:term":[{"taxonomy":"product_brand","embeddable":true,"href":"https:\/\/bertrand.pl\/de\/wp-json\/wp\/v2\/product_brand?post=5129"},{"taxonomy":"product_cat","embeddable":true,"href":"https:\/\/bertrand.pl\/de\/wp-json\/wp\/v2\/product_cat?post=5129"},{"taxonomy":"product_tag","embeddable":true,"href":"https:\/\/bertrand.pl\/de\/wp-json\/wp\/v2\/product_tag?post=5129"}],"curies":[{"name":"wp","href":"https:\/\/api.w.org\/{rel}","templated":true}]}}