{"id":6528,"date":"2025-03-13T13:12:03","date_gmt":"2025-03-13T12:12:03","guid":{"rendered":"https:\/\/bertrand.pl\/?post_type=product&#038;p=6528"},"modified":"2025-07-10T14:58:03","modified_gmt":"2025-07-10T12:58:03","slug":"hifinity-magnetic-slider","status":"publish","type":"product","link":"https:\/\/bertrand.pl\/de\/produkt\/hifinity-magnetic-slider\/","title":{"rendered":"Hifinity Magnetic Slider"},"content":{"rendered":"<h1 style=\"text-align: center;\" data-start=\"210\" data-end=\"287\"><span style=\"font-size: 1.5em; font-style: normal; font-weight: bold;\">HiFinity Magnetic Slider. <\/span>Perfekcja i komfort ka\u017cdego przesuni\u0119cia!<\/h1>\n<p>&nbsp;<\/p>\n<p data-start=\"289\" data-end=\"574\">System <strong data-start=\"296\" data-end=\"308\">HiFinity<\/strong> Magnetic Slider to nowoczesne drzwi przesuwne, kt\u00f3re \u0142\u0105cz\u0105 elegancj\u0119 i wygod\u0119 u\u017cytkowania. Dzi\u0119ki ultracienkim profilom oraz du\u017cym przeszkleniom zapewniaj\u0105 naturalne do\u015bwietlenie wn\u0119trz. <strong data-start=\"502\" data-end=\"518\">W ten spos\u00f3b<\/strong> umo\u017cliwiaj\u0105 swobodne otwarcie przestrzeni na otoczenie.<\/p>\n<p data-start=\"576\" data-end=\"866\"><strong data-start=\"576\" data-end=\"588\">Nowo\u015bci\u0105<\/strong> w ofercie jest <strong data-start=\"604\" data-end=\"632\">HiFinity Magnetic Slider<\/strong>, czyli wariant z magnetyczn\u0105 szyn\u0105 przesuwu. <strong data-start=\"678\" data-end=\"702\">W przeciwie\u0144stwie do<\/strong> standardowych rozwi\u0105za\u0144, ten system umo\u017cliwia \u0142atwe przesuwanie skrzyde\u0142 o masie do <strong data-start=\"787\" data-end=\"797\">600 kg<\/strong>. To <strong data-start=\"802\" data-end=\"823\">dwukrotnie wi\u0119cej<\/strong> ni\u017c w przypadku tradycyjnych konstrukcji.<\/p>\n<p data-start=\"868\" data-end=\"1096\"><strong data-start=\"868\" data-end=\"892\">Dlaczego to mo\u017cliwe?<\/strong> Zastosowanie magnes\u00f3w pozwala zredukowa\u0107 si\u0142\u0119 potrzebn\u0105 do przesuwania skrzyde\u0142 a\u017c o <strong data-start=\"978\" data-end=\"985\">50%<\/strong>. <strong data-start=\"987\" data-end=\"1005\">W konsekwencji<\/strong>, u\u017cytkownik odczuwa p\u0142ynno\u015b\u0107 i cicho\u015b\u0107 dzia\u0142ania, co znacz\u0105co wp\u0142ywa na codzienny komfort.<\/p>\n<p data-start=\"1098\" data-end=\"1308\"><strong data-start=\"1098\" data-end=\"1111\">Dodatkowo<\/strong>, ca\u0142o\u015b\u0107 opiera si\u0119 na przemy\u015blanej konstrukcji, kt\u00f3ra ogranicza potrzeb\u0119 konserwacji. <strong data-start=\"1198\" data-end=\"1214\">W rezultacie jest <\/strong>to rozwi\u0105zanie nie tylko estetyczne, ale tak\u017ce praktyczne i trwa\u0142e.<\/p>\n<p data-start=\"1310\" data-end=\"1473\"><strong data-start=\"1310\" data-end=\"1326\">Podsumowuj\u0105c<\/strong>, je\u015bli szukasz drzwi przesuwnych, kt\u00f3re \u0142\u0105cz\u0105 minimalistyczny design z technologicznym zaawansowaniem \u2013 HiFinity Magnetic Slider jest odpowiedzi\u0105.<\/p>\n<p>&nbsp;<\/p>\n<h4 data-start=\"166\" data-end=\"218\"><strong data-start=\"166\" data-end=\"218\">Kluczowe cechy systemu :<\/strong><\/h4>\n<p>&nbsp;<\/p>\n<ul data-start=\"220\" data-end=\"597\">\n<li data-start=\"220\" data-end=\"379\">\n<p data-start=\"222\" data-end=\"379\"><strong data-start=\"222\" data-end=\"259\">P\u0142ynna obs\u0142uga ci\u0119\u017ckich skrzyde\u0142.<\/strong> <span class=\"relative -mx-px my-[-0.2rem] rounded px-px py-[0.2rem]\">Innowacyjna technologia szyny magnetycznej umo\u017cliwia bezwysi\u0142kowe przesuwanie skrzyde\u0142 o wadze do 600 kg, co zapewnia komfort i niezawodno\u015b\u0107 u\u017cytkowania.<\/span><\/p>\n<\/li>\n<li data-start=\"381\" data-end=\"492\">\n<p data-start=\"383\" data-end=\"492\"><strong data-start=\"383\" data-end=\"410\">Minimalistyczny design.<\/strong> <span class=\"relative -mx-px my-[-0.2rem] rounded px-px py-[0.2rem]\">Elegancki wygl\u0105d systemu doskonale komponuje si\u0119 z nowoczesnymi wn\u0119trzami, oferuj\u0105c niemal nieograniczone, przezroczyste powierzchnie, kt\u00f3re maksymalizuj\u0105 dost\u0119p naturalnego \u015bwiat\u0142a.<\/span>\u200b<\/p>\n<\/li>\n<li data-start=\"494\" data-end=\"597\">\n<p data-start=\"496\" data-end=\"597\"><strong data-start=\"496\" data-end=\"513\">\u0141atwy monta\u017c.<\/strong> <span class=\"relative -mx-px my-[-0.2rem] rounded px-px py-[0.2rem]\">System zosta\u0142 zaprojektowany z my\u015bl\u0105 o \u0142atwej integracji z istniej\u0105cymi konstrukcjami HiFinity z potr\u00f3jnym szkleniem. To pozwala na szybkie i efektywne wdro\u017cenie.<\/span><\/p>\n<\/li>\n<\/ul>\n<blockquote class=\"wp-embedded-content\" data-secret=\"N0blv7jYPp\"><p><a href=\"https:\/\/bertrand.pl\/produkt\/mb-79n-us\/\">MB 79N US (Ukryte skrzyd\u0142o)<\/a><\/p><\/blockquote>\n<p><iframe class=\"wp-embedded-content\" sandbox=\"allow-scripts\" security=\"restricted\" style=\"position: absolute; visibility: hidden;\" title=\"&#8222;MB 79N US (Ukryte skrzyd\u0142o)&#8221; &#8212; Bertrand. Najwy\u017cszej jako\u015bci okna i drzwi. Certyfikowany producent od 1969 roku. \" src=\"https:\/\/bertrand.pl\/produkt\/mb-79n-us\/embed\/#?secret=VxjpANz2SS#?secret=N0blv7jYPp\" data-secret=\"N0blv7jYPp\" width=\"500\" height=\"282\" frameborder=\"0\" marginwidth=\"0\" marginheight=\"0\" scrolling=\"no\"><\/iframe><\/p>\n<p>&nbsp;<\/p>\n<p><img fetchpriority=\"high\" decoding=\"async\" class=\"wp-image-6530\" src=\"https:\/\/bertrand.pl\/wp-content\/uploads\/2025\/03\/71446_Maison-privee-Cahors1.jpg\" alt=\"System przesuwny HiFinity Magnetic Slider to nowoczesne rozwi\u0105zanie, kt\u00f3re \u0142\u0105czy elegancki design z zaawansowan\u0105 technologi\u0105. \" width=\"700\" height=\"525\" srcset=\"https:\/\/bertrand.pl\/wp-content\/uploads\/2025\/03\/71446_Maison-privee-Cahors1.jpg 2000w, https:\/\/bertrand.pl\/wp-content\/uploads\/2025\/03\/71446_Maison-privee-Cahors1-420x315.jpg 420w, https:\/\/bertrand.pl\/wp-content\/uploads\/2025\/03\/71446_Maison-privee-Cahors1-1360x1020.jpg 1360w, https:\/\/bertrand.pl\/wp-content\/uploads\/2025\/03\/71446_Maison-privee-Cahors1-768x576.jpg 768w, https:\/\/bertrand.pl\/wp-content\/uploads\/2025\/03\/71446_Maison-privee-Cahors1-1536x1152.jpg 1536w, https:\/\/bertrand.pl\/wp-content\/uploads\/2025\/03\/71446_Maison-privee-Cahors1-16x12.jpg 16w, https:\/\/bertrand.pl\/wp-content\/uploads\/2025\/03\/71446_Maison-privee-Cahors1-600x450.jpg 600w\" sizes=\"(max-width: 700px) 100vw, 700px\" \/><\/p>\n<p>&nbsp;<\/p>\n<h3><a href=\"https:\/\/bertrand.pl\/kolorystyka\/\"><strong>Kolorystyka okien i drzwi<\/strong><\/a><\/h3>\n<h3><a href=\"https:\/\/www.youtube.com\/watch?v=h7fZSXUqZow\">Produkty Bertrand w Browarze Gda\u0144skim &#8211; YouTube<\/a><\/h3>\n","protected":false},"excerpt":{"rendered":"<p class=\"ai-optimize-25\"><strong>MODERNES SCHIEBESYSTEM<\/strong><\/p>\n<p class=\"ai-optimize-26\">Das HiFinity Magnetic Slider-System ist eine Kombination aus moderner Technologie und elegantem Design, die den Nutzern unvergleichlichen Komfort, Funktionalit\u00e4t und \u00c4sthetik bietet.<\/p>","protected":false},"featured_media":6529,"template":"","meta":{"site-sidebar-layout":"default","site-content-layout":"","ast-site-content-layout":"default","site-content-style":"default","site-sidebar-style":"default","ast-global-header-display":"","ast-banner-title-visibility":"","ast-main-header-display":"","ast-hfb-above-header-display":"","ast-hfb-below-header-display":"","ast-hfb-mobile-header-display":"","site-post-title":"","ast-breadcrumbs-content":"","ast-featured-img":"","footer-sml-layout":"","ast-disable-related-posts":"","theme-transparent-header-meta":"default","adv-header-id-meta":"","stick-header-meta":"","header-above-stick-meta":"","header-main-stick-meta":"","header-below-stick-meta":"","astra-migrate-meta-layouts":"set","ast-page-background-enabled":"default","ast-page-background-meta":{"desktop":{"background-color":"var(--ast-global-color-4)","background-image":"","background-repeat":"repeat","background-position":"center center","background-size":"auto","background-attachment":"scroll","background-type":"","background-media":"","overlay-type":"","overlay-color":"","overlay-opacity":"","overlay-gradient":""},"tablet":{"background-color":"","background-image":"","background-repeat":"repeat","background-position":"center center","background-size":"auto","background-attachment":"scroll","background-type":"","background-media":"","overlay-type":"","overlay-color":"","overlay-opacity":"","overlay-gradient":""},"mobile":{"background-color":"","background-image":"","background-repeat":"repeat","background-position":"center center","background-size":"auto","background-attachment":"scroll","background-type":"","background-media":"","overlay-type":"","overlay-color":"","overlay-opacity":"","overlay-gradient":""}},"ast-content-background-meta":{"desktop":{"background-color":"var(--ast-global-color-5)","background-image":"","background-repeat":"repeat","background-position":"center center","background-size":"auto","background-attachment":"scroll","background-type":"","background-media":"","overlay-type":"","overlay-color":"","overlay-opacity":"","overlay-gradient":""},"tablet":{"background-color":"var(--ast-global-color-5)","background-image":"","background-repeat":"repeat","background-position":"center center","background-size":"auto","background-attachment":"scroll","background-type":"","background-media":"","overlay-type":"","overlay-color":"","overlay-opacity":"","overlay-gradient":""},"mobile":{"background-color":"var(--ast-global-color-5)","background-image":"","background-repeat":"repeat","background-position":"center center","background-size":"auto","background-attachment":"scroll","background-type":"","background-media":"","overlay-type":"","overlay-color":"","overlay-opacity":"","overlay-gradient":""}}},"product_brand":[],"product_cat":[18],"product_tag":[501,177,168,333,347,453,1618,516,1622,646,1626,1387,649,1629,1630,1628,1621,734,601,1848,1846,1853,1851,1852,1849,1850,1625,1847,1627,1619,1753,1623,1620,1624],"class_list":{"0":"post-6528","1":"product","2":"type-product","3":"status-publish","4":"has-post-thumbnail","6":"product_cat-systemy-tarasowe","7":"product_tag-automatyczne-drzwi","8":"product_tag-balustrada","9":"product_tag-bertrand","10":"product_tag-drzwi-przesuwne","11":"product_tag-eleganckie-wnetrza","12":"product_tag-energooszczednosc","13":"product_tag-hifinity-magnetic-slider","14":"product_tag-inteligentny-dom","15":"product_tag-kontrola-dostepu","16":"product_tag-minimalistyczny-design","17":"product_tag-moskitiera","18":"product_tag-naped-automatyczny","19":"product_tag-nowoczesna-architektura","20":"product_tag-nowoczesne-okna-i-drzwi","21":"product_tag-okna-idrzwi","22":"product_tag-panoramiczny-widok","23":"product_tag-potrojne-szklenie","24":"product_tag-przeszklenia","25":"product_tag-reynaers","26":"product_tag-reynaers-aluminium","27":"product_tag-reynaers-drzwi-przesuwne","28":"product_tag-reynaers-hi-finity","29":"product_tag-reynaers-katalog","30":"product_tag-reynaers-masterline-8","31":"product_tag-reynaers-okna","32":"product_tag-reynaers-opinie","33":"product_tag-rynna-odprowadzajaca-wode","34":"product_tag-slider","35":"product_tag-system-bezprogowy","36":"product_tag-system-przesuwny","37":"product_tag-system-reynaers","38":"product_tag-szklany-naroznik","39":"product_tag-szyna-magnetyczna","40":"product_tag-ukryty-drenaz","41":"desktop-align-left","42":"tablet-align-left","43":"mobile-align-left","45":"first","46":"instock","47":"shipping-taxable","48":"product-type-simple"},"yoast_head":"<!-- This site is optimized with the Yoast SEO Premium plugin v27.2 (Yoast SEO v27.2) - https:\/\/yoast.com\/product\/yoast-seo-premium-wordpress\/ -->\n<title>HiFinity Magnetic Slider \u2013 magnetyczna lekko\u015b\u0107 ruchu<\/title>\n<meta name=\"description\" content=\"HiFinity Magnetic Slider to po\u0142\u0105czenie nowoczesnej technologii z eleganckim designem, oferuj\u0105ce u\u017cytkownikom niezr\u00f3wnany komfort, funkcjonalno\u015b\u0107 i estetyk\u0119.\" \/>\n<meta name=\"robots\" content=\"index, follow, max-snippet:-1, max-image-preview:large, max-video-preview:-1\" \/>\n<link rel=\"canonical\" href=\"https:\/\/bertrand.pl\/de\/produkt\/hifinity-magnetic-slider\/\" \/>\n<meta property=\"og:locale\" content=\"de_DE\" \/>\n<meta property=\"og:type\" content=\"article\" \/>\n<meta property=\"og:title\" content=\"Hifinity Magnetic Slider\" \/>\n<meta property=\"og:description\" content=\"HiFinity Magnetic Slider to po\u0142\u0105czenie nowoczesnej technologii z eleganckim designem, oferuj\u0105ce u\u017cytkownikom niezr\u00f3wnany komfort, funkcjonalno\u015b\u0107 i estetyk\u0119.\" \/>\n<meta property=\"og:url\" content=\"https:\/\/bertrand.pl\/de\/produkt\/hifinity-magnetic-slider\/\" \/>\n<meta property=\"og:site_name\" content=\"Bertrand. Najwy\u017cszej jako\u015bci okna i drzwi. Certyfikowany producent od 1969 roku.\" \/>\n<meta property=\"article:publisher\" content=\"https:\/\/www.facebook.com\/bertrandpolska\/\" \/>\n<meta property=\"article:modified_time\" content=\"2025-07-10T12:58:03+00:00\" \/>\n<meta property=\"og:image\" content=\"https:\/\/bertrand.pl\/wp-content\/uploads\/2025\/03\/131305_HiFinity-Triple-Glazing-Magnetic-Slider-XQ-detail_002_no_background.png\" \/>\n\t<meta property=\"og:image:width\" content=\"600\" \/>\n\t<meta property=\"og:image:height\" content=\"600\" \/>\n\t<meta property=\"og:image:type\" content=\"image\/png\" \/>\n<meta name=\"twitter:card\" content=\"summary_large_image\" \/>\n<meta name=\"twitter:label1\" content=\"Gesch\u00e4tzte Lesezeit\" \/>\n\t<meta name=\"twitter:data1\" content=\"2\u00a0Minuten\" \/>\n<script type=\"application\/ld+json\" class=\"yoast-schema-graph\">{\"@context\":\"https:\/\/schema.org\",\"@graph\":[{\"@type\":\"WebPage\",\"@id\":\"https:\/\/bertrand.pl\/produkt\/hifinity-magnetic-slider\/\",\"url\":\"https:\/\/bertrand.pl\/produkt\/hifinity-magnetic-slider\/\",\"name\":\"HiFinity Magnetic Slider \u2013 magnetyczna lekko\u015b\u0107 ruchu\",\"isPartOf\":{\"@id\":\"https:\/\/bertrand.pl\/#website\"},\"primaryImageOfPage\":{\"@id\":\"https:\/\/bertrand.pl\/produkt\/hifinity-magnetic-slider\/#primaryimage\"},\"image\":{\"@id\":\"https:\/\/bertrand.pl\/produkt\/hifinity-magnetic-slider\/#primaryimage\"},\"thumbnailUrl\":\"https:\/\/bertrand.pl\/wp-content\/uploads\/2025\/03\/131305_HiFinity-Triple-Glazing-Magnetic-Slider-XQ-detail_002_no_background.png\",\"datePublished\":\"2025-03-13T12:12:03+00:00\",\"dateModified\":\"2025-07-10T12:58:03+00:00\",\"description\":\"HiFinity Magnetic Slider to po\u0142\u0105czenie nowoczesnej technologii z eleganckim designem, oferuj\u0105ce u\u017cytkownikom niezr\u00f3wnany komfort, funkcjonalno\u015b\u0107 i estetyk\u0119.\",\"breadcrumb\":{\"@id\":\"https:\/\/bertrand.pl\/produkt\/hifinity-magnetic-slider\/#breadcrumb\"},\"inLanguage\":\"de\",\"potentialAction\":[{\"@type\":\"ReadAction\",\"target\":[\"https:\/\/bertrand.pl\/produkt\/hifinity-magnetic-slider\/\"]}]},{\"@type\":\"ImageObject\",\"inLanguage\":\"de\",\"@id\":\"https:\/\/bertrand.pl\/produkt\/hifinity-magnetic-slider\/#primaryimage\",\"url\":\"https:\/\/bertrand.pl\/wp-content\/uploads\/2025\/03\/131305_HiFinity-Triple-Glazing-Magnetic-Slider-XQ-detail_002_no_background.png\",\"contentUrl\":\"https:\/\/bertrand.pl\/wp-content\/uploads\/2025\/03\/131305_HiFinity-Triple-Glazing-Magnetic-Slider-XQ-detail_002_no_background.png\",\"width\":600,\"height\":600},{\"@type\":\"BreadcrumbList\",\"@id\":\"https:\/\/bertrand.pl\/produkt\/hifinity-magnetic-slider\/#breadcrumb\",\"itemListElement\":[{\"@type\":\"ListItem\",\"position\":1,\"name\":\"Strona g\u0142\u00f3wna\",\"item\":\"https:\/\/bertrand.pl\/\"},{\"@type\":\"ListItem\",\"position\":2,\"name\":\"Produits\",\"item\":\"https:\/\/bertrand.pl\/fr\/shop\/\"},{\"@type\":\"ListItem\",\"position\":3,\"name\":\"Hifinity Magnetic Slider\"}]},{\"@type\":\"WebSite\",\"@id\":\"https:\/\/bertrand.pl\/#website\",\"url\":\"https:\/\/bertrand.pl\/\",\"name\":\"Bertrand.pl\",\"description\":\"Firma Bertrand to certyfikowany i uznany producent najwy\u017cszej jako\u015bci okien z PVC, z drewna lub aluminium. Produkcja drzwi, rolet i bram gara\u017cowych.\",\"publisher\":{\"@id\":\"https:\/\/bertrand.pl\/#organization\"},\"potentialAction\":[{\"@type\":\"SearchAction\",\"target\":{\"@type\":\"EntryPoint\",\"urlTemplate\":\"https:\/\/bertrand.pl\/?s={search_term_string}\"},\"query-input\":{\"@type\":\"PropertyValueSpecification\",\"valueRequired\":true,\"valueName\":\"search_term_string\"}}],\"inLanguage\":\"de\"},{\"@type\":\"Organization\",\"@id\":\"https:\/\/bertrand.pl\/#organization\",\"name\":\"Bertrand.pl\",\"url\":\"https:\/\/bertrand.pl\/\",\"logo\":{\"@type\":\"ImageObject\",\"inLanguage\":\"de\",\"@id\":\"https:\/\/bertrand.pl\/#\/schema\/logo\/image\/\",\"url\":\"https:\/\/bertrand.pl\/wp-content\/uploads\/2024\/12\/logo_BB_TM_PL_black.png\",\"contentUrl\":\"https:\/\/bertrand.pl\/wp-content\/uploads\/2024\/12\/logo_BB_TM_PL_black.png\",\"width\":1831,\"height\":1831,\"caption\":\"Bertrand.pl\"},\"image\":{\"@id\":\"https:\/\/bertrand.pl\/#\/schema\/logo\/image\/\"},\"sameAs\":[\"https:\/\/www.facebook.com\/bertrandpolska\/\",\"https:\/\/www.instagram.com\/bertrand_okna_i_drzwi\/\",\"https:\/\/www.linkedin.com\/company\/bertrand\/\",\"https:\/\/www.tiktok.com\/@bertrand_okna_drzwi\"]}]}<\/script>\n<!-- \/ Yoast SEO Premium plugin. -->","yoast_head_json":{"title":"HiFinity Magnetic Slider \u2013 magnetyczna lekko\u015b\u0107 ruchu","description":"HiFinity Magnetic Slider to po\u0142\u0105czenie nowoczesnej technologii z eleganckim designem, oferuj\u0105ce u\u017cytkownikom niezr\u00f3wnany komfort, funkcjonalno\u015b\u0107 i estetyk\u0119.","robots":{"index":"index","follow":"follow","max-snippet":"max-snippet:-1","max-image-preview":"max-image-preview:large","max-video-preview":"max-video-preview:-1"},"canonical":"https:\/\/bertrand.pl\/de\/produkt\/hifinity-magnetic-slider\/","og_locale":"de_DE","og_type":"article","og_title":"Hifinity Magnetic Slider","og_description":"HiFinity Magnetic Slider to po\u0142\u0105czenie nowoczesnej technologii z eleganckim designem, oferuj\u0105ce u\u017cytkownikom niezr\u00f3wnany komfort, funkcjonalno\u015b\u0107 i estetyk\u0119.","og_url":"https:\/\/bertrand.pl\/de\/produkt\/hifinity-magnetic-slider\/","og_site_name":"Bertrand. Najwy\u017cszej jako\u015bci okna i drzwi. Certyfikowany producent od 1969 roku.","article_publisher":"https:\/\/www.facebook.com\/bertrandpolska\/","article_modified_time":"2025-07-10T12:58:03+00:00","og_image":[{"width":600,"height":600,"url":"https:\/\/bertrand.pl\/wp-content\/uploads\/2025\/03\/131305_HiFinity-Triple-Glazing-Magnetic-Slider-XQ-detail_002_no_background.png","type":"image\/png"}],"twitter_card":"summary_large_image","twitter_misc":{"Gesch\u00e4tzte Lesezeit":"2\u00a0Minuten"},"schema":{"@context":"https:\/\/schema.org","@graph":[{"@type":"WebPage","@id":"https:\/\/bertrand.pl\/produkt\/hifinity-magnetic-slider\/","url":"https:\/\/bertrand.pl\/produkt\/hifinity-magnetic-slider\/","name":"HiFinity Magnetic Slider \u2013 magnetyczna lekko\u015b\u0107 ruchu","isPartOf":{"@id":"https:\/\/bertrand.pl\/#website"},"primaryImageOfPage":{"@id":"https:\/\/bertrand.pl\/produkt\/hifinity-magnetic-slider\/#primaryimage"},"image":{"@id":"https:\/\/bertrand.pl\/produkt\/hifinity-magnetic-slider\/#primaryimage"},"thumbnailUrl":"https:\/\/bertrand.pl\/wp-content\/uploads\/2025\/03\/131305_HiFinity-Triple-Glazing-Magnetic-Slider-XQ-detail_002_no_background.png","datePublished":"2025-03-13T12:12:03+00:00","dateModified":"2025-07-10T12:58:03+00:00","description":"HiFinity Magnetic Slider to po\u0142\u0105czenie nowoczesnej technologii z eleganckim designem, oferuj\u0105ce u\u017cytkownikom niezr\u00f3wnany komfort, funkcjonalno\u015b\u0107 i estetyk\u0119.","breadcrumb":{"@id":"https:\/\/bertrand.pl\/produkt\/hifinity-magnetic-slider\/#breadcrumb"},"inLanguage":"de","potentialAction":[{"@type":"ReadAction","target":["https:\/\/bertrand.pl\/produkt\/hifinity-magnetic-slider\/"]}]},{"@type":"ImageObject","inLanguage":"de","@id":"https:\/\/bertrand.pl\/produkt\/hifinity-magnetic-slider\/#primaryimage","url":"https:\/\/bertrand.pl\/wp-content\/uploads\/2025\/03\/131305_HiFinity-Triple-Glazing-Magnetic-Slider-XQ-detail_002_no_background.png","contentUrl":"https:\/\/bertrand.pl\/wp-content\/uploads\/2025\/03\/131305_HiFinity-Triple-Glazing-Magnetic-Slider-XQ-detail_002_no_background.png","width":600,"height":600},{"@type":"BreadcrumbList","@id":"https:\/\/bertrand.pl\/produkt\/hifinity-magnetic-slider\/#breadcrumb","itemListElement":[{"@type":"ListItem","position":1,"name":"Strona g\u0142\u00f3wna","item":"https:\/\/bertrand.pl\/"},{"@type":"ListItem","position":2,"name":"Produits","item":"https:\/\/bertrand.pl\/fr\/shop\/"},{"@type":"ListItem","position":3,"name":"Hifinity Magnetic Slider"}]},{"@type":"WebSite","@id":"https:\/\/bertrand.pl\/#website","url":"https:\/\/bertrand.pl\/","name":"Bertrand.pl","description":"Firma Bertrand to certyfikowany i uznany producent najwy\u017cszej jako\u015bci okien z PVC, z drewna lub aluminium. Produkcja drzwi, rolet i bram gara\u017cowych.","publisher":{"@id":"https:\/\/bertrand.pl\/#organization"},"potentialAction":[{"@type":"SearchAction","target":{"@type":"EntryPoint","urlTemplate":"https:\/\/bertrand.pl\/?s={search_term_string}"},"query-input":{"@type":"PropertyValueSpecification","valueRequired":true,"valueName":"search_term_string"}}],"inLanguage":"de"},{"@type":"Organization","@id":"https:\/\/bertrand.pl\/#organization","name":"Bertrand.pl","url":"https:\/\/bertrand.pl\/","logo":{"@type":"ImageObject","inLanguage":"de","@id":"https:\/\/bertrand.pl\/#\/schema\/logo\/image\/","url":"https:\/\/bertrand.pl\/wp-content\/uploads\/2024\/12\/logo_BB_TM_PL_black.png","contentUrl":"https:\/\/bertrand.pl\/wp-content\/uploads\/2024\/12\/logo_BB_TM_PL_black.png","width":1831,"height":1831,"caption":"Bertrand.pl"},"image":{"@id":"https:\/\/bertrand.pl\/#\/schema\/logo\/image\/"},"sameAs":["https:\/\/www.facebook.com\/bertrandpolska\/","https:\/\/www.instagram.com\/bertrand_okna_i_drzwi\/","https:\/\/www.linkedin.com\/company\/bertrand\/","https:\/\/www.tiktok.com\/@bertrand_okna_drzwi"]}]}},"_links":{"self":[{"href":"https:\/\/bertrand.pl\/de\/wp-json\/wp\/v2\/product\/6528","targetHints":{"allow":["GET"]}}],"collection":[{"href":"https:\/\/bertrand.pl\/de\/wp-json\/wp\/v2\/product"}],"about":[{"href":"https:\/\/bertrand.pl\/de\/wp-json\/wp\/v2\/types\/product"}],"wp:featuredmedia":[{"embeddable":true,"href":"https:\/\/bertrand.pl\/de\/wp-json\/wp\/v2\/media\/6529"}],"wp:attachment":[{"href":"https:\/\/bertrand.pl\/de\/wp-json\/wp\/v2\/media?parent=6528"}],"wp:term":[{"taxonomy":"product_brand","embeddable":true,"href":"https:\/\/bertrand.pl\/de\/wp-json\/wp\/v2\/product_brand?post=6528"},{"taxonomy":"product_cat","embeddable":true,"href":"https:\/\/bertrand.pl\/de\/wp-json\/wp\/v2\/product_cat?post=6528"},{"taxonomy":"product_tag","embeddable":true,"href":"https:\/\/bertrand.pl\/de\/wp-json\/wp\/v2\/product_tag?post=6528"}],"curies":[{"name":"wp","href":"https:\/\/api.w.org\/{rel}","templated":true}]}}