{"id":6545,"date":"2025-03-27T10:28:59","date_gmt":"2025-03-27T09:28:59","guid":{"rendered":"https:\/\/bertrand.pl\/?post_type=product&#038;p=6545"},"modified":"2026-03-04T12:48:15","modified_gmt":"2026-03-04T11:48:15","slug":"ideal-4000","status":"publish","type":"product","link":"https:\/\/bertrand.pl\/de\/produkt\/ideal-4000\/","title":{"rendered":"IDEAL 4000"},"content":{"rendered":"<h1 data-start=\"134\" data-end=\"214\"><strong>Universelles Fenstersystem mit gro\u00dfen Gestaltungsm\u00f6glichkeiten<\/strong><\/h1>\n<p>&nbsp;<\/p>\n<p data-start=\"216\" data-end=\"540\">Das System IDEAL 4000 ist eine bew\u00e4hrte und vielseitige L\u00f6sung im Angebot der PVC-Profile, die \u00c4sthetik und Funktionalit\u00e4t perfekt miteinander verbindet. Dank einer gro\u00dfen Auswahl an Profilformen und -konfigurationen l\u00e4sst sich das Erscheinungsbild der Fenster leicht an den Charakter Ihres Hauses anpassen. Es eignet sich sowohl f\u00fcr Neubauten als auch f\u00fcr die Renovierung \u00e4lterer Geb\u00e4ude.<\/p>\n<p data-start=\"542\" data-end=\"882\" class=\"translation-block\">Vielfalt an Formen und freie Wahl \u2013 es stehen stilistische Varianten mit sanft abgerundeten Linien (<strong><em>round-line<\/em><\/strong>) oder mit markantem, geometrischem Abschluss (<strong><em>classic-line<\/em><\/strong>) zur Verf\u00fcgung. Dar\u00fcber hinaus ist das System mit <strong>halbfl\u00e4chenversetzten und nicht versetzten Fl\u00fcgelvarianten<\/strong> erh\u00e4ltlich. Genau so, dass Sie eine L\u00f6sung finden, die perfekt zu Ihren \u00e4sthetischen Vorstellungen passt.<\/p>\n<p data-start=\"884\" data-end=\"1271\" class=\"translation-block\">Licht und Raum, auch bei Renovierungen \u2013 in Situationen, in denen eine Vergr\u00f6\u00dferung der Fenster\u00f6ffnung nicht m\u00f6glich ist, etwa beim Austausch der Fenster in Mehrfamilienh\u00e4usern, ist die schlanke Profilkonstruktion ein gro\u00dfer Vorteil. Die Breite von Rahmen + Fl\u00fcgel betr\u00e4gt lediglich <strong>114 mm<\/strong>. Das bedeutet mehr Glasfl\u00e4che und mehr nat\u00fcrliches Licht im Inne<\/p>\n<p data-start=\"1273\" data-end=\"1600\">Langlebigkeit und modernes Design \u2014 IDEAL 4000 bietet eine breite Palette an Folierungen, von klassischen Dekoren bis hin zu modernen Premium-Oberfl\u00e4chen wie woodec und aludec. F\u00fcr eine noch bessere Anpassung an moderne Gestaltungskonzepte sind auch Profile mit anthrazitfarbenem Kern erh\u00e4ltlich.<\/p>\n<p data-start=\"1602\" data-end=\"1984\" class=\"translation-block\">Energieeffizienz in kompakter Form \u2014 trotz geringer Bautiefe (<strong>von 70 bis 85 mm<\/strong>) erm\u00f6glicht das System Konstruktionen mit sehr guten D\u00e4mmeigenschaften. In Kombination mit dem neuen halbfl\u00e4chenversetzten Fl\u00fcgel und der M\u00f6glichkeit, Verglasungen mit einer Breite von <strong>bis zu 48 mm<\/strong> zu verwenden, k\u00f6nnen Fenster in diesem System einen <strong>Uw-Wert von bis zu 0,85 W\/m\u00b2K<\/strong> erreichen.<\/p>\n<p data-start=\"1602\" data-end=\"1984\"><img fetchpriority=\"high\" decoding=\"async\" class=\"alignnone wp-image-6546\" src=\"https:\/\/bertrand.pl\/wp-content\/uploads\/2025\/03\/Aluplast_P_1_Okna-ID-4000-9-wewn_HR-scaled.jpg\" alt=\"IDEAL 4000 \u2013 nowoczesny design, smuk\u0142e profile, wysoka energooszcz\u0119dno\u015b\u0107 i bogaty wyb\u00f3r wariant\u00f3w stylistycznych.\" width=\"799\" height=\"565\" srcset=\"https:\/\/bertrand.pl\/wp-content\/uploads\/2025\/03\/Aluplast_P_1_Okna-ID-4000-9-wewn_HR-scaled.jpg 2560w, https:\/\/bertrand.pl\/wp-content\/uploads\/2025\/03\/Aluplast_P_1_Okna-ID-4000-9-wewn_HR-420x297.jpg 420w, https:\/\/bertrand.pl\/wp-content\/uploads\/2025\/03\/Aluplast_P_1_Okna-ID-4000-9-wewn_HR-1360x961.jpg 1360w, https:\/\/bertrand.pl\/wp-content\/uploads\/2025\/03\/Aluplast_P_1_Okna-ID-4000-9-wewn_HR-768x543.jpg 768w, https:\/\/bertrand.pl\/wp-content\/uploads\/2025\/03\/Aluplast_P_1_Okna-ID-4000-9-wewn_HR-1536x1086.jpg 1536w, https:\/\/bertrand.pl\/wp-content\/uploads\/2025\/03\/Aluplast_P_1_Okna-ID-4000-9-wewn_HR-2048x1448.jpg 2048w, https:\/\/bertrand.pl\/wp-content\/uploads\/2025\/03\/Aluplast_P_1_Okna-ID-4000-9-wewn_HR-18x12.jpg 18w, https:\/\/bertrand.pl\/wp-content\/uploads\/2025\/03\/Aluplast_P_1_Okna-ID-4000-9-wewn_HR-600x424.jpg 600w\" sizes=\"(max-width: 799px) 100vw, 799px\" \/><\/p>\n<h4 data-start=\"1986\" data-end=\"2030\"><\/h4>\n<h4 data-start=\"1986\" data-end=\"2030\"><strong data-start=\"1986\" data-end=\"2030\">Parametry techniczne dla systemu IDEAL 4000:<\/strong><\/h4>\n<p>&nbsp;<\/p>\n<ul data-start=\"2031\" data-end=\"2554\">\n<li data-start=\"2031\" data-end=\"2067\">\n<p data-start=\"2033\" data-end=\"2067\" class=\"translation-block\">Bautiefe: <strong>70\u201385 mm<\/strong><\/p>\n<\/li>\n<li data-start=\"2068\" data-end=\"2093\">\n<p data-start=\"2070\" data-end=\"2093\" class=\"translation-block\">Anzahl der Kammern: <strong>5\u20136<\/strong><\/p>\n<\/li>\n<li data-start=\"2094\" data-end=\"2139\">\n<p data-start=\"2096\" data-end=\"2139\" class=\"translation-block\">Maximale Verglasungsst\u00e4rke: <strong>bis 48 mm<\/strong><\/p>\n<\/li>\n<li data-start=\"2140\" data-end=\"2189\">\n<p data-start=\"2142\" data-end=\"2189\" class=\"translation-block\">Breite von Rahmen + Fl\u00fcgel: <strong>114 mm<\/strong><\/p>\n<\/li>\n<li data-start=\"2190\" data-end=\"2244\">\n<p data-start=\"2192\" data-end=\"2244\" class=\"translation-block\">Dichtungssystem: <strong>au\u00dfen \u2013 2 Dichtungen<\/strong><\/p>\n<\/li>\n<li data-start=\"2245\" data-end=\"2283\">\n<p data-start=\"2247\" data-end=\"2283\" class=\"translation-block\">Uf-Wert: <strong>1,2\u20131,4 W\/m\u00b2K<\/strong><\/p>\n<\/li>\n<li data-start=\"2284\" data-end=\"2336\">\n<p data-start=\"2286\" data-end=\"2336\" class=\"translation-block\">Verwendung von Montageschaum m\u00f6glich: <strong>ja<\/strong><\/p>\n<\/li>\n<li data-start=\"2337\" data-end=\"2387\">\n<p data-start=\"2339\" data-end=\"2387\" class=\"translation-block\">Kernfarben: <strong>wei\u00df, braun, anthrazit<\/strong><\/p>\n<\/li>\n<li data-start=\"2388\" data-end=\"2431\">\n<p data-start=\"2390\" data-end=\"2431\" class=\"translation-block\">Einbruchhemmung: <strong>bis Klasse RC2<\/strong><\/p>\n<\/li>\n<li data-start=\"2432\" data-end=\"2527\">\n<p data-start=\"2434\" data-end=\"2527\" class=\"translation-block\">Gestaltungsm\u00f6glichkeiten: <strong>Classic-line, Round-line; halbfl\u00e4chenversetzte und nicht versetzte Fl\u00fcgel<\/strong><\/p>\n<\/li>\n<li data-start=\"2528\" data-end=\"2554\">\n<p data-start=\"2530\" data-end=\"2554\" class=\"translation-block\">Verst\u00e4rkung: <strong>Stahl<\/strong><\/p>\n<\/li>\n<\/ul>\n<p>&nbsp;<\/p>\n<figure id=\"attachment_7965\" aria-describedby=\"caption-attachment-7965\" style=\"width: 668px\" class=\"wp-caption alignnone\"><img decoding=\"async\" class=\"wp-image-7965 size-full\" src=\"https:\/\/bertrand.pl\/wp-content\/uploads\/2025\/03\/ideal4000_przekroj.jpg\" alt=\"\" width=\"668\" height=\"459\" srcset=\"https:\/\/bertrand.pl\/wp-content\/uploads\/2025\/03\/ideal4000_przekroj.jpg 668w, https:\/\/bertrand.pl\/wp-content\/uploads\/2025\/03\/ideal4000_przekroj-420x289.jpg 420w, https:\/\/bertrand.pl\/wp-content\/uploads\/2025\/03\/ideal4000_przekroj-18x12.jpg 18w, https:\/\/bertrand.pl\/wp-content\/uploads\/2025\/03\/ideal4000_przekroj-600x412.jpg 600w\" sizes=\"(max-width: 668px) 100vw, 668px\" \/><figcaption id=\"caption-attachment-7965\" class=\"wp-caption-text\">Ideal 4000 &#8211; przekr\u00f3j.<\/figcaption><\/figure>\n<blockquote class=\"wp-embedded-content\" data-secret=\"p6TMUCXeUR\"><p><a href=\"https:\/\/bertrand.pl\/de\/ideal-4000-nowoczesne-okna-pvc\/\">Ideal 4000 \u2013 nowoczesne okna PVC \u0142\u0105cz\u0105ce design i funkcjonalno\u015b\u0107<\/a><\/p><\/blockquote>\n<p><iframe class=\"wp-embedded-content\" sandbox=\"allow-scripts\" security=\"restricted\" style=\"position: absolute; visibility: hidden;\" title=\"&#8222;Ideal 4000 \u2013 nowoczesne okna PVC \u0142\u0105cz\u0105ce design i funkcjonalno\u015b\u0107&#8221; &#8212; Bertrand. Najwy\u017cszej jako\u015bci okna i drzwi. Certyfikowany producent od 1969 roku.\" src=\"https:\/\/bertrand.pl\/ideal-4000-nowoczesne-okna-pvc\/embed\/#?secret=MdSf4I7sbu#?secret=p6TMUCXeUR\" data-secret=\"p6TMUCXeUR\" width=\"500\" height=\"282\" frameborder=\"0\" marginwidth=\"0\" marginheight=\"0\" scrolling=\"no\"><\/iframe><\/p>","protected":false},"excerpt":{"rendered":"<p data-start=\"134\" data-end=\"214\"><strong>UNIVERSELLES FENSTERSYSTEM ZUM G\u00dcNSTIGEN PREIS<\/strong><\/p>\n<p>Ein vielseitiges PVC-Fenstersystem, das modernes Design mit hoher Funktionalit\u00e4t verbindet. Schlanke Profile, eine gro\u00dfe Auswahl an Varianten und sehr gute W\u00e4rmed\u00e4mmeigenschaften machen es ideal f\u00fcr Neubauten ebenso wie f\u00fcr Renovierungen.<\/p>","protected":false},"featured_media":6547,"template":"","meta":{"site-sidebar-layout":"default","site-content-layout":"","ast-site-content-layout":"default","site-content-style":"default","site-sidebar-style":"default","ast-global-header-display":"","ast-banner-title-visibility":"","ast-main-header-display":"","ast-hfb-above-header-display":"","ast-hfb-below-header-display":"","ast-hfb-mobile-header-display":"","site-post-title":"","ast-breadcrumbs-content":"","ast-featured-img":"","footer-sml-layout":"","ast-disable-related-posts":"","theme-transparent-header-meta":"default","adv-header-id-meta":"","stick-header-meta":"","header-above-stick-meta":"","header-main-stick-meta":"","header-below-stick-meta":"","astra-migrate-meta-layouts":"set","ast-page-background-enabled":"default","ast-page-background-meta":{"desktop":{"background-color":"var(--ast-global-color-4)","background-image":"","background-repeat":"repeat","background-position":"center center","background-size":"auto","background-attachment":"scroll","background-type":"","background-media":"","overlay-type":"","overlay-color":"","overlay-opacity":"","overlay-gradient":""},"tablet":{"background-color":"","background-image":"","background-repeat":"repeat","background-position":"center center","background-size":"auto","background-attachment":"scroll","background-type":"","background-media":"","overlay-type":"","overlay-color":"","overlay-opacity":"","overlay-gradient":""},"mobile":{"background-color":"","background-image":"","background-repeat":"repeat","background-position":"center center","background-size":"auto","background-attachment":"scroll","background-type":"","background-media":"","overlay-type":"","overlay-color":"","overlay-opacity":"","overlay-gradient":""}},"ast-content-background-meta":{"desktop":{"background-color":"var(--ast-global-color-5)","background-image":"","background-repeat":"repeat","background-position":"center center","background-size":"auto","background-attachment":"scroll","background-type":"","background-media":"","overlay-type":"","overlay-color":"","overlay-opacity":"","overlay-gradient":""},"tablet":{"background-color":"var(--ast-global-color-5)","background-image":"","background-repeat":"repeat","background-position":"center center","background-size":"auto","background-attachment":"scroll","background-type":"","background-media":"","overlay-type":"","overlay-color":"","overlay-opacity":"","overlay-gradient":""},"mobile":{"background-color":"var(--ast-global-color-5)","background-image":"","background-repeat":"repeat","background-position":"center center","background-size":"auto","background-attachment":"scroll","background-type":"","background-media":"","overlay-type":"","overlay-color":"","overlay-opacity":"","overlay-gradient":""}}},"product_brand":[],"product_cat":[15,24],"product_tag":[1695,1700,831,365,1696,1476,308,1697,1701,1699,733,1698,1694],"class_list":{"0":"post-6545","1":"product","2":"type-product","3":"status-publish","4":"has-post-thumbnail","6":"product_cat-okna","7":"product_cat-okna-pvc","8":"product_tag-aluplast","9":"product_tag-classic-line","10":"product_tag-nowoczesne-okna","11":"product_tag-okna-bertrand","12":"product_tag-okna-do-renowacji","13":"product_tag-okna-energooszczedne","14":"product_tag-okna-pvc","15":"product_tag-okna-z-antracytowym-rdzeniem","16":"product_tag-polzlicowane-skrzydlo","17":"product_tag-round-line","18":"product_tag-smukle-profile","19":"product_tag-stolarka-okienna","20":"product_tag-system-ideal-4000","21":"desktop-align-left","22":"tablet-align-left","23":"mobile-align-left","25":"first","26":"instock","27":"shipping-taxable","28":"product-type-simple"},"yoast_head":"<!-- This site is optimized with the Yoast SEO Premium plugin v27.2 (Yoast SEO v27.2) - https:\/\/yoast.com\/product\/yoast-seo-premium-wordpress\/ -->\n<title>Ideal 4000 - design i funkcjonalno\u015b\u0107 w jednym<\/title>\n<meta name=\"description\" content=\"System okienny IDEAL 4000 \u2013 nowoczesny design, smuk\u0142e profile, wysoka energooszcz\u0119dno\u015b\u0107 i bogaty wyb\u00f3r wariant\u00f3w stylistycznych.\" \/>\n<meta name=\"robots\" content=\"index, follow, max-snippet:-1, max-image-preview:large, max-video-preview:-1\" \/>\n<link rel=\"canonical\" href=\"https:\/\/bertrand.pl\/de\/produkt\/ideal-4000\/\" \/>\n<meta property=\"og:locale\" content=\"de_DE\" \/>\n<meta property=\"og:type\" content=\"article\" \/>\n<meta property=\"og:title\" content=\"IDEAL 4000\" \/>\n<meta property=\"og:description\" content=\"System okienny IDEAL 4000 \u2013 nowoczesny design, smuk\u0142e profile, wysoka energooszcz\u0119dno\u015b\u0107 i bogaty wyb\u00f3r wariant\u00f3w stylistycznych.\" \/>\n<meta property=\"og:url\" content=\"https:\/\/bertrand.pl\/de\/produkt\/ideal-4000\/\" \/>\n<meta property=\"og:site_name\" content=\"Bertrand. Najwy\u017cszej jako\u015bci okna i drzwi. Certyfikowany producent od 1969 roku.\" \/>\n<meta property=\"article:publisher\" content=\"https:\/\/www.facebook.com\/bertrandpolska\/\" \/>\n<meta property=\"article:modified_time\" content=\"2026-03-04T11:48:15+00:00\" \/>\n<meta property=\"og:image\" content=\"https:\/\/bertrand.pl\/wp-content\/uploads\/2025\/03\/ideal_4000-1360x1360.png\" \/>\n\t<meta property=\"og:image:width\" content=\"1360\" \/>\n\t<meta property=\"og:image:height\" content=\"1360\" \/>\n\t<meta property=\"og:image:type\" content=\"image\/png\" \/>\n<meta name=\"twitter:card\" content=\"summary_large_image\" \/>\n<meta name=\"twitter:label1\" content=\"Gesch\u00e4tzte Lesezeit\" \/>\n\t<meta name=\"twitter:data1\" content=\"3\u00a0Minuten\" \/>\n<script type=\"application\/ld+json\" class=\"yoast-schema-graph\">{\"@context\":\"https:\/\/schema.org\",\"@graph\":[{\"@type\":\"WebPage\",\"@id\":\"https:\/\/bertrand.pl\/produkt\/ideal-4000\/\",\"url\":\"https:\/\/bertrand.pl\/produkt\/ideal-4000\/\",\"name\":\"Ideal 4000 - design i funkcjonalno\u015b\u0107 w jednym\",\"isPartOf\":{\"@id\":\"https:\/\/bertrand.pl\/#website\"},\"primaryImageOfPage\":{\"@id\":\"https:\/\/bertrand.pl\/produkt\/ideal-4000\/#primaryimage\"},\"image\":{\"@id\":\"https:\/\/bertrand.pl\/produkt\/ideal-4000\/#primaryimage\"},\"thumbnailUrl\":\"https:\/\/bertrand.pl\/wp-content\/uploads\/2025\/03\/ideal_4000.png\",\"datePublished\":\"2025-03-27T09:28:59+00:00\",\"dateModified\":\"2026-03-04T11:48:15+00:00\",\"description\":\"System okienny IDEAL 4000 \u2013 nowoczesny design, smuk\u0142e profile, wysoka energooszcz\u0119dno\u015b\u0107 i bogaty wyb\u00f3r wariant\u00f3w stylistycznych.\",\"breadcrumb\":{\"@id\":\"https:\/\/bertrand.pl\/produkt\/ideal-4000\/#breadcrumb\"},\"inLanguage\":\"de\",\"potentialAction\":[{\"@type\":\"ReadAction\",\"target\":[\"https:\/\/bertrand.pl\/produkt\/ideal-4000\/\"]}]},{\"@type\":\"ImageObject\",\"inLanguage\":\"de\",\"@id\":\"https:\/\/bertrand.pl\/produkt\/ideal-4000\/#primaryimage\",\"url\":\"https:\/\/bertrand.pl\/wp-content\/uploads\/2025\/03\/ideal_4000.png\",\"contentUrl\":\"https:\/\/bertrand.pl\/wp-content\/uploads\/2025\/03\/ideal_4000.png\",\"width\":3982,\"height\":3982},{\"@type\":\"BreadcrumbList\",\"@id\":\"https:\/\/bertrand.pl\/produkt\/ideal-4000\/#breadcrumb\",\"itemListElement\":[{\"@type\":\"ListItem\",\"position\":1,\"name\":\"Strona g\u0142\u00f3wna\",\"item\":\"https:\/\/bertrand.pl\/\"},{\"@type\":\"ListItem\",\"position\":2,\"name\":\"Produits\",\"item\":\"https:\/\/bertrand.pl\/fr\/shop\/\"},{\"@type\":\"ListItem\",\"position\":3,\"name\":\"IDEAL 4000\"}]},{\"@type\":\"WebSite\",\"@id\":\"https:\/\/bertrand.pl\/#website\",\"url\":\"https:\/\/bertrand.pl\/\",\"name\":\"Bertrand.pl\",\"description\":\"Firma Bertrand to certyfikowany i uznany producent najwy\u017cszej jako\u015bci okien z PVC, z drewna lub aluminium. Produkcja drzwi, rolet i bram gara\u017cowych.\",\"publisher\":{\"@id\":\"https:\/\/bertrand.pl\/#organization\"},\"potentialAction\":[{\"@type\":\"SearchAction\",\"target\":{\"@type\":\"EntryPoint\",\"urlTemplate\":\"https:\/\/bertrand.pl\/?s={search_term_string}\"},\"query-input\":{\"@type\":\"PropertyValueSpecification\",\"valueRequired\":true,\"valueName\":\"search_term_string\"}}],\"inLanguage\":\"de\"},{\"@type\":\"Organization\",\"@id\":\"https:\/\/bertrand.pl\/#organization\",\"name\":\"Bertrand.pl\",\"url\":\"https:\/\/bertrand.pl\/\",\"logo\":{\"@type\":\"ImageObject\",\"inLanguage\":\"de\",\"@id\":\"https:\/\/bertrand.pl\/#\/schema\/logo\/image\/\",\"url\":\"https:\/\/bertrand.pl\/wp-content\/uploads\/2024\/12\/logo_BB_TM_PL_black.png\",\"contentUrl\":\"https:\/\/bertrand.pl\/wp-content\/uploads\/2024\/12\/logo_BB_TM_PL_black.png\",\"width\":1831,\"height\":1831,\"caption\":\"Bertrand.pl\"},\"image\":{\"@id\":\"https:\/\/bertrand.pl\/#\/schema\/logo\/image\/\"},\"sameAs\":[\"https:\/\/www.facebook.com\/bertrandpolska\/\",\"https:\/\/www.instagram.com\/bertrand_okna_i_drzwi\/\",\"https:\/\/www.linkedin.com\/company\/bertrand\/\",\"https:\/\/www.tiktok.com\/@bertrand_okna_drzwi\"]}]}<\/script>\n<!-- \/ Yoast SEO Premium plugin. -->","yoast_head_json":{"title":"Ideal 4000 - design i funkcjonalno\u015b\u0107 w jednym","description":"System okienny IDEAL 4000 \u2013 nowoczesny design, smuk\u0142e profile, wysoka energooszcz\u0119dno\u015b\u0107 i bogaty wyb\u00f3r wariant\u00f3w stylistycznych.","robots":{"index":"index","follow":"follow","max-snippet":"max-snippet:-1","max-image-preview":"max-image-preview:large","max-video-preview":"max-video-preview:-1"},"canonical":"https:\/\/bertrand.pl\/de\/produkt\/ideal-4000\/","og_locale":"de_DE","og_type":"article","og_title":"IDEAL 4000","og_description":"System okienny IDEAL 4000 \u2013 nowoczesny design, smuk\u0142e profile, wysoka energooszcz\u0119dno\u015b\u0107 i bogaty wyb\u00f3r wariant\u00f3w stylistycznych.","og_url":"https:\/\/bertrand.pl\/de\/produkt\/ideal-4000\/","og_site_name":"Bertrand. Najwy\u017cszej jako\u015bci okna i drzwi. Certyfikowany producent od 1969 roku.","article_publisher":"https:\/\/www.facebook.com\/bertrandpolska\/","article_modified_time":"2026-03-04T11:48:15+00:00","og_image":[{"width":1360,"height":1360,"url":"https:\/\/bertrand.pl\/wp-content\/uploads\/2025\/03\/ideal_4000-1360x1360.png","type":"image\/png"}],"twitter_card":"summary_large_image","twitter_misc":{"Gesch\u00e4tzte Lesezeit":"3\u00a0Minuten"},"schema":{"@context":"https:\/\/schema.org","@graph":[{"@type":"WebPage","@id":"https:\/\/bertrand.pl\/produkt\/ideal-4000\/","url":"https:\/\/bertrand.pl\/produkt\/ideal-4000\/","name":"Ideal 4000 - design i funkcjonalno\u015b\u0107 w jednym","isPartOf":{"@id":"https:\/\/bertrand.pl\/#website"},"primaryImageOfPage":{"@id":"https:\/\/bertrand.pl\/produkt\/ideal-4000\/#primaryimage"},"image":{"@id":"https:\/\/bertrand.pl\/produkt\/ideal-4000\/#primaryimage"},"thumbnailUrl":"https:\/\/bertrand.pl\/wp-content\/uploads\/2025\/03\/ideal_4000.png","datePublished":"2025-03-27T09:28:59+00:00","dateModified":"2026-03-04T11:48:15+00:00","description":"System okienny IDEAL 4000 \u2013 nowoczesny design, smuk\u0142e profile, wysoka energooszcz\u0119dno\u015b\u0107 i bogaty wyb\u00f3r wariant\u00f3w stylistycznych.","breadcrumb":{"@id":"https:\/\/bertrand.pl\/produkt\/ideal-4000\/#breadcrumb"},"inLanguage":"de","potentialAction":[{"@type":"ReadAction","target":["https:\/\/bertrand.pl\/produkt\/ideal-4000\/"]}]},{"@type":"ImageObject","inLanguage":"de","@id":"https:\/\/bertrand.pl\/produkt\/ideal-4000\/#primaryimage","url":"https:\/\/bertrand.pl\/wp-content\/uploads\/2025\/03\/ideal_4000.png","contentUrl":"https:\/\/bertrand.pl\/wp-content\/uploads\/2025\/03\/ideal_4000.png","width":3982,"height":3982},{"@type":"BreadcrumbList","@id":"https:\/\/bertrand.pl\/produkt\/ideal-4000\/#breadcrumb","itemListElement":[{"@type":"ListItem","position":1,"name":"Strona g\u0142\u00f3wna","item":"https:\/\/bertrand.pl\/"},{"@type":"ListItem","position":2,"name":"Produits","item":"https:\/\/bertrand.pl\/fr\/shop\/"},{"@type":"ListItem","position":3,"name":"IDEAL 4000"}]},{"@type":"WebSite","@id":"https:\/\/bertrand.pl\/#website","url":"https:\/\/bertrand.pl\/","name":"Bertrand.pl","description":"Firma Bertrand to certyfikowany i uznany producent najwy\u017cszej jako\u015bci okien z PVC, z drewna lub aluminium. Produkcja drzwi, rolet i bram gara\u017cowych.","publisher":{"@id":"https:\/\/bertrand.pl\/#organization"},"potentialAction":[{"@type":"SearchAction","target":{"@type":"EntryPoint","urlTemplate":"https:\/\/bertrand.pl\/?s={search_term_string}"},"query-input":{"@type":"PropertyValueSpecification","valueRequired":true,"valueName":"search_term_string"}}],"inLanguage":"de"},{"@type":"Organization","@id":"https:\/\/bertrand.pl\/#organization","name":"Bertrand.pl","url":"https:\/\/bertrand.pl\/","logo":{"@type":"ImageObject","inLanguage":"de","@id":"https:\/\/bertrand.pl\/#\/schema\/logo\/image\/","url":"https:\/\/bertrand.pl\/wp-content\/uploads\/2024\/12\/logo_BB_TM_PL_black.png","contentUrl":"https:\/\/bertrand.pl\/wp-content\/uploads\/2024\/12\/logo_BB_TM_PL_black.png","width":1831,"height":1831,"caption":"Bertrand.pl"},"image":{"@id":"https:\/\/bertrand.pl\/#\/schema\/logo\/image\/"},"sameAs":["https:\/\/www.facebook.com\/bertrandpolska\/","https:\/\/www.instagram.com\/bertrand_okna_i_drzwi\/","https:\/\/www.linkedin.com\/company\/bertrand\/","https:\/\/www.tiktok.com\/@bertrand_okna_drzwi"]}]}},"_links":{"self":[{"href":"https:\/\/bertrand.pl\/de\/wp-json\/wp\/v2\/product\/6545","targetHints":{"allow":["GET"]}}],"collection":[{"href":"https:\/\/bertrand.pl\/de\/wp-json\/wp\/v2\/product"}],"about":[{"href":"https:\/\/bertrand.pl\/de\/wp-json\/wp\/v2\/types\/product"}],"wp:featuredmedia":[{"embeddable":true,"href":"https:\/\/bertrand.pl\/de\/wp-json\/wp\/v2\/media\/6547"}],"wp:attachment":[{"href":"https:\/\/bertrand.pl\/de\/wp-json\/wp\/v2\/media?parent=6545"}],"wp:term":[{"taxonomy":"product_brand","embeddable":true,"href":"https:\/\/bertrand.pl\/de\/wp-json\/wp\/v2\/product_brand?post=6545"},{"taxonomy":"product_cat","embeddable":true,"href":"https:\/\/bertrand.pl\/de\/wp-json\/wp\/v2\/product_cat?post=6545"},{"taxonomy":"product_tag","embeddable":true,"href":"https:\/\/bertrand.pl\/de\/wp-json\/wp\/v2\/product_tag?post=6545"}],"curies":[{"name":"wp","href":"https:\/\/api.w.org\/{rel}","templated":true}]}}