{"id":670,"date":"2025-10-10T07:00:21","date_gmt":"2025-10-10T05:00:21","guid":{"rendered":"https:\/\/bertrand.pl\/?post_type=product&#038;p=670"},"modified":"2026-03-04T12:09:59","modified_gmt":"2026-03-04T11:09:59","slug":"kontur","status":"publish","type":"product","link":"https:\/\/bertrand.pl\/de\/produkt\/kontur\/","title":{"rendered":"KONTUR"},"content":{"rendered":"<h4><strong>Kontur \u2013 modernes Design und Sicherheit<\/strong><\/h4>\n<p>&nbsp;<\/p>\n<p>Das Kontur-System zeichnet sich durch eine einzigartige Kombination aus modernem Erscheinungsbild und zuverl\u00e4ssiger Funktionalit\u00e4t aus. Sein auf einfachen und eleganten Konturen basierendes Design ist eine Antwort auf die Bed\u00fcrfnisse moderner Benutzer. Au\u00dfergew\u00f6hnliche Einbruchschutzparameter, beste W\u00e4rme- und Schalld\u00e4mmwerte sowie eine vollst\u00e4ndige Produktionsautomatisierung sind die Merkmale, mit denen Kontur neue Ma\u00dfst\u00e4be in der Branche setzt.<\/p>\n<p>&nbsp;<\/p>\n<h4>\u00c4sthetik und Maximierung des Lichts<\/h4>\n<p>&nbsp;<\/p>\n<p>Kontur ist ein System aus Kunststoffprofilen, das sowohl von au\u00dfen als auch von innen eine klare und moderne Formensprache pr\u00e4sentiert. Schmale Profile erm\u00f6glichen einen maximalen Glasanteil, wodurch die R\u00e4ume heller und ger\u00e4umiger werden. Dar\u00fcber hinaus sorgt das schlanke Design nicht nur f\u00fcr \u00c4sthetik, sondern auch f\u00fcr mehr Stabilit\u00e4t und Sicherheit.<\/p>\n<p>&nbsp;<\/p>\n<h4>Sicherheit geht vor<\/h4>\n<p>&nbsp;<\/p>\n<p>Durch die Verwendung von Hart-PVC in den Dichtungen bietet das System einen erh\u00f6hten Schutz. Eine solche L\u00f6sung sch\u00fctzt Fenster, Balkon- und Terrassent\u00fcren effektiv vor Einbruch, einer h\u00e4ufigen Bedrohung. Das durchdachte Design des Systems macht es unm\u00f6glich, den Fl\u00fcgel mit g\u00e4ngigen Methoden wie dem Auswuchten zu zerbrechen. Dar\u00fcber hinaus verhindert die Diebstahlsicherung am Rahmen, dass die T\u00fcr mit Werkzeugen wie einem Schraubenzieher gewaltsam ge\u00f6ffnet werden kann.<\/p>\n<p>&nbsp;<\/p>\n<h4>Vorteile der Klebetechnik<\/h4>\n<p>&nbsp;<\/p>\n<p>Das Kontur-System erm\u00f6glicht den Einsatz moderner Klebetechniken, wie Trocken-Statik-Verglasung oder Nassverklebung. Durch diese Technologie k\u00f6nnen Sie auf einige Stahlelemente verzichten und so die Wartungskosten senken. Dar\u00fcber hinaus erh\u00f6ht die Nassverleimung den Einbruchschutz auf RC3-Niveau und erm\u00f6glicht eine vollst\u00e4ndige Produktionsautomatisierung.<\/p>\n<figure id=\"attachment_3493\" aria-describedby=\"caption-attachment-3493\" style=\"width: 420px\" class=\"wp-caption aligncenter\"><img fetchpriority=\"high\" decoding=\"async\" class=\"wp-image-3493 size-medium\" src=\"https:\/\/bertrand.pl\/wp-content\/uploads\/2024\/02\/kontur-420x420.jpg\" alt=\"Das Kontur-System vereint modernes Design mit Funktionalit\u00e4t und Sicherheit.\" width=\"420\" height=\"420\" srcset=\"https:\/\/bertrand.pl\/wp-content\/uploads\/2024\/02\/kontur-420x420.jpg 420w, https:\/\/bertrand.pl\/wp-content\/uploads\/2024\/02\/kontur-1360x1360.jpg 1360w, https:\/\/bertrand.pl\/wp-content\/uploads\/2024\/02\/kontur-768x768.jpg 768w, https:\/\/bertrand.pl\/wp-content\/uploads\/2024\/02\/kontur-1536x1536.jpg 1536w, https:\/\/bertrand.pl\/wp-content\/uploads\/2024\/02\/kontur-2048x2048.jpg 2048w, https:\/\/bertrand.pl\/wp-content\/uploads\/2024\/02\/kontur-12x12.jpg 12w, https:\/\/bertrand.pl\/wp-content\/uploads\/2024\/02\/kontur-300x300.jpg 300w, https:\/\/bertrand.pl\/wp-content\/uploads\/2024\/02\/kontur-600x600.jpg 600w, https:\/\/bertrand.pl\/wp-content\/uploads\/2024\/02\/kontur-100x100.jpg 100w\" sizes=\"(max-width: 420px) 100vw, 420px\" \/><figcaption id=\"caption-attachment-3493\" class=\"wp-caption-text\">Kontur<\/figcaption><\/figure>\n<p>&nbsp;<\/p>\n<h4>Dichtheit und Isolierung<\/h4>\n<p>&nbsp;<\/p>\n<p>Die harte Mitteldichtung, die einen h\u00f6heren Schutz bietet, arbeitet mit drei Dichtungsebenen. Diese L\u00f6sung garantiert beste Dichtheit und hervorragende W\u00e4rme- und Schalld\u00e4mmung. Dank der Einbautiefe von 82,5 mm erf\u00fcllt das Kontur-System h\u00f6chste Anspr\u00fcche und Erwartungen von Investoren.<\/p>\n<h3><\/h3>\n<p>Das Kontur-System ist eine durchdachte L\u00f6sung, die modernes Design mit Funktionalit\u00e4t und Sicherheit verbindet. Dies ist eine ideale Wahl f\u00fcr Menschen, die innovative, \u00e4sthetische und praktische L\u00f6sungen im Bereich Tischlerei suchen.<\/p>\n<p>&nbsp;<\/p>\n<figure id=\"attachment_3168\" aria-describedby=\"caption-attachment-3168\" style=\"width: 420px\" class=\"wp-caption aligncenter\"><img decoding=\"async\" class=\"wp-image-3168 size-medium\" src=\"https:\/\/bertrand.pl\/wp-content\/uploads\/2024\/02\/GEALAN-KONTUR_Einbruchschutz-420x420.jpg\" alt=\"Beim Kontur-System verhindert eine am Rahmen integrierte Diebstahlsicherung, dass die T\u00fcr mit Werkzeugen, zum Beispiel einem Schraubenzieher, gewaltsam ge\u00f6ffnet werden kann. \" width=\"420\" height=\"420\" srcset=\"https:\/\/bertrand.pl\/wp-content\/uploads\/2024\/02\/GEALAN-KONTUR_Einbruchschutz-420x420.jpg 420w, https:\/\/bertrand.pl\/wp-content\/uploads\/2024\/02\/GEALAN-KONTUR_Einbruchschutz-1360x1360.jpg 1360w, https:\/\/bertrand.pl\/wp-content\/uploads\/2024\/02\/GEALAN-KONTUR_Einbruchschutz-768x768.jpg 768w, https:\/\/bertrand.pl\/wp-content\/uploads\/2024\/02\/GEALAN-KONTUR_Einbruchschutz-1536x1536.jpg 1536w, https:\/\/bertrand.pl\/wp-content\/uploads\/2024\/02\/GEALAN-KONTUR_Einbruchschutz-12x12.jpg 12w, https:\/\/bertrand.pl\/wp-content\/uploads\/2024\/02\/GEALAN-KONTUR_Einbruchschutz-300x300.jpg 300w, https:\/\/bertrand.pl\/wp-content\/uploads\/2024\/02\/GEALAN-KONTUR_Einbruchschutz-600x600.jpg 600w, https:\/\/bertrand.pl\/wp-content\/uploads\/2024\/02\/GEALAN-KONTUR_Einbruchschutz-100x100.jpg 100w, https:\/\/bertrand.pl\/wp-content\/uploads\/2024\/02\/GEALAN-KONTUR_Einbruchschutz.jpg 1920w\" sizes=\"(max-width: 420px) 100vw, 420px\" \/><figcaption id=\"caption-attachment-3168\" class=\"wp-caption-text\">Diebstahlsichere Flosse.<\/figcaption><\/figure>\n<p>Das Kontur-System erm\u00f6glicht den Einsatz verschiedener Klebetechniken, wie zum Beispiel Trocken-Statik-Verglasung oder Nassverklebung.<\/p>\n<p>&nbsp;<\/p>\n<p><strong>Vorteile geklebter Elemente:<\/strong><\/p>\n<ul>\n<li>gr\u00f6\u00dfere Fensterabmessungen mit h\u00f6herem Glasanteil<\/li>\n<li>teilweiser Verzicht auf Stahl<\/li>\n<li>geringere Wartungskosten<\/li>\n<\/ul>\n<p>&nbsp;<\/p>\n<p><strong>Zus\u00e4tzliche Vorteile, die mit der Nassklebung erzielt werden k\u00f6nnen:<\/strong><\/p>\n<ul>\n<li>Einbruchschutz der Stufe RC3<\/li>\n<li>Vollst\u00e4ndige Automatisierung des Klebeprozesses bei der Fensterproduktion<\/li>\n<\/ul>\n<p>&nbsp;<\/p>\n<figure id=\"attachment_3169\" aria-describedby=\"caption-attachment-3169\" style=\"width: 420px\" class=\"wp-caption aligncenter\"><img decoding=\"async\" class=\"wp-image-3169 size-medium\" src=\"https:\/\/bertrand.pl\/wp-content\/uploads\/2024\/02\/gealan-stv-2-420x413.jpg\" alt=\"Beim Kontur-System sorgt eine harte Mitteldichtung f\u00fcr einen h\u00f6heren Schutz.\" width=\"420\" height=\"413\" srcset=\"https:\/\/bertrand.pl\/wp-content\/uploads\/2024\/02\/gealan-stv-2-420x413.jpg 420w, https:\/\/bertrand.pl\/wp-content\/uploads\/2024\/02\/gealan-stv-2-768x755.jpg 768w, https:\/\/bertrand.pl\/wp-content\/uploads\/2024\/02\/gealan-stv-2-12x12.jpg 12w, https:\/\/bertrand.pl\/wp-content\/uploads\/2024\/02\/gealan-stv-2-600x590.jpg 600w, https:\/\/bertrand.pl\/wp-content\/uploads\/2024\/02\/gealan-stv-2.jpg 1001w\" sizes=\"(max-width: 420px) 100vw, 420px\" \/><figcaption id=\"caption-attachment-3169\" class=\"wp-caption-text\">Harte Mitteldichtung.<\/figcaption><\/figure>\n<p>Im Kontur-System passt alles perfekt zusammen. Eine harte Mitteldichtung sorgt f\u00fcr erh\u00f6hten Schutz und drei Dichtungsebenen garantieren h\u00f6chste Dichtheit und W\u00e4rmed\u00e4mmung. Auch mit einer Bautiefe von 82,5 mm erf\u00fcllt es alle Anforderungen an hochwertige Profilsysteme.<\/p>\n<p>&nbsp;<\/p>\n<p style=\"text-align: center;\"><img loading=\"lazy\" decoding=\"async\" class=\"size-medium wp-image-7960 aligncenter\" src=\"https:\/\/bertrand.pl\/wp-content\/uploads\/2025\/10\/kontur_przekroj-369x420.jpg\" alt=\"\" width=\"369\" height=\"420\" srcset=\"https:\/\/bertrand.pl\/wp-content\/uploads\/2025\/10\/kontur_przekroj-369x420.jpg 369w, https:\/\/bertrand.pl\/wp-content\/uploads\/2025\/10\/kontur_przekroj-11x12.jpg 11w, https:\/\/bertrand.pl\/wp-content\/uploads\/2025\/10\/kontur_przekroj-600x683.jpg 600w, https:\/\/bertrand.pl\/wp-content\/uploads\/2025\/10\/kontur_przekroj.jpg 648w\" sizes=\"(max-width: 369px) 100vw, 369px\" \/>Kontur &#8211; przekr\u00f3j.<\/p>\n<p>&nbsp;<\/p>\n<h4><strong>SEHEN SIE AUCH:\u00a0<\/strong><\/h4>\n<p>&nbsp;<\/p>\n<h4><a href=\"https:\/\/www.youtube.com\/watch?v=h8azi6wOoJY\">Wie sieht der Einbau von \u00fcber 500 kg Glas aus?<\/a><\/h4>\n<h4><strong><a href=\"https:\/\/bertrand.pl\/de\/farbe\/\">Farben von Fenstern und T\u00fcren<\/a><\/strong><\/h4>","protected":false},"excerpt":{"rendered":"<p><strong>SCH\u00d6NHEIT, VIELSEITIGKEIT, SICHERHEIT<\/strong><\/p>\n<p class=\"translation-block\">KONTUR ist ein vielseitiges, modernes System aus Kunststoffen. Dank seines klaren und markanten Designs sowohl au\u00dfen als auch innen setzt das System <strong>neue Trends<\/strong> im Fensterdesign. Schmale Profile und maximaler Glasanteil sorgen f\u00fcr mehr nat\u00fcrliches Licht in den R\u00e4umen. Entgegen dem Anschein bieten die schlanken KONTUR-Profile <strong>erh\u00f6hte Sicherheit<\/strong> und Stabilit\u00e4t!<\/p>","protected":false},"featured_media":3493,"template":"","meta":{"site-sidebar-layout":"default","site-content-layout":"","ast-site-content-layout":"default","site-content-style":"default","site-sidebar-style":"default","ast-global-header-display":"","ast-banner-title-visibility":"","ast-main-header-display":"","ast-hfb-above-header-display":"","ast-hfb-below-header-display":"","ast-hfb-mobile-header-display":"","site-post-title":"","ast-breadcrumbs-content":"","ast-featured-img":"","footer-sml-layout":"","ast-disable-related-posts":"","theme-transparent-header-meta":"default","adv-header-id-meta":"","stick-header-meta":"","header-above-stick-meta":"","header-main-stick-meta":"","header-below-stick-meta":"","astra-migrate-meta-layouts":"set","ast-page-background-enabled":"default","ast-page-background-meta":{"desktop":{"background-color":"var(--ast-global-color-4)","background-image":"","background-repeat":"repeat","background-position":"center center","background-size":"auto","background-attachment":"scroll","background-type":"","background-media":"","overlay-type":"","overlay-color":"","overlay-opacity":"","overlay-gradient":""},"tablet":{"background-color":"","background-image":"","background-repeat":"repeat","background-position":"center center","background-size":"auto","background-attachment":"scroll","background-type":"","background-media":"","overlay-type":"","overlay-color":"","overlay-opacity":"","overlay-gradient":""},"mobile":{"background-color":"","background-image":"","background-repeat":"repeat","background-position":"center center","background-size":"auto","background-attachment":"scroll","background-type":"","background-media":"","overlay-type":"","overlay-color":"","overlay-opacity":"","overlay-gradient":""}},"ast-content-background-meta":{"desktop":{"background-color":"var(--ast-global-color-5)","background-image":"","background-repeat":"repeat","background-position":"center center","background-size":"auto","background-attachment":"scroll","background-type":"","background-media":"","overlay-type":"","overlay-color":"","overlay-opacity":"","overlay-gradient":""},"tablet":{"background-color":"var(--ast-global-color-5)","background-image":"","background-repeat":"repeat","background-position":"center center","background-size":"auto","background-attachment":"scroll","background-type":"","background-media":"","overlay-type":"","overlay-color":"","overlay-opacity":"","overlay-gradient":""},"mobile":{"background-color":"var(--ast-global-color-5)","background-image":"","background-repeat":"repeat","background-position":"center center","background-size":"auto","background-attachment":"scroll","background-type":"","background-media":"","overlay-type":"","overlay-color":"","overlay-opacity":"","overlay-gradient":""}}},"product_brand":[],"product_cat":[24],"product_tag":[1340,168,360,339,352,344,661,662,1352,1353,389,398,405,361,1349,353,1342,1355,1329,1339,174,365,310,308,363,313,1346,364,1351,1356,169,1338,362,1343,1354,390,1348,1347,1344,779,1341,348,1345,1350],"class_list":{"0":"post-670","1":"product","2":"type-product","3":"status-publish","4":"has-post-thumbnail","6":"product_cat-okna-pvc","7":"product_tag-automatyzacja-produkcji","8":"product_tag-bertrand","9":"product_tag-bezpieczenstwo","10":"product_tag-design","11":"product_tag-dobreokna","12":"product_tag-duze-okna","13":"product_tag-estetyka","14":"product_tag-funkcjonalnosc","15":"product_tag-glebokosc-zabudowy","16":"product_tag-inwestorzy","17":"product_tag-izolacja-akustyczna","18":"product_tag-izolacja-cieplna","19":"product_tag-izolacja-termiczna","20":"product_tag-jakosc","21":"product_tag-klejenie-na-mokro","22":"product_tag-kontur","23":"product_tag-maksymalny-udzial-szkla","24":"product_tag-nowoczesny-system","25":"product_tag-nowoczesny-wyglad","26":"product_tag-ochrona-przed-wlamaniem","27":"product_tag-okna","28":"product_tag-okna-bertrand","29":"product_tag-okna-plastikowe","30":"product_tag-okna-pvc","31":"product_tag-oknazpolski","32":"product_tag-plastikowy-profil","33":"product_tag-pletwa-antywlamaniowa","34":"product_tag-polskieokna","35":"product_tag-poziom-rc3","36":"product_tag-praktyczne-rozwiazania","37":"product_tag-produkt","38":"product_tag-prosty-design","39":"product_tag-quality","40":"product_tag-stabilnosc","41":"product_tag-stolarka-otworowa","42":"product_tag-szczelnosc","43":"product_tag-szklenie-statyczne","44":"product_tag-technologia-klejenia","45":"product_tag-twarde-pvc","46":"product_tag-uszczelnienia","47":"product_tag-waskie-profile","48":"product_tag-windows","49":"product_tag-zabezpieczenie-antywlamaniowe","50":"product_tag-zmniejszone-koszty-konserwacji","51":"desktop-align-left","52":"tablet-align-left","53":"mobile-align-left","55":"first","56":"instock","57":"shipping-taxable","58":"product-type-simple"},"yoast_head":"<!-- This site is optimized with the Yoast SEO Premium plugin v27.2 (Yoast SEO v27.2) - https:\/\/yoast.com\/product\/yoast-seo-premium-wordpress\/ -->\n<title>KONTUR - Bertrand. Najwy\u017cszej jako\u015bci okna i drzwi. Certyfikowany producent od 1969 roku.<\/title>\n<meta name=\"description\" content=\"System Kontur \u0142\u0105czy nowoczesny design z funkcjonalno\u015bci\u0105 i bezpiecze\u0144stwem. Idealny dla os\u00f3b poszukuj\u0105cych innowacyjnych rozwi\u0105za\u0144.\" \/>\n<meta name=\"robots\" content=\"index, follow, max-snippet:-1, max-image-preview:large, max-video-preview:-1\" \/>\n<link rel=\"canonical\" href=\"https:\/\/bertrand.pl\/de\/produkt\/kontur\/\" \/>\n<meta property=\"og:locale\" content=\"de_DE\" \/>\n<meta property=\"og:type\" content=\"article\" \/>\n<meta property=\"og:title\" content=\"KONTUR\" \/>\n<meta property=\"og:description\" content=\"System Kontur \u0142\u0105czy nowoczesny design z funkcjonalno\u015bci\u0105 i bezpiecze\u0144stwem. Idealny dla os\u00f3b poszukuj\u0105cych innowacyjnych rozwi\u0105za\u0144.\" \/>\n<meta property=\"og:url\" content=\"https:\/\/bertrand.pl\/de\/produkt\/kontur\/\" \/>\n<meta property=\"og:site_name\" content=\"Bertrand. Najwy\u017cszej jako\u015bci okna i drzwi. Certyfikowany producent od 1969 roku.\" \/>\n<meta property=\"article:publisher\" content=\"https:\/\/www.facebook.com\/bertrandpolska\/\" \/>\n<meta property=\"article:modified_time\" content=\"2026-03-04T11:09:59+00:00\" \/>\n<meta property=\"og:image\" content=\"https:\/\/bertrand.pl\/wp-content\/uploads\/2024\/02\/kontur-scaled.jpg\" \/>\n\t<meta property=\"og:image:width\" content=\"2560\" \/>\n\t<meta property=\"og:image:height\" content=\"2560\" \/>\n\t<meta property=\"og:image:type\" content=\"image\/jpeg\" \/>\n<meta name=\"twitter:card\" content=\"summary_large_image\" \/>\n<meta name=\"twitter:label1\" content=\"Gesch\u00e4tzte Lesezeit\" \/>\n\t<meta name=\"twitter:data1\" content=\"4\u00a0Minuten\" \/>\n<script type=\"application\/ld+json\" class=\"yoast-schema-graph\">{\"@context\":\"https:\/\/schema.org\",\"@graph\":[{\"@type\":\"WebPage\",\"@id\":\"https:\/\/bertrand.pl\/produkt\/kontur\/\",\"url\":\"https:\/\/bertrand.pl\/produkt\/kontur\/\",\"name\":\"KONTUR - Bertrand. Najwy\u017cszej jako\u015bci okna i drzwi. Certyfikowany producent od 1969 roku.\",\"isPartOf\":{\"@id\":\"https:\/\/bertrand.pl\/#website\"},\"primaryImageOfPage\":{\"@id\":\"https:\/\/bertrand.pl\/produkt\/kontur\/#primaryimage\"},\"image\":{\"@id\":\"https:\/\/bertrand.pl\/produkt\/kontur\/#primaryimage\"},\"thumbnailUrl\":\"https:\/\/bertrand.pl\/wp-content\/uploads\/2024\/02\/kontur-scaled.jpg\",\"datePublished\":\"2025-10-10T05:00:21+00:00\",\"dateModified\":\"2026-03-04T11:09:59+00:00\",\"description\":\"System Kontur \u0142\u0105czy nowoczesny design z funkcjonalno\u015bci\u0105 i bezpiecze\u0144stwem. Idealny dla os\u00f3b poszukuj\u0105cych innowacyjnych rozwi\u0105za\u0144.\",\"breadcrumb\":{\"@id\":\"https:\/\/bertrand.pl\/produkt\/kontur\/#breadcrumb\"},\"inLanguage\":\"de\",\"potentialAction\":[{\"@type\":\"ReadAction\",\"target\":[\"https:\/\/bertrand.pl\/produkt\/kontur\/\"]}]},{\"@type\":\"ImageObject\",\"inLanguage\":\"de\",\"@id\":\"https:\/\/bertrand.pl\/produkt\/kontur\/#primaryimage\",\"url\":\"https:\/\/bertrand.pl\/wp-content\/uploads\/2024\/02\/kontur-scaled.jpg\",\"contentUrl\":\"https:\/\/bertrand.pl\/wp-content\/uploads\/2024\/02\/kontur-scaled.jpg\",\"width\":2560,\"height\":2560,\"caption\":\"Kontur to przemy\u015blane rozwi\u0105zanie, kt\u00f3re \u0142\u0105czy nowoczesny design z funkcjonalno\u015bci\u0105 i bezpiecze\u0144stwem. Jest to wyb\u00f3r idealny dla os\u00f3b poszukuj\u0105cych innowacyjnych, estetycznych oraz praktycznych rozwi\u0105za\u0144.\"},{\"@type\":\"BreadcrumbList\",\"@id\":\"https:\/\/bertrand.pl\/produkt\/kontur\/#breadcrumb\",\"itemListElement\":[{\"@type\":\"ListItem\",\"position\":1,\"name\":\"Strona g\u0142\u00f3wna\",\"item\":\"https:\/\/bertrand.pl\/\"},{\"@type\":\"ListItem\",\"position\":2,\"name\":\"Produits\",\"item\":\"https:\/\/bertrand.pl\/fr\/shop\/\"},{\"@type\":\"ListItem\",\"position\":3,\"name\":\"KONTUR\"}]},{\"@type\":\"WebSite\",\"@id\":\"https:\/\/bertrand.pl\/#website\",\"url\":\"https:\/\/bertrand.pl\/\",\"name\":\"Bertrand.pl\",\"description\":\"Firma Bertrand to certyfikowany i uznany producent najwy\u017cszej jako\u015bci okien z PVC, z drewna lub aluminium. Produkcja drzwi, rolet i bram gara\u017cowych.\",\"publisher\":{\"@id\":\"https:\/\/bertrand.pl\/#organization\"},\"potentialAction\":[{\"@type\":\"SearchAction\",\"target\":{\"@type\":\"EntryPoint\",\"urlTemplate\":\"https:\/\/bertrand.pl\/?s={search_term_string}\"},\"query-input\":{\"@type\":\"PropertyValueSpecification\",\"valueRequired\":true,\"valueName\":\"search_term_string\"}}],\"inLanguage\":\"de\"},{\"@type\":\"Organization\",\"@id\":\"https:\/\/bertrand.pl\/#organization\",\"name\":\"Bertrand.pl\",\"url\":\"https:\/\/bertrand.pl\/\",\"logo\":{\"@type\":\"ImageObject\",\"inLanguage\":\"de\",\"@id\":\"https:\/\/bertrand.pl\/#\/schema\/logo\/image\/\",\"url\":\"https:\/\/bertrand.pl\/wp-content\/uploads\/2024\/12\/logo_BB_TM_PL_black.png\",\"contentUrl\":\"https:\/\/bertrand.pl\/wp-content\/uploads\/2024\/12\/logo_BB_TM_PL_black.png\",\"width\":1831,\"height\":1831,\"caption\":\"Bertrand.pl\"},\"image\":{\"@id\":\"https:\/\/bertrand.pl\/#\/schema\/logo\/image\/\"},\"sameAs\":[\"https:\/\/www.facebook.com\/bertrandpolska\/\",\"https:\/\/www.instagram.com\/bertrand_okna_i_drzwi\/\",\"https:\/\/www.linkedin.com\/company\/bertrand\/\",\"https:\/\/www.tiktok.com\/@bertrand_okna_drzwi\"]}]}<\/script>\n<!-- \/ Yoast SEO Premium plugin. -->","yoast_head_json":{"title":"KONTUR - Bertrand. Najwy\u017cszej jako\u015bci okna i drzwi. Certyfikowany producent od 1969 roku.","description":"Das Kontur-System vereint modernes Design mit Funktionalit\u00e4t und Sicherheit. Perfekt f\u00fcr Menschen, die nach innovativen L\u00f6sungen suchen.","robots":{"index":"index","follow":"follow","max-snippet":"max-snippet:-1","max-image-preview":"max-image-preview:large","max-video-preview":"max-video-preview:-1"},"canonical":"https:\/\/bertrand.pl\/de\/produkt\/kontur\/","og_locale":"de_DE","og_type":"article","og_title":"KONTUR","og_description":"System Kontur \u0142\u0105czy nowoczesny design z funkcjonalno\u015bci\u0105 i bezpiecze\u0144stwem. Idealny dla os\u00f3b poszukuj\u0105cych innowacyjnych rozwi\u0105za\u0144.","og_url":"https:\/\/bertrand.pl\/de\/produkt\/kontur\/","og_site_name":"Bertrand. Najwy\u017cszej jako\u015bci okna i drzwi. Certyfikowany producent od 1969 roku.","article_publisher":"https:\/\/www.facebook.com\/bertrandpolska\/","article_modified_time":"2026-03-04T11:09:59+00:00","og_image":[{"width":2560,"height":2560,"url":"https:\/\/bertrand.pl\/wp-content\/uploads\/2024\/02\/kontur-scaled.jpg","type":"image\/jpeg"}],"twitter_card":"summary_large_image","twitter_misc":{"Gesch\u00e4tzte Lesezeit":"4\u00a0Minuten"},"schema":{"@context":"https:\/\/schema.org","@graph":[{"@type":"WebPage","@id":"https:\/\/bertrand.pl\/produkt\/kontur\/","url":"https:\/\/bertrand.pl\/produkt\/kontur\/","name":"KONTUR - Bertrand. Najwy\u017cszej jako\u015bci okna i drzwi. Certyfikowany producent od 1969 roku.","isPartOf":{"@id":"https:\/\/bertrand.pl\/#website"},"primaryImageOfPage":{"@id":"https:\/\/bertrand.pl\/produkt\/kontur\/#primaryimage"},"image":{"@id":"https:\/\/bertrand.pl\/produkt\/kontur\/#primaryimage"},"thumbnailUrl":"https:\/\/bertrand.pl\/wp-content\/uploads\/2024\/02\/kontur-scaled.jpg","datePublished":"2025-10-10T05:00:21+00:00","dateModified":"2026-03-04T11:09:59+00:00","description":"Das Kontur-System vereint modernes Design mit Funktionalit\u00e4t und Sicherheit. Perfekt f\u00fcr Menschen, die nach innovativen L\u00f6sungen suchen.","breadcrumb":{"@id":"https:\/\/bertrand.pl\/produkt\/kontur\/#breadcrumb"},"inLanguage":"de","potentialAction":[{"@type":"ReadAction","target":["https:\/\/bertrand.pl\/produkt\/kontur\/"]}]},{"@type":"ImageObject","inLanguage":"de","@id":"https:\/\/bertrand.pl\/produkt\/kontur\/#primaryimage","url":"https:\/\/bertrand.pl\/wp-content\/uploads\/2024\/02\/kontur-scaled.jpg","contentUrl":"https:\/\/bertrand.pl\/wp-content\/uploads\/2024\/02\/kontur-scaled.jpg","width":2560,"height":2560,"caption":"Kontur to przemy\u015blane rozwi\u0105zanie, kt\u00f3re \u0142\u0105czy nowoczesny design z funkcjonalno\u015bci\u0105 i bezpiecze\u0144stwem. Jest to wyb\u00f3r idealny dla os\u00f3b poszukuj\u0105cych innowacyjnych, estetycznych oraz praktycznych rozwi\u0105za\u0144."},{"@type":"BreadcrumbList","@id":"https:\/\/bertrand.pl\/produkt\/kontur\/#breadcrumb","itemListElement":[{"@type":"ListItem","position":1,"name":"Strona g\u0142\u00f3wna","item":"https:\/\/bertrand.pl\/"},{"@type":"ListItem","position":2,"name":"Produits","item":"https:\/\/bertrand.pl\/fr\/shop\/"},{"@type":"ListItem","position":3,"name":"KONTUR"}]},{"@type":"WebSite","@id":"https:\/\/bertrand.pl\/#website","url":"https:\/\/bertrand.pl\/","name":"Bertrand.pl","description":"Firma Bertrand to certyfikowany i uznany producent najwy\u017cszej jako\u015bci okien z PVC, z drewna lub aluminium. Produkcja drzwi, rolet i bram gara\u017cowych.","publisher":{"@id":"https:\/\/bertrand.pl\/#organization"},"potentialAction":[{"@type":"SearchAction","target":{"@type":"EntryPoint","urlTemplate":"https:\/\/bertrand.pl\/?s={search_term_string}"},"query-input":{"@type":"PropertyValueSpecification","valueRequired":true,"valueName":"search_term_string"}}],"inLanguage":"de"},{"@type":"Organization","@id":"https:\/\/bertrand.pl\/#organization","name":"Bertrand.pl","url":"https:\/\/bertrand.pl\/","logo":{"@type":"ImageObject","inLanguage":"de","@id":"https:\/\/bertrand.pl\/#\/schema\/logo\/image\/","url":"https:\/\/bertrand.pl\/wp-content\/uploads\/2024\/12\/logo_BB_TM_PL_black.png","contentUrl":"https:\/\/bertrand.pl\/wp-content\/uploads\/2024\/12\/logo_BB_TM_PL_black.png","width":1831,"height":1831,"caption":"Bertrand.pl"},"image":{"@id":"https:\/\/bertrand.pl\/#\/schema\/logo\/image\/"},"sameAs":["https:\/\/www.facebook.com\/bertrandpolska\/","https:\/\/www.instagram.com\/bertrand_okna_i_drzwi\/","https:\/\/www.linkedin.com\/company\/bertrand\/","https:\/\/www.tiktok.com\/@bertrand_okna_drzwi"]}]}},"_links":{"self":[{"href":"https:\/\/bertrand.pl\/de\/wp-json\/wp\/v2\/product\/670","targetHints":{"allow":["GET"]}}],"collection":[{"href":"https:\/\/bertrand.pl\/de\/wp-json\/wp\/v2\/product"}],"about":[{"href":"https:\/\/bertrand.pl\/de\/wp-json\/wp\/v2\/types\/product"}],"wp:featuredmedia":[{"embeddable":true,"href":"https:\/\/bertrand.pl\/de\/wp-json\/wp\/v2\/media\/3493"}],"wp:attachment":[{"href":"https:\/\/bertrand.pl\/de\/wp-json\/wp\/v2\/media?parent=670"}],"wp:term":[{"taxonomy":"product_brand","embeddable":true,"href":"https:\/\/bertrand.pl\/de\/wp-json\/wp\/v2\/product_brand?post=670"},{"taxonomy":"product_cat","embeddable":true,"href":"https:\/\/bertrand.pl\/de\/wp-json\/wp\/v2\/product_cat?post=670"},{"taxonomy":"product_tag","embeddable":true,"href":"https:\/\/bertrand.pl\/de\/wp-json\/wp\/v2\/product_tag?post=670"}],"curies":[{"name":"wp","href":"https:\/\/api.w.org\/{rel}","templated":true}]}}