{"id":691,"date":"2025-10-10T06:58:38","date_gmt":"2025-10-10T04:58:38","guid":{"rendered":"https:\/\/bertrand.pl\/?post_type=product&#038;p=691"},"modified":"2026-03-04T12:29:20","modified_gmt":"2026-03-04T11:29:20","slug":"kombisystem","status":"publish","type":"product","link":"https:\/\/bertrand.pl\/de\/produkt\/kombisystem\/","title":{"rendered":"KOMBISYSTEM \/ QUANTIX"},"content":{"rendered":"<h4><strong>Kombisystem: Innovation und Vielseitigkeit<\/strong><\/h4>\n<p>&nbsp;<\/p>\n<p>Kombisystem to komfortowy, nowoczesny i wszechstronny system, kt\u00f3ry zaprojektowano z my\u015bl\u0105 o oknach, drzwiach oraz drzwiach podnoszono-przesuwnych. Dzi\u0119ki zastosowaniu zaawansowanej technologii oferuje <strong>dwa lub trzy poziomy uszczelnienia<\/strong>, co zapewnia najwy\u017csz\u0105 jako\u015b\u0107 u\u017cytkowania i pe\u0142en komfort na d\u0142ugie lata.<\/p>\n<p>&nbsp;<\/p>\n<p>Jednym z najwi\u0119kszych atut\u00f3w Kombisystem jest jego doskona\u0142a izolacja termiczna, kt\u00f3ra zosta\u0142a osi\u0105gni\u0119ta dzi\u0119ki wieloletnim badaniom i precyzyjnym rozwi\u0105zaniom technicznym. Wsp\u00f3\u0142czynnik przenikania ciep\u0142a Uf na poziomie<strong> 0,92 W\/m\u00b2K<\/strong> spe\u0142nia wymagania budownictwa pasywnego, nawet przy standardowych wzmocnieniach stalowych. Dzi\u0119ki temu system ten skutecznie zmniejsza straty ciep\u0142a, obni\u017caj\u0105c koszty ogrzewania i zwi\u0119kszaj\u0105c energooszcz\u0119dno\u015b\u0107.<\/p>\n<p>&nbsp;<\/p>\n<p>Prezentowany system przystosowano do monta\u017cu pakiet\u00f3w<strong> 3-szybowych o grubo\u015bci 52 mm<\/strong>, a w wersji z <strong>STV\u00ae do 54 mm<\/strong>. Takie rozwi\u0105zanie umo\u017cliwia budow\u0119 du\u017cych przeszkle\u0144 przy jednoczesnym zachowaniu w\u0105skich ram i skrzyde\u0142. Dodatkowo nachylenie przylgi pod k\u0105tem 15\u00b0 podkre\u015bla elegancki i ponadczasowy wygl\u0105d okien, doskonale wpisuj\u0105c si\u0119 w estetyk\u0119 nowoczesnych wn\u0119trz.<\/p>\n<p>&nbsp;<\/p>\n<h4><strong>Dritte Dichtung \u2013 Bessere Isolierung und Schutz<\/strong><\/h4>\n<p>&nbsp;<\/p>\n<p>Eine zus\u00e4tzliche dritte Dichtung erh\u00f6ht die W\u00e4rmed\u00e4mmung deutlich und sch\u00fctzt die Armaturen vor Feuchtigkeit. Dar\u00fcber hinaus entsteht eine wirksame akustische Barriere, die Au\u00dfenger\u00e4usche reduziert und den Benutzern Ruhe und Komfort bietet. Kombisystem vereint \u00c4sthetik, moderne technische L\u00f6sungen und Funktionalit\u00e4t, was es zu einer hervorragenden Wahl f\u00fcr energieeffiziente H\u00e4user macht.<\/p>\n<p>&nbsp;<\/p>\n<p>Dzi\u0119ki wysokiej stabilno\u015bci statycznej, Kombisystem nadaje si\u0119 do konstruowania du\u017cych przeszkle\u0144, tak\u017ce w wersji kolorowej. Technologia statycznego klejenia na sucho zwi\u0119ksza stabilno\u015b\u0107 i bezpiecze\u0144stwo konstrukcji, co sprawia, \u017ce u\u017cytkowanie tych okien jest jeszcze bardziej komfortowe.<\/p>\n<p>&nbsp;<\/p>\n<figure id=\"attachment_7962\" aria-describedby=\"caption-attachment-7962\" style=\"width: 562px\" class=\"wp-caption aligncenter\"><img fetchpriority=\"high\" decoding=\"async\" class=\"wp-image-7962 size-full\" src=\"https:\/\/bertrand.pl\/wp-content\/uploads\/2025\/10\/kombisystem_przekroj-1.jpg\" alt=\"\" width=\"562\" height=\"662\" srcset=\"https:\/\/bertrand.pl\/wp-content\/uploads\/2025\/10\/kombisystem_przekroj-1.jpg 562w, https:\/\/bertrand.pl\/wp-content\/uploads\/2025\/10\/kombisystem_przekroj-1-357x420.jpg 357w, https:\/\/bertrand.pl\/wp-content\/uploads\/2025\/10\/kombisystem_przekroj-1-10x12.jpg 10w\" sizes=\"(max-width: 562px) 100vw, 562px\" \/><figcaption id=\"caption-attachment-7962\" class=\"wp-caption-text\">Kombisystem &#8211; przekr\u00f3j.<\/figcaption><\/figure>\n<p>&nbsp;<\/p>\n<p>&nbsp;<\/p>\n<h4 data-start=\"0\" data-end=\"45\"><strong data-start=\"0\" data-end=\"45\">QUANTIX \u2013 WI\u0118CEJ \u015aWIAT\u0141A NI\u017b KIEDYKOLWIEK<\/strong><\/h4>\n<p>&nbsp;<\/p>\n<p><img decoding=\"async\" class=\"wp-image-6551 aligncenter\" src=\"https:\/\/bertrand.pl\/wp-content\/uploads\/2024\/02\/imggealanS9000lumaxx-374x420.jpg\" alt=\"\" width=\"301\" height=\"338\" srcset=\"https:\/\/bertrand.pl\/wp-content\/uploads\/2024\/02\/imggealanS9000lumaxx-374x420.jpg 374w, https:\/\/bertrand.pl\/wp-content\/uploads\/2024\/02\/imggealanS9000lumaxx-11x12.jpg 11w, https:\/\/bertrand.pl\/wp-content\/uploads\/2024\/02\/imggealanS9000lumaxx.jpg 383w\" sizes=\"(max-width: 301px) 100vw, 301px\" \/><\/p>\n<p>&nbsp;<\/p>\n<p data-start=\"47\" data-end=\"222\">Quantix to smuklejsza wersja systemu Kombisystem, zaprojektowana z my\u015bl\u0105 o bardziej eleganckim profilu przy zachowaniu pe\u0142nej kompatybilno\u015bci i wysokich parametr\u00f3w u\u017cytkowych. Jest\u00a0to nowoczesne rozwi\u0105zanie, kt\u00f3re \u0142\u0105czy tradycyjn\u0105 ram\u0119 z obni\u017conym skrzyd\u0142em, tworz\u0105c wyj\u0105tkowo smuk\u0142\u0105 i eleganck\u0105 konstrukcj\u0119 okna. Taka budowa pozwala na wpuszczenie nawet o 25% wi\u0119cej naturalnego \u015bwiat\u0142a w por\u00f3wnaniu do standardowych system\u00f3w.<\/p>\n<figure id=\"attachment_7963\" aria-describedby=\"caption-attachment-7963\" style=\"width: 493px\" class=\"wp-caption aligncenter\"><img decoding=\"async\" class=\"wp-image-7963 size-full\" src=\"https:\/\/bertrand.pl\/wp-content\/uploads\/2025\/10\/quantix.jpg\" alt=\"\" width=\"493\" height=\"459\" srcset=\"https:\/\/bertrand.pl\/wp-content\/uploads\/2025\/10\/quantix.jpg 493w, https:\/\/bertrand.pl\/wp-content\/uploads\/2025\/10\/quantix-420x391.jpg 420w, https:\/\/bertrand.pl\/wp-content\/uploads\/2025\/10\/quantix-13x12.jpg 13w\" sizes=\"(max-width: 493px) 100vw, 493px\" \/><figcaption id=\"caption-attachment-7963\" class=\"wp-caption-text\">Quantix &#8211; przekr\u00f3j.<\/figcaption><\/figure>\n<p data-start=\"480\" data-end=\"794\">Profil Quantix wyr\u00f3\u017cnia si\u0119 nisk\u0105 kombinacj\u0105 ramy i skrzyd\u0142a o wysoko\u015bci zaledwie 103 mm oraz innowacyjnym uk\u0142adem s\u0142upek\u2013skrzyd\u0142o o szeroko\u015bci jedynie 106 mm. Dla por\u00f3wnania, tradycyjne konstrukcje z ruchomym s\u0142upkiem mog\u0105 mie\u0107 nawet 170 mm szeroko\u015bci, co znacz\u0105co ogranicza ilo\u015b\u0107 \u015bwiat\u0142a i zaburza estetyk\u0119 okna. Dzi\u0119ki Quantix mo\u017cliwe jest osi\u0105gni\u0119cie nowoczesnego, minimalistycznego wygl\u0105du bez kompromis\u00f3w w zakresie funkcjonalno\u015bci, wygody obs\u0142ugi czy bezpiecze\u0144stwa. Smuk\u0142e profile to wi\u0119cej \u015bwiat\u0142a dziennego, lepszy design i wi\u0119kszy komfort codziennego u\u017cytkowania.<\/p>\n<p>&nbsp;<\/p>\n<p>&nbsp;<\/p>\n<p>&nbsp;<\/p>\n<h4><strong>SEHEN SIE AUCH:<\/strong><\/h4>\n<p>&nbsp;<\/p>\n<h4><strong><a href=\"https:\/\/www.youtube.com\/watch?v=CF4ubhWJ5B4\">Kombisystem MD &amp; Acrylcolor\u00ae Technologie<\/a><\/strong><\/h4>\n<h4><strong><a href=\"https:\/\/bertrand.pl\/de\/farbe\/\">Farben von Fenstern und T\u00fcren<\/a><\/strong><\/h4>","protected":false},"excerpt":{"rendered":"<p><strong>EINE MODERNE L\u00d6SUNG F\u00dcR FENSTER UND T\u00dcREN<\/strong><\/p>\n<p>Kombisystem ist ein innovatives, vielseitiges System f\u00fcr Fenster, T\u00fcren und Hebeschiebet\u00fcren. Dank fortschrittlicher Technologie bietet es zwei oder drei Versiegelungsebenen und gew\u00e4hrleistet so h\u00f6chste Nutzungsqualit\u00e4t.<\/p>","protected":false},"featured_media":5931,"template":"","meta":{"site-sidebar-layout":"default","site-content-layout":"","ast-site-content-layout":"default","site-content-style":"default","site-sidebar-style":"default","ast-global-header-display":"","ast-banner-title-visibility":"","ast-main-header-display":"","ast-hfb-above-header-display":"","ast-hfb-below-header-display":"","ast-hfb-mobile-header-display":"","site-post-title":"","ast-breadcrumbs-content":"","ast-featured-img":"","footer-sml-layout":"","ast-disable-related-posts":"","theme-transparent-header-meta":"default","adv-header-id-meta":"","stick-header-meta":"","header-above-stick-meta":"","header-main-stick-meta":"","header-below-stick-meta":"","astra-migrate-meta-layouts":"set","ast-page-background-enabled":"default","ast-page-background-meta":{"desktop":{"background-color":"var(--ast-global-color-4)","background-image":"","background-repeat":"repeat","background-position":"center center","background-size":"auto","background-attachment":"scroll","background-type":"","background-media":"","overlay-type":"","overlay-color":"","overlay-opacity":"","overlay-gradient":""},"tablet":{"background-color":"","background-image":"","background-repeat":"repeat","background-position":"center center","background-size":"auto","background-attachment":"scroll","background-type":"","background-media":"","overlay-type":"","overlay-color":"","overlay-opacity":"","overlay-gradient":""},"mobile":{"background-color":"","background-image":"","background-repeat":"repeat","background-position":"center center","background-size":"auto","background-attachment":"scroll","background-type":"","background-media":"","overlay-type":"","overlay-color":"","overlay-opacity":"","overlay-gradient":""}},"ast-content-background-meta":{"desktop":{"background-color":"var(--ast-global-color-5)","background-image":"","background-repeat":"repeat","background-position":"center center","background-size":"auto","background-attachment":"scroll","background-type":"","background-media":"","overlay-type":"","overlay-color":"","overlay-opacity":"","overlay-gradient":""},"tablet":{"background-color":"var(--ast-global-color-5)","background-image":"","background-repeat":"repeat","background-position":"center center","background-size":"auto","background-attachment":"scroll","background-type":"","background-media":"","overlay-type":"","overlay-color":"","overlay-opacity":"","overlay-gradient":""},"mobile":{"background-color":"var(--ast-global-color-5)","background-image":"","background-repeat":"repeat","background-position":"center center","background-size":"auto","background-attachment":"scroll","background-type":"","background-media":"","overlay-type":"","overlay-color":"","overlay-opacity":"","overlay-gradient":""}}},"product_brand":[],"product_cat":[24],"product_tag":[1373,168,360,326,367,368,311,352,175,338,408,1359,453,358,1365,370,1357,398,405,371,372,366,1369,740,1243,1375,1372,174,369,310,308,323,363,324,312,351,1364,1346,1370,169,314,362,1343,1366,1374,1371,1360,1361,1367,1368,348,1046,1325,1376,1363,1358],"class_list":{"0":"post-691","1":"product","2":"type-product","3":"status-publish","4":"has-post-thumbnail","6":"product_cat-okna-pvc","7":"product_tag-bariera-akustyczna","8":"product_tag-bertrand","9":"product_tag-bezpieczenstwo","10":"product_tag-budowa-domu","11":"product_tag-budownictwo","12":"product_tag-budownictwo-pasywne","13":"product_tag-dobre-wlasciwosci-termiczne","14":"product_tag-dobreokna","15":"product_tag-drzwi","16":"product_tag-drzwi-podnoszono-przesuwne","17":"product_tag-duze-przeszklenia","18":"product_tag-dwa-poziomy-uszczelnienia","19":"product_tag-energooszczednosc","20":"product_tag-gealan","21":"product_tag-grubosc-52-mm","22":"product_tag-idealne-okna-do-domu","23":"product_tag-innowacyjny-system","24":"product_tag-izolacja-cieplna","25":"product_tag-izolacja-termiczna","26":"product_tag-kombisystem","27":"product_tag-kombisystem-plus","28":"product_tag-komfort","29":"product_tag-nachylenie-przylgi","30":"product_tag-nowoczesny-design","31":"product_tag-nowoczesny-design-okien","32":"product_tag-ochrona-antywlamaniowa","33":"product_tag-ochrona-okuc","34":"product_tag-okna","35":"product_tag-okna-do-domu","36":"product_tag-okna-plastikowe","37":"product_tag-okna-pvc","38":"product_tag-okna-z-polski","39":"product_tag-oknazpolski","40":"product_tag-okno-dla-domu","41":"product_tag-okno-dla-twojego-domu","42":"product_tag-oknobertrand","43":"product_tag-pakiety-3-szybowe","44":"product_tag-pletwa-antywlamaniowa","45":"product_tag-ponadczasowy-wyglad","46":"product_tag-produkt","47":"product_tag-profil-okienny","48":"product_tag-quality","49":"product_tag-stabilnosc","50":"product_tag-stv","51":"product_tag-technologia-statycznego-klejenia-na-sucho","52":"product_tag-trzecia-uszczelka","53":"product_tag-trzy-poziomy-uszczelnienia","54":"product_tag-uf-0","55":"product_tag-waskie-ramy","56":"product_tag-waskie-skrzydla","57":"product_tag-windows","58":"product_tag-wspolczynnik-przenikania-ciepla","59":"product_tag-wszechstronny-system","60":"product_tag-wywazanie-okien","61":"product_tag-wzmocnienia-stalowe","62":"product_tag-zaawansowana-technologia","63":"desktop-align-left","64":"tablet-align-left","65":"mobile-align-left","67":"first","68":"instock","69":"shipping-taxable","70":"product-type-simple"},"yoast_head":"<!-- This site is optimized with the Yoast SEO Premium plugin v27.2 (Yoast SEO v27.2) - https:\/\/yoast.com\/product\/yoast-seo-premium-wordpress\/ -->\n<title>KOMBISYSTEM \/ QUANTIX - Bertrand. Najwy\u017cszej jako\u015bci okna i drzwi. Certyfikowany producent od 1969 roku.<\/title>\n<meta name=\"description\" content=\"Kombisystem to innowacyjny system, kt\u00f3ry \u0142\u0105czy nowoczesny design, doskona\u0142e w\u0142a\u015bciwo\u015bci izolacyjne i najwy\u017cszy poziom bezpiecze\u0144stwa.\" \/>\n<meta name=\"robots\" content=\"index, follow, max-snippet:-1, max-image-preview:large, max-video-preview:-1\" \/>\n<link rel=\"canonical\" href=\"https:\/\/bertrand.pl\/de\/produkt\/kombisystem\/\" \/>\n<meta property=\"og:locale\" content=\"de_DE\" \/>\n<meta property=\"og:type\" content=\"article\" \/>\n<meta property=\"og:title\" content=\"KOMBISYSTEM \/ QUANTIX\" \/>\n<meta property=\"og:description\" content=\"Kombisystem to innowacyjny system, kt\u00f3ry \u0142\u0105czy nowoczesny design, doskona\u0142e w\u0142a\u015bciwo\u015bci izolacyjne i najwy\u017cszy poziom bezpiecze\u0144stwa.\" \/>\n<meta property=\"og:url\" content=\"https:\/\/bertrand.pl\/de\/produkt\/kombisystem\/\" \/>\n<meta property=\"og:site_name\" content=\"Bertrand. Najwy\u017cszej jako\u015bci okna i drzwi. Certyfikowany producent od 1969 roku.\" \/>\n<meta property=\"article:publisher\" content=\"https:\/\/www.facebook.com\/bertrandpolska\/\" \/>\n<meta property=\"article:modified_time\" content=\"2026-03-04T11:29:20+00:00\" \/>\n<meta property=\"og:image\" content=\"https:\/\/bertrand.pl\/wp-content\/uploads\/2024\/02\/s9000.png\" \/>\n\t<meta property=\"og:image:width\" content=\"1200\" \/>\n\t<meta property=\"og:image:height\" content=\"1200\" \/>\n\t<meta property=\"og:image:type\" content=\"image\/png\" \/>\n<meta name=\"twitter:card\" content=\"summary_large_image\" \/>\n<meta name=\"twitter:label1\" content=\"Gesch\u00e4tzte Lesezeit\" \/>\n\t<meta name=\"twitter:data1\" content=\"4\u00a0Minuten\" \/>\n<script type=\"application\/ld+json\" class=\"yoast-schema-graph\">{\"@context\":\"https:\/\/schema.org\",\"@graph\":[{\"@type\":\"WebPage\",\"@id\":\"https:\/\/bertrand.pl\/produkt\/kombisystem\/\",\"url\":\"https:\/\/bertrand.pl\/produkt\/kombisystem\/\",\"name\":\"KOMBISYSTEM \/ QUANTIX - Bertrand. Najwy\u017cszej jako\u015bci okna i drzwi. Certyfikowany producent od 1969 roku.\",\"isPartOf\":{\"@id\":\"https:\/\/bertrand.pl\/#website\"},\"primaryImageOfPage\":{\"@id\":\"https:\/\/bertrand.pl\/produkt\/kombisystem\/#primaryimage\"},\"image\":{\"@id\":\"https:\/\/bertrand.pl\/produkt\/kombisystem\/#primaryimage\"},\"thumbnailUrl\":\"https:\/\/bertrand.pl\/wp-content\/uploads\/2024\/02\/s9000.png\",\"datePublished\":\"2025-10-10T04:58:38+00:00\",\"dateModified\":\"2026-03-04T11:29:20+00:00\",\"description\":\"Kombisystem to innowacyjny system, kt\u00f3ry \u0142\u0105czy nowoczesny design, doskona\u0142e w\u0142a\u015bciwo\u015bci izolacyjne i najwy\u017cszy poziom bezpiecze\u0144stwa.\",\"breadcrumb\":{\"@id\":\"https:\/\/bertrand.pl\/produkt\/kombisystem\/#breadcrumb\"},\"inLanguage\":\"de\",\"potentialAction\":[{\"@type\":\"ReadAction\",\"target\":[\"https:\/\/bertrand.pl\/produkt\/kombisystem\/\"]}]},{\"@type\":\"ImageObject\",\"inLanguage\":\"de\",\"@id\":\"https:\/\/bertrand.pl\/produkt\/kombisystem\/#primaryimage\",\"url\":\"https:\/\/bertrand.pl\/wp-content\/uploads\/2024\/02\/s9000.png\",\"contentUrl\":\"https:\/\/bertrand.pl\/wp-content\/uploads\/2024\/02\/s9000.png\",\"width\":1200,\"height\":1200},{\"@type\":\"BreadcrumbList\",\"@id\":\"https:\/\/bertrand.pl\/produkt\/kombisystem\/#breadcrumb\",\"itemListElement\":[{\"@type\":\"ListItem\",\"position\":1,\"name\":\"Strona g\u0142\u00f3wna\",\"item\":\"https:\/\/bertrand.pl\/\"},{\"@type\":\"ListItem\",\"position\":2,\"name\":\"Produits\",\"item\":\"https:\/\/bertrand.pl\/fr\/shop\/\"},{\"@type\":\"ListItem\",\"position\":3,\"name\":\"KOMBISYSTEM \/ QUANTIX\"}]},{\"@type\":\"WebSite\",\"@id\":\"https:\/\/bertrand.pl\/#website\",\"url\":\"https:\/\/bertrand.pl\/\",\"name\":\"Bertrand.pl\",\"description\":\"Firma Bertrand to certyfikowany i uznany producent najwy\u017cszej jako\u015bci okien z PVC, z drewna lub aluminium. Produkcja drzwi, rolet i bram gara\u017cowych.\",\"publisher\":{\"@id\":\"https:\/\/bertrand.pl\/#organization\"},\"potentialAction\":[{\"@type\":\"SearchAction\",\"target\":{\"@type\":\"EntryPoint\",\"urlTemplate\":\"https:\/\/bertrand.pl\/?s={search_term_string}\"},\"query-input\":{\"@type\":\"PropertyValueSpecification\",\"valueRequired\":true,\"valueName\":\"search_term_string\"}}],\"inLanguage\":\"de\"},{\"@type\":\"Organization\",\"@id\":\"https:\/\/bertrand.pl\/#organization\",\"name\":\"Bertrand.pl\",\"url\":\"https:\/\/bertrand.pl\/\",\"logo\":{\"@type\":\"ImageObject\",\"inLanguage\":\"de\",\"@id\":\"https:\/\/bertrand.pl\/#\/schema\/logo\/image\/\",\"url\":\"https:\/\/bertrand.pl\/wp-content\/uploads\/2024\/12\/logo_BB_TM_PL_black.png\",\"contentUrl\":\"https:\/\/bertrand.pl\/wp-content\/uploads\/2024\/12\/logo_BB_TM_PL_black.png\",\"width\":1831,\"height\":1831,\"caption\":\"Bertrand.pl\"},\"image\":{\"@id\":\"https:\/\/bertrand.pl\/#\/schema\/logo\/image\/\"},\"sameAs\":[\"https:\/\/www.facebook.com\/bertrandpolska\/\",\"https:\/\/www.instagram.com\/bertrand_okna_i_drzwi\/\",\"https:\/\/www.linkedin.com\/company\/bertrand\/\",\"https:\/\/www.tiktok.com\/@bertrand_okna_drzwi\"]}]}<\/script>\n<!-- \/ Yoast SEO Premium plugin. -->","yoast_head_json":{"title":"KOMBISYSTEM \/ QUANTIX - Bertrand. Najwy\u017cszej jako\u015bci okna i drzwi. Certyfikowany producent od 1969 roku.","description":"Kombisystem ist ein innovatives System, das modernes Design, hervorragende Isoliereigenschaften und h\u00f6chste Sicherheit vereint.","robots":{"index":"index","follow":"follow","max-snippet":"max-snippet:-1","max-image-preview":"max-image-preview:large","max-video-preview":"max-video-preview:-1"},"canonical":"https:\/\/bertrand.pl\/de\/produkt\/kombisystem\/","og_locale":"de_DE","og_type":"article","og_title":"KOMBISYSTEM \/ QUANTIX","og_description":"Kombisystem to innowacyjny system, kt\u00f3ry \u0142\u0105czy nowoczesny design, doskona\u0142e w\u0142a\u015bciwo\u015bci izolacyjne i najwy\u017cszy poziom bezpiecze\u0144stwa.","og_url":"https:\/\/bertrand.pl\/de\/produkt\/kombisystem\/","og_site_name":"Bertrand. Najwy\u017cszej jako\u015bci okna i drzwi. Certyfikowany producent od 1969 roku.","article_publisher":"https:\/\/www.facebook.com\/bertrandpolska\/","article_modified_time":"2026-03-04T11:29:20+00:00","og_image":[{"width":1200,"height":1200,"url":"https:\/\/bertrand.pl\/wp-content\/uploads\/2024\/02\/s9000.png","type":"image\/png"}],"twitter_card":"summary_large_image","twitter_misc":{"Gesch\u00e4tzte Lesezeit":"4\u00a0Minuten"},"schema":{"@context":"https:\/\/schema.org","@graph":[{"@type":"WebPage","@id":"https:\/\/bertrand.pl\/produkt\/kombisystem\/","url":"https:\/\/bertrand.pl\/produkt\/kombisystem\/","name":"KOMBISYSTEM \/ QUANTIX - Bertrand. Najwy\u017cszej jako\u015bci okna i drzwi. Certyfikowany producent od 1969 roku.","isPartOf":{"@id":"https:\/\/bertrand.pl\/#website"},"primaryImageOfPage":{"@id":"https:\/\/bertrand.pl\/produkt\/kombisystem\/#primaryimage"},"image":{"@id":"https:\/\/bertrand.pl\/produkt\/kombisystem\/#primaryimage"},"thumbnailUrl":"https:\/\/bertrand.pl\/wp-content\/uploads\/2024\/02\/s9000.png","datePublished":"2025-10-10T04:58:38+00:00","dateModified":"2026-03-04T11:29:20+00:00","description":"Kombisystem ist ein innovatives System, das modernes Design, hervorragende Isoliereigenschaften und h\u00f6chste Sicherheit vereint.","breadcrumb":{"@id":"https:\/\/bertrand.pl\/produkt\/kombisystem\/#breadcrumb"},"inLanguage":"de","potentialAction":[{"@type":"ReadAction","target":["https:\/\/bertrand.pl\/produkt\/kombisystem\/"]}]},{"@type":"ImageObject","inLanguage":"de","@id":"https:\/\/bertrand.pl\/produkt\/kombisystem\/#primaryimage","url":"https:\/\/bertrand.pl\/wp-content\/uploads\/2024\/02\/s9000.png","contentUrl":"https:\/\/bertrand.pl\/wp-content\/uploads\/2024\/02\/s9000.png","width":1200,"height":1200},{"@type":"BreadcrumbList","@id":"https:\/\/bertrand.pl\/produkt\/kombisystem\/#breadcrumb","itemListElement":[{"@type":"ListItem","position":1,"name":"Strona g\u0142\u00f3wna","item":"https:\/\/bertrand.pl\/"},{"@type":"ListItem","position":2,"name":"Produits","item":"https:\/\/bertrand.pl\/fr\/shop\/"},{"@type":"ListItem","position":3,"name":"KOMBISYSTEM \/ QUANTIX"}]},{"@type":"WebSite","@id":"https:\/\/bertrand.pl\/#website","url":"https:\/\/bertrand.pl\/","name":"Bertrand.pl","description":"Firma Bertrand to certyfikowany i uznany producent najwy\u017cszej jako\u015bci okien z PVC, z drewna lub aluminium. Produkcja drzwi, rolet i bram gara\u017cowych.","publisher":{"@id":"https:\/\/bertrand.pl\/#organization"},"potentialAction":[{"@type":"SearchAction","target":{"@type":"EntryPoint","urlTemplate":"https:\/\/bertrand.pl\/?s={search_term_string}"},"query-input":{"@type":"PropertyValueSpecification","valueRequired":true,"valueName":"search_term_string"}}],"inLanguage":"de"},{"@type":"Organization","@id":"https:\/\/bertrand.pl\/#organization","name":"Bertrand.pl","url":"https:\/\/bertrand.pl\/","logo":{"@type":"ImageObject","inLanguage":"de","@id":"https:\/\/bertrand.pl\/#\/schema\/logo\/image\/","url":"https:\/\/bertrand.pl\/wp-content\/uploads\/2024\/12\/logo_BB_TM_PL_black.png","contentUrl":"https:\/\/bertrand.pl\/wp-content\/uploads\/2024\/12\/logo_BB_TM_PL_black.png","width":1831,"height":1831,"caption":"Bertrand.pl"},"image":{"@id":"https:\/\/bertrand.pl\/#\/schema\/logo\/image\/"},"sameAs":["https:\/\/www.facebook.com\/bertrandpolska\/","https:\/\/www.instagram.com\/bertrand_okna_i_drzwi\/","https:\/\/www.linkedin.com\/company\/bertrand\/","https:\/\/www.tiktok.com\/@bertrand_okna_drzwi"]}]}},"_links":{"self":[{"href":"https:\/\/bertrand.pl\/de\/wp-json\/wp\/v2\/product\/691","targetHints":{"allow":["GET"]}}],"collection":[{"href":"https:\/\/bertrand.pl\/de\/wp-json\/wp\/v2\/product"}],"about":[{"href":"https:\/\/bertrand.pl\/de\/wp-json\/wp\/v2\/types\/product"}],"wp:featuredmedia":[{"embeddable":true,"href":"https:\/\/bertrand.pl\/de\/wp-json\/wp\/v2\/media\/5931"}],"wp:attachment":[{"href":"https:\/\/bertrand.pl\/de\/wp-json\/wp\/v2\/media?parent=691"}],"wp:term":[{"taxonomy":"product_brand","embeddable":true,"href":"https:\/\/bertrand.pl\/de\/wp-json\/wp\/v2\/product_brand?post=691"},{"taxonomy":"product_cat","embeddable":true,"href":"https:\/\/bertrand.pl\/de\/wp-json\/wp\/v2\/product_cat?post=691"},{"taxonomy":"product_tag","embeddable":true,"href":"https:\/\/bertrand.pl\/de\/wp-json\/wp\/v2\/product_tag?post=691"}],"curies":[{"name":"wp","href":"https:\/\/api.w.org\/{rel}","templated":true}]}}