{"id":7133,"date":"2025-08-06T11:10:47","date_gmt":"2025-08-06T09:10:47","guid":{"rendered":"https:\/\/bertrand.pl\/?post_type=product&#038;p=7133"},"modified":"2025-08-06T11:13:35","modified_gmt":"2025-08-06T09:13:35","slug":"slimline-38","status":"publish","type":"product","link":"https:\/\/bertrand.pl\/de\/produkt\/slimline-38\/","title":{"rendered":"SlimLine 38"},"content":{"rendered":"<p data-start=\"427\" data-end=\"799\" class=\"translation-block\">SlimLine 38 ist ein fortschrittliches Aluminiumsystem, entwickelt f\u00fcr moderne Architektur, die auf maximale Innenraumausleuchtung, schlanke Profile und erstklassige \u00c4sthetik setzt. Dank der au\u00dfergew\u00f6hnlich schmalen Rahmenquerschnitte erm\u00f6glicht SlimLine 38 Verglasungen, die fast wie feststehend wirken, bei voller Funktionalit\u00e4t der zu \u00f6ffnenden Fenster.<\/p>\n<p data-start=\"801\" data-end=\"863\" class=\"translation-block\">Das System ist in vier \u00e4sthetischen Varianten erh\u00e4ltlich:<\/p>\n<ul>\n<li data-start=\"934\" data-end=\"1038\" class=\"translation-block\">Classic \u2013 zeitloses, ausgewogenes Erscheinungsbild, passend zu den meisten Architekturstilen<\/li>\n<li data-start=\"934\" data-end=\"1038\" class=\"translation-block\">Ferro \u2013 industrielle \u00c4sthetik, inspiriert von Stahl, ideal f\u00fcr Renovierungen und Lofts<\/li>\n<li data-start=\"934\" data-end=\"1038\" class=\"translation-block\">Cubic \u2013 geometrische Form mit klar ausgepr\u00e4gten Linien, f\u00fcr moderne Projekte<\/li>\n<li data-start=\"934\" data-end=\"1038\" class=\"translation-block\">Functional \u2013 klassisches, schlichtes Profil mit universellem Charakter, beliebt im Wohnungsbau<\/li>\n<\/ul>\n<ol>\n<li style=\"list-style-type: none;\"><\/li>\n<\/ol>\n<p data-start=\"1211\" data-end=\"1323\">Jede dieser Varianten erm\u00f6glicht es, die Bauelemente an die individuellen Erwartungen des Investors oder die Anforderungen des Projekts anzupassen.<\/p>\n<p data-start=\"1211\" data-end=\"1323\"><img fetchpriority=\"high\" decoding=\"async\" class=\"alignnone wp-image-7134\" src=\"https:\/\/bertrand.pl\/wp-content\/uploads\/2025\/08\/Zrzut-ekranu-2025-08-06-110609.png\" alt=\"\" width=\"801\" height=\"376\" \/><\/p>\n<p data-start=\"1211\" data-end=\"1323\">\n<p data-start=\"1211\" data-end=\"1323\"><img decoding=\"async\" class=\"alignnone wp-image-7136\" src=\"https:\/\/bertrand.pl\/wp-content\/uploads\/2025\/08\/83011_REYN-1314.jpg\" alt=\"\" width=\"700\" height=\"561\" srcset=\"https:\/\/bertrand.pl\/wp-content\/uploads\/2025\/08\/83011_REYN-1314.jpg 2000w, https:\/\/bertrand.pl\/wp-content\/uploads\/2025\/08\/83011_REYN-1314-420x337.jpg 420w, https:\/\/bertrand.pl\/wp-content\/uploads\/2025\/08\/83011_REYN-1314-1360x1091.jpg 1360w, https:\/\/bertrand.pl\/wp-content\/uploads\/2025\/08\/83011_REYN-1314-768x616.jpg 768w, https:\/\/bertrand.pl\/wp-content\/uploads\/2025\/08\/83011_REYN-1314-1536x1232.jpg 1536w, https:\/\/bertrand.pl\/wp-content\/uploads\/2025\/08\/83011_REYN-1314-15x12.jpg 15w, https:\/\/bertrand.pl\/wp-content\/uploads\/2025\/08\/83011_REYN-1314-600x481.jpg 600w\" sizes=\"(max-width: 700px) 100vw, 700px\" \/><\/p>","protected":false},"excerpt":{"rendered":"<p><strong>Minimalistisches Aluminiumsystem<\/strong><\/p>\n<p>SlimLine 38 ist ein elegantes Aluminiumsystem mit besonders schlanken Profilen, entwickelt f\u00fcr moderne Architektur und maximale Innenraumausleuchtung. Es verbindet minimalistisches Design mit sehr guter W\u00e4rme- und Schalld\u00e4mmung und erm\u00f6glicht die Umsetzung gro\u00dfer Verglasungen ohne funktionale Kompromisse. Erh\u00e4ltlich in vier Stilvarianten (Classic, Ferro, Cubic, Functional) ist es eine Bestseller-Wahl auf dem amerikanischen Markt.<\/p>","protected":false},"featured_media":7135,"template":"","meta":{"site-sidebar-layout":"default","site-content-layout":"","ast-site-content-layout":"default","site-content-style":"default","site-sidebar-style":"default","ast-global-header-display":"","ast-banner-title-visibility":"","ast-main-header-display":"","ast-hfb-above-header-display":"","ast-hfb-below-header-display":"","ast-hfb-mobile-header-display":"","site-post-title":"","ast-breadcrumbs-content":"","ast-featured-img":"","footer-sml-layout":"","ast-disable-related-posts":"","theme-transparent-header-meta":"default","adv-header-id-meta":"","stick-header-meta":"","header-above-stick-meta":"","header-main-stick-meta":"","header-below-stick-meta":"","astra-migrate-meta-layouts":"set","ast-page-background-enabled":"default","ast-page-background-meta":{"desktop":{"background-color":"var(--ast-global-color-4)","background-image":"","background-repeat":"repeat","background-position":"center center","background-size":"auto","background-attachment":"scroll","background-type":"","background-media":"","overlay-type":"","overlay-color":"","overlay-opacity":"","overlay-gradient":""},"tablet":{"background-color":"","background-image":"","background-repeat":"repeat","background-position":"center center","background-size":"auto","background-attachment":"scroll","background-type":"","background-media":"","overlay-type":"","overlay-color":"","overlay-opacity":"","overlay-gradient":""},"mobile":{"background-color":"","background-image":"","background-repeat":"repeat","background-position":"center center","background-size":"auto","background-attachment":"scroll","background-type":"","background-media":"","overlay-type":"","overlay-color":"","overlay-opacity":"","overlay-gradient":""}},"ast-content-background-meta":{"desktop":{"background-color":"var(--ast-global-color-5)","background-image":"","background-repeat":"repeat","background-position":"center center","background-size":"auto","background-attachment":"scroll","background-type":"","background-media":"","overlay-type":"","overlay-color":"","overlay-opacity":"","overlay-gradient":""},"tablet":{"background-color":"var(--ast-global-color-5)","background-image":"","background-repeat":"repeat","background-position":"center center","background-size":"auto","background-attachment":"scroll","background-type":"","background-media":"","overlay-type":"","overlay-color":"","overlay-opacity":"","overlay-gradient":""},"mobile":{"background-color":"var(--ast-global-color-5)","background-image":"","background-repeat":"repeat","background-position":"center center","background-size":"auto","background-attachment":"scroll","background-type":"","background-media":"","overlay-type":"","overlay-color":"","overlay-opacity":"","overlay-gradient":""}}},"product_brand":[],"product_cat":[15,28],"product_tag":[2005,2002,1233,2009,831,194,2004,2003,1476,2008,2006,2000,2001,2007],"class_list":{"0":"post-7133","1":"product","2":"type-product","3":"status-publish","4":"has-post-thumbnail","6":"product_cat-okna","7":"product_cat-okna-aluminiowe","8":"product_tag-aluminium-bertrand","9":"product_tag-cienki-profil","10":"product_tag-minimalistyczne-okna","11":"product_tag-modernistyczna-stolarka","12":"product_tag-nowoczesne-okna","13":"product_tag-okna-aluminiowe","14":"product_tag-okna-do-usa","15":"product_tag-okna-do-willi","16":"product_tag-okna-energooszczedne","17":"product_tag-profile-aluminiowe","18":"product_tag-przeszklone-elewacje","19":"product_tag-slimline-38","20":"product_tag-system-aluminiowy","21":"product_tag-waski-profil","22":"desktop-align-left","23":"tablet-align-left","24":"mobile-align-left","26":"first","27":"instock","28":"shipping-taxable","29":"product-type-simple"},"yoast_head":"<!-- This site is optimized with the Yoast SEO Premium plugin v27.2 (Yoast SEO v27.2) - https:\/\/yoast.com\/product\/yoast-seo-premium-wordpress\/ -->\n<title>SlimLine 38 \u2013 aluminiowy system okienny z w\u0105skim profilem<\/title>\n<meta name=\"description\" content=\"SlimLine 38 \u2013 minimalistyczny system aluminiowy o smuk\u0142ych profilach, doskona\u0142ej izolacyjno\u015bci i czterech wariantach stylistycznych.\" \/>\n<meta name=\"robots\" content=\"index, follow, max-snippet:-1, max-image-preview:large, max-video-preview:-1\" \/>\n<link rel=\"canonical\" href=\"https:\/\/bertrand.pl\/de\/produkt\/slimline-38\/\" \/>\n<meta property=\"og:locale\" content=\"de_DE\" \/>\n<meta property=\"og:type\" content=\"article\" \/>\n<meta property=\"og:title\" content=\"SlimLine 38\" \/>\n<meta property=\"og:description\" content=\"SlimLine 38 \u2013 minimalistyczny system aluminiowy o smuk\u0142ych profilach, doskona\u0142ej izolacyjno\u015bci i czterech wariantach stylistycznych.\" \/>\n<meta property=\"og:url\" content=\"https:\/\/bertrand.pl\/de\/produkt\/slimline-38\/\" \/>\n<meta property=\"og:site_name\" content=\"Bertrand. Najwy\u017cszej jako\u015bci okna i drzwi. Certyfikowany producent od 1969 roku.\" \/>\n<meta property=\"article:publisher\" content=\"https:\/\/www.facebook.com\/bertrandpolska\/\" \/>\n<meta property=\"article:modified_time\" content=\"2025-08-06T09:13:35+00:00\" \/>\n<meta property=\"og:image\" content=\"https:\/\/bertrand.pl\/wp-content\/uploads\/2025\/08\/135265_IA_SL38_FV_FERRO_CUBIC_CLASSIC_SL_38_-_WINDOW_CUBIC_INWARD_OPENING_corr2_Final_Render_0012.png\" \/>\n\t<meta property=\"og:image:width\" content=\"600\" \/>\n\t<meta property=\"og:image:height\" content=\"600\" \/>\n\t<meta property=\"og:image:type\" content=\"image\/png\" \/>\n<meta name=\"twitter:card\" content=\"summary_large_image\" \/>\n<meta name=\"twitter:label1\" content=\"Gesch\u00e4tzte Lesezeit\" \/>\n\t<meta name=\"twitter:data1\" content=\"2\u00a0Minuten\" \/>\n<script type=\"application\/ld+json\" class=\"yoast-schema-graph\">{\"@context\":\"https:\/\/schema.org\",\"@graph\":[{\"@type\":\"WebPage\",\"@id\":\"https:\/\/bertrand.pl\/produkt\/slimline-38\/\",\"url\":\"https:\/\/bertrand.pl\/produkt\/slimline-38\/\",\"name\":\"SlimLine 38 \u2013 aluminiowy system okienny z w\u0105skim profilem\",\"isPartOf\":{\"@id\":\"https:\/\/bertrand.pl\/#website\"},\"primaryImageOfPage\":{\"@id\":\"https:\/\/bertrand.pl\/produkt\/slimline-38\/#primaryimage\"},\"image\":{\"@id\":\"https:\/\/bertrand.pl\/produkt\/slimline-38\/#primaryimage\"},\"thumbnailUrl\":\"https:\/\/bertrand.pl\/wp-content\/uploads\/2025\/08\/135265_IA_SL38_FV_FERRO_CUBIC_CLASSIC_SL_38_-_WINDOW_CUBIC_INWARD_OPENING_corr2_Final_Render_0012.png\",\"datePublished\":\"2025-08-06T09:10:47+00:00\",\"dateModified\":\"2025-08-06T09:13:35+00:00\",\"description\":\"SlimLine 38 \u2013 minimalistyczny system aluminiowy o smuk\u0142ych profilach, doskona\u0142ej izolacyjno\u015bci i czterech wariantach stylistycznych.\",\"breadcrumb\":{\"@id\":\"https:\/\/bertrand.pl\/produkt\/slimline-38\/#breadcrumb\"},\"inLanguage\":\"de\",\"potentialAction\":[{\"@type\":\"ReadAction\",\"target\":[\"https:\/\/bertrand.pl\/produkt\/slimline-38\/\"]}]},{\"@type\":\"ImageObject\",\"inLanguage\":\"de\",\"@id\":\"https:\/\/bertrand.pl\/produkt\/slimline-38\/#primaryimage\",\"url\":\"https:\/\/bertrand.pl\/wp-content\/uploads\/2025\/08\/135265_IA_SL38_FV_FERRO_CUBIC_CLASSIC_SL_38_-_WINDOW_CUBIC_INWARD_OPENING_corr2_Final_Render_0012.png\",\"contentUrl\":\"https:\/\/bertrand.pl\/wp-content\/uploads\/2025\/08\/135265_IA_SL38_FV_FERRO_CUBIC_CLASSIC_SL_38_-_WINDOW_CUBIC_INWARD_OPENING_corr2_Final_Render_0012.png\",\"width\":600,\"height\":600},{\"@type\":\"BreadcrumbList\",\"@id\":\"https:\/\/bertrand.pl\/produkt\/slimline-38\/#breadcrumb\",\"itemListElement\":[{\"@type\":\"ListItem\",\"position\":1,\"name\":\"Strona g\u0142\u00f3wna\",\"item\":\"https:\/\/bertrand.pl\/\"},{\"@type\":\"ListItem\",\"position\":2,\"name\":\"Produits\",\"item\":\"https:\/\/bertrand.pl\/fr\/shop\/\"},{\"@type\":\"ListItem\",\"position\":3,\"name\":\"SlimLine 38\"}]},{\"@type\":\"WebSite\",\"@id\":\"https:\/\/bertrand.pl\/#website\",\"url\":\"https:\/\/bertrand.pl\/\",\"name\":\"Bertrand.pl\",\"description\":\"Firma Bertrand to certyfikowany i uznany producent najwy\u017cszej jako\u015bci okien z PVC, z drewna lub aluminium. Produkcja drzwi, rolet i bram gara\u017cowych.\",\"publisher\":{\"@id\":\"https:\/\/bertrand.pl\/#organization\"},\"potentialAction\":[{\"@type\":\"SearchAction\",\"target\":{\"@type\":\"EntryPoint\",\"urlTemplate\":\"https:\/\/bertrand.pl\/?s={search_term_string}\"},\"query-input\":{\"@type\":\"PropertyValueSpecification\",\"valueRequired\":true,\"valueName\":\"search_term_string\"}}],\"inLanguage\":\"de\"},{\"@type\":\"Organization\",\"@id\":\"https:\/\/bertrand.pl\/#organization\",\"name\":\"Bertrand.pl\",\"url\":\"https:\/\/bertrand.pl\/\",\"logo\":{\"@type\":\"ImageObject\",\"inLanguage\":\"de\",\"@id\":\"https:\/\/bertrand.pl\/#\/schema\/logo\/image\/\",\"url\":\"https:\/\/bertrand.pl\/wp-content\/uploads\/2024\/12\/logo_BB_TM_PL_black.png\",\"contentUrl\":\"https:\/\/bertrand.pl\/wp-content\/uploads\/2024\/12\/logo_BB_TM_PL_black.png\",\"width\":1831,\"height\":1831,\"caption\":\"Bertrand.pl\"},\"image\":{\"@id\":\"https:\/\/bertrand.pl\/#\/schema\/logo\/image\/\"},\"sameAs\":[\"https:\/\/www.facebook.com\/bertrandpolska\/\",\"https:\/\/www.instagram.com\/bertrand_okna_i_drzwi\/\",\"https:\/\/www.linkedin.com\/company\/bertrand\/\",\"https:\/\/www.tiktok.com\/@bertrand_okna_drzwi\"]}]}<\/script>\n<!-- \/ Yoast SEO Premium plugin. -->","yoast_head_json":{"title":"SlimLine 38 \u2013 aluminiowy system okienny z w\u0105skim profilem","description":"SlimLine 38 \u2013 minimalistyczny system aluminiowy o smuk\u0142ych profilach, doskona\u0142ej izolacyjno\u015bci i czterech wariantach stylistycznych.","robots":{"index":"index","follow":"follow","max-snippet":"max-snippet:-1","max-image-preview":"max-image-preview:large","max-video-preview":"max-video-preview:-1"},"canonical":"https:\/\/bertrand.pl\/de\/produkt\/slimline-38\/","og_locale":"de_DE","og_type":"article","og_title":"SlimLine 38","og_description":"SlimLine 38 \u2013 minimalistyczny system aluminiowy o smuk\u0142ych profilach, doskona\u0142ej izolacyjno\u015bci i czterech wariantach stylistycznych.","og_url":"https:\/\/bertrand.pl\/de\/produkt\/slimline-38\/","og_site_name":"Bertrand. Najwy\u017cszej jako\u015bci okna i drzwi. Certyfikowany producent od 1969 roku.","article_publisher":"https:\/\/www.facebook.com\/bertrandpolska\/","article_modified_time":"2025-08-06T09:13:35+00:00","og_image":[{"width":600,"height":600,"url":"https:\/\/bertrand.pl\/wp-content\/uploads\/2025\/08\/135265_IA_SL38_FV_FERRO_CUBIC_CLASSIC_SL_38_-_WINDOW_CUBIC_INWARD_OPENING_corr2_Final_Render_0012.png","type":"image\/png"}],"twitter_card":"summary_large_image","twitter_misc":{"Gesch\u00e4tzte Lesezeit":"2\u00a0Minuten"},"schema":{"@context":"https:\/\/schema.org","@graph":[{"@type":"WebPage","@id":"https:\/\/bertrand.pl\/produkt\/slimline-38\/","url":"https:\/\/bertrand.pl\/produkt\/slimline-38\/","name":"SlimLine 38 \u2013 aluminiowy system okienny z w\u0105skim profilem","isPartOf":{"@id":"https:\/\/bertrand.pl\/#website"},"primaryImageOfPage":{"@id":"https:\/\/bertrand.pl\/produkt\/slimline-38\/#primaryimage"},"image":{"@id":"https:\/\/bertrand.pl\/produkt\/slimline-38\/#primaryimage"},"thumbnailUrl":"https:\/\/bertrand.pl\/wp-content\/uploads\/2025\/08\/135265_IA_SL38_FV_FERRO_CUBIC_CLASSIC_SL_38_-_WINDOW_CUBIC_INWARD_OPENING_corr2_Final_Render_0012.png","datePublished":"2025-08-06T09:10:47+00:00","dateModified":"2025-08-06T09:13:35+00:00","description":"SlimLine 38 \u2013 minimalistyczny system aluminiowy o smuk\u0142ych profilach, doskona\u0142ej izolacyjno\u015bci i czterech wariantach stylistycznych.","breadcrumb":{"@id":"https:\/\/bertrand.pl\/produkt\/slimline-38\/#breadcrumb"},"inLanguage":"de","potentialAction":[{"@type":"ReadAction","target":["https:\/\/bertrand.pl\/produkt\/slimline-38\/"]}]},{"@type":"ImageObject","inLanguage":"de","@id":"https:\/\/bertrand.pl\/produkt\/slimline-38\/#primaryimage","url":"https:\/\/bertrand.pl\/wp-content\/uploads\/2025\/08\/135265_IA_SL38_FV_FERRO_CUBIC_CLASSIC_SL_38_-_WINDOW_CUBIC_INWARD_OPENING_corr2_Final_Render_0012.png","contentUrl":"https:\/\/bertrand.pl\/wp-content\/uploads\/2025\/08\/135265_IA_SL38_FV_FERRO_CUBIC_CLASSIC_SL_38_-_WINDOW_CUBIC_INWARD_OPENING_corr2_Final_Render_0012.png","width":600,"height":600},{"@type":"BreadcrumbList","@id":"https:\/\/bertrand.pl\/produkt\/slimline-38\/#breadcrumb","itemListElement":[{"@type":"ListItem","position":1,"name":"Strona g\u0142\u00f3wna","item":"https:\/\/bertrand.pl\/"},{"@type":"ListItem","position":2,"name":"Produits","item":"https:\/\/bertrand.pl\/fr\/shop\/"},{"@type":"ListItem","position":3,"name":"SlimLine 38"}]},{"@type":"WebSite","@id":"https:\/\/bertrand.pl\/#website","url":"https:\/\/bertrand.pl\/","name":"Bertrand.pl","description":"Firma Bertrand to certyfikowany i uznany producent najwy\u017cszej jako\u015bci okien z PVC, z drewna lub aluminium. Produkcja drzwi, rolet i bram gara\u017cowych.","publisher":{"@id":"https:\/\/bertrand.pl\/#organization"},"potentialAction":[{"@type":"SearchAction","target":{"@type":"EntryPoint","urlTemplate":"https:\/\/bertrand.pl\/?s={search_term_string}"},"query-input":{"@type":"PropertyValueSpecification","valueRequired":true,"valueName":"search_term_string"}}],"inLanguage":"de"},{"@type":"Organization","@id":"https:\/\/bertrand.pl\/#organization","name":"Bertrand.pl","url":"https:\/\/bertrand.pl\/","logo":{"@type":"ImageObject","inLanguage":"de","@id":"https:\/\/bertrand.pl\/#\/schema\/logo\/image\/","url":"https:\/\/bertrand.pl\/wp-content\/uploads\/2024\/12\/logo_BB_TM_PL_black.png","contentUrl":"https:\/\/bertrand.pl\/wp-content\/uploads\/2024\/12\/logo_BB_TM_PL_black.png","width":1831,"height":1831,"caption":"Bertrand.pl"},"image":{"@id":"https:\/\/bertrand.pl\/#\/schema\/logo\/image\/"},"sameAs":["https:\/\/www.facebook.com\/bertrandpolska\/","https:\/\/www.instagram.com\/bertrand_okna_i_drzwi\/","https:\/\/www.linkedin.com\/company\/bertrand\/","https:\/\/www.tiktok.com\/@bertrand_okna_drzwi"]}]}},"_links":{"self":[{"href":"https:\/\/bertrand.pl\/de\/wp-json\/wp\/v2\/product\/7133","targetHints":{"allow":["GET"]}}],"collection":[{"href":"https:\/\/bertrand.pl\/de\/wp-json\/wp\/v2\/product"}],"about":[{"href":"https:\/\/bertrand.pl\/de\/wp-json\/wp\/v2\/types\/product"}],"wp:featuredmedia":[{"embeddable":true,"href":"https:\/\/bertrand.pl\/de\/wp-json\/wp\/v2\/media\/7135"}],"wp:attachment":[{"href":"https:\/\/bertrand.pl\/de\/wp-json\/wp\/v2\/media?parent=7133"}],"wp:term":[{"taxonomy":"product_brand","embeddable":true,"href":"https:\/\/bertrand.pl\/de\/wp-json\/wp\/v2\/product_brand?post=7133"},{"taxonomy":"product_cat","embeddable":true,"href":"https:\/\/bertrand.pl\/de\/wp-json\/wp\/v2\/product_cat?post=7133"},{"taxonomy":"product_tag","embeddable":true,"href":"https:\/\/bertrand.pl\/de\/wp-json\/wp\/v2\/product_tag?post=7133"}],"curies":[{"name":"wp","href":"https:\/\/api.w.org\/{rel}","templated":true}]}}