{"id":7893,"date":"2026-01-13T13:54:05","date_gmt":"2026-01-13T12:54:05","guid":{"rendered":"https:\/\/bertrand.pl\/?post_type=product&#038;p=7893"},"modified":"2026-01-30T12:15:24","modified_gmt":"2026-01-30T11:15:24","slug":"masterline-10","status":"publish","type":"product","link":"https:\/\/bertrand.pl\/de\/produkt\/masterline-10\/","title":{"rendered":"MASTERLINE 10"},"content":{"rendered":"<h2 data-start=\"348\" data-end=\"408\"><strong data-start=\"351\" data-end=\"408\">MasterLine 10 \u2013 Energieeffizienz und modernes Design<\/strong><\/h2>\n<h2 data-start=\"410\" data-end=\"456\"><\/h2>\n<p data-start=\"458\" data-end=\"859\"><strong data-start=\"458\" data-end=\"475\">MasterLine 10<\/strong> ein fortschrittliches Aluminium-Fenstersystem der Premiumklasse <span class=\"hover:entity-accent entity-underline inline cursor-pointer align-baseline\"><span class=\"whitespace-normal\">von Reynaers Aluminium<\/span><\/span>das f\u00fcr modernes energieeffizientes und passives Bauen entwickelt wurde. Dieses System vereint sehr gute W\u00e4rmed\u00e4mmwerte, hohe Dichtheit sowie eine minimalistische \u00c4sthetik und entspricht damit perfekt den Anforderungen der zeitgen\u00f6ssischen Architektur.<\/p>\n<p data-start=\"861\" data-end=\"1070\">Wichtig ist, dass sich MasterLine 10 sowohl f\u00fcr Einfamilienh\u00e4user als auch f\u00fcr gr\u00f6\u00dfere Wohn- und Gewerbeinvestitionen eignet. Es bietet eine universelle Einsetzbarkeit und umfangreiche Gestaltungsm\u00f6glichkeiten.<\/p>\n<h2 data-start=\"1077\" data-end=\"1124\"><strong data-start=\"1080\" data-end=\"1124\">Die wichtigsten Vorteile der MasterLine-10-Fenster<\/strong><\/h2>\n<p>&nbsp;<\/p>\n<h3 data-start=\"1126\" data-end=\"1158\"><strong data-start=\"1130\" data-end=\"1158\">Hohe Energieeffizienz<\/strong><\/h3>\n<p>&nbsp;<\/p>\n<p data-start=\"1159\" data-end=\"1514\">Dank der modernen Profilkonstruktion sowie dem Einsatz fortschrittlicher thermischer Trennstege erreichen die MasterLine-10-Fenster sehr niedrige W\u00e4rmedurchgangskoeffizienten. Dadurch eignet sich dieses System ideal f\u00fcr energieeffiziente und passive Geb\u00e4ude, da es die Energieverluste deutlich reduziert und somit die Heizkosten senkt.<\/p>\n<h3 data-start=\"1516\" data-end=\"1554\"><strong data-start=\"1520\" data-end=\"1554\">Maximale Belichtung der Innenr\u00e4ume<\/strong><\/h3>\n<p data-start=\"1555\" data-end=\"1831\">Schlanke Aluminiumprofile erm\u00f6glichen den Einsatz gro\u00dfer Glasfl\u00e4chen, sodass mehr nat\u00fcrliches Licht in die Innenr\u00e4ume gelangt. Dar\u00fcber hinaus verbessert diese L\u00f6sung nicht nur den Nutzungskomfort, sondern unterstreicht auch den modernen und eleganten Charakter der Fassade.<\/p>\n<h3 data-start=\"1833\" data-end=\"1872\"><strong data-start=\"1837\" data-end=\"1872\">Dichtheit und akustischer Komfort<\/strong><\/h3>\n<p data-start=\"1873\" data-end=\"2141\">Das System MasterLine 10 bietet einen sehr guten Schutz vor L\u00e4rm, Wind und Feuchtigkeit. Dadurch k\u00f6nnen die Nutzer mit einem hohen akustischen Komfort rechnen. Dies ist besonders wichtig in st\u00e4dtischer Bebauung oder an Standorten mit intensivem Verkehrsaufkommen.<\/p>\n<h3 data-start=\"2143\" data-end=\"2182\"><strong data-start=\"2147\" data-end=\"2182\">Langlebigkeit und Stabilit\u00e4t von Aluminium<\/strong><\/h3>\n<p data-start=\"2183\" data-end=\"2442\">Aluminium als Konstruktionsmaterial zeichnet sich durch eine hohe Best\u00e4ndigkeit gegen\u00fcber Witterungseinfl\u00fcssen, Korrosion und Verformungen aus. Daher behalten die MasterLine-10-Fenster ihre technischen und \u00e4sthetischen Eigenschaften \u00fcber viele Jahre hinweg, selbst bei intensiver Nutzung.<\/p>\n<h3 data-start=\"2444\" data-end=\"2486\"><strong data-start=\"2448\" data-end=\"2486\">Modernes Erscheinungsbild und Individualisierung<\/strong><\/h3>\n<p data-start=\"2487\" data-end=\"2795\">Eine breite Farbpalette, verschiedene \u00d6ffnungsvarianten sowie die M\u00f6glichkeit der individuellen Anpassung des Systems sorgen daf\u00fcr, dass MasterLine 10 Fenster erm\u00f6glicht, die perfekt auf den Charakter des Geb\u00e4udes abgestimmt sind. Gleichzeitig bietet das System gro\u00dfe gestalterische Freiheit \u2013 sowohl in der modernen als auch in der klassischeren Architektur.<\/p>\n<p data-start=\"2487\" data-end=\"2795\">\n<h2 data-start=\"2802\" data-end=\"2843\"><strong data-start=\"2805\" data-end=\"2843\">Einsatzbereich des Systems MasterLine 10<\/strong><\/h2>\n<p>&nbsp;<\/p>\n<p data-start=\"2845\" data-end=\"2924\">Das System MasterLine 10 findet Anwendung in vielen Geb\u00e4udetypen, wie zum Beispiel:<\/p>\n<ul data-start=\"2926\" data-end=\"3081\">\n<li data-start=\"2926\" data-end=\"2962\">\n<p data-start=\"2928\" data-end=\"2962\">Einfamilienh\u00e4user und Residenzen,<\/p>\n<\/li>\n<li data-start=\"2963\" data-end=\"3001\">\n<p data-start=\"2965\" data-end=\"3001\">energieeffiziente und passive Geb\u00e4ude,<\/p>\n<\/li>\n<li data-start=\"3002\" data-end=\"3047\">\n<p data-start=\"3004\" data-end=\"3047\">Mehrfamilienh\u00e4user und Wohnanlagen,<\/p>\n<\/li>\n<li data-start=\"3048\" data-end=\"3081\">\n<p data-start=\"3050\" data-end=\"3081\">B\u00fcro- und Gewerbeobjekte.<\/p>\n<\/li>\n<\/ul>\n<p data-start=\"3083\" data-end=\"3175\">Dank seiner Vielseitigkeit erf\u00fcllt dieses System erfolgreich die Anforderungen unterschiedlichster Investitionsprojekte.<\/p>\n<h2 data-start=\"3182\" data-end=\"3224\"><strong data-start=\"3185\" data-end=\"3224\">Warum lohnt es sich, dieses System zu w\u00e4hlen?<\/strong><\/h2>\n<p>&nbsp;<\/p>\n<p data-start=\"3226\" data-end=\"3560\">Unser Unternehmen fertigt Aluminiumfenster mit gro\u00dfer Liebe zum Detail und h\u00f6chster Verarbeitungsqualit\u00e4t. Wir bieten eine professionelle Beratung sowie eine pr\u00e4zise Anpassung der Parameter an die individuellen Anforderungen des Projekts. Dadurch erhalten die Kunden solide und bew\u00e4hrte L\u00f6sungen, die den Anforderungen des modernen Bauens entsprechen.<\/p>\n<p data-start=\"3562\" data-end=\"3884\">Dieses System ist vor allem eine perfekte Kombination aus technologischer Innovation und \u00c4sthetik. Dank seiner Vielseitigkeit, Energieeffizienz und seinem eleganten Design eignet es sich sowohl f\u00fcr moderne als auch f\u00fcr klassische Designs und erh\u00f6ht den Komfort- und Isolierungsstandard in jedem Geb\u00e4ude.<\/p>\n<p>&nbsp;<\/p>\n<h3><strong><a href=\"https:\/\/bertrand.pl\/de\/farbe\/\">Farben von Fenstern und T\u00fcren<\/a><\/strong><\/h3>\n<h3><a href=\"https:\/\/www.youtube.com\/watch?v=rc9nWOqn08g\">Slimline \u2013 Modernes Aluminiumsystem mit schmalen Profilen<\/a><\/h3>\n<p>&nbsp;<\/p>\n<p>&nbsp;<\/p>","protected":false},"excerpt":{"rendered":"<h4>Energieeffizienz und modernes Design<\/h4>\n<p>&nbsp;<\/p>\n<p><strong data-start=\"112\" data-end=\"129\">MasterLine 10<\/strong> st ein fortschrittliches Aluminium-Fenstersystem der Premiumklasse von Reynaers Aluminium, das f\u00fcr modernes energieeffizientes und passives Bauen entwickelt wurde. Dieses System vereint sehr gute W\u00e4rmed\u00e4mmwerte, hohe Dichtheit sowie eine minimalistische \u00c4sthetik und entspricht damit perfekt den Anforderungen der zeitgen\u00f6ssischen Architektur.<\/p>","protected":false},"featured_media":7896,"template":"","meta":{"site-sidebar-layout":"default","site-content-layout":"","ast-site-content-layout":"default","site-content-style":"default","site-sidebar-style":"default","ast-global-header-display":"","ast-banner-title-visibility":"","ast-main-header-display":"","ast-hfb-above-header-display":"","ast-hfb-below-header-display":"","ast-hfb-mobile-header-display":"","site-post-title":"","ast-breadcrumbs-content":"","ast-featured-img":"","footer-sml-layout":"","ast-disable-related-posts":"","theme-transparent-header-meta":"default","adv-header-id-meta":"","stick-header-meta":"","header-above-stick-meta":"","header-main-stick-meta":"","header-below-stick-meta":"","astra-migrate-meta-layouts":"set","ast-page-background-enabled":"default","ast-page-background-meta":{"desktop":{"background-color":"var(--ast-global-color-4)","background-image":"","background-repeat":"repeat","background-position":"center center","background-size":"auto","background-attachment":"scroll","background-type":"","background-media":"","overlay-type":"","overlay-color":"","overlay-opacity":"","overlay-gradient":""},"tablet":{"background-color":"","background-image":"","background-repeat":"repeat","background-position":"center center","background-size":"auto","background-attachment":"scroll","background-type":"","background-media":"","overlay-type":"","overlay-color":"","overlay-opacity":"","overlay-gradient":""},"mobile":{"background-color":"","background-image":"","background-repeat":"repeat","background-position":"center center","background-size":"auto","background-attachment":"scroll","background-type":"","background-media":"","overlay-type":"","overlay-color":"","overlay-opacity":"","overlay-gradient":""}},"ast-content-background-meta":{"desktop":{"background-color":"var(--ast-global-color-5)","background-image":"","background-repeat":"repeat","background-position":"center center","background-size":"auto","background-attachment":"scroll","background-type":"","background-media":"","overlay-type":"","overlay-color":"","overlay-opacity":"","overlay-gradient":""},"tablet":{"background-color":"var(--ast-global-color-5)","background-image":"","background-repeat":"repeat","background-position":"center center","background-size":"auto","background-attachment":"scroll","background-type":"","background-media":"","overlay-type":"","overlay-color":"","overlay-opacity":"","overlay-gradient":""},"mobile":{"background-color":"var(--ast-global-color-5)","background-image":"","background-repeat":"repeat","background-position":"center center","background-size":"auto","background-attachment":"scroll","background-type":"","background-media":"","overlay-type":"","overlay-color":"","overlay-opacity":"","overlay-gradient":""}}},"product_brand":[],"product_cat":[28],"product_tag":[316,193,168,360,326,367,368,339,352,414,345,344,346,408,453,370,389,398,405,361,366,454,2232,455,323,315,324,447,169,362,348],"class_list":{"0":"post-7893","1":"product","2":"type-product","3":"status-publish","4":"has-post-thumbnail","6":"product_cat-okna-aluminiowe","7":"product_tag-aluminiowe-okno","8":"product_tag-aluminium","9":"product_tag-bertrand","10":"product_tag-bezpieczenstwo","11":"product_tag-budowa-domu","12":"product_tag-budownictwo","13":"product_tag-budownictwo-pasywne","14":"product_tag-design","15":"product_tag-dobreokna","16":"product_tag-doskonala-izolacja-termiczna","17":"product_tag-drzwi-balkonowe","18":"product_tag-duze-okna","19":"product_tag-duze-przestrzenie","20":"product_tag-duze-przeszklenia","21":"product_tag-energooszczednosc","22":"product_tag-idealne-okna-do-domu","23":"product_tag-izolacja-akustyczna","24":"product_tag-izolacja-cieplna","25":"product_tag-izolacja-termiczna","26":"product_tag-jakosc","27":"product_tag-komfort","28":"product_tag-masterline","29":"product_tag-masterline-10","30":"product_tag-masterline-8","31":"product_tag-okna-z-polski","32":"product_tag-okno-aluminiowe","33":"product_tag-okno-dla-domu","34":"product_tag-oszczednosc","35":"product_tag-produkt","36":"product_tag-quality","37":"product_tag-windows","38":"desktop-align-left","39":"tablet-align-left","40":"mobile-align-left","42":"first","43":"instock","44":"shipping-taxable","45":"product-type-simple"},"yoast_head":"<!-- This site is optimized with the Yoast SEO Premium plugin v27.2 (Yoast SEO v27.2) - https:\/\/yoast.com\/product\/yoast-seo-premium-wordpress\/ -->\n<title>MasterLine 10. Energooszcz\u0119dne okna aluminiowe<\/title>\n<meta name=\"description\" content=\"MasterLine 10 to nowoczesne okna aluminiowe o wysokiej energooszcz\u0119dno\u015bci i szczelno\u015bci. Idealne do dom\u00f3w pasywnych i nowoczesnych inwestycji.\" \/>\n<meta name=\"robots\" content=\"index, follow, max-snippet:-1, max-image-preview:large, max-video-preview:-1\" \/>\n<link rel=\"canonical\" href=\"https:\/\/bertrand.pl\/de\/produkt\/masterline-10\/\" \/>\n<meta property=\"og:locale\" content=\"de_DE\" \/>\n<meta property=\"og:type\" content=\"article\" \/>\n<meta property=\"og:title\" content=\"MASTERLINE 10\" \/>\n<meta property=\"og:description\" content=\"MasterLine 10 to nowoczesne okna aluminiowe o wysokiej energooszcz\u0119dno\u015bci i szczelno\u015bci. Idealne do dom\u00f3w pasywnych i nowoczesnych inwestycji.\" \/>\n<meta property=\"og:url\" content=\"https:\/\/bertrand.pl\/de\/produkt\/masterline-10\/\" \/>\n<meta property=\"og:site_name\" content=\"Bertrand. Najwy\u017cszej jako\u015bci okna i drzwi. Certyfikowany producent od 1969 roku.\" \/>\n<meta property=\"article:publisher\" content=\"https:\/\/www.facebook.com\/bertrandpolska\/\" \/>\n<meta property=\"article:modified_time\" content=\"2026-01-30T11:15:24+00:00\" \/>\n<meta property=\"og:image\" content=\"https:\/\/bertrand.pl\/wp-content\/uploads\/2026\/01\/ml101.png\" \/>\n\t<meta property=\"og:image:width\" content=\"600\" \/>\n\t<meta property=\"og:image:height\" content=\"600\" \/>\n\t<meta property=\"og:image:type\" content=\"image\/png\" \/>\n<meta name=\"twitter:card\" content=\"summary_large_image\" \/>\n<meta name=\"twitter:label1\" content=\"Gesch\u00e4tzte Lesezeit\" \/>\n\t<meta name=\"twitter:data1\" content=\"3\u00a0Minuten\" \/>\n<script type=\"application\/ld+json\" class=\"yoast-schema-graph\">{\"@context\":\"https:\/\/schema.org\",\"@graph\":[{\"@type\":\"WebPage\",\"@id\":\"https:\/\/bertrand.pl\/produkt\/masterline-10\/\",\"url\":\"https:\/\/bertrand.pl\/produkt\/masterline-10\/\",\"name\":\"MasterLine 10. Energooszcz\u0119dne okna aluminiowe\",\"isPartOf\":{\"@id\":\"https:\/\/bertrand.pl\/#website\"},\"primaryImageOfPage\":{\"@id\":\"https:\/\/bertrand.pl\/produkt\/masterline-10\/#primaryimage\"},\"image\":{\"@id\":\"https:\/\/bertrand.pl\/produkt\/masterline-10\/#primaryimage\"},\"thumbnailUrl\":\"https:\/\/bertrand.pl\/wp-content\/uploads\/2026\/01\/ml101.png\",\"datePublished\":\"2026-01-13T12:54:05+00:00\",\"dateModified\":\"2026-01-30T11:15:24+00:00\",\"description\":\"MasterLine 10 to nowoczesne okna aluminiowe o wysokiej energooszcz\u0119dno\u015bci i szczelno\u015bci. Idealne do dom\u00f3w pasywnych i nowoczesnych inwestycji.\",\"breadcrumb\":{\"@id\":\"https:\/\/bertrand.pl\/produkt\/masterline-10\/#breadcrumb\"},\"inLanguage\":\"de\",\"potentialAction\":[{\"@type\":\"ReadAction\",\"target\":[\"https:\/\/bertrand.pl\/produkt\/masterline-10\/\"]}]},{\"@type\":\"ImageObject\",\"inLanguage\":\"de\",\"@id\":\"https:\/\/bertrand.pl\/produkt\/masterline-10\/#primaryimage\",\"url\":\"https:\/\/bertrand.pl\/wp-content\/uploads\/2026\/01\/ml101.png\",\"contentUrl\":\"https:\/\/bertrand.pl\/wp-content\/uploads\/2026\/01\/ml101.png\",\"width\":600,\"height\":600,\"caption\":\"MasterLine 10 to nowoczesne okna aluminiowe o wysokiej energooszcz\u0119dno\u015bci i szczelno\u015bci. Idealne do dom\u00f3w pasywnych i nowoczesnych inwestycji.\"},{\"@type\":\"BreadcrumbList\",\"@id\":\"https:\/\/bertrand.pl\/produkt\/masterline-10\/#breadcrumb\",\"itemListElement\":[{\"@type\":\"ListItem\",\"position\":1,\"name\":\"Strona g\u0142\u00f3wna\",\"item\":\"https:\/\/bertrand.pl\/\"},{\"@type\":\"ListItem\",\"position\":2,\"name\":\"Produits\",\"item\":\"https:\/\/bertrand.pl\/fr\/shop\/\"},{\"@type\":\"ListItem\",\"position\":3,\"name\":\"MASTERLINE 10\"}]},{\"@type\":\"WebSite\",\"@id\":\"https:\/\/bertrand.pl\/#website\",\"url\":\"https:\/\/bertrand.pl\/\",\"name\":\"Bertrand.pl\",\"description\":\"Firma Bertrand to certyfikowany i uznany producent najwy\u017cszej jako\u015bci okien z PVC, z drewna lub aluminium. Produkcja drzwi, rolet i bram gara\u017cowych.\",\"publisher\":{\"@id\":\"https:\/\/bertrand.pl\/#organization\"},\"potentialAction\":[{\"@type\":\"SearchAction\",\"target\":{\"@type\":\"EntryPoint\",\"urlTemplate\":\"https:\/\/bertrand.pl\/?s={search_term_string}\"},\"query-input\":{\"@type\":\"PropertyValueSpecification\",\"valueRequired\":true,\"valueName\":\"search_term_string\"}}],\"inLanguage\":\"de\"},{\"@type\":\"Organization\",\"@id\":\"https:\/\/bertrand.pl\/#organization\",\"name\":\"Bertrand.pl\",\"url\":\"https:\/\/bertrand.pl\/\",\"logo\":{\"@type\":\"ImageObject\",\"inLanguage\":\"de\",\"@id\":\"https:\/\/bertrand.pl\/#\/schema\/logo\/image\/\",\"url\":\"https:\/\/bertrand.pl\/wp-content\/uploads\/2024\/12\/logo_BB_TM_PL_black.png\",\"contentUrl\":\"https:\/\/bertrand.pl\/wp-content\/uploads\/2024\/12\/logo_BB_TM_PL_black.png\",\"width\":1831,\"height\":1831,\"caption\":\"Bertrand.pl\"},\"image\":{\"@id\":\"https:\/\/bertrand.pl\/#\/schema\/logo\/image\/\"},\"sameAs\":[\"https:\/\/www.facebook.com\/bertrandpolska\/\",\"https:\/\/www.instagram.com\/bertrand_okna_i_drzwi\/\",\"https:\/\/www.linkedin.com\/company\/bertrand\/\",\"https:\/\/www.tiktok.com\/@bertrand_okna_drzwi\"]}]}<\/script>\n<!-- \/ Yoast SEO Premium plugin. -->","yoast_head_json":{"title":"MasterLine 10. Energooszcz\u0119dne okna aluminiowe","description":"MasterLine 10 to nowoczesne okna aluminiowe o wysokiej energooszcz\u0119dno\u015bci i szczelno\u015bci. Idealne do dom\u00f3w pasywnych i nowoczesnych inwestycji.","robots":{"index":"index","follow":"follow","max-snippet":"max-snippet:-1","max-image-preview":"max-image-preview:large","max-video-preview":"max-video-preview:-1"},"canonical":"https:\/\/bertrand.pl\/de\/produkt\/masterline-10\/","og_locale":"de_DE","og_type":"article","og_title":"MASTERLINE 10","og_description":"MasterLine 10 to nowoczesne okna aluminiowe o wysokiej energooszcz\u0119dno\u015bci i szczelno\u015bci. Idealne do dom\u00f3w pasywnych i nowoczesnych inwestycji.","og_url":"https:\/\/bertrand.pl\/de\/produkt\/masterline-10\/","og_site_name":"Bertrand. Najwy\u017cszej jako\u015bci okna i drzwi. Certyfikowany producent od 1969 roku.","article_publisher":"https:\/\/www.facebook.com\/bertrandpolska\/","article_modified_time":"2026-01-30T11:15:24+00:00","og_image":[{"width":600,"height":600,"url":"https:\/\/bertrand.pl\/wp-content\/uploads\/2026\/01\/ml101.png","type":"image\/png"}],"twitter_card":"summary_large_image","twitter_misc":{"Gesch\u00e4tzte Lesezeit":"3\u00a0Minuten"},"schema":{"@context":"https:\/\/schema.org","@graph":[{"@type":"WebPage","@id":"https:\/\/bertrand.pl\/produkt\/masterline-10\/","url":"https:\/\/bertrand.pl\/produkt\/masterline-10\/","name":"MasterLine 10. Energooszcz\u0119dne okna aluminiowe","isPartOf":{"@id":"https:\/\/bertrand.pl\/#website"},"primaryImageOfPage":{"@id":"https:\/\/bertrand.pl\/produkt\/masterline-10\/#primaryimage"},"image":{"@id":"https:\/\/bertrand.pl\/produkt\/masterline-10\/#primaryimage"},"thumbnailUrl":"https:\/\/bertrand.pl\/wp-content\/uploads\/2026\/01\/ml101.png","datePublished":"2026-01-13T12:54:05+00:00","dateModified":"2026-01-30T11:15:24+00:00","description":"MasterLine 10 to nowoczesne okna aluminiowe o wysokiej energooszcz\u0119dno\u015bci i szczelno\u015bci. Idealne do dom\u00f3w pasywnych i nowoczesnych inwestycji.","breadcrumb":{"@id":"https:\/\/bertrand.pl\/produkt\/masterline-10\/#breadcrumb"},"inLanguage":"de","potentialAction":[{"@type":"ReadAction","target":["https:\/\/bertrand.pl\/produkt\/masterline-10\/"]}]},{"@type":"ImageObject","inLanguage":"de","@id":"https:\/\/bertrand.pl\/produkt\/masterline-10\/#primaryimage","url":"https:\/\/bertrand.pl\/wp-content\/uploads\/2026\/01\/ml101.png","contentUrl":"https:\/\/bertrand.pl\/wp-content\/uploads\/2026\/01\/ml101.png","width":600,"height":600,"caption":"MasterLine 10 to nowoczesne okna aluminiowe o wysokiej energooszcz\u0119dno\u015bci i szczelno\u015bci. Idealne do dom\u00f3w pasywnych i nowoczesnych inwestycji."},{"@type":"BreadcrumbList","@id":"https:\/\/bertrand.pl\/produkt\/masterline-10\/#breadcrumb","itemListElement":[{"@type":"ListItem","position":1,"name":"Strona g\u0142\u00f3wna","item":"https:\/\/bertrand.pl\/"},{"@type":"ListItem","position":2,"name":"Produits","item":"https:\/\/bertrand.pl\/fr\/shop\/"},{"@type":"ListItem","position":3,"name":"MASTERLINE 10"}]},{"@type":"WebSite","@id":"https:\/\/bertrand.pl\/#website","url":"https:\/\/bertrand.pl\/","name":"Bertrand.pl","description":"Firma Bertrand to certyfikowany i uznany producent najwy\u017cszej jako\u015bci okien z PVC, z drewna lub aluminium. Produkcja drzwi, rolet i bram gara\u017cowych.","publisher":{"@id":"https:\/\/bertrand.pl\/#organization"},"potentialAction":[{"@type":"SearchAction","target":{"@type":"EntryPoint","urlTemplate":"https:\/\/bertrand.pl\/?s={search_term_string}"},"query-input":{"@type":"PropertyValueSpecification","valueRequired":true,"valueName":"search_term_string"}}],"inLanguage":"de"},{"@type":"Organization","@id":"https:\/\/bertrand.pl\/#organization","name":"Bertrand.pl","url":"https:\/\/bertrand.pl\/","logo":{"@type":"ImageObject","inLanguage":"de","@id":"https:\/\/bertrand.pl\/#\/schema\/logo\/image\/","url":"https:\/\/bertrand.pl\/wp-content\/uploads\/2024\/12\/logo_BB_TM_PL_black.png","contentUrl":"https:\/\/bertrand.pl\/wp-content\/uploads\/2024\/12\/logo_BB_TM_PL_black.png","width":1831,"height":1831,"caption":"Bertrand.pl"},"image":{"@id":"https:\/\/bertrand.pl\/#\/schema\/logo\/image\/"},"sameAs":["https:\/\/www.facebook.com\/bertrandpolska\/","https:\/\/www.instagram.com\/bertrand_okna_i_drzwi\/","https:\/\/www.linkedin.com\/company\/bertrand\/","https:\/\/www.tiktok.com\/@bertrand_okna_drzwi"]}]}},"_links":{"self":[{"href":"https:\/\/bertrand.pl\/de\/wp-json\/wp\/v2\/product\/7893","targetHints":{"allow":["GET"]}}],"collection":[{"href":"https:\/\/bertrand.pl\/de\/wp-json\/wp\/v2\/product"}],"about":[{"href":"https:\/\/bertrand.pl\/de\/wp-json\/wp\/v2\/types\/product"}],"wp:featuredmedia":[{"embeddable":true,"href":"https:\/\/bertrand.pl\/de\/wp-json\/wp\/v2\/media\/7896"}],"wp:attachment":[{"href":"https:\/\/bertrand.pl\/de\/wp-json\/wp\/v2\/media?parent=7893"}],"wp:term":[{"taxonomy":"product_brand","embeddable":true,"href":"https:\/\/bertrand.pl\/de\/wp-json\/wp\/v2\/product_brand?post=7893"},{"taxonomy":"product_cat","embeddable":true,"href":"https:\/\/bertrand.pl\/de\/wp-json\/wp\/v2\/product_cat?post=7893"},{"taxonomy":"product_tag","embeddable":true,"href":"https:\/\/bertrand.pl\/de\/wp-json\/wp\/v2\/product_tag?post=7893"}],"curies":[{"name":"wp","href":"https:\/\/api.w.org\/{rel}","templated":true}]}}