{"id":806,"date":"2025-10-10T06:56:18","date_gmt":"2025-10-10T04:56:18","guid":{"rendered":"https:\/\/bertrand.pl\/?post_type=product&#038;p=806"},"modified":"2026-03-04T12:38:09","modified_gmt":"2026-03-04T11:38:09","slug":"bb-line-82","status":"publish","type":"product","link":"https:\/\/bertrand.pl\/de\/produkt\/bb-line-82\/","title":{"rendered":"BB-LINE 82"},"content":{"rendered":"<p>BB Line 82 ist eine ideale Wahl f\u00fcr Menschen, die Wert auf hervorragende thermische Parameter im Einklang mit neuen Baustandards, kombiniert mit einem minimalistischen Design und einem attraktiven Preis legen. Moderne Fenster aus diesem System erf\u00fcllen die Erwartungen der anspruchsvollsten Kunden und bieten gleichzeitig eine breite Palette funktionaler und \u00e4sthetischer L\u00f6sungen.<\/p>\n<p>&nbsp;<\/p>\n<h4>Einzigartiges Design und Vielseitigkeit<\/h4>\n<p>&nbsp;<\/p>\n<p>Das moderne, minimalistische Erscheinungsbild von BB LINE 82 verleiht jedem Interieur Eleganz. Dieses innovative Fenstersystem bietet Vielseitigkeit bei der Auswahl von Glaspaketen \u2013 von Standard- bis hin zu Spezialglaspaketen. Dadurch k\u00f6nnen Fenster warm, schalld\u00e4mmend und sicher sein. Durch die Auswahl verschiedener Glasst\u00e4rken von 23 mm bis 54,8 mm passt sich das Produkt jedem architektonischen Design an.<\/p>\n<p>&nbsp;<\/p>\n<h4>Stabilit\u00e4t und Technologie<\/h4>\n<p>&nbsp;<\/p>\n<p>BB LINE 82-Profile zeichnen sich durch eine hohe Stabilit\u00e4t durch verbreiterte Verst\u00e4rkungskammern aus. Dar\u00fcber hinaus k\u00f6nnen Sie durch die M\u00f6glichkeit der Verwendung einer Styroporeinlage und moderner Glasklebetechnik gro\u00dfe und nicht standardm\u00e4\u00dfige Strukturen erstellen. Dies ist eine ideale L\u00f6sung sowohl f\u00fcr Einfamilienh\u00e4user als auch f\u00fcr gr\u00f6\u00dfere Gewerbebauten.<\/p>\n<p>&nbsp;<\/p>\n<h4>Die wichtigsten Vorteile des Systems:<\/h4>\n<p>&nbsp;<\/p>\n<ul>\n<li><strong>Sechskammersystem<\/strong> mit einer Baubreite von 81 mm sorgt f\u00fcr hervorragende thermische Parameter.<\/li>\n<li><strong>Eine gro\u00dfe Auswahl an Verglasungspaketen<\/strong>, von Standard bis Spezial, mit einer Dicke von bis zu 54,8 mm.<\/li>\n<li><strong>Robben<\/strong> Erh\u00e4ltlich in zwei Farben \u2013 Grau und Schwarz \u2013 garantieren ein \u00e4sthetisches Finish.<\/li>\n<li><strong>Dekorfolien<\/strong> in einer breiten Farbpalette erm\u00f6glichen es Ihnen, die Fenster an den Stil jedes Geb\u00e4udes anzupassen.<\/li>\n<li><strong>Stabile Konstruktion<\/strong> durch erweiterte Verst\u00e4rkungskammern und die M\u00f6glichkeit der Glasverklebung.<\/li>\n<li><strong>Optimale Profilh\u00f6he<\/strong>, wodurch der 5% im Innenbereich mit mehr Licht versorgt wird.<\/li>\n<li><strong>Hervorragende W\u00e4rmed\u00e4mmung<\/strong>: Der Uw-Koeffizient betr\u00e4gt 0,76 W\/m\u00b2K f\u00fcr das Referenzfenster.<\/li>\n<li><strong>Qualit\u00e4tsstandards<\/strong>: Profile erf\u00fcllen die strengen Anforderungen der Norm PN-EN 12608: -1:2016-1:2016-04, Klasse B.<\/li>\n<\/ul>\n<p>&nbsp;<\/p>\n<h4>Umfangreiches Angebot<\/h4>\n<p>&nbsp;<\/p>\n<p>Dieses System umfasst nicht nur Fenster, sondern auch ein T\u00fcrsystem, das das Angebot perfekt erg\u00e4nzt. Mit den vier Kernfarben Wei\u00df, Karamell, Anthrazit und Dunkelbraun passt sich das System jedem Design an und bietet stilistische Kontinuit\u00e4t.<\/p>\n<p>&nbsp;<\/p>\n<figure id=\"attachment_7964\" aria-describedby=\"caption-attachment-7964\" style=\"width: 493px\" class=\"wp-caption aligncenter\"><img fetchpriority=\"high\" decoding=\"async\" class=\"wp-image-7964 size-full\" src=\"https:\/\/bertrand.pl\/wp-content\/uploads\/2025\/10\/bbline82_przekroj.jpg\" alt=\"\" width=\"493\" height=\"459\" srcset=\"https:\/\/bertrand.pl\/wp-content\/uploads\/2025\/10\/bbline82_przekroj.jpg 493w, https:\/\/bertrand.pl\/wp-content\/uploads\/2025\/10\/bbline82_przekroj-420x391.jpg 420w, https:\/\/bertrand.pl\/wp-content\/uploads\/2025\/10\/bbline82_przekroj-13x12.jpg 13w\" sizes=\"(max-width: 493px) 100vw, 493px\" \/><figcaption id=\"caption-attachment-7964\" class=\"wp-caption-text\">BB Line 82 &#8211; przekr\u00f3j.<\/figcaption><\/figure>\n<p>&nbsp;<\/p>\n<p>Mit der Wahl von BB LINE 82 investieren Sie in Energieeffizienz, Langlebigkeit und modernes Design. Es handelt sich um ein System, das fortschrittliche Technologie mit \u00c4sthetik und Funktionalit\u00e4t verbindet und so die h\u00f6chsten Erwartungen der Benutzer erf\u00fcllt. Perfekt f\u00fcr moderne und klassische Designs.<\/p>\n<h4><\/h4>\n<h4><strong><a href=\"https:\/\/bertrand.pl\/de\/farbe\/\">Farben von Fenstern und T\u00fcren<\/a><\/strong><\/h4>","protected":false},"excerpt":{"rendered":"<p><strong>WEITERE M\u00d6GLICHKEITEN<\/strong><\/p>\n<p>Die Fensterserie BB LINE ist eine perfekte Kombination aus Funktionalit\u00e4t und \u00c4sthetik zu einem erschwinglichen Preis. Hohe thermische Parameter, hervorragendes Design und eine gro\u00dfe Farbauswahl, alles zu einem vern\u00fcnftigen Preis. Sind Ihnen Zeit und Verf\u00fcgbarkeit wichtig? Dieses Modell ist perfekt f\u00fcr Sie.<\/p>","protected":false},"featured_media":4097,"template":"","meta":{"site-sidebar-layout":"default","site-content-layout":"","ast-site-content-layout":"default","site-content-style":"default","site-sidebar-style":"default","ast-global-header-display":"","ast-banner-title-visibility":"","ast-main-header-display":"","ast-hfb-above-header-display":"","ast-hfb-below-header-display":"","ast-hfb-mobile-header-display":"","site-post-title":"","ast-breadcrumbs-content":"","ast-featured-img":"","footer-sml-layout":"","ast-disable-related-posts":"","theme-transparent-header-meta":"default","adv-header-id-meta":"","stick-header-meta":"","header-above-stick-meta":"","header-main-stick-meta":"","header-below-stick-meta":"","astra-migrate-meta-layouts":"set","ast-page-background-enabled":"default","ast-page-background-meta":{"desktop":{"background-color":"var(--ast-global-color-4)","background-image":"","background-repeat":"repeat","background-position":"center center","background-size":"auto","background-attachment":"scroll","background-type":"","background-media":"","overlay-type":"","overlay-color":"","overlay-opacity":"","overlay-gradient":""},"tablet":{"background-color":"","background-image":"","background-repeat":"repeat","background-position":"center center","background-size":"auto","background-attachment":"scroll","background-type":"","background-media":"","overlay-type":"","overlay-color":"","overlay-opacity":"","overlay-gradient":""},"mobile":{"background-color":"","background-image":"","background-repeat":"repeat","background-position":"center center","background-size":"auto","background-attachment":"scroll","background-type":"","background-media":"","overlay-type":"","overlay-color":"","overlay-opacity":"","overlay-gradient":""}},"ast-content-background-meta":{"desktop":{"background-color":"var(--ast-global-color-5)","background-image":"","background-repeat":"repeat","background-position":"center center","background-size":"auto","background-attachment":"scroll","background-type":"","background-media":"","overlay-type":"","overlay-color":"","overlay-opacity":"","overlay-gradient":""},"tablet":{"background-color":"var(--ast-global-color-5)","background-image":"","background-repeat":"repeat","background-position":"center center","background-size":"auto","background-attachment":"scroll","background-type":"","background-media":"","overlay-type":"","overlay-color":"","overlay-opacity":"","overlay-gradient":""},"mobile":{"background-color":"var(--ast-global-color-5)","background-image":"","background-repeat":"repeat","background-position":"center center","background-size":"auto","background-attachment":"scroll","background-type":"","background-media":"","overlay-type":"","overlay-color":"","overlay-opacity":"","overlay-gradient":""}}},"product_brand":[],"product_cat":[24],"product_tag":[467,307,468,168,360,326,367,368,339,311,352,414,344,408,407,308,323,363,312,169,314,348],"class_list":{"0":"post-806","1":"product","2":"type-product","3":"status-publish","4":"has-post-thumbnail","6":"product_cat-okna-pvc","7":"product_tag-bb-line","8":"product_tag-bb-line-70","9":"product_tag-bb-line-83","10":"product_tag-bertrand","11":"product_tag-bezpieczenstwo","12":"product_tag-budowa-domu","13":"product_tag-budownictwo","14":"product_tag-budownictwo-pasywne","15":"product_tag-design","16":"product_tag-dobre-wlasciwosci-termiczne","17":"product_tag-dobreokna","18":"product_tag-doskonala-izolacja-termiczna","19":"product_tag-duze-okna","20":"product_tag-duze-przeszklenia","21":"product_tag-duzo-swiatla","22":"product_tag-okna-pvc","23":"product_tag-okna-z-polski","24":"product_tag-oknazpolski","25":"product_tag-okno-dla-twojego-domu","26":"product_tag-produkt","27":"product_tag-profil-okienny","28":"product_tag-windows","29":"desktop-align-left","30":"tablet-align-left","31":"mobile-align-left","33":"first","34":"instock","35":"shipping-taxable","36":"product-type-simple"},"yoast_head":"<!-- This site is optimized with the Yoast SEO Premium plugin v27.2 (Yoast SEO v27.2) - https:\/\/yoast.com\/product\/yoast-seo-premium-wordpress\/ -->\n<title>BB LINE 82 - Bertrand. Najwy\u017cszej jako\u015bci okna i drzwi. Certyfikowany producent od 1969 roku.<\/title>\n<meta name=\"description\" content=\"Energooszcz\u0119dne okna BB LINE 82 \u2013 nowoczesny design, doskona\u0142a izolacja termiczna, trwa\u0142o\u015b\u0107 i funkcjonalno\u015b\u0107 w atrakcyjnej cenie.\" \/>\n<meta name=\"robots\" content=\"index, follow, max-snippet:-1, max-image-preview:large, max-video-preview:-1\" \/>\n<link rel=\"canonical\" href=\"https:\/\/bertrand.pl\/de\/produkt\/bb-line-82\/\" \/>\n<meta property=\"og:locale\" content=\"de_DE\" \/>\n<meta property=\"og:type\" content=\"article\" \/>\n<meta property=\"og:title\" content=\"BB LINE 82\" \/>\n<meta property=\"og:description\" content=\"Energooszcz\u0119dne okna BB LINE 82 \u2013 nowoczesny design, doskona\u0142a izolacja termiczna, trwa\u0142o\u015b\u0107 i funkcjonalno\u015b\u0107 w atrakcyjnej cenie.\" \/>\n<meta property=\"og:url\" content=\"https:\/\/bertrand.pl\/de\/produkt\/bb-line-82\/\" \/>\n<meta property=\"og:site_name\" content=\"Bertrand. Najwy\u017cszej jako\u015bci okna i drzwi. Certyfikowany producent od 1969 roku.\" \/>\n<meta property=\"article:publisher\" content=\"https:\/\/www.facebook.com\/bertrandpolska\/\" \/>\n<meta property=\"article:modified_time\" content=\"2026-03-04T11:38:09+00:00\" \/>\n<meta property=\"og:image\" content=\"https:\/\/bertrand.pl\/wp-content\/uploads\/2023\/12\/bbline82.png\" \/>\n\t<meta property=\"og:image:width\" content=\"726\" \/>\n\t<meta property=\"og:image:height\" content=\"726\" \/>\n\t<meta property=\"og:image:type\" content=\"image\/png\" \/>\n<meta name=\"twitter:card\" content=\"summary_large_image\" \/>\n<meta name=\"twitter:label1\" content=\"Gesch\u00e4tzte Lesezeit\" \/>\n\t<meta name=\"twitter:data1\" content=\"3\u00a0Minuten\" \/>\n<script type=\"application\/ld+json\" class=\"yoast-schema-graph\">{\"@context\":\"https:\/\/schema.org\",\"@graph\":[{\"@type\":\"WebPage\",\"@id\":\"https:\/\/bertrand.pl\/produkt\/bb-line-82\/\",\"url\":\"https:\/\/bertrand.pl\/produkt\/bb-line-82\/\",\"name\":\"BB LINE 82 - Bertrand. Najwy\u017cszej jako\u015bci okna i drzwi. Certyfikowany producent od 1969 roku.\",\"isPartOf\":{\"@id\":\"https:\/\/bertrand.pl\/#website\"},\"primaryImageOfPage\":{\"@id\":\"https:\/\/bertrand.pl\/produkt\/bb-line-82\/#primaryimage\"},\"image\":{\"@id\":\"https:\/\/bertrand.pl\/produkt\/bb-line-82\/#primaryimage\"},\"thumbnailUrl\":\"https:\/\/bertrand.pl\/wp-content\/uploads\/2023\/12\/bbline82.png\",\"datePublished\":\"2025-10-10T04:56:18+00:00\",\"dateModified\":\"2026-03-04T11:38:09+00:00\",\"description\":\"Energooszcz\u0119dne okna BB LINE 82 \u2013 nowoczesny design, doskona\u0142a izolacja termiczna, trwa\u0142o\u015b\u0107 i funkcjonalno\u015b\u0107 w atrakcyjnej cenie.\",\"breadcrumb\":{\"@id\":\"https:\/\/bertrand.pl\/produkt\/bb-line-82\/#breadcrumb\"},\"inLanguage\":\"de\",\"potentialAction\":[{\"@type\":\"ReadAction\",\"target\":[\"https:\/\/bertrand.pl\/produkt\/bb-line-82\/\"]}]},{\"@type\":\"ImageObject\",\"inLanguage\":\"de\",\"@id\":\"https:\/\/bertrand.pl\/produkt\/bb-line-82\/#primaryimage\",\"url\":\"https:\/\/bertrand.pl\/wp-content\/uploads\/2023\/12\/bbline82.png\",\"contentUrl\":\"https:\/\/bertrand.pl\/wp-content\/uploads\/2023\/12\/bbline82.png\",\"width\":726,\"height\":726},{\"@type\":\"BreadcrumbList\",\"@id\":\"https:\/\/bertrand.pl\/produkt\/bb-line-82\/#breadcrumb\",\"itemListElement\":[{\"@type\":\"ListItem\",\"position\":1,\"name\":\"Strona g\u0142\u00f3wna\",\"item\":\"https:\/\/bertrand.pl\/\"},{\"@type\":\"ListItem\",\"position\":2,\"name\":\"Produits\",\"item\":\"https:\/\/bertrand.pl\/fr\/shop\/\"},{\"@type\":\"ListItem\",\"position\":3,\"name\":\"BB LINE 82\"}]},{\"@type\":\"WebSite\",\"@id\":\"https:\/\/bertrand.pl\/#website\",\"url\":\"https:\/\/bertrand.pl\/\",\"name\":\"Bertrand.pl\",\"description\":\"Firma Bertrand to certyfikowany i uznany producent najwy\u017cszej jako\u015bci okien z PVC, z drewna lub aluminium. Produkcja drzwi, rolet i bram gara\u017cowych.\",\"publisher\":{\"@id\":\"https:\/\/bertrand.pl\/#organization\"},\"potentialAction\":[{\"@type\":\"SearchAction\",\"target\":{\"@type\":\"EntryPoint\",\"urlTemplate\":\"https:\/\/bertrand.pl\/?s={search_term_string}\"},\"query-input\":{\"@type\":\"PropertyValueSpecification\",\"valueRequired\":true,\"valueName\":\"search_term_string\"}}],\"inLanguage\":\"de\"},{\"@type\":\"Organization\",\"@id\":\"https:\/\/bertrand.pl\/#organization\",\"name\":\"Bertrand.pl\",\"url\":\"https:\/\/bertrand.pl\/\",\"logo\":{\"@type\":\"ImageObject\",\"inLanguage\":\"de\",\"@id\":\"https:\/\/bertrand.pl\/#\/schema\/logo\/image\/\",\"url\":\"https:\/\/bertrand.pl\/wp-content\/uploads\/2024\/12\/logo_BB_TM_PL_black.png\",\"contentUrl\":\"https:\/\/bertrand.pl\/wp-content\/uploads\/2024\/12\/logo_BB_TM_PL_black.png\",\"width\":1831,\"height\":1831,\"caption\":\"Bertrand.pl\"},\"image\":{\"@id\":\"https:\/\/bertrand.pl\/#\/schema\/logo\/image\/\"},\"sameAs\":[\"https:\/\/www.facebook.com\/bertrandpolska\/\",\"https:\/\/www.instagram.com\/bertrand_okna_i_drzwi\/\",\"https:\/\/www.linkedin.com\/company\/bertrand\/\",\"https:\/\/www.tiktok.com\/@bertrand_okna_drzwi\"]}]}<\/script>\n<!-- \/ Yoast SEO Premium plugin. -->","yoast_head_json":{"title":"BB LINE 82 - Bertrand. Najwy\u017cszej jako\u015bci okna i drzwi. Certyfikowany producent od 1969 roku.","description":"Energiesparende BB LINE 82 Fenster \u2013 modernes Design, hervorragende W\u00e4rmed\u00e4mmung, Langlebigkeit und Funktionalit\u00e4t zu einem attraktiven Preis.","robots":{"index":"index","follow":"follow","max-snippet":"max-snippet:-1","max-image-preview":"max-image-preview:large","max-video-preview":"max-video-preview:-1"},"canonical":"https:\/\/bertrand.pl\/de\/produkt\/bb-line-82\/","og_locale":"de_DE","og_type":"article","og_title":"BB LINE 82","og_description":"Energooszcz\u0119dne okna BB LINE 82 \u2013 nowoczesny design, doskona\u0142a izolacja termiczna, trwa\u0142o\u015b\u0107 i funkcjonalno\u015b\u0107 w atrakcyjnej cenie.","og_url":"https:\/\/bertrand.pl\/de\/produkt\/bb-line-82\/","og_site_name":"Bertrand. Najwy\u017cszej jako\u015bci okna i drzwi. Certyfikowany producent od 1969 roku.","article_publisher":"https:\/\/www.facebook.com\/bertrandpolska\/","article_modified_time":"2026-03-04T11:38:09+00:00","og_image":[{"width":726,"height":726,"url":"https:\/\/bertrand.pl\/wp-content\/uploads\/2023\/12\/bbline82.png","type":"image\/png"}],"twitter_card":"summary_large_image","twitter_misc":{"Gesch\u00e4tzte Lesezeit":"3\u00a0Minuten"},"schema":{"@context":"https:\/\/schema.org","@graph":[{"@type":"WebPage","@id":"https:\/\/bertrand.pl\/produkt\/bb-line-82\/","url":"https:\/\/bertrand.pl\/produkt\/bb-line-82\/","name":"BB LINE 82 - Bertrand. Najwy\u017cszej jako\u015bci okna i drzwi. Certyfikowany producent od 1969 roku.","isPartOf":{"@id":"https:\/\/bertrand.pl\/#website"},"primaryImageOfPage":{"@id":"https:\/\/bertrand.pl\/produkt\/bb-line-82\/#primaryimage"},"image":{"@id":"https:\/\/bertrand.pl\/produkt\/bb-line-82\/#primaryimage"},"thumbnailUrl":"https:\/\/bertrand.pl\/wp-content\/uploads\/2023\/12\/bbline82.png","datePublished":"2025-10-10T04:56:18+00:00","dateModified":"2026-03-04T11:38:09+00:00","description":"Energiesparende BB LINE 82 Fenster \u2013 modernes Design, hervorragende W\u00e4rmed\u00e4mmung, Langlebigkeit und Funktionalit\u00e4t zu einem attraktiven Preis.","breadcrumb":{"@id":"https:\/\/bertrand.pl\/produkt\/bb-line-82\/#breadcrumb"},"inLanguage":"de","potentialAction":[{"@type":"ReadAction","target":["https:\/\/bertrand.pl\/produkt\/bb-line-82\/"]}]},{"@type":"ImageObject","inLanguage":"de","@id":"https:\/\/bertrand.pl\/produkt\/bb-line-82\/#primaryimage","url":"https:\/\/bertrand.pl\/wp-content\/uploads\/2023\/12\/bbline82.png","contentUrl":"https:\/\/bertrand.pl\/wp-content\/uploads\/2023\/12\/bbline82.png","width":726,"height":726},{"@type":"BreadcrumbList","@id":"https:\/\/bertrand.pl\/produkt\/bb-line-82\/#breadcrumb","itemListElement":[{"@type":"ListItem","position":1,"name":"Strona g\u0142\u00f3wna","item":"https:\/\/bertrand.pl\/"},{"@type":"ListItem","position":2,"name":"Produits","item":"https:\/\/bertrand.pl\/fr\/shop\/"},{"@type":"ListItem","position":3,"name":"BB LINE 82"}]},{"@type":"WebSite","@id":"https:\/\/bertrand.pl\/#website","url":"https:\/\/bertrand.pl\/","name":"Bertrand.pl","description":"Firma Bertrand to certyfikowany i uznany producent najwy\u017cszej jako\u015bci okien z PVC, z drewna lub aluminium. Produkcja drzwi, rolet i bram gara\u017cowych.","publisher":{"@id":"https:\/\/bertrand.pl\/#organization"},"potentialAction":[{"@type":"SearchAction","target":{"@type":"EntryPoint","urlTemplate":"https:\/\/bertrand.pl\/?s={search_term_string}"},"query-input":{"@type":"PropertyValueSpecification","valueRequired":true,"valueName":"search_term_string"}}],"inLanguage":"de"},{"@type":"Organization","@id":"https:\/\/bertrand.pl\/#organization","name":"Bertrand.pl","url":"https:\/\/bertrand.pl\/","logo":{"@type":"ImageObject","inLanguage":"de","@id":"https:\/\/bertrand.pl\/#\/schema\/logo\/image\/","url":"https:\/\/bertrand.pl\/wp-content\/uploads\/2024\/12\/logo_BB_TM_PL_black.png","contentUrl":"https:\/\/bertrand.pl\/wp-content\/uploads\/2024\/12\/logo_BB_TM_PL_black.png","width":1831,"height":1831,"caption":"Bertrand.pl"},"image":{"@id":"https:\/\/bertrand.pl\/#\/schema\/logo\/image\/"},"sameAs":["https:\/\/www.facebook.com\/bertrandpolska\/","https:\/\/www.instagram.com\/bertrand_okna_i_drzwi\/","https:\/\/www.linkedin.com\/company\/bertrand\/","https:\/\/www.tiktok.com\/@bertrand_okna_drzwi"]}]}},"_links":{"self":[{"href":"https:\/\/bertrand.pl\/de\/wp-json\/wp\/v2\/product\/806","targetHints":{"allow":["GET"]}}],"collection":[{"href":"https:\/\/bertrand.pl\/de\/wp-json\/wp\/v2\/product"}],"about":[{"href":"https:\/\/bertrand.pl\/de\/wp-json\/wp\/v2\/types\/product"}],"wp:featuredmedia":[{"embeddable":true,"href":"https:\/\/bertrand.pl\/de\/wp-json\/wp\/v2\/media\/4097"}],"wp:attachment":[{"href":"https:\/\/bertrand.pl\/de\/wp-json\/wp\/v2\/media?parent=806"}],"wp:term":[{"taxonomy":"product_brand","embeddable":true,"href":"https:\/\/bertrand.pl\/de\/wp-json\/wp\/v2\/product_brand?post=806"},{"taxonomy":"product_cat","embeddable":true,"href":"https:\/\/bertrand.pl\/de\/wp-json\/wp\/v2\/product_cat?post=806"},{"taxonomy":"product_tag","embeddable":true,"href":"https:\/\/bertrand.pl\/de\/wp-json\/wp\/v2\/product_tag?post=806"}],"curies":[{"name":"wp","href":"https:\/\/api.w.org\/{rel}","templated":true}]}}