{"id":825,"date":"2023-12-12T12:45:32","date_gmt":"2023-12-12T11:45:32","guid":{"rendered":"https:\/\/bertrand.pl\/?post_type=product&#038;p=825"},"modified":"2025-03-06T15:30:30","modified_gmt":"2025-03-06T14:30:30","slug":"combisystem-2","status":"publish","type":"product","link":"https:\/\/bertrand.pl\/de\/produkt\/kombisystem-2\/","title":{"rendered":"KOMBISYSTEM ALU"},"content":{"rendered":"<div style=\"display: flex; flex-direction: row; align-items: center; justify-content: center;\">\n<div style=\"width: 50%;\">\n<p>&nbsp;<\/p>\n<\/div>\n<\/div>\n<p><strong>KOMBISYSTEM ALU<\/strong> ist ein technologisch fortschrittliches Produkt mit einer Bautiefe von 83 mm. Dank der einzigartigen Kombination aus Technologie, Materialien und modernen L\u00f6sungen erf\u00fcllt dieses Fenstersystem perfekt die Bed\u00fcrfnisse selbst der anspruchsvollsten Benutzer.<\/p>\n<p>&nbsp;<\/p>\n<h4>Wyj\u0105tkowa konstrukcja i funkcjonalno\u015b\u0107<\/h4>\n<p>&nbsp;<\/p>\n<p>Die Breite des Systems und sechs Kammern im Rahmen und Fl\u00fcgel garantieren hervorragende D\u00e4mmparameter. Sorgf\u00e4ltig ausgew\u00e4hlte Materialien und die Verwendung einer dreifl\u00e4chigen Anordnung der Dichtungen gew\u00e4hrleisten nicht nur eine hervorragende W\u00e4rme-, sondern auch Schalld\u00e4mmung. Dies ist eine ideale L\u00f6sung f\u00fcr Menschen, die Ruhe und Komfort in ihrem eigenen Zuhause erwarten.<\/p>\n<p>KOMBISYSTEM ALU erreicht die im Passivbau geforderten Parameter und ist dadurch \u00e4u\u00dferst energieeffizient. Dank der Verwendung eines modernen STV-Systems, d. h. der dauerhaften Verklebung der Verglasung mit dem Fl\u00fcgel mithilfe eines statisch-thermischen Klebebands, bietet das Fenster eine verbesserte Statik und eine erh\u00f6hte Einbruchschutzklasse.<\/p>\n<p>&nbsp;<\/p>\n<h4>Nak\u0142adka aluminiowa \u2013 estetyka i wytrzyma\u0142o\u015b\u0107<\/h4>\n<p>&nbsp;<\/p>\n<p>Auf der Au\u00dfenseite des Fensters wird eine Aluminiumauflage verwendet, die die Widerstandsf\u00e4higkeit gegen\u00fcber \u00e4u\u00dferen Einfl\u00fcssen zus\u00e4tzlich erh\u00f6ht und die Haltbarkeit des Produkts gew\u00e4hrleistet. Dar\u00fcber hinaus bietet die Aluminiumauflage umfangreiche Personalisierungsm\u00f6glichkeiten, sodass Sie das Erscheinungsbild der Fenster an die individuellen Bed\u00fcrfnisse und den Stil des Geb\u00e4udes anpassen k\u00f6nnen.<\/p>\n<p>&nbsp;<\/p>\n<h4>Idealny wyb\u00f3r dla wymagaj\u0105cych<\/h4>\n<p>&nbsp;<\/p>\n<p>Dies ist eine L\u00f6sung f\u00fcr diejenigen, die Wert auf Innovation, Haltbarkeit und \u00c4sthetik legen. Dank fortschrittlicher Technologien, hochwertiger Materialien und Personalisierungsm\u00f6glichkeiten erf\u00fcllt dieses Produkt h\u00f6chste Anspr\u00fcche. Mit der Entscheidung f\u00fcr KOMBISYSTEM ALU investieren Sie in Komfort, Sicherheit und modernes Design. Es ist mehr als ein Fenster \u2013 es ist die Zukunft Ihres Zuhauses!<\/p>\n<p>&nbsp;<\/p>\n<p>&nbsp;<\/p>\n<h4><strong><a href=\"https:\/\/bertrand.pl\/de\/farbe\/\">Farben von Fenstern und T\u00fcren<\/a><\/strong><\/h4>","protected":false},"excerpt":{"rendered":"<p><strong>Ein modernes System aus PVC und Aluminium.<\/strong><\/p>\n<p><span class=\"highlightNode\">KOMBISYSTEM ALU<\/span>\u00a0BERTRAND sind technologisch fortschrittliche Produkte mit einer Tiefe von 83 mm.<\/p>","protected":false},"featured_media":844,"template":"","meta":{"site-sidebar-layout":"default","site-content-layout":"","ast-site-content-layout":"default","site-content-style":"default","site-sidebar-style":"default","ast-global-header-display":"","ast-banner-title-visibility":"","ast-main-header-display":"","ast-hfb-above-header-display":"","ast-hfb-below-header-display":"","ast-hfb-mobile-header-display":"","site-post-title":"","ast-breadcrumbs-content":"","ast-featured-img":"","footer-sml-layout":"","ast-disable-related-posts":"","theme-transparent-header-meta":"default","adv-header-id-meta":"","stick-header-meta":"","header-above-stick-meta":"","header-main-stick-meta":"","header-below-stick-meta":"","astra-migrate-meta-layouts":"set","ast-page-background-enabled":"default","ast-page-background-meta":{"desktop":{"background-color":"var(--ast-global-color-4)","background-image":"","background-repeat":"repeat","background-position":"center center","background-size":"auto","background-attachment":"scroll","background-type":"","background-media":"","overlay-type":"","overlay-color":"","overlay-opacity":"","overlay-gradient":""},"tablet":{"background-color":"","background-image":"","background-repeat":"repeat","background-position":"center center","background-size":"auto","background-attachment":"scroll","background-type":"","background-media":"","overlay-type":"","overlay-color":"","overlay-opacity":"","overlay-gradient":""},"mobile":{"background-color":"","background-image":"","background-repeat":"repeat","background-position":"center center","background-size":"auto","background-attachment":"scroll","background-type":"","background-media":"","overlay-type":"","overlay-color":"","overlay-opacity":"","overlay-gradient":""}},"ast-content-background-meta":{"desktop":{"background-color":"var(--ast-global-color-5)","background-image":"","background-repeat":"repeat","background-position":"center center","background-size":"auto","background-attachment":"scroll","background-type":"","background-media":"","overlay-type":"","overlay-color":"","overlay-opacity":"","overlay-gradient":""},"tablet":{"background-color":"var(--ast-global-color-5)","background-image":"","background-repeat":"repeat","background-position":"center center","background-size":"auto","background-attachment":"scroll","background-type":"","background-media":"","overlay-type":"","overlay-color":"","overlay-opacity":"","overlay-gradient":""},"mobile":{"background-color":"var(--ast-global-color-5)","background-image":"","background-repeat":"repeat","background-position":"center center","background-size":"auto","background-attachment":"scroll","background-type":"","background-media":"","overlay-type":"","overlay-color":"","overlay-opacity":"","overlay-gradient":""}}},"product_brand":[],"product_cat":[25],"product_tag":[469,193,168,360,326,367,368,339,311,352,414,462,463,344,346,408,370,389,371,372,366,174,194,387,355,323,363,324,312,169,314,362,348],"class_list":{"0":"post-825","1":"product","2":"type-product","3":"status-publish","4":"has-post-thumbnail","6":"product_cat-okna-pvc-aluminiowe","7":"product_tag-alu","8":"product_tag-aluminium","9":"product_tag-bertrand","10":"product_tag-bezpieczenstwo","11":"product_tag-budowa-domu","12":"product_tag-budownictwo","13":"product_tag-budownictwo-pasywne","14":"product_tag-design","15":"product_tag-dobre-wlasciwosci-termiczne","16":"product_tag-dobreokna","17":"product_tag-doskonala-izolacja-termiczna","18":"product_tag-drewniane-okna","19":"product_tag-drewniane-okno","20":"product_tag-duze-okna","21":"product_tag-duze-przestrzenie","22":"product_tag-duze-przeszklenia","23":"product_tag-idealne-okna-do-domu","24":"product_tag-izolacja-akustyczna","25":"product_tag-kombisystem","26":"product_tag-kombisystem-plus","27":"product_tag-komfort","28":"product_tag-okna","29":"product_tag-okna-aluminiowe","30":"product_tag-okna-drewniane","31":"product_tag-okna-drewniano-aluminiowe","32":"product_tag-okna-z-polski","33":"product_tag-oknazpolski","34":"product_tag-okno-dla-domu","35":"product_tag-okno-dla-twojego-domu","36":"product_tag-produkt","37":"product_tag-profil-okienny","38":"product_tag-quality","39":"product_tag-windows","40":"desktop-align-left","41":"tablet-align-left","42":"mobile-align-left","44":"first","45":"instock","46":"shipping-taxable","47":"product-type-simple"},"yoast_head":"<!-- This site is optimized with the Yoast SEO Premium plugin v27.2 (Yoast SEO v27.2) - https:\/\/yoast.com\/product\/yoast-seo-premium-wordpress\/ -->\n<title>KOMBISYSTEM ALU - Bertrand. Najwy\u017cszej jako\u015bci okna i drzwi. Certyfikowany producent od 1969 roku.<\/title>\n<meta name=\"description\" content=\"KOMBISYSTEM ALU firmy BERTRAND \u2013 energooszcz\u0119dne okna z nak\u0142adk\u0105 aluminiow\u0105, doskona\u0142a izolacja, trwa\u0142o\u015b\u0107, estetyka i bezpiecze\u0144stwo dla wymagaj\u0105cych.\" \/>\n<meta name=\"robots\" content=\"index, follow, max-snippet:-1, max-image-preview:large, max-video-preview:-1\" \/>\n<link rel=\"canonical\" href=\"https:\/\/bertrand.pl\/de\/produkt\/combisystem-2\/\" \/>\n<meta property=\"og:locale\" content=\"de_DE\" \/>\n<meta property=\"og:type\" content=\"article\" \/>\n<meta property=\"og:title\" content=\"KOMBISYSTEM ALU\" \/>\n<meta property=\"og:description\" content=\"KOMBISYSTEM ALU firmy BERTRAND \u2013 energooszcz\u0119dne okna z nak\u0142adk\u0105 aluminiow\u0105, doskona\u0142a izolacja, trwa\u0142o\u015b\u0107, estetyka i bezpiecze\u0144stwo dla wymagaj\u0105cych.\" \/>\n<meta property=\"og:url\" content=\"https:\/\/bertrand.pl\/de\/produkt\/combisystem-2\/\" \/>\n<meta property=\"og:site_name\" content=\"Bertrand. Najwy\u017cszej jako\u015bci okna i drzwi. Certyfikowany producent od 1969 roku.\" \/>\n<meta property=\"article:publisher\" content=\"https:\/\/www.facebook.com\/bertrandpolska\/\" \/>\n<meta property=\"article:modified_time\" content=\"2025-03-06T14:30:30+00:00\" \/>\n<meta property=\"og:image\" content=\"https:\/\/bertrand.pl\/wp-content\/uploads\/2023\/12\/kombisystem_alu_photo2.jpg\" \/>\n\t<meta property=\"og:image:width\" content=\"450\" \/>\n\t<meta property=\"og:image:height\" content=\"450\" \/>\n\t<meta property=\"og:image:type\" content=\"image\/jpeg\" \/>\n<meta name=\"twitter:card\" content=\"summary_large_image\" \/>\n<meta name=\"twitter:label1\" content=\"Gesch\u00e4tzte Lesezeit\" \/>\n\t<meta name=\"twitter:data1\" content=\"2\u00a0Minuten\" \/>\n<script type=\"application\/ld+json\" class=\"yoast-schema-graph\">{\"@context\":\"https:\/\/schema.org\",\"@graph\":[{\"@type\":\"WebPage\",\"@id\":\"https:\/\/bertrand.pl\/produkt\/kombisystem-2\/\",\"url\":\"https:\/\/bertrand.pl\/produkt\/kombisystem-2\/\",\"name\":\"KOMBISYSTEM ALU - Bertrand. Najwy\u017cszej jako\u015bci okna i drzwi. Certyfikowany producent od 1969 roku.\",\"isPartOf\":{\"@id\":\"https:\/\/bertrand.pl\/#website\"},\"primaryImageOfPage\":{\"@id\":\"https:\/\/bertrand.pl\/produkt\/kombisystem-2\/#primaryimage\"},\"image\":{\"@id\":\"https:\/\/bertrand.pl\/produkt\/kombisystem-2\/#primaryimage\"},\"thumbnailUrl\":\"https:\/\/bertrand.pl\/wp-content\/uploads\/2023\/12\/kombisystem_alu_photo2.jpg\",\"datePublished\":\"2023-12-12T11:45:32+00:00\",\"dateModified\":\"2025-03-06T14:30:30+00:00\",\"description\":\"KOMBISYSTEM ALU firmy BERTRAND \u2013 energooszcz\u0119dne okna z nak\u0142adk\u0105 aluminiow\u0105, doskona\u0142a izolacja, trwa\u0142o\u015b\u0107, estetyka i bezpiecze\u0144stwo dla wymagaj\u0105cych.\",\"breadcrumb\":{\"@id\":\"https:\/\/bertrand.pl\/produkt\/kombisystem-2\/#breadcrumb\"},\"inLanguage\":\"de\",\"potentialAction\":[{\"@type\":\"ReadAction\",\"target\":[\"https:\/\/bertrand.pl\/produkt\/kombisystem-2\/\"]}]},{\"@type\":\"ImageObject\",\"inLanguage\":\"de\",\"@id\":\"https:\/\/bertrand.pl\/produkt\/kombisystem-2\/#primaryimage\",\"url\":\"https:\/\/bertrand.pl\/wp-content\/uploads\/2023\/12\/kombisystem_alu_photo2.jpg\",\"contentUrl\":\"https:\/\/bertrand.pl\/wp-content\/uploads\/2023\/12\/kombisystem_alu_photo2.jpg\",\"width\":450,\"height\":450},{\"@type\":\"BreadcrumbList\",\"@id\":\"https:\/\/bertrand.pl\/produkt\/kombisystem-2\/#breadcrumb\",\"itemListElement\":[{\"@type\":\"ListItem\",\"position\":1,\"name\":\"Strona g\u0142\u00f3wna\",\"item\":\"https:\/\/bertrand.pl\/\"},{\"@type\":\"ListItem\",\"position\":2,\"name\":\"Produits\",\"item\":\"https:\/\/bertrand.pl\/fr\/shop\/\"},{\"@type\":\"ListItem\",\"position\":3,\"name\":\"KOMBISYSTEM ALU\"}]},{\"@type\":\"WebSite\",\"@id\":\"https:\/\/bertrand.pl\/#website\",\"url\":\"https:\/\/bertrand.pl\/\",\"name\":\"Bertrand.pl\",\"description\":\"Firma Bertrand to certyfikowany i uznany producent najwy\u017cszej jako\u015bci okien z PVC, z drewna lub aluminium. Produkcja drzwi, rolet i bram gara\u017cowych.\",\"publisher\":{\"@id\":\"https:\/\/bertrand.pl\/#organization\"},\"potentialAction\":[{\"@type\":\"SearchAction\",\"target\":{\"@type\":\"EntryPoint\",\"urlTemplate\":\"https:\/\/bertrand.pl\/?s={search_term_string}\"},\"query-input\":{\"@type\":\"PropertyValueSpecification\",\"valueRequired\":true,\"valueName\":\"search_term_string\"}}],\"inLanguage\":\"de\"},{\"@type\":\"Organization\",\"@id\":\"https:\/\/bertrand.pl\/#organization\",\"name\":\"Bertrand.pl\",\"url\":\"https:\/\/bertrand.pl\/\",\"logo\":{\"@type\":\"ImageObject\",\"inLanguage\":\"de\",\"@id\":\"https:\/\/bertrand.pl\/#\/schema\/logo\/image\/\",\"url\":\"https:\/\/bertrand.pl\/wp-content\/uploads\/2024\/12\/logo_BB_TM_PL_black.png\",\"contentUrl\":\"https:\/\/bertrand.pl\/wp-content\/uploads\/2024\/12\/logo_BB_TM_PL_black.png\",\"width\":1831,\"height\":1831,\"caption\":\"Bertrand.pl\"},\"image\":{\"@id\":\"https:\/\/bertrand.pl\/#\/schema\/logo\/image\/\"},\"sameAs\":[\"https:\/\/www.facebook.com\/bertrandpolska\/\",\"https:\/\/www.instagram.com\/bertrand_okna_i_drzwi\/\",\"https:\/\/www.linkedin.com\/company\/bertrand\/\",\"https:\/\/www.tiktok.com\/@bertrand_okna_drzwi\"]}]}<\/script>\n<!-- \/ Yoast SEO Premium plugin. -->","yoast_head_json":{"title":"KOMBISYSTEM ALU - Bertrand. Najwy\u017cszej jako\u015bci okna i drzwi. Certyfikowany producent od 1969 roku.","description":"KOMBISYSTEM ALU von BERTRAND \u2013 Energiesparfenster mit Aluminiumauflage, hervorragende Isolierung, Langlebigkeit, \u00c4sthetik und Sicherheit f\u00fcr anspruchsvolle Kunden.","robots":{"index":"index","follow":"follow","max-snippet":"max-snippet:-1","max-image-preview":"max-image-preview:large","max-video-preview":"max-video-preview:-1"},"canonical":"https:\/\/bertrand.pl\/de\/produkt\/combisystem-2\/","og_locale":"de_DE","og_type":"article","og_title":"KOMBISYSTEM ALU","og_description":"KOMBISYSTEM ALU firmy BERTRAND \u2013 energooszcz\u0119dne okna z nak\u0142adk\u0105 aluminiow\u0105, doskona\u0142a izolacja, trwa\u0142o\u015b\u0107, estetyka i bezpiecze\u0144stwo dla wymagaj\u0105cych.","og_url":"https:\/\/bertrand.pl\/de\/produkt\/combisystem-2\/","og_site_name":"Bertrand. Najwy\u017cszej jako\u015bci okna i drzwi. Certyfikowany producent od 1969 roku.","article_publisher":"https:\/\/www.facebook.com\/bertrandpolska\/","article_modified_time":"2025-03-06T14:30:30+00:00","og_image":[{"width":450,"height":450,"url":"https:\/\/bertrand.pl\/wp-content\/uploads\/2023\/12\/kombisystem_alu_photo2.jpg","type":"image\/jpeg"}],"twitter_card":"summary_large_image","twitter_misc":{"Gesch\u00e4tzte Lesezeit":"2\u00a0Minuten"},"schema":{"@context":"https:\/\/schema.org","@graph":[{"@type":"WebPage","@id":"https:\/\/bertrand.pl\/produkt\/kombisystem-2\/","url":"https:\/\/bertrand.pl\/produkt\/kombisystem-2\/","name":"KOMBISYSTEM ALU - Bertrand. Najwy\u017cszej jako\u015bci okna i drzwi. Certyfikowany producent od 1969 roku.","isPartOf":{"@id":"https:\/\/bertrand.pl\/#website"},"primaryImageOfPage":{"@id":"https:\/\/bertrand.pl\/produkt\/kombisystem-2\/#primaryimage"},"image":{"@id":"https:\/\/bertrand.pl\/produkt\/kombisystem-2\/#primaryimage"},"thumbnailUrl":"https:\/\/bertrand.pl\/wp-content\/uploads\/2023\/12\/kombisystem_alu_photo2.jpg","datePublished":"2023-12-12T11:45:32+00:00","dateModified":"2025-03-06T14:30:30+00:00","description":"KOMBISYSTEM ALU von BERTRAND \u2013 Energiesparfenster mit Aluminiumauflage, hervorragende Isolierung, Langlebigkeit, \u00c4sthetik und Sicherheit f\u00fcr anspruchsvolle Kunden.","breadcrumb":{"@id":"https:\/\/bertrand.pl\/produkt\/kombisystem-2\/#breadcrumb"},"inLanguage":"de","potentialAction":[{"@type":"ReadAction","target":["https:\/\/bertrand.pl\/produkt\/kombisystem-2\/"]}]},{"@type":"ImageObject","inLanguage":"de","@id":"https:\/\/bertrand.pl\/produkt\/kombisystem-2\/#primaryimage","url":"https:\/\/bertrand.pl\/wp-content\/uploads\/2023\/12\/kombisystem_alu_photo2.jpg","contentUrl":"https:\/\/bertrand.pl\/wp-content\/uploads\/2023\/12\/kombisystem_alu_photo2.jpg","width":450,"height":450},{"@type":"BreadcrumbList","@id":"https:\/\/bertrand.pl\/produkt\/kombisystem-2\/#breadcrumb","itemListElement":[{"@type":"ListItem","position":1,"name":"Strona g\u0142\u00f3wna","item":"https:\/\/bertrand.pl\/"},{"@type":"ListItem","position":2,"name":"Produits","item":"https:\/\/bertrand.pl\/fr\/shop\/"},{"@type":"ListItem","position":3,"name":"KOMBISYSTEM ALU"}]},{"@type":"WebSite","@id":"https:\/\/bertrand.pl\/#website","url":"https:\/\/bertrand.pl\/","name":"Bertrand.pl","description":"Firma Bertrand to certyfikowany i uznany producent najwy\u017cszej jako\u015bci okien z PVC, z drewna lub aluminium. Produkcja drzwi, rolet i bram gara\u017cowych.","publisher":{"@id":"https:\/\/bertrand.pl\/#organization"},"potentialAction":[{"@type":"SearchAction","target":{"@type":"EntryPoint","urlTemplate":"https:\/\/bertrand.pl\/?s={search_term_string}"},"query-input":{"@type":"PropertyValueSpecification","valueRequired":true,"valueName":"search_term_string"}}],"inLanguage":"de"},{"@type":"Organization","@id":"https:\/\/bertrand.pl\/#organization","name":"Bertrand.pl","url":"https:\/\/bertrand.pl\/","logo":{"@type":"ImageObject","inLanguage":"de","@id":"https:\/\/bertrand.pl\/#\/schema\/logo\/image\/","url":"https:\/\/bertrand.pl\/wp-content\/uploads\/2024\/12\/logo_BB_TM_PL_black.png","contentUrl":"https:\/\/bertrand.pl\/wp-content\/uploads\/2024\/12\/logo_BB_TM_PL_black.png","width":1831,"height":1831,"caption":"Bertrand.pl"},"image":{"@id":"https:\/\/bertrand.pl\/#\/schema\/logo\/image\/"},"sameAs":["https:\/\/www.facebook.com\/bertrandpolska\/","https:\/\/www.instagram.com\/bertrand_okna_i_drzwi\/","https:\/\/www.linkedin.com\/company\/bertrand\/","https:\/\/www.tiktok.com\/@bertrand_okna_drzwi"]}]}},"_links":{"self":[{"href":"https:\/\/bertrand.pl\/de\/wp-json\/wp\/v2\/product\/825","targetHints":{"allow":["GET"]}}],"collection":[{"href":"https:\/\/bertrand.pl\/de\/wp-json\/wp\/v2\/product"}],"about":[{"href":"https:\/\/bertrand.pl\/de\/wp-json\/wp\/v2\/types\/product"}],"wp:featuredmedia":[{"embeddable":true,"href":"https:\/\/bertrand.pl\/de\/wp-json\/wp\/v2\/media\/844"}],"wp:attachment":[{"href":"https:\/\/bertrand.pl\/de\/wp-json\/wp\/v2\/media?parent=825"}],"wp:term":[{"taxonomy":"product_brand","embeddable":true,"href":"https:\/\/bertrand.pl\/de\/wp-json\/wp\/v2\/product_brand?post=825"},{"taxonomy":"product_cat","embeddable":true,"href":"https:\/\/bertrand.pl\/de\/wp-json\/wp\/v2\/product_cat?post=825"},{"taxonomy":"product_tag","embeddable":true,"href":"https:\/\/bertrand.pl\/de\/wp-json\/wp\/v2\/product_tag?post=825"}],"curies":[{"name":"wp","href":"https:\/\/api.w.org\/{rel}","templated":true}]}}