{"id":830,"date":"2023-12-12T12:55:34","date_gmt":"2023-12-12T11:55:34","guid":{"rendered":"https:\/\/bertrand.pl\/?post_type=product&#038;p=830"},"modified":"2025-03-06T15:29:51","modified_gmt":"2025-03-06T14:29:51","slug":"strongline","status":"publish","type":"product","link":"https:\/\/bertrand.pl\/de\/produkt\/strongline\/","title":{"rendered":"STRONGLINE"},"content":{"rendered":"<p>Fenster <strong>STRONGLINE<\/strong> ist eine innovative Produktlinie, die die nat\u00fcrlichen Eigenschaften von Holz mit modernen technologischen L\u00f6sungen harmonisch verbindet. Dadurch sind diese Fenster nicht nur \u00e4sthetisch, sondern auch \u00e4u\u00dferst funktional.<\/p>\n<p>&nbsp;<\/p>\n<h4>Einzigartiges Design f\u00fcr \u00fcberragende Stabilit\u00e4t<\/h4>\n<p>&nbsp;<\/p>\n<p>Die Rahmen- und Fl\u00fcgeltiefe von 92 mm macht STRONGLINE zum stabilsten und langlebigsten Profil, das auf dem Markt erh\u00e4ltlich ist. Der W\u00e4rmedurchgangskoeffizient garantiert eine hervorragende W\u00e4rmed\u00e4mmung, wodurch Ihr Haus auch in den strengsten Wintern warm bleibt.<\/p>\n<p>Die por\u00f6se Struktur des Holzes und das Strukturrillensystem bieten nicht nur Schutz vor Regen, Wind und L\u00e4rm, sondern auch eine wirksame Barriere gegen Verschmutzung. Gleichzeitig erm\u00f6glichen diese Fenster eine optimale Bel\u00fcftung, was zu einem gesunden Mikroklima in den R\u00e4umen f\u00fchrt.<\/p>\n<p>&nbsp;<\/p>\n<h4>Solidit\u00e4t und Eleganz in einem<\/h4>\n<p>&nbsp;<\/p>\n<p>Das charakteristische, massive Erscheinungsbild der Fenster wurde durch abgerundete Kanten und dekorative Fr\u00e4sungen dezent gemildert. Dadurch wirken die Fenster in jedem Innenraum elegant und harmonisch. Naturholz verleiht ihnen W\u00e4rme und einen einzigartigen Charakter, perfekt f\u00fcr klassische und moderne Arrangements.<\/p>\n<p>&nbsp;<\/p>\n<h4>M\u00f6glichkeit der Personalisierung<\/h4>\n<p>&nbsp;<\/p>\n<p>Fenster k\u00f6nnen mit zus\u00e4tzlichen L\u00f6sungen ausgestattet werden, die ihre W\u00e4rmeaufnahme, Schalld\u00e4mmung und Einbruchhemmung erh\u00f6hen. Dar\u00fcber hinaus stehen Personalisierungsm\u00f6glichkeiten zur Verf\u00fcgung, mit denen Sie das Erscheinungsbild der Fenster an Ihre individuellen Bed\u00fcrfnisse anpassen k\u00f6nnen.<\/p>\n<h4><\/h4>\n<h4>W\u00e4hlen Sie STRONGLINE<\/h4>\n<p>&nbsp;<\/p>\n<p>STRONGLINE sind Fenster f\u00fcr Menschen, die zuverl\u00e4ssige, langlebige und \u00e4sthetische L\u00f6sungen suchen. Wenn Sie in diese Linie investieren, entscheiden Sie sich f\u00fcr Qualit\u00e4t, Energieeffizienz und Stil. Es ist eine perfekte Kombination aus Holztradition und moderner Technologie.<\/p>\n<p>&nbsp;<\/p>\n<p><em>Bertrand verwendet die modernsten Holzlacke. Unser standardm\u00e4\u00dfig verwendeter AQUATOP-Lack sch\u00fctzt Oberfl\u00e4chen vor Witterungseinfl\u00fcssen und verleiht ihnen einen glatten und langanhaltenden Schutz.<\/em><\/p>\n<p><em>AQUATOP zeichnet sich durch eine hervorragende Feuchtigkeitsbest\u00e4ndigkeit aus. Es sch\u00fctzt Oberfl\u00e4chen vor Wasser, Regen und Feuchtigkeit und verhindert so Probleme wie F\u00e4ulnis, Schimmel und Sch\u00e4den im Laufe der Zeit. Bietet das ganze Jahr \u00fcber und in jedem Klima zuverl\u00e4ssigen Widerstand.\u00a0<\/em><\/p>\n<p><em>Dank fortschrittlicher und innovativer Lacke und eines sorgf\u00e4ltigen Produktionsprozesses, der eine Mischung aus automatisiertem Schleifen flacher Oberfl\u00e4chen und manuellem Schleifen schwer zug\u00e4nglicher Oberfl\u00e4chen wie der Oberfl\u00e4che im Rahmen ist, weisen unsere Holzfenster eine glatte und makellose Oberfl\u00e4che auf .<\/em><\/p>\n<p><em>Dank der Verwendung von Lacken mit Kaltpigmenten sind Bertrand-Holzfenster perfekt f\u00fcr hei\u00dfe Klimazonen geeignet.<\/em><\/p>\n<p>&nbsp;<\/p>\n<h4><strong><a href=\"https:\/\/bertrand.pl\/de\/farbe\/\">Farben von Fenstern und T\u00fcren<\/a><\/strong><\/h4>","protected":false},"excerpt":{"rendered":"<p><strong>EIN MODERNES SYSTEM AUS HOLZ<\/strong><\/p>\n<p><strong>Strongline-Fenster<\/strong> ist eine \u00e4u\u00dferst innovative Fensterlinie, die nicht nur die nat\u00fcrliche Sch\u00f6nheit des Holzes, sondern auch hervorragende technische Parameter vereint. Mit einer Rahmen- und Fl\u00fcgeltiefe von<strong> 92mm<\/strong> und niedriger W\u00e4rme\u00fcbergangskoeffizient auf der Ebene <strong>1,0 \u2013 1,2 W\/m2K<\/strong>Diese Fenster sind eine ausgezeichnete Wahl f\u00fcr Menschen, die Stabilit\u00e4t und Energieeffizienz in ihrem Zuhause suchen. Dank Strongline genie\u00dfen Sie nicht nur die \u00c4sthetik von Holz, sondern auch Komfort und Energieeinsparungen.<\/p>","protected":false},"featured_media":831,"template":"","meta":{"site-sidebar-layout":"default","site-content-layout":"","ast-site-content-layout":"default","site-content-style":"default","site-sidebar-style":"default","ast-global-header-display":"","ast-banner-title-visibility":"","ast-main-header-display":"","ast-hfb-above-header-display":"","ast-hfb-below-header-display":"","ast-hfb-mobile-header-display":"","site-post-title":"","ast-breadcrumbs-content":"","ast-featured-img":"","footer-sml-layout":"","ast-disable-related-posts":"","theme-transparent-header-meta":"default","adv-header-id-meta":"","stick-header-meta":"","header-above-stick-meta":"","header-main-stick-meta":"","header-below-stick-meta":"","astra-migrate-meta-layouts":"set","ast-page-background-enabled":"default","ast-page-background-meta":{"desktop":{"background-color":"var(--ast-global-color-4)","background-image":"","background-repeat":"repeat","background-position":"center center","background-size":"auto","background-attachment":"scroll","background-type":"","background-media":"","overlay-type":"","overlay-color":"","overlay-opacity":"","overlay-gradient":""},"tablet":{"background-color":"","background-image":"","background-repeat":"repeat","background-position":"center center","background-size":"auto","background-attachment":"scroll","background-type":"","background-media":"","overlay-type":"","overlay-color":"","overlay-opacity":"","overlay-gradient":""},"mobile":{"background-color":"","background-image":"","background-repeat":"repeat","background-position":"center center","background-size":"auto","background-attachment":"scroll","background-type":"","background-media":"","overlay-type":"","overlay-color":"","overlay-opacity":"","overlay-gradient":""}},"ast-content-background-meta":{"desktop":{"background-color":"var(--ast-global-color-5)","background-image":"","background-repeat":"repeat","background-position":"center center","background-size":"auto","background-attachment":"scroll","background-type":"","background-media":"","overlay-type":"","overlay-color":"","overlay-opacity":"","overlay-gradient":""},"tablet":{"background-color":"var(--ast-global-color-5)","background-image":"","background-repeat":"repeat","background-position":"center center","background-size":"auto","background-attachment":"scroll","background-type":"","background-media":"","overlay-type":"","overlay-color":"","overlay-opacity":"","overlay-gradient":""},"mobile":{"background-color":"var(--ast-global-color-5)","background-image":"","background-repeat":"repeat","background-position":"center center","background-size":"auto","background-attachment":"scroll","background-type":"","background-media":"","overlay-type":"","overlay-color":"","overlay-opacity":"","overlay-gradient":""}}},"product_brand":[],"product_cat":[26],"product_tag":[168,326,367,368,339,311,352,414,462,463,354,344,346,408,407,466,370,389,398,361,366,465,174,387,323,350,363,324,351,362,461,464,348],"class_list":{"0":"post-830","1":"product","2":"type-product","3":"status-publish","4":"has-post-thumbnail","6":"product_cat-okna-drewniane","7":"product_tag-bertrand","8":"product_tag-budowa-domu","9":"product_tag-budownictwo","10":"product_tag-budownictwo-pasywne","11":"product_tag-design","12":"product_tag-dobre-wlasciwosci-termiczne","13":"product_tag-dobreokna","14":"product_tag-doskonala-izolacja-termiczna","15":"product_tag-drewniane-okna","16":"product_tag-drewniane-okno","17":"product_tag-drewno","18":"product_tag-duze-okna","19":"product_tag-duze-przestrzenie","20":"product_tag-duze-przeszklenia","21":"product_tag-duzo-swiatla","22":"product_tag-frezy","23":"product_tag-idealne-okna-do-domu","24":"product_tag-izolacja-akustyczna","25":"product_tag-izolacja-cieplna","26":"product_tag-jakosc","27":"product_tag-komfort","28":"product_tag-krawedzie","29":"product_tag-okna","30":"product_tag-okna-drewniane","31":"product_tag-okna-z-polski","32":"product_tag-oknabertrand","33":"product_tag-oknazpolski","34":"product_tag-okno-dla-domu","35":"product_tag-oknobertrand","36":"product_tag-quality","37":"product_tag-softline","38":"product_tag-strongline","39":"product_tag-windows","40":"desktop-align-left","41":"tablet-align-left","42":"mobile-align-left","44":"first","45":"instock","46":"shipping-taxable","47":"product-type-simple"},"yoast_head":"<!-- This site is optimized with the Yoast SEO Premium plugin v27.2 (Yoast SEO v27.2) - https:\/\/yoast.com\/product\/yoast-seo-premium-wordpress\/ -->\n<title>STRONGLINE - Bertrand. Najwy\u017cszej jako\u015bci okna i drzwi. Certyfikowany producent od 1969 roku.<\/title>\n<meta name=\"description\" content=\"Okna STRONGLINE \u2013 drewno i nowoczesno\u015b\u0107 w jednym. Stabilno\u015b\u0107, energooszcz\u0119dno\u015b\u0107 i elegancja. Idealna izolacja termiczna i akustyczna dla Twojego domu.\" \/>\n<meta name=\"robots\" content=\"index, follow, max-snippet:-1, max-image-preview:large, max-video-preview:-1\" \/>\n<link rel=\"canonical\" href=\"https:\/\/bertrand.pl\/de\/produkt\/strongline\/\" \/>\n<meta property=\"og:locale\" content=\"de_DE\" \/>\n<meta property=\"og:type\" content=\"article\" \/>\n<meta property=\"og:title\" content=\"STRONGLINE\" \/>\n<meta property=\"og:description\" content=\"Okna STRONGLINE \u2013 drewno i nowoczesno\u015b\u0107 w jednym. Stabilno\u015b\u0107, energooszcz\u0119dno\u015b\u0107 i elegancja. Idealna izolacja termiczna i akustyczna dla Twojego domu.\" \/>\n<meta property=\"og:url\" content=\"https:\/\/bertrand.pl\/de\/produkt\/strongline\/\" \/>\n<meta property=\"og:site_name\" content=\"Bertrand. Najwy\u017cszej jako\u015bci okna i drzwi. Certyfikowany producent od 1969 roku.\" \/>\n<meta property=\"article:publisher\" content=\"https:\/\/www.facebook.com\/bertrandpolska\/\" \/>\n<meta property=\"article:modified_time\" content=\"2025-03-06T14:29:51+00:00\" \/>\n<meta property=\"og:image\" content=\"https:\/\/bertrand.pl\/wp-content\/uploads\/2023\/12\/strongline_big.jpg\" \/>\n\t<meta property=\"og:image:width\" content=\"750\" \/>\n\t<meta property=\"og:image:height\" content=\"750\" \/>\n\t<meta property=\"og:image:type\" content=\"image\/jpeg\" \/>\n<meta name=\"twitter:card\" content=\"summary_large_image\" \/>\n<meta name=\"twitter:label1\" content=\"Gesch\u00e4tzte Lesezeit\" \/>\n\t<meta name=\"twitter:data1\" content=\"3\u00a0Minuten\" \/>\n<script type=\"application\/ld+json\" class=\"yoast-schema-graph\">{\"@context\":\"https:\/\/schema.org\",\"@graph\":[{\"@type\":\"WebPage\",\"@id\":\"https:\/\/bertrand.pl\/produkt\/strongline\/\",\"url\":\"https:\/\/bertrand.pl\/produkt\/strongline\/\",\"name\":\"STRONGLINE - Bertrand. Najwy\u017cszej jako\u015bci okna i drzwi. Certyfikowany producent od 1969 roku.\",\"isPartOf\":{\"@id\":\"https:\/\/bertrand.pl\/#website\"},\"primaryImageOfPage\":{\"@id\":\"https:\/\/bertrand.pl\/produkt\/strongline\/#primaryimage\"},\"image\":{\"@id\":\"https:\/\/bertrand.pl\/produkt\/strongline\/#primaryimage\"},\"thumbnailUrl\":\"https:\/\/bertrand.pl\/wp-content\/uploads\/2023\/12\/strongline_big.jpg\",\"datePublished\":\"2023-12-12T11:55:34+00:00\",\"dateModified\":\"2025-03-06T14:29:51+00:00\",\"description\":\"Okna STRONGLINE \u2013 drewno i nowoczesno\u015b\u0107 w jednym. Stabilno\u015b\u0107, energooszcz\u0119dno\u015b\u0107 i elegancja. Idealna izolacja termiczna i akustyczna dla Twojego domu.\",\"breadcrumb\":{\"@id\":\"https:\/\/bertrand.pl\/produkt\/strongline\/#breadcrumb\"},\"inLanguage\":\"de\",\"potentialAction\":[{\"@type\":\"ReadAction\",\"target\":[\"https:\/\/bertrand.pl\/produkt\/strongline\/\"]}]},{\"@type\":\"ImageObject\",\"inLanguage\":\"de\",\"@id\":\"https:\/\/bertrand.pl\/produkt\/strongline\/#primaryimage\",\"url\":\"https:\/\/bertrand.pl\/wp-content\/uploads\/2023\/12\/strongline_big.jpg\",\"contentUrl\":\"https:\/\/bertrand.pl\/wp-content\/uploads\/2023\/12\/strongline_big.jpg\",\"width\":750,\"height\":750},{\"@type\":\"BreadcrumbList\",\"@id\":\"https:\/\/bertrand.pl\/produkt\/strongline\/#breadcrumb\",\"itemListElement\":[{\"@type\":\"ListItem\",\"position\":1,\"name\":\"Strona g\u0142\u00f3wna\",\"item\":\"https:\/\/bertrand.pl\/\"},{\"@type\":\"ListItem\",\"position\":2,\"name\":\"Produits\",\"item\":\"https:\/\/bertrand.pl\/fr\/shop\/\"},{\"@type\":\"ListItem\",\"position\":3,\"name\":\"STRONGLINE\"}]},{\"@type\":\"WebSite\",\"@id\":\"https:\/\/bertrand.pl\/#website\",\"url\":\"https:\/\/bertrand.pl\/\",\"name\":\"Bertrand.pl\",\"description\":\"Firma Bertrand to certyfikowany i uznany producent najwy\u017cszej jako\u015bci okien z PVC, z drewna lub aluminium. Produkcja drzwi, rolet i bram gara\u017cowych.\",\"publisher\":{\"@id\":\"https:\/\/bertrand.pl\/#organization\"},\"potentialAction\":[{\"@type\":\"SearchAction\",\"target\":{\"@type\":\"EntryPoint\",\"urlTemplate\":\"https:\/\/bertrand.pl\/?s={search_term_string}\"},\"query-input\":{\"@type\":\"PropertyValueSpecification\",\"valueRequired\":true,\"valueName\":\"search_term_string\"}}],\"inLanguage\":\"de\"},{\"@type\":\"Organization\",\"@id\":\"https:\/\/bertrand.pl\/#organization\",\"name\":\"Bertrand.pl\",\"url\":\"https:\/\/bertrand.pl\/\",\"logo\":{\"@type\":\"ImageObject\",\"inLanguage\":\"de\",\"@id\":\"https:\/\/bertrand.pl\/#\/schema\/logo\/image\/\",\"url\":\"https:\/\/bertrand.pl\/wp-content\/uploads\/2024\/12\/logo_BB_TM_PL_black.png\",\"contentUrl\":\"https:\/\/bertrand.pl\/wp-content\/uploads\/2024\/12\/logo_BB_TM_PL_black.png\",\"width\":1831,\"height\":1831,\"caption\":\"Bertrand.pl\"},\"image\":{\"@id\":\"https:\/\/bertrand.pl\/#\/schema\/logo\/image\/\"},\"sameAs\":[\"https:\/\/www.facebook.com\/bertrandpolska\/\",\"https:\/\/www.instagram.com\/bertrand_okna_i_drzwi\/\",\"https:\/\/www.linkedin.com\/company\/bertrand\/\",\"https:\/\/www.tiktok.com\/@bertrand_okna_drzwi\"]}]}<\/script>\n<!-- \/ Yoast SEO Premium plugin. -->","yoast_head_json":{"title":"STRONGLINE - Bertrand. Najwy\u017cszej jako\u015bci okna i drzwi. Certyfikowany producent od 1969 roku.","description":"STRONGLINE-Fenster \u2013 Holz und Modernit\u00e4t in einem. Stabilit\u00e4t, Energieeffizienz und Eleganz. Perfekte W\u00e4rme- und Schalld\u00e4mmung f\u00fcr Ihr Zuhause.","robots":{"index":"index","follow":"follow","max-snippet":"max-snippet:-1","max-image-preview":"max-image-preview:large","max-video-preview":"max-video-preview:-1"},"canonical":"https:\/\/bertrand.pl\/de\/produkt\/strongline\/","og_locale":"de_DE","og_type":"article","og_title":"STRONGLINE","og_description":"Okna STRONGLINE \u2013 drewno i nowoczesno\u015b\u0107 w jednym. Stabilno\u015b\u0107, energooszcz\u0119dno\u015b\u0107 i elegancja. Idealna izolacja termiczna i akustyczna dla Twojego domu.","og_url":"https:\/\/bertrand.pl\/de\/produkt\/strongline\/","og_site_name":"Bertrand. Najwy\u017cszej jako\u015bci okna i drzwi. Certyfikowany producent od 1969 roku.","article_publisher":"https:\/\/www.facebook.com\/bertrandpolska\/","article_modified_time":"2025-03-06T14:29:51+00:00","og_image":[{"width":750,"height":750,"url":"https:\/\/bertrand.pl\/wp-content\/uploads\/2023\/12\/strongline_big.jpg","type":"image\/jpeg"}],"twitter_card":"summary_large_image","twitter_misc":{"Gesch\u00e4tzte Lesezeit":"3\u00a0Minuten"},"schema":{"@context":"https:\/\/schema.org","@graph":[{"@type":"WebPage","@id":"https:\/\/bertrand.pl\/produkt\/strongline\/","url":"https:\/\/bertrand.pl\/produkt\/strongline\/","name":"STRONGLINE - Bertrand. Najwy\u017cszej jako\u015bci okna i drzwi. Certyfikowany producent od 1969 roku.","isPartOf":{"@id":"https:\/\/bertrand.pl\/#website"},"primaryImageOfPage":{"@id":"https:\/\/bertrand.pl\/produkt\/strongline\/#primaryimage"},"image":{"@id":"https:\/\/bertrand.pl\/produkt\/strongline\/#primaryimage"},"thumbnailUrl":"https:\/\/bertrand.pl\/wp-content\/uploads\/2023\/12\/strongline_big.jpg","datePublished":"2023-12-12T11:55:34+00:00","dateModified":"2025-03-06T14:29:51+00:00","description":"STRONGLINE-Fenster \u2013 Holz und Modernit\u00e4t in einem. Stabilit\u00e4t, Energieeffizienz und Eleganz. Perfekte W\u00e4rme- und Schalld\u00e4mmung f\u00fcr Ihr Zuhause.","breadcrumb":{"@id":"https:\/\/bertrand.pl\/produkt\/strongline\/#breadcrumb"},"inLanguage":"de","potentialAction":[{"@type":"ReadAction","target":["https:\/\/bertrand.pl\/produkt\/strongline\/"]}]},{"@type":"ImageObject","inLanguage":"de","@id":"https:\/\/bertrand.pl\/produkt\/strongline\/#primaryimage","url":"https:\/\/bertrand.pl\/wp-content\/uploads\/2023\/12\/strongline_big.jpg","contentUrl":"https:\/\/bertrand.pl\/wp-content\/uploads\/2023\/12\/strongline_big.jpg","width":750,"height":750},{"@type":"BreadcrumbList","@id":"https:\/\/bertrand.pl\/produkt\/strongline\/#breadcrumb","itemListElement":[{"@type":"ListItem","position":1,"name":"Strona g\u0142\u00f3wna","item":"https:\/\/bertrand.pl\/"},{"@type":"ListItem","position":2,"name":"Produits","item":"https:\/\/bertrand.pl\/fr\/shop\/"},{"@type":"ListItem","position":3,"name":"STRONGLINE"}]},{"@type":"WebSite","@id":"https:\/\/bertrand.pl\/#website","url":"https:\/\/bertrand.pl\/","name":"Bertrand.pl","description":"Firma Bertrand to certyfikowany i uznany producent najwy\u017cszej jako\u015bci okien z PVC, z drewna lub aluminium. Produkcja drzwi, rolet i bram gara\u017cowych.","publisher":{"@id":"https:\/\/bertrand.pl\/#organization"},"potentialAction":[{"@type":"SearchAction","target":{"@type":"EntryPoint","urlTemplate":"https:\/\/bertrand.pl\/?s={search_term_string}"},"query-input":{"@type":"PropertyValueSpecification","valueRequired":true,"valueName":"search_term_string"}}],"inLanguage":"de"},{"@type":"Organization","@id":"https:\/\/bertrand.pl\/#organization","name":"Bertrand.pl","url":"https:\/\/bertrand.pl\/","logo":{"@type":"ImageObject","inLanguage":"de","@id":"https:\/\/bertrand.pl\/#\/schema\/logo\/image\/","url":"https:\/\/bertrand.pl\/wp-content\/uploads\/2024\/12\/logo_BB_TM_PL_black.png","contentUrl":"https:\/\/bertrand.pl\/wp-content\/uploads\/2024\/12\/logo_BB_TM_PL_black.png","width":1831,"height":1831,"caption":"Bertrand.pl"},"image":{"@id":"https:\/\/bertrand.pl\/#\/schema\/logo\/image\/"},"sameAs":["https:\/\/www.facebook.com\/bertrandpolska\/","https:\/\/www.instagram.com\/bertrand_okna_i_drzwi\/","https:\/\/www.linkedin.com\/company\/bertrand\/","https:\/\/www.tiktok.com\/@bertrand_okna_drzwi"]}]}},"_links":{"self":[{"href":"https:\/\/bertrand.pl\/de\/wp-json\/wp\/v2\/product\/830","targetHints":{"allow":["GET"]}}],"collection":[{"href":"https:\/\/bertrand.pl\/de\/wp-json\/wp\/v2\/product"}],"about":[{"href":"https:\/\/bertrand.pl\/de\/wp-json\/wp\/v2\/types\/product"}],"wp:featuredmedia":[{"embeddable":true,"href":"https:\/\/bertrand.pl\/de\/wp-json\/wp\/v2\/media\/831"}],"wp:attachment":[{"href":"https:\/\/bertrand.pl\/de\/wp-json\/wp\/v2\/media?parent=830"}],"wp:term":[{"taxonomy":"product_brand","embeddable":true,"href":"https:\/\/bertrand.pl\/de\/wp-json\/wp\/v2\/product_brand?post=830"},{"taxonomy":"product_cat","embeddable":true,"href":"https:\/\/bertrand.pl\/de\/wp-json\/wp\/v2\/product_cat?post=830"},{"taxonomy":"product_tag","embeddable":true,"href":"https:\/\/bertrand.pl\/de\/wp-json\/wp\/v2\/product_tag?post=830"}],"curies":[{"name":"wp","href":"https:\/\/api.w.org\/{rel}","templated":true}]}}