{"id":836,"date":"2023-12-12T13:24:05","date_gmt":"2023-12-12T12:24:05","guid":{"rendered":"https:\/\/bertrand.pl\/?post_type=product&#038;p=836"},"modified":"2025-03-06T15:29:36","modified_gmt":"2025-03-06T14:29:36","slug":"softline","status":"publish","type":"product","link":"https:\/\/bertrand.pl\/de\/produkt\/softline\/","title":{"rendered":"SOFTLINE"},"content":{"rendered":"<p>Softline ist ein Fenstersystem, das sich durch au\u00dfergew\u00f6hnliche W\u00e4rmed\u00e4mmeigenschaften und Langlebigkeit auszeichnet. Zweifellos vereinen diese Fenster dank sorgf\u00e4ltig ausgew\u00e4hlter Materialien und moderner technologischer L\u00f6sungen Funktionalit\u00e4t und \u00c4sthetik perfekt und sorgen f\u00fcr Komfort und Energieeffizienz.<\/p>\n<p>&nbsp;<\/p>\n<h4>Fortschrittliche W\u00e4rmed\u00e4mmung<\/h4>\n<p>&nbsp;<\/p>\n<p>Eine hervorragende W\u00e4rmed\u00e4mmung ist bei Softline-Fenstern nat\u00fcrlich das Ergebnis einer durchdachten Konstruktion, die Folgendes beinhaltet:<\/p>\n<ul>\n<li><strong>Por\u00f6se und faserige Struktur von Holz<\/strong>, nat\u00fcrliche W\u00e4rmespeicherung.<\/li>\n<li><strong>Fensterprofil mit einer St\u00e4rke von 68 mm oder 78 mm XL<\/strong>, um einen optimalen W\u00e4rmeschutz zu gew\u00e4hrleisten.<\/li>\n<li><strong>Strukturelles Kerbsystem<\/strong> Und <strong>Profildichtung<\/strong>, zwischen T\u00fcrblatt und Rahmen platziert, was Dichtheit und Witterungsbest\u00e4ndigkeit gew\u00e4hrleistet.<\/li>\n<\/ul>\n<p>Dank dieser L\u00f6sungen wird das Innere des Hauses wirksam vor Wind, Regen, L\u00e4rm und Verschmutzung gesch\u00fctzt und gleichzeitig f\u00fcr eine ausreichende Bel\u00fcftung gesorgt.<\/p>\n<p>&nbsp;<\/p>\n<h4>Festigkeit und Stabilit\u00e4t von Holz<\/h4>\n<p>&nbsp;<\/p>\n<p>Softline-Fensterprofile bestehen aus <strong>3- oder 4-schichtig verleimte Kanteln<\/strong>. Hierbei handelt es sich um eine fortschrittliche Technologie, die nat\u00fcrliche Holzfehler, wie z. B. Verformungen aufgrund von Feuchtigkeit, beseitigt. Daher umfasst der Produktionsprozess:<\/p>\n<ul>\n<li><strong>Holz trocknen<\/strong> \u2013 an die Besonderheit einer bestimmten Art angepasst, was deren Stabilit\u00e4t gew\u00e4hrleistet.<\/li>\n<li><strong>Antimykotische und schimmelhemmende Impr\u00e4gnierung<\/strong>, was die Haltbarkeit von Profilen erh\u00f6ht.<\/li>\n<li>Die Verleimung der Bretter erfolgt so, dass innere Spannungen vermieden werden, sodass die Profile auch bei wechselnden Bedingungen eine gerade Form behalten.<\/li>\n<\/ul>\n<p>&nbsp;<\/p>\n<h4>Personalisierung und \u00c4sthetik<\/h4>\n<p>&nbsp;<\/p>\n<p>Dar\u00fcber hinaus bietet Softline umfangreiche Personalisierungsm\u00f6glichkeiten. Dar\u00fcber hinaus k\u00f6nnen Fenster mit zus\u00e4tzlichen dekorativen Elementen bereichert werden, wie zum Beispiel:<\/p>\n<ul>\n<li>Teilungen und B\u00f6gen.<\/li>\n<li>Buntglas und geschnitzte Elemente.<\/li>\n<li>T\u00fcrgriffe in verschiedenen Formen und Farben.<\/li>\n<\/ul>\n<p>Dank dieser Optionen verbindet Softline den nat\u00fcrlichen Charme von Holz mit modernem Design und passt sich jedem Einrichtungsstil an.<\/p>\n<p>&nbsp;<\/p>\n<h4>W\u00e4hlen Sie Softline \u2013 Komfort und Stil<\/h4>\n<p>&nbsp;<\/p>\n<p>Zusammenfassend l\u00e4sst sich sagen, dass Sie mit der Wahl des Softline-Systems eine langlebige, energiesparende und \u00e4sthetische L\u00f6sung erhalten, die \u00fcber viele Jahre hinweg f\u00fcr Komfort und Sch\u00f6nheit sorgt. Es ist Naturholz sowie fortschrittliche Technologie und die M\u00f6glichkeit der Personalisierung, die diese Fenster zur perfekten Wahl f\u00fcr Ihr Zuhause machen.<\/p>\n<p>&nbsp;<\/p>\n<p><img fetchpriority=\"high\" decoding=\"async\" class=\"alignnone wp-image-840 size-full\" src=\"https:\/\/bertrand.pl\/wp-content\/uploads\/2023\/12\/softline_photo1.jpg\" alt=\"\" width=\"649\" height=\"500\" srcset=\"https:\/\/bertrand.pl\/wp-content\/uploads\/2023\/12\/softline_photo1.jpg 649w, https:\/\/bertrand.pl\/wp-content\/uploads\/2023\/12\/softline_photo1-420x324.jpg 420w, https:\/\/bertrand.pl\/wp-content\/uploads\/2023\/12\/softline_photo1-600x462.jpg 600w\" sizes=\"(max-width: 649px) 100vw, 649px\" \/><\/p>\n<p>&nbsp;<\/p>\n<p><em>Bertrand verwendet die modernsten Holzlacke. Unser standardm\u00e4\u00dfig verwendeter AQUATOP-Lack sch\u00fctzt Oberfl\u00e4chen vor Witterungseinfl\u00fcssen und verleiht ihnen einen glatten und langanhaltenden Schutz.<\/em><\/p>\n<p><em>AQUATOP zeichnet sich durch eine hervorragende Feuchtigkeitsbest\u00e4ndigkeit aus. Es sch\u00fctzt Oberfl\u00e4chen vor Wasser, Regen und Feuchtigkeit und verhindert so Probleme wie F\u00e4ulnis, Schimmel und Sch\u00e4den im Laufe der Zeit. Bietet das ganze Jahr \u00fcber und in jedem Klima zuverl\u00e4ssigen Widerstand.\u00a0<\/em><\/p>\n<p><em>Dank fortschrittlicher und innovativer Lacke und eines sorgf\u00e4ltigen Produktionsprozesses, der eine Mischung aus automatisiertem Schleifen flacher Oberfl\u00e4chen und manuellem Schleifen schwer zug\u00e4nglicher Oberfl\u00e4chen wie der Oberfl\u00e4che im Rahmen ist, weisen unsere Holzfenster eine glatte und makellose Oberfl\u00e4che auf .<\/em><\/p>\n<p><em>Dank der Verwendung von Lacken mit Kaltpigmenten sind Bertrand-Holzfenster perfekt f\u00fcr hei\u00dfe Klimazonen geeignet.<\/em><\/p>\n<p>&nbsp;<\/p>\n<h4><strong><a href=\"https:\/\/bertrand.pl\/de\/farbe\/\">Farben von Fenstern und T\u00fcren<\/a><\/strong><\/h4>","protected":false},"excerpt":{"rendered":"<p><strong>PRESTIGI\u00d6SES HOLZSYSTEM<\/strong><\/p>\n<p>SOFTLINE- und SOFTLINE XL-Fenster. Klassische L\u00f6sungen, moderne Form und nat\u00fcrliche Sch\u00f6nheit des Holzes \u2013 das sind die wichtigsten Merkmale der Softline-Fenster. Dank abgerundeter Kanten und sanfter Formen haben wir unseren Fenstern ein \u00e4sthetisches Design verliehen und gleichzeitig sehr gute technische Parameter beibehalten.<\/p>","protected":false},"featured_media":849,"template":"","meta":{"site-sidebar-layout":"default","site-content-layout":"","ast-site-content-layout":"default","site-content-style":"default","site-sidebar-style":"default","ast-global-header-display":"","ast-banner-title-visibility":"","ast-main-header-display":"","ast-hfb-above-header-display":"","ast-hfb-below-header-display":"","ast-hfb-mobile-header-display":"","site-post-title":"","ast-breadcrumbs-content":"","ast-featured-img":"","footer-sml-layout":"","ast-disable-related-posts":"","theme-transparent-header-meta":"default","adv-header-id-meta":"","stick-header-meta":"","header-above-stick-meta":"","header-main-stick-meta":"","header-below-stick-meta":"","astra-migrate-meta-layouts":"set","ast-page-background-enabled":"default","ast-page-background-meta":{"desktop":{"background-color":"var(--ast-global-color-4)","background-image":"","background-repeat":"repeat","background-position":"center center","background-size":"auto","background-attachment":"scroll","background-type":"","background-media":"","overlay-type":"","overlay-color":"","overlay-opacity":"","overlay-gradient":""},"tablet":{"background-color":"","background-image":"","background-repeat":"repeat","background-position":"center center","background-size":"auto","background-attachment":"scroll","background-type":"","background-media":"","overlay-type":"","overlay-color":"","overlay-opacity":"","overlay-gradient":""},"mobile":{"background-color":"","background-image":"","background-repeat":"repeat","background-position":"center center","background-size":"auto","background-attachment":"scroll","background-type":"","background-media":"","overlay-type":"","overlay-color":"","overlay-opacity":"","overlay-gradient":""}},"ast-content-background-meta":{"desktop":{"background-color":"var(--ast-global-color-5)","background-image":"","background-repeat":"repeat","background-position":"center center","background-size":"auto","background-attachment":"scroll","background-type":"","background-media":"","overlay-type":"","overlay-color":"","overlay-opacity":"","overlay-gradient":""},"tablet":{"background-color":"var(--ast-global-color-5)","background-image":"","background-repeat":"repeat","background-position":"center center","background-size":"auto","background-attachment":"scroll","background-type":"","background-media":"","overlay-type":"","overlay-color":"","overlay-opacity":"","overlay-gradient":""},"mobile":{"background-color":"var(--ast-global-color-5)","background-image":"","background-repeat":"repeat","background-position":"center center","background-size":"auto","background-attachment":"scroll","background-type":"","background-media":"","overlay-type":"","overlay-color":"","overlay-opacity":"","overlay-gradient":""}}},"product_brand":[],"product_cat":[26],"product_tag":[326,367,368,339,311,352,414,462,463,354,344,346,408,407,370,389,398,361,366,174,387,323,350,363,324,461,348],"class_list":{"0":"post-836","1":"product","2":"type-product","3":"status-publish","4":"has-post-thumbnail","6":"product_cat-okna-drewniane","7":"product_tag-budowa-domu","8":"product_tag-budownictwo","9":"product_tag-budownictwo-pasywne","10":"product_tag-design","11":"product_tag-dobre-wlasciwosci-termiczne","12":"product_tag-dobreokna","13":"product_tag-doskonala-izolacja-termiczna","14":"product_tag-drewniane-okna","15":"product_tag-drewniane-okno","16":"product_tag-drewno","17":"product_tag-duze-okna","18":"product_tag-duze-przestrzenie","19":"product_tag-duze-przeszklenia","20":"product_tag-duzo-swiatla","21":"product_tag-idealne-okna-do-domu","22":"product_tag-izolacja-akustyczna","23":"product_tag-izolacja-cieplna","24":"product_tag-jakosc","25":"product_tag-komfort","26":"product_tag-okna","27":"product_tag-okna-drewniane","28":"product_tag-okna-z-polski","29":"product_tag-oknabertrand","30":"product_tag-oknazpolski","31":"product_tag-okno-dla-domu","32":"product_tag-softline","33":"product_tag-windows","34":"desktop-align-left","35":"tablet-align-left","36":"mobile-align-left","38":"first","39":"instock","40":"shipping-taxable","41":"product-type-simple"},"yoast_head":"<!-- This site is optimized with the Yoast SEO Premium plugin v27.2 (Yoast SEO v27.2) - https:\/\/yoast.com\/product\/yoast-seo-premium-wordpress\/ -->\n<title>SOFTLINE - Bertrand. Najwy\u017cszej jako\u015bci okna i drzwi. Certyfikowany producent od 1969 roku.<\/title>\n<meta name=\"description\" content=\"Okna Softline \u2013 trwa\u0142o\u015b\u0107 i termoizolacja dzi\u0119ki kant\u00f3wce klejonej, uszczelkom i profilom 68\/78 XL mm. Mo\u017cliwo\u015b\u0107 personalizacji: dzielenia, \u0142uki, witra\u017ce.\" \/>\n<meta name=\"robots\" content=\"index, follow, max-snippet:-1, max-image-preview:large, max-video-preview:-1\" \/>\n<link rel=\"canonical\" href=\"https:\/\/bertrand.pl\/de\/produkt\/softline\/\" \/>\n<meta property=\"og:locale\" content=\"de_DE\" \/>\n<meta property=\"og:type\" content=\"article\" \/>\n<meta property=\"og:title\" content=\"SOFTLINE\" \/>\n<meta property=\"og:description\" content=\"Okna Softline \u2013 trwa\u0142o\u015b\u0107 i termoizolacja dzi\u0119ki kant\u00f3wce klejonej, uszczelkom i profilom 68\/78 XL mm. Mo\u017cliwo\u015b\u0107 personalizacji: dzielenia, \u0142uki, witra\u017ce.\" \/>\n<meta property=\"og:url\" content=\"https:\/\/bertrand.pl\/de\/produkt\/softline\/\" \/>\n<meta property=\"og:site_name\" content=\"Bertrand. Najwy\u017cszej jako\u015bci okna i drzwi. Certyfikowany producent od 1969 roku.\" \/>\n<meta property=\"article:publisher\" content=\"https:\/\/www.facebook.com\/bertrandpolska\/\" \/>\n<meta property=\"article:modified_time\" content=\"2025-03-06T14:29:36+00:00\" \/>\n<meta property=\"og:image\" content=\"https:\/\/bertrand.pl\/wp-content\/uploads\/2023\/12\/20130709_bb_0234_drewno_softline_prestige_xl_biale_tlo_a_300px.jpg\" \/>\n\t<meta property=\"og:image:width\" content=\"300\" \/>\n\t<meta property=\"og:image:height\" content=\"300\" \/>\n\t<meta property=\"og:image:type\" content=\"image\/jpeg\" \/>\n<meta name=\"twitter:card\" content=\"summary_large_image\" \/>\n<meta name=\"twitter:label1\" content=\"Gesch\u00e4tzte Lesezeit\" \/>\n\t<meta name=\"twitter:data1\" content=\"3\u00a0Minuten\" \/>\n<script type=\"application\/ld+json\" class=\"yoast-schema-graph\">{\"@context\":\"https:\/\/schema.org\",\"@graph\":[{\"@type\":\"WebPage\",\"@id\":\"https:\/\/bertrand.pl\/produkt\/softline\/\",\"url\":\"https:\/\/bertrand.pl\/produkt\/softline\/\",\"name\":\"SOFTLINE - Bertrand. Najwy\u017cszej jako\u015bci okna i drzwi. Certyfikowany producent od 1969 roku.\",\"isPartOf\":{\"@id\":\"https:\/\/bertrand.pl\/#website\"},\"primaryImageOfPage\":{\"@id\":\"https:\/\/bertrand.pl\/produkt\/softline\/#primaryimage\"},\"image\":{\"@id\":\"https:\/\/bertrand.pl\/produkt\/softline\/#primaryimage\"},\"thumbnailUrl\":\"https:\/\/bertrand.pl\/wp-content\/uploads\/2023\/12\/20130709_bb_0234_drewno_softline_prestige_xl_biale_tlo_a_300px.jpg\",\"datePublished\":\"2023-12-12T12:24:05+00:00\",\"dateModified\":\"2025-03-06T14:29:36+00:00\",\"description\":\"Okna Softline \u2013 trwa\u0142o\u015b\u0107 i termoizolacja dzi\u0119ki kant\u00f3wce klejonej, uszczelkom i profilom 68\/78 XL mm. Mo\u017cliwo\u015b\u0107 personalizacji: dzielenia, \u0142uki, witra\u017ce.\",\"breadcrumb\":{\"@id\":\"https:\/\/bertrand.pl\/produkt\/softline\/#breadcrumb\"},\"inLanguage\":\"de\",\"potentialAction\":[{\"@type\":\"ReadAction\",\"target\":[\"https:\/\/bertrand.pl\/produkt\/softline\/\"]}]},{\"@type\":\"ImageObject\",\"inLanguage\":\"de\",\"@id\":\"https:\/\/bertrand.pl\/produkt\/softline\/#primaryimage\",\"url\":\"https:\/\/bertrand.pl\/wp-content\/uploads\/2023\/12\/20130709_bb_0234_drewno_softline_prestige_xl_biale_tlo_a_300px.jpg\",\"contentUrl\":\"https:\/\/bertrand.pl\/wp-content\/uploads\/2023\/12\/20130709_bb_0234_drewno_softline_prestige_xl_biale_tlo_a_300px.jpg\",\"width\":300,\"height\":300},{\"@type\":\"BreadcrumbList\",\"@id\":\"https:\/\/bertrand.pl\/produkt\/softline\/#breadcrumb\",\"itemListElement\":[{\"@type\":\"ListItem\",\"position\":1,\"name\":\"Strona g\u0142\u00f3wna\",\"item\":\"https:\/\/bertrand.pl\/\"},{\"@type\":\"ListItem\",\"position\":2,\"name\":\"Produits\",\"item\":\"https:\/\/bertrand.pl\/fr\/shop\/\"},{\"@type\":\"ListItem\",\"position\":3,\"name\":\"SOFTLINE\"}]},{\"@type\":\"WebSite\",\"@id\":\"https:\/\/bertrand.pl\/#website\",\"url\":\"https:\/\/bertrand.pl\/\",\"name\":\"Bertrand.pl\",\"description\":\"Firma Bertrand to certyfikowany i uznany producent najwy\u017cszej jako\u015bci okien z PVC, z drewna lub aluminium. Produkcja drzwi, rolet i bram gara\u017cowych.\",\"publisher\":{\"@id\":\"https:\/\/bertrand.pl\/#organization\"},\"potentialAction\":[{\"@type\":\"SearchAction\",\"target\":{\"@type\":\"EntryPoint\",\"urlTemplate\":\"https:\/\/bertrand.pl\/?s={search_term_string}\"},\"query-input\":{\"@type\":\"PropertyValueSpecification\",\"valueRequired\":true,\"valueName\":\"search_term_string\"}}],\"inLanguage\":\"de\"},{\"@type\":\"Organization\",\"@id\":\"https:\/\/bertrand.pl\/#organization\",\"name\":\"Bertrand.pl\",\"url\":\"https:\/\/bertrand.pl\/\",\"logo\":{\"@type\":\"ImageObject\",\"inLanguage\":\"de\",\"@id\":\"https:\/\/bertrand.pl\/#\/schema\/logo\/image\/\",\"url\":\"https:\/\/bertrand.pl\/wp-content\/uploads\/2024\/12\/logo_BB_TM_PL_black.png\",\"contentUrl\":\"https:\/\/bertrand.pl\/wp-content\/uploads\/2024\/12\/logo_BB_TM_PL_black.png\",\"width\":1831,\"height\":1831,\"caption\":\"Bertrand.pl\"},\"image\":{\"@id\":\"https:\/\/bertrand.pl\/#\/schema\/logo\/image\/\"},\"sameAs\":[\"https:\/\/www.facebook.com\/bertrandpolska\/\",\"https:\/\/www.instagram.com\/bertrand_okna_i_drzwi\/\",\"https:\/\/www.linkedin.com\/company\/bertrand\/\",\"https:\/\/www.tiktok.com\/@bertrand_okna_drzwi\"]}]}<\/script>\n<!-- \/ Yoast SEO Premium plugin. -->","yoast_head_json":{"title":"SOFTLINE - Bertrand. Najwy\u017cszej jako\u015bci okna i drzwi. Certyfikowany producent od 1969 roku.","description":"Softline-Fenster \u2013 Langlebigkeit und W\u00e4rmed\u00e4mmung durch Leimholz, Dichtungen und 68\/78 XL mm-Profile. M\u00f6glichkeit der Personalisierung: Unterteilungen, B\u00f6gen, Buntglas.","robots":{"index":"index","follow":"follow","max-snippet":"max-snippet:-1","max-image-preview":"max-image-preview:large","max-video-preview":"max-video-preview:-1"},"canonical":"https:\/\/bertrand.pl\/de\/produkt\/softline\/","og_locale":"de_DE","og_type":"article","og_title":"SOFTLINE","og_description":"Okna Softline \u2013 trwa\u0142o\u015b\u0107 i termoizolacja dzi\u0119ki kant\u00f3wce klejonej, uszczelkom i profilom 68\/78 XL mm. Mo\u017cliwo\u015b\u0107 personalizacji: dzielenia, \u0142uki, witra\u017ce.","og_url":"https:\/\/bertrand.pl\/de\/produkt\/softline\/","og_site_name":"Bertrand. Najwy\u017cszej jako\u015bci okna i drzwi. Certyfikowany producent od 1969 roku.","article_publisher":"https:\/\/www.facebook.com\/bertrandpolska\/","article_modified_time":"2025-03-06T14:29:36+00:00","og_image":[{"width":300,"height":300,"url":"https:\/\/bertrand.pl\/wp-content\/uploads\/2023\/12\/20130709_bb_0234_drewno_softline_prestige_xl_biale_tlo_a_300px.jpg","type":"image\/jpeg"}],"twitter_card":"summary_large_image","twitter_misc":{"Gesch\u00e4tzte Lesezeit":"3\u00a0Minuten"},"schema":{"@context":"https:\/\/schema.org","@graph":[{"@type":"WebPage","@id":"https:\/\/bertrand.pl\/produkt\/softline\/","url":"https:\/\/bertrand.pl\/produkt\/softline\/","name":"SOFTLINE - Bertrand. Najwy\u017cszej jako\u015bci okna i drzwi. Certyfikowany producent od 1969 roku.","isPartOf":{"@id":"https:\/\/bertrand.pl\/#website"},"primaryImageOfPage":{"@id":"https:\/\/bertrand.pl\/produkt\/softline\/#primaryimage"},"image":{"@id":"https:\/\/bertrand.pl\/produkt\/softline\/#primaryimage"},"thumbnailUrl":"https:\/\/bertrand.pl\/wp-content\/uploads\/2023\/12\/20130709_bb_0234_drewno_softline_prestige_xl_biale_tlo_a_300px.jpg","datePublished":"2023-12-12T12:24:05+00:00","dateModified":"2025-03-06T14:29:36+00:00","description":"Softline-Fenster \u2013 Langlebigkeit und W\u00e4rmed\u00e4mmung durch Leimholz, Dichtungen und 68\/78 XL mm-Profile. M\u00f6glichkeit der Personalisierung: Unterteilungen, B\u00f6gen, Buntglas.","breadcrumb":{"@id":"https:\/\/bertrand.pl\/produkt\/softline\/#breadcrumb"},"inLanguage":"de","potentialAction":[{"@type":"ReadAction","target":["https:\/\/bertrand.pl\/produkt\/softline\/"]}]},{"@type":"ImageObject","inLanguage":"de","@id":"https:\/\/bertrand.pl\/produkt\/softline\/#primaryimage","url":"https:\/\/bertrand.pl\/wp-content\/uploads\/2023\/12\/20130709_bb_0234_drewno_softline_prestige_xl_biale_tlo_a_300px.jpg","contentUrl":"https:\/\/bertrand.pl\/wp-content\/uploads\/2023\/12\/20130709_bb_0234_drewno_softline_prestige_xl_biale_tlo_a_300px.jpg","width":300,"height":300},{"@type":"BreadcrumbList","@id":"https:\/\/bertrand.pl\/produkt\/softline\/#breadcrumb","itemListElement":[{"@type":"ListItem","position":1,"name":"Strona g\u0142\u00f3wna","item":"https:\/\/bertrand.pl\/"},{"@type":"ListItem","position":2,"name":"Produits","item":"https:\/\/bertrand.pl\/fr\/shop\/"},{"@type":"ListItem","position":3,"name":"SOFTLINE"}]},{"@type":"WebSite","@id":"https:\/\/bertrand.pl\/#website","url":"https:\/\/bertrand.pl\/","name":"Bertrand.pl","description":"Firma Bertrand to certyfikowany i uznany producent najwy\u017cszej jako\u015bci okien z PVC, z drewna lub aluminium. Produkcja drzwi, rolet i bram gara\u017cowych.","publisher":{"@id":"https:\/\/bertrand.pl\/#organization"},"potentialAction":[{"@type":"SearchAction","target":{"@type":"EntryPoint","urlTemplate":"https:\/\/bertrand.pl\/?s={search_term_string}"},"query-input":{"@type":"PropertyValueSpecification","valueRequired":true,"valueName":"search_term_string"}}],"inLanguage":"de"},{"@type":"Organization","@id":"https:\/\/bertrand.pl\/#organization","name":"Bertrand.pl","url":"https:\/\/bertrand.pl\/","logo":{"@type":"ImageObject","inLanguage":"de","@id":"https:\/\/bertrand.pl\/#\/schema\/logo\/image\/","url":"https:\/\/bertrand.pl\/wp-content\/uploads\/2024\/12\/logo_BB_TM_PL_black.png","contentUrl":"https:\/\/bertrand.pl\/wp-content\/uploads\/2024\/12\/logo_BB_TM_PL_black.png","width":1831,"height":1831,"caption":"Bertrand.pl"},"image":{"@id":"https:\/\/bertrand.pl\/#\/schema\/logo\/image\/"},"sameAs":["https:\/\/www.facebook.com\/bertrandpolska\/","https:\/\/www.instagram.com\/bertrand_okna_i_drzwi\/","https:\/\/www.linkedin.com\/company\/bertrand\/","https:\/\/www.tiktok.com\/@bertrand_okna_drzwi"]}]}},"_links":{"self":[{"href":"https:\/\/bertrand.pl\/de\/wp-json\/wp\/v2\/product\/836","targetHints":{"allow":["GET"]}}],"collection":[{"href":"https:\/\/bertrand.pl\/de\/wp-json\/wp\/v2\/product"}],"about":[{"href":"https:\/\/bertrand.pl\/de\/wp-json\/wp\/v2\/types\/product"}],"wp:featuredmedia":[{"embeddable":true,"href":"https:\/\/bertrand.pl\/de\/wp-json\/wp\/v2\/media\/849"}],"wp:attachment":[{"href":"https:\/\/bertrand.pl\/de\/wp-json\/wp\/v2\/media?parent=836"}],"wp:term":[{"taxonomy":"product_brand","embeddable":true,"href":"https:\/\/bertrand.pl\/de\/wp-json\/wp\/v2\/product_brand?post=836"},{"taxonomy":"product_cat","embeddable":true,"href":"https:\/\/bertrand.pl\/de\/wp-json\/wp\/v2\/product_cat?post=836"},{"taxonomy":"product_tag","embeddable":true,"href":"https:\/\/bertrand.pl\/de\/wp-json\/wp\/v2\/product_tag?post=836"}],"curies":[{"name":"wp","href":"https:\/\/api.w.org\/{rel}","templated":true}]}}