{"id":852,"date":"2024-08-23T09:27:18","date_gmt":"2024-08-23T07:27:18","guid":{"rendered":"https:\/\/bertrand.pl\/?post_type=product&#038;p=852"},"modified":"2025-07-10T14:06:24","modified_gmt":"2025-07-10T12:06:24","slug":"synergic","status":"publish","type":"product","link":"https:\/\/bertrand.pl\/de\/produkt\/synergic\/","title":{"rendered":"Synergic"},"content":{"rendered":"<h4>Synergic \u2013 eine bahnbrechende L\u00f6sung in der Fensterbranche<\/h4>\n<p>&nbsp;<\/p>\n<p><strong>Synergic System<\/strong> sind innovative Fenster, die die nat\u00fcrliche \u00c4sthetik von Holz mit der au\u00dfergew\u00f6hnlichen Haltbarkeit von Aluminium verbinden. Dank der extrem schmalen Rahmen mit einer Breite von nur 90 mm ist es m\u00f6glich, eine maximale Verglasungsfl\u00e4che zu erhalten, was zu besser beleuchteten und ger\u00e4umigeren Innenr\u00e4umen f\u00fchrt. Dar\u00fcber hinaus sorgt das minimalistische Design daf\u00fcr, dass von au\u00dfen nur die Glasscheibe sichtbar ist, was perfekt den Trends der zeitgen\u00f6ssischen Architektur entspricht.<\/p>\n<p>Ein weiterer Vorteil des Systems ist ein schmaler beweglicher Pfosten mit einer Breite von nur 97 mm. Dadurch wird die Verglasungsfl\u00e4che deutlich vergr\u00f6\u00dfert und das sichtbare Profil ist 35% kleiner als bei herk\u00f6mmlichen Fensterl\u00f6sungen. Dadurch wird der Innenraum noch besser ausgeleuchtet, was den Nutzungskomfort deutlich verbessert.<\/p>\n<p>&nbsp;<\/p>\n<h4>Fortschrittliche Technologien im Synergic-System<\/h4>\n<p>&nbsp;<\/p>\n<p>Das Synergic-System ist mit versteckten Scharnieren ausgestattet <strong>Maco Multi Power<\/strong>, die au\u00dfergew\u00f6hnliche Haltbarkeit und Bedienkomfort bieten. Ihr Einsatz erm\u00f6glicht eine Belastung des Fl\u00fcgels bis zu 150 kg, was den Einbau gr\u00f6\u00dferer und schwererer Verglasungen erm\u00f6glicht. Dar\u00fcber hinaus verbessern diese Scharniere die thermischen und akustischen Eigenschaften von Fenstern und sorgen gleichzeitig f\u00fcr ein modernes Aussehen und eine gesteigerte \u00c4sthetik.<\/p>\n<p>&nbsp;<\/p>\n<h4>Au\u00dfergew\u00f6hnlicher Schutz durch AQUATOP-Lacke<\/h4>\n<p>&nbsp;<\/p>\n<p>Synergic-Fenster von Bertrand zeichnen sich durch die Verwendung modernster Lacke aus <strong>AQUATOP<\/strong>die das Holz wirksam vor Feuchtigkeit, Regen und anderen \u00e4u\u00dferen Einfl\u00fcssen sch\u00fctzen. Diese Lacke verhindern F\u00e4ulnis und Schimmel und sorgen so f\u00fcr langanhaltenden Schutz und ein makelloses Finish. Dank innovativer Kaltpigmente eignen sich die Fenster sowohl f\u00fcr Regionen mit strengen Wintern als auch f\u00fcr hei\u00dfe Klimazonen, in denen intensive Sonneneinstrahlung Sch\u00e4den verursachen k\u00f6nnte.<\/p>\n<p>Der Bertrand-Fensterproduktionsprozess kombiniert fortschrittliche Technologien mit manueller Pr\u00e4zision. Automatisiertes Schleifen und manuelle Bearbeitung schwer zug\u00e4nglicher Stellen garantieren eine makellose \u00c4sthetik und au\u00dfergew\u00f6hnliche Haltbarkeit der Produkte. Dar\u00fcber hinaus macht die au\u00dfergew\u00f6hnliche Widerstandsf\u00e4higkeit gegen\u00fcber schwierigen Wetterbedingungen Synergic-Fenster \u00fcber Jahre hinweg zu einer zuverl\u00e4ssigen Wahl.<\/p>\n<p>&nbsp;<\/p>\n<p>Fenster <strong>Synergic<\/strong> Bertrand ist eine Kombination aus modernen Technologien mit der nat\u00fcrlichen Sch\u00f6nheit von Holz und der Haltbarkeit von Aluminium. Was noch? Minimalistisches Design, fortschrittliche Scharniere und innovative AQUATOP-Lacke. Sie machen dieses System zur idealen Wahl f\u00fcr Menschen, die langlebige, \u00e4sthetische und funktionale Fenster suchen.<\/p>\n<p>&nbsp;<\/p>\n<h4><strong>SEHEN SIE AUCH:<\/strong><\/h4>\n<p>&nbsp;<\/p>\n<h4><strong><a href=\"https:\/\/www.youtube.com\/watch?v=iA2PJiINUcU\">Synergic \u2013 Modernes Holz-Aluminium-System mit verstecktem Fl\u00fcgel<\/a><\/strong><\/h4>\n<h4><strong><a href=\"https:\/\/bertrand.pl\/de\/farbe\/\"><strong>Farben von Fenstern und T\u00fcren<\/strong><\/a><\/strong><\/h4>","protected":false},"excerpt":{"rendered":"<p><strong>Ein modernes Holz-Aluminium-System mit verdecktem Fl\u00fcgel.<\/strong><\/p>\n<p>Modern oder traditionell? Leicht oder massiv? Langlebig oder edel?<br \/>\nFenster\u00a0<strong>Synergic<\/strong>\u00a0Marken<strong>\u00a0Bertrand<\/strong>\u00a0Es ist eine kompromisslose L\u00f6sung. Ein handpoliertes Fensterprofil aus Holz verleiht Ihrem Zuhause eine gem\u00fctliche, warme Atmosph\u00e4re. Langlebiges, regen- und UV-best\u00e4ndiges Aluminium sorgt f\u00fcr Langlebigkeit und Sicherheit Ihrer Fenster.<br \/>\nWenn sich Gegens\u00e4tze anziehen, entsteht die ideale L\u00f6sung: ein schmales, elegantes Holz-Aluminium-Profil mit verdeckter Blende, ma\u00dfgeschneidert auf Ihre Bed\u00fcrfnisse.<\/p>","protected":false},"featured_media":854,"template":"","meta":{"site-sidebar-layout":"default","site-content-layout":"","ast-site-content-layout":"default","site-content-style":"default","site-sidebar-style":"default","ast-global-header-display":"","ast-banner-title-visibility":"","ast-main-header-display":"","ast-hfb-above-header-display":"","ast-hfb-below-header-display":"","ast-hfb-mobile-header-display":"","site-post-title":"","ast-breadcrumbs-content":"","ast-featured-img":"","footer-sml-layout":"","ast-disable-related-posts":"","theme-transparent-header-meta":"default","adv-header-id-meta":"","stick-header-meta":"","header-above-stick-meta":"","header-main-stick-meta":"","header-below-stick-meta":"","astra-migrate-meta-layouts":"set","ast-page-background-enabled":"default","ast-page-background-meta":{"desktop":{"background-color":"var(--ast-global-color-4)","background-image":"","background-repeat":"repeat","background-position":"center center","background-size":"auto","background-attachment":"scroll","background-type":"","background-media":"","overlay-type":"","overlay-color":"","overlay-opacity":"","overlay-gradient":""},"tablet":{"background-color":"","background-image":"","background-repeat":"repeat","background-position":"center center","background-size":"auto","background-attachment":"scroll","background-type":"","background-media":"","overlay-type":"","overlay-color":"","overlay-opacity":"","overlay-gradient":""},"mobile":{"background-color":"","background-image":"","background-repeat":"repeat","background-position":"center center","background-size":"auto","background-attachment":"scroll","background-type":"","background-media":"","overlay-type":"","overlay-color":"","overlay-opacity":"","overlay-gradient":""}},"ast-content-background-meta":{"desktop":{"background-color":"var(--ast-global-color-5)","background-image":"","background-repeat":"repeat","background-position":"center center","background-size":"auto","background-attachment":"scroll","background-type":"","background-media":"","overlay-type":"","overlay-color":"","overlay-opacity":"","overlay-gradient":""},"tablet":{"background-color":"var(--ast-global-color-5)","background-image":"","background-repeat":"repeat","background-position":"center center","background-size":"auto","background-attachment":"scroll","background-type":"","background-media":"","overlay-type":"","overlay-color":"","overlay-opacity":"","overlay-gradient":""},"mobile":{"background-color":"var(--ast-global-color-5)","background-image":"","background-repeat":"repeat","background-position":"center center","background-size":"auto","background-attachment":"scroll","background-type":"","background-media":"","overlay-type":"","overlay-color":"","overlay-opacity":"","overlay-gradient":""}}},"product_brand":[],"product_cat":[27],"product_tag":[193,168,311,352,354,1418,195,1219,1255,1420,646,649,1421,812,355,1417,323,350,315,324,351,169,1423,356,1244,1419,1367,1422],"class_list":{"0":"post-852","1":"product","2":"type-product","3":"status-publish","4":"has-post-thumbnail","6":"product_cat-okna-drewniano-aluminiowe","7":"product_tag-aluminium","8":"product_tag-bertrand","9":"product_tag-dobre-wlasciwosci-termiczne","10":"product_tag-dobreokna","11":"product_tag-drewno","12":"product_tag-drewno-i-aluminium","13":"product_tag-drzwi-aluminiowe","14":"product_tag-energooszczedne-okna","15":"product_tag-estetyczne-okna","16":"product_tag-lakier-aquatop","17":"product_tag-minimalistyczny-design","18":"product_tag-nowoczesna-architektura","19":"product_tag-ochrona-przed-wilgocia","20":"product_tag-odpornosc-na-warunki-atmosferyczne","21":"product_tag-okna-drewniano-aluminiowe","22":"product_tag-okna-synergic","23":"product_tag-okna-z-polski","24":"product_tag-oknabertrand","25":"product_tag-okno-aluminiowe","26":"product_tag-okno-dla-domu","27":"product_tag-oknobertrand","28":"product_tag-produkt","29":"product_tag-przeszklone-powierzchnie","30":"product_tag-synergic","31":"product_tag-trwale-okna","32":"product_tag-ukryte-zawiasy-maco-multi-power","33":"product_tag-waskie-ramy","34":"product_tag-zimne-pigmenty","35":"desktop-align-left","36":"tablet-align-left","37":"mobile-align-left","39":"first","40":"instock","41":"shipping-taxable","42":"product-type-simple"},"yoast_head":"<!-- This site is optimized with the Yoast SEO Premium plugin v27.2 (Yoast SEO v27.2) - https:\/\/yoast.com\/product\/yoast-seo-premium-wordpress\/ -->\n<title>Synergic \u2013 okna drewniano\u2011aluminiowe z ukrytym skrzyd\u0142em<\/title>\n<meta name=\"description\" content=\"Synergic to po\u0142\u0105czenie nowoczesnego designu, trwa\u0142o\u015bci i funkcjonalno\u015bci. Idealnym wyb\u00f3r dla os\u00f3b ceni\u0105cych jako\u015b\u0107 i estetyk\u0119 w ka\u017cdym detalu.\" \/>\n<meta name=\"robots\" content=\"index, follow, max-snippet:-1, max-image-preview:large, max-video-preview:-1\" \/>\n<link rel=\"canonical\" href=\"https:\/\/bertrand.pl\/de\/produkt\/synergic\/\" \/>\n<meta property=\"og:locale\" content=\"de_DE\" \/>\n<meta property=\"og:type\" content=\"article\" \/>\n<meta property=\"og:title\" content=\"Synergic\" \/>\n<meta property=\"og:description\" content=\"Synergic to po\u0142\u0105czenie nowoczesnego designu, trwa\u0142o\u015bci i funkcjonalno\u015bci. Idealnym wyb\u00f3r dla os\u00f3b ceni\u0105cych jako\u015b\u0107 i estetyk\u0119 w ka\u017cdym detalu.\" \/>\n<meta property=\"og:url\" content=\"https:\/\/bertrand.pl\/de\/produkt\/synergic\/\" \/>\n<meta property=\"og:site_name\" content=\"Bertrand. Najwy\u017cszej jako\u015bci okna i drzwi. Certyfikowany producent od 1969 roku.\" \/>\n<meta property=\"article:publisher\" content=\"https:\/\/www.facebook.com\/bertrandpolska\/\" \/>\n<meta property=\"article:modified_time\" content=\"2025-07-10T12:06:24+00:00\" \/>\n<meta property=\"og:image\" content=\"https:\/\/bertrand.pl\/wp-content\/uploads\/2023\/12\/naroznik_synergic_1a.jpg\" \/>\n\t<meta property=\"og:image:width\" content=\"555\" \/>\n\t<meta property=\"og:image:height\" content=\"555\" \/>\n\t<meta property=\"og:image:type\" content=\"image\/jpeg\" \/>\n<meta name=\"twitter:card\" content=\"summary_large_image\" \/>\n<meta name=\"twitter:label1\" content=\"Gesch\u00e4tzte Lesezeit\" \/>\n\t<meta name=\"twitter:data1\" content=\"3\u00a0Minuten\" \/>\n<script type=\"application\/ld+json\" class=\"yoast-schema-graph\">{\"@context\":\"https:\/\/schema.org\",\"@graph\":[{\"@type\":\"WebPage\",\"@id\":\"https:\/\/bertrand.pl\/produkt\/synergic\/\",\"url\":\"https:\/\/bertrand.pl\/produkt\/synergic\/\",\"name\":\"Synergic \u2013 okna drewniano\u2011aluminiowe z ukrytym skrzyd\u0142em\",\"isPartOf\":{\"@id\":\"https:\/\/bertrand.pl\/#website\"},\"primaryImageOfPage\":{\"@id\":\"https:\/\/bertrand.pl\/produkt\/synergic\/#primaryimage\"},\"image\":{\"@id\":\"https:\/\/bertrand.pl\/produkt\/synergic\/#primaryimage\"},\"thumbnailUrl\":\"https:\/\/bertrand.pl\/wp-content\/uploads\/2023\/12\/naroznik_synergic_1a.jpg\",\"datePublished\":\"2024-08-23T07:27:18+00:00\",\"dateModified\":\"2025-07-10T12:06:24+00:00\",\"description\":\"Synergic to po\u0142\u0105czenie nowoczesnego designu, trwa\u0142o\u015bci i funkcjonalno\u015bci. Idealnym wyb\u00f3r dla os\u00f3b ceni\u0105cych jako\u015b\u0107 i estetyk\u0119 w ka\u017cdym detalu.\",\"breadcrumb\":{\"@id\":\"https:\/\/bertrand.pl\/produkt\/synergic\/#breadcrumb\"},\"inLanguage\":\"de\",\"potentialAction\":[{\"@type\":\"ReadAction\",\"target\":[\"https:\/\/bertrand.pl\/produkt\/synergic\/\"]}]},{\"@type\":\"ImageObject\",\"inLanguage\":\"de\",\"@id\":\"https:\/\/bertrand.pl\/produkt\/synergic\/#primaryimage\",\"url\":\"https:\/\/bertrand.pl\/wp-content\/uploads\/2023\/12\/naroznik_synergic_1a.jpg\",\"contentUrl\":\"https:\/\/bertrand.pl\/wp-content\/uploads\/2023\/12\/naroznik_synergic_1a.jpg\",\"width\":555,\"height\":555,\"caption\":\"Synergic to po\u0142\u0105czenie elegancji drewna z trwa\u0142o\u015bci\u0105 aluminium.\"},{\"@type\":\"BreadcrumbList\",\"@id\":\"https:\/\/bertrand.pl\/produkt\/synergic\/#breadcrumb\",\"itemListElement\":[{\"@type\":\"ListItem\",\"position\":1,\"name\":\"Strona g\u0142\u00f3wna\",\"item\":\"https:\/\/bertrand.pl\/\"},{\"@type\":\"ListItem\",\"position\":2,\"name\":\"Produits\",\"item\":\"https:\/\/bertrand.pl\/fr\/shop\/\"},{\"@type\":\"ListItem\",\"position\":3,\"name\":\"Synergic\"}]},{\"@type\":\"WebSite\",\"@id\":\"https:\/\/bertrand.pl\/#website\",\"url\":\"https:\/\/bertrand.pl\/\",\"name\":\"Bertrand.pl\",\"description\":\"Firma Bertrand to certyfikowany i uznany producent najwy\u017cszej jako\u015bci okien z PVC, z drewna lub aluminium. Produkcja drzwi, rolet i bram gara\u017cowych.\",\"publisher\":{\"@id\":\"https:\/\/bertrand.pl\/#organization\"},\"potentialAction\":[{\"@type\":\"SearchAction\",\"target\":{\"@type\":\"EntryPoint\",\"urlTemplate\":\"https:\/\/bertrand.pl\/?s={search_term_string}\"},\"query-input\":{\"@type\":\"PropertyValueSpecification\",\"valueRequired\":true,\"valueName\":\"search_term_string\"}}],\"inLanguage\":\"de\"},{\"@type\":\"Organization\",\"@id\":\"https:\/\/bertrand.pl\/#organization\",\"name\":\"Bertrand.pl\",\"url\":\"https:\/\/bertrand.pl\/\",\"logo\":{\"@type\":\"ImageObject\",\"inLanguage\":\"de\",\"@id\":\"https:\/\/bertrand.pl\/#\/schema\/logo\/image\/\",\"url\":\"https:\/\/bertrand.pl\/wp-content\/uploads\/2024\/12\/logo_BB_TM_PL_black.png\",\"contentUrl\":\"https:\/\/bertrand.pl\/wp-content\/uploads\/2024\/12\/logo_BB_TM_PL_black.png\",\"width\":1831,\"height\":1831,\"caption\":\"Bertrand.pl\"},\"image\":{\"@id\":\"https:\/\/bertrand.pl\/#\/schema\/logo\/image\/\"},\"sameAs\":[\"https:\/\/www.facebook.com\/bertrandpolska\/\",\"https:\/\/www.instagram.com\/bertrand_okna_i_drzwi\/\",\"https:\/\/www.linkedin.com\/company\/bertrand\/\",\"https:\/\/www.tiktok.com\/@bertrand_okna_drzwi\"]}]}<\/script>\n<!-- \/ Yoast SEO Premium plugin. -->","yoast_head_json":{"title":"Synergic \u2013 okna drewniano\u2011aluminiowe z ukrytym skrzyd\u0142em","description":"Synergic ist eine Kombination aus modernem Design, Langlebigkeit und Funktionalit\u00e4t. Eine ideale Wahl f\u00fcr Menschen, die Wert auf Qualit\u00e4t und \u00c4sthetik in jedem Detail legen.","robots":{"index":"index","follow":"follow","max-snippet":"max-snippet:-1","max-image-preview":"max-image-preview:large","max-video-preview":"max-video-preview:-1"},"canonical":"https:\/\/bertrand.pl\/de\/produkt\/synergic\/","og_locale":"de_DE","og_type":"article","og_title":"Synergic","og_description":"Synergic to po\u0142\u0105czenie nowoczesnego designu, trwa\u0142o\u015bci i funkcjonalno\u015bci. Idealnym wyb\u00f3r dla os\u00f3b ceni\u0105cych jako\u015b\u0107 i estetyk\u0119 w ka\u017cdym detalu.","og_url":"https:\/\/bertrand.pl\/de\/produkt\/synergic\/","og_site_name":"Bertrand. Najwy\u017cszej jako\u015bci okna i drzwi. Certyfikowany producent od 1969 roku.","article_publisher":"https:\/\/www.facebook.com\/bertrandpolska\/","article_modified_time":"2025-07-10T12:06:24+00:00","og_image":[{"width":555,"height":555,"url":"https:\/\/bertrand.pl\/wp-content\/uploads\/2023\/12\/naroznik_synergic_1a.jpg","type":"image\/jpeg"}],"twitter_card":"summary_large_image","twitter_misc":{"Gesch\u00e4tzte Lesezeit":"3\u00a0Minuten"},"schema":{"@context":"https:\/\/schema.org","@graph":[{"@type":"WebPage","@id":"https:\/\/bertrand.pl\/produkt\/synergic\/","url":"https:\/\/bertrand.pl\/produkt\/synergic\/","name":"Synergic \u2013 okna drewniano\u2011aluminiowe z ukrytym skrzyd\u0142em","isPartOf":{"@id":"https:\/\/bertrand.pl\/#website"},"primaryImageOfPage":{"@id":"https:\/\/bertrand.pl\/produkt\/synergic\/#primaryimage"},"image":{"@id":"https:\/\/bertrand.pl\/produkt\/synergic\/#primaryimage"},"thumbnailUrl":"https:\/\/bertrand.pl\/wp-content\/uploads\/2023\/12\/naroznik_synergic_1a.jpg","datePublished":"2024-08-23T07:27:18+00:00","dateModified":"2025-07-10T12:06:24+00:00","description":"Synergic ist eine Kombination aus modernem Design, Langlebigkeit und Funktionalit\u00e4t. Eine ideale Wahl f\u00fcr Menschen, die Wert auf Qualit\u00e4t und \u00c4sthetik in jedem Detail legen.","breadcrumb":{"@id":"https:\/\/bertrand.pl\/produkt\/synergic\/#breadcrumb"},"inLanguage":"de","potentialAction":[{"@type":"ReadAction","target":["https:\/\/bertrand.pl\/produkt\/synergic\/"]}]},{"@type":"ImageObject","inLanguage":"de","@id":"https:\/\/bertrand.pl\/produkt\/synergic\/#primaryimage","url":"https:\/\/bertrand.pl\/wp-content\/uploads\/2023\/12\/naroznik_synergic_1a.jpg","contentUrl":"https:\/\/bertrand.pl\/wp-content\/uploads\/2023\/12\/naroznik_synergic_1a.jpg","width":555,"height":555,"caption":"Synergic to po\u0142\u0105czenie elegancji drewna z trwa\u0142o\u015bci\u0105 aluminium."},{"@type":"BreadcrumbList","@id":"https:\/\/bertrand.pl\/produkt\/synergic\/#breadcrumb","itemListElement":[{"@type":"ListItem","position":1,"name":"Strona g\u0142\u00f3wna","item":"https:\/\/bertrand.pl\/"},{"@type":"ListItem","position":2,"name":"Produits","item":"https:\/\/bertrand.pl\/fr\/shop\/"},{"@type":"ListItem","position":3,"name":"Synergic"}]},{"@type":"WebSite","@id":"https:\/\/bertrand.pl\/#website","url":"https:\/\/bertrand.pl\/","name":"Bertrand.pl","description":"Firma Bertrand to certyfikowany i uznany producent najwy\u017cszej jako\u015bci okien z PVC, z drewna lub aluminium. Produkcja drzwi, rolet i bram gara\u017cowych.","publisher":{"@id":"https:\/\/bertrand.pl\/#organization"},"potentialAction":[{"@type":"SearchAction","target":{"@type":"EntryPoint","urlTemplate":"https:\/\/bertrand.pl\/?s={search_term_string}"},"query-input":{"@type":"PropertyValueSpecification","valueRequired":true,"valueName":"search_term_string"}}],"inLanguage":"de"},{"@type":"Organization","@id":"https:\/\/bertrand.pl\/#organization","name":"Bertrand.pl","url":"https:\/\/bertrand.pl\/","logo":{"@type":"ImageObject","inLanguage":"de","@id":"https:\/\/bertrand.pl\/#\/schema\/logo\/image\/","url":"https:\/\/bertrand.pl\/wp-content\/uploads\/2024\/12\/logo_BB_TM_PL_black.png","contentUrl":"https:\/\/bertrand.pl\/wp-content\/uploads\/2024\/12\/logo_BB_TM_PL_black.png","width":1831,"height":1831,"caption":"Bertrand.pl"},"image":{"@id":"https:\/\/bertrand.pl\/#\/schema\/logo\/image\/"},"sameAs":["https:\/\/www.facebook.com\/bertrandpolska\/","https:\/\/www.instagram.com\/bertrand_okna_i_drzwi\/","https:\/\/www.linkedin.com\/company\/bertrand\/","https:\/\/www.tiktok.com\/@bertrand_okna_drzwi"]}]}},"_links":{"self":[{"href":"https:\/\/bertrand.pl\/de\/wp-json\/wp\/v2\/product\/852","targetHints":{"allow":["GET"]}}],"collection":[{"href":"https:\/\/bertrand.pl\/de\/wp-json\/wp\/v2\/product"}],"about":[{"href":"https:\/\/bertrand.pl\/de\/wp-json\/wp\/v2\/types\/product"}],"wp:featuredmedia":[{"embeddable":true,"href":"https:\/\/bertrand.pl\/de\/wp-json\/wp\/v2\/media\/854"}],"wp:attachment":[{"href":"https:\/\/bertrand.pl\/de\/wp-json\/wp\/v2\/media?parent=852"}],"wp:term":[{"taxonomy":"product_brand","embeddable":true,"href":"https:\/\/bertrand.pl\/de\/wp-json\/wp\/v2\/product_brand?post=852"},{"taxonomy":"product_cat","embeddable":true,"href":"https:\/\/bertrand.pl\/de\/wp-json\/wp\/v2\/product_cat?post=852"},{"taxonomy":"product_tag","embeddable":true,"href":"https:\/\/bertrand.pl\/de\/wp-json\/wp\/v2\/product_tag?post=852"}],"curies":[{"name":"wp","href":"https:\/\/api.w.org\/{rel}","templated":true}]}}