{"id":886,"date":"2023-12-12T14:07:20","date_gmt":"2023-12-12T13:07:20","guid":{"rendered":"https:\/\/bertrand.pl\/?post_type=product&#038;p=886"},"modified":"2025-08-06T12:24:56","modified_gmt":"2025-08-06T10:24:56","slug":"mb-ferroline","status":"publish","type":"product","link":"https:\/\/bertrand.pl\/de\/produkt\/mb-ferroline\/","title":{"rendered":"MB FERROLINE"},"content":{"rendered":"<p>Das MB FERROLINE-System ist vor allem eine vielseitige L\u00f6sung, die den Bau verschiedener Fenstertypen erm\u00f6glicht. Dank fortschrittlicher Technologie und Designflexibilit\u00e4t wird MB FERROLINE sowohl in historischen Geb\u00e4uden als auch in modernen Projekten eingesetzt.<\/p>\n<p>&nbsp;<\/p>\n<h4>Verschiedene Fenstertypen<\/h4>\n<p>&nbsp;<\/p>\n<p>Das System erm\u00f6glicht die Produktion von:<\/p>\n<ul>\n<li><strong>Nach innen \u00f6ffnende Fenster<\/strong>: Turn-and-Turn, Tilt-and-Turn und Tilt-and-Turn.<\/li>\n<li><strong>Nach au\u00dfen \u00f6ffnende Fenster<\/strong>: aufklappbar und neigbar.<\/li>\n<li><strong>Feste Fenster<\/strong>, die eine ideale L\u00f6sung f\u00fcr R\u00e4ume sind, die maximale Dichtheit erfordern.<\/li>\n<\/ul>\n<p>Alle in diesem System hergestellten Konstruktionen zeichnen sich durch eine hervorragende W\u00e4rme- und Schalld\u00e4mmung sowie Wasser- und Luftdichtheit aus. Daher gew\u00e4hrleistet eine hohe Haltbarkeit einen zuverl\u00e4ssigen Einsatz \u00fcber viele Jahre.<\/p>\n<p>&nbsp;<\/p>\n<h4>Die perfekte L\u00f6sung f\u00fcr die Renovierung<\/h4>\n<p>&nbsp;<\/p>\n<p>Das System bietet eine einzigartige M\u00f6glichkeit, neue Fenster einzubauen, ohne die alten Rahmen demontieren zu m\u00fcssen. Dank der Verwendung von Renovierungsrahmen ist der Installationsprozess schnell und bequem und minimiert das Risiko einer Besch\u00e4digung der Wand um die Fenster herum. Daher ist es besonders wichtig bei der Sanierung historischer Geb\u00e4ude, bei denen es auf \u00c4sthetik und den Erhalt des urspr\u00fcnglichen Charakters ankommt.<\/p>\n<h4>Passend zum Stil des Geb\u00e4udes<\/h4>\n<p>&nbsp;<\/p>\n<p>Das System bietet eine gro\u00dfe Auswahl an Aluminiumprofilen in verschiedenen Formen, wodurch Sie das Erscheinungsbild der Fenster perfekt an den Charakter des Geb\u00e4udes anpassen k\u00f6nnen. Dadurch harmonieren die neuen Fenster sowohl bei historischen als auch bei modernen Geb\u00e4uden harmonisch mit der bestehenden Architektur.<\/p>\n<p>&nbsp;<\/p>\n<h4>Warum lohnt es sich, MB FERROLINE zu w\u00e4hlen?<\/h4>\n<p>&nbsp;<\/p>\n<ul>\n<li><strong>Vielseitigkeit<\/strong>: verschiedene Fenstertypen, abgestimmt auf individuelle Bed\u00fcrfnisse.<\/li>\n<li><strong>Einfache Renovierung<\/strong>: Renovierungsrahmen, die den Ausbau alter Fenster \u00fcberfl\u00fcssig machen.<\/li>\n<li><strong>\u00c4sthetik<\/strong>: Feine Unterschiede zwischen alten und neuen Fenstern durch die entsprechende Breite der Profile.<\/li>\n<li><strong>Haltbarkeit und Funktionalit\u00e4t<\/strong>: Dichtheit, W\u00e4rme- und Schalld\u00e4mmung sowie Witterungsbest\u00e4ndigkeit.<\/li>\n<\/ul>\n<p>&nbsp;<\/p>\n<h4>MB FERROLINE \u2013 Fenster, die Tradition und Moderne verbinden<\/h4>\n<p>&nbsp;<\/p>\n<p>Mit der Wahl von MB FERROLINE investieren Sie in ein System, das moderne Technologien mit \u00c4sthetik und Funktionalit\u00e4t verbindet und dabei h\u00f6chste Anspr\u00fcche an Isolierung und Langlebigkeit erf\u00fcllt.<\/p>\n<p>&nbsp;<\/p>\n<p><img fetchpriority=\"high\" decoding=\"async\" class=\"alignnone wp-image-892 size-full\" src=\"https:\/\/bertrand.pl\/wp-content\/uploads\/2023\/12\/mb_ferroline_photo1.jpg\" alt=\"\" width=\"649\" height=\"500\" srcset=\"https:\/\/bertrand.pl\/wp-content\/uploads\/2023\/12\/mb_ferroline_photo1.jpg 649w, https:\/\/bertrand.pl\/wp-content\/uploads\/2023\/12\/mb_ferroline_photo1-420x324.jpg 420w, https:\/\/bertrand.pl\/wp-content\/uploads\/2023\/12\/mb_ferroline_photo1-600x462.jpg 600w\" sizes=\"(max-width: 649px) 100vw, 649px\" \/><\/p>\n<h3><\/h3>\n<h4>Funktionalit\u00e4t und \u00c4sthetik<\/h4>\n<figure id=\"attachment_895\" aria-describedby=\"caption-attachment-895\" style=\"width: 200px\" class=\"wp-caption alignnone\"><img decoding=\"async\" class=\"wp-image-895 size-full\" src=\"https:\/\/bertrand.pl\/wp-content\/uploads\/2023\/12\/przekroj1-1-1.jpg\" alt=\"\" width=\"200\" height=\"200\" srcset=\"https:\/\/bertrand.pl\/wp-content\/uploads\/2023\/12\/przekroj1-1-1.jpg 200w, https:\/\/bertrand.pl\/wp-content\/uploads\/2023\/12\/przekroj1-1-1-100x100.jpg 100w\" sizes=\"(max-width: 200px) 100vw, 200px\" \/><figcaption id=\"caption-attachment-895\" class=\"wp-caption-text\">Querschnitt durch ein Ausstellfenster mit Sanierungsrahmen<\/figcaption><\/figure>\n<figure id=\"attachment_896\" aria-describedby=\"caption-attachment-896\" style=\"width: 200px\" class=\"wp-caption alignnone\"><img decoding=\"async\" class=\"wp-image-896 size-full\" src=\"https:\/\/bertrand.pl\/wp-content\/uploads\/2023\/12\/przekroj2-1.jpg\" alt=\"\" width=\"200\" height=\"200\" srcset=\"https:\/\/bertrand.pl\/wp-content\/uploads\/2023\/12\/przekroj2-1.jpg 200w, https:\/\/bertrand.pl\/wp-content\/uploads\/2023\/12\/przekroj2-1-100x100.jpg 100w\" sizes=\"(max-width: 200px) 100vw, 200px\" \/><figcaption id=\"caption-attachment-896\" class=\"wp-caption-text\">Querschnitt durch einen Pfosten und zu \u00f6ffnende Fenster<\/figcaption><\/figure>\n<p>&nbsp;<\/p>\n<h4><strong><a href=\"https:\/\/bertrand.pl\/de\/farbe\/\">Farben von Fenstern und T\u00fcren<\/a><\/strong><\/h4>","protected":false},"excerpt":{"rendered":"<p><strong>MODERNES ALUMINIUMSYSTEM MIT SCHMALEN PROFILEN<\/strong><\/p>\n<p>Das MB-FERROLINE-Fenstersystem mit thermischer Trennung ist eine perfekte L\u00f6sung f\u00fcr die Renovierung historischer Geb\u00e4ude, wobei das entsprechende Erscheinungsbild der Fenster erhalten bleibt, das Stahlschreinereien imitieren kann und gleichzeitig sehr gute technische Parameter der Struktur gew\u00e4hrleistet.<\/p>\n<p>&nbsp;<\/p>","protected":false},"featured_media":893,"template":"","meta":{"site-sidebar-layout":"default","site-content-layout":"","ast-site-content-layout":"default","site-content-style":"default","site-sidebar-style":"default","ast-global-header-display":"","ast-banner-title-visibility":"","ast-main-header-display":"","ast-hfb-above-header-display":"","ast-hfb-below-header-display":"","ast-hfb-mobile-header-display":"","site-post-title":"","ast-breadcrumbs-content":"","ast-featured-img":"","footer-sml-layout":"","ast-disable-related-posts":"","theme-transparent-header-meta":"default","adv-header-id-meta":"","stick-header-meta":"","header-above-stick-meta":"","header-main-stick-meta":"","header-below-stick-meta":"","astra-migrate-meta-layouts":"set","ast-page-background-enabled":"default","ast-page-background-meta":{"desktop":{"background-color":"var(--ast-global-color-4)","background-image":"","background-repeat":"repeat","background-position":"center center","background-size":"auto","background-attachment":"scroll","background-type":"","background-media":"","overlay-type":"","overlay-color":"","overlay-opacity":"","overlay-gradient":""},"tablet":{"background-color":"","background-image":"","background-repeat":"repeat","background-position":"center center","background-size":"auto","background-attachment":"scroll","background-type":"","background-media":"","overlay-type":"","overlay-color":"","overlay-opacity":"","overlay-gradient":""},"mobile":{"background-color":"","background-image":"","background-repeat":"repeat","background-position":"center center","background-size":"auto","background-attachment":"scroll","background-type":"","background-media":"","overlay-type":"","overlay-color":"","overlay-opacity":"","overlay-gradient":""}},"ast-content-background-meta":{"desktop":{"background-color":"var(--ast-global-color-5)","background-image":"","background-repeat":"repeat","background-position":"center center","background-size":"auto","background-attachment":"scroll","background-type":"","background-media":"","overlay-type":"","overlay-color":"","overlay-opacity":"","overlay-gradient":""},"tablet":{"background-color":"var(--ast-global-color-5)","background-image":"","background-repeat":"repeat","background-position":"center center","background-size":"auto","background-attachment":"scroll","background-type":"","background-media":"","overlay-type":"","overlay-color":"","overlay-opacity":"","overlay-gradient":""},"mobile":{"background-color":"var(--ast-global-color-5)","background-image":"","background-repeat":"repeat","background-position":"center center","background-size":"auto","background-attachment":"scroll","background-type":"","background-media":"","overlay-type":"","overlay-color":"","overlay-opacity":"","overlay-gradient":""}}},"product_brand":[],"product_cat":[28],"product_tag":[193,349,168,360,326,367,368,432,339,311,352,414,195,344,346,456,389,405,361,366,174,194,350,315,324,351,359,169,314,362,348],"class_list":{"0":"post-886","1":"product","2":"type-product","3":"status-publish","4":"has-post-thumbnail","6":"product_cat-okna-aluminiowe","7":"product_tag-aluminium","8":"product_tag-aluprof","9":"product_tag-bertrand","10":"product_tag-bezpieczenstwo","11":"product_tag-budowa-domu","12":"product_tag-budownictwo","13":"product_tag-budownictwo-pasywne","14":"product_tag-certyfikaty","15":"product_tag-design","16":"product_tag-dobre-wlasciwosci-termiczne","17":"product_tag-dobreokna","18":"product_tag-doskonala-izolacja-termiczna","19":"product_tag-drzwi-aluminiowe","20":"product_tag-duze-okna","21":"product_tag-duze-przestrzenie","22":"product_tag-ferroline","23":"product_tag-izolacja-akustyczna","24":"product_tag-izolacja-termiczna","25":"product_tag-jakosc","26":"product_tag-komfort","27":"product_tag-okna","28":"product_tag-okna-aluminiowe","29":"product_tag-oknabertrand","30":"product_tag-okno-aluminiowe","31":"product_tag-okno-dla-domu","32":"product_tag-oknobertrand","33":"product_tag-premiumwindows","34":"product_tag-produkt","35":"product_tag-profil-okienny","36":"product_tag-quality","37":"product_tag-windows","38":"desktop-align-left","39":"tablet-align-left","40":"mobile-align-left","42":"first","43":"instock","44":"shipping-taxable","45":"product-type-simple"},"yoast_head":"<!-- This site is optimized with the Yoast SEO Premium plugin v27.2 (Yoast SEO v27.2) - https:\/\/yoast.com\/product\/yoast-seo-premium-wordpress\/ -->\n<title>MB FERROLINE - Bertrand. Najwy\u017cszej jako\u015bci okna i drzwi. Certyfikowany producent od 1969 roku.<\/title>\n<meta name=\"description\" content=\"System MB FERROLINE \u2013 idealny do renowacji i nowoczesnych projekt\u00f3w. R\u00f3\u017cnorodne typy okien, doskona\u0142a izolacja, trwa\u0142o\u015b\u0107 i \u0142atwy monta\u017c bez demonta\u017cu starych o\u015bcie\u017cnic.\" \/>\n<meta name=\"robots\" content=\"index, follow, max-snippet:-1, max-image-preview:large, max-video-preview:-1\" \/>\n<link rel=\"canonical\" href=\"https:\/\/bertrand.pl\/de\/produkt\/mb-ferroline\/\" \/>\n<meta property=\"og:locale\" content=\"de_DE\" \/>\n<meta property=\"og:type\" content=\"article\" \/>\n<meta property=\"og:title\" content=\"MB FERROLINE\" \/>\n<meta property=\"og:description\" content=\"System MB FERROLINE \u2013 idealny do renowacji i nowoczesnych projekt\u00f3w. R\u00f3\u017cnorodne typy okien, doskona\u0142a izolacja, trwa\u0142o\u015b\u0107 i \u0142atwy monta\u017c bez demonta\u017cu starych o\u015bcie\u017cnic.\" \/>\n<meta property=\"og:url\" content=\"https:\/\/bertrand.pl\/de\/produkt\/mb-ferroline\/\" \/>\n<meta property=\"og:site_name\" content=\"Bertrand. Najwy\u017cszej jako\u015bci okna i drzwi. Certyfikowany producent od 1969 roku.\" \/>\n<meta property=\"article:publisher\" content=\"https:\/\/www.facebook.com\/bertrandpolska\/\" \/>\n<meta property=\"article:modified_time\" content=\"2025-08-06T10:24:56+00:00\" \/>\n<meta property=\"og:image\" content=\"https:\/\/bertrand.pl\/wp-content\/uploads\/2023\/12\/mb_ferroline_big.webp\" \/>\n\t<meta property=\"og:image:width\" content=\"750\" \/>\n\t<meta property=\"og:image:height\" content=\"750\" \/>\n\t<meta property=\"og:image:type\" content=\"image\/webp\" \/>\n<meta name=\"twitter:card\" content=\"summary_large_image\" \/>\n<meta name=\"twitter:label1\" content=\"Gesch\u00e4tzte Lesezeit\" \/>\n\t<meta name=\"twitter:data1\" content=\"3\u00a0Minuten\" \/>\n<script type=\"application\/ld+json\" class=\"yoast-schema-graph\">{\"@context\":\"https:\/\/schema.org\",\"@graph\":[{\"@type\":\"WebPage\",\"@id\":\"https:\/\/bertrand.pl\/produkt\/mb-ferroline\/\",\"url\":\"https:\/\/bertrand.pl\/produkt\/mb-ferroline\/\",\"name\":\"MB FERROLINE - Bertrand. Najwy\u017cszej jako\u015bci okna i drzwi. Certyfikowany producent od 1969 roku.\",\"isPartOf\":{\"@id\":\"https:\/\/bertrand.pl\/#website\"},\"primaryImageOfPage\":{\"@id\":\"https:\/\/bertrand.pl\/produkt\/mb-ferroline\/#primaryimage\"},\"image\":{\"@id\":\"https:\/\/bertrand.pl\/produkt\/mb-ferroline\/#primaryimage\"},\"thumbnailUrl\":\"https:\/\/bertrand.pl\/wp-content\/uploads\/2023\/12\/mb_ferroline_big.webp\",\"datePublished\":\"2023-12-12T13:07:20+00:00\",\"dateModified\":\"2025-08-06T10:24:56+00:00\",\"description\":\"System MB FERROLINE \u2013 idealny do renowacji i nowoczesnych projekt\u00f3w. R\u00f3\u017cnorodne typy okien, doskona\u0142a izolacja, trwa\u0142o\u015b\u0107 i \u0142atwy monta\u017c bez demonta\u017cu starych o\u015bcie\u017cnic.\",\"breadcrumb\":{\"@id\":\"https:\/\/bertrand.pl\/produkt\/mb-ferroline\/#breadcrumb\"},\"inLanguage\":\"de\",\"potentialAction\":[{\"@type\":\"ReadAction\",\"target\":[\"https:\/\/bertrand.pl\/produkt\/mb-ferroline\/\"]}]},{\"@type\":\"ImageObject\",\"inLanguage\":\"de\",\"@id\":\"https:\/\/bertrand.pl\/produkt\/mb-ferroline\/#primaryimage\",\"url\":\"https:\/\/bertrand.pl\/wp-content\/uploads\/2023\/12\/mb_ferroline_big.webp\",\"contentUrl\":\"https:\/\/bertrand.pl\/wp-content\/uploads\/2023\/12\/mb_ferroline_big.webp\",\"width\":750,\"height\":750},{\"@type\":\"BreadcrumbList\",\"@id\":\"https:\/\/bertrand.pl\/produkt\/mb-ferroline\/#breadcrumb\",\"itemListElement\":[{\"@type\":\"ListItem\",\"position\":1,\"name\":\"Strona g\u0142\u00f3wna\",\"item\":\"https:\/\/bertrand.pl\/\"},{\"@type\":\"ListItem\",\"position\":2,\"name\":\"Produits\",\"item\":\"https:\/\/bertrand.pl\/fr\/shop\/\"},{\"@type\":\"ListItem\",\"position\":3,\"name\":\"MB FERROLINE\"}]},{\"@type\":\"WebSite\",\"@id\":\"https:\/\/bertrand.pl\/#website\",\"url\":\"https:\/\/bertrand.pl\/\",\"name\":\"Bertrand.pl\",\"description\":\"Firma Bertrand to certyfikowany i uznany producent najwy\u017cszej jako\u015bci okien z PVC, z drewna lub aluminium. Produkcja drzwi, rolet i bram gara\u017cowych.\",\"publisher\":{\"@id\":\"https:\/\/bertrand.pl\/#organization\"},\"potentialAction\":[{\"@type\":\"SearchAction\",\"target\":{\"@type\":\"EntryPoint\",\"urlTemplate\":\"https:\/\/bertrand.pl\/?s={search_term_string}\"},\"query-input\":{\"@type\":\"PropertyValueSpecification\",\"valueRequired\":true,\"valueName\":\"search_term_string\"}}],\"inLanguage\":\"de\"},{\"@type\":\"Organization\",\"@id\":\"https:\/\/bertrand.pl\/#organization\",\"name\":\"Bertrand.pl\",\"url\":\"https:\/\/bertrand.pl\/\",\"logo\":{\"@type\":\"ImageObject\",\"inLanguage\":\"de\",\"@id\":\"https:\/\/bertrand.pl\/#\/schema\/logo\/image\/\",\"url\":\"https:\/\/bertrand.pl\/wp-content\/uploads\/2024\/12\/logo_BB_TM_PL_black.png\",\"contentUrl\":\"https:\/\/bertrand.pl\/wp-content\/uploads\/2024\/12\/logo_BB_TM_PL_black.png\",\"width\":1831,\"height\":1831,\"caption\":\"Bertrand.pl\"},\"image\":{\"@id\":\"https:\/\/bertrand.pl\/#\/schema\/logo\/image\/\"},\"sameAs\":[\"https:\/\/www.facebook.com\/bertrandpolska\/\",\"https:\/\/www.instagram.com\/bertrand_okna_i_drzwi\/\",\"https:\/\/www.linkedin.com\/company\/bertrand\/\",\"https:\/\/www.tiktok.com\/@bertrand_okna_drzwi\"]}]}<\/script>\n<!-- \/ Yoast SEO Premium plugin. -->","yoast_head_json":{"title":"MB FERROLINE - Bertrand. Najwy\u017cszej jako\u015bci okna i drzwi. Certyfikowany producent od 1969 roku.","description":"MB FERROLINE-System \u2013 ideal f\u00fcr Renovierungen und moderne Projekte. Verschiedene Fenstertypen, hervorragende Isolierung, Langlebigkeit und einfache Montage ohne Demontage alter Rahmen.","robots":{"index":"index","follow":"follow","max-snippet":"max-snippet:-1","max-image-preview":"max-image-preview:large","max-video-preview":"max-video-preview:-1"},"canonical":"https:\/\/bertrand.pl\/de\/produkt\/mb-ferroline\/","og_locale":"de_DE","og_type":"article","og_title":"MB FERROLINE","og_description":"System MB FERROLINE \u2013 idealny do renowacji i nowoczesnych projekt\u00f3w. R\u00f3\u017cnorodne typy okien, doskona\u0142a izolacja, trwa\u0142o\u015b\u0107 i \u0142atwy monta\u017c bez demonta\u017cu starych o\u015bcie\u017cnic.","og_url":"https:\/\/bertrand.pl\/de\/produkt\/mb-ferroline\/","og_site_name":"Bertrand. Najwy\u017cszej jako\u015bci okna i drzwi. Certyfikowany producent od 1969 roku.","article_publisher":"https:\/\/www.facebook.com\/bertrandpolska\/","article_modified_time":"2025-08-06T10:24:56+00:00","og_image":[{"width":750,"height":750,"url":"https:\/\/bertrand.pl\/wp-content\/uploads\/2023\/12\/mb_ferroline_big.webp","type":"image\/webp"}],"twitter_card":"summary_large_image","twitter_misc":{"Gesch\u00e4tzte Lesezeit":"3\u00a0Minuten"},"schema":{"@context":"https:\/\/schema.org","@graph":[{"@type":"WebPage","@id":"https:\/\/bertrand.pl\/produkt\/mb-ferroline\/","url":"https:\/\/bertrand.pl\/produkt\/mb-ferroline\/","name":"MB FERROLINE - Bertrand. Najwy\u017cszej jako\u015bci okna i drzwi. Certyfikowany producent od 1969 roku.","isPartOf":{"@id":"https:\/\/bertrand.pl\/#website"},"primaryImageOfPage":{"@id":"https:\/\/bertrand.pl\/produkt\/mb-ferroline\/#primaryimage"},"image":{"@id":"https:\/\/bertrand.pl\/produkt\/mb-ferroline\/#primaryimage"},"thumbnailUrl":"https:\/\/bertrand.pl\/wp-content\/uploads\/2023\/12\/mb_ferroline_big.webp","datePublished":"2023-12-12T13:07:20+00:00","dateModified":"2025-08-06T10:24:56+00:00","description":"MB FERROLINE-System \u2013 ideal f\u00fcr Renovierungen und moderne Projekte. Verschiedene Fenstertypen, hervorragende Isolierung, Langlebigkeit und einfache Montage ohne Demontage alter Rahmen.","breadcrumb":{"@id":"https:\/\/bertrand.pl\/produkt\/mb-ferroline\/#breadcrumb"},"inLanguage":"de","potentialAction":[{"@type":"ReadAction","target":["https:\/\/bertrand.pl\/produkt\/mb-ferroline\/"]}]},{"@type":"ImageObject","inLanguage":"de","@id":"https:\/\/bertrand.pl\/produkt\/mb-ferroline\/#primaryimage","url":"https:\/\/bertrand.pl\/wp-content\/uploads\/2023\/12\/mb_ferroline_big.webp","contentUrl":"https:\/\/bertrand.pl\/wp-content\/uploads\/2023\/12\/mb_ferroline_big.webp","width":750,"height":750},{"@type":"BreadcrumbList","@id":"https:\/\/bertrand.pl\/produkt\/mb-ferroline\/#breadcrumb","itemListElement":[{"@type":"ListItem","position":1,"name":"Strona g\u0142\u00f3wna","item":"https:\/\/bertrand.pl\/"},{"@type":"ListItem","position":2,"name":"Produits","item":"https:\/\/bertrand.pl\/fr\/shop\/"},{"@type":"ListItem","position":3,"name":"MB FERROLINE"}]},{"@type":"WebSite","@id":"https:\/\/bertrand.pl\/#website","url":"https:\/\/bertrand.pl\/","name":"Bertrand.pl","description":"Firma Bertrand to certyfikowany i uznany producent najwy\u017cszej jako\u015bci okien z PVC, z drewna lub aluminium. Produkcja drzwi, rolet i bram gara\u017cowych.","publisher":{"@id":"https:\/\/bertrand.pl\/#organization"},"potentialAction":[{"@type":"SearchAction","target":{"@type":"EntryPoint","urlTemplate":"https:\/\/bertrand.pl\/?s={search_term_string}"},"query-input":{"@type":"PropertyValueSpecification","valueRequired":true,"valueName":"search_term_string"}}],"inLanguage":"de"},{"@type":"Organization","@id":"https:\/\/bertrand.pl\/#organization","name":"Bertrand.pl","url":"https:\/\/bertrand.pl\/","logo":{"@type":"ImageObject","inLanguage":"de","@id":"https:\/\/bertrand.pl\/#\/schema\/logo\/image\/","url":"https:\/\/bertrand.pl\/wp-content\/uploads\/2024\/12\/logo_BB_TM_PL_black.png","contentUrl":"https:\/\/bertrand.pl\/wp-content\/uploads\/2024\/12\/logo_BB_TM_PL_black.png","width":1831,"height":1831,"caption":"Bertrand.pl"},"image":{"@id":"https:\/\/bertrand.pl\/#\/schema\/logo\/image\/"},"sameAs":["https:\/\/www.facebook.com\/bertrandpolska\/","https:\/\/www.instagram.com\/bertrand_okna_i_drzwi\/","https:\/\/www.linkedin.com\/company\/bertrand\/","https:\/\/www.tiktok.com\/@bertrand_okna_drzwi"]}]}},"_links":{"self":[{"href":"https:\/\/bertrand.pl\/de\/wp-json\/wp\/v2\/product\/886","targetHints":{"allow":["GET"]}}],"collection":[{"href":"https:\/\/bertrand.pl\/de\/wp-json\/wp\/v2\/product"}],"about":[{"href":"https:\/\/bertrand.pl\/de\/wp-json\/wp\/v2\/types\/product"}],"wp:featuredmedia":[{"embeddable":true,"href":"https:\/\/bertrand.pl\/de\/wp-json\/wp\/v2\/media\/893"}],"wp:attachment":[{"href":"https:\/\/bertrand.pl\/de\/wp-json\/wp\/v2\/media?parent=886"}],"wp:term":[{"taxonomy":"product_brand","embeddable":true,"href":"https:\/\/bertrand.pl\/de\/wp-json\/wp\/v2\/product_brand?post=886"},{"taxonomy":"product_cat","embeddable":true,"href":"https:\/\/bertrand.pl\/de\/wp-json\/wp\/v2\/product_cat?post=886"},{"taxonomy":"product_tag","embeddable":true,"href":"https:\/\/bertrand.pl\/de\/wp-json\/wp\/v2\/product_tag?post=886"}],"curies":[{"name":"wp","href":"https:\/\/api.w.org\/{rel}","templated":true}]}}